{"id":117763,"date":"2024-10-09T08:30:34","date_gmt":"2024-10-09T05:30:34","guid":{"rendered":"https:\/\/shop.noor.fi\/product\/afton-ljusstake-gron\/"},"modified":"2026-03-06T15:20:31","modified_gmt":"2026-03-06T13:20:31","slug":"afton-ljusstake-gron-2","status":"publish","type":"product","link":"https:\/\/shop.noor.fi\/sv\/produkt\/afton-ljusstake-gron-2\/","title":{"rendered":"Afton ljusstake gr\u00f6n"},"content":{"rendered":"<p>St\u00e4mningsfull adventsljusstake tillverkad i tr\u00e4 p\u00e5 en rund bas. Lamporna lyser upp p\u00e5 granen och skapar ett fint ljussken. En ljusstake som kan st\u00e5 framme hela vintern.<br \/>\nDen runda designen g\u00f6r att den \u00e4r fin fr\u00e5n alla vinklar och d\u00e4rf\u00f6r l\u00e4ttplacerad i b\u00e5de f\u00f6nster och p\u00e5 sk\u00e4nk eller kanske till och med ett bord.<br \/>\n180 cm sladd med str\u00f6mbrytare. Ljusstaken har 4 st utbytbara E10-lampor.<br \/>\nDenna produkt har FSC-m\u00e4rkning.<\/p>\n<p>Diameter 21 cm<br \/>\nH\u00f6jd 30 cm<\/p>\n<p>Reservlampa: SR-305-05 eller SR-300-30 (LED). Observera, att vid byte till LED-lampor skall samtliga lampor bytas ut samtidigt.<\/p>\n","protected":false},"excerpt":{"rendered":"<p>St\u00e4mningsfull adventsljusstake tillverkad i tr\u00e4 p\u00e5 en rund bas. Lamporna lyser upp p\u00e5 granen och skapar ett fint ljussken. En ljusstake som kan st\u00e5 framme hela vintern. Den runda designen g\u00f6r att den \u00e4r fin fr\u00e5n alla vinklar och d\u00e4rf\u00f6r l\u00e4ttplacerad i b\u00e5de f\u00f6nster och p\u00e5 sk\u00e4nk eller kanske till och med ett bord. 180 [&hellip;]<\/p>\n","protected":false},"featured_media":118031,"comment_status":"open","ping_status":"closed","template":"","meta":{"_acf_changed":false,"_relevanssi_hide_post":"","_relevanssi_hide_content":"","_relevanssi_pin_for_all":"","_relevanssi_pin_keywords":"","_relevanssi_unpin_keywords":"","_relevanssi_related_keywords":"","_relevanssi_related_include_ids":"","_relevanssi_related_exclude_ids":"","_relevanssi_related_no_append":"","_relevanssi_related_not_related":"","_relevanssi_related_posts":"","_relevanssi_noindex_reason":""},"pwb-brand":[28728],"product_brand":[],"product_cat":[32109],"product_tag":[],"class_list":{"0":"post-117763","1":"product","2":"type-product","3":"status-publish","4":"has-post-thumbnail","6":"pwb-brand-star-trading","7":"product_cat-ljusstakar-tra","9":"first","10":"onbackorder","11":"taxable","12":"shipping-taxable","13":"purchasable","14":"product-type-simple"},"acf":[],"yoast_head":"<!-- This site is optimized with the Yoast SEO plugin v27.5 - https:\/\/yoast.com\/product\/yoast-seo-wordpress\/ -->\n<title>Afton ljusstake gr\u00f6n - Oy Noortrade Ab<\/title>\n<meta name=\"robots\" content=\"index, follow, max-snippet:-1, max-image-preview:large, max-video-preview:-1\" \/>\n<link rel=\"canonical\" href=\"https:\/\/shop.noor.fi\/sv\/produkt\/afton-ljusstake-gron-2\/\" \/>\n<meta property=\"og:locale\" content=\"sv_SE\" \/>\n<meta property=\"og:type\" content=\"article\" \/>\n<meta property=\"og:title\" content=\"Afton ljusstake gr\u00f6n - Oy Noortrade Ab\" \/>\n<meta property=\"og:description\" content=\"St\u00e4mningsfull adventsljusstake tillverkad i tr\u00e4 p\u00e5 en rund bas. Lamporna lyser upp p\u00e5 granen och skapar ett fint ljussken. En ljusstake som kan st\u00e5 framme hela vintern. Den runda designen g\u00f6r att den \u00e4r fin fr\u00e5n alla vinklar och d\u00e4rf\u00f6r l\u00e4ttplacerad i b\u00e5de f\u00f6nster och p\u00e5 sk\u00e4nk eller kanske till och med ett bord. 180 [&hellip;]\" \/>\n<meta property=\"og:url\" content=\"https:\/\/shop.noor.fi\/sv\/produkt\/afton-ljusstake-gron-2\/\" \/>\n<meta property=\"og:site_name\" content=\"Oy Noortrade Ab\" \/>\n<meta property=\"article:modified_time\" content=\"2026-03-06T13:20:31+00:00\" \/>\n<meta property=\"og:image\" content=\"https:\/\/shop.noor.fi\/wp-content\/uploads\/2024\/10\/7391482074614.jpg\" \/>\n\t<meta property=\"og:image:width\" content=\"1633\" \/>\n\t<meta property=\"og:image:height\" content=\"2560\" \/>\n\t<meta property=\"og:image:type\" content=\"image\/jpeg\" \/>\n<meta name=\"twitter:card\" content=\"summary_large_image\" \/>\n<meta name=\"twitter:label1\" content=\"Ber\u00e4knad l\u00e4stid\" \/>\n\t<meta name=\"twitter:data1\" content=\"1 minut\" \/>\n<script type=\"application\/ld+json\" class=\"yoast-schema-graph\">{\"@context\":\"https:\\\/\\\/schema.org\",\"@graph\":[{\"@type\":\"WebPage\",\"@id\":\"https:\\\/\\\/shop.noor.fi\\\/sv\\\/produkt\\\/afton-ljusstake-gron-2\\\/\",\"url\":\"https:\\\/\\\/shop.noor.fi\\\/sv\\\/produkt\\\/afton-ljusstake-gron-2\\\/\",\"name\":\"Afton ljusstake gr\u00f6n - Oy Noortrade Ab\",\"isPartOf\":{\"@id\":\"https:\\\/\\\/shopnoorfi-wp31835.test.cchosting.fi\\\/#website\"},\"primaryImageOfPage\":{\"@id\":\"https:\\\/\\\/shop.noor.fi\\\/sv\\\/produkt\\\/afton-ljusstake-gron-2\\\/#primaryimage\"},\"image\":{\"@id\":\"https:\\\/\\\/shop.noor.fi\\\/sv\\\/produkt\\\/afton-ljusstake-gron-2\\\/#primaryimage\"},\"thumbnailUrl\":\"https:\\\/\\\/shop.noor.fi\\\/wp-content\\\/uploads\\\/2024\\\/10\\\/7391482074614.jpg\",\"datePublished\":\"2024-10-09T05:30:34+00:00\",\"dateModified\":\"2026-03-06T13:20:31+00:00\",\"breadcrumb\":{\"@id\":\"https:\\\/\\\/shop.noor.fi\\\/sv\\\/produkt\\\/afton-ljusstake-gron-2\\\/#breadcrumb\"},\"inLanguage\":\"sv-SE\",\"potentialAction\":[{\"@type\":\"ReadAction\",\"target\":[\"https:\\\/\\\/shop.noor.fi\\\/sv\\\/produkt\\\/afton-ljusstake-gron-2\\\/\"]}]},{\"@type\":\"ImageObject\",\"inLanguage\":\"sv-SE\",\"@id\":\"https:\\\/\\\/shop.noor.fi\\\/sv\\\/produkt\\\/afton-ljusstake-gron-2\\\/#primaryimage\",\"url\":\"https:\\\/\\\/shop.noor.fi\\\/wp-content\\\/uploads\\\/2024\\\/10\\\/7391482074614.jpg\",\"contentUrl\":\"https:\\\/\\\/shop.noor.fi\\\/wp-content\\\/uploads\\\/2024\\\/10\\\/7391482074614.jpg\",\"width\":1633,\"height\":2560},{\"@type\":\"BreadcrumbList\",\"@id\":\"https:\\\/\\\/shop.noor.fi\\\/sv\\\/produkt\\\/afton-ljusstake-gron-2\\\/#breadcrumb\",\"itemListElement\":[{\"@type\":\"ListItem\",\"position\":1,\"name\":\"Etusivu\",\"item\":\"https:\\\/\\\/shop.noor.fi\\\/sv\\\/\"},{\"@type\":\"ListItem\",\"position\":2,\"name\":\"Butik\",\"item\":\"https:\\\/\\\/shopnoorfi-wp31835.test.cchosting.fi\\\/sv\\\/butik\\\/\"},{\"@type\":\"ListItem\",\"position\":3,\"name\":\"Afton ljusstake gr\u00f6n\"}]},{\"@type\":\"WebSite\",\"@id\":\"https:\\\/\\\/shopnoorfi-wp31835.test.cchosting.fi\\\/#website\",\"url\":\"https:\\\/\\\/shopnoorfi-wp31835.test.cchosting.fi\\\/\",\"name\":\"Oy Noortrade Ab\",\"description\":\"Finnish family owned company with over 30 years of professional experience in lighting &amp; interior products import and sales - reliably.\",\"publisher\":{\"@id\":\"https:\\\/\\\/shopnoorfi-wp31835.test.cchosting.fi\\\/#organization\"},\"potentialAction\":[{\"@type\":\"SearchAction\",\"target\":{\"@type\":\"EntryPoint\",\"urlTemplate\":\"https:\\\/\\\/shopnoorfi-wp31835.test.cchosting.fi\\\/?s={search_term_string}\"},\"query-input\":{\"@type\":\"PropertyValueSpecification\",\"valueRequired\":true,\"valueName\":\"search_term_string\"}}],\"inLanguage\":\"sv-SE\"},{\"@type\":\"Organization\",\"@id\":\"https:\\\/\\\/shopnoorfi-wp31835.test.cchosting.fi\\\/#organization\",\"name\":\"Oy Noortrade Ab\",\"url\":\"https:\\\/\\\/shopnoorfi-wp31835.test.cchosting.fi\\\/\",\"logo\":{\"@type\":\"ImageObject\",\"inLanguage\":\"sv-SE\",\"@id\":\"https:\\\/\\\/shopnoorfi-wp31835.test.cchosting.fi\\\/#\\\/schema\\\/logo\\\/image\\\/\",\"url\":\"https:\\\/\\\/shop.noor.fi\\\/wp-content\\\/uploads\\\/2024\\\/01\\\/Oy-Noortrade-Ab-Corbel-VERSAL-bold-BLACK.png\",\"contentUrl\":\"https:\\\/\\\/shop.noor.fi\\\/wp-content\\\/uploads\\\/2024\\\/01\\\/Oy-Noortrade-Ab-Corbel-VERSAL-bold-BLACK.png\",\"width\":721,\"height\":177,\"caption\":\"Oy Noortrade Ab\"},\"image\":{\"@id\":\"https:\\\/\\\/shopnoorfi-wp31835.test.cchosting.fi\\\/#\\\/schema\\\/logo\\\/image\\\/\"}}]}<\/script>\n<!-- \/ Yoast SEO plugin. -->","yoast_head_json":{"title":"Afton ljusstake gr\u00f6n - Oy Noortrade Ab","robots":{"index":"index","follow":"follow","max-snippet":"max-snippet:-1","max-image-preview":"max-image-preview:large","max-video-preview":"max-video-preview:-1"},"canonical":"https:\/\/shop.noor.fi\/sv\/produkt\/afton-ljusstake-gron-2\/","og_locale":"sv_SE","og_type":"article","og_title":"Afton ljusstake gr\u00f6n - Oy Noortrade Ab","og_description":"St\u00e4mningsfull adventsljusstake tillverkad i tr\u00e4 p\u00e5 en rund bas. Lamporna lyser upp p\u00e5 granen och skapar ett fint ljussken. En ljusstake som kan st\u00e5 framme hela vintern. Den runda designen g\u00f6r att den \u00e4r fin fr\u00e5n alla vinklar och d\u00e4rf\u00f6r l\u00e4ttplacerad i b\u00e5de f\u00f6nster och p\u00e5 sk\u00e4nk eller kanske till och med ett bord. 180 [&hellip;]","og_url":"https:\/\/shop.noor.fi\/sv\/produkt\/afton-ljusstake-gron-2\/","og_site_name":"Oy Noortrade Ab","article_modified_time":"2026-03-06T13:20:31+00:00","og_image":[{"width":1633,"height":2560,"url":"https:\/\/shop.noor.fi\/wp-content\/uploads\/2024\/10\/7391482074614.jpg","type":"image\/jpeg"}],"twitter_card":"summary_large_image","twitter_misc":{"Ber\u00e4knad l\u00e4stid":"1 minut"},"schema":{"@context":"https:\/\/schema.org","@graph":[{"@type":"WebPage","@id":"https:\/\/shop.noor.fi\/sv\/produkt\/afton-ljusstake-gron-2\/","url":"https:\/\/shop.noor.fi\/sv\/produkt\/afton-ljusstake-gron-2\/","name":"Afton ljusstake gr\u00f6n - Oy Noortrade Ab","isPartOf":{"@id":"https:\/\/shopnoorfi-wp31835.test.cchosting.fi\/#website"},"primaryImageOfPage":{"@id":"https:\/\/shop.noor.fi\/sv\/produkt\/afton-ljusstake-gron-2\/#primaryimage"},"image":{"@id":"https:\/\/shop.noor.fi\/sv\/produkt\/afton-ljusstake-gron-2\/#primaryimage"},"thumbnailUrl":"https:\/\/shop.noor.fi\/wp-content\/uploads\/2024\/10\/7391482074614.jpg","datePublished":"2024-10-09T05:30:34+00:00","dateModified":"2026-03-06T13:20:31+00:00","breadcrumb":{"@id":"https:\/\/shop.noor.fi\/sv\/produkt\/afton-ljusstake-gron-2\/#breadcrumb"},"inLanguage":"sv-SE","potentialAction":[{"@type":"ReadAction","target":["https:\/\/shop.noor.fi\/sv\/produkt\/afton-ljusstake-gron-2\/"]}]},{"@type":"ImageObject","inLanguage":"sv-SE","@id":"https:\/\/shop.noor.fi\/sv\/produkt\/afton-ljusstake-gron-2\/#primaryimage","url":"https:\/\/shop.noor.fi\/wp-content\/uploads\/2024\/10\/7391482074614.jpg","contentUrl":"https:\/\/shop.noor.fi\/wp-content\/uploads\/2024\/10\/7391482074614.jpg","width":1633,"height":2560},{"@type":"BreadcrumbList","@id":"https:\/\/shop.noor.fi\/sv\/produkt\/afton-ljusstake-gron-2\/#breadcrumb","itemListElement":[{"@type":"ListItem","position":1,"name":"Etusivu","item":"https:\/\/shop.noor.fi\/sv\/"},{"@type":"ListItem","position":2,"name":"Butik","item":"https:\/\/shopnoorfi-wp31835.test.cchosting.fi\/sv\/butik\/"},{"@type":"ListItem","position":3,"name":"Afton ljusstake gr\u00f6n"}]},{"@type":"WebSite","@id":"https:\/\/shopnoorfi-wp31835.test.cchosting.fi\/#website","url":"https:\/\/shopnoorfi-wp31835.test.cchosting.fi\/","name":"Oy Noortrade Ab","description":"Finnish family owned company with over 30 years of professional experience in lighting &amp; interior products import and sales - reliably.","publisher":{"@id":"https:\/\/shopnoorfi-wp31835.test.cchosting.fi\/#organization"},"potentialAction":[{"@type":"SearchAction","target":{"@type":"EntryPoint","urlTemplate":"https:\/\/shopnoorfi-wp31835.test.cchosting.fi\/?s={search_term_string}"},"query-input":{"@type":"PropertyValueSpecification","valueRequired":true,"valueName":"search_term_string"}}],"inLanguage":"sv-SE"},{"@type":"Organization","@id":"https:\/\/shopnoorfi-wp31835.test.cchosting.fi\/#organization","name":"Oy Noortrade Ab","url":"https:\/\/shopnoorfi-wp31835.test.cchosting.fi\/","logo":{"@type":"ImageObject","inLanguage":"sv-SE","@id":"https:\/\/shopnoorfi-wp31835.test.cchosting.fi\/#\/schema\/logo\/image\/","url":"https:\/\/shop.noor.fi\/wp-content\/uploads\/2024\/01\/Oy-Noortrade-Ab-Corbel-VERSAL-bold-BLACK.png","contentUrl":"https:\/\/shop.noor.fi\/wp-content\/uploads\/2024\/01\/Oy-Noortrade-Ab-Corbel-VERSAL-bold-BLACK.png","width":721,"height":177,"caption":"Oy Noortrade Ab"},"image":{"@id":"https:\/\/shopnoorfi-wp31835.test.cchosting.fi\/#\/schema\/logo\/image\/"}}]}},"brands":[{"id":28728,"name":"Star Trading","slug":"star-trading"}],"_links":{"self":[{"href":"https:\/\/shop.noor.fi\/sv\/wp-json\/wp\/v2\/product\/117763","targetHints":{"allow":["GET"]}}],"collection":[{"href":"https:\/\/shop.noor.fi\/sv\/wp-json\/wp\/v2\/product"}],"about":[{"href":"https:\/\/shop.noor.fi\/sv\/wp-json\/wp\/v2\/types\/product"}],"replies":[{"embeddable":true,"href":"https:\/\/shop.noor.fi\/sv\/wp-json\/wp\/v2\/comments?post=117763"}],"wp:featuredmedia":[{"embeddable":true,"href":"https:\/\/shop.noor.fi\/sv\/wp-json\/wp\/v2\/media\/118031"}],"wp:attachment":[{"href":"https:\/\/shop.noor.fi\/sv\/wp-json\/wp\/v2\/media?parent=117763"}],"wp:term":[{"taxonomy":"pwb-brand","embeddable":true,"href":"https:\/\/shop.noor.fi\/sv\/wp-json\/wp\/v2\/pwb-brand?post=117763"},{"taxonomy":"product_brand","embeddable":true,"href":"https:\/\/shop.noor.fi\/sv\/wp-json\/wp\/v2\/product_brand?post=117763"},{"taxonomy":"product_cat","embeddable":true,"href":"https:\/\/shop.noor.fi\/sv\/wp-json\/wp\/v2\/product_cat?post=117763"},{"taxonomy":"product_tag","embeddable":true,"href":"https:\/\/shop.noor.fi\/sv\/wp-json\/wp\/v2\/product_tag?post=117763"}],"curies":[{"name":"wp","href":"https:\/\/api.w.org\/{rel}","templated":true}]}}