{"id":117245,"date":"2024-09-16T13:30:51","date_gmt":"2024-09-16T10:30:51","guid":{"rendered":"https:\/\/shop.noor.fi\/product\/mathias-ii-led-vaggarmatur-corten\/"},"modified":"2026-02-05T10:07:27","modified_gmt":"2026-02-05T08:07:27","slug":"mathias-ii-led-vaggarmatur-corten","status":"publish","type":"product","link":"https:\/\/shop.noor.fi\/sv\/produkt\/mathias-ii-led-vaggarmatur-corten\/","title":{"rendered":"Mathias II LED-v\u00e4ggarmatur corten"},"content":{"rendered":"<p>Mathias II \u00e4r en stilren liten rektangul\u00e4r v\u00e4ggarmatur i tidl\u00f6s modern design som ger er vackert ljus b\u00e5de upp och ner p\u00e5 din fasad. Mathias II \u00e4r en LED COB armatur med reflektorteknik och en f\u00e4rgtemperatur p\u00e5 3000 Kelvin. IP65 klassad f\u00f6r att t\u00e5la tuffare klimat.<br \/>\nIntegrerad LED.<\/p>\n<p>Bredd 5,8 cm<br \/>\nDjup 7,4 cm<br \/>\nH\u00f6jd 12,8 cm<\/p>\n","protected":false},"excerpt":{"rendered":"<p>Mathias II \u00e4r en stilren liten rektangul\u00e4r v\u00e4ggarmatur i tidl\u00f6s modern design som ger er vackert ljus b\u00e5de upp och ner p\u00e5 din fasad. Mathias II \u00e4r en LED COB armatur med reflektorteknik och en f\u00e4rgtemperatur p\u00e5 3000 Kelvin. IP65 klassad f\u00f6r att t\u00e5la tuffare klimat. Integrerad LED. Bredd 5,8 cm Djup 7,4 cm H\u00f6jd [&hellip;]<\/p>\n","protected":false},"featured_media":117344,"comment_status":"open","ping_status":"closed","template":"","meta":{"_acf_changed":false,"_relevanssi_hide_post":"","_relevanssi_hide_content":"","_relevanssi_pin_for_all":"","_relevanssi_pin_keywords":"","_relevanssi_unpin_keywords":"","_relevanssi_related_keywords":"","_relevanssi_related_include_ids":"","_relevanssi_related_exclude_ids":"","_relevanssi_related_no_append":"","_relevanssi_related_not_related":"","_relevanssi_related_posts":"","_relevanssi_noindex_reason":""},"pwb-brand":[37486],"product_brand":[],"product_cat":[32193],"product_tag":[],"class_list":{"0":"post-117245","1":"product","2":"type-product","3":"status-publish","4":"has-post-thumbnail","6":"pwb-brand-llitt-sv","7":"product_cat-vagglampor-sv-2","9":"first","10":"onbackorder","11":"taxable","12":"shipping-taxable","13":"purchasable","14":"product-type-simple"},"acf":[],"yoast_head":"<!-- This site is optimized with the Yoast SEO plugin v27.5 - https:\/\/yoast.com\/product\/yoast-seo-wordpress\/ -->\n<title>Mathias II LED-v\u00e4ggarmatur corten - Oy Noortrade Ab<\/title>\n<meta name=\"robots\" content=\"index, follow, max-snippet:-1, max-image-preview:large, max-video-preview:-1\" \/>\n<link rel=\"canonical\" href=\"https:\/\/shop.noor.fi\/sv\/produkt\/mathias-ii-led-vaggarmatur-corten\/\" \/>\n<meta property=\"og:locale\" content=\"sv_SE\" \/>\n<meta property=\"og:type\" content=\"article\" \/>\n<meta property=\"og:title\" content=\"Mathias II LED-v\u00e4ggarmatur corten - Oy Noortrade Ab\" \/>\n<meta property=\"og:description\" content=\"Mathias II \u00e4r en stilren liten rektangul\u00e4r v\u00e4ggarmatur i tidl\u00f6s modern design som ger er vackert ljus b\u00e5de upp och ner p\u00e5 din fasad. Mathias II \u00e4r en LED COB armatur med reflektorteknik och en f\u00e4rgtemperatur p\u00e5 3000 Kelvin. IP65 klassad f\u00f6r att t\u00e5la tuffare klimat. Integrerad LED. Bredd 5,8 cm Djup 7,4 cm H\u00f6jd [&hellip;]\" \/>\n<meta property=\"og:url\" content=\"https:\/\/shop.noor.fi\/sv\/produkt\/mathias-ii-led-vaggarmatur-corten\/\" \/>\n<meta property=\"og:site_name\" content=\"Oy Noortrade Ab\" \/>\n<meta property=\"article:modified_time\" content=\"2026-02-05T08:07:27+00:00\" \/>\n<meta property=\"og:image\" content=\"https:\/\/shop.noor.fi\/wp-content\/uploads\/2024\/09\/7330545500219.jpg\" \/>\n\t<meta property=\"og:image:width\" content=\"2560\" \/>\n\t<meta property=\"og:image:height\" content=\"1920\" \/>\n\t<meta property=\"og:image:type\" content=\"image\/jpeg\" \/>\n<meta name=\"twitter:card\" content=\"summary_large_image\" \/>\n<meta name=\"twitter:label1\" content=\"Ber\u00e4knad l\u00e4stid\" \/>\n\t<meta name=\"twitter:data1\" content=\"1 minut\" \/>\n<script type=\"application\/ld+json\" class=\"yoast-schema-graph\">{\"@context\":\"https:\\\/\\\/schema.org\",\"@graph\":[{\"@type\":\"WebPage\",\"@id\":\"https:\\\/\\\/shop.noor.fi\\\/sv\\\/produkt\\\/mathias-ii-led-vaggarmatur-corten\\\/\",\"url\":\"https:\\\/\\\/shop.noor.fi\\\/sv\\\/produkt\\\/mathias-ii-led-vaggarmatur-corten\\\/\",\"name\":\"Mathias II LED-v\u00e4ggarmatur corten - Oy Noortrade Ab\",\"isPartOf\":{\"@id\":\"https:\\\/\\\/shopnoorfi-wp31835.test.cchosting.fi\\\/#website\"},\"primaryImageOfPage\":{\"@id\":\"https:\\\/\\\/shop.noor.fi\\\/sv\\\/produkt\\\/mathias-ii-led-vaggarmatur-corten\\\/#primaryimage\"},\"image\":{\"@id\":\"https:\\\/\\\/shop.noor.fi\\\/sv\\\/produkt\\\/mathias-ii-led-vaggarmatur-corten\\\/#primaryimage\"},\"thumbnailUrl\":\"https:\\\/\\\/shop.noor.fi\\\/wp-content\\\/uploads\\\/2024\\\/09\\\/7330545500219.jpg\",\"datePublished\":\"2024-09-16T10:30:51+00:00\",\"dateModified\":\"2026-02-05T08:07:27+00:00\",\"breadcrumb\":{\"@id\":\"https:\\\/\\\/shop.noor.fi\\\/sv\\\/produkt\\\/mathias-ii-led-vaggarmatur-corten\\\/#breadcrumb\"},\"inLanguage\":\"sv-SE\",\"potentialAction\":[{\"@type\":\"ReadAction\",\"target\":[\"https:\\\/\\\/shop.noor.fi\\\/sv\\\/produkt\\\/mathias-ii-led-vaggarmatur-corten\\\/\"]}]},{\"@type\":\"ImageObject\",\"inLanguage\":\"sv-SE\",\"@id\":\"https:\\\/\\\/shop.noor.fi\\\/sv\\\/produkt\\\/mathias-ii-led-vaggarmatur-corten\\\/#primaryimage\",\"url\":\"https:\\\/\\\/shop.noor.fi\\\/wp-content\\\/uploads\\\/2024\\\/09\\\/7330545500219.jpg\",\"contentUrl\":\"https:\\\/\\\/shop.noor.fi\\\/wp-content\\\/uploads\\\/2024\\\/09\\\/7330545500219.jpg\",\"width\":2560,\"height\":1920},{\"@type\":\"BreadcrumbList\",\"@id\":\"https:\\\/\\\/shop.noor.fi\\\/sv\\\/produkt\\\/mathias-ii-led-vaggarmatur-corten\\\/#breadcrumb\",\"itemListElement\":[{\"@type\":\"ListItem\",\"position\":1,\"name\":\"Etusivu\",\"item\":\"https:\\\/\\\/shop.noor.fi\\\/sv\\\/\"},{\"@type\":\"ListItem\",\"position\":2,\"name\":\"Butik\",\"item\":\"https:\\\/\\\/shopnoorfi-wp31835.test.cchosting.fi\\\/sv\\\/butik\\\/\"},{\"@type\":\"ListItem\",\"position\":3,\"name\":\"Mathias II LED-v\u00e4ggarmatur corten\"}]},{\"@type\":\"WebSite\",\"@id\":\"https:\\\/\\\/shopnoorfi-wp31835.test.cchosting.fi\\\/#website\",\"url\":\"https:\\\/\\\/shopnoorfi-wp31835.test.cchosting.fi\\\/\",\"name\":\"Oy Noortrade Ab\",\"description\":\"Finnish family owned company with over 30 years of professional experience in lighting &amp; interior products import and sales - reliably.\",\"publisher\":{\"@id\":\"https:\\\/\\\/shopnoorfi-wp31835.test.cchosting.fi\\\/#organization\"},\"potentialAction\":[{\"@type\":\"SearchAction\",\"target\":{\"@type\":\"EntryPoint\",\"urlTemplate\":\"https:\\\/\\\/shopnoorfi-wp31835.test.cchosting.fi\\\/?s={search_term_string}\"},\"query-input\":{\"@type\":\"PropertyValueSpecification\",\"valueRequired\":true,\"valueName\":\"search_term_string\"}}],\"inLanguage\":\"sv-SE\"},{\"@type\":\"Organization\",\"@id\":\"https:\\\/\\\/shopnoorfi-wp31835.test.cchosting.fi\\\/#organization\",\"name\":\"Oy Noortrade Ab\",\"url\":\"https:\\\/\\\/shopnoorfi-wp31835.test.cchosting.fi\\\/\",\"logo\":{\"@type\":\"ImageObject\",\"inLanguage\":\"sv-SE\",\"@id\":\"https:\\\/\\\/shopnoorfi-wp31835.test.cchosting.fi\\\/#\\\/schema\\\/logo\\\/image\\\/\",\"url\":\"https:\\\/\\\/shop.noor.fi\\\/wp-content\\\/uploads\\\/2024\\\/01\\\/Oy-Noortrade-Ab-Corbel-VERSAL-bold-BLACK.png\",\"contentUrl\":\"https:\\\/\\\/shop.noor.fi\\\/wp-content\\\/uploads\\\/2024\\\/01\\\/Oy-Noortrade-Ab-Corbel-VERSAL-bold-BLACK.png\",\"width\":721,\"height\":177,\"caption\":\"Oy Noortrade Ab\"},\"image\":{\"@id\":\"https:\\\/\\\/shopnoorfi-wp31835.test.cchosting.fi\\\/#\\\/schema\\\/logo\\\/image\\\/\"}}]}<\/script>\n<!-- \/ Yoast SEO plugin. -->","yoast_head_json":{"title":"Mathias II LED-v\u00e4ggarmatur corten - Oy Noortrade Ab","robots":{"index":"index","follow":"follow","max-snippet":"max-snippet:-1","max-image-preview":"max-image-preview:large","max-video-preview":"max-video-preview:-1"},"canonical":"https:\/\/shop.noor.fi\/sv\/produkt\/mathias-ii-led-vaggarmatur-corten\/","og_locale":"sv_SE","og_type":"article","og_title":"Mathias II LED-v\u00e4ggarmatur corten - Oy Noortrade Ab","og_description":"Mathias II \u00e4r en stilren liten rektangul\u00e4r v\u00e4ggarmatur i tidl\u00f6s modern design som ger er vackert ljus b\u00e5de upp och ner p\u00e5 din fasad. Mathias II \u00e4r en LED COB armatur med reflektorteknik och en f\u00e4rgtemperatur p\u00e5 3000 Kelvin. IP65 klassad f\u00f6r att t\u00e5la tuffare klimat. Integrerad LED. Bredd 5,8 cm Djup 7,4 cm H\u00f6jd [&hellip;]","og_url":"https:\/\/shop.noor.fi\/sv\/produkt\/mathias-ii-led-vaggarmatur-corten\/","og_site_name":"Oy Noortrade Ab","article_modified_time":"2026-02-05T08:07:27+00:00","og_image":[{"width":2560,"height":1920,"url":"https:\/\/shop.noor.fi\/wp-content\/uploads\/2024\/09\/7330545500219.jpg","type":"image\/jpeg"}],"twitter_card":"summary_large_image","twitter_misc":{"Ber\u00e4knad l\u00e4stid":"1 minut"},"schema":{"@context":"https:\/\/schema.org","@graph":[{"@type":"WebPage","@id":"https:\/\/shop.noor.fi\/sv\/produkt\/mathias-ii-led-vaggarmatur-corten\/","url":"https:\/\/shop.noor.fi\/sv\/produkt\/mathias-ii-led-vaggarmatur-corten\/","name":"Mathias II LED-v\u00e4ggarmatur corten - Oy Noortrade Ab","isPartOf":{"@id":"https:\/\/shopnoorfi-wp31835.test.cchosting.fi\/#website"},"primaryImageOfPage":{"@id":"https:\/\/shop.noor.fi\/sv\/produkt\/mathias-ii-led-vaggarmatur-corten\/#primaryimage"},"image":{"@id":"https:\/\/shop.noor.fi\/sv\/produkt\/mathias-ii-led-vaggarmatur-corten\/#primaryimage"},"thumbnailUrl":"https:\/\/shop.noor.fi\/wp-content\/uploads\/2024\/09\/7330545500219.jpg","datePublished":"2024-09-16T10:30:51+00:00","dateModified":"2026-02-05T08:07:27+00:00","breadcrumb":{"@id":"https:\/\/shop.noor.fi\/sv\/produkt\/mathias-ii-led-vaggarmatur-corten\/#breadcrumb"},"inLanguage":"sv-SE","potentialAction":[{"@type":"ReadAction","target":["https:\/\/shop.noor.fi\/sv\/produkt\/mathias-ii-led-vaggarmatur-corten\/"]}]},{"@type":"ImageObject","inLanguage":"sv-SE","@id":"https:\/\/shop.noor.fi\/sv\/produkt\/mathias-ii-led-vaggarmatur-corten\/#primaryimage","url":"https:\/\/shop.noor.fi\/wp-content\/uploads\/2024\/09\/7330545500219.jpg","contentUrl":"https:\/\/shop.noor.fi\/wp-content\/uploads\/2024\/09\/7330545500219.jpg","width":2560,"height":1920},{"@type":"BreadcrumbList","@id":"https:\/\/shop.noor.fi\/sv\/produkt\/mathias-ii-led-vaggarmatur-corten\/#breadcrumb","itemListElement":[{"@type":"ListItem","position":1,"name":"Etusivu","item":"https:\/\/shop.noor.fi\/sv\/"},{"@type":"ListItem","position":2,"name":"Butik","item":"https:\/\/shopnoorfi-wp31835.test.cchosting.fi\/sv\/butik\/"},{"@type":"ListItem","position":3,"name":"Mathias II LED-v\u00e4ggarmatur corten"}]},{"@type":"WebSite","@id":"https:\/\/shopnoorfi-wp31835.test.cchosting.fi\/#website","url":"https:\/\/shopnoorfi-wp31835.test.cchosting.fi\/","name":"Oy Noortrade Ab","description":"Finnish family owned company with over 30 years of professional experience in lighting &amp; interior products import and sales - reliably.","publisher":{"@id":"https:\/\/shopnoorfi-wp31835.test.cchosting.fi\/#organization"},"potentialAction":[{"@type":"SearchAction","target":{"@type":"EntryPoint","urlTemplate":"https:\/\/shopnoorfi-wp31835.test.cchosting.fi\/?s={search_term_string}"},"query-input":{"@type":"PropertyValueSpecification","valueRequired":true,"valueName":"search_term_string"}}],"inLanguage":"sv-SE"},{"@type":"Organization","@id":"https:\/\/shopnoorfi-wp31835.test.cchosting.fi\/#organization","name":"Oy Noortrade Ab","url":"https:\/\/shopnoorfi-wp31835.test.cchosting.fi\/","logo":{"@type":"ImageObject","inLanguage":"sv-SE","@id":"https:\/\/shopnoorfi-wp31835.test.cchosting.fi\/#\/schema\/logo\/image\/","url":"https:\/\/shop.noor.fi\/wp-content\/uploads\/2024\/01\/Oy-Noortrade-Ab-Corbel-VERSAL-bold-BLACK.png","contentUrl":"https:\/\/shop.noor.fi\/wp-content\/uploads\/2024\/01\/Oy-Noortrade-Ab-Corbel-VERSAL-bold-BLACK.png","width":721,"height":177,"caption":"Oy Noortrade Ab"},"image":{"@id":"https:\/\/shopnoorfi-wp31835.test.cchosting.fi\/#\/schema\/logo\/image\/"}}]}},"brands":[{"id":37486,"name":"Llitt","slug":"llitt-sv"}],"_links":{"self":[{"href":"https:\/\/shop.noor.fi\/sv\/wp-json\/wp\/v2\/product\/117245","targetHints":{"allow":["GET"]}}],"collection":[{"href":"https:\/\/shop.noor.fi\/sv\/wp-json\/wp\/v2\/product"}],"about":[{"href":"https:\/\/shop.noor.fi\/sv\/wp-json\/wp\/v2\/types\/product"}],"replies":[{"embeddable":true,"href":"https:\/\/shop.noor.fi\/sv\/wp-json\/wp\/v2\/comments?post=117245"}],"wp:featuredmedia":[{"embeddable":true,"href":"https:\/\/shop.noor.fi\/sv\/wp-json\/wp\/v2\/media\/117344"}],"wp:attachment":[{"href":"https:\/\/shop.noor.fi\/sv\/wp-json\/wp\/v2\/media?parent=117245"}],"wp:term":[{"taxonomy":"pwb-brand","embeddable":true,"href":"https:\/\/shop.noor.fi\/sv\/wp-json\/wp\/v2\/pwb-brand?post=117245"},{"taxonomy":"product_brand","embeddable":true,"href":"https:\/\/shop.noor.fi\/sv\/wp-json\/wp\/v2\/product_brand?post=117245"},{"taxonomy":"product_cat","embeddable":true,"href":"https:\/\/shop.noor.fi\/sv\/wp-json\/wp\/v2\/product_cat?post=117245"},{"taxonomy":"product_tag","embeddable":true,"href":"https:\/\/shop.noor.fi\/sv\/wp-json\/wp\/v2\/product_tag?post=117245"}],"curies":[{"name":"wp","href":"https:\/\/api.w.org\/{rel}","templated":true}]}}