{"id":115260,"date":"2023-11-01T18:06:25","date_gmt":"2023-11-01T16:06:25","guid":{"rendered":"https:\/\/shop.noor.fi\/product\/led-lampa-e14-c35-soft-glow-3-step-memory-2100k\/"},"modified":"2026-03-12T09:40:50","modified_gmt":"2026-03-12T07:40:50","slug":"led-lampa-e14-c35-soft-glow-3-step-memory-2100k","status":"publish","type":"product","link":"https:\/\/shop.noor.fi\/sv\/produkt\/led-lampa-e14-c35-soft-glow-3-step-memory-2100k\/","title":{"rendered":"LED-lampa E14 C35 Soft Glow 3-step memory 2100K"},"content":{"rendered":"<p>LED-kronljuslampa med klart glas.  Lampan har en 3-stegs klickdimring med minnesfunktion, 40\/200\/400 lumen. Startar p\u00e5 senast anv\u00e4nda ljusstyrkan.<br \/>\nE14, f\u00e4rgtemperatur varmvit 2100K. Ljusfl\u00f6de 400 lumen. Effekt 4W.<\/p>\n<p>Diameter 3,5 cm<br \/>\nH\u00f6jd 9,8 cm<\/p>\n<p>Soft Glow serien \u00e4r rundstr\u00e5lande lampor som har ett extra varmvitt ljus. De har klart glas, ger en riktigt varm och st\u00e4mningsfull belysning och passar i m\u00e5nga milj\u00f6er. Anv\u00e4nds med f\u00f6rdel som dekorationsbelysning!<\/p>\n","protected":false},"excerpt":{"rendered":"<p>LED-kronljuslampa med klart glas. Lampan har en 3-stegs klickdimring med minnesfunktion, 40\/200\/400 lumen. Startar p\u00e5 senast anv\u00e4nda ljusstyrkan. E14, f\u00e4rgtemperatur varmvit 2100K. Ljusfl\u00f6de 400 lumen. Effekt 4W. Diameter 3,5 cm H\u00f6jd 9,8 cm Soft Glow serien \u00e4r rundstr\u00e5lande lampor som har ett extra varmvitt ljus. De har klart glas, ger en riktigt varm och st\u00e4mningsfull [&hellip;]<\/p>\n","protected":false},"featured_media":31400,"comment_status":"open","ping_status":"closed","template":"","meta":{"_acf_changed":false,"_relevanssi_hide_post":"","_relevanssi_hide_content":"","_relevanssi_pin_for_all":"","_relevanssi_pin_keywords":"","_relevanssi_unpin_keywords":"","_relevanssi_related_keywords":"","_relevanssi_related_include_ids":"","_relevanssi_related_exclude_ids":"","_relevanssi_related_no_append":"","_relevanssi_related_not_related":"","_relevanssi_related_posts":"","_relevanssi_noindex_reason":""},"pwb-brand":[28728],"product_brand":[],"product_cat":[32034],"product_tag":[],"class_list":{"0":"post-115260","1":"product","2":"type-product","3":"status-publish","4":"has-post-thumbnail","6":"pwb-brand-star-trading","7":"product_cat-dekorationslampor","9":"first","10":"instock","11":"taxable","12":"shipping-taxable","13":"purchasable","14":"product-type-simple"},"acf":[],"yoast_head":"<!-- This site is optimized with the Yoast SEO plugin v27.5 - https:\/\/yoast.com\/product\/yoast-seo-wordpress\/ -->\n<title>LED-lampa E14 C35 Soft Glow 3-step memory 2100K - Oy Noortrade Ab<\/title>\n<meta name=\"robots\" content=\"index, follow, max-snippet:-1, max-image-preview:large, max-video-preview:-1\" \/>\n<link rel=\"canonical\" href=\"https:\/\/shop.noor.fi\/sv\/produkt\/led-lampa-e14-c35-soft-glow-3-step-memory-2100k\/\" \/>\n<meta property=\"og:locale\" content=\"sv_SE\" \/>\n<meta property=\"og:type\" content=\"article\" \/>\n<meta property=\"og:title\" content=\"LED-lampa E14 C35 Soft Glow 3-step memory 2100K - Oy Noortrade Ab\" \/>\n<meta property=\"og:description\" content=\"LED-kronljuslampa med klart glas. Lampan har en 3-stegs klickdimring med minnesfunktion, 40\/200\/400 lumen. Startar p\u00e5 senast anv\u00e4nda ljusstyrkan. E14, f\u00e4rgtemperatur varmvit 2100K. Ljusfl\u00f6de 400 lumen. Effekt 4W. Diameter 3,5 cm H\u00f6jd 9,8 cm Soft Glow serien \u00e4r rundstr\u00e5lande lampor som har ett extra varmvitt ljus. De har klart glas, ger en riktigt varm och st\u00e4mningsfull [&hellip;]\" \/>\n<meta property=\"og:url\" content=\"https:\/\/shop.noor.fi\/sv\/produkt\/led-lampa-e14-c35-soft-glow-3-step-memory-2100k\/\" \/>\n<meta property=\"og:site_name\" content=\"Oy Noortrade Ab\" \/>\n<meta property=\"article:modified_time\" content=\"2026-03-12T07:40:50+00:00\" \/>\n<meta property=\"og:image\" content=\"https:\/\/shop.noor.fi\/wp-content\/uploads\/2023\/11\/7391482054357.jpg\" \/>\n\t<meta property=\"og:image:width\" content=\"1098\" \/>\n\t<meta property=\"og:image:height\" content=\"1080\" \/>\n\t<meta property=\"og:image:type\" content=\"image\/jpeg\" \/>\n<meta name=\"twitter:card\" content=\"summary_large_image\" \/>\n<script type=\"application\/ld+json\" class=\"yoast-schema-graph\">{\"@context\":\"https:\\\/\\\/schema.org\",\"@graph\":[{\"@type\":\"WebPage\",\"@id\":\"https:\\\/\\\/shop.noor.fi\\\/sv\\\/produkt\\\/led-lampa-e14-c35-soft-glow-3-step-memory-2100k\\\/\",\"url\":\"https:\\\/\\\/shop.noor.fi\\\/sv\\\/produkt\\\/led-lampa-e14-c35-soft-glow-3-step-memory-2100k\\\/\",\"name\":\"LED-lampa E14 C35 Soft Glow 3-step memory 2100K - Oy Noortrade Ab\",\"isPartOf\":{\"@id\":\"https:\\\/\\\/shopnoorfi-wp31835.test.cchosting.fi\\\/#website\"},\"primaryImageOfPage\":{\"@id\":\"https:\\\/\\\/shop.noor.fi\\\/sv\\\/produkt\\\/led-lampa-e14-c35-soft-glow-3-step-memory-2100k\\\/#primaryimage\"},\"image\":{\"@id\":\"https:\\\/\\\/shop.noor.fi\\\/sv\\\/produkt\\\/led-lampa-e14-c35-soft-glow-3-step-memory-2100k\\\/#primaryimage\"},\"thumbnailUrl\":\"https:\\\/\\\/shop.noor.fi\\\/wp-content\\\/uploads\\\/2023\\\/11\\\/7391482054357.jpg\",\"datePublished\":\"2023-11-01T16:06:25+00:00\",\"dateModified\":\"2026-03-12T07:40:50+00:00\",\"breadcrumb\":{\"@id\":\"https:\\\/\\\/shop.noor.fi\\\/sv\\\/produkt\\\/led-lampa-e14-c35-soft-glow-3-step-memory-2100k\\\/#breadcrumb\"},\"inLanguage\":\"sv-SE\",\"potentialAction\":[{\"@type\":\"ReadAction\",\"target\":[\"https:\\\/\\\/shop.noor.fi\\\/sv\\\/produkt\\\/led-lampa-e14-c35-soft-glow-3-step-memory-2100k\\\/\"]}]},{\"@type\":\"ImageObject\",\"inLanguage\":\"sv-SE\",\"@id\":\"https:\\\/\\\/shop.noor.fi\\\/sv\\\/produkt\\\/led-lampa-e14-c35-soft-glow-3-step-memory-2100k\\\/#primaryimage\",\"url\":\"https:\\\/\\\/shop.noor.fi\\\/wp-content\\\/uploads\\\/2023\\\/11\\\/7391482054357.jpg\",\"contentUrl\":\"https:\\\/\\\/shop.noor.fi\\\/wp-content\\\/uploads\\\/2023\\\/11\\\/7391482054357.jpg\",\"width\":1098,\"height\":1080},{\"@type\":\"BreadcrumbList\",\"@id\":\"https:\\\/\\\/shop.noor.fi\\\/sv\\\/produkt\\\/led-lampa-e14-c35-soft-glow-3-step-memory-2100k\\\/#breadcrumb\",\"itemListElement\":[{\"@type\":\"ListItem\",\"position\":1,\"name\":\"Etusivu\",\"item\":\"https:\\\/\\\/shop.noor.fi\\\/sv\\\/\"},{\"@type\":\"ListItem\",\"position\":2,\"name\":\"Butik\",\"item\":\"https:\\\/\\\/shopnoorfi-wp31835.test.cchosting.fi\\\/sv\\\/butik\\\/\"},{\"@type\":\"ListItem\",\"position\":3,\"name\":\"LED-lampa E14 C35 Soft Glow 3-step memory 2100K\"}]},{\"@type\":\"WebSite\",\"@id\":\"https:\\\/\\\/shopnoorfi-wp31835.test.cchosting.fi\\\/#website\",\"url\":\"https:\\\/\\\/shopnoorfi-wp31835.test.cchosting.fi\\\/\",\"name\":\"Oy Noortrade Ab\",\"description\":\"Finnish family owned company with over 30 years of professional experience in lighting &amp; interior products import and sales - reliably.\",\"publisher\":{\"@id\":\"https:\\\/\\\/shopnoorfi-wp31835.test.cchosting.fi\\\/#organization\"},\"potentialAction\":[{\"@type\":\"SearchAction\",\"target\":{\"@type\":\"EntryPoint\",\"urlTemplate\":\"https:\\\/\\\/shopnoorfi-wp31835.test.cchosting.fi\\\/?s={search_term_string}\"},\"query-input\":{\"@type\":\"PropertyValueSpecification\",\"valueRequired\":true,\"valueName\":\"search_term_string\"}}],\"inLanguage\":\"sv-SE\"},{\"@type\":\"Organization\",\"@id\":\"https:\\\/\\\/shopnoorfi-wp31835.test.cchosting.fi\\\/#organization\",\"name\":\"Oy Noortrade Ab\",\"url\":\"https:\\\/\\\/shopnoorfi-wp31835.test.cchosting.fi\\\/\",\"logo\":{\"@type\":\"ImageObject\",\"inLanguage\":\"sv-SE\",\"@id\":\"https:\\\/\\\/shopnoorfi-wp31835.test.cchosting.fi\\\/#\\\/schema\\\/logo\\\/image\\\/\",\"url\":\"https:\\\/\\\/shop.noor.fi\\\/wp-content\\\/uploads\\\/2024\\\/01\\\/Oy-Noortrade-Ab-Corbel-VERSAL-bold-BLACK.png\",\"contentUrl\":\"https:\\\/\\\/shop.noor.fi\\\/wp-content\\\/uploads\\\/2024\\\/01\\\/Oy-Noortrade-Ab-Corbel-VERSAL-bold-BLACK.png\",\"width\":721,\"height\":177,\"caption\":\"Oy Noortrade Ab\"},\"image\":{\"@id\":\"https:\\\/\\\/shopnoorfi-wp31835.test.cchosting.fi\\\/#\\\/schema\\\/logo\\\/image\\\/\"}}]}<\/script>\n<!-- \/ Yoast SEO plugin. -->","yoast_head_json":{"title":"LED-lampa E14 C35 Soft Glow 3-step memory 2100K - Oy Noortrade Ab","robots":{"index":"index","follow":"follow","max-snippet":"max-snippet:-1","max-image-preview":"max-image-preview:large","max-video-preview":"max-video-preview:-1"},"canonical":"https:\/\/shop.noor.fi\/sv\/produkt\/led-lampa-e14-c35-soft-glow-3-step-memory-2100k\/","og_locale":"sv_SE","og_type":"article","og_title":"LED-lampa E14 C35 Soft Glow 3-step memory 2100K - Oy Noortrade Ab","og_description":"LED-kronljuslampa med klart glas. Lampan har en 3-stegs klickdimring med minnesfunktion, 40\/200\/400 lumen. Startar p\u00e5 senast anv\u00e4nda ljusstyrkan. E14, f\u00e4rgtemperatur varmvit 2100K. Ljusfl\u00f6de 400 lumen. Effekt 4W. Diameter 3,5 cm H\u00f6jd 9,8 cm Soft Glow serien \u00e4r rundstr\u00e5lande lampor som har ett extra varmvitt ljus. De har klart glas, ger en riktigt varm och st\u00e4mningsfull [&hellip;]","og_url":"https:\/\/shop.noor.fi\/sv\/produkt\/led-lampa-e14-c35-soft-glow-3-step-memory-2100k\/","og_site_name":"Oy Noortrade Ab","article_modified_time":"2026-03-12T07:40:50+00:00","og_image":[{"width":1098,"height":1080,"url":"https:\/\/shop.noor.fi\/wp-content\/uploads\/2023\/11\/7391482054357.jpg","type":"image\/jpeg"}],"twitter_card":"summary_large_image","schema":{"@context":"https:\/\/schema.org","@graph":[{"@type":"WebPage","@id":"https:\/\/shop.noor.fi\/sv\/produkt\/led-lampa-e14-c35-soft-glow-3-step-memory-2100k\/","url":"https:\/\/shop.noor.fi\/sv\/produkt\/led-lampa-e14-c35-soft-glow-3-step-memory-2100k\/","name":"LED-lampa E14 C35 Soft Glow 3-step memory 2100K - Oy Noortrade Ab","isPartOf":{"@id":"https:\/\/shopnoorfi-wp31835.test.cchosting.fi\/#website"},"primaryImageOfPage":{"@id":"https:\/\/shop.noor.fi\/sv\/produkt\/led-lampa-e14-c35-soft-glow-3-step-memory-2100k\/#primaryimage"},"image":{"@id":"https:\/\/shop.noor.fi\/sv\/produkt\/led-lampa-e14-c35-soft-glow-3-step-memory-2100k\/#primaryimage"},"thumbnailUrl":"https:\/\/shop.noor.fi\/wp-content\/uploads\/2023\/11\/7391482054357.jpg","datePublished":"2023-11-01T16:06:25+00:00","dateModified":"2026-03-12T07:40:50+00:00","breadcrumb":{"@id":"https:\/\/shop.noor.fi\/sv\/produkt\/led-lampa-e14-c35-soft-glow-3-step-memory-2100k\/#breadcrumb"},"inLanguage":"sv-SE","potentialAction":[{"@type":"ReadAction","target":["https:\/\/shop.noor.fi\/sv\/produkt\/led-lampa-e14-c35-soft-glow-3-step-memory-2100k\/"]}]},{"@type":"ImageObject","inLanguage":"sv-SE","@id":"https:\/\/shop.noor.fi\/sv\/produkt\/led-lampa-e14-c35-soft-glow-3-step-memory-2100k\/#primaryimage","url":"https:\/\/shop.noor.fi\/wp-content\/uploads\/2023\/11\/7391482054357.jpg","contentUrl":"https:\/\/shop.noor.fi\/wp-content\/uploads\/2023\/11\/7391482054357.jpg","width":1098,"height":1080},{"@type":"BreadcrumbList","@id":"https:\/\/shop.noor.fi\/sv\/produkt\/led-lampa-e14-c35-soft-glow-3-step-memory-2100k\/#breadcrumb","itemListElement":[{"@type":"ListItem","position":1,"name":"Etusivu","item":"https:\/\/shop.noor.fi\/sv\/"},{"@type":"ListItem","position":2,"name":"Butik","item":"https:\/\/shopnoorfi-wp31835.test.cchosting.fi\/sv\/butik\/"},{"@type":"ListItem","position":3,"name":"LED-lampa E14 C35 Soft Glow 3-step memory 2100K"}]},{"@type":"WebSite","@id":"https:\/\/shopnoorfi-wp31835.test.cchosting.fi\/#website","url":"https:\/\/shopnoorfi-wp31835.test.cchosting.fi\/","name":"Oy Noortrade Ab","description":"Finnish family owned company with over 30 years of professional experience in lighting &amp; interior products import and sales - reliably.","publisher":{"@id":"https:\/\/shopnoorfi-wp31835.test.cchosting.fi\/#organization"},"potentialAction":[{"@type":"SearchAction","target":{"@type":"EntryPoint","urlTemplate":"https:\/\/shopnoorfi-wp31835.test.cchosting.fi\/?s={search_term_string}"},"query-input":{"@type":"PropertyValueSpecification","valueRequired":true,"valueName":"search_term_string"}}],"inLanguage":"sv-SE"},{"@type":"Organization","@id":"https:\/\/shopnoorfi-wp31835.test.cchosting.fi\/#organization","name":"Oy Noortrade Ab","url":"https:\/\/shopnoorfi-wp31835.test.cchosting.fi\/","logo":{"@type":"ImageObject","inLanguage":"sv-SE","@id":"https:\/\/shopnoorfi-wp31835.test.cchosting.fi\/#\/schema\/logo\/image\/","url":"https:\/\/shop.noor.fi\/wp-content\/uploads\/2024\/01\/Oy-Noortrade-Ab-Corbel-VERSAL-bold-BLACK.png","contentUrl":"https:\/\/shop.noor.fi\/wp-content\/uploads\/2024\/01\/Oy-Noortrade-Ab-Corbel-VERSAL-bold-BLACK.png","width":721,"height":177,"caption":"Oy Noortrade Ab"},"image":{"@id":"https:\/\/shopnoorfi-wp31835.test.cchosting.fi\/#\/schema\/logo\/image\/"}}]}},"brands":[{"id":28728,"name":"Star Trading","slug":"star-trading"}],"_links":{"self":[{"href":"https:\/\/shop.noor.fi\/sv\/wp-json\/wp\/v2\/product\/115260","targetHints":{"allow":["GET"]}}],"collection":[{"href":"https:\/\/shop.noor.fi\/sv\/wp-json\/wp\/v2\/product"}],"about":[{"href":"https:\/\/shop.noor.fi\/sv\/wp-json\/wp\/v2\/types\/product"}],"replies":[{"embeddable":true,"href":"https:\/\/shop.noor.fi\/sv\/wp-json\/wp\/v2\/comments?post=115260"}],"wp:featuredmedia":[{"embeddable":true,"href":"https:\/\/shop.noor.fi\/sv\/wp-json\/wp\/v2\/media\/31400"}],"wp:attachment":[{"href":"https:\/\/shop.noor.fi\/sv\/wp-json\/wp\/v2\/media?parent=115260"}],"wp:term":[{"taxonomy":"pwb-brand","embeddable":true,"href":"https:\/\/shop.noor.fi\/sv\/wp-json\/wp\/v2\/pwb-brand?post=115260"},{"taxonomy":"product_brand","embeddable":true,"href":"https:\/\/shop.noor.fi\/sv\/wp-json\/wp\/v2\/product_brand?post=115260"},{"taxonomy":"product_cat","embeddable":true,"href":"https:\/\/shop.noor.fi\/sv\/wp-json\/wp\/v2\/product_cat?post=115260"},{"taxonomy":"product_tag","embeddable":true,"href":"https:\/\/shop.noor.fi\/sv\/wp-json\/wp\/v2\/product_tag?post=115260"}],"curies":[{"name":"wp","href":"https:\/\/api.w.org\/{rel}","templated":true}]}}