{"id":114582,"date":"2024-03-08T14:49:15","date_gmt":"2024-03-08T12:49:15","guid":{"rendered":"https:\/\/shop.noor.fi\/product\/dew-drop-micro-julgransslinga-gron-rgb\/"},"modified":"2026-03-11T13:43:17","modified_gmt":"2026-03-11T11:43:17","slug":"dew-drop-micro-julgransslinga-gron-rgb","status":"publish","type":"product","link":"https:\/\/shop.noor.fi\/sv\/produkt\/dew-drop-micro-julgransslinga-gron-rgb\/","title":{"rendered":"Dew Drop Micro julgransslinga gr\u00f6n\/RGB"},"content":{"rendered":"<p>Ljusslinga med 160 multif\u00e4rgade LED ljuspunkter som ger ett st\u00e4mningsfullt sken. Tunn gr\u00f6n smal platt kabel som ger ett n\u00e4tt intryck, samt en ring som placeras p\u00e5 grantoppen f\u00f6r enkel montering. Passar perfekt till din julgran och kan anv\u00e4ndas b\u00e5de inomhus och utomhus.<br \/>\nLjuspunkterna \u00e4r uppdelade p\u00e5 8 str\u00e4ngar f\u00f6r att l\u00e4tt kunna placeras ut i julgranen.<br \/>\nIntegrerad LED, lamporna \u00e4r ej utbytbara.<\/p>\n","protected":false},"excerpt":{"rendered":"<p>Ljusslinga med 160 multif\u00e4rgade LED ljuspunkter som ger ett st\u00e4mningsfullt sken. Tunn gr\u00f6n smal platt kabel som ger ett n\u00e4tt intryck, samt en ring som placeras p\u00e5 grantoppen f\u00f6r enkel montering. Passar perfekt till din julgran och kan anv\u00e4ndas b\u00e5de inomhus och utomhus. Ljuspunkterna \u00e4r uppdelade p\u00e5 8 str\u00e4ngar f\u00f6r att l\u00e4tt kunna placeras ut [&hellip;]<\/p>\n","protected":false},"featured_media":85386,"comment_status":"open","ping_status":"closed","template":"","meta":{"_acf_changed":false,"_relevanssi_hide_post":"","_relevanssi_hide_content":"","_relevanssi_pin_for_all":"","_relevanssi_pin_keywords":"","_relevanssi_unpin_keywords":"","_relevanssi_related_keywords":"","_relevanssi_related_include_ids":"","_relevanssi_related_exclude_ids":"","_relevanssi_related_no_append":"","_relevanssi_related_not_related":"","_relevanssi_related_posts":"","_relevanssi_noindex_reason":""},"pwb-brand":[28728],"product_brand":[],"product_cat":[32014,32177,31998],"product_tag":[],"class_list":{"0":"post-114582","1":"product","2":"type-product","3":"status-publish","4":"has-post-thumbnail","6":"pwb-brand-star-trading","7":"product_cat-tillbehor-granar","8":"product_cat-julgransbelysning","9":"product_cat-dew-drop-slingor","11":"first","12":"instock","13":"taxable","14":"shipping-taxable","15":"purchasable","16":"product-type-simple"},"acf":[],"yoast_head":"<!-- This site is optimized with the Yoast SEO plugin v27.5 - https:\/\/yoast.com\/product\/yoast-seo-wordpress\/ -->\n<title>Dew Drop Micro julgransslinga gr\u00f6n\/RGB - Oy Noortrade Ab<\/title>\n<meta name=\"robots\" content=\"index, follow, max-snippet:-1, max-image-preview:large, max-video-preview:-1\" \/>\n<link rel=\"canonical\" href=\"https:\/\/shop.noor.fi\/produkt\/dew-drop-micro-joulukuusenvalosarja-vihrea-rgb\/\" \/>\n<meta property=\"og:locale\" content=\"sv_SE\" \/>\n<meta property=\"og:type\" content=\"article\" \/>\n<meta property=\"og:title\" content=\"Dew Drop Micro julgransslinga gr\u00f6n\/RGB - Oy Noortrade Ab\" \/>\n<meta property=\"og:description\" content=\"Ljusslinga med 160 multif\u00e4rgade LED ljuspunkter som ger ett st\u00e4mningsfullt sken. Tunn gr\u00f6n smal platt kabel som ger ett n\u00e4tt intryck, samt en ring som placeras p\u00e5 grantoppen f\u00f6r enkel montering. Passar perfekt till din julgran och kan anv\u00e4ndas b\u00e5de inomhus och utomhus. Ljuspunkterna \u00e4r uppdelade p\u00e5 8 str\u00e4ngar f\u00f6r att l\u00e4tt kunna placeras ut [&hellip;]\" \/>\n<meta property=\"og:url\" content=\"https:\/\/shop.noor.fi\/produkt\/dew-drop-micro-joulukuusenvalosarja-vihrea-rgb\/\" \/>\n<meta property=\"og:site_name\" content=\"Oy Noortrade Ab\" \/>\n<meta property=\"article:modified_time\" content=\"2026-03-11T11:43:17+00:00\" \/>\n<meta property=\"og:image\" content=\"https:\/\/shop.noor.fi\/wp-content\/uploads\/2024\/02\/7391482070340.jpg\" \/>\n\t<meta property=\"og:image:width\" content=\"2560\" \/>\n\t<meta property=\"og:image:height\" content=\"2560\" \/>\n\t<meta property=\"og:image:type\" content=\"image\/jpeg\" \/>\n<meta name=\"twitter:card\" content=\"summary_large_image\" \/>\n<script type=\"application\/ld+json\" class=\"yoast-schema-graph\">{\"@context\":\"https:\\\/\\\/schema.org\",\"@graph\":[{\"@type\":\"WebPage\",\"@id\":\"https:\\\/\\\/shop.noor.fi\\\/produkt\\\/dew-drop-micro-joulukuusenvalosarja-vihrea-rgb\\\/\",\"url\":\"https:\\\/\\\/shop.noor.fi\\\/produkt\\\/dew-drop-micro-joulukuusenvalosarja-vihrea-rgb\\\/\",\"name\":\"Dew Drop Micro julgransslinga gr\u00f6n\\\/RGB - Oy Noortrade Ab\",\"isPartOf\":{\"@id\":\"https:\\\/\\\/shopnoorfi-wp31835.test.cchosting.fi\\\/#website\"},\"primaryImageOfPage\":{\"@id\":\"https:\\\/\\\/shop.noor.fi\\\/produkt\\\/dew-drop-micro-joulukuusenvalosarja-vihrea-rgb\\\/#primaryimage\"},\"image\":{\"@id\":\"https:\\\/\\\/shop.noor.fi\\\/produkt\\\/dew-drop-micro-joulukuusenvalosarja-vihrea-rgb\\\/#primaryimage\"},\"thumbnailUrl\":\"https:\\\/\\\/shop.noor.fi\\\/wp-content\\\/uploads\\\/2024\\\/02\\\/7391482070340.jpg\",\"datePublished\":\"2024-03-08T12:49:15+00:00\",\"dateModified\":\"2026-03-11T11:43:17+00:00\",\"breadcrumb\":{\"@id\":\"https:\\\/\\\/shop.noor.fi\\\/produkt\\\/dew-drop-micro-joulukuusenvalosarja-vihrea-rgb\\\/#breadcrumb\"},\"inLanguage\":\"sv-SE\",\"potentialAction\":[{\"@type\":\"ReadAction\",\"target\":[\"https:\\\/\\\/shop.noor.fi\\\/produkt\\\/dew-drop-micro-joulukuusenvalosarja-vihrea-rgb\\\/\"]}]},{\"@type\":\"ImageObject\",\"inLanguage\":\"sv-SE\",\"@id\":\"https:\\\/\\\/shop.noor.fi\\\/produkt\\\/dew-drop-micro-joulukuusenvalosarja-vihrea-rgb\\\/#primaryimage\",\"url\":\"https:\\\/\\\/shop.noor.fi\\\/wp-content\\\/uploads\\\/2024\\\/02\\\/7391482070340.jpg\",\"contentUrl\":\"https:\\\/\\\/shop.noor.fi\\\/wp-content\\\/uploads\\\/2024\\\/02\\\/7391482070340.jpg\",\"width\":2560,\"height\":2560},{\"@type\":\"BreadcrumbList\",\"@id\":\"https:\\\/\\\/shop.noor.fi\\\/produkt\\\/dew-drop-micro-joulukuusenvalosarja-vihrea-rgb\\\/#breadcrumb\",\"itemListElement\":[{\"@type\":\"ListItem\",\"position\":1,\"name\":\"Etusivu\",\"item\":\"https:\\\/\\\/shop.noor.fi\\\/sv\\\/\"},{\"@type\":\"ListItem\",\"position\":2,\"name\":\"Butik\",\"item\":\"https:\\\/\\\/shopnoorfi-wp31835.test.cchosting.fi\\\/sv\\\/butik\\\/\"},{\"@type\":\"ListItem\",\"position\":3,\"name\":\"Dew Drop Micro julgransslinga gr\u00f6n\\\/RGB\"}]},{\"@type\":\"WebSite\",\"@id\":\"https:\\\/\\\/shopnoorfi-wp31835.test.cchosting.fi\\\/#website\",\"url\":\"https:\\\/\\\/shopnoorfi-wp31835.test.cchosting.fi\\\/\",\"name\":\"Oy Noortrade Ab\",\"description\":\"Finnish family owned company with over 30 years of professional experience in lighting &amp; interior products import and sales - reliably.\",\"publisher\":{\"@id\":\"https:\\\/\\\/shopnoorfi-wp31835.test.cchosting.fi\\\/#organization\"},\"potentialAction\":[{\"@type\":\"SearchAction\",\"target\":{\"@type\":\"EntryPoint\",\"urlTemplate\":\"https:\\\/\\\/shopnoorfi-wp31835.test.cchosting.fi\\\/?s={search_term_string}\"},\"query-input\":{\"@type\":\"PropertyValueSpecification\",\"valueRequired\":true,\"valueName\":\"search_term_string\"}}],\"inLanguage\":\"sv-SE\"},{\"@type\":\"Organization\",\"@id\":\"https:\\\/\\\/shopnoorfi-wp31835.test.cchosting.fi\\\/#organization\",\"name\":\"Oy Noortrade Ab\",\"url\":\"https:\\\/\\\/shopnoorfi-wp31835.test.cchosting.fi\\\/\",\"logo\":{\"@type\":\"ImageObject\",\"inLanguage\":\"sv-SE\",\"@id\":\"https:\\\/\\\/shopnoorfi-wp31835.test.cchosting.fi\\\/#\\\/schema\\\/logo\\\/image\\\/\",\"url\":\"https:\\\/\\\/shop.noor.fi\\\/wp-content\\\/uploads\\\/2024\\\/01\\\/Oy-Noortrade-Ab-Corbel-VERSAL-bold-BLACK.png\",\"contentUrl\":\"https:\\\/\\\/shop.noor.fi\\\/wp-content\\\/uploads\\\/2024\\\/01\\\/Oy-Noortrade-Ab-Corbel-VERSAL-bold-BLACK.png\",\"width\":721,\"height\":177,\"caption\":\"Oy Noortrade Ab\"},\"image\":{\"@id\":\"https:\\\/\\\/shopnoorfi-wp31835.test.cchosting.fi\\\/#\\\/schema\\\/logo\\\/image\\\/\"}}]}<\/script>\n<!-- \/ Yoast SEO plugin. -->","yoast_head_json":{"title":"Dew Drop Micro julgransslinga gr\u00f6n\/RGB - Oy Noortrade Ab","robots":{"index":"index","follow":"follow","max-snippet":"max-snippet:-1","max-image-preview":"max-image-preview:large","max-video-preview":"max-video-preview:-1"},"canonical":"https:\/\/shop.noor.fi\/produkt\/dew-drop-micro-joulukuusenvalosarja-vihrea-rgb\/","og_locale":"sv_SE","og_type":"article","og_title":"Dew Drop Micro julgransslinga gr\u00f6n\/RGB - Oy Noortrade Ab","og_description":"Ljusslinga med 160 multif\u00e4rgade LED ljuspunkter som ger ett st\u00e4mningsfullt sken. Tunn gr\u00f6n smal platt kabel som ger ett n\u00e4tt intryck, samt en ring som placeras p\u00e5 grantoppen f\u00f6r enkel montering. Passar perfekt till din julgran och kan anv\u00e4ndas b\u00e5de inomhus och utomhus. Ljuspunkterna \u00e4r uppdelade p\u00e5 8 str\u00e4ngar f\u00f6r att l\u00e4tt kunna placeras ut [&hellip;]","og_url":"https:\/\/shop.noor.fi\/produkt\/dew-drop-micro-joulukuusenvalosarja-vihrea-rgb\/","og_site_name":"Oy Noortrade Ab","article_modified_time":"2026-03-11T11:43:17+00:00","og_image":[{"width":2560,"height":2560,"url":"https:\/\/shop.noor.fi\/wp-content\/uploads\/2024\/02\/7391482070340.jpg","type":"image\/jpeg"}],"twitter_card":"summary_large_image","schema":{"@context":"https:\/\/schema.org","@graph":[{"@type":"WebPage","@id":"https:\/\/shop.noor.fi\/produkt\/dew-drop-micro-joulukuusenvalosarja-vihrea-rgb\/","url":"https:\/\/shop.noor.fi\/produkt\/dew-drop-micro-joulukuusenvalosarja-vihrea-rgb\/","name":"Dew Drop Micro julgransslinga gr\u00f6n\/RGB - Oy Noortrade Ab","isPartOf":{"@id":"https:\/\/shopnoorfi-wp31835.test.cchosting.fi\/#website"},"primaryImageOfPage":{"@id":"https:\/\/shop.noor.fi\/produkt\/dew-drop-micro-joulukuusenvalosarja-vihrea-rgb\/#primaryimage"},"image":{"@id":"https:\/\/shop.noor.fi\/produkt\/dew-drop-micro-joulukuusenvalosarja-vihrea-rgb\/#primaryimage"},"thumbnailUrl":"https:\/\/shop.noor.fi\/wp-content\/uploads\/2024\/02\/7391482070340.jpg","datePublished":"2024-03-08T12:49:15+00:00","dateModified":"2026-03-11T11:43:17+00:00","breadcrumb":{"@id":"https:\/\/shop.noor.fi\/produkt\/dew-drop-micro-joulukuusenvalosarja-vihrea-rgb\/#breadcrumb"},"inLanguage":"sv-SE","potentialAction":[{"@type":"ReadAction","target":["https:\/\/shop.noor.fi\/produkt\/dew-drop-micro-joulukuusenvalosarja-vihrea-rgb\/"]}]},{"@type":"ImageObject","inLanguage":"sv-SE","@id":"https:\/\/shop.noor.fi\/produkt\/dew-drop-micro-joulukuusenvalosarja-vihrea-rgb\/#primaryimage","url":"https:\/\/shop.noor.fi\/wp-content\/uploads\/2024\/02\/7391482070340.jpg","contentUrl":"https:\/\/shop.noor.fi\/wp-content\/uploads\/2024\/02\/7391482070340.jpg","width":2560,"height":2560},{"@type":"BreadcrumbList","@id":"https:\/\/shop.noor.fi\/produkt\/dew-drop-micro-joulukuusenvalosarja-vihrea-rgb\/#breadcrumb","itemListElement":[{"@type":"ListItem","position":1,"name":"Etusivu","item":"https:\/\/shop.noor.fi\/sv\/"},{"@type":"ListItem","position":2,"name":"Butik","item":"https:\/\/shopnoorfi-wp31835.test.cchosting.fi\/sv\/butik\/"},{"@type":"ListItem","position":3,"name":"Dew Drop Micro julgransslinga gr\u00f6n\/RGB"}]},{"@type":"WebSite","@id":"https:\/\/shopnoorfi-wp31835.test.cchosting.fi\/#website","url":"https:\/\/shopnoorfi-wp31835.test.cchosting.fi\/","name":"Oy Noortrade Ab","description":"Finnish family owned company with over 30 years of professional experience in lighting &amp; interior products import and sales - reliably.","publisher":{"@id":"https:\/\/shopnoorfi-wp31835.test.cchosting.fi\/#organization"},"potentialAction":[{"@type":"SearchAction","target":{"@type":"EntryPoint","urlTemplate":"https:\/\/shopnoorfi-wp31835.test.cchosting.fi\/?s={search_term_string}"},"query-input":{"@type":"PropertyValueSpecification","valueRequired":true,"valueName":"search_term_string"}}],"inLanguage":"sv-SE"},{"@type":"Organization","@id":"https:\/\/shopnoorfi-wp31835.test.cchosting.fi\/#organization","name":"Oy Noortrade Ab","url":"https:\/\/shopnoorfi-wp31835.test.cchosting.fi\/","logo":{"@type":"ImageObject","inLanguage":"sv-SE","@id":"https:\/\/shopnoorfi-wp31835.test.cchosting.fi\/#\/schema\/logo\/image\/","url":"https:\/\/shop.noor.fi\/wp-content\/uploads\/2024\/01\/Oy-Noortrade-Ab-Corbel-VERSAL-bold-BLACK.png","contentUrl":"https:\/\/shop.noor.fi\/wp-content\/uploads\/2024\/01\/Oy-Noortrade-Ab-Corbel-VERSAL-bold-BLACK.png","width":721,"height":177,"caption":"Oy Noortrade Ab"},"image":{"@id":"https:\/\/shopnoorfi-wp31835.test.cchosting.fi\/#\/schema\/logo\/image\/"}}]}},"brands":[{"id":28728,"name":"Star Trading","slug":"star-trading"}],"_links":{"self":[{"href":"https:\/\/shop.noor.fi\/sv\/wp-json\/wp\/v2\/product\/114582","targetHints":{"allow":["GET"]}}],"collection":[{"href":"https:\/\/shop.noor.fi\/sv\/wp-json\/wp\/v2\/product"}],"about":[{"href":"https:\/\/shop.noor.fi\/sv\/wp-json\/wp\/v2\/types\/product"}],"replies":[{"embeddable":true,"href":"https:\/\/shop.noor.fi\/sv\/wp-json\/wp\/v2\/comments?post=114582"}],"wp:featuredmedia":[{"embeddable":true,"href":"https:\/\/shop.noor.fi\/sv\/wp-json\/wp\/v2\/media\/85386"}],"wp:attachment":[{"href":"https:\/\/shop.noor.fi\/sv\/wp-json\/wp\/v2\/media?parent=114582"}],"wp:term":[{"taxonomy":"pwb-brand","embeddable":true,"href":"https:\/\/shop.noor.fi\/sv\/wp-json\/wp\/v2\/pwb-brand?post=114582"},{"taxonomy":"product_brand","embeddable":true,"href":"https:\/\/shop.noor.fi\/sv\/wp-json\/wp\/v2\/product_brand?post=114582"},{"taxonomy":"product_cat","embeddable":true,"href":"https:\/\/shop.noor.fi\/sv\/wp-json\/wp\/v2\/product_cat?post=114582"},{"taxonomy":"product_tag","embeddable":true,"href":"https:\/\/shop.noor.fi\/sv\/wp-json\/wp\/v2\/product_tag?post=114582"}],"curies":[{"name":"wp","href":"https:\/\/api.w.org\/{rel}","templated":true}]}}