{"id":114569,"date":"2024-02-08T15:09:32","date_gmt":"2024-02-08T13:09:32","guid":{"rendered":"https:\/\/shop.noor.fi\/product\/connecta-flat-ljusslinga-extra-10-x-e27-svart\/"},"modified":"2026-04-08T14:40:20","modified_gmt":"2026-04-08T11:40:20","slug":"connecta-flat-ljusslinga-extra-10-x-e27-svart","status":"publish","type":"product","link":"https:\/\/shop.noor.fi\/sv\/produkt\/connecta-flat-ljusslinga-extra-10-x-e27-svart\/","title":{"rendered":"Connecta Flat ljusslinga10 x E27 735 cm svart"},"content":{"rendered":"<p>Med ljusslingan Connecta Flat kan du sj\u00e4lv v\u00e4lja och variera ljusk\u00e4llor. Slingan \u00e4r 735 cm l\u00e5ng och har plats f\u00f6r 10 lampor med E27 sockel, svart bred platt kabel. Slingan f\u00e5r max kopplas ihop till 2000W\/ 15W ljusk\u00e4lla. Anv\u00e4nd endast ljusk\u00e4llor med form som t\u00e4tar runt sockelns gummit\u00e4tning, f\u00f6r att uppfylla IP44.  F\u00f6r utomhusbruk.<br \/>\nSe till att slingans vikt f\u00f6rdelas j\u00e4mnt vid montering f\u00f6r att avlasta vikten p\u00e5 kopplingarna.<br \/>\nKr\u00e4ver startkabel SR-484-28 som ing\u00e5r ej. Kopplingsbar till max 13 slingor eller 2000W.<br \/>\nAvst\u00e5nd mellan lamph\u00e5llaren 75 cm.<br \/>\nLjusk\u00e4llornas effekt totalt max 150W.<\/p>\n","protected":false},"excerpt":{"rendered":"<p>Med ljusslingan Connecta Flat kan du sj\u00e4lv v\u00e4lja och variera ljusk\u00e4llor. Slingan \u00e4r 735 cm l\u00e5ng och har plats f\u00f6r 10 lampor med E27 sockel, svart bred platt kabel. Slingan f\u00e5r max kopplas ihop till 2000W\/ 15W ljusk\u00e4lla. Anv\u00e4nd endast ljusk\u00e4llor med form som t\u00e4tar runt sockelns gummit\u00e4tning, f\u00f6r att uppfylla IP44. F\u00f6r utomhusbruk. Se [&hellip;]<\/p>\n","protected":false},"featured_media":85400,"comment_status":"open","ping_status":"closed","template":"","meta":{"_acf_changed":false,"_relevanssi_hide_post":"","_relevanssi_hide_content":"","_relevanssi_pin_for_all":"","_relevanssi_pin_keywords":"","_relevanssi_unpin_keywords":"","_relevanssi_related_keywords":"","_relevanssi_related_include_ids":"","_relevanssi_related_exclude_ids":"","_relevanssi_related_no_append":"","_relevanssi_related_not_related":"","_relevanssi_related_posts":"","_relevanssi_noindex_reason":""},"pwb-brand":[28728],"product_brand":[],"product_cat":[31997],"product_tag":[],"class_list":{"0":"post-114569","1":"product","2":"type-product","3":"status-publish","4":"has-post-thumbnail","6":"pwb-brand-star-trading","7":"product_cat-connecta-sv","9":"first","10":"instock","11":"taxable","12":"shipping-taxable","13":"purchasable","14":"product-type-simple"},"acf":[],"yoast_head":"<!-- This site is optimized with the Yoast SEO plugin v27.5 - https:\/\/yoast.com\/product\/yoast-seo-wordpress\/ -->\n<title>Connecta Flat ljusslinga10 x E27 735 cm svart - Oy Noortrade Ab<\/title>\n<meta name=\"robots\" content=\"index, follow, max-snippet:-1, max-image-preview:large, max-video-preview:-1\" \/>\n<link rel=\"canonical\" href=\"https:\/\/shop.noor.fi\/tuote\/connecta-flat-valosarja-extra-10-x-e27-musta\/\" \/>\n<meta property=\"og:locale\" content=\"sv_SE\" \/>\n<meta property=\"og:type\" content=\"article\" \/>\n<meta property=\"og:title\" content=\"Connecta Flat ljusslinga10 x E27 735 cm svart - Oy Noortrade Ab\" \/>\n<meta property=\"og:description\" content=\"Med ljusslingan Connecta Flat kan du sj\u00e4lv v\u00e4lja och variera ljusk\u00e4llor. Slingan \u00e4r 735 cm l\u00e5ng och har plats f\u00f6r 10 lampor med E27 sockel, svart bred platt kabel. Slingan f\u00e5r max kopplas ihop till 2000W\/ 15W ljusk\u00e4lla. Anv\u00e4nd endast ljusk\u00e4llor med form som t\u00e4tar runt sockelns gummit\u00e4tning, f\u00f6r att uppfylla IP44. F\u00f6r utomhusbruk. Se [&hellip;]\" \/>\n<meta property=\"og:url\" content=\"https:\/\/shop.noor.fi\/tuote\/connecta-flat-valosarja-extra-10-x-e27-musta\/\" \/>\n<meta property=\"og:site_name\" content=\"Oy Noortrade Ab\" \/>\n<meta property=\"article:modified_time\" content=\"2026-04-08T11:40:20+00:00\" \/>\n<meta property=\"og:image\" content=\"https:\/\/shop.noor.fi\/wp-content\/uploads\/2024\/02\/7391482070357.jpg\" \/>\n\t<meta property=\"og:image:width\" content=\"2560\" \/>\n\t<meta property=\"og:image:height\" content=\"1925\" \/>\n\t<meta property=\"og:image:type\" content=\"image\/jpeg\" \/>\n<meta name=\"twitter:card\" content=\"summary_large_image\" \/>\n<meta name=\"twitter:label1\" content=\"Ber\u00e4knad l\u00e4stid\" \/>\n\t<meta name=\"twitter:data1\" content=\"1 minut\" \/>\n<script type=\"application\/ld+json\" class=\"yoast-schema-graph\">{\"@context\":\"https:\\\/\\\/schema.org\",\"@graph\":[{\"@type\":\"WebPage\",\"@id\":\"https:\\\/\\\/shop.noor.fi\\\/tuote\\\/connecta-flat-valosarja-extra-10-x-e27-musta\\\/\",\"url\":\"https:\\\/\\\/shop.noor.fi\\\/tuote\\\/connecta-flat-valosarja-extra-10-x-e27-musta\\\/\",\"name\":\"Connecta Flat ljusslinga10 x E27 735 cm svart - Oy Noortrade Ab\",\"isPartOf\":{\"@id\":\"https:\\\/\\\/shopnoorfi-wp31835.test.cchosting.fi\\\/#website\"},\"primaryImageOfPage\":{\"@id\":\"https:\\\/\\\/shop.noor.fi\\\/tuote\\\/connecta-flat-valosarja-extra-10-x-e27-musta\\\/#primaryimage\"},\"image\":{\"@id\":\"https:\\\/\\\/shop.noor.fi\\\/tuote\\\/connecta-flat-valosarja-extra-10-x-e27-musta\\\/#primaryimage\"},\"thumbnailUrl\":\"https:\\\/\\\/shop.noor.fi\\\/wp-content\\\/uploads\\\/2024\\\/02\\\/7391482070357.jpg\",\"datePublished\":\"2024-02-08T13:09:32+00:00\",\"dateModified\":\"2026-04-08T11:40:20+00:00\",\"breadcrumb\":{\"@id\":\"https:\\\/\\\/shop.noor.fi\\\/tuote\\\/connecta-flat-valosarja-extra-10-x-e27-musta\\\/#breadcrumb\"},\"inLanguage\":\"sv-SE\",\"potentialAction\":[{\"@type\":\"ReadAction\",\"target\":[\"https:\\\/\\\/shop.noor.fi\\\/tuote\\\/connecta-flat-valosarja-extra-10-x-e27-musta\\\/\"]}]},{\"@type\":\"ImageObject\",\"inLanguage\":\"sv-SE\",\"@id\":\"https:\\\/\\\/shop.noor.fi\\\/tuote\\\/connecta-flat-valosarja-extra-10-x-e27-musta\\\/#primaryimage\",\"url\":\"https:\\\/\\\/shop.noor.fi\\\/wp-content\\\/uploads\\\/2024\\\/02\\\/7391482070357.jpg\",\"contentUrl\":\"https:\\\/\\\/shop.noor.fi\\\/wp-content\\\/uploads\\\/2024\\\/02\\\/7391482070357.jpg\",\"width\":2560,\"height\":1925},{\"@type\":\"BreadcrumbList\",\"@id\":\"https:\\\/\\\/shop.noor.fi\\\/tuote\\\/connecta-flat-valosarja-extra-10-x-e27-musta\\\/#breadcrumb\",\"itemListElement\":[{\"@type\":\"ListItem\",\"position\":1,\"name\":\"Etusivu\",\"item\":\"https:\\\/\\\/shop.noor.fi\\\/sv\\\/\"},{\"@type\":\"ListItem\",\"position\":2,\"name\":\"Butik\",\"item\":\"https:\\\/\\\/shopnoorfi-wp31835.test.cchosting.fi\\\/sv\\\/butik\\\/\"},{\"@type\":\"ListItem\",\"position\":3,\"name\":\"Connecta Flat ljusslinga10 x E27 735 cm svart\"}]},{\"@type\":\"WebSite\",\"@id\":\"https:\\\/\\\/shopnoorfi-wp31835.test.cchosting.fi\\\/#website\",\"url\":\"https:\\\/\\\/shopnoorfi-wp31835.test.cchosting.fi\\\/\",\"name\":\"Oy Noortrade Ab\",\"description\":\"Finnish family owned company with over 30 years of professional experience in lighting &amp; interior products import and sales - reliably.\",\"publisher\":{\"@id\":\"https:\\\/\\\/shopnoorfi-wp31835.test.cchosting.fi\\\/#organization\"},\"potentialAction\":[{\"@type\":\"SearchAction\",\"target\":{\"@type\":\"EntryPoint\",\"urlTemplate\":\"https:\\\/\\\/shopnoorfi-wp31835.test.cchosting.fi\\\/?s={search_term_string}\"},\"query-input\":{\"@type\":\"PropertyValueSpecification\",\"valueRequired\":true,\"valueName\":\"search_term_string\"}}],\"inLanguage\":\"sv-SE\"},{\"@type\":\"Organization\",\"@id\":\"https:\\\/\\\/shopnoorfi-wp31835.test.cchosting.fi\\\/#organization\",\"name\":\"Oy Noortrade Ab\",\"url\":\"https:\\\/\\\/shopnoorfi-wp31835.test.cchosting.fi\\\/\",\"logo\":{\"@type\":\"ImageObject\",\"inLanguage\":\"sv-SE\",\"@id\":\"https:\\\/\\\/shopnoorfi-wp31835.test.cchosting.fi\\\/#\\\/schema\\\/logo\\\/image\\\/\",\"url\":\"https:\\\/\\\/shop.noor.fi\\\/wp-content\\\/uploads\\\/2024\\\/01\\\/Oy-Noortrade-Ab-Corbel-VERSAL-bold-BLACK.png\",\"contentUrl\":\"https:\\\/\\\/shop.noor.fi\\\/wp-content\\\/uploads\\\/2024\\\/01\\\/Oy-Noortrade-Ab-Corbel-VERSAL-bold-BLACK.png\",\"width\":721,\"height\":177,\"caption\":\"Oy Noortrade Ab\"},\"image\":{\"@id\":\"https:\\\/\\\/shopnoorfi-wp31835.test.cchosting.fi\\\/#\\\/schema\\\/logo\\\/image\\\/\"}}]}<\/script>\n<!-- \/ Yoast SEO plugin. -->","yoast_head_json":{"title":"Connecta Flat ljusslinga10 x E27 735 cm svart - Oy Noortrade Ab","robots":{"index":"index","follow":"follow","max-snippet":"max-snippet:-1","max-image-preview":"max-image-preview:large","max-video-preview":"max-video-preview:-1"},"canonical":"https:\/\/shop.noor.fi\/tuote\/connecta-flat-valosarja-extra-10-x-e27-musta\/","og_locale":"sv_SE","og_type":"article","og_title":"Connecta Flat ljusslinga10 x E27 735 cm svart - Oy Noortrade Ab","og_description":"Med ljusslingan Connecta Flat kan du sj\u00e4lv v\u00e4lja och variera ljusk\u00e4llor. Slingan \u00e4r 735 cm l\u00e5ng och har plats f\u00f6r 10 lampor med E27 sockel, svart bred platt kabel. Slingan f\u00e5r max kopplas ihop till 2000W\/ 15W ljusk\u00e4lla. Anv\u00e4nd endast ljusk\u00e4llor med form som t\u00e4tar runt sockelns gummit\u00e4tning, f\u00f6r att uppfylla IP44. F\u00f6r utomhusbruk. Se [&hellip;]","og_url":"https:\/\/shop.noor.fi\/tuote\/connecta-flat-valosarja-extra-10-x-e27-musta\/","og_site_name":"Oy Noortrade Ab","article_modified_time":"2026-04-08T11:40:20+00:00","og_image":[{"width":2560,"height":1925,"url":"https:\/\/shop.noor.fi\/wp-content\/uploads\/2024\/02\/7391482070357.jpg","type":"image\/jpeg"}],"twitter_card":"summary_large_image","twitter_misc":{"Ber\u00e4knad l\u00e4stid":"1 minut"},"schema":{"@context":"https:\/\/schema.org","@graph":[{"@type":"WebPage","@id":"https:\/\/shop.noor.fi\/tuote\/connecta-flat-valosarja-extra-10-x-e27-musta\/","url":"https:\/\/shop.noor.fi\/tuote\/connecta-flat-valosarja-extra-10-x-e27-musta\/","name":"Connecta Flat ljusslinga10 x E27 735 cm svart - Oy Noortrade Ab","isPartOf":{"@id":"https:\/\/shopnoorfi-wp31835.test.cchosting.fi\/#website"},"primaryImageOfPage":{"@id":"https:\/\/shop.noor.fi\/tuote\/connecta-flat-valosarja-extra-10-x-e27-musta\/#primaryimage"},"image":{"@id":"https:\/\/shop.noor.fi\/tuote\/connecta-flat-valosarja-extra-10-x-e27-musta\/#primaryimage"},"thumbnailUrl":"https:\/\/shop.noor.fi\/wp-content\/uploads\/2024\/02\/7391482070357.jpg","datePublished":"2024-02-08T13:09:32+00:00","dateModified":"2026-04-08T11:40:20+00:00","breadcrumb":{"@id":"https:\/\/shop.noor.fi\/tuote\/connecta-flat-valosarja-extra-10-x-e27-musta\/#breadcrumb"},"inLanguage":"sv-SE","potentialAction":[{"@type":"ReadAction","target":["https:\/\/shop.noor.fi\/tuote\/connecta-flat-valosarja-extra-10-x-e27-musta\/"]}]},{"@type":"ImageObject","inLanguage":"sv-SE","@id":"https:\/\/shop.noor.fi\/tuote\/connecta-flat-valosarja-extra-10-x-e27-musta\/#primaryimage","url":"https:\/\/shop.noor.fi\/wp-content\/uploads\/2024\/02\/7391482070357.jpg","contentUrl":"https:\/\/shop.noor.fi\/wp-content\/uploads\/2024\/02\/7391482070357.jpg","width":2560,"height":1925},{"@type":"BreadcrumbList","@id":"https:\/\/shop.noor.fi\/tuote\/connecta-flat-valosarja-extra-10-x-e27-musta\/#breadcrumb","itemListElement":[{"@type":"ListItem","position":1,"name":"Etusivu","item":"https:\/\/shop.noor.fi\/sv\/"},{"@type":"ListItem","position":2,"name":"Butik","item":"https:\/\/shopnoorfi-wp31835.test.cchosting.fi\/sv\/butik\/"},{"@type":"ListItem","position":3,"name":"Connecta Flat ljusslinga10 x E27 735 cm svart"}]},{"@type":"WebSite","@id":"https:\/\/shopnoorfi-wp31835.test.cchosting.fi\/#website","url":"https:\/\/shopnoorfi-wp31835.test.cchosting.fi\/","name":"Oy Noortrade Ab","description":"Finnish family owned company with over 30 years of professional experience in lighting &amp; interior products import and sales - reliably.","publisher":{"@id":"https:\/\/shopnoorfi-wp31835.test.cchosting.fi\/#organization"},"potentialAction":[{"@type":"SearchAction","target":{"@type":"EntryPoint","urlTemplate":"https:\/\/shopnoorfi-wp31835.test.cchosting.fi\/?s={search_term_string}"},"query-input":{"@type":"PropertyValueSpecification","valueRequired":true,"valueName":"search_term_string"}}],"inLanguage":"sv-SE"},{"@type":"Organization","@id":"https:\/\/shopnoorfi-wp31835.test.cchosting.fi\/#organization","name":"Oy Noortrade Ab","url":"https:\/\/shopnoorfi-wp31835.test.cchosting.fi\/","logo":{"@type":"ImageObject","inLanguage":"sv-SE","@id":"https:\/\/shopnoorfi-wp31835.test.cchosting.fi\/#\/schema\/logo\/image\/","url":"https:\/\/shop.noor.fi\/wp-content\/uploads\/2024\/01\/Oy-Noortrade-Ab-Corbel-VERSAL-bold-BLACK.png","contentUrl":"https:\/\/shop.noor.fi\/wp-content\/uploads\/2024\/01\/Oy-Noortrade-Ab-Corbel-VERSAL-bold-BLACK.png","width":721,"height":177,"caption":"Oy Noortrade Ab"},"image":{"@id":"https:\/\/shopnoorfi-wp31835.test.cchosting.fi\/#\/schema\/logo\/image\/"}}]}},"brands":[{"id":28728,"name":"Star Trading","slug":"star-trading"}],"_links":{"self":[{"href":"https:\/\/shop.noor.fi\/sv\/wp-json\/wp\/v2\/product\/114569","targetHints":{"allow":["GET"]}}],"collection":[{"href":"https:\/\/shop.noor.fi\/sv\/wp-json\/wp\/v2\/product"}],"about":[{"href":"https:\/\/shop.noor.fi\/sv\/wp-json\/wp\/v2\/types\/product"}],"replies":[{"embeddable":true,"href":"https:\/\/shop.noor.fi\/sv\/wp-json\/wp\/v2\/comments?post=114569"}],"wp:featuredmedia":[{"embeddable":true,"href":"https:\/\/shop.noor.fi\/sv\/wp-json\/wp\/v2\/media\/85400"}],"wp:attachment":[{"href":"https:\/\/shop.noor.fi\/sv\/wp-json\/wp\/v2\/media?parent=114569"}],"wp:term":[{"taxonomy":"pwb-brand","embeddable":true,"href":"https:\/\/shop.noor.fi\/sv\/wp-json\/wp\/v2\/pwb-brand?post=114569"},{"taxonomy":"product_brand","embeddable":true,"href":"https:\/\/shop.noor.fi\/sv\/wp-json\/wp\/v2\/product_brand?post=114569"},{"taxonomy":"product_cat","embeddable":true,"href":"https:\/\/shop.noor.fi\/sv\/wp-json\/wp\/v2\/product_cat?post=114569"},{"taxonomy":"product_tag","embeddable":true,"href":"https:\/\/shop.noor.fi\/sv\/wp-json\/wp\/v2\/product_tag?post=114569"}],"curies":[{"name":"wp","href":"https:\/\/api.w.org\/{rel}","templated":true}]}}