{"id":114348,"date":"2024-04-25T12:55:09","date_gmt":"2024-04-25T09:55:09","guid":{"rendered":"https:\/\/shop.noor.fi\/product\/justina-solcellsvagglampa-antracit\/"},"modified":"2026-02-02T09:17:25","modified_gmt":"2026-02-02T07:17:25","slug":"justina-solcellsvagglampa-antracit","status":"publish","type":"product","link":"https:\/\/shop.noor.fi\/sv\/produkt\/justina-solcellsvagglampa-antracit\/","title":{"rendered":"Justina solcellsv\u00e4gglampa antracit"},"content":{"rendered":"<p>Justina \u00e4r en solcellsdriven v\u00e4gglampa med en rund, klassisk design. Lampan laddas av solljus under dagen och t\u00e4nds n\u00e4r den uppt\u00e4cker r\u00f6relse efter m\u00f6rkrets inbrott. Perfekt l\u00e4ngs husfasaden eller vid ytterd\u00f6rren f\u00f6r att skapa synlighet n\u00e4r du kommer hem \u2013 utan att du beh\u00f6ver fumla efter kontakten.<br \/>\nF\u00e4rgtemperatur 3000K.<br \/>\nLaddningstid ca 6 timmar.<br \/>\nBatteritid \u00e4r ca 60 aktiveringar.<br \/>\nPlacera lampan s\u00e5 att solen kan n\u00e5 panelen under dagen.<br \/>\nIntegrerad LED, lampan \u00e4r ej utbytbar. Lampan har 5-\u00e5rs LED-garanti.<\/p>\n<p>Bredd 23 cm<br \/>\nDjup 28,5 cm<br \/>\nH\u00f6jd 14,5 cm<\/p>\n<p>Obs!<br \/>\nSolcellspanelen beh\u00f6ver riktas mot solen f\u00f6r optimal laddning av batteri<br \/>\nProdukten har en skymningsrel\u00e4 och lyser d\u00e4rf\u00f6r endast under de m\u00f6rka timmarna<\/p>\n","protected":false},"excerpt":{"rendered":"<p>Justina \u00e4r en solcellsdriven v\u00e4gglampa med en rund, klassisk design. Lampan laddas av solljus under dagen och t\u00e4nds n\u00e4r den uppt\u00e4cker r\u00f6relse efter m\u00f6rkrets inbrott. Perfekt l\u00e4ngs husfasaden eller vid ytterd\u00f6rren f\u00f6r att skapa synlighet n\u00e4r du kommer hem \u2013 utan att du beh\u00f6ver fumla efter kontakten. F\u00e4rgtemperatur 3000K. Laddningstid ca 6 timmar. Batteritid \u00e4r [&hellip;]<\/p>\n","protected":false},"featured_media":98043,"comment_status":"open","ping_status":"closed","template":"","meta":{"_acf_changed":false,"_relevanssi_hide_post":"","_relevanssi_hide_content":"","_relevanssi_pin_for_all":"","_relevanssi_pin_keywords":"","_relevanssi_unpin_keywords":"","_relevanssi_related_keywords":"","_relevanssi_related_include_ids":"","_relevanssi_related_exclude_ids":"","_relevanssi_related_no_append":"","_relevanssi_related_not_related":"","_relevanssi_related_posts":"","_relevanssi_noindex_reason":""},"pwb-brand":[28730],"product_brand":[],"product_cat":[32193,32121],"product_tag":[40762],"class_list":{"0":"post-114348","1":"product","2":"type-product","3":"status-publish","4":"has-post-thumbnail","6":"pwb-brand-nordlux","7":"product_cat-vagglampor-sv-2","8":"product_cat-vagglampor-sv","9":"product_tag-kampanjanl","11":"first","12":"onbackorder","13":"taxable","14":"shipping-taxable","15":"purchasable","16":"product-type-simple"},"acf":[],"yoast_head":"<!-- This site is optimized with the Yoast SEO plugin v27.5 - https:\/\/yoast.com\/product\/yoast-seo-wordpress\/ -->\n<title>Justina solcellsv\u00e4gglampa antracit - Oy Noortrade Ab<\/title>\n<meta name=\"robots\" content=\"index, follow, max-snippet:-1, max-image-preview:large, max-video-preview:-1\" \/>\n<link rel=\"canonical\" href=\"https:\/\/shop.noor.fi\/produkt\/justina-aurinkokennoseinavalaisin-antrasiitti\/\" \/>\n<meta property=\"og:locale\" content=\"sv_SE\" \/>\n<meta property=\"og:type\" content=\"article\" \/>\n<meta property=\"og:title\" content=\"Justina solcellsv\u00e4gglampa antracit - Oy Noortrade Ab\" \/>\n<meta property=\"og:description\" content=\"Justina \u00e4r en solcellsdriven v\u00e4gglampa med en rund, klassisk design. Lampan laddas av solljus under dagen och t\u00e4nds n\u00e4r den uppt\u00e4cker r\u00f6relse efter m\u00f6rkrets inbrott. Perfekt l\u00e4ngs husfasaden eller vid ytterd\u00f6rren f\u00f6r att skapa synlighet n\u00e4r du kommer hem \u2013 utan att du beh\u00f6ver fumla efter kontakten. F\u00e4rgtemperatur 3000K. Laddningstid ca 6 timmar. Batteritid \u00e4r [&hellip;]\" \/>\n<meta property=\"og:url\" content=\"https:\/\/shop.noor.fi\/produkt\/justina-aurinkokennoseinavalaisin-antrasiitti\/\" \/>\n<meta property=\"og:site_name\" content=\"Oy Noortrade Ab\" \/>\n<meta property=\"article:modified_time\" content=\"2026-02-02T07:17:25+00:00\" \/>\n<meta property=\"og:image\" content=\"https:\/\/shop.noor.fi\/wp-content\/uploads\/2024\/04\/5704924017551.jpg\" \/>\n\t<meta property=\"og:image:width\" content=\"2560\" \/>\n\t<meta property=\"og:image:height\" content=\"2560\" \/>\n\t<meta property=\"og:image:type\" content=\"image\/jpeg\" \/>\n<meta name=\"twitter:card\" content=\"summary_large_image\" \/>\n<meta name=\"twitter:label1\" content=\"Ber\u00e4knad l\u00e4stid\" \/>\n\t<meta name=\"twitter:data1\" content=\"1 minut\" \/>\n<script type=\"application\/ld+json\" class=\"yoast-schema-graph\">{\"@context\":\"https:\\\/\\\/schema.org\",\"@graph\":[{\"@type\":\"WebPage\",\"@id\":\"https:\\\/\\\/shop.noor.fi\\\/produkt\\\/justina-aurinkokennoseinavalaisin-antrasiitti\\\/\",\"url\":\"https:\\\/\\\/shop.noor.fi\\\/produkt\\\/justina-aurinkokennoseinavalaisin-antrasiitti\\\/\",\"name\":\"Justina solcellsv\u00e4gglampa antracit - Oy Noortrade Ab\",\"isPartOf\":{\"@id\":\"https:\\\/\\\/shopnoorfi-wp31835.test.cchosting.fi\\\/#website\"},\"primaryImageOfPage\":{\"@id\":\"https:\\\/\\\/shop.noor.fi\\\/produkt\\\/justina-aurinkokennoseinavalaisin-antrasiitti\\\/#primaryimage\"},\"image\":{\"@id\":\"https:\\\/\\\/shop.noor.fi\\\/produkt\\\/justina-aurinkokennoseinavalaisin-antrasiitti\\\/#primaryimage\"},\"thumbnailUrl\":\"https:\\\/\\\/shop.noor.fi\\\/wp-content\\\/uploads\\\/2024\\\/04\\\/5704924017551.jpg\",\"datePublished\":\"2024-04-25T09:55:09+00:00\",\"dateModified\":\"2026-02-02T07:17:25+00:00\",\"breadcrumb\":{\"@id\":\"https:\\\/\\\/shop.noor.fi\\\/produkt\\\/justina-aurinkokennoseinavalaisin-antrasiitti\\\/#breadcrumb\"},\"inLanguage\":\"sv-SE\",\"potentialAction\":[{\"@type\":\"ReadAction\",\"target\":[\"https:\\\/\\\/shop.noor.fi\\\/produkt\\\/justina-aurinkokennoseinavalaisin-antrasiitti\\\/\"]}]},{\"@type\":\"ImageObject\",\"inLanguage\":\"sv-SE\",\"@id\":\"https:\\\/\\\/shop.noor.fi\\\/produkt\\\/justina-aurinkokennoseinavalaisin-antrasiitti\\\/#primaryimage\",\"url\":\"https:\\\/\\\/shop.noor.fi\\\/wp-content\\\/uploads\\\/2024\\\/04\\\/5704924017551.jpg\",\"contentUrl\":\"https:\\\/\\\/shop.noor.fi\\\/wp-content\\\/uploads\\\/2024\\\/04\\\/5704924017551.jpg\",\"width\":2560,\"height\":2560},{\"@type\":\"BreadcrumbList\",\"@id\":\"https:\\\/\\\/shop.noor.fi\\\/produkt\\\/justina-aurinkokennoseinavalaisin-antrasiitti\\\/#breadcrumb\",\"itemListElement\":[{\"@type\":\"ListItem\",\"position\":1,\"name\":\"Etusivu\",\"item\":\"https:\\\/\\\/shop.noor.fi\\\/sv\\\/\"},{\"@type\":\"ListItem\",\"position\":2,\"name\":\"Butik\",\"item\":\"https:\\\/\\\/shopnoorfi-wp31835.test.cchosting.fi\\\/sv\\\/butik\\\/\"},{\"@type\":\"ListItem\",\"position\":3,\"name\":\"Justina solcellsv\u00e4gglampa antracit\"}]},{\"@type\":\"WebSite\",\"@id\":\"https:\\\/\\\/shopnoorfi-wp31835.test.cchosting.fi\\\/#website\",\"url\":\"https:\\\/\\\/shopnoorfi-wp31835.test.cchosting.fi\\\/\",\"name\":\"Oy Noortrade Ab\",\"description\":\"Finnish family owned company with over 30 years of professional experience in lighting &amp; interior products import and sales - reliably.\",\"publisher\":{\"@id\":\"https:\\\/\\\/shopnoorfi-wp31835.test.cchosting.fi\\\/#organization\"},\"potentialAction\":[{\"@type\":\"SearchAction\",\"target\":{\"@type\":\"EntryPoint\",\"urlTemplate\":\"https:\\\/\\\/shopnoorfi-wp31835.test.cchosting.fi\\\/?s={search_term_string}\"},\"query-input\":{\"@type\":\"PropertyValueSpecification\",\"valueRequired\":true,\"valueName\":\"search_term_string\"}}],\"inLanguage\":\"sv-SE\"},{\"@type\":\"Organization\",\"@id\":\"https:\\\/\\\/shopnoorfi-wp31835.test.cchosting.fi\\\/#organization\",\"name\":\"Oy Noortrade Ab\",\"url\":\"https:\\\/\\\/shopnoorfi-wp31835.test.cchosting.fi\\\/\",\"logo\":{\"@type\":\"ImageObject\",\"inLanguage\":\"sv-SE\",\"@id\":\"https:\\\/\\\/shopnoorfi-wp31835.test.cchosting.fi\\\/#\\\/schema\\\/logo\\\/image\\\/\",\"url\":\"https:\\\/\\\/shop.noor.fi\\\/wp-content\\\/uploads\\\/2024\\\/01\\\/Oy-Noortrade-Ab-Corbel-VERSAL-bold-BLACK.png\",\"contentUrl\":\"https:\\\/\\\/shop.noor.fi\\\/wp-content\\\/uploads\\\/2024\\\/01\\\/Oy-Noortrade-Ab-Corbel-VERSAL-bold-BLACK.png\",\"width\":721,\"height\":177,\"caption\":\"Oy Noortrade Ab\"},\"image\":{\"@id\":\"https:\\\/\\\/shopnoorfi-wp31835.test.cchosting.fi\\\/#\\\/schema\\\/logo\\\/image\\\/\"}}]}<\/script>\n<!-- \/ Yoast SEO plugin. -->","yoast_head_json":{"title":"Justina solcellsv\u00e4gglampa antracit - Oy Noortrade Ab","robots":{"index":"index","follow":"follow","max-snippet":"max-snippet:-1","max-image-preview":"max-image-preview:large","max-video-preview":"max-video-preview:-1"},"canonical":"https:\/\/shop.noor.fi\/produkt\/justina-aurinkokennoseinavalaisin-antrasiitti\/","og_locale":"sv_SE","og_type":"article","og_title":"Justina solcellsv\u00e4gglampa antracit - Oy Noortrade Ab","og_description":"Justina \u00e4r en solcellsdriven v\u00e4gglampa med en rund, klassisk design. Lampan laddas av solljus under dagen och t\u00e4nds n\u00e4r den uppt\u00e4cker r\u00f6relse efter m\u00f6rkrets inbrott. Perfekt l\u00e4ngs husfasaden eller vid ytterd\u00f6rren f\u00f6r att skapa synlighet n\u00e4r du kommer hem \u2013 utan att du beh\u00f6ver fumla efter kontakten. F\u00e4rgtemperatur 3000K. Laddningstid ca 6 timmar. Batteritid \u00e4r [&hellip;]","og_url":"https:\/\/shop.noor.fi\/produkt\/justina-aurinkokennoseinavalaisin-antrasiitti\/","og_site_name":"Oy Noortrade Ab","article_modified_time":"2026-02-02T07:17:25+00:00","og_image":[{"width":2560,"height":2560,"url":"https:\/\/shop.noor.fi\/wp-content\/uploads\/2024\/04\/5704924017551.jpg","type":"image\/jpeg"}],"twitter_card":"summary_large_image","twitter_misc":{"Ber\u00e4knad l\u00e4stid":"1 minut"},"schema":{"@context":"https:\/\/schema.org","@graph":[{"@type":"WebPage","@id":"https:\/\/shop.noor.fi\/produkt\/justina-aurinkokennoseinavalaisin-antrasiitti\/","url":"https:\/\/shop.noor.fi\/produkt\/justina-aurinkokennoseinavalaisin-antrasiitti\/","name":"Justina solcellsv\u00e4gglampa antracit - Oy Noortrade Ab","isPartOf":{"@id":"https:\/\/shopnoorfi-wp31835.test.cchosting.fi\/#website"},"primaryImageOfPage":{"@id":"https:\/\/shop.noor.fi\/produkt\/justina-aurinkokennoseinavalaisin-antrasiitti\/#primaryimage"},"image":{"@id":"https:\/\/shop.noor.fi\/produkt\/justina-aurinkokennoseinavalaisin-antrasiitti\/#primaryimage"},"thumbnailUrl":"https:\/\/shop.noor.fi\/wp-content\/uploads\/2024\/04\/5704924017551.jpg","datePublished":"2024-04-25T09:55:09+00:00","dateModified":"2026-02-02T07:17:25+00:00","breadcrumb":{"@id":"https:\/\/shop.noor.fi\/produkt\/justina-aurinkokennoseinavalaisin-antrasiitti\/#breadcrumb"},"inLanguage":"sv-SE","potentialAction":[{"@type":"ReadAction","target":["https:\/\/shop.noor.fi\/produkt\/justina-aurinkokennoseinavalaisin-antrasiitti\/"]}]},{"@type":"ImageObject","inLanguage":"sv-SE","@id":"https:\/\/shop.noor.fi\/produkt\/justina-aurinkokennoseinavalaisin-antrasiitti\/#primaryimage","url":"https:\/\/shop.noor.fi\/wp-content\/uploads\/2024\/04\/5704924017551.jpg","contentUrl":"https:\/\/shop.noor.fi\/wp-content\/uploads\/2024\/04\/5704924017551.jpg","width":2560,"height":2560},{"@type":"BreadcrumbList","@id":"https:\/\/shop.noor.fi\/produkt\/justina-aurinkokennoseinavalaisin-antrasiitti\/#breadcrumb","itemListElement":[{"@type":"ListItem","position":1,"name":"Etusivu","item":"https:\/\/shop.noor.fi\/sv\/"},{"@type":"ListItem","position":2,"name":"Butik","item":"https:\/\/shopnoorfi-wp31835.test.cchosting.fi\/sv\/butik\/"},{"@type":"ListItem","position":3,"name":"Justina solcellsv\u00e4gglampa antracit"}]},{"@type":"WebSite","@id":"https:\/\/shopnoorfi-wp31835.test.cchosting.fi\/#website","url":"https:\/\/shopnoorfi-wp31835.test.cchosting.fi\/","name":"Oy Noortrade Ab","description":"Finnish family owned company with over 30 years of professional experience in lighting &amp; interior products import and sales - reliably.","publisher":{"@id":"https:\/\/shopnoorfi-wp31835.test.cchosting.fi\/#organization"},"potentialAction":[{"@type":"SearchAction","target":{"@type":"EntryPoint","urlTemplate":"https:\/\/shopnoorfi-wp31835.test.cchosting.fi\/?s={search_term_string}"},"query-input":{"@type":"PropertyValueSpecification","valueRequired":true,"valueName":"search_term_string"}}],"inLanguage":"sv-SE"},{"@type":"Organization","@id":"https:\/\/shopnoorfi-wp31835.test.cchosting.fi\/#organization","name":"Oy Noortrade Ab","url":"https:\/\/shopnoorfi-wp31835.test.cchosting.fi\/","logo":{"@type":"ImageObject","inLanguage":"sv-SE","@id":"https:\/\/shopnoorfi-wp31835.test.cchosting.fi\/#\/schema\/logo\/image\/","url":"https:\/\/shop.noor.fi\/wp-content\/uploads\/2024\/01\/Oy-Noortrade-Ab-Corbel-VERSAL-bold-BLACK.png","contentUrl":"https:\/\/shop.noor.fi\/wp-content\/uploads\/2024\/01\/Oy-Noortrade-Ab-Corbel-VERSAL-bold-BLACK.png","width":721,"height":177,"caption":"Oy Noortrade Ab"},"image":{"@id":"https:\/\/shopnoorfi-wp31835.test.cchosting.fi\/#\/schema\/logo\/image\/"}}]}},"brands":[{"id":28730,"name":"Nordlux","slug":"nordlux"}],"_links":{"self":[{"href":"https:\/\/shop.noor.fi\/sv\/wp-json\/wp\/v2\/product\/114348","targetHints":{"allow":["GET"]}}],"collection":[{"href":"https:\/\/shop.noor.fi\/sv\/wp-json\/wp\/v2\/product"}],"about":[{"href":"https:\/\/shop.noor.fi\/sv\/wp-json\/wp\/v2\/types\/product"}],"replies":[{"embeddable":true,"href":"https:\/\/shop.noor.fi\/sv\/wp-json\/wp\/v2\/comments?post=114348"}],"wp:featuredmedia":[{"embeddable":true,"href":"https:\/\/shop.noor.fi\/sv\/wp-json\/wp\/v2\/media\/98043"}],"wp:attachment":[{"href":"https:\/\/shop.noor.fi\/sv\/wp-json\/wp\/v2\/media?parent=114348"}],"wp:term":[{"taxonomy":"pwb-brand","embeddable":true,"href":"https:\/\/shop.noor.fi\/sv\/wp-json\/wp\/v2\/pwb-brand?post=114348"},{"taxonomy":"product_brand","embeddable":true,"href":"https:\/\/shop.noor.fi\/sv\/wp-json\/wp\/v2\/product_brand?post=114348"},{"taxonomy":"product_cat","embeddable":true,"href":"https:\/\/shop.noor.fi\/sv\/wp-json\/wp\/v2\/product_cat?post=114348"},{"taxonomy":"product_tag","embeddable":true,"href":"https:\/\/shop.noor.fi\/sv\/wp-json\/wp\/v2\/product_tag?post=114348"}],"curies":[{"name":"wp","href":"https:\/\/api.w.org\/{rel}","templated":true}]}}