{"id":114339,"date":"2024-04-25T15:08:50","date_gmt":"2024-04-25T12:08:50","guid":{"rendered":"https:\/\/shop.noor.fi\/product\/milford-mini-3-delad-taklampa-svart-opalvit\/"},"modified":"2026-01-20T18:19:17","modified_gmt":"2026-01-20T16:19:17","slug":"milford-mini-3-delad-taklampa-svart-opalvit","status":"publish","type":"product","link":"https:\/\/shop.noor.fi\/sv\/produkt\/milford-mini-3-delad-taklampa-svart-opalvit\/","title":{"rendered":"Milford Mini 3-delad taklampa svart\/opalvit"},"content":{"rendered":"<p>Milford Mini \u00e4r en dekorativ taklampa d\u00e4r det opalvita munbl\u00e5sta glaset skapar ett mjukt och n\u00e4stan plisserat utseende. Designen \u00e4r enkel och modern med en blandning av opalglas och svart metall. Kombinationen av de organiska formerna och den r\u00e4fflade ytan skapar elegans och l\u00e5ter ett mjukt ljus sprida sig i hela rummet.<br \/>\nFast installation, kopplingsplint.<br \/>\nE14, max 3 x 25W. Ljusk\u00e4llor ing\u00e5r ej.<\/p>\n<p>Diameter 25 cm<br \/>\nH\u00f6jd 19 cm<br \/>\nGlassk\u00e4rm 10 cm i diameter<\/p>\n","protected":false},"excerpt":{"rendered":"<p>Milford Mini \u00e4r en dekorativ taklampa d\u00e4r det opalvita munbl\u00e5sta glaset skapar ett mjukt och n\u00e4stan plisserat utseende. Designen \u00e4r enkel och modern med en blandning av opalglas och svart metall. Kombinationen av de organiska formerna och den r\u00e4fflade ytan skapar elegans och l\u00e5ter ett mjukt ljus sprida sig i hela rummet. Fast installation, kopplingsplint. [&hellip;]<\/p>\n","protected":false},"featured_media":98729,"comment_status":"open","ping_status":"closed","template":"","meta":{"_acf_changed":false,"_relevanssi_hide_post":"","_relevanssi_hide_content":"","_relevanssi_pin_for_all":"","_relevanssi_pin_keywords":"","_relevanssi_unpin_keywords":"","_relevanssi_related_keywords":"","_relevanssi_related_include_ids":"","_relevanssi_related_exclude_ids":"","_relevanssi_related_no_append":"","_relevanssi_related_not_related":"","_relevanssi_related_posts":"","_relevanssi_noindex_reason":""},"pwb-brand":[28730],"product_brand":[],"product_cat":[32096],"product_tag":[],"class_list":{"0":"post-114339","1":"product","2":"type-product","3":"status-publish","4":"has-post-thumbnail","6":"pwb-brand-nordlux","7":"product_cat-plafonder-och-takarmaturer","9":"first","10":"instock","11":"taxable","12":"shipping-taxable","13":"purchasable","14":"product-type-simple"},"acf":[],"yoast_head":"<!-- This site is optimized with the Yoast SEO plugin v27.5 - https:\/\/yoast.com\/product\/yoast-seo-wordpress\/ -->\n<title>Milford Mini 3-delad taklampa svart\/opalvit - Oy Noortrade Ab<\/title>\n<meta name=\"robots\" content=\"index, follow, max-snippet:-1, max-image-preview:large, max-video-preview:-1\" \/>\n<link rel=\"canonical\" href=\"https:\/\/shop.noor.fi\/produkt\/milford-mini-3-osainen-kattovalaisin-musta-opaali\/\" \/>\n<meta property=\"og:locale\" content=\"sv_SE\" \/>\n<meta property=\"og:type\" content=\"article\" \/>\n<meta property=\"og:title\" content=\"Milford Mini 3-delad taklampa svart\/opalvit - Oy Noortrade Ab\" \/>\n<meta property=\"og:description\" content=\"Milford Mini \u00e4r en dekorativ taklampa d\u00e4r det opalvita munbl\u00e5sta glaset skapar ett mjukt och n\u00e4stan plisserat utseende. Designen \u00e4r enkel och modern med en blandning av opalglas och svart metall. Kombinationen av de organiska formerna och den r\u00e4fflade ytan skapar elegans och l\u00e5ter ett mjukt ljus sprida sig i hela rummet. Fast installation, kopplingsplint. [&hellip;]\" \/>\n<meta property=\"og:url\" content=\"https:\/\/shop.noor.fi\/produkt\/milford-mini-3-osainen-kattovalaisin-musta-opaali\/\" \/>\n<meta property=\"og:site_name\" content=\"Oy Noortrade Ab\" \/>\n<meta property=\"article:modified_time\" content=\"2026-01-20T16:19:17+00:00\" \/>\n<meta property=\"og:image\" content=\"https:\/\/shop.noor.fi\/wp-content\/uploads\/2024\/04\/5704924018657.jpg\" \/>\n\t<meta property=\"og:image:width\" content=\"2560\" \/>\n\t<meta property=\"og:image:height\" content=\"2560\" \/>\n\t<meta property=\"og:image:type\" content=\"image\/jpeg\" \/>\n<meta name=\"twitter:card\" content=\"summary_large_image\" \/>\n<script type=\"application\/ld+json\" class=\"yoast-schema-graph\">{\"@context\":\"https:\\\/\\\/schema.org\",\"@graph\":[{\"@type\":\"WebPage\",\"@id\":\"https:\\\/\\\/shop.noor.fi\\\/produkt\\\/milford-mini-3-osainen-kattovalaisin-musta-opaali\\\/\",\"url\":\"https:\\\/\\\/shop.noor.fi\\\/produkt\\\/milford-mini-3-osainen-kattovalaisin-musta-opaali\\\/\",\"name\":\"Milford Mini 3-delad taklampa svart\\\/opalvit - Oy Noortrade Ab\",\"isPartOf\":{\"@id\":\"https:\\\/\\\/shopnoorfi-wp31835.test.cchosting.fi\\\/#website\"},\"primaryImageOfPage\":{\"@id\":\"https:\\\/\\\/shop.noor.fi\\\/produkt\\\/milford-mini-3-osainen-kattovalaisin-musta-opaali\\\/#primaryimage\"},\"image\":{\"@id\":\"https:\\\/\\\/shop.noor.fi\\\/produkt\\\/milford-mini-3-osainen-kattovalaisin-musta-opaali\\\/#primaryimage\"},\"thumbnailUrl\":\"https:\\\/\\\/shop.noor.fi\\\/wp-content\\\/uploads\\\/2024\\\/04\\\/5704924018657.jpg\",\"datePublished\":\"2024-04-25T12:08:50+00:00\",\"dateModified\":\"2026-01-20T16:19:17+00:00\",\"breadcrumb\":{\"@id\":\"https:\\\/\\\/shop.noor.fi\\\/produkt\\\/milford-mini-3-osainen-kattovalaisin-musta-opaali\\\/#breadcrumb\"},\"inLanguage\":\"sv-SE\",\"potentialAction\":[{\"@type\":\"ReadAction\",\"target\":[\"https:\\\/\\\/shop.noor.fi\\\/produkt\\\/milford-mini-3-osainen-kattovalaisin-musta-opaali\\\/\"]}]},{\"@type\":\"ImageObject\",\"inLanguage\":\"sv-SE\",\"@id\":\"https:\\\/\\\/shop.noor.fi\\\/produkt\\\/milford-mini-3-osainen-kattovalaisin-musta-opaali\\\/#primaryimage\",\"url\":\"https:\\\/\\\/shop.noor.fi\\\/wp-content\\\/uploads\\\/2024\\\/04\\\/5704924018657.jpg\",\"contentUrl\":\"https:\\\/\\\/shop.noor.fi\\\/wp-content\\\/uploads\\\/2024\\\/04\\\/5704924018657.jpg\",\"width\":2560,\"height\":2560},{\"@type\":\"BreadcrumbList\",\"@id\":\"https:\\\/\\\/shop.noor.fi\\\/produkt\\\/milford-mini-3-osainen-kattovalaisin-musta-opaali\\\/#breadcrumb\",\"itemListElement\":[{\"@type\":\"ListItem\",\"position\":1,\"name\":\"Etusivu\",\"item\":\"https:\\\/\\\/shop.noor.fi\\\/sv\\\/\"},{\"@type\":\"ListItem\",\"position\":2,\"name\":\"Butik\",\"item\":\"https:\\\/\\\/shopnoorfi-wp31835.test.cchosting.fi\\\/sv\\\/butik\\\/\"},{\"@type\":\"ListItem\",\"position\":3,\"name\":\"Milford Mini 3-delad taklampa svart\\\/opalvit\"}]},{\"@type\":\"WebSite\",\"@id\":\"https:\\\/\\\/shopnoorfi-wp31835.test.cchosting.fi\\\/#website\",\"url\":\"https:\\\/\\\/shopnoorfi-wp31835.test.cchosting.fi\\\/\",\"name\":\"Oy Noortrade Ab\",\"description\":\"Finnish family owned company with over 30 years of professional experience in lighting &amp; interior products import and sales - reliably.\",\"publisher\":{\"@id\":\"https:\\\/\\\/shopnoorfi-wp31835.test.cchosting.fi\\\/#organization\"},\"potentialAction\":[{\"@type\":\"SearchAction\",\"target\":{\"@type\":\"EntryPoint\",\"urlTemplate\":\"https:\\\/\\\/shopnoorfi-wp31835.test.cchosting.fi\\\/?s={search_term_string}\"},\"query-input\":{\"@type\":\"PropertyValueSpecification\",\"valueRequired\":true,\"valueName\":\"search_term_string\"}}],\"inLanguage\":\"sv-SE\"},{\"@type\":\"Organization\",\"@id\":\"https:\\\/\\\/shopnoorfi-wp31835.test.cchosting.fi\\\/#organization\",\"name\":\"Oy Noortrade Ab\",\"url\":\"https:\\\/\\\/shopnoorfi-wp31835.test.cchosting.fi\\\/\",\"logo\":{\"@type\":\"ImageObject\",\"inLanguage\":\"sv-SE\",\"@id\":\"https:\\\/\\\/shopnoorfi-wp31835.test.cchosting.fi\\\/#\\\/schema\\\/logo\\\/image\\\/\",\"url\":\"https:\\\/\\\/shop.noor.fi\\\/wp-content\\\/uploads\\\/2024\\\/01\\\/Oy-Noortrade-Ab-Corbel-VERSAL-bold-BLACK.png\",\"contentUrl\":\"https:\\\/\\\/shop.noor.fi\\\/wp-content\\\/uploads\\\/2024\\\/01\\\/Oy-Noortrade-Ab-Corbel-VERSAL-bold-BLACK.png\",\"width\":721,\"height\":177,\"caption\":\"Oy Noortrade Ab\"},\"image\":{\"@id\":\"https:\\\/\\\/shopnoorfi-wp31835.test.cchosting.fi\\\/#\\\/schema\\\/logo\\\/image\\\/\"}}]}<\/script>\n<!-- \/ Yoast SEO plugin. -->","yoast_head_json":{"title":"Milford Mini 3-delad taklampa svart\/opalvit - Oy Noortrade Ab","robots":{"index":"index","follow":"follow","max-snippet":"max-snippet:-1","max-image-preview":"max-image-preview:large","max-video-preview":"max-video-preview:-1"},"canonical":"https:\/\/shop.noor.fi\/produkt\/milford-mini-3-osainen-kattovalaisin-musta-opaali\/","og_locale":"sv_SE","og_type":"article","og_title":"Milford Mini 3-delad taklampa svart\/opalvit - Oy Noortrade Ab","og_description":"Milford Mini \u00e4r en dekorativ taklampa d\u00e4r det opalvita munbl\u00e5sta glaset skapar ett mjukt och n\u00e4stan plisserat utseende. Designen \u00e4r enkel och modern med en blandning av opalglas och svart metall. Kombinationen av de organiska formerna och den r\u00e4fflade ytan skapar elegans och l\u00e5ter ett mjukt ljus sprida sig i hela rummet. Fast installation, kopplingsplint. [&hellip;]","og_url":"https:\/\/shop.noor.fi\/produkt\/milford-mini-3-osainen-kattovalaisin-musta-opaali\/","og_site_name":"Oy Noortrade Ab","article_modified_time":"2026-01-20T16:19:17+00:00","og_image":[{"width":2560,"height":2560,"url":"https:\/\/shop.noor.fi\/wp-content\/uploads\/2024\/04\/5704924018657.jpg","type":"image\/jpeg"}],"twitter_card":"summary_large_image","schema":{"@context":"https:\/\/schema.org","@graph":[{"@type":"WebPage","@id":"https:\/\/shop.noor.fi\/produkt\/milford-mini-3-osainen-kattovalaisin-musta-opaali\/","url":"https:\/\/shop.noor.fi\/produkt\/milford-mini-3-osainen-kattovalaisin-musta-opaali\/","name":"Milford Mini 3-delad taklampa svart\/opalvit - Oy Noortrade Ab","isPartOf":{"@id":"https:\/\/shopnoorfi-wp31835.test.cchosting.fi\/#website"},"primaryImageOfPage":{"@id":"https:\/\/shop.noor.fi\/produkt\/milford-mini-3-osainen-kattovalaisin-musta-opaali\/#primaryimage"},"image":{"@id":"https:\/\/shop.noor.fi\/produkt\/milford-mini-3-osainen-kattovalaisin-musta-opaali\/#primaryimage"},"thumbnailUrl":"https:\/\/shop.noor.fi\/wp-content\/uploads\/2024\/04\/5704924018657.jpg","datePublished":"2024-04-25T12:08:50+00:00","dateModified":"2026-01-20T16:19:17+00:00","breadcrumb":{"@id":"https:\/\/shop.noor.fi\/produkt\/milford-mini-3-osainen-kattovalaisin-musta-opaali\/#breadcrumb"},"inLanguage":"sv-SE","potentialAction":[{"@type":"ReadAction","target":["https:\/\/shop.noor.fi\/produkt\/milford-mini-3-osainen-kattovalaisin-musta-opaali\/"]}]},{"@type":"ImageObject","inLanguage":"sv-SE","@id":"https:\/\/shop.noor.fi\/produkt\/milford-mini-3-osainen-kattovalaisin-musta-opaali\/#primaryimage","url":"https:\/\/shop.noor.fi\/wp-content\/uploads\/2024\/04\/5704924018657.jpg","contentUrl":"https:\/\/shop.noor.fi\/wp-content\/uploads\/2024\/04\/5704924018657.jpg","width":2560,"height":2560},{"@type":"BreadcrumbList","@id":"https:\/\/shop.noor.fi\/produkt\/milford-mini-3-osainen-kattovalaisin-musta-opaali\/#breadcrumb","itemListElement":[{"@type":"ListItem","position":1,"name":"Etusivu","item":"https:\/\/shop.noor.fi\/sv\/"},{"@type":"ListItem","position":2,"name":"Butik","item":"https:\/\/shopnoorfi-wp31835.test.cchosting.fi\/sv\/butik\/"},{"@type":"ListItem","position":3,"name":"Milford Mini 3-delad taklampa svart\/opalvit"}]},{"@type":"WebSite","@id":"https:\/\/shopnoorfi-wp31835.test.cchosting.fi\/#website","url":"https:\/\/shopnoorfi-wp31835.test.cchosting.fi\/","name":"Oy Noortrade Ab","description":"Finnish family owned company with over 30 years of professional experience in lighting &amp; interior products import and sales - reliably.","publisher":{"@id":"https:\/\/shopnoorfi-wp31835.test.cchosting.fi\/#organization"},"potentialAction":[{"@type":"SearchAction","target":{"@type":"EntryPoint","urlTemplate":"https:\/\/shopnoorfi-wp31835.test.cchosting.fi\/?s={search_term_string}"},"query-input":{"@type":"PropertyValueSpecification","valueRequired":true,"valueName":"search_term_string"}}],"inLanguage":"sv-SE"},{"@type":"Organization","@id":"https:\/\/shopnoorfi-wp31835.test.cchosting.fi\/#organization","name":"Oy Noortrade Ab","url":"https:\/\/shopnoorfi-wp31835.test.cchosting.fi\/","logo":{"@type":"ImageObject","inLanguage":"sv-SE","@id":"https:\/\/shopnoorfi-wp31835.test.cchosting.fi\/#\/schema\/logo\/image\/","url":"https:\/\/shop.noor.fi\/wp-content\/uploads\/2024\/01\/Oy-Noortrade-Ab-Corbel-VERSAL-bold-BLACK.png","contentUrl":"https:\/\/shop.noor.fi\/wp-content\/uploads\/2024\/01\/Oy-Noortrade-Ab-Corbel-VERSAL-bold-BLACK.png","width":721,"height":177,"caption":"Oy Noortrade Ab"},"image":{"@id":"https:\/\/shopnoorfi-wp31835.test.cchosting.fi\/#\/schema\/logo\/image\/"}}]}},"brands":[{"id":28730,"name":"Nordlux","slug":"nordlux"}],"_links":{"self":[{"href":"https:\/\/shop.noor.fi\/sv\/wp-json\/wp\/v2\/product\/114339","targetHints":{"allow":["GET"]}}],"collection":[{"href":"https:\/\/shop.noor.fi\/sv\/wp-json\/wp\/v2\/product"}],"about":[{"href":"https:\/\/shop.noor.fi\/sv\/wp-json\/wp\/v2\/types\/product"}],"replies":[{"embeddable":true,"href":"https:\/\/shop.noor.fi\/sv\/wp-json\/wp\/v2\/comments?post=114339"}],"wp:featuredmedia":[{"embeddable":true,"href":"https:\/\/shop.noor.fi\/sv\/wp-json\/wp\/v2\/media\/98729"}],"wp:attachment":[{"href":"https:\/\/shop.noor.fi\/sv\/wp-json\/wp\/v2\/media?parent=114339"}],"wp:term":[{"taxonomy":"pwb-brand","embeddable":true,"href":"https:\/\/shop.noor.fi\/sv\/wp-json\/wp\/v2\/pwb-brand?post=114339"},{"taxonomy":"product_brand","embeddable":true,"href":"https:\/\/shop.noor.fi\/sv\/wp-json\/wp\/v2\/product_brand?post=114339"},{"taxonomy":"product_cat","embeddable":true,"href":"https:\/\/shop.noor.fi\/sv\/wp-json\/wp\/v2\/product_cat?post=114339"},{"taxonomy":"product_tag","embeddable":true,"href":"https:\/\/shop.noor.fi\/sv\/wp-json\/wp\/v2\/product_tag?post=114339"}],"curies":[{"name":"wp","href":"https:\/\/api.w.org\/{rel}","templated":true}]}}