{"id":114324,"date":"2024-04-25T15:13:03","date_gmt":"2024-04-25T12:13:03","guid":{"rendered":"https:\/\/shop.noor.fi\/product\/ilgas-pendel-trafarg\/"},"modified":"2026-02-08T02:35:38","modified_gmt":"2026-02-08T00:35:38","slug":"ilgas-pendel-trafarg","status":"publish","type":"product","link":"https:\/\/shop.noor.fi\/sv\/produkt\/ilgas-pendel-trafarg\/","title":{"rendered":"Ilgas pendel tr\u00e4f\u00e4rg"},"content":{"rendered":"<p>Slimmad, skandinavisk design och en str\u00f6mlinjeformad estetik k\u00e4nnetecknar Ilgas. H\u00e4ng pendellampan \u00f6ver matbordet eller k\u00f6ks\u00f6n och skapa det perfekta ljuset som kan dimmas efter dina \u00f6nskem\u00e5l.<br \/>\nLjusk\u00e4llan \u00e4r en integrerad LED som inte kan bytas ut. Lampan har en 5 \u00e5rs LED-garanti.<br \/>\nFast installation, kopplingsplint.<\/p>\n<p>Bredd 115 cm<br \/>\nDjup 5 cm<br \/>\nH\u00f6jd 4,4 cm<br \/>\nTakf\u00e4stets bredd 55 cm, djup 5 cm<\/p>\n","protected":false},"excerpt":{"rendered":"<p>Slimmad, skandinavisk design och en str\u00f6mlinjeformad estetik k\u00e4nnetecknar Ilgas. H\u00e4ng pendellampan \u00f6ver matbordet eller k\u00f6ks\u00f6n och skapa det perfekta ljuset som kan dimmas efter dina \u00f6nskem\u00e5l. Ljusk\u00e4llan \u00e4r en integrerad LED som inte kan bytas ut. Lampan har en 5 \u00e5rs LED-garanti. Fast installation, kopplingsplint. Bredd 115 cm Djup 5 cm H\u00f6jd 4,4 cm Takf\u00e4stets [&hellip;]<\/p>\n","protected":false},"featured_media":98384,"comment_status":"open","ping_status":"closed","template":"","meta":{"_acf_changed":false,"_relevanssi_hide_post":"","_relevanssi_hide_content":"","_relevanssi_pin_for_all":"","_relevanssi_pin_keywords":"","_relevanssi_unpin_keywords":"","_relevanssi_related_keywords":"","_relevanssi_related_include_ids":"","_relevanssi_related_exclude_ids":"","_relevanssi_related_no_append":"","_relevanssi_related_not_related":"","_relevanssi_related_posts":"","_relevanssi_noindex_reason":""},"pwb-brand":[37488],"product_brand":[],"product_cat":[32115],"product_tag":[],"class_list":{"0":"post-114324","1":"product","2":"type-product","3":"status-publish","4":"has-post-thumbnail","6":"pwb-brand-nordlux-sv","7":"product_cat-pendlar","9":"first","10":"instock","11":"taxable","12":"shipping-taxable","13":"purchasable","14":"product-type-simple"},"acf":[],"yoast_head":"<!-- This site is optimized with the Yoast SEO plugin v27.6 - https:\/\/yoast.com\/product\/yoast-seo-wordpress\/ -->\n<title>Ilgas pendel tr\u00e4f\u00e4rg - Oy Noortrade Ab<\/title>\n<meta name=\"robots\" content=\"index, follow, max-snippet:-1, max-image-preview:large, max-video-preview:-1\" \/>\n<link rel=\"canonical\" href=\"https:\/\/shop.noor.fi\/sv\/produkt\/ilgas-pendel-trafarg\/\" \/>\n<meta property=\"og:locale\" content=\"sv_SE\" \/>\n<meta property=\"og:type\" content=\"article\" \/>\n<meta property=\"og:title\" content=\"Ilgas pendel tr\u00e4f\u00e4rg - Oy Noortrade Ab\" \/>\n<meta property=\"og:description\" content=\"Slimmad, skandinavisk design och en str\u00f6mlinjeformad estetik k\u00e4nnetecknar Ilgas. H\u00e4ng pendellampan \u00f6ver matbordet eller k\u00f6ks\u00f6n och skapa det perfekta ljuset som kan dimmas efter dina \u00f6nskem\u00e5l. Ljusk\u00e4llan \u00e4r en integrerad LED som inte kan bytas ut. Lampan har en 5 \u00e5rs LED-garanti. Fast installation, kopplingsplint. Bredd 115 cm Djup 5 cm H\u00f6jd 4,4 cm Takf\u00e4stets [&hellip;]\" \/>\n<meta property=\"og:url\" content=\"https:\/\/shop.noor.fi\/sv\/produkt\/ilgas-pendel-trafarg\/\" \/>\n<meta property=\"og:site_name\" content=\"Oy Noortrade Ab\" \/>\n<meta property=\"article:modified_time\" content=\"2026-02-08T00:35:38+00:00\" \/>\n<meta property=\"og:image\" content=\"https:\/\/shop.noor.fi\/wp-content\/uploads\/2024\/04\/5704924018336.jpg\" \/>\n\t<meta property=\"og:image:width\" content=\"2560\" \/>\n\t<meta property=\"og:image:height\" content=\"2560\" \/>\n\t<meta property=\"og:image:type\" content=\"image\/jpeg\" \/>\n<meta name=\"twitter:card\" content=\"summary_large_image\" \/>\n<script type=\"application\/ld+json\" class=\"yoast-schema-graph\">{\"@context\":\"https:\\\/\\\/schema.org\",\"@graph\":[{\"@type\":\"WebPage\",\"@id\":\"https:\\\/\\\/shop.noor.fi\\\/sv\\\/produkt\\\/ilgas-pendel-trafarg\\\/\",\"url\":\"https:\\\/\\\/shop.noor.fi\\\/sv\\\/produkt\\\/ilgas-pendel-trafarg\\\/\",\"name\":\"Ilgas pendel tr\u00e4f\u00e4rg - Oy Noortrade Ab\",\"isPartOf\":{\"@id\":\"https:\\\/\\\/shopnoorfi-wp31835.test.cchosting.fi\\\/#website\"},\"primaryImageOfPage\":{\"@id\":\"https:\\\/\\\/shop.noor.fi\\\/sv\\\/produkt\\\/ilgas-pendel-trafarg\\\/#primaryimage\"},\"image\":{\"@id\":\"https:\\\/\\\/shop.noor.fi\\\/sv\\\/produkt\\\/ilgas-pendel-trafarg\\\/#primaryimage\"},\"thumbnailUrl\":\"https:\\\/\\\/shop.noor.fi\\\/wp-content\\\/uploads\\\/2024\\\/04\\\/5704924018336.jpg\",\"datePublished\":\"2024-04-25T12:13:03+00:00\",\"dateModified\":\"2026-02-08T00:35:38+00:00\",\"breadcrumb\":{\"@id\":\"https:\\\/\\\/shop.noor.fi\\\/sv\\\/produkt\\\/ilgas-pendel-trafarg\\\/#breadcrumb\"},\"inLanguage\":\"sv-SE\",\"potentialAction\":[{\"@type\":\"ReadAction\",\"target\":[\"https:\\\/\\\/shop.noor.fi\\\/sv\\\/produkt\\\/ilgas-pendel-trafarg\\\/\"]}]},{\"@type\":\"ImageObject\",\"inLanguage\":\"sv-SE\",\"@id\":\"https:\\\/\\\/shop.noor.fi\\\/sv\\\/produkt\\\/ilgas-pendel-trafarg\\\/#primaryimage\",\"url\":\"https:\\\/\\\/shop.noor.fi\\\/wp-content\\\/uploads\\\/2024\\\/04\\\/5704924018336.jpg\",\"contentUrl\":\"https:\\\/\\\/shop.noor.fi\\\/wp-content\\\/uploads\\\/2024\\\/04\\\/5704924018336.jpg\",\"width\":2560,\"height\":2560},{\"@type\":\"BreadcrumbList\",\"@id\":\"https:\\\/\\\/shop.noor.fi\\\/sv\\\/produkt\\\/ilgas-pendel-trafarg\\\/#breadcrumb\",\"itemListElement\":[{\"@type\":\"ListItem\",\"position\":1,\"name\":\"Etusivu\",\"item\":\"https:\\\/\\\/shop.noor.fi\\\/sv\\\/\"},{\"@type\":\"ListItem\",\"position\":2,\"name\":\"Butik\",\"item\":\"https:\\\/\\\/shopnoorfi-wp31835.test.cchosting.fi\\\/sv\\\/butik\\\/\"},{\"@type\":\"ListItem\",\"position\":3,\"name\":\"Ilgas pendel tr\u00e4f\u00e4rg\"}]},{\"@type\":\"WebSite\",\"@id\":\"https:\\\/\\\/shopnoorfi-wp31835.test.cchosting.fi\\\/#website\",\"url\":\"https:\\\/\\\/shopnoorfi-wp31835.test.cchosting.fi\\\/\",\"name\":\"Oy Noortrade Ab\",\"description\":\"Finnish family owned company with over 30 years of professional experience in lighting &amp; interior products import and sales - reliably.\",\"publisher\":{\"@id\":\"https:\\\/\\\/shopnoorfi-wp31835.test.cchosting.fi\\\/#organization\"},\"potentialAction\":[{\"@type\":\"SearchAction\",\"target\":{\"@type\":\"EntryPoint\",\"urlTemplate\":\"https:\\\/\\\/shopnoorfi-wp31835.test.cchosting.fi\\\/?s={search_term_string}\"},\"query-input\":{\"@type\":\"PropertyValueSpecification\",\"valueRequired\":true,\"valueName\":\"search_term_string\"}}],\"inLanguage\":\"sv-SE\"},{\"@type\":\"Organization\",\"@id\":\"https:\\\/\\\/shopnoorfi-wp31835.test.cchosting.fi\\\/#organization\",\"name\":\"Oy Noortrade Ab\",\"url\":\"https:\\\/\\\/shopnoorfi-wp31835.test.cchosting.fi\\\/\",\"logo\":{\"@type\":\"ImageObject\",\"inLanguage\":\"sv-SE\",\"@id\":\"https:\\\/\\\/shopnoorfi-wp31835.test.cchosting.fi\\\/#\\\/schema\\\/logo\\\/image\\\/\",\"url\":\"https:\\\/\\\/shop.noor.fi\\\/wp-content\\\/uploads\\\/2024\\\/01\\\/Oy-Noortrade-Ab-Corbel-VERSAL-bold-BLACK.png\",\"contentUrl\":\"https:\\\/\\\/shop.noor.fi\\\/wp-content\\\/uploads\\\/2024\\\/01\\\/Oy-Noortrade-Ab-Corbel-VERSAL-bold-BLACK.png\",\"width\":721,\"height\":177,\"caption\":\"Oy Noortrade Ab\"},\"image\":{\"@id\":\"https:\\\/\\\/shopnoorfi-wp31835.test.cchosting.fi\\\/#\\\/schema\\\/logo\\\/image\\\/\"}}]}<\/script>\n<!-- \/ Yoast SEO plugin. -->","yoast_head_json":{"title":"Ilgas pendel tr\u00e4f\u00e4rg - Oy Noortrade Ab","robots":{"index":"index","follow":"follow","max-snippet":"max-snippet:-1","max-image-preview":"max-image-preview:large","max-video-preview":"max-video-preview:-1"},"canonical":"https:\/\/shop.noor.fi\/sv\/produkt\/ilgas-pendel-trafarg\/","og_locale":"sv_SE","og_type":"article","og_title":"Ilgas pendel tr\u00e4f\u00e4rg - Oy Noortrade Ab","og_description":"Slimmad, skandinavisk design och en str\u00f6mlinjeformad estetik k\u00e4nnetecknar Ilgas. H\u00e4ng pendellampan \u00f6ver matbordet eller k\u00f6ks\u00f6n och skapa det perfekta ljuset som kan dimmas efter dina \u00f6nskem\u00e5l. Ljusk\u00e4llan \u00e4r en integrerad LED som inte kan bytas ut. Lampan har en 5 \u00e5rs LED-garanti. Fast installation, kopplingsplint. Bredd 115 cm Djup 5 cm H\u00f6jd 4,4 cm Takf\u00e4stets [&hellip;]","og_url":"https:\/\/shop.noor.fi\/sv\/produkt\/ilgas-pendel-trafarg\/","og_site_name":"Oy Noortrade Ab","article_modified_time":"2026-02-08T00:35:38+00:00","og_image":[{"width":2560,"height":2560,"url":"https:\/\/shop.noor.fi\/wp-content\/uploads\/2024\/04\/5704924018336.jpg","type":"image\/jpeg"}],"twitter_card":"summary_large_image","schema":{"@context":"https:\/\/schema.org","@graph":[{"@type":"WebPage","@id":"https:\/\/shop.noor.fi\/sv\/produkt\/ilgas-pendel-trafarg\/","url":"https:\/\/shop.noor.fi\/sv\/produkt\/ilgas-pendel-trafarg\/","name":"Ilgas pendel tr\u00e4f\u00e4rg - Oy Noortrade Ab","isPartOf":{"@id":"https:\/\/shopnoorfi-wp31835.test.cchosting.fi\/#website"},"primaryImageOfPage":{"@id":"https:\/\/shop.noor.fi\/sv\/produkt\/ilgas-pendel-trafarg\/#primaryimage"},"image":{"@id":"https:\/\/shop.noor.fi\/sv\/produkt\/ilgas-pendel-trafarg\/#primaryimage"},"thumbnailUrl":"https:\/\/shop.noor.fi\/wp-content\/uploads\/2024\/04\/5704924018336.jpg","datePublished":"2024-04-25T12:13:03+00:00","dateModified":"2026-02-08T00:35:38+00:00","breadcrumb":{"@id":"https:\/\/shop.noor.fi\/sv\/produkt\/ilgas-pendel-trafarg\/#breadcrumb"},"inLanguage":"sv-SE","potentialAction":[{"@type":"ReadAction","target":["https:\/\/shop.noor.fi\/sv\/produkt\/ilgas-pendel-trafarg\/"]}]},{"@type":"ImageObject","inLanguage":"sv-SE","@id":"https:\/\/shop.noor.fi\/sv\/produkt\/ilgas-pendel-trafarg\/#primaryimage","url":"https:\/\/shop.noor.fi\/wp-content\/uploads\/2024\/04\/5704924018336.jpg","contentUrl":"https:\/\/shop.noor.fi\/wp-content\/uploads\/2024\/04\/5704924018336.jpg","width":2560,"height":2560},{"@type":"BreadcrumbList","@id":"https:\/\/shop.noor.fi\/sv\/produkt\/ilgas-pendel-trafarg\/#breadcrumb","itemListElement":[{"@type":"ListItem","position":1,"name":"Etusivu","item":"https:\/\/shop.noor.fi\/sv\/"},{"@type":"ListItem","position":2,"name":"Butik","item":"https:\/\/shopnoorfi-wp31835.test.cchosting.fi\/sv\/butik\/"},{"@type":"ListItem","position":3,"name":"Ilgas pendel tr\u00e4f\u00e4rg"}]},{"@type":"WebSite","@id":"https:\/\/shopnoorfi-wp31835.test.cchosting.fi\/#website","url":"https:\/\/shopnoorfi-wp31835.test.cchosting.fi\/","name":"Oy Noortrade Ab","description":"Finnish family owned company with over 30 years of professional experience in lighting &amp; interior products import and sales - reliably.","publisher":{"@id":"https:\/\/shopnoorfi-wp31835.test.cchosting.fi\/#organization"},"potentialAction":[{"@type":"SearchAction","target":{"@type":"EntryPoint","urlTemplate":"https:\/\/shopnoorfi-wp31835.test.cchosting.fi\/?s={search_term_string}"},"query-input":{"@type":"PropertyValueSpecification","valueRequired":true,"valueName":"search_term_string"}}],"inLanguage":"sv-SE"},{"@type":"Organization","@id":"https:\/\/shopnoorfi-wp31835.test.cchosting.fi\/#organization","name":"Oy Noortrade Ab","url":"https:\/\/shopnoorfi-wp31835.test.cchosting.fi\/","logo":{"@type":"ImageObject","inLanguage":"sv-SE","@id":"https:\/\/shopnoorfi-wp31835.test.cchosting.fi\/#\/schema\/logo\/image\/","url":"https:\/\/shop.noor.fi\/wp-content\/uploads\/2024\/01\/Oy-Noortrade-Ab-Corbel-VERSAL-bold-BLACK.png","contentUrl":"https:\/\/shop.noor.fi\/wp-content\/uploads\/2024\/01\/Oy-Noortrade-Ab-Corbel-VERSAL-bold-BLACK.png","width":721,"height":177,"caption":"Oy Noortrade Ab"},"image":{"@id":"https:\/\/shopnoorfi-wp31835.test.cchosting.fi\/#\/schema\/logo\/image\/"}}]}},"brands":[{"id":37488,"name":"Nordlux","slug":"nordlux-sv"}],"_links":{"self":[{"href":"https:\/\/shop.noor.fi\/sv\/wp-json\/wp\/v2\/product\/114324","targetHints":{"allow":["GET"]}}],"collection":[{"href":"https:\/\/shop.noor.fi\/sv\/wp-json\/wp\/v2\/product"}],"about":[{"href":"https:\/\/shop.noor.fi\/sv\/wp-json\/wp\/v2\/types\/product"}],"replies":[{"embeddable":true,"href":"https:\/\/shop.noor.fi\/sv\/wp-json\/wp\/v2\/comments?post=114324"}],"wp:featuredmedia":[{"embeddable":true,"href":"https:\/\/shop.noor.fi\/sv\/wp-json\/wp\/v2\/media\/98384"}],"wp:attachment":[{"href":"https:\/\/shop.noor.fi\/sv\/wp-json\/wp\/v2\/media?parent=114324"}],"wp:term":[{"taxonomy":"pwb-brand","embeddable":true,"href":"https:\/\/shop.noor.fi\/sv\/wp-json\/wp\/v2\/pwb-brand?post=114324"},{"taxonomy":"product_brand","embeddable":true,"href":"https:\/\/shop.noor.fi\/sv\/wp-json\/wp\/v2\/product_brand?post=114324"},{"taxonomy":"product_cat","embeddable":true,"href":"https:\/\/shop.noor.fi\/sv\/wp-json\/wp\/v2\/product_cat?post=114324"},{"taxonomy":"product_tag","embeddable":true,"href":"https:\/\/shop.noor.fi\/sv\/wp-json\/wp\/v2\/product_tag?post=114324"}],"curies":[{"name":"wp","href":"https:\/\/api.w.org\/{rel}","templated":true}]}}