{"id":113991,"date":"2023-11-03T14:17:37","date_gmt":"2023-11-03T12:17:37","guid":{"rendered":"https:\/\/shop.noor.fi\/product\/snabbfallningsband-transparant-32m\/"},"modified":"2026-04-23T15:57:18","modified_gmt":"2026-04-23T12:57:18","slug":"snabbfallningsband-transparant-32m","status":"publish","type":"product","link":"https:\/\/shop.noor.fi\/sv\/produkt\/snabbfallningsband-transparant-32m\/","title":{"rendered":"Snabbf\u00e5llningsband transparant 3,2m"},"content":{"rendered":"<p>Stryks p\u00e5 gardinens nedankant f\u00f6r att f\u00e5 precis den l\u00e4ngd du \u00f6nskar. M\u00e4t hur l\u00e5ng din gardin skall vara, s\u00e4tt en n\u00e5l. L\u00e4gg gardinen, med baksidan upp, p\u00e5 strykbr\u00e4dan. Placera det p\u00e5strykningsbara f\u00e5llfixbandet (ta bort skyddspappret f\u00f6rst) p\u00e5 gardinens baksida och vik \u00f6ver din f\u00e5ll. Stryk p\u00e5 gardinens tyg, aldrig p\u00e5 f\u00e5llfixeringsbandet.<br \/>\nBandets h\u00f6jd \u00e4r 25 mm och l\u00e4ngden \u00e4r 3,2m.<\/p>\n<p>Sk\u00f6tselr\u00e5d:<br \/>\n&#8211; 60 grader maskintv\u00e4tt<br \/>\n&#8211; Klorblekmedel f\u00e5r ej anv\u00e4ndas<br \/>\n&#8211; T\u00e5l torktumling endast vid l\u00e5g temperatur<br \/>\n&#8211; T\u00e5l strykning med h\u00f6g temperatur<br \/>\n&#8211; Kan ej kemtv\u00e4ttas<\/p>\n","protected":false},"excerpt":{"rendered":"<p>Stryks p\u00e5 gardinens nedankant f\u00f6r att f\u00e5 precis den l\u00e4ngd du \u00f6nskar. M\u00e4t hur l\u00e5ng din gardin skall vara, s\u00e4tt en n\u00e5l. L\u00e4gg gardinen, med baksidan upp, p\u00e5 strykbr\u00e4dan. Placera det p\u00e5strykningsbara f\u00e5llfixbandet (ta bort skyddspappret f\u00f6rst) p\u00e5 gardinens baksida och vik \u00f6ver din f\u00e5ll. Stryk p\u00e5 gardinens tyg, aldrig p\u00e5 f\u00e5llfixeringsbandet. Bandets h\u00f6jd \u00e4r [&hellip;]<\/p>\n","protected":false},"featured_media":64562,"comment_status":"open","ping_status":"closed","template":"","meta":{"_acf_changed":false,"_relevanssi_hide_post":"","_relevanssi_hide_content":"","_relevanssi_pin_for_all":"","_relevanssi_pin_keywords":"","_relevanssi_unpin_keywords":"","_relevanssi_related_keywords":"","_relevanssi_related_include_ids":"","_relevanssi_related_exclude_ids":"","_relevanssi_related_no_append":"","_relevanssi_related_not_related":"","_relevanssi_related_posts":"","_relevanssi_noindex_reason":""},"pwb-brand":[28738],"product_brand":[],"product_cat":[32187],"product_tag":[],"class_list":{"0":"post-113991","1":"product","2":"type-product","3":"status-publish","4":"has-post-thumbnail","6":"pwb-brand-svanefors","7":"product_cat-gardintillbehor","9":"first","10":"onbackorder","11":"taxable","12":"shipping-taxable","13":"purchasable","14":"product-type-simple"},"acf":[],"yoast_head":"<!-- This site is optimized with the Yoast SEO plugin v27.5 - https:\/\/yoast.com\/product\/yoast-seo-wordpress\/ -->\n<title>Snabbf\u00e5llningsband transparant 3,2m - Oy Noortrade Ab<\/title>\n<meta name=\"robots\" content=\"index, follow, max-snippet:-1, max-image-preview:large, max-video-preview:-1\" \/>\n<link rel=\"canonical\" href=\"https:\/\/shop.noor.fi\/produkt\/pikapaarmaysnauha-lapinakyva-32m\/\" \/>\n<meta property=\"og:locale\" content=\"sv_SE\" \/>\n<meta property=\"og:type\" content=\"article\" \/>\n<meta property=\"og:title\" content=\"Snabbf\u00e5llningsband transparant 3,2m - Oy Noortrade Ab\" \/>\n<meta property=\"og:description\" content=\"Stryks p\u00e5 gardinens nedankant f\u00f6r att f\u00e5 precis den l\u00e4ngd du \u00f6nskar. M\u00e4t hur l\u00e5ng din gardin skall vara, s\u00e4tt en n\u00e5l. L\u00e4gg gardinen, med baksidan upp, p\u00e5 strykbr\u00e4dan. Placera det p\u00e5strykningsbara f\u00e5llfixbandet (ta bort skyddspappret f\u00f6rst) p\u00e5 gardinens baksida och vik \u00f6ver din f\u00e5ll. Stryk p\u00e5 gardinens tyg, aldrig p\u00e5 f\u00e5llfixeringsbandet. Bandets h\u00f6jd \u00e4r [&hellip;]\" \/>\n<meta property=\"og:url\" content=\"https:\/\/shop.noor.fi\/produkt\/pikapaarmaysnauha-lapinakyva-32m\/\" \/>\n<meta property=\"og:site_name\" content=\"Oy Noortrade Ab\" \/>\n<meta property=\"article:modified_time\" content=\"2026-04-23T12:57:18+00:00\" \/>\n<meta property=\"og:image\" content=\"https:\/\/shop.noor.fi\/wp-content\/uploads\/2023\/11\/7332623180146.jpg\" \/>\n\t<meta property=\"og:image:width\" content=\"432\" \/>\n\t<meta property=\"og:image:height\" content=\"1080\" \/>\n\t<meta property=\"og:image:type\" content=\"image\/jpeg\" \/>\n<meta name=\"twitter:card\" content=\"summary_large_image\" \/>\n<meta name=\"twitter:label1\" content=\"Ber\u00e4knad l\u00e4stid\" \/>\n\t<meta name=\"twitter:data1\" content=\"1 minut\" \/>\n<script type=\"application\/ld+json\" class=\"yoast-schema-graph\">{\"@context\":\"https:\\\/\\\/schema.org\",\"@graph\":[{\"@type\":\"WebPage\",\"@id\":\"https:\\\/\\\/shop.noor.fi\\\/produkt\\\/pikapaarmaysnauha-lapinakyva-32m\\\/\",\"url\":\"https:\\\/\\\/shop.noor.fi\\\/produkt\\\/pikapaarmaysnauha-lapinakyva-32m\\\/\",\"name\":\"Snabbf\u00e5llningsband transparant 3,2m - Oy Noortrade Ab\",\"isPartOf\":{\"@id\":\"https:\\\/\\\/shopnoorfi-wp31835.test.cchosting.fi\\\/#website\"},\"primaryImageOfPage\":{\"@id\":\"https:\\\/\\\/shop.noor.fi\\\/produkt\\\/pikapaarmaysnauha-lapinakyva-32m\\\/#primaryimage\"},\"image\":{\"@id\":\"https:\\\/\\\/shop.noor.fi\\\/produkt\\\/pikapaarmaysnauha-lapinakyva-32m\\\/#primaryimage\"},\"thumbnailUrl\":\"https:\\\/\\\/shop.noor.fi\\\/wp-content\\\/uploads\\\/2023\\\/11\\\/7332623180146.jpg\",\"datePublished\":\"2023-11-03T12:17:37+00:00\",\"dateModified\":\"2026-04-23T12:57:18+00:00\",\"breadcrumb\":{\"@id\":\"https:\\\/\\\/shop.noor.fi\\\/produkt\\\/pikapaarmaysnauha-lapinakyva-32m\\\/#breadcrumb\"},\"inLanguage\":\"sv-SE\",\"potentialAction\":[{\"@type\":\"ReadAction\",\"target\":[\"https:\\\/\\\/shop.noor.fi\\\/produkt\\\/pikapaarmaysnauha-lapinakyva-32m\\\/\"]}]},{\"@type\":\"ImageObject\",\"inLanguage\":\"sv-SE\",\"@id\":\"https:\\\/\\\/shop.noor.fi\\\/produkt\\\/pikapaarmaysnauha-lapinakyva-32m\\\/#primaryimage\",\"url\":\"https:\\\/\\\/shop.noor.fi\\\/wp-content\\\/uploads\\\/2023\\\/11\\\/7332623180146.jpg\",\"contentUrl\":\"https:\\\/\\\/shop.noor.fi\\\/wp-content\\\/uploads\\\/2023\\\/11\\\/7332623180146.jpg\",\"width\":432,\"height\":1080},{\"@type\":\"BreadcrumbList\",\"@id\":\"https:\\\/\\\/shop.noor.fi\\\/produkt\\\/pikapaarmaysnauha-lapinakyva-32m\\\/#breadcrumb\",\"itemListElement\":[{\"@type\":\"ListItem\",\"position\":1,\"name\":\"Etusivu\",\"item\":\"https:\\\/\\\/shop.noor.fi\\\/sv\\\/\"},{\"@type\":\"ListItem\",\"position\":2,\"name\":\"Butik\",\"item\":\"https:\\\/\\\/shopnoorfi-wp31835.test.cchosting.fi\\\/sv\\\/butik\\\/\"},{\"@type\":\"ListItem\",\"position\":3,\"name\":\"Snabbf\u00e5llningsband transparant 3,2m\"}]},{\"@type\":\"WebSite\",\"@id\":\"https:\\\/\\\/shopnoorfi-wp31835.test.cchosting.fi\\\/#website\",\"url\":\"https:\\\/\\\/shopnoorfi-wp31835.test.cchosting.fi\\\/\",\"name\":\"Oy Noortrade Ab\",\"description\":\"Finnish family owned company with over 30 years of professional experience in lighting &amp; interior products import and sales - reliably.\",\"publisher\":{\"@id\":\"https:\\\/\\\/shopnoorfi-wp31835.test.cchosting.fi\\\/#organization\"},\"potentialAction\":[{\"@type\":\"SearchAction\",\"target\":{\"@type\":\"EntryPoint\",\"urlTemplate\":\"https:\\\/\\\/shopnoorfi-wp31835.test.cchosting.fi\\\/?s={search_term_string}\"},\"query-input\":{\"@type\":\"PropertyValueSpecification\",\"valueRequired\":true,\"valueName\":\"search_term_string\"}}],\"inLanguage\":\"sv-SE\"},{\"@type\":\"Organization\",\"@id\":\"https:\\\/\\\/shopnoorfi-wp31835.test.cchosting.fi\\\/#organization\",\"name\":\"Oy Noortrade Ab\",\"url\":\"https:\\\/\\\/shopnoorfi-wp31835.test.cchosting.fi\\\/\",\"logo\":{\"@type\":\"ImageObject\",\"inLanguage\":\"sv-SE\",\"@id\":\"https:\\\/\\\/shopnoorfi-wp31835.test.cchosting.fi\\\/#\\\/schema\\\/logo\\\/image\\\/\",\"url\":\"https:\\\/\\\/shop.noor.fi\\\/wp-content\\\/uploads\\\/2024\\\/01\\\/Oy-Noortrade-Ab-Corbel-VERSAL-bold-BLACK.png\",\"contentUrl\":\"https:\\\/\\\/shop.noor.fi\\\/wp-content\\\/uploads\\\/2024\\\/01\\\/Oy-Noortrade-Ab-Corbel-VERSAL-bold-BLACK.png\",\"width\":721,\"height\":177,\"caption\":\"Oy Noortrade Ab\"},\"image\":{\"@id\":\"https:\\\/\\\/shopnoorfi-wp31835.test.cchosting.fi\\\/#\\\/schema\\\/logo\\\/image\\\/\"}}]}<\/script>\n<!-- \/ Yoast SEO plugin. -->","yoast_head_json":{"title":"Snabbf\u00e5llningsband transparant 3,2m - Oy Noortrade Ab","robots":{"index":"index","follow":"follow","max-snippet":"max-snippet:-1","max-image-preview":"max-image-preview:large","max-video-preview":"max-video-preview:-1"},"canonical":"https:\/\/shop.noor.fi\/produkt\/pikapaarmaysnauha-lapinakyva-32m\/","og_locale":"sv_SE","og_type":"article","og_title":"Snabbf\u00e5llningsband transparant 3,2m - Oy Noortrade Ab","og_description":"Stryks p\u00e5 gardinens nedankant f\u00f6r att f\u00e5 precis den l\u00e4ngd du \u00f6nskar. M\u00e4t hur l\u00e5ng din gardin skall vara, s\u00e4tt en n\u00e5l. L\u00e4gg gardinen, med baksidan upp, p\u00e5 strykbr\u00e4dan. Placera det p\u00e5strykningsbara f\u00e5llfixbandet (ta bort skyddspappret f\u00f6rst) p\u00e5 gardinens baksida och vik \u00f6ver din f\u00e5ll. Stryk p\u00e5 gardinens tyg, aldrig p\u00e5 f\u00e5llfixeringsbandet. Bandets h\u00f6jd \u00e4r [&hellip;]","og_url":"https:\/\/shop.noor.fi\/produkt\/pikapaarmaysnauha-lapinakyva-32m\/","og_site_name":"Oy Noortrade Ab","article_modified_time":"2026-04-23T12:57:18+00:00","og_image":[{"width":432,"height":1080,"url":"https:\/\/shop.noor.fi\/wp-content\/uploads\/2023\/11\/7332623180146.jpg","type":"image\/jpeg"}],"twitter_card":"summary_large_image","twitter_misc":{"Ber\u00e4knad l\u00e4stid":"1 minut"},"schema":{"@context":"https:\/\/schema.org","@graph":[{"@type":"WebPage","@id":"https:\/\/shop.noor.fi\/produkt\/pikapaarmaysnauha-lapinakyva-32m\/","url":"https:\/\/shop.noor.fi\/produkt\/pikapaarmaysnauha-lapinakyva-32m\/","name":"Snabbf\u00e5llningsband transparant 3,2m - Oy Noortrade Ab","isPartOf":{"@id":"https:\/\/shopnoorfi-wp31835.test.cchosting.fi\/#website"},"primaryImageOfPage":{"@id":"https:\/\/shop.noor.fi\/produkt\/pikapaarmaysnauha-lapinakyva-32m\/#primaryimage"},"image":{"@id":"https:\/\/shop.noor.fi\/produkt\/pikapaarmaysnauha-lapinakyva-32m\/#primaryimage"},"thumbnailUrl":"https:\/\/shop.noor.fi\/wp-content\/uploads\/2023\/11\/7332623180146.jpg","datePublished":"2023-11-03T12:17:37+00:00","dateModified":"2026-04-23T12:57:18+00:00","breadcrumb":{"@id":"https:\/\/shop.noor.fi\/produkt\/pikapaarmaysnauha-lapinakyva-32m\/#breadcrumb"},"inLanguage":"sv-SE","potentialAction":[{"@type":"ReadAction","target":["https:\/\/shop.noor.fi\/produkt\/pikapaarmaysnauha-lapinakyva-32m\/"]}]},{"@type":"ImageObject","inLanguage":"sv-SE","@id":"https:\/\/shop.noor.fi\/produkt\/pikapaarmaysnauha-lapinakyva-32m\/#primaryimage","url":"https:\/\/shop.noor.fi\/wp-content\/uploads\/2023\/11\/7332623180146.jpg","contentUrl":"https:\/\/shop.noor.fi\/wp-content\/uploads\/2023\/11\/7332623180146.jpg","width":432,"height":1080},{"@type":"BreadcrumbList","@id":"https:\/\/shop.noor.fi\/produkt\/pikapaarmaysnauha-lapinakyva-32m\/#breadcrumb","itemListElement":[{"@type":"ListItem","position":1,"name":"Etusivu","item":"https:\/\/shop.noor.fi\/sv\/"},{"@type":"ListItem","position":2,"name":"Butik","item":"https:\/\/shopnoorfi-wp31835.test.cchosting.fi\/sv\/butik\/"},{"@type":"ListItem","position":3,"name":"Snabbf\u00e5llningsband transparant 3,2m"}]},{"@type":"WebSite","@id":"https:\/\/shopnoorfi-wp31835.test.cchosting.fi\/#website","url":"https:\/\/shopnoorfi-wp31835.test.cchosting.fi\/","name":"Oy Noortrade Ab","description":"Finnish family owned company with over 30 years of professional experience in lighting &amp; interior products import and sales - reliably.","publisher":{"@id":"https:\/\/shopnoorfi-wp31835.test.cchosting.fi\/#organization"},"potentialAction":[{"@type":"SearchAction","target":{"@type":"EntryPoint","urlTemplate":"https:\/\/shopnoorfi-wp31835.test.cchosting.fi\/?s={search_term_string}"},"query-input":{"@type":"PropertyValueSpecification","valueRequired":true,"valueName":"search_term_string"}}],"inLanguage":"sv-SE"},{"@type":"Organization","@id":"https:\/\/shopnoorfi-wp31835.test.cchosting.fi\/#organization","name":"Oy Noortrade Ab","url":"https:\/\/shopnoorfi-wp31835.test.cchosting.fi\/","logo":{"@type":"ImageObject","inLanguage":"sv-SE","@id":"https:\/\/shopnoorfi-wp31835.test.cchosting.fi\/#\/schema\/logo\/image\/","url":"https:\/\/shop.noor.fi\/wp-content\/uploads\/2024\/01\/Oy-Noortrade-Ab-Corbel-VERSAL-bold-BLACK.png","contentUrl":"https:\/\/shop.noor.fi\/wp-content\/uploads\/2024\/01\/Oy-Noortrade-Ab-Corbel-VERSAL-bold-BLACK.png","width":721,"height":177,"caption":"Oy Noortrade Ab"},"image":{"@id":"https:\/\/shopnoorfi-wp31835.test.cchosting.fi\/#\/schema\/logo\/image\/"}}]}},"brands":[{"id":28738,"name":"Svanefors","slug":"svanefors"}],"_links":{"self":[{"href":"https:\/\/shop.noor.fi\/sv\/wp-json\/wp\/v2\/product\/113991","targetHints":{"allow":["GET"]}}],"collection":[{"href":"https:\/\/shop.noor.fi\/sv\/wp-json\/wp\/v2\/product"}],"about":[{"href":"https:\/\/shop.noor.fi\/sv\/wp-json\/wp\/v2\/types\/product"}],"replies":[{"embeddable":true,"href":"https:\/\/shop.noor.fi\/sv\/wp-json\/wp\/v2\/comments?post=113991"}],"wp:featuredmedia":[{"embeddable":true,"href":"https:\/\/shop.noor.fi\/sv\/wp-json\/wp\/v2\/media\/64562"}],"wp:attachment":[{"href":"https:\/\/shop.noor.fi\/sv\/wp-json\/wp\/v2\/media?parent=113991"}],"wp:term":[{"taxonomy":"pwb-brand","embeddable":true,"href":"https:\/\/shop.noor.fi\/sv\/wp-json\/wp\/v2\/pwb-brand?post=113991"},{"taxonomy":"product_brand","embeddable":true,"href":"https:\/\/shop.noor.fi\/sv\/wp-json\/wp\/v2\/product_brand?post=113991"},{"taxonomy":"product_cat","embeddable":true,"href":"https:\/\/shop.noor.fi\/sv\/wp-json\/wp\/v2\/product_cat?post=113991"},{"taxonomy":"product_tag","embeddable":true,"href":"https:\/\/shop.noor.fi\/sv\/wp-json\/wp\/v2\/product_tag?post=113991"}],"curies":[{"name":"wp","href":"https:\/\/api.w.org\/{rel}","templated":true}]}}