{"id":113986,"date":"2024-04-19T11:28:01","date_gmt":"2024-04-19T08:28:01","guid":{"rendered":"https:\/\/shop.noor.fi\/product\/aludra-seaside-double-vaggarmatur-antracit\/"},"modified":"2026-05-08T13:52:05","modified_gmt":"2026-05-08T10:52:05","slug":"aludra-seaside-double-vaggarmatur-antracit","status":"publish","type":"product","link":"https:\/\/shop.noor.fi\/sv\/produkt\/aludra-seaside-double-vaggarmatur-antracit\/","title":{"rendered":"Aludra Seaside Double v\u00e4ggarmatur antracit"},"content":{"rendered":"<p>Den tv\u00e5delade Aludra-v\u00e4gglampan \u00e4r en skulptural och minimalistisk v\u00e4ggarmatur som lyser b\u00e5de upp\u00e5t och ned\u00e5t, vilket skapar en vacker effekt av ljus och skugga.<br \/>\nTillverkad av slitstarkt material som l\u00e4mpar sig f\u00f6r h\u00e5rt v\u00e4der.<br \/>\n10 \u00e5rs garanti mot korrosion.<br \/>\nE27, max 2 x 15W. Ljusk\u00e4llor ing\u00e5r ej.<\/p>\n<p>Bredd 12,4 cm<br \/>\nDjup 17,4 cm<br \/>\nH\u00f6jd 33,7 cm<\/p>\n","protected":false},"excerpt":{"rendered":"<p>Den tv\u00e5delade Aludra-v\u00e4gglampan \u00e4r en skulptural och minimalistisk v\u00e4ggarmatur som lyser b\u00e5de upp\u00e5t och ned\u00e5t, vilket skapar en vacker effekt av ljus och skugga. Tillverkad av slitstarkt material som l\u00e4mpar sig f\u00f6r h\u00e5rt v\u00e4der. 10 \u00e5rs garanti mot korrosion. E27, max 2 x 15W. Ljusk\u00e4llor ing\u00e5r ej. Bredd 12,4 cm Djup 17,4 cm H\u00f6jd 33,7 [&hellip;]<\/p>\n","protected":false},"featured_media":99141,"comment_status":"open","ping_status":"closed","template":"","meta":{"_acf_changed":false,"_relevanssi_hide_post":"","_relevanssi_hide_content":"","_relevanssi_pin_for_all":"","_relevanssi_pin_keywords":"","_relevanssi_unpin_keywords":"","_relevanssi_related_keywords":"","_relevanssi_related_include_ids":"","_relevanssi_related_exclude_ids":"","_relevanssi_related_no_append":"","_relevanssi_related_not_related":"","_relevanssi_related_posts":"","_relevanssi_noindex_reason":""},"pwb-brand":[28730],"product_brand":[],"product_cat":[32193],"product_tag":[],"class_list":{"0":"post-113986","1":"product","2":"type-product","3":"status-publish","4":"has-post-thumbnail","6":"pwb-brand-nordlux","7":"product_cat-vagglampor-sv-2","9":"first","10":"instock","11":"taxable","12":"shipping-taxable","13":"purchasable","14":"product-type-simple"},"acf":[],"yoast_head":"<!-- This site is optimized with the Yoast SEO plugin v27.5 - https:\/\/yoast.com\/product\/yoast-seo-wordpress\/ -->\n<title>Aludra Seaside Double v\u00e4ggarmatur antracit - Oy Noortrade Ab<\/title>\n<meta name=\"robots\" content=\"index, follow, max-snippet:-1, max-image-preview:large, max-video-preview:-1\" \/>\n<link rel=\"canonical\" href=\"https:\/\/shop.noor.fi\/sv\/produkt\/aludra-seaside-double-vaggarmatur-antracit\/\" \/>\n<meta property=\"og:locale\" content=\"sv_SE\" \/>\n<meta property=\"og:type\" content=\"article\" \/>\n<meta property=\"og:title\" content=\"Aludra Seaside Double v\u00e4ggarmatur antracit - Oy Noortrade Ab\" \/>\n<meta property=\"og:description\" content=\"Den tv\u00e5delade Aludra-v\u00e4gglampan \u00e4r en skulptural och minimalistisk v\u00e4ggarmatur som lyser b\u00e5de upp\u00e5t och ned\u00e5t, vilket skapar en vacker effekt av ljus och skugga. Tillverkad av slitstarkt material som l\u00e4mpar sig f\u00f6r h\u00e5rt v\u00e4der. 10 \u00e5rs garanti mot korrosion. E27, max 2 x 15W. Ljusk\u00e4llor ing\u00e5r ej. Bredd 12,4 cm Djup 17,4 cm H\u00f6jd 33,7 [&hellip;]\" \/>\n<meta property=\"og:url\" content=\"https:\/\/shop.noor.fi\/sv\/produkt\/aludra-seaside-double-vaggarmatur-antracit\/\" \/>\n<meta property=\"og:site_name\" content=\"Oy Noortrade Ab\" \/>\n<meta property=\"article:modified_time\" content=\"2026-05-08T10:52:05+00:00\" \/>\n<meta property=\"og:image\" content=\"https:\/\/shop.noor.fi\/wp-content\/uploads\/2024\/04\/5704924022128.jpg\" \/>\n\t<meta property=\"og:image:width\" content=\"2560\" \/>\n\t<meta property=\"og:image:height\" content=\"2560\" \/>\n\t<meta property=\"og:image:type\" content=\"image\/jpeg\" \/>\n<meta name=\"twitter:card\" content=\"summary_large_image\" \/>\n<script type=\"application\/ld+json\" class=\"yoast-schema-graph\">{\"@context\":\"https:\\\/\\\/schema.org\",\"@graph\":[{\"@type\":\"WebPage\",\"@id\":\"https:\\\/\\\/shop.noor.fi\\\/sv\\\/produkt\\\/aludra-seaside-double-vaggarmatur-antracit\\\/\",\"url\":\"https:\\\/\\\/shop.noor.fi\\\/sv\\\/produkt\\\/aludra-seaside-double-vaggarmatur-antracit\\\/\",\"name\":\"Aludra Seaside Double v\u00e4ggarmatur antracit - Oy Noortrade Ab\",\"isPartOf\":{\"@id\":\"https:\\\/\\\/shopnoorfi-wp31835.test.cchosting.fi\\\/#website\"},\"primaryImageOfPage\":{\"@id\":\"https:\\\/\\\/shop.noor.fi\\\/sv\\\/produkt\\\/aludra-seaside-double-vaggarmatur-antracit\\\/#primaryimage\"},\"image\":{\"@id\":\"https:\\\/\\\/shop.noor.fi\\\/sv\\\/produkt\\\/aludra-seaside-double-vaggarmatur-antracit\\\/#primaryimage\"},\"thumbnailUrl\":\"https:\\\/\\\/shop.noor.fi\\\/wp-content\\\/uploads\\\/2024\\\/04\\\/5704924022128.jpg\",\"datePublished\":\"2024-04-19T08:28:01+00:00\",\"dateModified\":\"2026-05-08T10:52:05+00:00\",\"breadcrumb\":{\"@id\":\"https:\\\/\\\/shop.noor.fi\\\/sv\\\/produkt\\\/aludra-seaside-double-vaggarmatur-antracit\\\/#breadcrumb\"},\"inLanguage\":\"sv-SE\",\"potentialAction\":[{\"@type\":\"ReadAction\",\"target\":[\"https:\\\/\\\/shop.noor.fi\\\/sv\\\/produkt\\\/aludra-seaside-double-vaggarmatur-antracit\\\/\"]}]},{\"@type\":\"ImageObject\",\"inLanguage\":\"sv-SE\",\"@id\":\"https:\\\/\\\/shop.noor.fi\\\/sv\\\/produkt\\\/aludra-seaside-double-vaggarmatur-antracit\\\/#primaryimage\",\"url\":\"https:\\\/\\\/shop.noor.fi\\\/wp-content\\\/uploads\\\/2024\\\/04\\\/5704924022128.jpg\",\"contentUrl\":\"https:\\\/\\\/shop.noor.fi\\\/wp-content\\\/uploads\\\/2024\\\/04\\\/5704924022128.jpg\",\"width\":2560,\"height\":2560},{\"@type\":\"BreadcrumbList\",\"@id\":\"https:\\\/\\\/shop.noor.fi\\\/sv\\\/produkt\\\/aludra-seaside-double-vaggarmatur-antracit\\\/#breadcrumb\",\"itemListElement\":[{\"@type\":\"ListItem\",\"position\":1,\"name\":\"Etusivu\",\"item\":\"https:\\\/\\\/shop.noor.fi\\\/sv\\\/\"},{\"@type\":\"ListItem\",\"position\":2,\"name\":\"Butik\",\"item\":\"https:\\\/\\\/shopnoorfi-wp31835.test.cchosting.fi\\\/sv\\\/butik\\\/\"},{\"@type\":\"ListItem\",\"position\":3,\"name\":\"Aludra Seaside Double v\u00e4ggarmatur antracit\"}]},{\"@type\":\"WebSite\",\"@id\":\"https:\\\/\\\/shopnoorfi-wp31835.test.cchosting.fi\\\/#website\",\"url\":\"https:\\\/\\\/shopnoorfi-wp31835.test.cchosting.fi\\\/\",\"name\":\"Oy Noortrade Ab\",\"description\":\"Finnish family owned company with over 30 years of professional experience in lighting &amp; interior products import and sales - reliably.\",\"publisher\":{\"@id\":\"https:\\\/\\\/shopnoorfi-wp31835.test.cchosting.fi\\\/#organization\"},\"potentialAction\":[{\"@type\":\"SearchAction\",\"target\":{\"@type\":\"EntryPoint\",\"urlTemplate\":\"https:\\\/\\\/shopnoorfi-wp31835.test.cchosting.fi\\\/?s={search_term_string}\"},\"query-input\":{\"@type\":\"PropertyValueSpecification\",\"valueRequired\":true,\"valueName\":\"search_term_string\"}}],\"inLanguage\":\"sv-SE\"},{\"@type\":\"Organization\",\"@id\":\"https:\\\/\\\/shopnoorfi-wp31835.test.cchosting.fi\\\/#organization\",\"name\":\"Oy Noortrade Ab\",\"url\":\"https:\\\/\\\/shopnoorfi-wp31835.test.cchosting.fi\\\/\",\"logo\":{\"@type\":\"ImageObject\",\"inLanguage\":\"sv-SE\",\"@id\":\"https:\\\/\\\/shopnoorfi-wp31835.test.cchosting.fi\\\/#\\\/schema\\\/logo\\\/image\\\/\",\"url\":\"https:\\\/\\\/shop.noor.fi\\\/wp-content\\\/uploads\\\/2024\\\/01\\\/Oy-Noortrade-Ab-Corbel-VERSAL-bold-BLACK.png\",\"contentUrl\":\"https:\\\/\\\/shop.noor.fi\\\/wp-content\\\/uploads\\\/2024\\\/01\\\/Oy-Noortrade-Ab-Corbel-VERSAL-bold-BLACK.png\",\"width\":721,\"height\":177,\"caption\":\"Oy Noortrade Ab\"},\"image\":{\"@id\":\"https:\\\/\\\/shopnoorfi-wp31835.test.cchosting.fi\\\/#\\\/schema\\\/logo\\\/image\\\/\"}}]}<\/script>\n<!-- \/ Yoast SEO plugin. -->","yoast_head_json":{"title":"Aludra Seaside Double v\u00e4ggarmatur antracit - Oy Noortrade Ab","robots":{"index":"index","follow":"follow","max-snippet":"max-snippet:-1","max-image-preview":"max-image-preview:large","max-video-preview":"max-video-preview:-1"},"canonical":"https:\/\/shop.noor.fi\/sv\/produkt\/aludra-seaside-double-vaggarmatur-antracit\/","og_locale":"sv_SE","og_type":"article","og_title":"Aludra Seaside Double v\u00e4ggarmatur antracit - Oy Noortrade Ab","og_description":"Den tv\u00e5delade Aludra-v\u00e4gglampan \u00e4r en skulptural och minimalistisk v\u00e4ggarmatur som lyser b\u00e5de upp\u00e5t och ned\u00e5t, vilket skapar en vacker effekt av ljus och skugga. Tillverkad av slitstarkt material som l\u00e4mpar sig f\u00f6r h\u00e5rt v\u00e4der. 10 \u00e5rs garanti mot korrosion. E27, max 2 x 15W. Ljusk\u00e4llor ing\u00e5r ej. Bredd 12,4 cm Djup 17,4 cm H\u00f6jd 33,7 [&hellip;]","og_url":"https:\/\/shop.noor.fi\/sv\/produkt\/aludra-seaside-double-vaggarmatur-antracit\/","og_site_name":"Oy Noortrade Ab","article_modified_time":"2026-05-08T10:52:05+00:00","og_image":[{"width":2560,"height":2560,"url":"https:\/\/shop.noor.fi\/wp-content\/uploads\/2024\/04\/5704924022128.jpg","type":"image\/jpeg"}],"twitter_card":"summary_large_image","schema":{"@context":"https:\/\/schema.org","@graph":[{"@type":"WebPage","@id":"https:\/\/shop.noor.fi\/sv\/produkt\/aludra-seaside-double-vaggarmatur-antracit\/","url":"https:\/\/shop.noor.fi\/sv\/produkt\/aludra-seaside-double-vaggarmatur-antracit\/","name":"Aludra Seaside Double v\u00e4ggarmatur antracit - Oy Noortrade Ab","isPartOf":{"@id":"https:\/\/shopnoorfi-wp31835.test.cchosting.fi\/#website"},"primaryImageOfPage":{"@id":"https:\/\/shop.noor.fi\/sv\/produkt\/aludra-seaside-double-vaggarmatur-antracit\/#primaryimage"},"image":{"@id":"https:\/\/shop.noor.fi\/sv\/produkt\/aludra-seaside-double-vaggarmatur-antracit\/#primaryimage"},"thumbnailUrl":"https:\/\/shop.noor.fi\/wp-content\/uploads\/2024\/04\/5704924022128.jpg","datePublished":"2024-04-19T08:28:01+00:00","dateModified":"2026-05-08T10:52:05+00:00","breadcrumb":{"@id":"https:\/\/shop.noor.fi\/sv\/produkt\/aludra-seaside-double-vaggarmatur-antracit\/#breadcrumb"},"inLanguage":"sv-SE","potentialAction":[{"@type":"ReadAction","target":["https:\/\/shop.noor.fi\/sv\/produkt\/aludra-seaside-double-vaggarmatur-antracit\/"]}]},{"@type":"ImageObject","inLanguage":"sv-SE","@id":"https:\/\/shop.noor.fi\/sv\/produkt\/aludra-seaside-double-vaggarmatur-antracit\/#primaryimage","url":"https:\/\/shop.noor.fi\/wp-content\/uploads\/2024\/04\/5704924022128.jpg","contentUrl":"https:\/\/shop.noor.fi\/wp-content\/uploads\/2024\/04\/5704924022128.jpg","width":2560,"height":2560},{"@type":"BreadcrumbList","@id":"https:\/\/shop.noor.fi\/sv\/produkt\/aludra-seaside-double-vaggarmatur-antracit\/#breadcrumb","itemListElement":[{"@type":"ListItem","position":1,"name":"Etusivu","item":"https:\/\/shop.noor.fi\/sv\/"},{"@type":"ListItem","position":2,"name":"Butik","item":"https:\/\/shopnoorfi-wp31835.test.cchosting.fi\/sv\/butik\/"},{"@type":"ListItem","position":3,"name":"Aludra Seaside Double v\u00e4ggarmatur antracit"}]},{"@type":"WebSite","@id":"https:\/\/shopnoorfi-wp31835.test.cchosting.fi\/#website","url":"https:\/\/shopnoorfi-wp31835.test.cchosting.fi\/","name":"Oy Noortrade Ab","description":"Finnish family owned company with over 30 years of professional experience in lighting &amp; interior products import and sales - reliably.","publisher":{"@id":"https:\/\/shopnoorfi-wp31835.test.cchosting.fi\/#organization"},"potentialAction":[{"@type":"SearchAction","target":{"@type":"EntryPoint","urlTemplate":"https:\/\/shopnoorfi-wp31835.test.cchosting.fi\/?s={search_term_string}"},"query-input":{"@type":"PropertyValueSpecification","valueRequired":true,"valueName":"search_term_string"}}],"inLanguage":"sv-SE"},{"@type":"Organization","@id":"https:\/\/shopnoorfi-wp31835.test.cchosting.fi\/#organization","name":"Oy Noortrade Ab","url":"https:\/\/shopnoorfi-wp31835.test.cchosting.fi\/","logo":{"@type":"ImageObject","inLanguage":"sv-SE","@id":"https:\/\/shopnoorfi-wp31835.test.cchosting.fi\/#\/schema\/logo\/image\/","url":"https:\/\/shop.noor.fi\/wp-content\/uploads\/2024\/01\/Oy-Noortrade-Ab-Corbel-VERSAL-bold-BLACK.png","contentUrl":"https:\/\/shop.noor.fi\/wp-content\/uploads\/2024\/01\/Oy-Noortrade-Ab-Corbel-VERSAL-bold-BLACK.png","width":721,"height":177,"caption":"Oy Noortrade Ab"},"image":{"@id":"https:\/\/shopnoorfi-wp31835.test.cchosting.fi\/#\/schema\/logo\/image\/"}}]}},"brands":[{"id":28730,"name":"Nordlux","slug":"nordlux"}],"_links":{"self":[{"href":"https:\/\/shop.noor.fi\/sv\/wp-json\/wp\/v2\/product\/113986","targetHints":{"allow":["GET"]}}],"collection":[{"href":"https:\/\/shop.noor.fi\/sv\/wp-json\/wp\/v2\/product"}],"about":[{"href":"https:\/\/shop.noor.fi\/sv\/wp-json\/wp\/v2\/types\/product"}],"replies":[{"embeddable":true,"href":"https:\/\/shop.noor.fi\/sv\/wp-json\/wp\/v2\/comments?post=113986"}],"wp:featuredmedia":[{"embeddable":true,"href":"https:\/\/shop.noor.fi\/sv\/wp-json\/wp\/v2\/media\/99141"}],"wp:attachment":[{"href":"https:\/\/shop.noor.fi\/sv\/wp-json\/wp\/v2\/media?parent=113986"}],"wp:term":[{"taxonomy":"pwb-brand","embeddable":true,"href":"https:\/\/shop.noor.fi\/sv\/wp-json\/wp\/v2\/pwb-brand?post=113986"},{"taxonomy":"product_brand","embeddable":true,"href":"https:\/\/shop.noor.fi\/sv\/wp-json\/wp\/v2\/product_brand?post=113986"},{"taxonomy":"product_cat","embeddable":true,"href":"https:\/\/shop.noor.fi\/sv\/wp-json\/wp\/v2\/product_cat?post=113986"},{"taxonomy":"product_tag","embeddable":true,"href":"https:\/\/shop.noor.fi\/sv\/wp-json\/wp\/v2\/product_tag?post=113986"}],"curies":[{"name":"wp","href":"https:\/\/api.w.org\/{rel}","templated":true}]}}