{"id":111587,"date":"2024-06-05T11:51:48","date_gmt":"2024-06-05T08:51:48","guid":{"rendered":"https:\/\/shop.noor.fi\/product\/led-lampa-e27-g80-decoled-one-amber\/"},"modified":"2026-01-20T18:53:45","modified_gmt":"2026-01-20T16:53:45","slug":"led-lampa-e27-g80-decoled-one-amber","status":"publish","type":"product","link":"https:\/\/shop.noor.fi\/sv\/produkt\/led-lampa-e27-g80-decoled-one-amber\/","title":{"rendered":"LED-lampa E27 G80 Decoled One amber"},"content":{"rendered":"<p>Dekorativ LED-lampa med amberf\u00e4rgat glas och en l\u00e5ng filamentstav. Lampan har en 3-stegs klickdimring, 20\/50\/100 lumen.<br \/>\nE27, f\u00e4rgtemperatur varmvit 1800K. Ljusfl\u00f6de 100 lumen. Effekt 2W.<\/p>\n<p>Diameter 8 cm<br \/>\nH\u00f6jd 12,2 cm<\/p>\n","protected":false},"excerpt":{"rendered":"<p>Dekorativ LED-lampa med amberf\u00e4rgat glas och en l\u00e5ng filamentstav. Lampan har en 3-stegs klickdimring, 20\/50\/100 lumen. E27, f\u00e4rgtemperatur varmvit 1800K. Ljusfl\u00f6de 100 lumen. Effekt 2W. Diameter 8 cm H\u00f6jd 12,2 cm<\/p>\n","protected":false},"featured_media":110611,"comment_status":"open","ping_status":"closed","template":"","meta":{"_acf_changed":false,"_relevanssi_hide_post":"","_relevanssi_hide_content":"","_relevanssi_pin_for_all":"","_relevanssi_pin_keywords":"","_relevanssi_unpin_keywords":"","_relevanssi_related_keywords":"","_relevanssi_related_include_ids":"","_relevanssi_related_exclude_ids":"","_relevanssi_related_no_append":"","_relevanssi_related_not_related":"","_relevanssi_related_posts":"","_relevanssi_noindex_reason":""},"pwb-brand":[28728],"product_brand":[],"product_cat":[32034],"product_tag":[],"class_list":{"0":"post-111587","1":"product","2":"type-product","3":"status-publish","4":"has-post-thumbnail","6":"pwb-brand-star-trading","7":"product_cat-dekorationslampor","9":"first","10":"instock","11":"taxable","12":"shipping-taxable","13":"purchasable","14":"product-type-simple"},"acf":[],"yoast_head":"<!-- This site is optimized with the Yoast SEO plugin v27.5 - https:\/\/yoast.com\/product\/yoast-seo-wordpress\/ -->\n<title>LED-lampa E27 G80 Decoled One amber - Oy Noortrade Ab<\/title>\n<meta name=\"robots\" content=\"index, follow, max-snippet:-1, max-image-preview:large, max-video-preview:-1\" \/>\n<link rel=\"canonical\" href=\"https:\/\/shop.noor.fi\/produkt\/led-lamppu-e27-g80-decoled-one-meripihka\/\" \/>\n<meta property=\"og:locale\" content=\"sv_SE\" \/>\n<meta property=\"og:type\" content=\"article\" \/>\n<meta property=\"og:title\" content=\"LED-lampa E27 G80 Decoled One amber - Oy Noortrade Ab\" \/>\n<meta property=\"og:description\" content=\"Dekorativ LED-lampa med amberf\u00e4rgat glas och en l\u00e5ng filamentstav. Lampan har en 3-stegs klickdimring, 20\/50\/100 lumen. E27, f\u00e4rgtemperatur varmvit 1800K. Ljusfl\u00f6de 100 lumen. Effekt 2W. Diameter 8 cm H\u00f6jd 12,2 cm\" \/>\n<meta property=\"og:url\" content=\"https:\/\/shop.noor.fi\/produkt\/led-lamppu-e27-g80-decoled-one-meripihka\/\" \/>\n<meta property=\"og:site_name\" content=\"Oy Noortrade Ab\" \/>\n<meta property=\"article:modified_time\" content=\"2026-01-20T16:53:45+00:00\" \/>\n<meta property=\"og:image\" content=\"https:\/\/shop.noor.fi\/wp-content\/uploads\/2024\/06\/7391482073051.jpg\" \/>\n\t<meta property=\"og:image:width\" content=\"2560\" \/>\n\t<meta property=\"og:image:height\" content=\"1606\" \/>\n\t<meta property=\"og:image:type\" content=\"image\/jpeg\" \/>\n<meta name=\"twitter:card\" content=\"summary_large_image\" \/>\n<script type=\"application\/ld+json\" class=\"yoast-schema-graph\">{\"@context\":\"https:\\\/\\\/schema.org\",\"@graph\":[{\"@type\":\"WebPage\",\"@id\":\"https:\\\/\\\/shop.noor.fi\\\/produkt\\\/led-lamppu-e27-g80-decoled-one-meripihka\\\/\",\"url\":\"https:\\\/\\\/shop.noor.fi\\\/produkt\\\/led-lamppu-e27-g80-decoled-one-meripihka\\\/\",\"name\":\"LED-lampa E27 G80 Decoled One amber - Oy Noortrade Ab\",\"isPartOf\":{\"@id\":\"https:\\\/\\\/shopnoorfi-wp31835.test.cchosting.fi\\\/#website\"},\"primaryImageOfPage\":{\"@id\":\"https:\\\/\\\/shop.noor.fi\\\/produkt\\\/led-lamppu-e27-g80-decoled-one-meripihka\\\/#primaryimage\"},\"image\":{\"@id\":\"https:\\\/\\\/shop.noor.fi\\\/produkt\\\/led-lamppu-e27-g80-decoled-one-meripihka\\\/#primaryimage\"},\"thumbnailUrl\":\"https:\\\/\\\/shop.noor.fi\\\/wp-content\\\/uploads\\\/2024\\\/06\\\/7391482073051.jpg\",\"datePublished\":\"2024-06-05T08:51:48+00:00\",\"dateModified\":\"2026-01-20T16:53:45+00:00\",\"breadcrumb\":{\"@id\":\"https:\\\/\\\/shop.noor.fi\\\/produkt\\\/led-lamppu-e27-g80-decoled-one-meripihka\\\/#breadcrumb\"},\"inLanguage\":\"sv-SE\",\"potentialAction\":[{\"@type\":\"ReadAction\",\"target\":[\"https:\\\/\\\/shop.noor.fi\\\/produkt\\\/led-lamppu-e27-g80-decoled-one-meripihka\\\/\"]}]},{\"@type\":\"ImageObject\",\"inLanguage\":\"sv-SE\",\"@id\":\"https:\\\/\\\/shop.noor.fi\\\/produkt\\\/led-lamppu-e27-g80-decoled-one-meripihka\\\/#primaryimage\",\"url\":\"https:\\\/\\\/shop.noor.fi\\\/wp-content\\\/uploads\\\/2024\\\/06\\\/7391482073051.jpg\",\"contentUrl\":\"https:\\\/\\\/shop.noor.fi\\\/wp-content\\\/uploads\\\/2024\\\/06\\\/7391482073051.jpg\",\"width\":2560,\"height\":1606},{\"@type\":\"BreadcrumbList\",\"@id\":\"https:\\\/\\\/shop.noor.fi\\\/produkt\\\/led-lamppu-e27-g80-decoled-one-meripihka\\\/#breadcrumb\",\"itemListElement\":[{\"@type\":\"ListItem\",\"position\":1,\"name\":\"Etusivu\",\"item\":\"https:\\\/\\\/shop.noor.fi\\\/sv\\\/\"},{\"@type\":\"ListItem\",\"position\":2,\"name\":\"Butik\",\"item\":\"https:\\\/\\\/shopnoorfi-wp31835.test.cchosting.fi\\\/sv\\\/butik\\\/\"},{\"@type\":\"ListItem\",\"position\":3,\"name\":\"LED-lampa E27 G80 Decoled One amber\"}]},{\"@type\":\"WebSite\",\"@id\":\"https:\\\/\\\/shopnoorfi-wp31835.test.cchosting.fi\\\/#website\",\"url\":\"https:\\\/\\\/shopnoorfi-wp31835.test.cchosting.fi\\\/\",\"name\":\"Oy Noortrade Ab\",\"description\":\"Finnish family owned company with over 30 years of professional experience in lighting &amp; interior products import and sales - reliably.\",\"publisher\":{\"@id\":\"https:\\\/\\\/shopnoorfi-wp31835.test.cchosting.fi\\\/#organization\"},\"potentialAction\":[{\"@type\":\"SearchAction\",\"target\":{\"@type\":\"EntryPoint\",\"urlTemplate\":\"https:\\\/\\\/shopnoorfi-wp31835.test.cchosting.fi\\\/?s={search_term_string}\"},\"query-input\":{\"@type\":\"PropertyValueSpecification\",\"valueRequired\":true,\"valueName\":\"search_term_string\"}}],\"inLanguage\":\"sv-SE\"},{\"@type\":\"Organization\",\"@id\":\"https:\\\/\\\/shopnoorfi-wp31835.test.cchosting.fi\\\/#organization\",\"name\":\"Oy Noortrade Ab\",\"url\":\"https:\\\/\\\/shopnoorfi-wp31835.test.cchosting.fi\\\/\",\"logo\":{\"@type\":\"ImageObject\",\"inLanguage\":\"sv-SE\",\"@id\":\"https:\\\/\\\/shopnoorfi-wp31835.test.cchosting.fi\\\/#\\\/schema\\\/logo\\\/image\\\/\",\"url\":\"https:\\\/\\\/shop.noor.fi\\\/wp-content\\\/uploads\\\/2024\\\/01\\\/Oy-Noortrade-Ab-Corbel-VERSAL-bold-BLACK.png\",\"contentUrl\":\"https:\\\/\\\/shop.noor.fi\\\/wp-content\\\/uploads\\\/2024\\\/01\\\/Oy-Noortrade-Ab-Corbel-VERSAL-bold-BLACK.png\",\"width\":721,\"height\":177,\"caption\":\"Oy Noortrade Ab\"},\"image\":{\"@id\":\"https:\\\/\\\/shopnoorfi-wp31835.test.cchosting.fi\\\/#\\\/schema\\\/logo\\\/image\\\/\"}}]}<\/script>\n<!-- \/ Yoast SEO plugin. -->","yoast_head_json":{"title":"LED-lampa E27 G80 Decoled One amber - Oy Noortrade Ab","robots":{"index":"index","follow":"follow","max-snippet":"max-snippet:-1","max-image-preview":"max-image-preview:large","max-video-preview":"max-video-preview:-1"},"canonical":"https:\/\/shop.noor.fi\/produkt\/led-lamppu-e27-g80-decoled-one-meripihka\/","og_locale":"sv_SE","og_type":"article","og_title":"LED-lampa E27 G80 Decoled One amber - Oy Noortrade Ab","og_description":"Dekorativ LED-lampa med amberf\u00e4rgat glas och en l\u00e5ng filamentstav. Lampan har en 3-stegs klickdimring, 20\/50\/100 lumen. E27, f\u00e4rgtemperatur varmvit 1800K. Ljusfl\u00f6de 100 lumen. Effekt 2W. Diameter 8 cm H\u00f6jd 12,2 cm","og_url":"https:\/\/shop.noor.fi\/produkt\/led-lamppu-e27-g80-decoled-one-meripihka\/","og_site_name":"Oy Noortrade Ab","article_modified_time":"2026-01-20T16:53:45+00:00","og_image":[{"width":2560,"height":1606,"url":"https:\/\/shop.noor.fi\/wp-content\/uploads\/2024\/06\/7391482073051.jpg","type":"image\/jpeg"}],"twitter_card":"summary_large_image","schema":{"@context":"https:\/\/schema.org","@graph":[{"@type":"WebPage","@id":"https:\/\/shop.noor.fi\/produkt\/led-lamppu-e27-g80-decoled-one-meripihka\/","url":"https:\/\/shop.noor.fi\/produkt\/led-lamppu-e27-g80-decoled-one-meripihka\/","name":"LED-lampa E27 G80 Decoled One amber - Oy Noortrade Ab","isPartOf":{"@id":"https:\/\/shopnoorfi-wp31835.test.cchosting.fi\/#website"},"primaryImageOfPage":{"@id":"https:\/\/shop.noor.fi\/produkt\/led-lamppu-e27-g80-decoled-one-meripihka\/#primaryimage"},"image":{"@id":"https:\/\/shop.noor.fi\/produkt\/led-lamppu-e27-g80-decoled-one-meripihka\/#primaryimage"},"thumbnailUrl":"https:\/\/shop.noor.fi\/wp-content\/uploads\/2024\/06\/7391482073051.jpg","datePublished":"2024-06-05T08:51:48+00:00","dateModified":"2026-01-20T16:53:45+00:00","breadcrumb":{"@id":"https:\/\/shop.noor.fi\/produkt\/led-lamppu-e27-g80-decoled-one-meripihka\/#breadcrumb"},"inLanguage":"sv-SE","potentialAction":[{"@type":"ReadAction","target":["https:\/\/shop.noor.fi\/produkt\/led-lamppu-e27-g80-decoled-one-meripihka\/"]}]},{"@type":"ImageObject","inLanguage":"sv-SE","@id":"https:\/\/shop.noor.fi\/produkt\/led-lamppu-e27-g80-decoled-one-meripihka\/#primaryimage","url":"https:\/\/shop.noor.fi\/wp-content\/uploads\/2024\/06\/7391482073051.jpg","contentUrl":"https:\/\/shop.noor.fi\/wp-content\/uploads\/2024\/06\/7391482073051.jpg","width":2560,"height":1606},{"@type":"BreadcrumbList","@id":"https:\/\/shop.noor.fi\/produkt\/led-lamppu-e27-g80-decoled-one-meripihka\/#breadcrumb","itemListElement":[{"@type":"ListItem","position":1,"name":"Etusivu","item":"https:\/\/shop.noor.fi\/sv\/"},{"@type":"ListItem","position":2,"name":"Butik","item":"https:\/\/shopnoorfi-wp31835.test.cchosting.fi\/sv\/butik\/"},{"@type":"ListItem","position":3,"name":"LED-lampa E27 G80 Decoled One amber"}]},{"@type":"WebSite","@id":"https:\/\/shopnoorfi-wp31835.test.cchosting.fi\/#website","url":"https:\/\/shopnoorfi-wp31835.test.cchosting.fi\/","name":"Oy Noortrade Ab","description":"Finnish family owned company with over 30 years of professional experience in lighting &amp; interior products import and sales - reliably.","publisher":{"@id":"https:\/\/shopnoorfi-wp31835.test.cchosting.fi\/#organization"},"potentialAction":[{"@type":"SearchAction","target":{"@type":"EntryPoint","urlTemplate":"https:\/\/shopnoorfi-wp31835.test.cchosting.fi\/?s={search_term_string}"},"query-input":{"@type":"PropertyValueSpecification","valueRequired":true,"valueName":"search_term_string"}}],"inLanguage":"sv-SE"},{"@type":"Organization","@id":"https:\/\/shopnoorfi-wp31835.test.cchosting.fi\/#organization","name":"Oy Noortrade Ab","url":"https:\/\/shopnoorfi-wp31835.test.cchosting.fi\/","logo":{"@type":"ImageObject","inLanguage":"sv-SE","@id":"https:\/\/shopnoorfi-wp31835.test.cchosting.fi\/#\/schema\/logo\/image\/","url":"https:\/\/shop.noor.fi\/wp-content\/uploads\/2024\/01\/Oy-Noortrade-Ab-Corbel-VERSAL-bold-BLACK.png","contentUrl":"https:\/\/shop.noor.fi\/wp-content\/uploads\/2024\/01\/Oy-Noortrade-Ab-Corbel-VERSAL-bold-BLACK.png","width":721,"height":177,"caption":"Oy Noortrade Ab"},"image":{"@id":"https:\/\/shopnoorfi-wp31835.test.cchosting.fi\/#\/schema\/logo\/image\/"}}]}},"brands":[{"id":28728,"name":"Star Trading","slug":"star-trading"}],"_links":{"self":[{"href":"https:\/\/shop.noor.fi\/sv\/wp-json\/wp\/v2\/product\/111587","targetHints":{"allow":["GET"]}}],"collection":[{"href":"https:\/\/shop.noor.fi\/sv\/wp-json\/wp\/v2\/product"}],"about":[{"href":"https:\/\/shop.noor.fi\/sv\/wp-json\/wp\/v2\/types\/product"}],"replies":[{"embeddable":true,"href":"https:\/\/shop.noor.fi\/sv\/wp-json\/wp\/v2\/comments?post=111587"}],"wp:featuredmedia":[{"embeddable":true,"href":"https:\/\/shop.noor.fi\/sv\/wp-json\/wp\/v2\/media\/110611"}],"wp:attachment":[{"href":"https:\/\/shop.noor.fi\/sv\/wp-json\/wp\/v2\/media?parent=111587"}],"wp:term":[{"taxonomy":"pwb-brand","embeddable":true,"href":"https:\/\/shop.noor.fi\/sv\/wp-json\/wp\/v2\/pwb-brand?post=111587"},{"taxonomy":"product_brand","embeddable":true,"href":"https:\/\/shop.noor.fi\/sv\/wp-json\/wp\/v2\/product_brand?post=111587"},{"taxonomy":"product_cat","embeddable":true,"href":"https:\/\/shop.noor.fi\/sv\/wp-json\/wp\/v2\/product_cat?post=111587"},{"taxonomy":"product_tag","embeddable":true,"href":"https:\/\/shop.noor.fi\/sv\/wp-json\/wp\/v2\/product_tag?post=111587"}],"curies":[{"name":"wp","href":"https:\/\/api.w.org\/{rel}","templated":true}]}}