{"id":109564,"date":"2024-05-30T11:04:00","date_gmt":"2024-05-30T08:04:00","guid":{"rendered":"https:\/\/shop.noor.fi\/product\/aira-fonsterlampa-massing-25cm\/"},"modified":"2026-04-30T16:20:01","modified_gmt":"2026-04-30T13:20:01","slug":"aira-fonsterlampa-massing-25cm","status":"publish","type":"product","link":"https:\/\/shop.noor.fi\/sv\/produkt\/aira-fonsterlampa-massing-25cm\/","title":{"rendered":"Aira f\u00f6nsterlampa m\u00e4ssing 25cm"},"content":{"rendered":"<p>F\u00f6nsterlampa Aira i en br\u00e4nd m\u00e4ssingsfinish. En dekorativ veckad lampsk\u00e4rm i metall d\u00e4r den rustika stilen kombineras med en modern design,<br \/>\nutseendet p\u00e5 finishen varierar d\u00e5 sk\u00e4rmen \u00e4r handgjord. En br\u00e4nd m\u00e4ssingsfinish g\u00f6r att lampan sprider ett varmt och h\u00e4rligt sken, lampan kan<br \/>\nplaceras i k\u00f6ksf\u00f6nstret eller \u00f6ver ett mindre bord.<br \/>\nF\u00f6nsterlampan har en 3,5 meter l\u00e5ng textilsladd med v\u00e4ggkontakt.<br \/>\nE27, max 25W. Ljusk\u00e4lla ing\u00e5r ej.<\/p>\n<p>Diameter 25 cm<br \/>\nH\u00f6jd 17 cm<\/p>\n","protected":false},"excerpt":{"rendered":"<p>F\u00f6nsterlampa Aira i en br\u00e4nd m\u00e4ssingsfinish. En dekorativ veckad lampsk\u00e4rm i metall d\u00e4r den rustika stilen kombineras med en modern design, utseendet p\u00e5 finishen varierar d\u00e5 sk\u00e4rmen \u00e4r handgjord. En br\u00e4nd m\u00e4ssingsfinish g\u00f6r att lampan sprider ett varmt och h\u00e4rligt sken, lampan kan placeras i k\u00f6ksf\u00f6nstret eller \u00f6ver ett mindre bord. F\u00f6nsterlampan har en 3,5 [&hellip;]<\/p>\n","protected":false},"featured_media":109627,"comment_status":"open","ping_status":"closed","template":"","meta":{"_acf_changed":false,"_relevanssi_hide_post":"","_relevanssi_hide_content":"","_relevanssi_pin_for_all":"","_relevanssi_pin_keywords":"","_relevanssi_unpin_keywords":"","_relevanssi_related_keywords":"","_relevanssi_related_include_ids":"","_relevanssi_related_exclude_ids":"","_relevanssi_related_no_append":"","_relevanssi_related_not_related":"","_relevanssi_related_posts":"","_relevanssi_noindex_reason":""},"pwb-brand":[37489],"product_brand":[],"product_cat":[32005],"product_tag":[],"class_list":{"0":"post-109564","1":"product","2":"type-product","3":"status-publish","4":"has-post-thumbnail","6":"pwb-brand-pr-home-sv","7":"product_cat-fonsterlampor","9":"first","10":"onbackorder","11":"taxable","12":"shipping-taxable","13":"purchasable","14":"product-type-simple"},"acf":[],"yoast_head":"<!-- This site is optimized with the Yoast SEO plugin v27.5 - https:\/\/yoast.com\/product\/yoast-seo-wordpress\/ -->\n<title>Aira f\u00f6nsterlampa m\u00e4ssing 25cm - Oy Noortrade Ab<\/title>\n<meta name=\"robots\" content=\"index, follow, max-snippet:-1, max-image-preview:large, max-video-preview:-1\" \/>\n<link rel=\"canonical\" href=\"https:\/\/shop.noor.fi\/tuote\/aira-ikkunavalaisin-messinki-25cm\/\" \/>\n<meta property=\"og:locale\" content=\"sv_SE\" \/>\n<meta property=\"og:type\" content=\"article\" \/>\n<meta property=\"og:title\" content=\"Aira f\u00f6nsterlampa m\u00e4ssing 25cm - Oy Noortrade Ab\" \/>\n<meta property=\"og:description\" content=\"F\u00f6nsterlampa Aira i en br\u00e4nd m\u00e4ssingsfinish. En dekorativ veckad lampsk\u00e4rm i metall d\u00e4r den rustika stilen kombineras med en modern design, utseendet p\u00e5 finishen varierar d\u00e5 sk\u00e4rmen \u00e4r handgjord. En br\u00e4nd m\u00e4ssingsfinish g\u00f6r att lampan sprider ett varmt och h\u00e4rligt sken, lampan kan placeras i k\u00f6ksf\u00f6nstret eller \u00f6ver ett mindre bord. F\u00f6nsterlampan har en 3,5 [&hellip;]\" \/>\n<meta property=\"og:url\" content=\"https:\/\/shop.noor.fi\/tuote\/aira-ikkunavalaisin-messinki-25cm\/\" \/>\n<meta property=\"og:site_name\" content=\"Oy Noortrade Ab\" \/>\n<meta property=\"article:modified_time\" content=\"2026-04-30T13:20:01+00:00\" \/>\n<meta property=\"og:image\" content=\"https:\/\/shop.noor.fi\/wp-content\/uploads\/2024\/05\/7330976141630.jpg\" \/>\n\t<meta property=\"og:image:width\" content=\"1920\" \/>\n\t<meta property=\"og:image:height\" content=\"2560\" \/>\n\t<meta property=\"og:image:type\" content=\"image\/jpeg\" \/>\n<meta name=\"twitter:card\" content=\"summary_large_image\" \/>\n<script type=\"application\/ld+json\" class=\"yoast-schema-graph\">{\"@context\":\"https:\\\/\\\/schema.org\",\"@graph\":[{\"@type\":\"WebPage\",\"@id\":\"https:\\\/\\\/shop.noor.fi\\\/tuote\\\/aira-ikkunavalaisin-messinki-25cm\\\/\",\"url\":\"https:\\\/\\\/shop.noor.fi\\\/tuote\\\/aira-ikkunavalaisin-messinki-25cm\\\/\",\"name\":\"Aira f\u00f6nsterlampa m\u00e4ssing 25cm - Oy Noortrade Ab\",\"isPartOf\":{\"@id\":\"https:\\\/\\\/shopnoorfi-wp31835.test.cchosting.fi\\\/#website\"},\"primaryImageOfPage\":{\"@id\":\"https:\\\/\\\/shop.noor.fi\\\/tuote\\\/aira-ikkunavalaisin-messinki-25cm\\\/#primaryimage\"},\"image\":{\"@id\":\"https:\\\/\\\/shop.noor.fi\\\/tuote\\\/aira-ikkunavalaisin-messinki-25cm\\\/#primaryimage\"},\"thumbnailUrl\":\"https:\\\/\\\/shop.noor.fi\\\/wp-content\\\/uploads\\\/2024\\\/05\\\/7330976141630.jpg\",\"datePublished\":\"2024-05-30T08:04:00+00:00\",\"dateModified\":\"2026-04-30T13:20:01+00:00\",\"breadcrumb\":{\"@id\":\"https:\\\/\\\/shop.noor.fi\\\/tuote\\\/aira-ikkunavalaisin-messinki-25cm\\\/#breadcrumb\"},\"inLanguage\":\"sv-SE\",\"potentialAction\":[{\"@type\":\"ReadAction\",\"target\":[\"https:\\\/\\\/shop.noor.fi\\\/tuote\\\/aira-ikkunavalaisin-messinki-25cm\\\/\"]}]},{\"@type\":\"ImageObject\",\"inLanguage\":\"sv-SE\",\"@id\":\"https:\\\/\\\/shop.noor.fi\\\/tuote\\\/aira-ikkunavalaisin-messinki-25cm\\\/#primaryimage\",\"url\":\"https:\\\/\\\/shop.noor.fi\\\/wp-content\\\/uploads\\\/2024\\\/05\\\/7330976141630.jpg\",\"contentUrl\":\"https:\\\/\\\/shop.noor.fi\\\/wp-content\\\/uploads\\\/2024\\\/05\\\/7330976141630.jpg\",\"width\":1920,\"height\":2560},{\"@type\":\"BreadcrumbList\",\"@id\":\"https:\\\/\\\/shop.noor.fi\\\/tuote\\\/aira-ikkunavalaisin-messinki-25cm\\\/#breadcrumb\",\"itemListElement\":[{\"@type\":\"ListItem\",\"position\":1,\"name\":\"Etusivu\",\"item\":\"https:\\\/\\\/shop.noor.fi\\\/sv\\\/\"},{\"@type\":\"ListItem\",\"position\":2,\"name\":\"Butik\",\"item\":\"https:\\\/\\\/shopnoorfi-wp31835.test.cchosting.fi\\\/sv\\\/butik\\\/\"},{\"@type\":\"ListItem\",\"position\":3,\"name\":\"Aira f\u00f6nsterlampa m\u00e4ssing 25cm\"}]},{\"@type\":\"WebSite\",\"@id\":\"https:\\\/\\\/shopnoorfi-wp31835.test.cchosting.fi\\\/#website\",\"url\":\"https:\\\/\\\/shopnoorfi-wp31835.test.cchosting.fi\\\/\",\"name\":\"Oy Noortrade Ab\",\"description\":\"Finnish family owned company with over 30 years of professional experience in lighting &amp; interior products import and sales - reliably.\",\"publisher\":{\"@id\":\"https:\\\/\\\/shopnoorfi-wp31835.test.cchosting.fi\\\/#organization\"},\"potentialAction\":[{\"@type\":\"SearchAction\",\"target\":{\"@type\":\"EntryPoint\",\"urlTemplate\":\"https:\\\/\\\/shopnoorfi-wp31835.test.cchosting.fi\\\/?s={search_term_string}\"},\"query-input\":{\"@type\":\"PropertyValueSpecification\",\"valueRequired\":true,\"valueName\":\"search_term_string\"}}],\"inLanguage\":\"sv-SE\"},{\"@type\":\"Organization\",\"@id\":\"https:\\\/\\\/shopnoorfi-wp31835.test.cchosting.fi\\\/#organization\",\"name\":\"Oy Noortrade Ab\",\"url\":\"https:\\\/\\\/shopnoorfi-wp31835.test.cchosting.fi\\\/\",\"logo\":{\"@type\":\"ImageObject\",\"inLanguage\":\"sv-SE\",\"@id\":\"https:\\\/\\\/shopnoorfi-wp31835.test.cchosting.fi\\\/#\\\/schema\\\/logo\\\/image\\\/\",\"url\":\"https:\\\/\\\/shop.noor.fi\\\/wp-content\\\/uploads\\\/2024\\\/01\\\/Oy-Noortrade-Ab-Corbel-VERSAL-bold-BLACK.png\",\"contentUrl\":\"https:\\\/\\\/shop.noor.fi\\\/wp-content\\\/uploads\\\/2024\\\/01\\\/Oy-Noortrade-Ab-Corbel-VERSAL-bold-BLACK.png\",\"width\":721,\"height\":177,\"caption\":\"Oy Noortrade Ab\"},\"image\":{\"@id\":\"https:\\\/\\\/shopnoorfi-wp31835.test.cchosting.fi\\\/#\\\/schema\\\/logo\\\/image\\\/\"}}]}<\/script>\n<!-- \/ Yoast SEO plugin. -->","yoast_head_json":{"title":"Aira f\u00f6nsterlampa m\u00e4ssing 25cm - Oy Noortrade Ab","robots":{"index":"index","follow":"follow","max-snippet":"max-snippet:-1","max-image-preview":"max-image-preview:large","max-video-preview":"max-video-preview:-1"},"canonical":"https:\/\/shop.noor.fi\/tuote\/aira-ikkunavalaisin-messinki-25cm\/","og_locale":"sv_SE","og_type":"article","og_title":"Aira f\u00f6nsterlampa m\u00e4ssing 25cm - Oy Noortrade Ab","og_description":"F\u00f6nsterlampa Aira i en br\u00e4nd m\u00e4ssingsfinish. En dekorativ veckad lampsk\u00e4rm i metall d\u00e4r den rustika stilen kombineras med en modern design, utseendet p\u00e5 finishen varierar d\u00e5 sk\u00e4rmen \u00e4r handgjord. En br\u00e4nd m\u00e4ssingsfinish g\u00f6r att lampan sprider ett varmt och h\u00e4rligt sken, lampan kan placeras i k\u00f6ksf\u00f6nstret eller \u00f6ver ett mindre bord. F\u00f6nsterlampan har en 3,5 [&hellip;]","og_url":"https:\/\/shop.noor.fi\/tuote\/aira-ikkunavalaisin-messinki-25cm\/","og_site_name":"Oy Noortrade Ab","article_modified_time":"2026-04-30T13:20:01+00:00","og_image":[{"width":1920,"height":2560,"url":"https:\/\/shop.noor.fi\/wp-content\/uploads\/2024\/05\/7330976141630.jpg","type":"image\/jpeg"}],"twitter_card":"summary_large_image","schema":{"@context":"https:\/\/schema.org","@graph":[{"@type":"WebPage","@id":"https:\/\/shop.noor.fi\/tuote\/aira-ikkunavalaisin-messinki-25cm\/","url":"https:\/\/shop.noor.fi\/tuote\/aira-ikkunavalaisin-messinki-25cm\/","name":"Aira f\u00f6nsterlampa m\u00e4ssing 25cm - Oy Noortrade Ab","isPartOf":{"@id":"https:\/\/shopnoorfi-wp31835.test.cchosting.fi\/#website"},"primaryImageOfPage":{"@id":"https:\/\/shop.noor.fi\/tuote\/aira-ikkunavalaisin-messinki-25cm\/#primaryimage"},"image":{"@id":"https:\/\/shop.noor.fi\/tuote\/aira-ikkunavalaisin-messinki-25cm\/#primaryimage"},"thumbnailUrl":"https:\/\/shop.noor.fi\/wp-content\/uploads\/2024\/05\/7330976141630.jpg","datePublished":"2024-05-30T08:04:00+00:00","dateModified":"2026-04-30T13:20:01+00:00","breadcrumb":{"@id":"https:\/\/shop.noor.fi\/tuote\/aira-ikkunavalaisin-messinki-25cm\/#breadcrumb"},"inLanguage":"sv-SE","potentialAction":[{"@type":"ReadAction","target":["https:\/\/shop.noor.fi\/tuote\/aira-ikkunavalaisin-messinki-25cm\/"]}]},{"@type":"ImageObject","inLanguage":"sv-SE","@id":"https:\/\/shop.noor.fi\/tuote\/aira-ikkunavalaisin-messinki-25cm\/#primaryimage","url":"https:\/\/shop.noor.fi\/wp-content\/uploads\/2024\/05\/7330976141630.jpg","contentUrl":"https:\/\/shop.noor.fi\/wp-content\/uploads\/2024\/05\/7330976141630.jpg","width":1920,"height":2560},{"@type":"BreadcrumbList","@id":"https:\/\/shop.noor.fi\/tuote\/aira-ikkunavalaisin-messinki-25cm\/#breadcrumb","itemListElement":[{"@type":"ListItem","position":1,"name":"Etusivu","item":"https:\/\/shop.noor.fi\/sv\/"},{"@type":"ListItem","position":2,"name":"Butik","item":"https:\/\/shopnoorfi-wp31835.test.cchosting.fi\/sv\/butik\/"},{"@type":"ListItem","position":3,"name":"Aira f\u00f6nsterlampa m\u00e4ssing 25cm"}]},{"@type":"WebSite","@id":"https:\/\/shopnoorfi-wp31835.test.cchosting.fi\/#website","url":"https:\/\/shopnoorfi-wp31835.test.cchosting.fi\/","name":"Oy Noortrade Ab","description":"Finnish family owned company with over 30 years of professional experience in lighting &amp; interior products import and sales - reliably.","publisher":{"@id":"https:\/\/shopnoorfi-wp31835.test.cchosting.fi\/#organization"},"potentialAction":[{"@type":"SearchAction","target":{"@type":"EntryPoint","urlTemplate":"https:\/\/shopnoorfi-wp31835.test.cchosting.fi\/?s={search_term_string}"},"query-input":{"@type":"PropertyValueSpecification","valueRequired":true,"valueName":"search_term_string"}}],"inLanguage":"sv-SE"},{"@type":"Organization","@id":"https:\/\/shopnoorfi-wp31835.test.cchosting.fi\/#organization","name":"Oy Noortrade Ab","url":"https:\/\/shopnoorfi-wp31835.test.cchosting.fi\/","logo":{"@type":"ImageObject","inLanguage":"sv-SE","@id":"https:\/\/shopnoorfi-wp31835.test.cchosting.fi\/#\/schema\/logo\/image\/","url":"https:\/\/shop.noor.fi\/wp-content\/uploads\/2024\/01\/Oy-Noortrade-Ab-Corbel-VERSAL-bold-BLACK.png","contentUrl":"https:\/\/shop.noor.fi\/wp-content\/uploads\/2024\/01\/Oy-Noortrade-Ab-Corbel-VERSAL-bold-BLACK.png","width":721,"height":177,"caption":"Oy Noortrade Ab"},"image":{"@id":"https:\/\/shopnoorfi-wp31835.test.cchosting.fi\/#\/schema\/logo\/image\/"}}]}},"brands":[{"id":37489,"name":"PR Home","slug":"pr-home-sv"}],"_links":{"self":[{"href":"https:\/\/shop.noor.fi\/sv\/wp-json\/wp\/v2\/product\/109564","targetHints":{"allow":["GET"]}}],"collection":[{"href":"https:\/\/shop.noor.fi\/sv\/wp-json\/wp\/v2\/product"}],"about":[{"href":"https:\/\/shop.noor.fi\/sv\/wp-json\/wp\/v2\/types\/product"}],"replies":[{"embeddable":true,"href":"https:\/\/shop.noor.fi\/sv\/wp-json\/wp\/v2\/comments?post=109564"}],"wp:featuredmedia":[{"embeddable":true,"href":"https:\/\/shop.noor.fi\/sv\/wp-json\/wp\/v2\/media\/109627"}],"wp:attachment":[{"href":"https:\/\/shop.noor.fi\/sv\/wp-json\/wp\/v2\/media?parent=109564"}],"wp:term":[{"taxonomy":"pwb-brand","embeddable":true,"href":"https:\/\/shop.noor.fi\/sv\/wp-json\/wp\/v2\/pwb-brand?post=109564"},{"taxonomy":"product_brand","embeddable":true,"href":"https:\/\/shop.noor.fi\/sv\/wp-json\/wp\/v2\/product_brand?post=109564"},{"taxonomy":"product_cat","embeddable":true,"href":"https:\/\/shop.noor.fi\/sv\/wp-json\/wp\/v2\/product_cat?post=109564"},{"taxonomy":"product_tag","embeddable":true,"href":"https:\/\/shop.noor.fi\/sv\/wp-json\/wp\/v2\/product_tag?post=109564"}],"curies":[{"name":"wp","href":"https:\/\/api.w.org\/{rel}","templated":true}]}}