{"id":109510,"date":"2024-05-30T11:04:16","date_gmt":"2024-05-30T08:04:16","guid":{"rendered":"https:\/\/shop.noor.fi\/product\/ava-takskarm-offwhite-svart-25cm\/"},"modified":"2026-01-20T18:46:30","modified_gmt":"2026-01-20T16:46:30","slug":"ava-takskarm-offwhite-svart-25cm","status":"publish","type":"product","link":"https:\/\/shop.noor.fi\/sv\/produkt\/ava-takskarm-offwhite-svart-25cm\/","title":{"rendered":"Ava taksk\u00e4rm offwhite\/svart 25cm"},"content":{"rendered":"<p>En cylinderformad taksk\u00e4rm i ekologiskt bomullstyg med grafiska svarta detaljer som ger lampsk\u00e4rmen en modern look. Ger ett fint och behagligt allm\u00e4nljus samtidigt som den blir ett blickf\u00e5ng. Sk\u00e4rmen kan ocks\u00e5 anv\u00e4ndas p\u00e5 en lampfot. Insidan \u00e4r vit.<br \/>\nE27 ringf\u00e4ste. Sladdst\u00e4ll ing\u00e5r ej.<\/p>\n<p>H\u00f6jd: 40 cm<br \/>\nDiameter: 25 cm<\/p>\n","protected":false},"excerpt":{"rendered":"<p>En cylinderformad taksk\u00e4rm i ekologiskt bomullstyg med grafiska svarta detaljer som ger lampsk\u00e4rmen en modern look. Ger ett fint och behagligt allm\u00e4nljus samtidigt som den blir ett blickf\u00e5ng. Sk\u00e4rmen kan ocks\u00e5 anv\u00e4ndas p\u00e5 en lampfot. Insidan \u00e4r vit. E27 ringf\u00e4ste. Sladdst\u00e4ll ing\u00e5r ej. H\u00f6jd: 40 cm Diameter: 25 cm<\/p>\n","protected":false},"featured_media":109904,"comment_status":"open","ping_status":"closed","template":"","meta":{"_acf_changed":false,"_relevanssi_hide_post":"","_relevanssi_hide_content":"","_relevanssi_pin_for_all":"","_relevanssi_pin_keywords":"","_relevanssi_unpin_keywords":"","_relevanssi_related_keywords":"","_relevanssi_related_include_ids":"","_relevanssi_related_exclude_ids":"","_relevanssi_related_no_append":"","_relevanssi_related_not_related":"","_relevanssi_related_posts":"","_relevanssi_noindex_reason":""},"pwb-brand":[28732],"product_brand":[],"product_cat":[32028,32180],"product_tag":[],"class_list":{"0":"post-109510","1":"product","2":"type-product","3":"status-publish","4":"has-post-thumbnail","6":"pwb-brand-pr-home","7":"product_cat-takskarmar","8":"product_cat-skarm-ring","10":"first","11":"onbackorder","12":"taxable","13":"shipping-taxable","14":"purchasable","15":"product-type-simple"},"acf":[],"yoast_head":"<!-- This site is optimized with the Yoast SEO plugin v27.5 - https:\/\/yoast.com\/product\/yoast-seo-wordpress\/ -->\n<title>Ava taksk\u00e4rm offwhite\/svart 25cm - Oy Noortrade Ab<\/title>\n<meta name=\"robots\" content=\"index, follow, max-snippet:-1, max-image-preview:large, max-video-preview:-1\" \/>\n<link rel=\"canonical\" href=\"https:\/\/shop.noor.fi\/sv\/produkt\/ava-takskarm-offwhite-svart-25cm\/\" \/>\n<meta property=\"og:locale\" content=\"sv_SE\" \/>\n<meta property=\"og:type\" content=\"article\" \/>\n<meta property=\"og:title\" content=\"Ava taksk\u00e4rm offwhite\/svart 25cm - Oy Noortrade Ab\" \/>\n<meta property=\"og:description\" content=\"En cylinderformad taksk\u00e4rm i ekologiskt bomullstyg med grafiska svarta detaljer som ger lampsk\u00e4rmen en modern look. Ger ett fint och behagligt allm\u00e4nljus samtidigt som den blir ett blickf\u00e5ng. Sk\u00e4rmen kan ocks\u00e5 anv\u00e4ndas p\u00e5 en lampfot. Insidan \u00e4r vit. E27 ringf\u00e4ste. Sladdst\u00e4ll ing\u00e5r ej. H\u00f6jd: 40 cm Diameter: 25 cm\" \/>\n<meta property=\"og:url\" content=\"https:\/\/shop.noor.fi\/sv\/produkt\/ava-takskarm-offwhite-svart-25cm\/\" \/>\n<meta property=\"og:site_name\" content=\"Oy Noortrade Ab\" \/>\n<meta property=\"article:modified_time\" content=\"2026-01-20T16:46:30+00:00\" \/>\n<meta property=\"og:image\" content=\"https:\/\/shop.noor.fi\/wp-content\/uploads\/2024\/05\/7330976140442.jpg\" \/>\n\t<meta property=\"og:image:width\" content=\"1920\" \/>\n\t<meta property=\"og:image:height\" content=\"2560\" \/>\n\t<meta property=\"og:image:type\" content=\"image\/jpeg\" \/>\n<meta name=\"twitter:card\" content=\"summary_large_image\" \/>\n<script type=\"application\/ld+json\" class=\"yoast-schema-graph\">{\"@context\":\"https:\\\/\\\/schema.org\",\"@graph\":[{\"@type\":\"WebPage\",\"@id\":\"https:\\\/\\\/shop.noor.fi\\\/sv\\\/produkt\\\/ava-takskarm-offwhite-svart-25cm\\\/\",\"url\":\"https:\\\/\\\/shop.noor.fi\\\/sv\\\/produkt\\\/ava-takskarm-offwhite-svart-25cm\\\/\",\"name\":\"Ava taksk\u00e4rm offwhite\\\/svart 25cm - Oy Noortrade Ab\",\"isPartOf\":{\"@id\":\"https:\\\/\\\/shopnoorfi-wp31835.test.cchosting.fi\\\/#website\"},\"primaryImageOfPage\":{\"@id\":\"https:\\\/\\\/shop.noor.fi\\\/sv\\\/produkt\\\/ava-takskarm-offwhite-svart-25cm\\\/#primaryimage\"},\"image\":{\"@id\":\"https:\\\/\\\/shop.noor.fi\\\/sv\\\/produkt\\\/ava-takskarm-offwhite-svart-25cm\\\/#primaryimage\"},\"thumbnailUrl\":\"https:\\\/\\\/shop.noor.fi\\\/wp-content\\\/uploads\\\/2024\\\/05\\\/7330976140442.jpg\",\"datePublished\":\"2024-05-30T08:04:16+00:00\",\"dateModified\":\"2026-01-20T16:46:30+00:00\",\"breadcrumb\":{\"@id\":\"https:\\\/\\\/shop.noor.fi\\\/sv\\\/produkt\\\/ava-takskarm-offwhite-svart-25cm\\\/#breadcrumb\"},\"inLanguage\":\"sv-SE\",\"potentialAction\":[{\"@type\":\"ReadAction\",\"target\":[\"https:\\\/\\\/shop.noor.fi\\\/sv\\\/produkt\\\/ava-takskarm-offwhite-svart-25cm\\\/\"]}]},{\"@type\":\"ImageObject\",\"inLanguage\":\"sv-SE\",\"@id\":\"https:\\\/\\\/shop.noor.fi\\\/sv\\\/produkt\\\/ava-takskarm-offwhite-svart-25cm\\\/#primaryimage\",\"url\":\"https:\\\/\\\/shop.noor.fi\\\/wp-content\\\/uploads\\\/2024\\\/05\\\/7330976140442.jpg\",\"contentUrl\":\"https:\\\/\\\/shop.noor.fi\\\/wp-content\\\/uploads\\\/2024\\\/05\\\/7330976140442.jpg\",\"width\":1920,\"height\":2560},{\"@type\":\"BreadcrumbList\",\"@id\":\"https:\\\/\\\/shop.noor.fi\\\/sv\\\/produkt\\\/ava-takskarm-offwhite-svart-25cm\\\/#breadcrumb\",\"itemListElement\":[{\"@type\":\"ListItem\",\"position\":1,\"name\":\"Etusivu\",\"item\":\"https:\\\/\\\/shop.noor.fi\\\/sv\\\/\"},{\"@type\":\"ListItem\",\"position\":2,\"name\":\"Butik\",\"item\":\"https:\\\/\\\/shopnoorfi-wp31835.test.cchosting.fi\\\/sv\\\/butik\\\/\"},{\"@type\":\"ListItem\",\"position\":3,\"name\":\"Ava taksk\u00e4rm offwhite\\\/svart 25cm\"}]},{\"@type\":\"WebSite\",\"@id\":\"https:\\\/\\\/shopnoorfi-wp31835.test.cchosting.fi\\\/#website\",\"url\":\"https:\\\/\\\/shopnoorfi-wp31835.test.cchosting.fi\\\/\",\"name\":\"Oy Noortrade Ab\",\"description\":\"Finnish family owned company with over 30 years of professional experience in lighting &amp; interior products import and sales - reliably.\",\"publisher\":{\"@id\":\"https:\\\/\\\/shopnoorfi-wp31835.test.cchosting.fi\\\/#organization\"},\"potentialAction\":[{\"@type\":\"SearchAction\",\"target\":{\"@type\":\"EntryPoint\",\"urlTemplate\":\"https:\\\/\\\/shopnoorfi-wp31835.test.cchosting.fi\\\/?s={search_term_string}\"},\"query-input\":{\"@type\":\"PropertyValueSpecification\",\"valueRequired\":true,\"valueName\":\"search_term_string\"}}],\"inLanguage\":\"sv-SE\"},{\"@type\":\"Organization\",\"@id\":\"https:\\\/\\\/shopnoorfi-wp31835.test.cchosting.fi\\\/#organization\",\"name\":\"Oy Noortrade Ab\",\"url\":\"https:\\\/\\\/shopnoorfi-wp31835.test.cchosting.fi\\\/\",\"logo\":{\"@type\":\"ImageObject\",\"inLanguage\":\"sv-SE\",\"@id\":\"https:\\\/\\\/shopnoorfi-wp31835.test.cchosting.fi\\\/#\\\/schema\\\/logo\\\/image\\\/\",\"url\":\"https:\\\/\\\/shop.noor.fi\\\/wp-content\\\/uploads\\\/2024\\\/01\\\/Oy-Noortrade-Ab-Corbel-VERSAL-bold-BLACK.png\",\"contentUrl\":\"https:\\\/\\\/shop.noor.fi\\\/wp-content\\\/uploads\\\/2024\\\/01\\\/Oy-Noortrade-Ab-Corbel-VERSAL-bold-BLACK.png\",\"width\":721,\"height\":177,\"caption\":\"Oy Noortrade Ab\"},\"image\":{\"@id\":\"https:\\\/\\\/shopnoorfi-wp31835.test.cchosting.fi\\\/#\\\/schema\\\/logo\\\/image\\\/\"}}]}<\/script>\n<!-- \/ Yoast SEO plugin. -->","yoast_head_json":{"title":"Ava taksk\u00e4rm offwhite\/svart 25cm - Oy Noortrade Ab","robots":{"index":"index","follow":"follow","max-snippet":"max-snippet:-1","max-image-preview":"max-image-preview:large","max-video-preview":"max-video-preview:-1"},"canonical":"https:\/\/shop.noor.fi\/sv\/produkt\/ava-takskarm-offwhite-svart-25cm\/","og_locale":"sv_SE","og_type":"article","og_title":"Ava taksk\u00e4rm offwhite\/svart 25cm - Oy Noortrade Ab","og_description":"En cylinderformad taksk\u00e4rm i ekologiskt bomullstyg med grafiska svarta detaljer som ger lampsk\u00e4rmen en modern look. Ger ett fint och behagligt allm\u00e4nljus samtidigt som den blir ett blickf\u00e5ng. Sk\u00e4rmen kan ocks\u00e5 anv\u00e4ndas p\u00e5 en lampfot. Insidan \u00e4r vit. E27 ringf\u00e4ste. Sladdst\u00e4ll ing\u00e5r ej. H\u00f6jd: 40 cm Diameter: 25 cm","og_url":"https:\/\/shop.noor.fi\/sv\/produkt\/ava-takskarm-offwhite-svart-25cm\/","og_site_name":"Oy Noortrade Ab","article_modified_time":"2026-01-20T16:46:30+00:00","og_image":[{"width":1920,"height":2560,"url":"https:\/\/shop.noor.fi\/wp-content\/uploads\/2024\/05\/7330976140442.jpg","type":"image\/jpeg"}],"twitter_card":"summary_large_image","schema":{"@context":"https:\/\/schema.org","@graph":[{"@type":"WebPage","@id":"https:\/\/shop.noor.fi\/sv\/produkt\/ava-takskarm-offwhite-svart-25cm\/","url":"https:\/\/shop.noor.fi\/sv\/produkt\/ava-takskarm-offwhite-svart-25cm\/","name":"Ava taksk\u00e4rm offwhite\/svart 25cm - Oy Noortrade Ab","isPartOf":{"@id":"https:\/\/shopnoorfi-wp31835.test.cchosting.fi\/#website"},"primaryImageOfPage":{"@id":"https:\/\/shop.noor.fi\/sv\/produkt\/ava-takskarm-offwhite-svart-25cm\/#primaryimage"},"image":{"@id":"https:\/\/shop.noor.fi\/sv\/produkt\/ava-takskarm-offwhite-svart-25cm\/#primaryimage"},"thumbnailUrl":"https:\/\/shop.noor.fi\/wp-content\/uploads\/2024\/05\/7330976140442.jpg","datePublished":"2024-05-30T08:04:16+00:00","dateModified":"2026-01-20T16:46:30+00:00","breadcrumb":{"@id":"https:\/\/shop.noor.fi\/sv\/produkt\/ava-takskarm-offwhite-svart-25cm\/#breadcrumb"},"inLanguage":"sv-SE","potentialAction":[{"@type":"ReadAction","target":["https:\/\/shop.noor.fi\/sv\/produkt\/ava-takskarm-offwhite-svart-25cm\/"]}]},{"@type":"ImageObject","inLanguage":"sv-SE","@id":"https:\/\/shop.noor.fi\/sv\/produkt\/ava-takskarm-offwhite-svart-25cm\/#primaryimage","url":"https:\/\/shop.noor.fi\/wp-content\/uploads\/2024\/05\/7330976140442.jpg","contentUrl":"https:\/\/shop.noor.fi\/wp-content\/uploads\/2024\/05\/7330976140442.jpg","width":1920,"height":2560},{"@type":"BreadcrumbList","@id":"https:\/\/shop.noor.fi\/sv\/produkt\/ava-takskarm-offwhite-svart-25cm\/#breadcrumb","itemListElement":[{"@type":"ListItem","position":1,"name":"Etusivu","item":"https:\/\/shop.noor.fi\/sv\/"},{"@type":"ListItem","position":2,"name":"Butik","item":"https:\/\/shopnoorfi-wp31835.test.cchosting.fi\/sv\/butik\/"},{"@type":"ListItem","position":3,"name":"Ava taksk\u00e4rm offwhite\/svart 25cm"}]},{"@type":"WebSite","@id":"https:\/\/shopnoorfi-wp31835.test.cchosting.fi\/#website","url":"https:\/\/shopnoorfi-wp31835.test.cchosting.fi\/","name":"Oy Noortrade Ab","description":"Finnish family owned company with over 30 years of professional experience in lighting &amp; interior products import and sales - reliably.","publisher":{"@id":"https:\/\/shopnoorfi-wp31835.test.cchosting.fi\/#organization"},"potentialAction":[{"@type":"SearchAction","target":{"@type":"EntryPoint","urlTemplate":"https:\/\/shopnoorfi-wp31835.test.cchosting.fi\/?s={search_term_string}"},"query-input":{"@type":"PropertyValueSpecification","valueRequired":true,"valueName":"search_term_string"}}],"inLanguage":"sv-SE"},{"@type":"Organization","@id":"https:\/\/shopnoorfi-wp31835.test.cchosting.fi\/#organization","name":"Oy Noortrade Ab","url":"https:\/\/shopnoorfi-wp31835.test.cchosting.fi\/","logo":{"@type":"ImageObject","inLanguage":"sv-SE","@id":"https:\/\/shopnoorfi-wp31835.test.cchosting.fi\/#\/schema\/logo\/image\/","url":"https:\/\/shop.noor.fi\/wp-content\/uploads\/2024\/01\/Oy-Noortrade-Ab-Corbel-VERSAL-bold-BLACK.png","contentUrl":"https:\/\/shop.noor.fi\/wp-content\/uploads\/2024\/01\/Oy-Noortrade-Ab-Corbel-VERSAL-bold-BLACK.png","width":721,"height":177,"caption":"Oy Noortrade Ab"},"image":{"@id":"https:\/\/shopnoorfi-wp31835.test.cchosting.fi\/#\/schema\/logo\/image\/"}}]}},"brands":[{"id":28732,"name":"PR Home","slug":"pr-home"}],"_links":{"self":[{"href":"https:\/\/shop.noor.fi\/sv\/wp-json\/wp\/v2\/product\/109510","targetHints":{"allow":["GET"]}}],"collection":[{"href":"https:\/\/shop.noor.fi\/sv\/wp-json\/wp\/v2\/product"}],"about":[{"href":"https:\/\/shop.noor.fi\/sv\/wp-json\/wp\/v2\/types\/product"}],"replies":[{"embeddable":true,"href":"https:\/\/shop.noor.fi\/sv\/wp-json\/wp\/v2\/comments?post=109510"}],"wp:featuredmedia":[{"embeddable":true,"href":"https:\/\/shop.noor.fi\/sv\/wp-json\/wp\/v2\/media\/109904"}],"wp:attachment":[{"href":"https:\/\/shop.noor.fi\/sv\/wp-json\/wp\/v2\/media?parent=109510"}],"wp:term":[{"taxonomy":"pwb-brand","embeddable":true,"href":"https:\/\/shop.noor.fi\/sv\/wp-json\/wp\/v2\/pwb-brand?post=109510"},{"taxonomy":"product_brand","embeddable":true,"href":"https:\/\/shop.noor.fi\/sv\/wp-json\/wp\/v2\/product_brand?post=109510"},{"taxonomy":"product_cat","embeddable":true,"href":"https:\/\/shop.noor.fi\/sv\/wp-json\/wp\/v2\/product_cat?post=109510"},{"taxonomy":"product_tag","embeddable":true,"href":"https:\/\/shop.noor.fi\/sv\/wp-json\/wp\/v2\/product_tag?post=109510"}],"curies":[{"name":"wp","href":"https:\/\/api.w.org\/{rel}","templated":true}]}}