{"id":109354,"date":"2023-11-03T15:06:40","date_gmt":"2023-11-03T13:06:40","guid":{"rendered":"https:\/\/shop.noor.fi\/product\/athena-ii-plafond-sensor-12w\/"},"modified":"2026-01-09T14:53:51","modified_gmt":"2026-01-09T12:53:51","slug":"athena-ii-plafond-sensor-12w","status":"publish","type":"product","link":"https:\/\/shop.noor.fi\/sv\/produkt\/athena-ii-plafond-sensor-12w\/","title":{"rendered":"Athena II plafond sensor 12W"},"content":{"rendered":"<p>Westal\/\/ Tunn tak- och v\u00e4ggplafond tillverkad i polykarbonat med opalt bl\u00e4ndskydd, bestyckad med LED-enhet. Armaturen styrs med en inbyggd microv\u00e5gssensor som kan st\u00e4llas in efter behov med hj\u00e4lp av DIP-switchar p\u00e5 drivdonet. D\u00e4r kan funktioner som k\u00e4nslighet, tid f\u00f6r grundljus och om armaturen ska t\u00e4nda upp vid r\u00f6relse n\u00e4r det \u00e4r ljust ute regleras. Vid max detektering ligger avst\u00e5ndet p\u00e5 ca 5m. Kommer med snabbkopplingsplint och dubbla knockouts f\u00f6r utanp\u00e5liggande kabel och vidarekoppling<br \/>\n1073lm. IP44. 3000K. -25\u00b0c till 50\u00b0c. CRI>80. 3 SDCM. Polykarbonat. Klass kl II. 12W. 10LK<\/p>\n","protected":false},"excerpt":{"rendered":"<p>Westal\/\/ Tunn tak- och v\u00e4ggplafond tillverkad i polykarbonat med opalt bl\u00e4ndskydd, bestyckad med LED-enhet. Armaturen styrs med en inbyggd microv\u00e5gssensor som kan st\u00e4llas in efter behov med hj\u00e4lp av DIP-switchar p\u00e5 drivdonet. D\u00e4r kan funktioner som k\u00e4nslighet, tid f\u00f6r grundljus och om armaturen ska t\u00e4nda upp vid r\u00f6relse n\u00e4r det \u00e4r ljust ute regleras. Vid [&hellip;]<\/p>\n","protected":false},"featured_media":57404,"comment_status":"open","ping_status":"closed","template":"","meta":{"_acf_changed":false,"_relevanssi_hide_post":"","_relevanssi_hide_content":"","_relevanssi_pin_for_all":"","_relevanssi_pin_keywords":"","_relevanssi_unpin_keywords":"","_relevanssi_related_keywords":"","_relevanssi_related_include_ids":"","_relevanssi_related_exclude_ids":"","_relevanssi_related_no_append":"","_relevanssi_related_not_related":"","_relevanssi_related_posts":"","_relevanssi_noindex_reason":""},"pwb-brand":[28736],"product_brand":[],"product_cat":[32096,32097],"product_tag":[],"class_list":{"0":"post-109354","1":"product","2":"type-product","3":"status-publish","4":"has-post-thumbnail","6":"pwb-brand-westal","7":"product_cat-plafonder-och-takarmaturer","8":"product_cat-plafonder-till-badrummet","10":"first","11":"instock","12":"taxable","13":"shipping-taxable","14":"purchasable","15":"product-type-simple"},"acf":[],"yoast_head":"<!-- This site is optimized with the Yoast SEO plugin v27.5 - https:\/\/yoast.com\/product\/yoast-seo-wordpress\/ -->\n<title>Athena II plafond sensor 12W - Oy Noortrade Ab<\/title>\n<meta name=\"robots\" content=\"index, follow, max-snippet:-1, max-image-preview:large, max-video-preview:-1\" \/>\n<link rel=\"canonical\" href=\"https:\/\/shop.noor.fi\/sv\/produkt\/athena-ii-plafond-sensor-12w\/\" \/>\n<meta property=\"og:locale\" content=\"sv_SE\" \/>\n<meta property=\"og:type\" content=\"article\" \/>\n<meta property=\"og:title\" content=\"Athena II plafond sensor 12W - Oy Noortrade Ab\" \/>\n<meta property=\"og:description\" content=\"Westal\/\/ Tunn tak- och v\u00e4ggplafond tillverkad i polykarbonat med opalt bl\u00e4ndskydd, bestyckad med LED-enhet. Armaturen styrs med en inbyggd microv\u00e5gssensor som kan st\u00e4llas in efter behov med hj\u00e4lp av DIP-switchar p\u00e5 drivdonet. D\u00e4r kan funktioner som k\u00e4nslighet, tid f\u00f6r grundljus och om armaturen ska t\u00e4nda upp vid r\u00f6relse n\u00e4r det \u00e4r ljust ute regleras. Vid [&hellip;]\" \/>\n<meta property=\"og:url\" content=\"https:\/\/shop.noor.fi\/sv\/produkt\/athena-ii-plafond-sensor-12w\/\" \/>\n<meta property=\"og:site_name\" content=\"Oy Noortrade Ab\" \/>\n<meta property=\"article:modified_time\" content=\"2026-01-09T12:53:51+00:00\" \/>\n<meta property=\"og:image\" content=\"https:\/\/shop.noor.fi\/wp-content\/uploads\/2023\/11\/7393041861420.jpg\" \/>\n\t<meta property=\"og:image:width\" content=\"465\" \/>\n\t<meta property=\"og:image:height\" content=\"425\" \/>\n\t<meta property=\"og:image:type\" content=\"image\/jpeg\" \/>\n<meta name=\"twitter:card\" content=\"summary_large_image\" \/>\n<meta name=\"twitter:label1\" content=\"Ber\u00e4knad l\u00e4stid\" \/>\n\t<meta name=\"twitter:data1\" content=\"1 minut\" \/>\n<script type=\"application\/ld+json\" class=\"yoast-schema-graph\">{\"@context\":\"https:\\\/\\\/schema.org\",\"@graph\":[{\"@type\":\"WebPage\",\"@id\":\"https:\\\/\\\/shop.noor.fi\\\/sv\\\/produkt\\\/athena-ii-plafond-sensor-12w\\\/\",\"url\":\"https:\\\/\\\/shop.noor.fi\\\/sv\\\/produkt\\\/athena-ii-plafond-sensor-12w\\\/\",\"name\":\"Athena II plafond sensor 12W - Oy Noortrade Ab\",\"isPartOf\":{\"@id\":\"https:\\\/\\\/shopnoorfi-wp31835.test.cchosting.fi\\\/#website\"},\"primaryImageOfPage\":{\"@id\":\"https:\\\/\\\/shop.noor.fi\\\/sv\\\/produkt\\\/athena-ii-plafond-sensor-12w\\\/#primaryimage\"},\"image\":{\"@id\":\"https:\\\/\\\/shop.noor.fi\\\/sv\\\/produkt\\\/athena-ii-plafond-sensor-12w\\\/#primaryimage\"},\"thumbnailUrl\":\"https:\\\/\\\/shop.noor.fi\\\/wp-content\\\/uploads\\\/2023\\\/11\\\/7393041861420.jpg\",\"datePublished\":\"2023-11-03T13:06:40+00:00\",\"dateModified\":\"2026-01-09T12:53:51+00:00\",\"breadcrumb\":{\"@id\":\"https:\\\/\\\/shop.noor.fi\\\/sv\\\/produkt\\\/athena-ii-plafond-sensor-12w\\\/#breadcrumb\"},\"inLanguage\":\"sv-SE\",\"potentialAction\":[{\"@type\":\"ReadAction\",\"target\":[\"https:\\\/\\\/shop.noor.fi\\\/sv\\\/produkt\\\/athena-ii-plafond-sensor-12w\\\/\"]}]},{\"@type\":\"ImageObject\",\"inLanguage\":\"sv-SE\",\"@id\":\"https:\\\/\\\/shop.noor.fi\\\/sv\\\/produkt\\\/athena-ii-plafond-sensor-12w\\\/#primaryimage\",\"url\":\"https:\\\/\\\/shop.noor.fi\\\/wp-content\\\/uploads\\\/2023\\\/11\\\/7393041861420.jpg\",\"contentUrl\":\"https:\\\/\\\/shop.noor.fi\\\/wp-content\\\/uploads\\\/2023\\\/11\\\/7393041861420.jpg\",\"width\":465,\"height\":425},{\"@type\":\"BreadcrumbList\",\"@id\":\"https:\\\/\\\/shop.noor.fi\\\/sv\\\/produkt\\\/athena-ii-plafond-sensor-12w\\\/#breadcrumb\",\"itemListElement\":[{\"@type\":\"ListItem\",\"position\":1,\"name\":\"Etusivu\",\"item\":\"https:\\\/\\\/shop.noor.fi\\\/sv\\\/\"},{\"@type\":\"ListItem\",\"position\":2,\"name\":\"Butik\",\"item\":\"https:\\\/\\\/shopnoorfi-wp31835.test.cchosting.fi\\\/sv\\\/butik\\\/\"},{\"@type\":\"ListItem\",\"position\":3,\"name\":\"Athena II plafond sensor 12W\"}]},{\"@type\":\"WebSite\",\"@id\":\"https:\\\/\\\/shopnoorfi-wp31835.test.cchosting.fi\\\/#website\",\"url\":\"https:\\\/\\\/shopnoorfi-wp31835.test.cchosting.fi\\\/\",\"name\":\"Oy Noortrade Ab\",\"description\":\"Finnish family owned company with over 30 years of professional experience in lighting &amp; interior products import and sales - reliably.\",\"publisher\":{\"@id\":\"https:\\\/\\\/shopnoorfi-wp31835.test.cchosting.fi\\\/#organization\"},\"potentialAction\":[{\"@type\":\"SearchAction\",\"target\":{\"@type\":\"EntryPoint\",\"urlTemplate\":\"https:\\\/\\\/shopnoorfi-wp31835.test.cchosting.fi\\\/?s={search_term_string}\"},\"query-input\":{\"@type\":\"PropertyValueSpecification\",\"valueRequired\":true,\"valueName\":\"search_term_string\"}}],\"inLanguage\":\"sv-SE\"},{\"@type\":\"Organization\",\"@id\":\"https:\\\/\\\/shopnoorfi-wp31835.test.cchosting.fi\\\/#organization\",\"name\":\"Oy Noortrade Ab\",\"url\":\"https:\\\/\\\/shopnoorfi-wp31835.test.cchosting.fi\\\/\",\"logo\":{\"@type\":\"ImageObject\",\"inLanguage\":\"sv-SE\",\"@id\":\"https:\\\/\\\/shopnoorfi-wp31835.test.cchosting.fi\\\/#\\\/schema\\\/logo\\\/image\\\/\",\"url\":\"https:\\\/\\\/shop.noor.fi\\\/wp-content\\\/uploads\\\/2024\\\/01\\\/Oy-Noortrade-Ab-Corbel-VERSAL-bold-BLACK.png\",\"contentUrl\":\"https:\\\/\\\/shop.noor.fi\\\/wp-content\\\/uploads\\\/2024\\\/01\\\/Oy-Noortrade-Ab-Corbel-VERSAL-bold-BLACK.png\",\"width\":721,\"height\":177,\"caption\":\"Oy Noortrade Ab\"},\"image\":{\"@id\":\"https:\\\/\\\/shopnoorfi-wp31835.test.cchosting.fi\\\/#\\\/schema\\\/logo\\\/image\\\/\"}}]}<\/script>\n<!-- \/ Yoast SEO plugin. -->","yoast_head_json":{"title":"Athena II plafond sensor 12W - Oy Noortrade Ab","robots":{"index":"index","follow":"follow","max-snippet":"max-snippet:-1","max-image-preview":"max-image-preview:large","max-video-preview":"max-video-preview:-1"},"canonical":"https:\/\/shop.noor.fi\/sv\/produkt\/athena-ii-plafond-sensor-12w\/","og_locale":"sv_SE","og_type":"article","og_title":"Athena II plafond sensor 12W - Oy Noortrade Ab","og_description":"Westal\/\/ Tunn tak- och v\u00e4ggplafond tillverkad i polykarbonat med opalt bl\u00e4ndskydd, bestyckad med LED-enhet. Armaturen styrs med en inbyggd microv\u00e5gssensor som kan st\u00e4llas in efter behov med hj\u00e4lp av DIP-switchar p\u00e5 drivdonet. D\u00e4r kan funktioner som k\u00e4nslighet, tid f\u00f6r grundljus och om armaturen ska t\u00e4nda upp vid r\u00f6relse n\u00e4r det \u00e4r ljust ute regleras. Vid [&hellip;]","og_url":"https:\/\/shop.noor.fi\/sv\/produkt\/athena-ii-plafond-sensor-12w\/","og_site_name":"Oy Noortrade Ab","article_modified_time":"2026-01-09T12:53:51+00:00","og_image":[{"width":465,"height":425,"url":"https:\/\/shop.noor.fi\/wp-content\/uploads\/2023\/11\/7393041861420.jpg","type":"image\/jpeg"}],"twitter_card":"summary_large_image","twitter_misc":{"Ber\u00e4knad l\u00e4stid":"1 minut"},"schema":{"@context":"https:\/\/schema.org","@graph":[{"@type":"WebPage","@id":"https:\/\/shop.noor.fi\/sv\/produkt\/athena-ii-plafond-sensor-12w\/","url":"https:\/\/shop.noor.fi\/sv\/produkt\/athena-ii-plafond-sensor-12w\/","name":"Athena II plafond sensor 12W - Oy Noortrade Ab","isPartOf":{"@id":"https:\/\/shopnoorfi-wp31835.test.cchosting.fi\/#website"},"primaryImageOfPage":{"@id":"https:\/\/shop.noor.fi\/sv\/produkt\/athena-ii-plafond-sensor-12w\/#primaryimage"},"image":{"@id":"https:\/\/shop.noor.fi\/sv\/produkt\/athena-ii-plafond-sensor-12w\/#primaryimage"},"thumbnailUrl":"https:\/\/shop.noor.fi\/wp-content\/uploads\/2023\/11\/7393041861420.jpg","datePublished":"2023-11-03T13:06:40+00:00","dateModified":"2026-01-09T12:53:51+00:00","breadcrumb":{"@id":"https:\/\/shop.noor.fi\/sv\/produkt\/athena-ii-plafond-sensor-12w\/#breadcrumb"},"inLanguage":"sv-SE","potentialAction":[{"@type":"ReadAction","target":["https:\/\/shop.noor.fi\/sv\/produkt\/athena-ii-plafond-sensor-12w\/"]}]},{"@type":"ImageObject","inLanguage":"sv-SE","@id":"https:\/\/shop.noor.fi\/sv\/produkt\/athena-ii-plafond-sensor-12w\/#primaryimage","url":"https:\/\/shop.noor.fi\/wp-content\/uploads\/2023\/11\/7393041861420.jpg","contentUrl":"https:\/\/shop.noor.fi\/wp-content\/uploads\/2023\/11\/7393041861420.jpg","width":465,"height":425},{"@type":"BreadcrumbList","@id":"https:\/\/shop.noor.fi\/sv\/produkt\/athena-ii-plafond-sensor-12w\/#breadcrumb","itemListElement":[{"@type":"ListItem","position":1,"name":"Etusivu","item":"https:\/\/shop.noor.fi\/sv\/"},{"@type":"ListItem","position":2,"name":"Butik","item":"https:\/\/shopnoorfi-wp31835.test.cchosting.fi\/sv\/butik\/"},{"@type":"ListItem","position":3,"name":"Athena II plafond sensor 12W"}]},{"@type":"WebSite","@id":"https:\/\/shopnoorfi-wp31835.test.cchosting.fi\/#website","url":"https:\/\/shopnoorfi-wp31835.test.cchosting.fi\/","name":"Oy Noortrade Ab","description":"Finnish family owned company with over 30 years of professional experience in lighting &amp; interior products import and sales - reliably.","publisher":{"@id":"https:\/\/shopnoorfi-wp31835.test.cchosting.fi\/#organization"},"potentialAction":[{"@type":"SearchAction","target":{"@type":"EntryPoint","urlTemplate":"https:\/\/shopnoorfi-wp31835.test.cchosting.fi\/?s={search_term_string}"},"query-input":{"@type":"PropertyValueSpecification","valueRequired":true,"valueName":"search_term_string"}}],"inLanguage":"sv-SE"},{"@type":"Organization","@id":"https:\/\/shopnoorfi-wp31835.test.cchosting.fi\/#organization","name":"Oy Noortrade Ab","url":"https:\/\/shopnoorfi-wp31835.test.cchosting.fi\/","logo":{"@type":"ImageObject","inLanguage":"sv-SE","@id":"https:\/\/shopnoorfi-wp31835.test.cchosting.fi\/#\/schema\/logo\/image\/","url":"https:\/\/shop.noor.fi\/wp-content\/uploads\/2024\/01\/Oy-Noortrade-Ab-Corbel-VERSAL-bold-BLACK.png","contentUrl":"https:\/\/shop.noor.fi\/wp-content\/uploads\/2024\/01\/Oy-Noortrade-Ab-Corbel-VERSAL-bold-BLACK.png","width":721,"height":177,"caption":"Oy Noortrade Ab"},"image":{"@id":"https:\/\/shopnoorfi-wp31835.test.cchosting.fi\/#\/schema\/logo\/image\/"}}]}},"brands":[{"id":28736,"name":"Westal","slug":"westal"}],"_links":{"self":[{"href":"https:\/\/shop.noor.fi\/sv\/wp-json\/wp\/v2\/product\/109354","targetHints":{"allow":["GET"]}}],"collection":[{"href":"https:\/\/shop.noor.fi\/sv\/wp-json\/wp\/v2\/product"}],"about":[{"href":"https:\/\/shop.noor.fi\/sv\/wp-json\/wp\/v2\/types\/product"}],"replies":[{"embeddable":true,"href":"https:\/\/shop.noor.fi\/sv\/wp-json\/wp\/v2\/comments?post=109354"}],"wp:featuredmedia":[{"embeddable":true,"href":"https:\/\/shop.noor.fi\/sv\/wp-json\/wp\/v2\/media\/57404"}],"wp:attachment":[{"href":"https:\/\/shop.noor.fi\/sv\/wp-json\/wp\/v2\/media?parent=109354"}],"wp:term":[{"taxonomy":"pwb-brand","embeddable":true,"href":"https:\/\/shop.noor.fi\/sv\/wp-json\/wp\/v2\/pwb-brand?post=109354"},{"taxonomy":"product_brand","embeddable":true,"href":"https:\/\/shop.noor.fi\/sv\/wp-json\/wp\/v2\/product_brand?post=109354"},{"taxonomy":"product_cat","embeddable":true,"href":"https:\/\/shop.noor.fi\/sv\/wp-json\/wp\/v2\/product_cat?post=109354"},{"taxonomy":"product_tag","embeddable":true,"href":"https:\/\/shop.noor.fi\/sv\/wp-json\/wp\/v2\/product_tag?post=109354"}],"curies":[{"name":"wp","href":"https:\/\/api.w.org\/{rel}","templated":true}]}}