{"id":109289,"date":"2023-11-03T15:04:52","date_gmt":"2023-11-03T13:04:52","guid":{"rendered":"https:\/\/shop.noor.fi\/product\/kristallspray-losflaska\/"},"modified":"2026-04-10T12:46:17","modified_gmt":"2026-04-10T09:46:17","slug":"kristallspray-losflaska","status":"publish","type":"product","link":"https:\/\/shop.noor.fi\/sv\/produkt\/kristallspray-losflaska\/","title":{"rendered":"Kristallspray l\u00f6sflaska"},"content":{"rendered":"<p>Kristallspray passar f\u00f6r effektiv och milj\u00f6v\u00e4nlig reng\u00f6ring av kristallkronor och kristallf\u00f6rem\u00e5l samt speglar. Skadar ej prismor eller lackerade\/f\u00f6rgyllda ytor.<br \/>\npH-v\u00e4rde 9,5.<\/p>\n<p>Anv\u00e4ndning:<\/p>\n<p>Bryt armaturens str\u00f6m och skydda underliggande ytor med papper eller plast. T\u00e4ck g\u00e4rna lamph\u00e5llarna med plast. Spray rikligt p\u00e5 alla delar p\u00e5 20 cm avst\u00e5nd. Handtorka ej. Eventuella v\u00e4tskeansamlingar kan sugas uppmed hush\u00e5llspapper. Upprepa p\u00e5 h\u00e5rt netsmutsade ytor utan mellantork.<\/p>\n<p>F\u00f6rvaras o\u00e5tkomligt f\u00f6r barn.<\/p>\n<p>Ingredienser: vatten, tensider, isopropylalkohol, ammoniak.<\/p>\n","protected":false},"excerpt":{"rendered":"<p>Kristallspray passar f\u00f6r effektiv och milj\u00f6v\u00e4nlig reng\u00f6ring av kristallkronor och kristallf\u00f6rem\u00e5l samt speglar. Skadar ej prismor eller lackerade\/f\u00f6rgyllda ytor. pH-v\u00e4rde 9,5. Anv\u00e4ndning: Bryt armaturens str\u00f6m och skydda underliggande ytor med papper eller plast. T\u00e4ck g\u00e4rna lamph\u00e5llarna med plast. Spray rikligt p\u00e5 alla delar p\u00e5 20 cm avst\u00e5nd. Handtorka ej. Eventuella v\u00e4tskeansamlingar kan sugas uppmed hush\u00e5llspapper. [&hellip;]<\/p>\n","protected":false},"featured_media":76340,"comment_status":"open","ping_status":"closed","template":"","meta":{"_acf_changed":false,"_relevanssi_hide_post":"","_relevanssi_hide_content":"","_relevanssi_pin_for_all":"","_relevanssi_pin_keywords":"","_relevanssi_unpin_keywords":"","_relevanssi_related_keywords":"","_relevanssi_related_include_ids":"","_relevanssi_related_exclude_ids":"","_relevanssi_related_no_append":"","_relevanssi_related_not_related":"","_relevanssi_related_posts":"","_relevanssi_noindex_reason":""},"pwb-brand":[28731],"product_brand":[],"product_cat":[32093],"product_tag":[],"class_list":{"0":"post-109289","1":"product","2":"type-product","3":"status-publish","4":"has-post-thumbnail","6":"pwb-brand-noor","7":"product_cat-tvatt-och-rengoringsmedel","9":"first","10":"instock","11":"taxable","12":"shipping-taxable","13":"purchasable","14":"product-type-simple"},"acf":[],"yoast_head":"<!-- This site is optimized with the Yoast SEO plugin v27.5 - https:\/\/yoast.com\/product\/yoast-seo-wordpress\/ -->\n<title>Kristallspray l\u00f6sflaska - Oy Noortrade Ab<\/title>\n<meta name=\"robots\" content=\"index, follow, max-snippet:-1, max-image-preview:large, max-video-preview:-1\" \/>\n<link rel=\"canonical\" href=\"https:\/\/shop.noor.fi\/sv\/produkt\/kristallspray-losflaska\/\" \/>\n<meta property=\"og:locale\" content=\"sv_SE\" \/>\n<meta property=\"og:type\" content=\"article\" \/>\n<meta property=\"og:title\" content=\"Kristallspray l\u00f6sflaska - Oy Noortrade Ab\" \/>\n<meta property=\"og:description\" content=\"Kristallspray passar f\u00f6r effektiv och milj\u00f6v\u00e4nlig reng\u00f6ring av kristallkronor och kristallf\u00f6rem\u00e5l samt speglar. Skadar ej prismor eller lackerade\/f\u00f6rgyllda ytor. pH-v\u00e4rde 9,5. Anv\u00e4ndning: Bryt armaturens str\u00f6m och skydda underliggande ytor med papper eller plast. T\u00e4ck g\u00e4rna lamph\u00e5llarna med plast. Spray rikligt p\u00e5 alla delar p\u00e5 20 cm avst\u00e5nd. Handtorka ej. Eventuella v\u00e4tskeansamlingar kan sugas uppmed hush\u00e5llspapper. [&hellip;]\" \/>\n<meta property=\"og:url\" content=\"https:\/\/shop.noor.fi\/sv\/produkt\/kristallspray-losflaska\/\" \/>\n<meta property=\"og:site_name\" content=\"Oy Noortrade Ab\" \/>\n<meta property=\"article:modified_time\" content=\"2026-04-10T09:46:17+00:00\" \/>\n<meta property=\"og:image\" content=\"https:\/\/shop.noor.fi\/wp-content\/uploads\/2023\/11\/7393141019004.jpg\" \/>\n\t<meta property=\"og:image:width\" content=\"400\" \/>\n\t<meta property=\"og:image:height\" content=\"421\" \/>\n\t<meta property=\"og:image:type\" content=\"image\/jpeg\" \/>\n<meta name=\"twitter:card\" content=\"summary_large_image\" \/>\n<script type=\"application\/ld+json\" class=\"yoast-schema-graph\">{\"@context\":\"https:\\\/\\\/schema.org\",\"@graph\":[{\"@type\":\"WebPage\",\"@id\":\"https:\\\/\\\/shop.noor.fi\\\/sv\\\/produkt\\\/kristallspray-losflaska\\\/\",\"url\":\"https:\\\/\\\/shop.noor.fi\\\/sv\\\/produkt\\\/kristallspray-losflaska\\\/\",\"name\":\"Kristallspray l\u00f6sflaska - Oy Noortrade Ab\",\"isPartOf\":{\"@id\":\"https:\\\/\\\/shopnoorfi-wp31835.test.cchosting.fi\\\/#website\"},\"primaryImageOfPage\":{\"@id\":\"https:\\\/\\\/shop.noor.fi\\\/sv\\\/produkt\\\/kristallspray-losflaska\\\/#primaryimage\"},\"image\":{\"@id\":\"https:\\\/\\\/shop.noor.fi\\\/sv\\\/produkt\\\/kristallspray-losflaska\\\/#primaryimage\"},\"thumbnailUrl\":\"https:\\\/\\\/shop.noor.fi\\\/wp-content\\\/uploads\\\/2023\\\/11\\\/7393141019004.jpg\",\"datePublished\":\"2023-11-03T13:04:52+00:00\",\"dateModified\":\"2026-04-10T09:46:17+00:00\",\"breadcrumb\":{\"@id\":\"https:\\\/\\\/shop.noor.fi\\\/sv\\\/produkt\\\/kristallspray-losflaska\\\/#breadcrumb\"},\"inLanguage\":\"sv-SE\",\"potentialAction\":[{\"@type\":\"ReadAction\",\"target\":[\"https:\\\/\\\/shop.noor.fi\\\/sv\\\/produkt\\\/kristallspray-losflaska\\\/\"]}]},{\"@type\":\"ImageObject\",\"inLanguage\":\"sv-SE\",\"@id\":\"https:\\\/\\\/shop.noor.fi\\\/sv\\\/produkt\\\/kristallspray-losflaska\\\/#primaryimage\",\"url\":\"https:\\\/\\\/shop.noor.fi\\\/wp-content\\\/uploads\\\/2023\\\/11\\\/7393141019004.jpg\",\"contentUrl\":\"https:\\\/\\\/shop.noor.fi\\\/wp-content\\\/uploads\\\/2023\\\/11\\\/7393141019004.jpg\",\"width\":400,\"height\":421},{\"@type\":\"BreadcrumbList\",\"@id\":\"https:\\\/\\\/shop.noor.fi\\\/sv\\\/produkt\\\/kristallspray-losflaska\\\/#breadcrumb\",\"itemListElement\":[{\"@type\":\"ListItem\",\"position\":1,\"name\":\"Etusivu\",\"item\":\"https:\\\/\\\/shop.noor.fi\\\/sv\\\/\"},{\"@type\":\"ListItem\",\"position\":2,\"name\":\"Butik\",\"item\":\"https:\\\/\\\/shopnoorfi-wp31835.test.cchosting.fi\\\/sv\\\/butik\\\/\"},{\"@type\":\"ListItem\",\"position\":3,\"name\":\"Kristallspray l\u00f6sflaska\"}]},{\"@type\":\"WebSite\",\"@id\":\"https:\\\/\\\/shopnoorfi-wp31835.test.cchosting.fi\\\/#website\",\"url\":\"https:\\\/\\\/shopnoorfi-wp31835.test.cchosting.fi\\\/\",\"name\":\"Oy Noortrade Ab\",\"description\":\"Finnish family owned company with over 30 years of professional experience in lighting &amp; interior products import and sales - reliably.\",\"publisher\":{\"@id\":\"https:\\\/\\\/shopnoorfi-wp31835.test.cchosting.fi\\\/#organization\"},\"potentialAction\":[{\"@type\":\"SearchAction\",\"target\":{\"@type\":\"EntryPoint\",\"urlTemplate\":\"https:\\\/\\\/shopnoorfi-wp31835.test.cchosting.fi\\\/?s={search_term_string}\"},\"query-input\":{\"@type\":\"PropertyValueSpecification\",\"valueRequired\":true,\"valueName\":\"search_term_string\"}}],\"inLanguage\":\"sv-SE\"},{\"@type\":\"Organization\",\"@id\":\"https:\\\/\\\/shopnoorfi-wp31835.test.cchosting.fi\\\/#organization\",\"name\":\"Oy Noortrade Ab\",\"url\":\"https:\\\/\\\/shopnoorfi-wp31835.test.cchosting.fi\\\/\",\"logo\":{\"@type\":\"ImageObject\",\"inLanguage\":\"sv-SE\",\"@id\":\"https:\\\/\\\/shopnoorfi-wp31835.test.cchosting.fi\\\/#\\\/schema\\\/logo\\\/image\\\/\",\"url\":\"https:\\\/\\\/shop.noor.fi\\\/wp-content\\\/uploads\\\/2024\\\/01\\\/Oy-Noortrade-Ab-Corbel-VERSAL-bold-BLACK.png\",\"contentUrl\":\"https:\\\/\\\/shop.noor.fi\\\/wp-content\\\/uploads\\\/2024\\\/01\\\/Oy-Noortrade-Ab-Corbel-VERSAL-bold-BLACK.png\",\"width\":721,\"height\":177,\"caption\":\"Oy Noortrade Ab\"},\"image\":{\"@id\":\"https:\\\/\\\/shopnoorfi-wp31835.test.cchosting.fi\\\/#\\\/schema\\\/logo\\\/image\\\/\"}}]}<\/script>\n<!-- \/ Yoast SEO plugin. -->","yoast_head_json":{"title":"Kristallspray l\u00f6sflaska - Oy Noortrade Ab","robots":{"index":"index","follow":"follow","max-snippet":"max-snippet:-1","max-image-preview":"max-image-preview:large","max-video-preview":"max-video-preview:-1"},"canonical":"https:\/\/shop.noor.fi\/sv\/produkt\/kristallspray-losflaska\/","og_locale":"sv_SE","og_type":"article","og_title":"Kristallspray l\u00f6sflaska - Oy Noortrade Ab","og_description":"Kristallspray passar f\u00f6r effektiv och milj\u00f6v\u00e4nlig reng\u00f6ring av kristallkronor och kristallf\u00f6rem\u00e5l samt speglar. Skadar ej prismor eller lackerade\/f\u00f6rgyllda ytor. pH-v\u00e4rde 9,5. Anv\u00e4ndning: Bryt armaturens str\u00f6m och skydda underliggande ytor med papper eller plast. T\u00e4ck g\u00e4rna lamph\u00e5llarna med plast. Spray rikligt p\u00e5 alla delar p\u00e5 20 cm avst\u00e5nd. Handtorka ej. Eventuella v\u00e4tskeansamlingar kan sugas uppmed hush\u00e5llspapper. [&hellip;]","og_url":"https:\/\/shop.noor.fi\/sv\/produkt\/kristallspray-losflaska\/","og_site_name":"Oy Noortrade Ab","article_modified_time":"2026-04-10T09:46:17+00:00","og_image":[{"width":400,"height":421,"url":"https:\/\/shop.noor.fi\/wp-content\/uploads\/2023\/11\/7393141019004.jpg","type":"image\/jpeg"}],"twitter_card":"summary_large_image","schema":{"@context":"https:\/\/schema.org","@graph":[{"@type":"WebPage","@id":"https:\/\/shop.noor.fi\/sv\/produkt\/kristallspray-losflaska\/","url":"https:\/\/shop.noor.fi\/sv\/produkt\/kristallspray-losflaska\/","name":"Kristallspray l\u00f6sflaska - Oy Noortrade Ab","isPartOf":{"@id":"https:\/\/shopnoorfi-wp31835.test.cchosting.fi\/#website"},"primaryImageOfPage":{"@id":"https:\/\/shop.noor.fi\/sv\/produkt\/kristallspray-losflaska\/#primaryimage"},"image":{"@id":"https:\/\/shop.noor.fi\/sv\/produkt\/kristallspray-losflaska\/#primaryimage"},"thumbnailUrl":"https:\/\/shop.noor.fi\/wp-content\/uploads\/2023\/11\/7393141019004.jpg","datePublished":"2023-11-03T13:04:52+00:00","dateModified":"2026-04-10T09:46:17+00:00","breadcrumb":{"@id":"https:\/\/shop.noor.fi\/sv\/produkt\/kristallspray-losflaska\/#breadcrumb"},"inLanguage":"sv-SE","potentialAction":[{"@type":"ReadAction","target":["https:\/\/shop.noor.fi\/sv\/produkt\/kristallspray-losflaska\/"]}]},{"@type":"ImageObject","inLanguage":"sv-SE","@id":"https:\/\/shop.noor.fi\/sv\/produkt\/kristallspray-losflaska\/#primaryimage","url":"https:\/\/shop.noor.fi\/wp-content\/uploads\/2023\/11\/7393141019004.jpg","contentUrl":"https:\/\/shop.noor.fi\/wp-content\/uploads\/2023\/11\/7393141019004.jpg","width":400,"height":421},{"@type":"BreadcrumbList","@id":"https:\/\/shop.noor.fi\/sv\/produkt\/kristallspray-losflaska\/#breadcrumb","itemListElement":[{"@type":"ListItem","position":1,"name":"Etusivu","item":"https:\/\/shop.noor.fi\/sv\/"},{"@type":"ListItem","position":2,"name":"Butik","item":"https:\/\/shopnoorfi-wp31835.test.cchosting.fi\/sv\/butik\/"},{"@type":"ListItem","position":3,"name":"Kristallspray l\u00f6sflaska"}]},{"@type":"WebSite","@id":"https:\/\/shopnoorfi-wp31835.test.cchosting.fi\/#website","url":"https:\/\/shopnoorfi-wp31835.test.cchosting.fi\/","name":"Oy Noortrade Ab","description":"Finnish family owned company with over 30 years of professional experience in lighting &amp; interior products import and sales - reliably.","publisher":{"@id":"https:\/\/shopnoorfi-wp31835.test.cchosting.fi\/#organization"},"potentialAction":[{"@type":"SearchAction","target":{"@type":"EntryPoint","urlTemplate":"https:\/\/shopnoorfi-wp31835.test.cchosting.fi\/?s={search_term_string}"},"query-input":{"@type":"PropertyValueSpecification","valueRequired":true,"valueName":"search_term_string"}}],"inLanguage":"sv-SE"},{"@type":"Organization","@id":"https:\/\/shopnoorfi-wp31835.test.cchosting.fi\/#organization","name":"Oy Noortrade Ab","url":"https:\/\/shopnoorfi-wp31835.test.cchosting.fi\/","logo":{"@type":"ImageObject","inLanguage":"sv-SE","@id":"https:\/\/shopnoorfi-wp31835.test.cchosting.fi\/#\/schema\/logo\/image\/","url":"https:\/\/shop.noor.fi\/wp-content\/uploads\/2024\/01\/Oy-Noortrade-Ab-Corbel-VERSAL-bold-BLACK.png","contentUrl":"https:\/\/shop.noor.fi\/wp-content\/uploads\/2024\/01\/Oy-Noortrade-Ab-Corbel-VERSAL-bold-BLACK.png","width":721,"height":177,"caption":"Oy Noortrade Ab"},"image":{"@id":"https:\/\/shopnoorfi-wp31835.test.cchosting.fi\/#\/schema\/logo\/image\/"}}]}},"brands":[{"id":28731,"name":"Noor","slug":"noor"}],"_links":{"self":[{"href":"https:\/\/shop.noor.fi\/sv\/wp-json\/wp\/v2\/product\/109289","targetHints":{"allow":["GET"]}}],"collection":[{"href":"https:\/\/shop.noor.fi\/sv\/wp-json\/wp\/v2\/product"}],"about":[{"href":"https:\/\/shop.noor.fi\/sv\/wp-json\/wp\/v2\/types\/product"}],"replies":[{"embeddable":true,"href":"https:\/\/shop.noor.fi\/sv\/wp-json\/wp\/v2\/comments?post=109289"}],"wp:featuredmedia":[{"embeddable":true,"href":"https:\/\/shop.noor.fi\/sv\/wp-json\/wp\/v2\/media\/76340"}],"wp:attachment":[{"href":"https:\/\/shop.noor.fi\/sv\/wp-json\/wp\/v2\/media?parent=109289"}],"wp:term":[{"taxonomy":"pwb-brand","embeddable":true,"href":"https:\/\/shop.noor.fi\/sv\/wp-json\/wp\/v2\/pwb-brand?post=109289"},{"taxonomy":"product_brand","embeddable":true,"href":"https:\/\/shop.noor.fi\/sv\/wp-json\/wp\/v2\/product_brand?post=109289"},{"taxonomy":"product_cat","embeddable":true,"href":"https:\/\/shop.noor.fi\/sv\/wp-json\/wp\/v2\/product_cat?post=109289"},{"taxonomy":"product_tag","embeddable":true,"href":"https:\/\/shop.noor.fi\/sv\/wp-json\/wp\/v2\/product_tag?post=109289"}],"curies":[{"name":"wp","href":"https:\/\/api.w.org\/{rel}","templated":true}]}}