{"id":109138,"date":"2026-01-27T15:49:38","date_gmt":"2026-01-27T13:49:38","guid":{"rendered":"https:\/\/shop.noor.fi\/product\/diskmedel-sand-500-ml\/"},"modified":"2026-04-23T14:44:58","modified_gmt":"2026-04-23T11:44:58","slug":"diskmedel-sand-500-ml","status":"publish","type":"product","link":"https:\/\/shop.noor.fi\/sv\/produkt\/diskmedel-sand-500-ml\/","title":{"rendered":"Diskmedel Sand 500 ml"},"content":{"rendered":"<p>Handdiskmedel baserat p\u00e5 kokosn\u00f6tsolja som skonsamt reng\u00f6r utan att l\u00e4mna dina h\u00e4nder torra och r\u00f6da. Inneh\u00e5ller \u00e4ven japansk pepparmint som \u00e4r antibakteriell och har en ljuvlig fr\u00e4sch doft. Flaskan inneh\u00e5ller 500ml. Etikett p\u00e5 svenska.<\/p>\n<p>Ingredienser: Aqua, Sodium Coco-Sulfate, Cocamidopropyl Betaine, Lauramine Oxide, Citric Acid, Sodium Benzoate, Aroma, Xanthan Gum, Potassium Sorbate<\/p>\n<p>Tillverkningsland: Danmark<\/p>\n","protected":false},"excerpt":{"rendered":"<p>Handdiskmedel baserat p\u00e5 kokosn\u00f6tsolja som skonsamt reng\u00f6r utan att l\u00e4mna dina h\u00e4nder torra och r\u00f6da. Inneh\u00e5ller \u00e4ven japansk pepparmint som \u00e4r antibakteriell och har en ljuvlig fr\u00e4sch doft. Flaskan inneh\u00e5ller 500ml. Etikett p\u00e5 svenska. Ingredienser: Aqua, Sodium Coco-Sulfate, Cocamidopropyl Betaine, Lauramine Oxide, Citric Acid, Sodium Benzoate, Aroma, Xanthan Gum, Potassium Sorbate Tillverkningsland: Danmark<\/p>\n","protected":false},"featured_media":81659,"comment_status":"open","ping_status":"closed","template":"","meta":{"_acf_changed":false,"_relevanssi_hide_post":"","_relevanssi_hide_content":"","_relevanssi_pin_for_all":"","_relevanssi_pin_keywords":"","_relevanssi_unpin_keywords":"","_relevanssi_related_keywords":"","_relevanssi_related_include_ids":"","_relevanssi_related_exclude_ids":"","_relevanssi_related_no_append":"","_relevanssi_related_not_related":"","_relevanssi_related_posts":"","_relevanssi_noindex_reason":""},"pwb-brand":[37492,28738],"product_brand":[],"product_cat":[32093,31849,32107,31968],"product_tag":[],"class_list":{"0":"post-109138","1":"product","2":"type-product","3":"status-publish","4":"has-post-thumbnail","6":"pwb-brand-svanefors-sv","7":"pwb-brand-svanefors","8":"product_cat-tvatt-och-rengoringsmedel","9":"product_cat-pesu-ja-puhdistusaineet","10":"product_cat-rengoringsmedel","11":"product_cat-puhdistusaineet","13":"first","14":"instock","15":"taxable","16":"shipping-taxable","17":"purchasable","18":"product-type-simple"},"acf":[],"yoast_head":"<!-- This site is optimized with the Yoast SEO plugin v27.5 - https:\/\/yoast.com\/product\/yoast-seo-wordpress\/ -->\n<title>Diskmedel Sand 500 ml - Oy Noortrade Ab<\/title>\n<meta name=\"robots\" content=\"index, follow, max-snippet:-1, max-image-preview:large, max-video-preview:-1\" \/>\n<link rel=\"canonical\" href=\"https:\/\/shop.noor.fi\/sv\/produkt\/diskmedel-sand-500-ml\/\" \/>\n<meta property=\"og:locale\" content=\"sv_SE\" \/>\n<meta property=\"og:type\" content=\"article\" \/>\n<meta property=\"og:title\" content=\"Diskmedel Sand 500 ml - Oy Noortrade Ab\" \/>\n<meta property=\"og:description\" content=\"Handdiskmedel baserat p\u00e5 kokosn\u00f6tsolja som skonsamt reng\u00f6r utan att l\u00e4mna dina h\u00e4nder torra och r\u00f6da. Inneh\u00e5ller \u00e4ven japansk pepparmint som \u00e4r antibakteriell och har en ljuvlig fr\u00e4sch doft. Flaskan inneh\u00e5ller 500ml. Etikett p\u00e5 svenska. Ingredienser: Aqua, Sodium Coco-Sulfate, Cocamidopropyl Betaine, Lauramine Oxide, Citric Acid, Sodium Benzoate, Aroma, Xanthan Gum, Potassium Sorbate Tillverkningsland: Danmark\" \/>\n<meta property=\"og:url\" content=\"https:\/\/shop.noor.fi\/sv\/produkt\/diskmedel-sand-500-ml\/\" \/>\n<meta property=\"og:site_name\" content=\"Oy Noortrade Ab\" \/>\n<meta property=\"article:modified_time\" content=\"2026-04-23T11:44:58+00:00\" \/>\n<meta property=\"og:image\" content=\"https:\/\/shop.noor.fi\/wp-content\/uploads\/2024\/01\/7332623421690.jpg\" \/>\n\t<meta property=\"og:image:width\" content=\"1500\" \/>\n\t<meta property=\"og:image:height\" content=\"2000\" \/>\n\t<meta property=\"og:image:type\" content=\"image\/jpeg\" \/>\n<meta name=\"twitter:card\" content=\"summary_large_image\" \/>\n<script type=\"application\/ld+json\" class=\"yoast-schema-graph\">{\"@context\":\"https:\\\/\\\/schema.org\",\"@graph\":[{\"@type\":\"WebPage\",\"@id\":\"https:\\\/\\\/shop.noor.fi\\\/sv\\\/produkt\\\/diskmedel-sand-500-ml\\\/\",\"url\":\"https:\\\/\\\/shop.noor.fi\\\/sv\\\/produkt\\\/diskmedel-sand-500-ml\\\/\",\"name\":\"Diskmedel Sand 500 ml - Oy Noortrade Ab\",\"isPartOf\":{\"@id\":\"https:\\\/\\\/shopnoorfi-wp31835.test.cchosting.fi\\\/#website\"},\"primaryImageOfPage\":{\"@id\":\"https:\\\/\\\/shop.noor.fi\\\/sv\\\/produkt\\\/diskmedel-sand-500-ml\\\/#primaryimage\"},\"image\":{\"@id\":\"https:\\\/\\\/shop.noor.fi\\\/sv\\\/produkt\\\/diskmedel-sand-500-ml\\\/#primaryimage\"},\"thumbnailUrl\":\"https:\\\/\\\/shop.noor.fi\\\/wp-content\\\/uploads\\\/2024\\\/01\\\/7332623421690.jpg\",\"datePublished\":\"2026-01-27T13:49:38+00:00\",\"dateModified\":\"2026-04-23T11:44:58+00:00\",\"breadcrumb\":{\"@id\":\"https:\\\/\\\/shop.noor.fi\\\/sv\\\/produkt\\\/diskmedel-sand-500-ml\\\/#breadcrumb\"},\"inLanguage\":\"sv-SE\",\"potentialAction\":[{\"@type\":\"ReadAction\",\"target\":[\"https:\\\/\\\/shop.noor.fi\\\/sv\\\/produkt\\\/diskmedel-sand-500-ml\\\/\"]}]},{\"@type\":\"ImageObject\",\"inLanguage\":\"sv-SE\",\"@id\":\"https:\\\/\\\/shop.noor.fi\\\/sv\\\/produkt\\\/diskmedel-sand-500-ml\\\/#primaryimage\",\"url\":\"https:\\\/\\\/shop.noor.fi\\\/wp-content\\\/uploads\\\/2024\\\/01\\\/7332623421690.jpg\",\"contentUrl\":\"https:\\\/\\\/shop.noor.fi\\\/wp-content\\\/uploads\\\/2024\\\/01\\\/7332623421690.jpg\",\"width\":1500,\"height\":2000},{\"@type\":\"BreadcrumbList\",\"@id\":\"https:\\\/\\\/shop.noor.fi\\\/sv\\\/produkt\\\/diskmedel-sand-500-ml\\\/#breadcrumb\",\"itemListElement\":[{\"@type\":\"ListItem\",\"position\":1,\"name\":\"Etusivu\",\"item\":\"https:\\\/\\\/shop.noor.fi\\\/sv\\\/\"},{\"@type\":\"ListItem\",\"position\":2,\"name\":\"Butik\",\"item\":\"https:\\\/\\\/shopnoorfi-wp31835.test.cchosting.fi\\\/sv\\\/butik\\\/\"},{\"@type\":\"ListItem\",\"position\":3,\"name\":\"Diskmedel Sand 500 ml\"}]},{\"@type\":\"WebSite\",\"@id\":\"https:\\\/\\\/shopnoorfi-wp31835.test.cchosting.fi\\\/#website\",\"url\":\"https:\\\/\\\/shopnoorfi-wp31835.test.cchosting.fi\\\/\",\"name\":\"Oy Noortrade Ab\",\"description\":\"Finnish family owned company with over 30 years of professional experience in lighting &amp; interior products import and sales - reliably.\",\"publisher\":{\"@id\":\"https:\\\/\\\/shopnoorfi-wp31835.test.cchosting.fi\\\/#organization\"},\"potentialAction\":[{\"@type\":\"SearchAction\",\"target\":{\"@type\":\"EntryPoint\",\"urlTemplate\":\"https:\\\/\\\/shopnoorfi-wp31835.test.cchosting.fi\\\/?s={search_term_string}\"},\"query-input\":{\"@type\":\"PropertyValueSpecification\",\"valueRequired\":true,\"valueName\":\"search_term_string\"}}],\"inLanguage\":\"sv-SE\"},{\"@type\":\"Organization\",\"@id\":\"https:\\\/\\\/shopnoorfi-wp31835.test.cchosting.fi\\\/#organization\",\"name\":\"Oy Noortrade Ab\",\"url\":\"https:\\\/\\\/shopnoorfi-wp31835.test.cchosting.fi\\\/\",\"logo\":{\"@type\":\"ImageObject\",\"inLanguage\":\"sv-SE\",\"@id\":\"https:\\\/\\\/shopnoorfi-wp31835.test.cchosting.fi\\\/#\\\/schema\\\/logo\\\/image\\\/\",\"url\":\"https:\\\/\\\/shop.noor.fi\\\/wp-content\\\/uploads\\\/2024\\\/01\\\/Oy-Noortrade-Ab-Corbel-VERSAL-bold-BLACK.png\",\"contentUrl\":\"https:\\\/\\\/shop.noor.fi\\\/wp-content\\\/uploads\\\/2024\\\/01\\\/Oy-Noortrade-Ab-Corbel-VERSAL-bold-BLACK.png\",\"width\":721,\"height\":177,\"caption\":\"Oy Noortrade Ab\"},\"image\":{\"@id\":\"https:\\\/\\\/shopnoorfi-wp31835.test.cchosting.fi\\\/#\\\/schema\\\/logo\\\/image\\\/\"}}]}<\/script>\n<!-- \/ Yoast SEO plugin. -->","yoast_head_json":{"title":"Diskmedel Sand 500 ml - Oy Noortrade Ab","robots":{"index":"index","follow":"follow","max-snippet":"max-snippet:-1","max-image-preview":"max-image-preview:large","max-video-preview":"max-video-preview:-1"},"canonical":"https:\/\/shop.noor.fi\/sv\/produkt\/diskmedel-sand-500-ml\/","og_locale":"sv_SE","og_type":"article","og_title":"Diskmedel Sand 500 ml - Oy Noortrade Ab","og_description":"Handdiskmedel baserat p\u00e5 kokosn\u00f6tsolja som skonsamt reng\u00f6r utan att l\u00e4mna dina h\u00e4nder torra och r\u00f6da. Inneh\u00e5ller \u00e4ven japansk pepparmint som \u00e4r antibakteriell och har en ljuvlig fr\u00e4sch doft. Flaskan inneh\u00e5ller 500ml. Etikett p\u00e5 svenska. Ingredienser: Aqua, Sodium Coco-Sulfate, Cocamidopropyl Betaine, Lauramine Oxide, Citric Acid, Sodium Benzoate, Aroma, Xanthan Gum, Potassium Sorbate Tillverkningsland: Danmark","og_url":"https:\/\/shop.noor.fi\/sv\/produkt\/diskmedel-sand-500-ml\/","og_site_name":"Oy Noortrade Ab","article_modified_time":"2026-04-23T11:44:58+00:00","og_image":[{"width":1500,"height":2000,"url":"https:\/\/shop.noor.fi\/wp-content\/uploads\/2024\/01\/7332623421690.jpg","type":"image\/jpeg"}],"twitter_card":"summary_large_image","schema":{"@context":"https:\/\/schema.org","@graph":[{"@type":"WebPage","@id":"https:\/\/shop.noor.fi\/sv\/produkt\/diskmedel-sand-500-ml\/","url":"https:\/\/shop.noor.fi\/sv\/produkt\/diskmedel-sand-500-ml\/","name":"Diskmedel Sand 500 ml - Oy Noortrade Ab","isPartOf":{"@id":"https:\/\/shopnoorfi-wp31835.test.cchosting.fi\/#website"},"primaryImageOfPage":{"@id":"https:\/\/shop.noor.fi\/sv\/produkt\/diskmedel-sand-500-ml\/#primaryimage"},"image":{"@id":"https:\/\/shop.noor.fi\/sv\/produkt\/diskmedel-sand-500-ml\/#primaryimage"},"thumbnailUrl":"https:\/\/shop.noor.fi\/wp-content\/uploads\/2024\/01\/7332623421690.jpg","datePublished":"2026-01-27T13:49:38+00:00","dateModified":"2026-04-23T11:44:58+00:00","breadcrumb":{"@id":"https:\/\/shop.noor.fi\/sv\/produkt\/diskmedel-sand-500-ml\/#breadcrumb"},"inLanguage":"sv-SE","potentialAction":[{"@type":"ReadAction","target":["https:\/\/shop.noor.fi\/sv\/produkt\/diskmedel-sand-500-ml\/"]}]},{"@type":"ImageObject","inLanguage":"sv-SE","@id":"https:\/\/shop.noor.fi\/sv\/produkt\/diskmedel-sand-500-ml\/#primaryimage","url":"https:\/\/shop.noor.fi\/wp-content\/uploads\/2024\/01\/7332623421690.jpg","contentUrl":"https:\/\/shop.noor.fi\/wp-content\/uploads\/2024\/01\/7332623421690.jpg","width":1500,"height":2000},{"@type":"BreadcrumbList","@id":"https:\/\/shop.noor.fi\/sv\/produkt\/diskmedel-sand-500-ml\/#breadcrumb","itemListElement":[{"@type":"ListItem","position":1,"name":"Etusivu","item":"https:\/\/shop.noor.fi\/sv\/"},{"@type":"ListItem","position":2,"name":"Butik","item":"https:\/\/shopnoorfi-wp31835.test.cchosting.fi\/sv\/butik\/"},{"@type":"ListItem","position":3,"name":"Diskmedel Sand 500 ml"}]},{"@type":"WebSite","@id":"https:\/\/shopnoorfi-wp31835.test.cchosting.fi\/#website","url":"https:\/\/shopnoorfi-wp31835.test.cchosting.fi\/","name":"Oy Noortrade Ab","description":"Finnish family owned company with over 30 years of professional experience in lighting &amp; interior products import and sales - reliably.","publisher":{"@id":"https:\/\/shopnoorfi-wp31835.test.cchosting.fi\/#organization"},"potentialAction":[{"@type":"SearchAction","target":{"@type":"EntryPoint","urlTemplate":"https:\/\/shopnoorfi-wp31835.test.cchosting.fi\/?s={search_term_string}"},"query-input":{"@type":"PropertyValueSpecification","valueRequired":true,"valueName":"search_term_string"}}],"inLanguage":"sv-SE"},{"@type":"Organization","@id":"https:\/\/shopnoorfi-wp31835.test.cchosting.fi\/#organization","name":"Oy Noortrade Ab","url":"https:\/\/shopnoorfi-wp31835.test.cchosting.fi\/","logo":{"@type":"ImageObject","inLanguage":"sv-SE","@id":"https:\/\/shopnoorfi-wp31835.test.cchosting.fi\/#\/schema\/logo\/image\/","url":"https:\/\/shop.noor.fi\/wp-content\/uploads\/2024\/01\/Oy-Noortrade-Ab-Corbel-VERSAL-bold-BLACK.png","contentUrl":"https:\/\/shop.noor.fi\/wp-content\/uploads\/2024\/01\/Oy-Noortrade-Ab-Corbel-VERSAL-bold-BLACK.png","width":721,"height":177,"caption":"Oy Noortrade Ab"},"image":{"@id":"https:\/\/shopnoorfi-wp31835.test.cchosting.fi\/#\/schema\/logo\/image\/"}}]}},"brands":[{"id":28738,"name":"Svanefors","slug":"svanefors"},{"id":37492,"name":"Svanefors","slug":"svanefors-sv"}],"_links":{"self":[{"href":"https:\/\/shop.noor.fi\/sv\/wp-json\/wp\/v2\/product\/109138","targetHints":{"allow":["GET"]}}],"collection":[{"href":"https:\/\/shop.noor.fi\/sv\/wp-json\/wp\/v2\/product"}],"about":[{"href":"https:\/\/shop.noor.fi\/sv\/wp-json\/wp\/v2\/types\/product"}],"replies":[{"embeddable":true,"href":"https:\/\/shop.noor.fi\/sv\/wp-json\/wp\/v2\/comments?post=109138"}],"wp:featuredmedia":[{"embeddable":true,"href":"https:\/\/shop.noor.fi\/sv\/wp-json\/wp\/v2\/media\/81659"}],"wp:attachment":[{"href":"https:\/\/shop.noor.fi\/sv\/wp-json\/wp\/v2\/media?parent=109138"}],"wp:term":[{"taxonomy":"pwb-brand","embeddable":true,"href":"https:\/\/shop.noor.fi\/sv\/wp-json\/wp\/v2\/pwb-brand?post=109138"},{"taxonomy":"product_brand","embeddable":true,"href":"https:\/\/shop.noor.fi\/sv\/wp-json\/wp\/v2\/product_brand?post=109138"},{"taxonomy":"product_cat","embeddable":true,"href":"https:\/\/shop.noor.fi\/sv\/wp-json\/wp\/v2\/product_cat?post=109138"},{"taxonomy":"product_tag","embeddable":true,"href":"https:\/\/shop.noor.fi\/sv\/wp-json\/wp\/v2\/product_tag?post=109138"}],"curies":[{"name":"wp","href":"https:\/\/api.w.org\/{rel}","templated":true}]}}