{"id":109010,"date":"2023-11-03T14:41:49","date_gmt":"2023-11-03T12:41:49","guid":{"rendered":"https:\/\/shop.noor.fi\/product\/de-mina-bricka-havre-20x27cm\/"},"modified":"2026-04-22T16:21:17","modified_gmt":"2026-04-22T13:21:17","slug":"de-mina-bricka-havre-20x27cm","status":"publish","type":"product","link":"https:\/\/shop.noor.fi\/sv\/produkt\/de-mina-bricka-havre-20x27cm\/","title":{"rendered":"De Mina bricka havre 20x27cm"},"content":{"rendered":"<p>Laminatbricka. M\u00f6nstret De Mina kommer fr\u00e5n f\u00f6rs\u00e4ttningsbladet p\u00e5 n\u00e5gra av Carl Larssons b\u00f6cker, bland annat boken &#8217;De mina&#8217;.<br \/>\nFCS certifierad, vilket inneb\u00e4r att allt tr\u00e4 och tr\u00e4fibermaterial kommer fr\u00e5n skogar som brukas l\u00e5ngsiktigt och ansvarsfullt. Godk\u00e4nd f\u00f6r att anv\u00e4ndas tillsammans med mat.<br \/>\nM\u00e5tt: 20&#215;27 cm.<\/p>\n<p>Material: bj\u00f6rkfaner.<\/p>\n<p>Tillverkad i Sverige.<\/p>\n","protected":false},"excerpt":{"rendered":"<p>Laminatbricka. M\u00f6nstret De Mina kommer fr\u00e5n f\u00f6rs\u00e4ttningsbladet p\u00e5 n\u00e5gra av Carl Larssons b\u00f6cker, bland annat boken &#8217;De mina&#8217;. FCS certifierad, vilket inneb\u00e4r att allt tr\u00e4 och tr\u00e4fibermaterial kommer fr\u00e5n skogar som brukas l\u00e5ngsiktigt och ansvarsfullt. Godk\u00e4nd f\u00f6r att anv\u00e4ndas tillsammans med mat. M\u00e5tt: 20&#215;27 cm. Material: bj\u00f6rkfaner. Tillverkad i Sverige.<\/p>\n","protected":false},"featured_media":58429,"comment_status":"open","ping_status":"closed","template":"","meta":{"_acf_changed":false,"_relevanssi_hide_post":"","_relevanssi_hide_content":"","_relevanssi_pin_for_all":"","_relevanssi_pin_keywords":"","_relevanssi_unpin_keywords":"","_relevanssi_related_keywords":"","_relevanssi_related_include_ids":"","_relevanssi_related_exclude_ids":"","_relevanssi_related_no_append":"","_relevanssi_related_not_related":"","_relevanssi_related_posts":"","_relevanssi_noindex_reason":""},"pwb-brand":[28738,37492],"product_brand":[],"product_cat":[32142],"product_tag":[],"class_list":{"0":"post-109010","1":"product","2":"type-product","3":"status-publish","4":"has-post-thumbnail","6":"pwb-brand-svanefors","7":"pwb-brand-svanefors-sv","8":"product_cat-brickor","10":"first","11":"onbackorder","12":"taxable","13":"shipping-taxable","14":"purchasable","15":"product-type-simple"},"acf":[],"yoast_head":"<!-- This site is optimized with the Yoast SEO plugin v27.5 - https:\/\/yoast.com\/product\/yoast-seo-wordpress\/ -->\n<title>De Mina bricka havre 20x27cm - Oy Noortrade Ab<\/title>\n<meta name=\"robots\" content=\"index, follow, max-snippet:-1, max-image-preview:large, max-video-preview:-1\" \/>\n<link rel=\"canonical\" href=\"https:\/\/shop.noor.fi\/sv\/produkt\/de-mina-bricka-havre-20x27cm\/\" \/>\n<meta property=\"og:locale\" content=\"sv_SE\" \/>\n<meta property=\"og:type\" content=\"article\" \/>\n<meta property=\"og:title\" content=\"De Mina bricka havre 20x27cm - Oy Noortrade Ab\" \/>\n<meta property=\"og:description\" content=\"Laminatbricka. M\u00f6nstret De Mina kommer fr\u00e5n f\u00f6rs\u00e4ttningsbladet p\u00e5 n\u00e5gra av Carl Larssons b\u00f6cker, bland annat boken &#8217;De mina&#8217;. FCS certifierad, vilket inneb\u00e4r att allt tr\u00e4 och tr\u00e4fibermaterial kommer fr\u00e5n skogar som brukas l\u00e5ngsiktigt och ansvarsfullt. Godk\u00e4nd f\u00f6r att anv\u00e4ndas tillsammans med mat. M\u00e5tt: 20&#215;27 cm. Material: bj\u00f6rkfaner. Tillverkad i Sverige.\" \/>\n<meta property=\"og:url\" content=\"https:\/\/shop.noor.fi\/sv\/produkt\/de-mina-bricka-havre-20x27cm\/\" \/>\n<meta property=\"og:site_name\" content=\"Oy Noortrade Ab\" \/>\n<meta property=\"article:modified_time\" content=\"2026-04-22T13:21:17+00:00\" \/>\n<meta property=\"og:image\" content=\"https:\/\/shop.noor.fi\/wp-content\/uploads\/2023\/11\/7332623419475.jpg\" \/>\n\t<meta property=\"og:image:width\" content=\"810\" \/>\n\t<meta property=\"og:image:height\" content=\"1080\" \/>\n\t<meta property=\"og:image:type\" content=\"image\/jpeg\" \/>\n<meta name=\"twitter:card\" content=\"summary_large_image\" \/>\n<script type=\"application\/ld+json\" class=\"yoast-schema-graph\">{\"@context\":\"https:\\\/\\\/schema.org\",\"@graph\":[{\"@type\":\"WebPage\",\"@id\":\"https:\\\/\\\/shop.noor.fi\\\/sv\\\/produkt\\\/de-mina-bricka-havre-20x27cm\\\/\",\"url\":\"https:\\\/\\\/shop.noor.fi\\\/sv\\\/produkt\\\/de-mina-bricka-havre-20x27cm\\\/\",\"name\":\"De Mina bricka havre 20x27cm - Oy Noortrade Ab\",\"isPartOf\":{\"@id\":\"https:\\\/\\\/shopnoorfi-wp31835.test.cchosting.fi\\\/#website\"},\"primaryImageOfPage\":{\"@id\":\"https:\\\/\\\/shop.noor.fi\\\/sv\\\/produkt\\\/de-mina-bricka-havre-20x27cm\\\/#primaryimage\"},\"image\":{\"@id\":\"https:\\\/\\\/shop.noor.fi\\\/sv\\\/produkt\\\/de-mina-bricka-havre-20x27cm\\\/#primaryimage\"},\"thumbnailUrl\":\"https:\\\/\\\/shop.noor.fi\\\/wp-content\\\/uploads\\\/2023\\\/11\\\/7332623419475.jpg\",\"datePublished\":\"2023-11-03T12:41:49+00:00\",\"dateModified\":\"2026-04-22T13:21:17+00:00\",\"breadcrumb\":{\"@id\":\"https:\\\/\\\/shop.noor.fi\\\/sv\\\/produkt\\\/de-mina-bricka-havre-20x27cm\\\/#breadcrumb\"},\"inLanguage\":\"sv-SE\",\"potentialAction\":[{\"@type\":\"ReadAction\",\"target\":[\"https:\\\/\\\/shop.noor.fi\\\/sv\\\/produkt\\\/de-mina-bricka-havre-20x27cm\\\/\"]}]},{\"@type\":\"ImageObject\",\"inLanguage\":\"sv-SE\",\"@id\":\"https:\\\/\\\/shop.noor.fi\\\/sv\\\/produkt\\\/de-mina-bricka-havre-20x27cm\\\/#primaryimage\",\"url\":\"https:\\\/\\\/shop.noor.fi\\\/wp-content\\\/uploads\\\/2023\\\/11\\\/7332623419475.jpg\",\"contentUrl\":\"https:\\\/\\\/shop.noor.fi\\\/wp-content\\\/uploads\\\/2023\\\/11\\\/7332623419475.jpg\",\"width\":810,\"height\":1080},{\"@type\":\"BreadcrumbList\",\"@id\":\"https:\\\/\\\/shop.noor.fi\\\/sv\\\/produkt\\\/de-mina-bricka-havre-20x27cm\\\/#breadcrumb\",\"itemListElement\":[{\"@type\":\"ListItem\",\"position\":1,\"name\":\"Etusivu\",\"item\":\"https:\\\/\\\/shop.noor.fi\\\/sv\\\/\"},{\"@type\":\"ListItem\",\"position\":2,\"name\":\"Butik\",\"item\":\"https:\\\/\\\/shopnoorfi-wp31835.test.cchosting.fi\\\/sv\\\/butik\\\/\"},{\"@type\":\"ListItem\",\"position\":3,\"name\":\"De Mina bricka havre 20x27cm\"}]},{\"@type\":\"WebSite\",\"@id\":\"https:\\\/\\\/shopnoorfi-wp31835.test.cchosting.fi\\\/#website\",\"url\":\"https:\\\/\\\/shopnoorfi-wp31835.test.cchosting.fi\\\/\",\"name\":\"Oy Noortrade Ab\",\"description\":\"Finnish family owned company with over 30 years of professional experience in lighting &amp; interior products import and sales - reliably.\",\"publisher\":{\"@id\":\"https:\\\/\\\/shopnoorfi-wp31835.test.cchosting.fi\\\/#organization\"},\"potentialAction\":[{\"@type\":\"SearchAction\",\"target\":{\"@type\":\"EntryPoint\",\"urlTemplate\":\"https:\\\/\\\/shopnoorfi-wp31835.test.cchosting.fi\\\/?s={search_term_string}\"},\"query-input\":{\"@type\":\"PropertyValueSpecification\",\"valueRequired\":true,\"valueName\":\"search_term_string\"}}],\"inLanguage\":\"sv-SE\"},{\"@type\":\"Organization\",\"@id\":\"https:\\\/\\\/shopnoorfi-wp31835.test.cchosting.fi\\\/#organization\",\"name\":\"Oy Noortrade Ab\",\"url\":\"https:\\\/\\\/shopnoorfi-wp31835.test.cchosting.fi\\\/\",\"logo\":{\"@type\":\"ImageObject\",\"inLanguage\":\"sv-SE\",\"@id\":\"https:\\\/\\\/shopnoorfi-wp31835.test.cchosting.fi\\\/#\\\/schema\\\/logo\\\/image\\\/\",\"url\":\"https:\\\/\\\/shop.noor.fi\\\/wp-content\\\/uploads\\\/2024\\\/01\\\/Oy-Noortrade-Ab-Corbel-VERSAL-bold-BLACK.png\",\"contentUrl\":\"https:\\\/\\\/shop.noor.fi\\\/wp-content\\\/uploads\\\/2024\\\/01\\\/Oy-Noortrade-Ab-Corbel-VERSAL-bold-BLACK.png\",\"width\":721,\"height\":177,\"caption\":\"Oy Noortrade Ab\"},\"image\":{\"@id\":\"https:\\\/\\\/shopnoorfi-wp31835.test.cchosting.fi\\\/#\\\/schema\\\/logo\\\/image\\\/\"}}]}<\/script>\n<!-- \/ Yoast SEO plugin. -->","yoast_head_json":{"title":"De Mina bricka havre 20x27cm - Oy Noortrade Ab","robots":{"index":"index","follow":"follow","max-snippet":"max-snippet:-1","max-image-preview":"max-image-preview:large","max-video-preview":"max-video-preview:-1"},"canonical":"https:\/\/shop.noor.fi\/sv\/produkt\/de-mina-bricka-havre-20x27cm\/","og_locale":"sv_SE","og_type":"article","og_title":"De Mina bricka havre 20x27cm - Oy Noortrade Ab","og_description":"Laminatbricka. M\u00f6nstret De Mina kommer fr\u00e5n f\u00f6rs\u00e4ttningsbladet p\u00e5 n\u00e5gra av Carl Larssons b\u00f6cker, bland annat boken &#8217;De mina&#8217;. FCS certifierad, vilket inneb\u00e4r att allt tr\u00e4 och tr\u00e4fibermaterial kommer fr\u00e5n skogar som brukas l\u00e5ngsiktigt och ansvarsfullt. Godk\u00e4nd f\u00f6r att anv\u00e4ndas tillsammans med mat. M\u00e5tt: 20&#215;27 cm. Material: bj\u00f6rkfaner. Tillverkad i Sverige.","og_url":"https:\/\/shop.noor.fi\/sv\/produkt\/de-mina-bricka-havre-20x27cm\/","og_site_name":"Oy Noortrade Ab","article_modified_time":"2026-04-22T13:21:17+00:00","og_image":[{"width":810,"height":1080,"url":"https:\/\/shop.noor.fi\/wp-content\/uploads\/2023\/11\/7332623419475.jpg","type":"image\/jpeg"}],"twitter_card":"summary_large_image","schema":{"@context":"https:\/\/schema.org","@graph":[{"@type":"WebPage","@id":"https:\/\/shop.noor.fi\/sv\/produkt\/de-mina-bricka-havre-20x27cm\/","url":"https:\/\/shop.noor.fi\/sv\/produkt\/de-mina-bricka-havre-20x27cm\/","name":"De Mina bricka havre 20x27cm - Oy Noortrade Ab","isPartOf":{"@id":"https:\/\/shopnoorfi-wp31835.test.cchosting.fi\/#website"},"primaryImageOfPage":{"@id":"https:\/\/shop.noor.fi\/sv\/produkt\/de-mina-bricka-havre-20x27cm\/#primaryimage"},"image":{"@id":"https:\/\/shop.noor.fi\/sv\/produkt\/de-mina-bricka-havre-20x27cm\/#primaryimage"},"thumbnailUrl":"https:\/\/shop.noor.fi\/wp-content\/uploads\/2023\/11\/7332623419475.jpg","datePublished":"2023-11-03T12:41:49+00:00","dateModified":"2026-04-22T13:21:17+00:00","breadcrumb":{"@id":"https:\/\/shop.noor.fi\/sv\/produkt\/de-mina-bricka-havre-20x27cm\/#breadcrumb"},"inLanguage":"sv-SE","potentialAction":[{"@type":"ReadAction","target":["https:\/\/shop.noor.fi\/sv\/produkt\/de-mina-bricka-havre-20x27cm\/"]}]},{"@type":"ImageObject","inLanguage":"sv-SE","@id":"https:\/\/shop.noor.fi\/sv\/produkt\/de-mina-bricka-havre-20x27cm\/#primaryimage","url":"https:\/\/shop.noor.fi\/wp-content\/uploads\/2023\/11\/7332623419475.jpg","contentUrl":"https:\/\/shop.noor.fi\/wp-content\/uploads\/2023\/11\/7332623419475.jpg","width":810,"height":1080},{"@type":"BreadcrumbList","@id":"https:\/\/shop.noor.fi\/sv\/produkt\/de-mina-bricka-havre-20x27cm\/#breadcrumb","itemListElement":[{"@type":"ListItem","position":1,"name":"Etusivu","item":"https:\/\/shop.noor.fi\/sv\/"},{"@type":"ListItem","position":2,"name":"Butik","item":"https:\/\/shopnoorfi-wp31835.test.cchosting.fi\/sv\/butik\/"},{"@type":"ListItem","position":3,"name":"De Mina bricka havre 20x27cm"}]},{"@type":"WebSite","@id":"https:\/\/shopnoorfi-wp31835.test.cchosting.fi\/#website","url":"https:\/\/shopnoorfi-wp31835.test.cchosting.fi\/","name":"Oy Noortrade Ab","description":"Finnish family owned company with over 30 years of professional experience in lighting &amp; interior products import and sales - reliably.","publisher":{"@id":"https:\/\/shopnoorfi-wp31835.test.cchosting.fi\/#organization"},"potentialAction":[{"@type":"SearchAction","target":{"@type":"EntryPoint","urlTemplate":"https:\/\/shopnoorfi-wp31835.test.cchosting.fi\/?s={search_term_string}"},"query-input":{"@type":"PropertyValueSpecification","valueRequired":true,"valueName":"search_term_string"}}],"inLanguage":"sv-SE"},{"@type":"Organization","@id":"https:\/\/shopnoorfi-wp31835.test.cchosting.fi\/#organization","name":"Oy Noortrade Ab","url":"https:\/\/shopnoorfi-wp31835.test.cchosting.fi\/","logo":{"@type":"ImageObject","inLanguage":"sv-SE","@id":"https:\/\/shopnoorfi-wp31835.test.cchosting.fi\/#\/schema\/logo\/image\/","url":"https:\/\/shop.noor.fi\/wp-content\/uploads\/2024\/01\/Oy-Noortrade-Ab-Corbel-VERSAL-bold-BLACK.png","contentUrl":"https:\/\/shop.noor.fi\/wp-content\/uploads\/2024\/01\/Oy-Noortrade-Ab-Corbel-VERSAL-bold-BLACK.png","width":721,"height":177,"caption":"Oy Noortrade Ab"},"image":{"@id":"https:\/\/shopnoorfi-wp31835.test.cchosting.fi\/#\/schema\/logo\/image\/"}}]}},"brands":[{"id":37492,"name":"Svanefors","slug":"svanefors-sv"},{"id":28738,"name":"Svanefors","slug":"svanefors"}],"_links":{"self":[{"href":"https:\/\/shop.noor.fi\/sv\/wp-json\/wp\/v2\/product\/109010","targetHints":{"allow":["GET"]}}],"collection":[{"href":"https:\/\/shop.noor.fi\/sv\/wp-json\/wp\/v2\/product"}],"about":[{"href":"https:\/\/shop.noor.fi\/sv\/wp-json\/wp\/v2\/types\/product"}],"replies":[{"embeddable":true,"href":"https:\/\/shop.noor.fi\/sv\/wp-json\/wp\/v2\/comments?post=109010"}],"wp:featuredmedia":[{"embeddable":true,"href":"https:\/\/shop.noor.fi\/sv\/wp-json\/wp\/v2\/media\/58429"}],"wp:attachment":[{"href":"https:\/\/shop.noor.fi\/sv\/wp-json\/wp\/v2\/media?parent=109010"}],"wp:term":[{"taxonomy":"pwb-brand","embeddable":true,"href":"https:\/\/shop.noor.fi\/sv\/wp-json\/wp\/v2\/pwb-brand?post=109010"},{"taxonomy":"product_brand","embeddable":true,"href":"https:\/\/shop.noor.fi\/sv\/wp-json\/wp\/v2\/product_brand?post=109010"},{"taxonomy":"product_cat","embeddable":true,"href":"https:\/\/shop.noor.fi\/sv\/wp-json\/wp\/v2\/product_cat?post=109010"},{"taxonomy":"product_tag","embeddable":true,"href":"https:\/\/shop.noor.fi\/sv\/wp-json\/wp\/v2\/product_tag?post=109010"}],"curies":[{"name":"wp","href":"https:\/\/api.w.org\/{rel}","templated":true}]}}