{"id":108971,"date":"2023-11-03T14:39:36","date_gmt":"2023-11-03T12:39:36","guid":{"rendered":"https:\/\/shop.noor.fi\/product\/robin-gardin-2p-beige-2x140x250cm\/"},"modified":"2026-04-24T04:00:27","modified_gmt":"2026-04-24T01:00:27","slug":"robin-gardin-2p-beige-2x140x250cm","status":"publish","type":"product","link":"https:\/\/shop.noor.fi\/sv\/produkt\/robin-gardin-2p-beige-2x140x250cm\/","title":{"rendered":"Robin gardin 2P beige 2x140x250cm"},"content":{"rendered":"<p>2-pack randiga multibandsl\u00e4ngder. Randen \u00e4r garnf\u00e4rgad vilket g\u00f6r att den h\u00e5ller sig bra efter tv\u00e4tt samt att baksidan \u00e4r lika fin som framsidan. Gardinen har multiband i ovankant, f\u00e5llade l\u00e5ngsidor och overlocks\u00f6m i nederkant.<br \/>\nM\u00e5tt: 140 x 250 cm.<br \/>\nMultibandet \u00e4r en flexibel l\u00f6sning som g\u00f6r att gardinen kan h\u00e4ngas upp antingen med fingerkrokar, r\u00e4kor eller direkt p\u00e5 en st\u00e5ng beroende p\u00e5 vilken typ av veck och vilket fall man vill ha p\u00e5 gardinen.<br \/>\nAnv\u00e4nd snabbf\u00e5llningsband f\u00f6r att f\u00e5 r\u00e4tt l\u00e4ngd p\u00e5 gardinen (ing\u00e5r ej i f\u00f6rpackningen).<\/p>\n<p>Material: 100% bomull  <\/p>\n<p>Sk\u00f6tselr\u00e5d:<br \/>\n&#8211; 40 grader maskintv\u00e4tt<br \/>\n&#8211; Klorblekmedel f\u00e5r ej anv\u00e4ndas<br \/>\n&#8211; Kan ej torktumlas<br \/>\n&#8211; T\u00e5l strykning med mellanh\u00f6g temperatur<br \/>\n&#8211; Kemtv\u00e4tt (Perkloretylen)<\/p>\n<p>Produkten \u00e4r certifierad enligt STANDARD 100 by OEKO-TEX. Certifieringen garanterar att produkten \u00e4r testad och fri fr\u00e5n \u00e4mnen som kan vara skadliga f\u00f6r h\u00e4lsan och milj\u00f6n.<\/p>\n","protected":false},"excerpt":{"rendered":"<p>2-pack randiga multibandsl\u00e4ngder. Randen \u00e4r garnf\u00e4rgad vilket g\u00f6r att den h\u00e5ller sig bra efter tv\u00e4tt samt att baksidan \u00e4r lika fin som framsidan. Gardinen har multiband i ovankant, f\u00e5llade l\u00e5ngsidor och overlocks\u00f6m i nederkant. M\u00e5tt: 140 x 250 cm. Multibandet \u00e4r en flexibel l\u00f6sning som g\u00f6r att gardinen kan h\u00e4ngas upp antingen med fingerkrokar, r\u00e4kor [&hellip;]<\/p>\n","protected":false},"featured_media":60861,"comment_status":"open","ping_status":"closed","template":"","meta":{"_acf_changed":false,"_relevanssi_hide_post":"","_relevanssi_hide_content":"","_relevanssi_pin_for_all":"","_relevanssi_pin_keywords":"","_relevanssi_unpin_keywords":"","_relevanssi_related_keywords":"","_relevanssi_related_include_ids":"","_relevanssi_related_exclude_ids":"","_relevanssi_related_no_append":"","_relevanssi_related_not_related":"","_relevanssi_related_posts":"","_relevanssi_noindex_reason":""},"pwb-brand":[28738],"product_brand":[],"product_cat":[31953,32132],"product_tag":[],"class_list":{"0":"post-108971","1":"product","2":"type-product","3":"status-publish","4":"has-post-thumbnail","6":"pwb-brand-svanefors","7":"product_cat-sivuverhot","8":"product_cat-sidogardiner","10":"first","11":"onbackorder","12":"taxable","13":"shipping-taxable","14":"purchasable","15":"product-type-simple"},"acf":[],"yoast_head":"<!-- This site is optimized with the Yoast SEO plugin v27.5 - https:\/\/yoast.com\/product\/yoast-seo-wordpress\/ -->\n<title>Robin gardin 2P beige 2x140x250cm - Oy Noortrade Ab<\/title>\n<meta name=\"robots\" content=\"index, follow, max-snippet:-1, max-image-preview:large, max-video-preview:-1\" \/>\n<link rel=\"canonical\" href=\"https:\/\/shop.noor.fi\/produkt\/robin-verhot-2p-beige-2x140x250cm\/\" \/>\n<meta property=\"og:locale\" content=\"sv_SE\" \/>\n<meta property=\"og:type\" content=\"article\" \/>\n<meta property=\"og:title\" content=\"Robin gardin 2P beige 2x140x250cm - Oy Noortrade Ab\" \/>\n<meta property=\"og:description\" content=\"2-pack randiga multibandsl\u00e4ngder. Randen \u00e4r garnf\u00e4rgad vilket g\u00f6r att den h\u00e5ller sig bra efter tv\u00e4tt samt att baksidan \u00e4r lika fin som framsidan. Gardinen har multiband i ovankant, f\u00e5llade l\u00e5ngsidor och overlocks\u00f6m i nederkant. M\u00e5tt: 140 x 250 cm. Multibandet \u00e4r en flexibel l\u00f6sning som g\u00f6r att gardinen kan h\u00e4ngas upp antingen med fingerkrokar, r\u00e4kor [&hellip;]\" \/>\n<meta property=\"og:url\" content=\"https:\/\/shop.noor.fi\/produkt\/robin-verhot-2p-beige-2x140x250cm\/\" \/>\n<meta property=\"og:site_name\" content=\"Oy Noortrade Ab\" \/>\n<meta property=\"article:modified_time\" content=\"2026-04-24T01:00:27+00:00\" \/>\n<meta property=\"og:image\" content=\"https:\/\/shop.noor.fi\/wp-content\/uploads\/2023\/11\/7332623411721.jpg\" \/>\n\t<meta property=\"og:image:width\" content=\"810\" \/>\n\t<meta property=\"og:image:height\" content=\"1080\" \/>\n\t<meta property=\"og:image:type\" content=\"image\/jpeg\" \/>\n<meta name=\"twitter:card\" content=\"summary_large_image\" \/>\n<meta name=\"twitter:label1\" content=\"Ber\u00e4knad l\u00e4stid\" \/>\n\t<meta name=\"twitter:data1\" content=\"1 minut\" \/>\n<script type=\"application\/ld+json\" class=\"yoast-schema-graph\">{\"@context\":\"https:\\\/\\\/schema.org\",\"@graph\":[{\"@type\":\"WebPage\",\"@id\":\"https:\\\/\\\/shop.noor.fi\\\/produkt\\\/robin-verhot-2p-beige-2x140x250cm\\\/\",\"url\":\"https:\\\/\\\/shop.noor.fi\\\/produkt\\\/robin-verhot-2p-beige-2x140x250cm\\\/\",\"name\":\"Robin gardin 2P beige 2x140x250cm - Oy Noortrade Ab\",\"isPartOf\":{\"@id\":\"https:\\\/\\\/shopnoorfi-wp31835.test.cchosting.fi\\\/#website\"},\"primaryImageOfPage\":{\"@id\":\"https:\\\/\\\/shop.noor.fi\\\/produkt\\\/robin-verhot-2p-beige-2x140x250cm\\\/#primaryimage\"},\"image\":{\"@id\":\"https:\\\/\\\/shop.noor.fi\\\/produkt\\\/robin-verhot-2p-beige-2x140x250cm\\\/#primaryimage\"},\"thumbnailUrl\":\"https:\\\/\\\/shop.noor.fi\\\/wp-content\\\/uploads\\\/2023\\\/11\\\/7332623411721.jpg\",\"datePublished\":\"2023-11-03T12:39:36+00:00\",\"dateModified\":\"2026-04-24T01:00:27+00:00\",\"breadcrumb\":{\"@id\":\"https:\\\/\\\/shop.noor.fi\\\/produkt\\\/robin-verhot-2p-beige-2x140x250cm\\\/#breadcrumb\"},\"inLanguage\":\"sv-SE\",\"potentialAction\":[{\"@type\":\"ReadAction\",\"target\":[\"https:\\\/\\\/shop.noor.fi\\\/produkt\\\/robin-verhot-2p-beige-2x140x250cm\\\/\"]}]},{\"@type\":\"ImageObject\",\"inLanguage\":\"sv-SE\",\"@id\":\"https:\\\/\\\/shop.noor.fi\\\/produkt\\\/robin-verhot-2p-beige-2x140x250cm\\\/#primaryimage\",\"url\":\"https:\\\/\\\/shop.noor.fi\\\/wp-content\\\/uploads\\\/2023\\\/11\\\/7332623411721.jpg\",\"contentUrl\":\"https:\\\/\\\/shop.noor.fi\\\/wp-content\\\/uploads\\\/2023\\\/11\\\/7332623411721.jpg\",\"width\":810,\"height\":1080},{\"@type\":\"BreadcrumbList\",\"@id\":\"https:\\\/\\\/shop.noor.fi\\\/produkt\\\/robin-verhot-2p-beige-2x140x250cm\\\/#breadcrumb\",\"itemListElement\":[{\"@type\":\"ListItem\",\"position\":1,\"name\":\"Etusivu\",\"item\":\"https:\\\/\\\/shop.noor.fi\\\/sv\\\/\"},{\"@type\":\"ListItem\",\"position\":2,\"name\":\"Butik\",\"item\":\"https:\\\/\\\/shopnoorfi-wp31835.test.cchosting.fi\\\/sv\\\/butik\\\/\"},{\"@type\":\"ListItem\",\"position\":3,\"name\":\"Robin gardin 2P beige 2x140x250cm\"}]},{\"@type\":\"WebSite\",\"@id\":\"https:\\\/\\\/shopnoorfi-wp31835.test.cchosting.fi\\\/#website\",\"url\":\"https:\\\/\\\/shopnoorfi-wp31835.test.cchosting.fi\\\/\",\"name\":\"Oy Noortrade Ab\",\"description\":\"Finnish family owned company with over 30 years of professional experience in lighting &amp; interior products import and sales - reliably.\",\"publisher\":{\"@id\":\"https:\\\/\\\/shopnoorfi-wp31835.test.cchosting.fi\\\/#organization\"},\"potentialAction\":[{\"@type\":\"SearchAction\",\"target\":{\"@type\":\"EntryPoint\",\"urlTemplate\":\"https:\\\/\\\/shopnoorfi-wp31835.test.cchosting.fi\\\/?s={search_term_string}\"},\"query-input\":{\"@type\":\"PropertyValueSpecification\",\"valueRequired\":true,\"valueName\":\"search_term_string\"}}],\"inLanguage\":\"sv-SE\"},{\"@type\":\"Organization\",\"@id\":\"https:\\\/\\\/shopnoorfi-wp31835.test.cchosting.fi\\\/#organization\",\"name\":\"Oy Noortrade Ab\",\"url\":\"https:\\\/\\\/shopnoorfi-wp31835.test.cchosting.fi\\\/\",\"logo\":{\"@type\":\"ImageObject\",\"inLanguage\":\"sv-SE\",\"@id\":\"https:\\\/\\\/shopnoorfi-wp31835.test.cchosting.fi\\\/#\\\/schema\\\/logo\\\/image\\\/\",\"url\":\"https:\\\/\\\/shop.noor.fi\\\/wp-content\\\/uploads\\\/2024\\\/01\\\/Oy-Noortrade-Ab-Corbel-VERSAL-bold-BLACK.png\",\"contentUrl\":\"https:\\\/\\\/shop.noor.fi\\\/wp-content\\\/uploads\\\/2024\\\/01\\\/Oy-Noortrade-Ab-Corbel-VERSAL-bold-BLACK.png\",\"width\":721,\"height\":177,\"caption\":\"Oy Noortrade Ab\"},\"image\":{\"@id\":\"https:\\\/\\\/shopnoorfi-wp31835.test.cchosting.fi\\\/#\\\/schema\\\/logo\\\/image\\\/\"}}]}<\/script>\n<!-- \/ Yoast SEO plugin. -->","yoast_head_json":{"title":"Robin gardin 2P beige 2x140x250cm - Oy Noortrade Ab","robots":{"index":"index","follow":"follow","max-snippet":"max-snippet:-1","max-image-preview":"max-image-preview:large","max-video-preview":"max-video-preview:-1"},"canonical":"https:\/\/shop.noor.fi\/produkt\/robin-verhot-2p-beige-2x140x250cm\/","og_locale":"sv_SE","og_type":"article","og_title":"Robin gardin 2P beige 2x140x250cm - Oy Noortrade Ab","og_description":"2-pack randiga multibandsl\u00e4ngder. Randen \u00e4r garnf\u00e4rgad vilket g\u00f6r att den h\u00e5ller sig bra efter tv\u00e4tt samt att baksidan \u00e4r lika fin som framsidan. Gardinen har multiband i ovankant, f\u00e5llade l\u00e5ngsidor och overlocks\u00f6m i nederkant. M\u00e5tt: 140 x 250 cm. Multibandet \u00e4r en flexibel l\u00f6sning som g\u00f6r att gardinen kan h\u00e4ngas upp antingen med fingerkrokar, r\u00e4kor [&hellip;]","og_url":"https:\/\/shop.noor.fi\/produkt\/robin-verhot-2p-beige-2x140x250cm\/","og_site_name":"Oy Noortrade Ab","article_modified_time":"2026-04-24T01:00:27+00:00","og_image":[{"width":810,"height":1080,"url":"https:\/\/shop.noor.fi\/wp-content\/uploads\/2023\/11\/7332623411721.jpg","type":"image\/jpeg"}],"twitter_card":"summary_large_image","twitter_misc":{"Ber\u00e4knad l\u00e4stid":"1 minut"},"schema":{"@context":"https:\/\/schema.org","@graph":[{"@type":"WebPage","@id":"https:\/\/shop.noor.fi\/produkt\/robin-verhot-2p-beige-2x140x250cm\/","url":"https:\/\/shop.noor.fi\/produkt\/robin-verhot-2p-beige-2x140x250cm\/","name":"Robin gardin 2P beige 2x140x250cm - Oy Noortrade Ab","isPartOf":{"@id":"https:\/\/shopnoorfi-wp31835.test.cchosting.fi\/#website"},"primaryImageOfPage":{"@id":"https:\/\/shop.noor.fi\/produkt\/robin-verhot-2p-beige-2x140x250cm\/#primaryimage"},"image":{"@id":"https:\/\/shop.noor.fi\/produkt\/robin-verhot-2p-beige-2x140x250cm\/#primaryimage"},"thumbnailUrl":"https:\/\/shop.noor.fi\/wp-content\/uploads\/2023\/11\/7332623411721.jpg","datePublished":"2023-11-03T12:39:36+00:00","dateModified":"2026-04-24T01:00:27+00:00","breadcrumb":{"@id":"https:\/\/shop.noor.fi\/produkt\/robin-verhot-2p-beige-2x140x250cm\/#breadcrumb"},"inLanguage":"sv-SE","potentialAction":[{"@type":"ReadAction","target":["https:\/\/shop.noor.fi\/produkt\/robin-verhot-2p-beige-2x140x250cm\/"]}]},{"@type":"ImageObject","inLanguage":"sv-SE","@id":"https:\/\/shop.noor.fi\/produkt\/robin-verhot-2p-beige-2x140x250cm\/#primaryimage","url":"https:\/\/shop.noor.fi\/wp-content\/uploads\/2023\/11\/7332623411721.jpg","contentUrl":"https:\/\/shop.noor.fi\/wp-content\/uploads\/2023\/11\/7332623411721.jpg","width":810,"height":1080},{"@type":"BreadcrumbList","@id":"https:\/\/shop.noor.fi\/produkt\/robin-verhot-2p-beige-2x140x250cm\/#breadcrumb","itemListElement":[{"@type":"ListItem","position":1,"name":"Etusivu","item":"https:\/\/shop.noor.fi\/sv\/"},{"@type":"ListItem","position":2,"name":"Butik","item":"https:\/\/shopnoorfi-wp31835.test.cchosting.fi\/sv\/butik\/"},{"@type":"ListItem","position":3,"name":"Robin gardin 2P beige 2x140x250cm"}]},{"@type":"WebSite","@id":"https:\/\/shopnoorfi-wp31835.test.cchosting.fi\/#website","url":"https:\/\/shopnoorfi-wp31835.test.cchosting.fi\/","name":"Oy Noortrade Ab","description":"Finnish family owned company with over 30 years of professional experience in lighting &amp; interior products import and sales - reliably.","publisher":{"@id":"https:\/\/shopnoorfi-wp31835.test.cchosting.fi\/#organization"},"potentialAction":[{"@type":"SearchAction","target":{"@type":"EntryPoint","urlTemplate":"https:\/\/shopnoorfi-wp31835.test.cchosting.fi\/?s={search_term_string}"},"query-input":{"@type":"PropertyValueSpecification","valueRequired":true,"valueName":"search_term_string"}}],"inLanguage":"sv-SE"},{"@type":"Organization","@id":"https:\/\/shopnoorfi-wp31835.test.cchosting.fi\/#organization","name":"Oy Noortrade Ab","url":"https:\/\/shopnoorfi-wp31835.test.cchosting.fi\/","logo":{"@type":"ImageObject","inLanguage":"sv-SE","@id":"https:\/\/shopnoorfi-wp31835.test.cchosting.fi\/#\/schema\/logo\/image\/","url":"https:\/\/shop.noor.fi\/wp-content\/uploads\/2024\/01\/Oy-Noortrade-Ab-Corbel-VERSAL-bold-BLACK.png","contentUrl":"https:\/\/shop.noor.fi\/wp-content\/uploads\/2024\/01\/Oy-Noortrade-Ab-Corbel-VERSAL-bold-BLACK.png","width":721,"height":177,"caption":"Oy Noortrade Ab"},"image":{"@id":"https:\/\/shopnoorfi-wp31835.test.cchosting.fi\/#\/schema\/logo\/image\/"}}]}},"brands":[{"id":28738,"name":"Svanefors","slug":"svanefors"}],"_links":{"self":[{"href":"https:\/\/shop.noor.fi\/sv\/wp-json\/wp\/v2\/product\/108971","targetHints":{"allow":["GET"]}}],"collection":[{"href":"https:\/\/shop.noor.fi\/sv\/wp-json\/wp\/v2\/product"}],"about":[{"href":"https:\/\/shop.noor.fi\/sv\/wp-json\/wp\/v2\/types\/product"}],"replies":[{"embeddable":true,"href":"https:\/\/shop.noor.fi\/sv\/wp-json\/wp\/v2\/comments?post=108971"}],"wp:featuredmedia":[{"embeddable":true,"href":"https:\/\/shop.noor.fi\/sv\/wp-json\/wp\/v2\/media\/60861"}],"wp:attachment":[{"href":"https:\/\/shop.noor.fi\/sv\/wp-json\/wp\/v2\/media?parent=108971"}],"wp:term":[{"taxonomy":"pwb-brand","embeddable":true,"href":"https:\/\/shop.noor.fi\/sv\/wp-json\/wp\/v2\/pwb-brand?post=108971"},{"taxonomy":"product_brand","embeddable":true,"href":"https:\/\/shop.noor.fi\/sv\/wp-json\/wp\/v2\/product_brand?post=108971"},{"taxonomy":"product_cat","embeddable":true,"href":"https:\/\/shop.noor.fi\/sv\/wp-json\/wp\/v2\/product_cat?post=108971"},{"taxonomy":"product_tag","embeddable":true,"href":"https:\/\/shop.noor.fi\/sv\/wp-json\/wp\/v2\/product_tag?post=108971"}],"curies":[{"name":"wp","href":"https:\/\/api.w.org\/{rel}","templated":true}]}}