{"id":108663,"date":"2024-03-08T14:46:30","date_gmt":"2024-03-08T12:46:30","guid":{"rendered":"https:\/\/shop.noor.fi\/product\/merryville-batteridriven-ljusstake\/"},"modified":"2026-03-11T15:17:27","modified_gmt":"2026-03-11T13:17:27","slug":"merryville-batteridriven-ljusstake","status":"publish","type":"product","link":"https:\/\/shop.noor.fi\/sv\/produkt\/merryville-batteridriven-ljusstake\/","title":{"rendered":"Merryville batteridriven ljusstake"},"content":{"rendered":"<p>Mysig adventsljusstake med fina detaljer. Tomten och hans v\u00e4nner sprider julst\u00e4mning med sina fem LED lampor. En klassiker att ta fram fr\u00e5n \u00e5r till \u00e5r som ger hemmet lite extra julk\u00e4nsla. Ljusstaken \u00e4r n\u00e4tt och tr\u00e5dl\u00f6s och \u00e4r d\u00e4rf\u00f6r l\u00e4ttplacerad i b\u00e5de f\u00f6nster och p\u00e5 sk\u00e4nk.<\/p>\n<p>Timerfunktionen g\u00f6r det m\u00f6jligt att s\u00e4tta lamporna att lysa i 6 timmar och vara sl\u00e4ckt i 18 timmar f\u00f6r att sedan t\u00e4ndas igen n\u00e4sta dag.<\/p>\n<p>Drivs av 3 AA batterier som ing\u00e5r ej.<br \/>\nIntegrerad LED, lamporna \u00e4r ej utbytbara.<\/p>\n<p>Bredd 29,5 cm<br \/>\nDjup 9,5 cm<br \/>\nH\u00f6jd 18,5 cm<\/p>\n","protected":false},"excerpt":{"rendered":"<p>Mysig adventsljusstake med fina detaljer. Tomten och hans v\u00e4nner sprider julst\u00e4mning med sina fem LED lampor. En klassiker att ta fram fr\u00e5n \u00e5r till \u00e5r som ger hemmet lite extra julk\u00e4nsla. Ljusstaken \u00e4r n\u00e4tt och tr\u00e5dl\u00f6s och \u00e4r d\u00e4rf\u00f6r l\u00e4ttplacerad i b\u00e5de f\u00f6nster och p\u00e5 sk\u00e4nk. Timerfunktionen g\u00f6r det m\u00f6jligt att s\u00e4tta lamporna att lysa [&hellip;]<\/p>\n","protected":false},"featured_media":86074,"comment_status":"open","ping_status":"closed","template":"","meta":{"_acf_changed":false,"_relevanssi_hide_post":"","_relevanssi_hide_content":"","_relevanssi_pin_for_all":"","_relevanssi_pin_keywords":"","_relevanssi_unpin_keywords":"","_relevanssi_related_keywords":"","_relevanssi_related_include_ids":"","_relevanssi_related_exclude_ids":"","_relevanssi_related_no_append":"","_relevanssi_related_not_related":"","_relevanssi_related_posts":"","_relevanssi_noindex_reason":""},"pwb-brand":[28728],"product_brand":[],"product_cat":[32077],"product_tag":[],"class_list":{"0":"post-108663","1":"product","2":"type-product","3":"status-publish","4":"has-post-thumbnail","6":"pwb-brand-star-trading","7":"product_cat-ljusstakar-ovrigt","9":"first","10":"instock","11":"taxable","12":"shipping-taxable","13":"purchasable","14":"product-type-simple"},"acf":[],"yoast_head":"<!-- This site is optimized with the Yoast SEO plugin v27.5 - https:\/\/yoast.com\/product\/yoast-seo-wordpress\/ -->\n<title>Merryville batteridriven ljusstake - Oy Noortrade Ab<\/title>\n<meta name=\"robots\" content=\"index, follow, max-snippet:-1, max-image-preview:large, max-video-preview:-1\" \/>\n<link rel=\"canonical\" href=\"https:\/\/shop.noor.fi\/sv\/produkt\/merryville-batteridriven-ljusstake\/\" \/>\n<meta property=\"og:locale\" content=\"sv_SE\" \/>\n<meta property=\"og:type\" content=\"article\" \/>\n<meta property=\"og:title\" content=\"Merryville batteridriven ljusstake - Oy Noortrade Ab\" \/>\n<meta property=\"og:description\" content=\"Mysig adventsljusstake med fina detaljer. Tomten och hans v\u00e4nner sprider julst\u00e4mning med sina fem LED lampor. En klassiker att ta fram fr\u00e5n \u00e5r till \u00e5r som ger hemmet lite extra julk\u00e4nsla. Ljusstaken \u00e4r n\u00e4tt och tr\u00e5dl\u00f6s och \u00e4r d\u00e4rf\u00f6r l\u00e4ttplacerad i b\u00e5de f\u00f6nster och p\u00e5 sk\u00e4nk. Timerfunktionen g\u00f6r det m\u00f6jligt att s\u00e4tta lamporna att lysa [&hellip;]\" \/>\n<meta property=\"og:url\" content=\"https:\/\/shop.noor.fi\/sv\/produkt\/merryville-batteridriven-ljusstake\/\" \/>\n<meta property=\"og:site_name\" content=\"Oy Noortrade Ab\" \/>\n<meta property=\"article:modified_time\" content=\"2026-03-11T13:17:27+00:00\" \/>\n<meta property=\"og:image\" content=\"https:\/\/shop.noor.fi\/wp-content\/uploads\/2024\/02\/7391482071187.jpg\" \/>\n\t<meta property=\"og:image:width\" content=\"2433\" \/>\n\t<meta property=\"og:image:height\" content=\"1533\" \/>\n\t<meta property=\"og:image:type\" content=\"image\/jpeg\" \/>\n<meta name=\"twitter:card\" content=\"summary_large_image\" \/>\n<meta name=\"twitter:label1\" content=\"Ber\u00e4knad l\u00e4stid\" \/>\n\t<meta name=\"twitter:data1\" content=\"1 minut\" \/>\n<script type=\"application\/ld+json\" class=\"yoast-schema-graph\">{\"@context\":\"https:\\\/\\\/schema.org\",\"@graph\":[{\"@type\":\"WebPage\",\"@id\":\"https:\\\/\\\/shop.noor.fi\\\/sv\\\/produkt\\\/merryville-batteridriven-ljusstake\\\/\",\"url\":\"https:\\\/\\\/shop.noor.fi\\\/sv\\\/produkt\\\/merryville-batteridriven-ljusstake\\\/\",\"name\":\"Merryville batteridriven ljusstake - Oy Noortrade Ab\",\"isPartOf\":{\"@id\":\"https:\\\/\\\/shopnoorfi-wp31835.test.cchosting.fi\\\/#website\"},\"primaryImageOfPage\":{\"@id\":\"https:\\\/\\\/shop.noor.fi\\\/sv\\\/produkt\\\/merryville-batteridriven-ljusstake\\\/#primaryimage\"},\"image\":{\"@id\":\"https:\\\/\\\/shop.noor.fi\\\/sv\\\/produkt\\\/merryville-batteridriven-ljusstake\\\/#primaryimage\"},\"thumbnailUrl\":\"https:\\\/\\\/shop.noor.fi\\\/wp-content\\\/uploads\\\/2024\\\/02\\\/7391482071187.jpg\",\"datePublished\":\"2024-03-08T12:46:30+00:00\",\"dateModified\":\"2026-03-11T13:17:27+00:00\",\"breadcrumb\":{\"@id\":\"https:\\\/\\\/shop.noor.fi\\\/sv\\\/produkt\\\/merryville-batteridriven-ljusstake\\\/#breadcrumb\"},\"inLanguage\":\"sv-SE\",\"potentialAction\":[{\"@type\":\"ReadAction\",\"target\":[\"https:\\\/\\\/shop.noor.fi\\\/sv\\\/produkt\\\/merryville-batteridriven-ljusstake\\\/\"]}]},{\"@type\":\"ImageObject\",\"inLanguage\":\"sv-SE\",\"@id\":\"https:\\\/\\\/shop.noor.fi\\\/sv\\\/produkt\\\/merryville-batteridriven-ljusstake\\\/#primaryimage\",\"url\":\"https:\\\/\\\/shop.noor.fi\\\/wp-content\\\/uploads\\\/2024\\\/02\\\/7391482071187.jpg\",\"contentUrl\":\"https:\\\/\\\/shop.noor.fi\\\/wp-content\\\/uploads\\\/2024\\\/02\\\/7391482071187.jpg\",\"width\":2433,\"height\":1533},{\"@type\":\"BreadcrumbList\",\"@id\":\"https:\\\/\\\/shop.noor.fi\\\/sv\\\/produkt\\\/merryville-batteridriven-ljusstake\\\/#breadcrumb\",\"itemListElement\":[{\"@type\":\"ListItem\",\"position\":1,\"name\":\"Etusivu\",\"item\":\"https:\\\/\\\/shop.noor.fi\\\/sv\\\/\"},{\"@type\":\"ListItem\",\"position\":2,\"name\":\"Butik\",\"item\":\"https:\\\/\\\/shopnoorfi-wp31835.test.cchosting.fi\\\/sv\\\/butik\\\/\"},{\"@type\":\"ListItem\",\"position\":3,\"name\":\"Merryville batteridriven ljusstake\"}]},{\"@type\":\"WebSite\",\"@id\":\"https:\\\/\\\/shopnoorfi-wp31835.test.cchosting.fi\\\/#website\",\"url\":\"https:\\\/\\\/shopnoorfi-wp31835.test.cchosting.fi\\\/\",\"name\":\"Oy Noortrade Ab\",\"description\":\"Finnish family owned company with over 30 years of professional experience in lighting &amp; interior products import and sales - reliably.\",\"publisher\":{\"@id\":\"https:\\\/\\\/shopnoorfi-wp31835.test.cchosting.fi\\\/#organization\"},\"potentialAction\":[{\"@type\":\"SearchAction\",\"target\":{\"@type\":\"EntryPoint\",\"urlTemplate\":\"https:\\\/\\\/shopnoorfi-wp31835.test.cchosting.fi\\\/?s={search_term_string}\"},\"query-input\":{\"@type\":\"PropertyValueSpecification\",\"valueRequired\":true,\"valueName\":\"search_term_string\"}}],\"inLanguage\":\"sv-SE\"},{\"@type\":\"Organization\",\"@id\":\"https:\\\/\\\/shopnoorfi-wp31835.test.cchosting.fi\\\/#organization\",\"name\":\"Oy Noortrade Ab\",\"url\":\"https:\\\/\\\/shopnoorfi-wp31835.test.cchosting.fi\\\/\",\"logo\":{\"@type\":\"ImageObject\",\"inLanguage\":\"sv-SE\",\"@id\":\"https:\\\/\\\/shopnoorfi-wp31835.test.cchosting.fi\\\/#\\\/schema\\\/logo\\\/image\\\/\",\"url\":\"https:\\\/\\\/shop.noor.fi\\\/wp-content\\\/uploads\\\/2024\\\/01\\\/Oy-Noortrade-Ab-Corbel-VERSAL-bold-BLACK.png\",\"contentUrl\":\"https:\\\/\\\/shop.noor.fi\\\/wp-content\\\/uploads\\\/2024\\\/01\\\/Oy-Noortrade-Ab-Corbel-VERSAL-bold-BLACK.png\",\"width\":721,\"height\":177,\"caption\":\"Oy Noortrade Ab\"},\"image\":{\"@id\":\"https:\\\/\\\/shopnoorfi-wp31835.test.cchosting.fi\\\/#\\\/schema\\\/logo\\\/image\\\/\"}}]}<\/script>\n<!-- \/ Yoast SEO plugin. -->","yoast_head_json":{"title":"Merryville batteridriven ljusstake - Oy Noortrade Ab","robots":{"index":"index","follow":"follow","max-snippet":"max-snippet:-1","max-image-preview":"max-image-preview:large","max-video-preview":"max-video-preview:-1"},"canonical":"https:\/\/shop.noor.fi\/sv\/produkt\/merryville-batteridriven-ljusstake\/","og_locale":"sv_SE","og_type":"article","og_title":"Merryville batteridriven ljusstake - Oy Noortrade Ab","og_description":"Mysig adventsljusstake med fina detaljer. Tomten och hans v\u00e4nner sprider julst\u00e4mning med sina fem LED lampor. En klassiker att ta fram fr\u00e5n \u00e5r till \u00e5r som ger hemmet lite extra julk\u00e4nsla. Ljusstaken \u00e4r n\u00e4tt och tr\u00e5dl\u00f6s och \u00e4r d\u00e4rf\u00f6r l\u00e4ttplacerad i b\u00e5de f\u00f6nster och p\u00e5 sk\u00e4nk. Timerfunktionen g\u00f6r det m\u00f6jligt att s\u00e4tta lamporna att lysa [&hellip;]","og_url":"https:\/\/shop.noor.fi\/sv\/produkt\/merryville-batteridriven-ljusstake\/","og_site_name":"Oy Noortrade Ab","article_modified_time":"2026-03-11T13:17:27+00:00","og_image":[{"width":2433,"height":1533,"url":"https:\/\/shop.noor.fi\/wp-content\/uploads\/2024\/02\/7391482071187.jpg","type":"image\/jpeg"}],"twitter_card":"summary_large_image","twitter_misc":{"Ber\u00e4knad l\u00e4stid":"1 minut"},"schema":{"@context":"https:\/\/schema.org","@graph":[{"@type":"WebPage","@id":"https:\/\/shop.noor.fi\/sv\/produkt\/merryville-batteridriven-ljusstake\/","url":"https:\/\/shop.noor.fi\/sv\/produkt\/merryville-batteridriven-ljusstake\/","name":"Merryville batteridriven ljusstake - Oy Noortrade Ab","isPartOf":{"@id":"https:\/\/shopnoorfi-wp31835.test.cchosting.fi\/#website"},"primaryImageOfPage":{"@id":"https:\/\/shop.noor.fi\/sv\/produkt\/merryville-batteridriven-ljusstake\/#primaryimage"},"image":{"@id":"https:\/\/shop.noor.fi\/sv\/produkt\/merryville-batteridriven-ljusstake\/#primaryimage"},"thumbnailUrl":"https:\/\/shop.noor.fi\/wp-content\/uploads\/2024\/02\/7391482071187.jpg","datePublished":"2024-03-08T12:46:30+00:00","dateModified":"2026-03-11T13:17:27+00:00","breadcrumb":{"@id":"https:\/\/shop.noor.fi\/sv\/produkt\/merryville-batteridriven-ljusstake\/#breadcrumb"},"inLanguage":"sv-SE","potentialAction":[{"@type":"ReadAction","target":["https:\/\/shop.noor.fi\/sv\/produkt\/merryville-batteridriven-ljusstake\/"]}]},{"@type":"ImageObject","inLanguage":"sv-SE","@id":"https:\/\/shop.noor.fi\/sv\/produkt\/merryville-batteridriven-ljusstake\/#primaryimage","url":"https:\/\/shop.noor.fi\/wp-content\/uploads\/2024\/02\/7391482071187.jpg","contentUrl":"https:\/\/shop.noor.fi\/wp-content\/uploads\/2024\/02\/7391482071187.jpg","width":2433,"height":1533},{"@type":"BreadcrumbList","@id":"https:\/\/shop.noor.fi\/sv\/produkt\/merryville-batteridriven-ljusstake\/#breadcrumb","itemListElement":[{"@type":"ListItem","position":1,"name":"Etusivu","item":"https:\/\/shop.noor.fi\/sv\/"},{"@type":"ListItem","position":2,"name":"Butik","item":"https:\/\/shopnoorfi-wp31835.test.cchosting.fi\/sv\/butik\/"},{"@type":"ListItem","position":3,"name":"Merryville batteridriven ljusstake"}]},{"@type":"WebSite","@id":"https:\/\/shopnoorfi-wp31835.test.cchosting.fi\/#website","url":"https:\/\/shopnoorfi-wp31835.test.cchosting.fi\/","name":"Oy Noortrade Ab","description":"Finnish family owned company with over 30 years of professional experience in lighting &amp; interior products import and sales - reliably.","publisher":{"@id":"https:\/\/shopnoorfi-wp31835.test.cchosting.fi\/#organization"},"potentialAction":[{"@type":"SearchAction","target":{"@type":"EntryPoint","urlTemplate":"https:\/\/shopnoorfi-wp31835.test.cchosting.fi\/?s={search_term_string}"},"query-input":{"@type":"PropertyValueSpecification","valueRequired":true,"valueName":"search_term_string"}}],"inLanguage":"sv-SE"},{"@type":"Organization","@id":"https:\/\/shopnoorfi-wp31835.test.cchosting.fi\/#organization","name":"Oy Noortrade Ab","url":"https:\/\/shopnoorfi-wp31835.test.cchosting.fi\/","logo":{"@type":"ImageObject","inLanguage":"sv-SE","@id":"https:\/\/shopnoorfi-wp31835.test.cchosting.fi\/#\/schema\/logo\/image\/","url":"https:\/\/shop.noor.fi\/wp-content\/uploads\/2024\/01\/Oy-Noortrade-Ab-Corbel-VERSAL-bold-BLACK.png","contentUrl":"https:\/\/shop.noor.fi\/wp-content\/uploads\/2024\/01\/Oy-Noortrade-Ab-Corbel-VERSAL-bold-BLACK.png","width":721,"height":177,"caption":"Oy Noortrade Ab"},"image":{"@id":"https:\/\/shopnoorfi-wp31835.test.cchosting.fi\/#\/schema\/logo\/image\/"}}]}},"brands":[{"id":28728,"name":"Star Trading","slug":"star-trading"}],"_links":{"self":[{"href":"https:\/\/shop.noor.fi\/sv\/wp-json\/wp\/v2\/product\/108663","targetHints":{"allow":["GET"]}}],"collection":[{"href":"https:\/\/shop.noor.fi\/sv\/wp-json\/wp\/v2\/product"}],"about":[{"href":"https:\/\/shop.noor.fi\/sv\/wp-json\/wp\/v2\/types\/product"}],"replies":[{"embeddable":true,"href":"https:\/\/shop.noor.fi\/sv\/wp-json\/wp\/v2\/comments?post=108663"}],"wp:featuredmedia":[{"embeddable":true,"href":"https:\/\/shop.noor.fi\/sv\/wp-json\/wp\/v2\/media\/86074"}],"wp:attachment":[{"href":"https:\/\/shop.noor.fi\/sv\/wp-json\/wp\/v2\/media?parent=108663"}],"wp:term":[{"taxonomy":"pwb-brand","embeddable":true,"href":"https:\/\/shop.noor.fi\/sv\/wp-json\/wp\/v2\/pwb-brand?post=108663"},{"taxonomy":"product_brand","embeddable":true,"href":"https:\/\/shop.noor.fi\/sv\/wp-json\/wp\/v2\/product_brand?post=108663"},{"taxonomy":"product_cat","embeddable":true,"href":"https:\/\/shop.noor.fi\/sv\/wp-json\/wp\/v2\/product_cat?post=108663"},{"taxonomy":"product_tag","embeddable":true,"href":"https:\/\/shop.noor.fi\/sv\/wp-json\/wp\/v2\/product_tag?post=108663"}],"curies":[{"name":"wp","href":"https:\/\/api.w.org\/{rel}","templated":true}]}}