{"id":108624,"date":"2023-11-03T14:15:56","date_gmt":"2023-11-03T12:15:56","guid":{"rendered":"https:\/\/shop.noor.fi\/product\/decorative-scenery-kidsville\/"},"modified":"2026-04-09T18:50:36","modified_gmt":"2026-04-09T15:50:36","slug":"decorative-scenery-kidsville","status":"publish","type":"product","link":"https:\/\/shop.noor.fi\/sv\/produkt\/decorative-scenery-kidsville\/","title":{"rendered":"Kidsville dekorationsby 60 cm multif\u00e4rg"},"content":{"rendered":"<p>Dekorations set med 12 delar, passar perfekt som dekoration till jul. Setet best\u00e5r av lokomotiv, tv\u00e5 vagnar och ett litet stationshus, dessa lyser fint med varmvitt sken n\u00e4r produkten \u00e4r p\u00e5. Det ing\u00e5r ocks\u00e5 tv\u00e5 lyktstolpar, tv\u00e5 figurer och tre granar. Placera p\u00e5 ett bord eller en hylla f\u00f6r en h\u00e4rlig julst\u00e4mning.<br \/>\nDekorationen fungerar med tv\u00e5 AA-batterier som ing\u00e5r ej.<br \/>\nIntegrerad LED, lamporna \u00e4r ej utbytbara.<\/p>\n<p>Bredd 60 cm<br \/>\nDjup 6 cm<br \/>\nH\u00f6jd 8 cm<\/p>\n","protected":false},"excerpt":{"rendered":"<p>Dekorations set med 12 delar, passar perfekt som dekoration till jul. Setet best\u00e5r av lokomotiv, tv\u00e5 vagnar och ett litet stationshus, dessa lyser fint med varmvitt sken n\u00e4r produkten \u00e4r p\u00e5. Det ing\u00e5r ocks\u00e5 tv\u00e5 lyktstolpar, tv\u00e5 figurer och tre granar. Placera p\u00e5 ett bord eller en hylla f\u00f6r en h\u00e4rlig julst\u00e4mning. Dekorationen fungerar med [&hellip;]<\/p>\n","protected":false},"featured_media":18408,"comment_status":"open","ping_status":"closed","template":"","meta":{"_acf_changed":false,"_relevanssi_hide_post":"","_relevanssi_hide_content":"","_relevanssi_pin_for_all":"","_relevanssi_pin_keywords":"","_relevanssi_unpin_keywords":"","_relevanssi_related_keywords":"","_relevanssi_related_include_ids":"","_relevanssi_related_exclude_ids":"","_relevanssi_related_no_append":"","_relevanssi_related_not_related":"","_relevanssi_related_posts":"","_relevanssi_noindex_reason":""},"pwb-brand":[28728],"product_brand":[],"product_cat":[32033],"product_tag":[],"class_list":{"0":"post-108624","1":"product","2":"type-product","3":"status-publish","4":"has-post-thumbnail","6":"pwb-brand-star-trading","7":"product_cat-dekorationsbyar","9":"first","10":"instock","11":"taxable","12":"shipping-taxable","13":"purchasable","14":"product-type-simple"},"acf":[],"yoast_head":"<!-- This site is optimized with the Yoast SEO plugin v27.5 - https:\/\/yoast.com\/product\/yoast-seo-wordpress\/ -->\n<title>Kidsville dekorationsby 60 cm multif\u00e4rg - Oy Noortrade Ab<\/title>\n<meta name=\"robots\" content=\"index, follow, max-snippet:-1, max-image-preview:large, max-video-preview:-1\" \/>\n<link rel=\"canonical\" href=\"https:\/\/shop.noor.fi\/tuote\/decorative-scenery-kidsville-3\/\" \/>\n<meta property=\"og:locale\" content=\"sv_SE\" \/>\n<meta property=\"og:type\" content=\"article\" \/>\n<meta property=\"og:title\" content=\"Kidsville dekorationsby 60 cm multif\u00e4rg - Oy Noortrade Ab\" \/>\n<meta property=\"og:description\" content=\"Dekorations set med 12 delar, passar perfekt som dekoration till jul. Setet best\u00e5r av lokomotiv, tv\u00e5 vagnar och ett litet stationshus, dessa lyser fint med varmvitt sken n\u00e4r produkten \u00e4r p\u00e5. Det ing\u00e5r ocks\u00e5 tv\u00e5 lyktstolpar, tv\u00e5 figurer och tre granar. Placera p\u00e5 ett bord eller en hylla f\u00f6r en h\u00e4rlig julst\u00e4mning. Dekorationen fungerar med [&hellip;]\" \/>\n<meta property=\"og:url\" content=\"https:\/\/shop.noor.fi\/tuote\/decorative-scenery-kidsville-3\/\" \/>\n<meta property=\"og:site_name\" content=\"Oy Noortrade Ab\" \/>\n<meta property=\"article:modified_time\" content=\"2026-04-09T15:50:36+00:00\" \/>\n<meta property=\"og:image\" content=\"https:\/\/shop.noor.fi\/wp-content\/uploads\/2023\/11\/7391482030450.jpg\" \/>\n\t<meta property=\"og:image:width\" content=\"1920\" \/>\n\t<meta property=\"og:image:height\" content=\"796\" \/>\n\t<meta property=\"og:image:type\" content=\"image\/jpeg\" \/>\n<meta name=\"twitter:card\" content=\"summary_large_image\" \/>\n<script type=\"application\/ld+json\" class=\"yoast-schema-graph\">{\"@context\":\"https:\\\/\\\/schema.org\",\"@graph\":[{\"@type\":\"WebPage\",\"@id\":\"https:\\\/\\\/shop.noor.fi\\\/tuote\\\/decorative-scenery-kidsville-3\\\/\",\"url\":\"https:\\\/\\\/shop.noor.fi\\\/tuote\\\/decorative-scenery-kidsville-3\\\/\",\"name\":\"Kidsville dekorationsby 60 cm multif\u00e4rg - Oy Noortrade Ab\",\"isPartOf\":{\"@id\":\"https:\\\/\\\/shopnoorfi-wp31835.test.cchosting.fi\\\/#website\"},\"primaryImageOfPage\":{\"@id\":\"https:\\\/\\\/shop.noor.fi\\\/tuote\\\/decorative-scenery-kidsville-3\\\/#primaryimage\"},\"image\":{\"@id\":\"https:\\\/\\\/shop.noor.fi\\\/tuote\\\/decorative-scenery-kidsville-3\\\/#primaryimage\"},\"thumbnailUrl\":\"https:\\\/\\\/shop.noor.fi\\\/wp-content\\\/uploads\\\/2023\\\/11\\\/7391482030450.jpg\",\"datePublished\":\"2023-11-03T12:15:56+00:00\",\"dateModified\":\"2026-04-09T15:50:36+00:00\",\"breadcrumb\":{\"@id\":\"https:\\\/\\\/shop.noor.fi\\\/tuote\\\/decorative-scenery-kidsville-3\\\/#breadcrumb\"},\"inLanguage\":\"sv-SE\",\"potentialAction\":[{\"@type\":\"ReadAction\",\"target\":[\"https:\\\/\\\/shop.noor.fi\\\/tuote\\\/decorative-scenery-kidsville-3\\\/\"]}]},{\"@type\":\"ImageObject\",\"inLanguage\":\"sv-SE\",\"@id\":\"https:\\\/\\\/shop.noor.fi\\\/tuote\\\/decorative-scenery-kidsville-3\\\/#primaryimage\",\"url\":\"https:\\\/\\\/shop.noor.fi\\\/wp-content\\\/uploads\\\/2023\\\/11\\\/7391482030450.jpg\",\"contentUrl\":\"https:\\\/\\\/shop.noor.fi\\\/wp-content\\\/uploads\\\/2023\\\/11\\\/7391482030450.jpg\",\"width\":1920,\"height\":796},{\"@type\":\"BreadcrumbList\",\"@id\":\"https:\\\/\\\/shop.noor.fi\\\/tuote\\\/decorative-scenery-kidsville-3\\\/#breadcrumb\",\"itemListElement\":[{\"@type\":\"ListItem\",\"position\":1,\"name\":\"Etusivu\",\"item\":\"https:\\\/\\\/shop.noor.fi\\\/sv\\\/\"},{\"@type\":\"ListItem\",\"position\":2,\"name\":\"Butik\",\"item\":\"https:\\\/\\\/shopnoorfi-wp31835.test.cchosting.fi\\\/sv\\\/butik\\\/\"},{\"@type\":\"ListItem\",\"position\":3,\"name\":\"Kidsville dekorationsby 60 cm multif\u00e4rg\"}]},{\"@type\":\"WebSite\",\"@id\":\"https:\\\/\\\/shopnoorfi-wp31835.test.cchosting.fi\\\/#website\",\"url\":\"https:\\\/\\\/shopnoorfi-wp31835.test.cchosting.fi\\\/\",\"name\":\"Oy Noortrade Ab\",\"description\":\"Finnish family owned company with over 30 years of professional experience in lighting &amp; interior products import and sales - reliably.\",\"publisher\":{\"@id\":\"https:\\\/\\\/shopnoorfi-wp31835.test.cchosting.fi\\\/#organization\"},\"potentialAction\":[{\"@type\":\"SearchAction\",\"target\":{\"@type\":\"EntryPoint\",\"urlTemplate\":\"https:\\\/\\\/shopnoorfi-wp31835.test.cchosting.fi\\\/?s={search_term_string}\"},\"query-input\":{\"@type\":\"PropertyValueSpecification\",\"valueRequired\":true,\"valueName\":\"search_term_string\"}}],\"inLanguage\":\"sv-SE\"},{\"@type\":\"Organization\",\"@id\":\"https:\\\/\\\/shopnoorfi-wp31835.test.cchosting.fi\\\/#organization\",\"name\":\"Oy Noortrade Ab\",\"url\":\"https:\\\/\\\/shopnoorfi-wp31835.test.cchosting.fi\\\/\",\"logo\":{\"@type\":\"ImageObject\",\"inLanguage\":\"sv-SE\",\"@id\":\"https:\\\/\\\/shopnoorfi-wp31835.test.cchosting.fi\\\/#\\\/schema\\\/logo\\\/image\\\/\",\"url\":\"https:\\\/\\\/shop.noor.fi\\\/wp-content\\\/uploads\\\/2024\\\/01\\\/Oy-Noortrade-Ab-Corbel-VERSAL-bold-BLACK.png\",\"contentUrl\":\"https:\\\/\\\/shop.noor.fi\\\/wp-content\\\/uploads\\\/2024\\\/01\\\/Oy-Noortrade-Ab-Corbel-VERSAL-bold-BLACK.png\",\"width\":721,\"height\":177,\"caption\":\"Oy Noortrade Ab\"},\"image\":{\"@id\":\"https:\\\/\\\/shopnoorfi-wp31835.test.cchosting.fi\\\/#\\\/schema\\\/logo\\\/image\\\/\"}}]}<\/script>\n<!-- \/ Yoast SEO plugin. -->","yoast_head_json":{"title":"Kidsville dekorationsby 60 cm multif\u00e4rg - Oy Noortrade Ab","robots":{"index":"index","follow":"follow","max-snippet":"max-snippet:-1","max-image-preview":"max-image-preview:large","max-video-preview":"max-video-preview:-1"},"canonical":"https:\/\/shop.noor.fi\/tuote\/decorative-scenery-kidsville-3\/","og_locale":"sv_SE","og_type":"article","og_title":"Kidsville dekorationsby 60 cm multif\u00e4rg - Oy Noortrade Ab","og_description":"Dekorations set med 12 delar, passar perfekt som dekoration till jul. Setet best\u00e5r av lokomotiv, tv\u00e5 vagnar och ett litet stationshus, dessa lyser fint med varmvitt sken n\u00e4r produkten \u00e4r p\u00e5. Det ing\u00e5r ocks\u00e5 tv\u00e5 lyktstolpar, tv\u00e5 figurer och tre granar. Placera p\u00e5 ett bord eller en hylla f\u00f6r en h\u00e4rlig julst\u00e4mning. Dekorationen fungerar med [&hellip;]","og_url":"https:\/\/shop.noor.fi\/tuote\/decorative-scenery-kidsville-3\/","og_site_name":"Oy Noortrade Ab","article_modified_time":"2026-04-09T15:50:36+00:00","og_image":[{"width":1920,"height":796,"url":"https:\/\/shop.noor.fi\/wp-content\/uploads\/2023\/11\/7391482030450.jpg","type":"image\/jpeg"}],"twitter_card":"summary_large_image","schema":{"@context":"https:\/\/schema.org","@graph":[{"@type":"WebPage","@id":"https:\/\/shop.noor.fi\/tuote\/decorative-scenery-kidsville-3\/","url":"https:\/\/shop.noor.fi\/tuote\/decorative-scenery-kidsville-3\/","name":"Kidsville dekorationsby 60 cm multif\u00e4rg - Oy Noortrade Ab","isPartOf":{"@id":"https:\/\/shopnoorfi-wp31835.test.cchosting.fi\/#website"},"primaryImageOfPage":{"@id":"https:\/\/shop.noor.fi\/tuote\/decorative-scenery-kidsville-3\/#primaryimage"},"image":{"@id":"https:\/\/shop.noor.fi\/tuote\/decorative-scenery-kidsville-3\/#primaryimage"},"thumbnailUrl":"https:\/\/shop.noor.fi\/wp-content\/uploads\/2023\/11\/7391482030450.jpg","datePublished":"2023-11-03T12:15:56+00:00","dateModified":"2026-04-09T15:50:36+00:00","breadcrumb":{"@id":"https:\/\/shop.noor.fi\/tuote\/decorative-scenery-kidsville-3\/#breadcrumb"},"inLanguage":"sv-SE","potentialAction":[{"@type":"ReadAction","target":["https:\/\/shop.noor.fi\/tuote\/decorative-scenery-kidsville-3\/"]}]},{"@type":"ImageObject","inLanguage":"sv-SE","@id":"https:\/\/shop.noor.fi\/tuote\/decorative-scenery-kidsville-3\/#primaryimage","url":"https:\/\/shop.noor.fi\/wp-content\/uploads\/2023\/11\/7391482030450.jpg","contentUrl":"https:\/\/shop.noor.fi\/wp-content\/uploads\/2023\/11\/7391482030450.jpg","width":1920,"height":796},{"@type":"BreadcrumbList","@id":"https:\/\/shop.noor.fi\/tuote\/decorative-scenery-kidsville-3\/#breadcrumb","itemListElement":[{"@type":"ListItem","position":1,"name":"Etusivu","item":"https:\/\/shop.noor.fi\/sv\/"},{"@type":"ListItem","position":2,"name":"Butik","item":"https:\/\/shopnoorfi-wp31835.test.cchosting.fi\/sv\/butik\/"},{"@type":"ListItem","position":3,"name":"Kidsville dekorationsby 60 cm multif\u00e4rg"}]},{"@type":"WebSite","@id":"https:\/\/shopnoorfi-wp31835.test.cchosting.fi\/#website","url":"https:\/\/shopnoorfi-wp31835.test.cchosting.fi\/","name":"Oy Noortrade Ab","description":"Finnish family owned company with over 30 years of professional experience in lighting &amp; interior products import and sales - reliably.","publisher":{"@id":"https:\/\/shopnoorfi-wp31835.test.cchosting.fi\/#organization"},"potentialAction":[{"@type":"SearchAction","target":{"@type":"EntryPoint","urlTemplate":"https:\/\/shopnoorfi-wp31835.test.cchosting.fi\/?s={search_term_string}"},"query-input":{"@type":"PropertyValueSpecification","valueRequired":true,"valueName":"search_term_string"}}],"inLanguage":"sv-SE"},{"@type":"Organization","@id":"https:\/\/shopnoorfi-wp31835.test.cchosting.fi\/#organization","name":"Oy Noortrade Ab","url":"https:\/\/shopnoorfi-wp31835.test.cchosting.fi\/","logo":{"@type":"ImageObject","inLanguage":"sv-SE","@id":"https:\/\/shopnoorfi-wp31835.test.cchosting.fi\/#\/schema\/logo\/image\/","url":"https:\/\/shop.noor.fi\/wp-content\/uploads\/2024\/01\/Oy-Noortrade-Ab-Corbel-VERSAL-bold-BLACK.png","contentUrl":"https:\/\/shop.noor.fi\/wp-content\/uploads\/2024\/01\/Oy-Noortrade-Ab-Corbel-VERSAL-bold-BLACK.png","width":721,"height":177,"caption":"Oy Noortrade Ab"},"image":{"@id":"https:\/\/shopnoorfi-wp31835.test.cchosting.fi\/#\/schema\/logo\/image\/"}}]}},"brands":[{"id":28728,"name":"Star Trading","slug":"star-trading"}],"_links":{"self":[{"href":"https:\/\/shop.noor.fi\/sv\/wp-json\/wp\/v2\/product\/108624","targetHints":{"allow":["GET"]}}],"collection":[{"href":"https:\/\/shop.noor.fi\/sv\/wp-json\/wp\/v2\/product"}],"about":[{"href":"https:\/\/shop.noor.fi\/sv\/wp-json\/wp\/v2\/types\/product"}],"replies":[{"embeddable":true,"href":"https:\/\/shop.noor.fi\/sv\/wp-json\/wp\/v2\/comments?post=108624"}],"wp:featuredmedia":[{"embeddable":true,"href":"https:\/\/shop.noor.fi\/sv\/wp-json\/wp\/v2\/media\/18408"}],"wp:attachment":[{"href":"https:\/\/shop.noor.fi\/sv\/wp-json\/wp\/v2\/media?parent=108624"}],"wp:term":[{"taxonomy":"pwb-brand","embeddable":true,"href":"https:\/\/shop.noor.fi\/sv\/wp-json\/wp\/v2\/pwb-brand?post=108624"},{"taxonomy":"product_brand","embeddable":true,"href":"https:\/\/shop.noor.fi\/sv\/wp-json\/wp\/v2\/product_brand?post=108624"},{"taxonomy":"product_cat","embeddable":true,"href":"https:\/\/shop.noor.fi\/sv\/wp-json\/wp\/v2\/product_cat?post=108624"},{"taxonomy":"product_tag","embeddable":true,"href":"https:\/\/shop.noor.fi\/sv\/wp-json\/wp\/v2\/product_tag?post=108624"}],"curies":[{"name":"wp","href":"https:\/\/api.w.org\/{rel}","templated":true}]}}