{"id":108475,"date":"2023-11-03T14:11:00","date_gmt":"2023-11-03T12:11:00","guid":{"rendered":"https:\/\/shop.noor.fi\/product\/outdoor-decoration-twilights-40cm-vit\/"},"modified":"2026-04-09T17:36:20","modified_gmt":"2026-04-09T14:36:20","slug":"outdoor-decoration-twilights-40cm-vit","status":"publish","type":"product","link":"https:\/\/shop.noor.fi\/sv\/produkt\/outdoor-decoration-twilights-40cm-vit\/","title":{"rendered":"Twilights utomhusdekoration 40cm vit"},"content":{"rendered":"<p>Twilights \u00e4r en mycket fin utom- och inomhusprodukt med fj\u00e4rrkontroll. Fint att kombinera flera olika storlekar. Du kan v\u00e4lja skiftande f\u00e4rger eller ett fast ljus p\u00e5 en f\u00e4rg.<br \/>\nTwilights kan anv\u00e4ndas f\u00f6r att skapa st\u00e4mningsfull atmosf\u00e4r p\u00e5 uteplatsen, altanen, balkongen eller tr\u00e4dg\u00e5rden.<br \/>\nB\u00e5de uppladdningsbara batterier och transformator f\u00f6ljer med. F\u00f6r att ladda batterierna anv\u00e4nder man transformatorn. N\u00e4r batterierna \u00e4r fulladdade lyser produkten upp till 8 timmar. Kan \u00e4ven anv\u00e4ndas med kabel.<br \/>\nSladdl\u00e4ngd 500 cm.<br \/>\nIntegrerad LED, lampan \u00e4r ej utbytbar.<\/p>\n<p>Diameter 40 cm<br \/>\nH\u00f6jd 38 cm<\/p>\n","protected":false},"excerpt":{"rendered":"<p>Twilights \u00e4r en mycket fin utom- och inomhusprodukt med fj\u00e4rrkontroll. Fint att kombinera flera olika storlekar. Du kan v\u00e4lja skiftande f\u00e4rger eller ett fast ljus p\u00e5 en f\u00e4rg. Twilights kan anv\u00e4ndas f\u00f6r att skapa st\u00e4mningsfull atmosf\u00e4r p\u00e5 uteplatsen, altanen, balkongen eller tr\u00e4dg\u00e5rden. B\u00e5de uppladdningsbara batterier och transformator f\u00f6ljer med. F\u00f6r att ladda batterierna anv\u00e4nder man [&hellip;]<\/p>\n","protected":false},"featured_media":18669,"comment_status":"open","ping_status":"closed","template":"","meta":{"_acf_changed":false,"_relevanssi_hide_post":"","_relevanssi_hide_content":"","_relevanssi_pin_for_all":"","_relevanssi_pin_keywords":"","_relevanssi_unpin_keywords":"","_relevanssi_related_keywords":"","_relevanssi_related_include_ids":"","_relevanssi_related_exclude_ids":"","_relevanssi_related_no_append":"","_relevanssi_related_not_related":"","_relevanssi_related_posts":"","_relevanssi_noindex_reason":""},"pwb-brand":[28728],"product_brand":[],"product_cat":[32154],"product_tag":[],"class_list":{"0":"post-108475","1":"product","2":"type-product","3":"status-publish","4":"has-post-thumbnail","6":"pwb-brand-star-trading","7":"product_cat-utomhusdekorationer-aret-runt","9":"first","10":"onbackorder","11":"taxable","12":"shipping-taxable","13":"purchasable","14":"product-type-simple"},"acf":[],"yoast_head":"<!-- This site is optimized with the Yoast SEO plugin v27.5 - https:\/\/yoast.com\/product\/yoast-seo-wordpress\/ -->\n<title>Twilights utomhusdekoration 40cm vit - Oy Noortrade Ab<\/title>\n<meta name=\"robots\" content=\"index, follow, max-snippet:-1, max-image-preview:large, max-video-preview:-1\" \/>\n<link rel=\"canonical\" href=\"https:\/\/shop.noor.fi\/produkt\/outdoor-decoration-twilights-40cm-valk\/\" \/>\n<meta property=\"og:locale\" content=\"sv_SE\" \/>\n<meta property=\"og:type\" content=\"article\" \/>\n<meta property=\"og:title\" content=\"Twilights utomhusdekoration 40cm vit - Oy Noortrade Ab\" \/>\n<meta property=\"og:description\" content=\"Twilights \u00e4r en mycket fin utom- och inomhusprodukt med fj\u00e4rrkontroll. Fint att kombinera flera olika storlekar. Du kan v\u00e4lja skiftande f\u00e4rger eller ett fast ljus p\u00e5 en f\u00e4rg. Twilights kan anv\u00e4ndas f\u00f6r att skapa st\u00e4mningsfull atmosf\u00e4r p\u00e5 uteplatsen, altanen, balkongen eller tr\u00e4dg\u00e5rden. B\u00e5de uppladdningsbara batterier och transformator f\u00f6ljer med. F\u00f6r att ladda batterierna anv\u00e4nder man [&hellip;]\" \/>\n<meta property=\"og:url\" content=\"https:\/\/shop.noor.fi\/produkt\/outdoor-decoration-twilights-40cm-valk\/\" \/>\n<meta property=\"og:site_name\" content=\"Oy Noortrade Ab\" \/>\n<meta property=\"article:modified_time\" content=\"2026-04-09T14:36:20+00:00\" \/>\n<meta property=\"og:image\" content=\"https:\/\/shop.noor.fi\/wp-content\/uploads\/2023\/11\/7391482030122.jpg\" \/>\n\t<meta property=\"og:image:width\" content=\"926\" \/>\n\t<meta property=\"og:image:height\" content=\"1080\" \/>\n\t<meta property=\"og:image:type\" content=\"image\/jpeg\" \/>\n<meta name=\"twitter:card\" content=\"summary_large_image\" \/>\n<meta name=\"twitter:label1\" content=\"Ber\u00e4knad l\u00e4stid\" \/>\n\t<meta name=\"twitter:data1\" content=\"1 minut\" \/>\n<script type=\"application\/ld+json\" class=\"yoast-schema-graph\">{\"@context\":\"https:\\\/\\\/schema.org\",\"@graph\":[{\"@type\":\"WebPage\",\"@id\":\"https:\\\/\\\/shop.noor.fi\\\/produkt\\\/outdoor-decoration-twilights-40cm-valk\\\/\",\"url\":\"https:\\\/\\\/shop.noor.fi\\\/produkt\\\/outdoor-decoration-twilights-40cm-valk\\\/\",\"name\":\"Twilights utomhusdekoration 40cm vit - Oy Noortrade Ab\",\"isPartOf\":{\"@id\":\"https:\\\/\\\/shopnoorfi-wp31835.test.cchosting.fi\\\/#website\"},\"primaryImageOfPage\":{\"@id\":\"https:\\\/\\\/shop.noor.fi\\\/produkt\\\/outdoor-decoration-twilights-40cm-valk\\\/#primaryimage\"},\"image\":{\"@id\":\"https:\\\/\\\/shop.noor.fi\\\/produkt\\\/outdoor-decoration-twilights-40cm-valk\\\/#primaryimage\"},\"thumbnailUrl\":\"https:\\\/\\\/shop.noor.fi\\\/wp-content\\\/uploads\\\/2023\\\/11\\\/7391482030122.jpg\",\"datePublished\":\"2023-11-03T12:11:00+00:00\",\"dateModified\":\"2026-04-09T14:36:20+00:00\",\"breadcrumb\":{\"@id\":\"https:\\\/\\\/shop.noor.fi\\\/produkt\\\/outdoor-decoration-twilights-40cm-valk\\\/#breadcrumb\"},\"inLanguage\":\"sv-SE\",\"potentialAction\":[{\"@type\":\"ReadAction\",\"target\":[\"https:\\\/\\\/shop.noor.fi\\\/produkt\\\/outdoor-decoration-twilights-40cm-valk\\\/\"]}]},{\"@type\":\"ImageObject\",\"inLanguage\":\"sv-SE\",\"@id\":\"https:\\\/\\\/shop.noor.fi\\\/produkt\\\/outdoor-decoration-twilights-40cm-valk\\\/#primaryimage\",\"url\":\"https:\\\/\\\/shop.noor.fi\\\/wp-content\\\/uploads\\\/2023\\\/11\\\/7391482030122.jpg\",\"contentUrl\":\"https:\\\/\\\/shop.noor.fi\\\/wp-content\\\/uploads\\\/2023\\\/11\\\/7391482030122.jpg\",\"width\":926,\"height\":1080},{\"@type\":\"BreadcrumbList\",\"@id\":\"https:\\\/\\\/shop.noor.fi\\\/produkt\\\/outdoor-decoration-twilights-40cm-valk\\\/#breadcrumb\",\"itemListElement\":[{\"@type\":\"ListItem\",\"position\":1,\"name\":\"Etusivu\",\"item\":\"https:\\\/\\\/shop.noor.fi\\\/sv\\\/\"},{\"@type\":\"ListItem\",\"position\":2,\"name\":\"Butik\",\"item\":\"https:\\\/\\\/shopnoorfi-wp31835.test.cchosting.fi\\\/sv\\\/butik\\\/\"},{\"@type\":\"ListItem\",\"position\":3,\"name\":\"Twilights utomhusdekoration 40cm vit\"}]},{\"@type\":\"WebSite\",\"@id\":\"https:\\\/\\\/shopnoorfi-wp31835.test.cchosting.fi\\\/#website\",\"url\":\"https:\\\/\\\/shopnoorfi-wp31835.test.cchosting.fi\\\/\",\"name\":\"Oy Noortrade Ab\",\"description\":\"Finnish family owned company with over 30 years of professional experience in lighting &amp; interior products import and sales - reliably.\",\"publisher\":{\"@id\":\"https:\\\/\\\/shopnoorfi-wp31835.test.cchosting.fi\\\/#organization\"},\"potentialAction\":[{\"@type\":\"SearchAction\",\"target\":{\"@type\":\"EntryPoint\",\"urlTemplate\":\"https:\\\/\\\/shopnoorfi-wp31835.test.cchosting.fi\\\/?s={search_term_string}\"},\"query-input\":{\"@type\":\"PropertyValueSpecification\",\"valueRequired\":true,\"valueName\":\"search_term_string\"}}],\"inLanguage\":\"sv-SE\"},{\"@type\":\"Organization\",\"@id\":\"https:\\\/\\\/shopnoorfi-wp31835.test.cchosting.fi\\\/#organization\",\"name\":\"Oy Noortrade Ab\",\"url\":\"https:\\\/\\\/shopnoorfi-wp31835.test.cchosting.fi\\\/\",\"logo\":{\"@type\":\"ImageObject\",\"inLanguage\":\"sv-SE\",\"@id\":\"https:\\\/\\\/shopnoorfi-wp31835.test.cchosting.fi\\\/#\\\/schema\\\/logo\\\/image\\\/\",\"url\":\"https:\\\/\\\/shop.noor.fi\\\/wp-content\\\/uploads\\\/2024\\\/01\\\/Oy-Noortrade-Ab-Corbel-VERSAL-bold-BLACK.png\",\"contentUrl\":\"https:\\\/\\\/shop.noor.fi\\\/wp-content\\\/uploads\\\/2024\\\/01\\\/Oy-Noortrade-Ab-Corbel-VERSAL-bold-BLACK.png\",\"width\":721,\"height\":177,\"caption\":\"Oy Noortrade Ab\"},\"image\":{\"@id\":\"https:\\\/\\\/shopnoorfi-wp31835.test.cchosting.fi\\\/#\\\/schema\\\/logo\\\/image\\\/\"}}]}<\/script>\n<!-- \/ Yoast SEO plugin. -->","yoast_head_json":{"title":"Twilights utomhusdekoration 40cm vit - Oy Noortrade Ab","robots":{"index":"index","follow":"follow","max-snippet":"max-snippet:-1","max-image-preview":"max-image-preview:large","max-video-preview":"max-video-preview:-1"},"canonical":"https:\/\/shop.noor.fi\/produkt\/outdoor-decoration-twilights-40cm-valk\/","og_locale":"sv_SE","og_type":"article","og_title":"Twilights utomhusdekoration 40cm vit - Oy Noortrade Ab","og_description":"Twilights \u00e4r en mycket fin utom- och inomhusprodukt med fj\u00e4rrkontroll. Fint att kombinera flera olika storlekar. Du kan v\u00e4lja skiftande f\u00e4rger eller ett fast ljus p\u00e5 en f\u00e4rg. Twilights kan anv\u00e4ndas f\u00f6r att skapa st\u00e4mningsfull atmosf\u00e4r p\u00e5 uteplatsen, altanen, balkongen eller tr\u00e4dg\u00e5rden. B\u00e5de uppladdningsbara batterier och transformator f\u00f6ljer med. F\u00f6r att ladda batterierna anv\u00e4nder man [&hellip;]","og_url":"https:\/\/shop.noor.fi\/produkt\/outdoor-decoration-twilights-40cm-valk\/","og_site_name":"Oy Noortrade Ab","article_modified_time":"2026-04-09T14:36:20+00:00","og_image":[{"width":926,"height":1080,"url":"https:\/\/shop.noor.fi\/wp-content\/uploads\/2023\/11\/7391482030122.jpg","type":"image\/jpeg"}],"twitter_card":"summary_large_image","twitter_misc":{"Ber\u00e4knad l\u00e4stid":"1 minut"},"schema":{"@context":"https:\/\/schema.org","@graph":[{"@type":"WebPage","@id":"https:\/\/shop.noor.fi\/produkt\/outdoor-decoration-twilights-40cm-valk\/","url":"https:\/\/shop.noor.fi\/produkt\/outdoor-decoration-twilights-40cm-valk\/","name":"Twilights utomhusdekoration 40cm vit - Oy Noortrade Ab","isPartOf":{"@id":"https:\/\/shopnoorfi-wp31835.test.cchosting.fi\/#website"},"primaryImageOfPage":{"@id":"https:\/\/shop.noor.fi\/produkt\/outdoor-decoration-twilights-40cm-valk\/#primaryimage"},"image":{"@id":"https:\/\/shop.noor.fi\/produkt\/outdoor-decoration-twilights-40cm-valk\/#primaryimage"},"thumbnailUrl":"https:\/\/shop.noor.fi\/wp-content\/uploads\/2023\/11\/7391482030122.jpg","datePublished":"2023-11-03T12:11:00+00:00","dateModified":"2026-04-09T14:36:20+00:00","breadcrumb":{"@id":"https:\/\/shop.noor.fi\/produkt\/outdoor-decoration-twilights-40cm-valk\/#breadcrumb"},"inLanguage":"sv-SE","potentialAction":[{"@type":"ReadAction","target":["https:\/\/shop.noor.fi\/produkt\/outdoor-decoration-twilights-40cm-valk\/"]}]},{"@type":"ImageObject","inLanguage":"sv-SE","@id":"https:\/\/shop.noor.fi\/produkt\/outdoor-decoration-twilights-40cm-valk\/#primaryimage","url":"https:\/\/shop.noor.fi\/wp-content\/uploads\/2023\/11\/7391482030122.jpg","contentUrl":"https:\/\/shop.noor.fi\/wp-content\/uploads\/2023\/11\/7391482030122.jpg","width":926,"height":1080},{"@type":"BreadcrumbList","@id":"https:\/\/shop.noor.fi\/produkt\/outdoor-decoration-twilights-40cm-valk\/#breadcrumb","itemListElement":[{"@type":"ListItem","position":1,"name":"Etusivu","item":"https:\/\/shop.noor.fi\/sv\/"},{"@type":"ListItem","position":2,"name":"Butik","item":"https:\/\/shopnoorfi-wp31835.test.cchosting.fi\/sv\/butik\/"},{"@type":"ListItem","position":3,"name":"Twilights utomhusdekoration 40cm vit"}]},{"@type":"WebSite","@id":"https:\/\/shopnoorfi-wp31835.test.cchosting.fi\/#website","url":"https:\/\/shopnoorfi-wp31835.test.cchosting.fi\/","name":"Oy Noortrade Ab","description":"Finnish family owned company with over 30 years of professional experience in lighting &amp; interior products import and sales - reliably.","publisher":{"@id":"https:\/\/shopnoorfi-wp31835.test.cchosting.fi\/#organization"},"potentialAction":[{"@type":"SearchAction","target":{"@type":"EntryPoint","urlTemplate":"https:\/\/shopnoorfi-wp31835.test.cchosting.fi\/?s={search_term_string}"},"query-input":{"@type":"PropertyValueSpecification","valueRequired":true,"valueName":"search_term_string"}}],"inLanguage":"sv-SE"},{"@type":"Organization","@id":"https:\/\/shopnoorfi-wp31835.test.cchosting.fi\/#organization","name":"Oy Noortrade Ab","url":"https:\/\/shopnoorfi-wp31835.test.cchosting.fi\/","logo":{"@type":"ImageObject","inLanguage":"sv-SE","@id":"https:\/\/shopnoorfi-wp31835.test.cchosting.fi\/#\/schema\/logo\/image\/","url":"https:\/\/shop.noor.fi\/wp-content\/uploads\/2024\/01\/Oy-Noortrade-Ab-Corbel-VERSAL-bold-BLACK.png","contentUrl":"https:\/\/shop.noor.fi\/wp-content\/uploads\/2024\/01\/Oy-Noortrade-Ab-Corbel-VERSAL-bold-BLACK.png","width":721,"height":177,"caption":"Oy Noortrade Ab"},"image":{"@id":"https:\/\/shopnoorfi-wp31835.test.cchosting.fi\/#\/schema\/logo\/image\/"}}]}},"brands":[{"id":28728,"name":"Star Trading","slug":"star-trading"}],"_links":{"self":[{"href":"https:\/\/shop.noor.fi\/sv\/wp-json\/wp\/v2\/product\/108475","targetHints":{"allow":["GET"]}}],"collection":[{"href":"https:\/\/shop.noor.fi\/sv\/wp-json\/wp\/v2\/product"}],"about":[{"href":"https:\/\/shop.noor.fi\/sv\/wp-json\/wp\/v2\/types\/product"}],"replies":[{"embeddable":true,"href":"https:\/\/shop.noor.fi\/sv\/wp-json\/wp\/v2\/comments?post=108475"}],"wp:featuredmedia":[{"embeddable":true,"href":"https:\/\/shop.noor.fi\/sv\/wp-json\/wp\/v2\/media\/18669"}],"wp:attachment":[{"href":"https:\/\/shop.noor.fi\/sv\/wp-json\/wp\/v2\/media?parent=108475"}],"wp:term":[{"taxonomy":"pwb-brand","embeddable":true,"href":"https:\/\/shop.noor.fi\/sv\/wp-json\/wp\/v2\/pwb-brand?post=108475"},{"taxonomy":"product_brand","embeddable":true,"href":"https:\/\/shop.noor.fi\/sv\/wp-json\/wp\/v2\/product_brand?post=108475"},{"taxonomy":"product_cat","embeddable":true,"href":"https:\/\/shop.noor.fi\/sv\/wp-json\/wp\/v2\/product_cat?post=108475"},{"taxonomy":"product_tag","embeddable":true,"href":"https:\/\/shop.noor.fi\/sv\/wp-json\/wp\/v2\/product_tag?post=108475"}],"curies":[{"name":"wp","href":"https:\/\/api.w.org\/{rel}","templated":true}]}}