{"id":108175,"date":"2023-11-03T14:00:45","date_gmt":"2023-11-03T12:00:45","guid":{"rendered":"https:\/\/shop.noor.fi\/product\/buzz-11l-a-ljusstake-grafit\/"},"modified":"2026-03-06T04:41:31","modified_gmt":"2026-03-06T02:41:31","slug":"buzz-11l-a-ljusstake-grafit","status":"publish","type":"product","link":"https:\/\/shop.noor.fi\/sv\/produkt\/buzz-11l-a-ljusstake-grafit\/","title":{"rendered":"Buzz 11L A-ljusstake grafit"},"content":{"rendered":"<p>Stilren A-formad ljusstake med kraftig tr\u00e4bas, ljuspipor av tunna metallr\u00f6r. 11st ljusk\u00e4llor, E5 lampor.<\/p>\n<p>F\u00e4rg: Grafit<br \/>\nAnslutningskabelns f\u00e4rg: Textil Gr\u00e5\/Vit<br \/>\nLjusf\u00e4rg: Klar<br \/>\nBredd\/l\u00e4ngd (cm): 59,00<br \/>\nH\u00f6jd (cm): 50,00<br \/>\nDjup (cm): 8,00<br \/>\nAnv\u00e4ndningsomr\u00e5de: Inomhus<br \/>\nAntal lampor: 11<br \/>\nLjusk\u00e4lla ing\u00e5r: Ja<br \/>\nSockel: E5<br \/>\nStr\u00f6mbrytare: Ja<br \/>\nMedellivsl\u00e4ngd (h): 1000<br \/>\nTransformator: JT-DC12V7.2W-E3<br \/>\nLampans Effekt (W): 0.6<br \/>\nLampans Sp\u00e4nning (V): 12<br \/>\nVolt: 230V AC<br \/>\nAnslutningskabelns l\u00e4ngd (cm): 180<br \/>\nAnslutningskabel-specifikation: H03VVH2-F<br \/>\nAvst\u00e5nd mellan kontakt och str\u00f6mbrytare (cm): 150<br \/>\nAvst\u00e5nd str\u00f6mbrytare till produkt (cm): 30<\/p>\n<p>Reservlampa: SR-387-55.<\/p>\n","protected":false},"excerpt":{"rendered":"<p>Stilren A-formad ljusstake med kraftig tr\u00e4bas, ljuspipor av tunna metallr\u00f6r. 11st ljusk\u00e4llor, E5 lampor. F\u00e4rg: Grafit Anslutningskabelns f\u00e4rg: Textil Gr\u00e5\/Vit Ljusf\u00e4rg: Klar Bredd\/l\u00e4ngd (cm): 59,00 H\u00f6jd (cm): 50,00 Djup (cm): 8,00 Anv\u00e4ndningsomr\u00e5de: Inomhus Antal lampor: 11 Ljusk\u00e4lla ing\u00e5r: Ja Sockel: E5 Str\u00f6mbrytare: Ja Medellivsl\u00e4ngd (h): 1000 Transformator: JT-DC12V7.2W-E3 Lampans Effekt (W): 0.6 Lampans Sp\u00e4nning (V): [&hellip;]<\/p>\n","protected":false},"featured_media":11951,"comment_status":"open","ping_status":"closed","template":"","meta":{"_acf_changed":false,"_relevanssi_hide_post":"","_relevanssi_hide_content":"","_relevanssi_pin_for_all":"","_relevanssi_pin_keywords":"","_relevanssi_unpin_keywords":"","_relevanssi_related_keywords":"","_relevanssi_related_include_ids":"","_relevanssi_related_exclude_ids":"","_relevanssi_related_no_append":"","_relevanssi_related_not_related":"","_relevanssi_related_posts":"","_relevanssi_noindex_reason":""},"pwb-brand":[28728],"product_brand":[],"product_cat":[32109],"product_tag":[],"class_list":{"0":"post-108175","1":"product","2":"type-product","3":"status-publish","4":"has-post-thumbnail","6":"pwb-brand-star-trading","7":"product_cat-ljusstakar-tra","9":"first","10":"instock","11":"taxable","12":"shipping-taxable","13":"purchasable","14":"product-type-simple"},"acf":[],"yoast_head":"<!-- This site is optimized with the Yoast SEO plugin v27.5 - https:\/\/yoast.com\/product\/yoast-seo-wordpress\/ -->\n<title>Buzz 11L A-ljusstake grafit - Oy Noortrade Ab<\/title>\n<meta name=\"robots\" content=\"index, follow, max-snippet:-1, max-image-preview:large, max-video-preview:-1\" \/>\n<link rel=\"canonical\" href=\"https:\/\/shop.noor.fi\/sv\/produkt\/buzz-11l-a-ljusstake-grafit\/\" \/>\n<meta property=\"og:locale\" content=\"sv_SE\" \/>\n<meta property=\"og:type\" content=\"article\" \/>\n<meta property=\"og:title\" content=\"Buzz 11L A-ljusstake grafit - Oy Noortrade Ab\" \/>\n<meta property=\"og:description\" content=\"Stilren A-formad ljusstake med kraftig tr\u00e4bas, ljuspipor av tunna metallr\u00f6r. 11st ljusk\u00e4llor, E5 lampor. F\u00e4rg: Grafit Anslutningskabelns f\u00e4rg: Textil Gr\u00e5\/Vit Ljusf\u00e4rg: Klar Bredd\/l\u00e4ngd (cm): 59,00 H\u00f6jd (cm): 50,00 Djup (cm): 8,00 Anv\u00e4ndningsomr\u00e5de: Inomhus Antal lampor: 11 Ljusk\u00e4lla ing\u00e5r: Ja Sockel: E5 Str\u00f6mbrytare: Ja Medellivsl\u00e4ngd (h): 1000 Transformator: JT-DC12V7.2W-E3 Lampans Effekt (W): 0.6 Lampans Sp\u00e4nning (V): [&hellip;]\" \/>\n<meta property=\"og:url\" content=\"https:\/\/shop.noor.fi\/sv\/produkt\/buzz-11l-a-ljusstake-grafit\/\" \/>\n<meta property=\"og:site_name\" content=\"Oy Noortrade Ab\" \/>\n<meta property=\"article:modified_time\" content=\"2026-03-06T02:41:31+00:00\" \/>\n<meta property=\"og:image\" content=\"https:\/\/shop.noor.fi\/wp-content\/uploads\/2023\/11\/7391482055170.jpg\" \/>\n\t<meta property=\"og:image:width\" content=\"1266\" \/>\n\t<meta property=\"og:image:height\" content=\"1080\" \/>\n\t<meta property=\"og:image:type\" content=\"image\/jpeg\" \/>\n<meta name=\"twitter:card\" content=\"summary_large_image\" \/>\n<script type=\"application\/ld+json\" class=\"yoast-schema-graph\">{\"@context\":\"https:\\\/\\\/schema.org\",\"@graph\":[{\"@type\":\"WebPage\",\"@id\":\"https:\\\/\\\/shop.noor.fi\\\/sv\\\/produkt\\\/buzz-11l-a-ljusstake-grafit\\\/\",\"url\":\"https:\\\/\\\/shop.noor.fi\\\/sv\\\/produkt\\\/buzz-11l-a-ljusstake-grafit\\\/\",\"name\":\"Buzz 11L A-ljusstake grafit - Oy Noortrade Ab\",\"isPartOf\":{\"@id\":\"https:\\\/\\\/shopnoorfi-wp31835.test.cchosting.fi\\\/#website\"},\"primaryImageOfPage\":{\"@id\":\"https:\\\/\\\/shop.noor.fi\\\/sv\\\/produkt\\\/buzz-11l-a-ljusstake-grafit\\\/#primaryimage\"},\"image\":{\"@id\":\"https:\\\/\\\/shop.noor.fi\\\/sv\\\/produkt\\\/buzz-11l-a-ljusstake-grafit\\\/#primaryimage\"},\"thumbnailUrl\":\"https:\\\/\\\/shop.noor.fi\\\/wp-content\\\/uploads\\\/2023\\\/11\\\/7391482055170.jpg\",\"datePublished\":\"2023-11-03T12:00:45+00:00\",\"dateModified\":\"2026-03-06T02:41:31+00:00\",\"breadcrumb\":{\"@id\":\"https:\\\/\\\/shop.noor.fi\\\/sv\\\/produkt\\\/buzz-11l-a-ljusstake-grafit\\\/#breadcrumb\"},\"inLanguage\":\"sv-SE\",\"potentialAction\":[{\"@type\":\"ReadAction\",\"target\":[\"https:\\\/\\\/shop.noor.fi\\\/sv\\\/produkt\\\/buzz-11l-a-ljusstake-grafit\\\/\"]}]},{\"@type\":\"ImageObject\",\"inLanguage\":\"sv-SE\",\"@id\":\"https:\\\/\\\/shop.noor.fi\\\/sv\\\/produkt\\\/buzz-11l-a-ljusstake-grafit\\\/#primaryimage\",\"url\":\"https:\\\/\\\/shop.noor.fi\\\/wp-content\\\/uploads\\\/2023\\\/11\\\/7391482055170.jpg\",\"contentUrl\":\"https:\\\/\\\/shop.noor.fi\\\/wp-content\\\/uploads\\\/2023\\\/11\\\/7391482055170.jpg\",\"width\":1266,\"height\":1080},{\"@type\":\"BreadcrumbList\",\"@id\":\"https:\\\/\\\/shop.noor.fi\\\/sv\\\/produkt\\\/buzz-11l-a-ljusstake-grafit\\\/#breadcrumb\",\"itemListElement\":[{\"@type\":\"ListItem\",\"position\":1,\"name\":\"Etusivu\",\"item\":\"https:\\\/\\\/shop.noor.fi\\\/sv\\\/\"},{\"@type\":\"ListItem\",\"position\":2,\"name\":\"Butik\",\"item\":\"https:\\\/\\\/shopnoorfi-wp31835.test.cchosting.fi\\\/sv\\\/butik\\\/\"},{\"@type\":\"ListItem\",\"position\":3,\"name\":\"Buzz 11L A-ljusstake grafit\"}]},{\"@type\":\"WebSite\",\"@id\":\"https:\\\/\\\/shopnoorfi-wp31835.test.cchosting.fi\\\/#website\",\"url\":\"https:\\\/\\\/shopnoorfi-wp31835.test.cchosting.fi\\\/\",\"name\":\"Oy Noortrade Ab\",\"description\":\"Finnish family owned company with over 30 years of professional experience in lighting &amp; interior products import and sales - reliably.\",\"publisher\":{\"@id\":\"https:\\\/\\\/shopnoorfi-wp31835.test.cchosting.fi\\\/#organization\"},\"potentialAction\":[{\"@type\":\"SearchAction\",\"target\":{\"@type\":\"EntryPoint\",\"urlTemplate\":\"https:\\\/\\\/shopnoorfi-wp31835.test.cchosting.fi\\\/?s={search_term_string}\"},\"query-input\":{\"@type\":\"PropertyValueSpecification\",\"valueRequired\":true,\"valueName\":\"search_term_string\"}}],\"inLanguage\":\"sv-SE\"},{\"@type\":\"Organization\",\"@id\":\"https:\\\/\\\/shopnoorfi-wp31835.test.cchosting.fi\\\/#organization\",\"name\":\"Oy Noortrade Ab\",\"url\":\"https:\\\/\\\/shopnoorfi-wp31835.test.cchosting.fi\\\/\",\"logo\":{\"@type\":\"ImageObject\",\"inLanguage\":\"sv-SE\",\"@id\":\"https:\\\/\\\/shopnoorfi-wp31835.test.cchosting.fi\\\/#\\\/schema\\\/logo\\\/image\\\/\",\"url\":\"https:\\\/\\\/shop.noor.fi\\\/wp-content\\\/uploads\\\/2024\\\/01\\\/Oy-Noortrade-Ab-Corbel-VERSAL-bold-BLACK.png\",\"contentUrl\":\"https:\\\/\\\/shop.noor.fi\\\/wp-content\\\/uploads\\\/2024\\\/01\\\/Oy-Noortrade-Ab-Corbel-VERSAL-bold-BLACK.png\",\"width\":721,\"height\":177,\"caption\":\"Oy Noortrade Ab\"},\"image\":{\"@id\":\"https:\\\/\\\/shopnoorfi-wp31835.test.cchosting.fi\\\/#\\\/schema\\\/logo\\\/image\\\/\"}}]}<\/script>\n<!-- \/ Yoast SEO plugin. -->","yoast_head_json":{"title":"Buzz 11L A-ljusstake grafit - Oy Noortrade Ab","robots":{"index":"index","follow":"follow","max-snippet":"max-snippet:-1","max-image-preview":"max-image-preview:large","max-video-preview":"max-video-preview:-1"},"canonical":"https:\/\/shop.noor.fi\/sv\/produkt\/buzz-11l-a-ljusstake-grafit\/","og_locale":"sv_SE","og_type":"article","og_title":"Buzz 11L A-ljusstake grafit - Oy Noortrade Ab","og_description":"Stilren A-formad ljusstake med kraftig tr\u00e4bas, ljuspipor av tunna metallr\u00f6r. 11st ljusk\u00e4llor, E5 lampor. F\u00e4rg: Grafit Anslutningskabelns f\u00e4rg: Textil Gr\u00e5\/Vit Ljusf\u00e4rg: Klar Bredd\/l\u00e4ngd (cm): 59,00 H\u00f6jd (cm): 50,00 Djup (cm): 8,00 Anv\u00e4ndningsomr\u00e5de: Inomhus Antal lampor: 11 Ljusk\u00e4lla ing\u00e5r: Ja Sockel: E5 Str\u00f6mbrytare: Ja Medellivsl\u00e4ngd (h): 1000 Transformator: JT-DC12V7.2W-E3 Lampans Effekt (W): 0.6 Lampans Sp\u00e4nning (V): [&hellip;]","og_url":"https:\/\/shop.noor.fi\/sv\/produkt\/buzz-11l-a-ljusstake-grafit\/","og_site_name":"Oy Noortrade Ab","article_modified_time":"2026-03-06T02:41:31+00:00","og_image":[{"width":1266,"height":1080,"url":"https:\/\/shop.noor.fi\/wp-content\/uploads\/2023\/11\/7391482055170.jpg","type":"image\/jpeg"}],"twitter_card":"summary_large_image","schema":{"@context":"https:\/\/schema.org","@graph":[{"@type":"WebPage","@id":"https:\/\/shop.noor.fi\/sv\/produkt\/buzz-11l-a-ljusstake-grafit\/","url":"https:\/\/shop.noor.fi\/sv\/produkt\/buzz-11l-a-ljusstake-grafit\/","name":"Buzz 11L A-ljusstake grafit - Oy Noortrade Ab","isPartOf":{"@id":"https:\/\/shopnoorfi-wp31835.test.cchosting.fi\/#website"},"primaryImageOfPage":{"@id":"https:\/\/shop.noor.fi\/sv\/produkt\/buzz-11l-a-ljusstake-grafit\/#primaryimage"},"image":{"@id":"https:\/\/shop.noor.fi\/sv\/produkt\/buzz-11l-a-ljusstake-grafit\/#primaryimage"},"thumbnailUrl":"https:\/\/shop.noor.fi\/wp-content\/uploads\/2023\/11\/7391482055170.jpg","datePublished":"2023-11-03T12:00:45+00:00","dateModified":"2026-03-06T02:41:31+00:00","breadcrumb":{"@id":"https:\/\/shop.noor.fi\/sv\/produkt\/buzz-11l-a-ljusstake-grafit\/#breadcrumb"},"inLanguage":"sv-SE","potentialAction":[{"@type":"ReadAction","target":["https:\/\/shop.noor.fi\/sv\/produkt\/buzz-11l-a-ljusstake-grafit\/"]}]},{"@type":"ImageObject","inLanguage":"sv-SE","@id":"https:\/\/shop.noor.fi\/sv\/produkt\/buzz-11l-a-ljusstake-grafit\/#primaryimage","url":"https:\/\/shop.noor.fi\/wp-content\/uploads\/2023\/11\/7391482055170.jpg","contentUrl":"https:\/\/shop.noor.fi\/wp-content\/uploads\/2023\/11\/7391482055170.jpg","width":1266,"height":1080},{"@type":"BreadcrumbList","@id":"https:\/\/shop.noor.fi\/sv\/produkt\/buzz-11l-a-ljusstake-grafit\/#breadcrumb","itemListElement":[{"@type":"ListItem","position":1,"name":"Etusivu","item":"https:\/\/shop.noor.fi\/sv\/"},{"@type":"ListItem","position":2,"name":"Butik","item":"https:\/\/shopnoorfi-wp31835.test.cchosting.fi\/sv\/butik\/"},{"@type":"ListItem","position":3,"name":"Buzz 11L A-ljusstake grafit"}]},{"@type":"WebSite","@id":"https:\/\/shopnoorfi-wp31835.test.cchosting.fi\/#website","url":"https:\/\/shopnoorfi-wp31835.test.cchosting.fi\/","name":"Oy Noortrade Ab","description":"Finnish family owned company with over 30 years of professional experience in lighting &amp; interior products import and sales - reliably.","publisher":{"@id":"https:\/\/shopnoorfi-wp31835.test.cchosting.fi\/#organization"},"potentialAction":[{"@type":"SearchAction","target":{"@type":"EntryPoint","urlTemplate":"https:\/\/shopnoorfi-wp31835.test.cchosting.fi\/?s={search_term_string}"},"query-input":{"@type":"PropertyValueSpecification","valueRequired":true,"valueName":"search_term_string"}}],"inLanguage":"sv-SE"},{"@type":"Organization","@id":"https:\/\/shopnoorfi-wp31835.test.cchosting.fi\/#organization","name":"Oy Noortrade Ab","url":"https:\/\/shopnoorfi-wp31835.test.cchosting.fi\/","logo":{"@type":"ImageObject","inLanguage":"sv-SE","@id":"https:\/\/shopnoorfi-wp31835.test.cchosting.fi\/#\/schema\/logo\/image\/","url":"https:\/\/shop.noor.fi\/wp-content\/uploads\/2024\/01\/Oy-Noortrade-Ab-Corbel-VERSAL-bold-BLACK.png","contentUrl":"https:\/\/shop.noor.fi\/wp-content\/uploads\/2024\/01\/Oy-Noortrade-Ab-Corbel-VERSAL-bold-BLACK.png","width":721,"height":177,"caption":"Oy Noortrade Ab"},"image":{"@id":"https:\/\/shopnoorfi-wp31835.test.cchosting.fi\/#\/schema\/logo\/image\/"}}]}},"brands":[{"id":28728,"name":"Star Trading","slug":"star-trading"}],"_links":{"self":[{"href":"https:\/\/shop.noor.fi\/sv\/wp-json\/wp\/v2\/product\/108175","targetHints":{"allow":["GET"]}}],"collection":[{"href":"https:\/\/shop.noor.fi\/sv\/wp-json\/wp\/v2\/product"}],"about":[{"href":"https:\/\/shop.noor.fi\/sv\/wp-json\/wp\/v2\/types\/product"}],"replies":[{"embeddable":true,"href":"https:\/\/shop.noor.fi\/sv\/wp-json\/wp\/v2\/comments?post=108175"}],"wp:featuredmedia":[{"embeddable":true,"href":"https:\/\/shop.noor.fi\/sv\/wp-json\/wp\/v2\/media\/11951"}],"wp:attachment":[{"href":"https:\/\/shop.noor.fi\/sv\/wp-json\/wp\/v2\/media?parent=108175"}],"wp:term":[{"taxonomy":"pwb-brand","embeddable":true,"href":"https:\/\/shop.noor.fi\/sv\/wp-json\/wp\/v2\/pwb-brand?post=108175"},{"taxonomy":"product_brand","embeddable":true,"href":"https:\/\/shop.noor.fi\/sv\/wp-json\/wp\/v2\/product_brand?post=108175"},{"taxonomy":"product_cat","embeddable":true,"href":"https:\/\/shop.noor.fi\/sv\/wp-json\/wp\/v2\/product_cat?post=108175"},{"taxonomy":"product_tag","embeddable":true,"href":"https:\/\/shop.noor.fi\/sv\/wp-json\/wp\/v2\/product_tag?post=108175"}],"curies":[{"name":"wp","href":"https:\/\/api.w.org\/{rel}","templated":true}]}}