{"id":108022,"date":"2024-02-08T15:12:36","date_gmt":"2024-02-08T13:12:36","guid":{"rendered":"https:\/\/shop.noor.fi\/product\/shiny-warmwhite-ljusslinga-1200-led-24m\/"},"modified":"2026-03-09T11:53:17","modified_gmt":"2026-03-09T09:53:17","slug":"shiny-warmwhite-ljusslinga-1200-led-24m","status":"publish","type":"product","link":"https:\/\/shop.noor.fi\/sv\/produkt\/shiny-warmwhite-ljusslinga-1200-led-24m\/","title":{"rendered":"Shiny WarmWhite ljusslinga 1200 LED 24m"},"content":{"rendered":"<p>Ljusslinga med 1200 LED lampor med vackert varmvitt ljussken. Slingan \u00e4r ca 24 meter l\u00e5ng med ett avst\u00e5nd p\u00e5 2cm mellan lamporna. Perfekt f\u00f6r din tr\u00e4dg\u00e5rd.<br \/>\nSladdl\u00e4ngd 500 cm.<br \/>\nIntegrerad LED, lamporna \u00e4r ej utbytbara.<\/p>\n","protected":false},"excerpt":{"rendered":"<p>Ljusslinga med 1200 LED lampor med vackert varmvitt ljussken. Slingan \u00e4r ca 24 meter l\u00e5ng med ett avst\u00e5nd p\u00e5 2cm mellan lamporna. Perfekt f\u00f6r din tr\u00e4dg\u00e5rd. Sladdl\u00e4ngd 500 cm. Integrerad LED, lamporna \u00e4r ej utbytbara.<\/p>\n","protected":false},"featured_media":84830,"comment_status":"open","ping_status":"closed","template":"","meta":{"_acf_changed":false,"_relevanssi_hide_post":"","_relevanssi_hide_content":"","_relevanssi_pin_for_all":"","_relevanssi_pin_keywords":"","_relevanssi_unpin_keywords":"","_relevanssi_related_keywords":"","_relevanssi_related_include_ids":"","_relevanssi_related_exclude_ids":"","_relevanssi_related_no_append":"","_relevanssi_related_not_related":"","_relevanssi_related_posts":"","_relevanssi_noindex_reason":""},"pwb-brand":[28728],"product_brand":[],"product_cat":[32038],"product_tag":[],"class_list":{"0":"post-108022","1":"product","2":"type-product","3":"status-publish","4":"has-post-thumbnail","6":"pwb-brand-star-trading","7":"product_cat-dekorationsslingor","9":"first","10":"onbackorder","11":"taxable","12":"shipping-taxable","13":"purchasable","14":"product-type-simple"},"acf":[],"yoast_head":"<!-- This site is optimized with the Yoast SEO plugin v27.5 - https:\/\/yoast.com\/product\/yoast-seo-wordpress\/ -->\n<title>Shiny WarmWhite ljusslinga 1200 LED 24m - Oy Noortrade Ab<\/title>\n<meta name=\"robots\" content=\"index, follow, max-snippet:-1, max-image-preview:large, max-video-preview:-1\" \/>\n<link rel=\"canonical\" href=\"https:\/\/shop.noor.fi\/produkt\/shiny-warmwhite-valosarja-1200-led-24m\/\" \/>\n<meta property=\"og:locale\" content=\"sv_SE\" \/>\n<meta property=\"og:type\" content=\"article\" \/>\n<meta property=\"og:title\" content=\"Shiny WarmWhite ljusslinga 1200 LED 24m - Oy Noortrade Ab\" \/>\n<meta property=\"og:description\" content=\"Ljusslinga med 1200 LED lampor med vackert varmvitt ljussken. Slingan \u00e4r ca 24 meter l\u00e5ng med ett avst\u00e5nd p\u00e5 2cm mellan lamporna. Perfekt f\u00f6r din tr\u00e4dg\u00e5rd. Sladdl\u00e4ngd 500 cm. Integrerad LED, lamporna \u00e4r ej utbytbara.\" \/>\n<meta property=\"og:url\" content=\"https:\/\/shop.noor.fi\/produkt\/shiny-warmwhite-valosarja-1200-led-24m\/\" \/>\n<meta property=\"og:site_name\" content=\"Oy Noortrade Ab\" \/>\n<meta property=\"article:modified_time\" content=\"2026-03-09T09:53:17+00:00\" \/>\n<meta property=\"og:image\" content=\"https:\/\/shop.noor.fi\/wp-content\/uploads\/2024\/02\/7391482069788.jpg\" \/>\n\t<meta property=\"og:image:width\" content=\"2560\" \/>\n\t<meta property=\"og:image:height\" content=\"2059\" \/>\n\t<meta property=\"og:image:type\" content=\"image\/jpeg\" \/>\n<meta name=\"twitter:card\" content=\"summary_large_image\" \/>\n<script type=\"application\/ld+json\" class=\"yoast-schema-graph\">{\"@context\":\"https:\\\/\\\/schema.org\",\"@graph\":[{\"@type\":\"WebPage\",\"@id\":\"https:\\\/\\\/shop.noor.fi\\\/produkt\\\/shiny-warmwhite-valosarja-1200-led-24m\\\/\",\"url\":\"https:\\\/\\\/shop.noor.fi\\\/produkt\\\/shiny-warmwhite-valosarja-1200-led-24m\\\/\",\"name\":\"Shiny WarmWhite ljusslinga 1200 LED 24m - Oy Noortrade Ab\",\"isPartOf\":{\"@id\":\"https:\\\/\\\/shopnoorfi-wp31835.test.cchosting.fi\\\/#website\"},\"primaryImageOfPage\":{\"@id\":\"https:\\\/\\\/shop.noor.fi\\\/produkt\\\/shiny-warmwhite-valosarja-1200-led-24m\\\/#primaryimage\"},\"image\":{\"@id\":\"https:\\\/\\\/shop.noor.fi\\\/produkt\\\/shiny-warmwhite-valosarja-1200-led-24m\\\/#primaryimage\"},\"thumbnailUrl\":\"https:\\\/\\\/shop.noor.fi\\\/wp-content\\\/uploads\\\/2024\\\/02\\\/7391482069788.jpg\",\"datePublished\":\"2024-02-08T13:12:36+00:00\",\"dateModified\":\"2026-03-09T09:53:17+00:00\",\"breadcrumb\":{\"@id\":\"https:\\\/\\\/shop.noor.fi\\\/produkt\\\/shiny-warmwhite-valosarja-1200-led-24m\\\/#breadcrumb\"},\"inLanguage\":\"sv-SE\",\"potentialAction\":[{\"@type\":\"ReadAction\",\"target\":[\"https:\\\/\\\/shop.noor.fi\\\/produkt\\\/shiny-warmwhite-valosarja-1200-led-24m\\\/\"]}]},{\"@type\":\"ImageObject\",\"inLanguage\":\"sv-SE\",\"@id\":\"https:\\\/\\\/shop.noor.fi\\\/produkt\\\/shiny-warmwhite-valosarja-1200-led-24m\\\/#primaryimage\",\"url\":\"https:\\\/\\\/shop.noor.fi\\\/wp-content\\\/uploads\\\/2024\\\/02\\\/7391482069788.jpg\",\"contentUrl\":\"https:\\\/\\\/shop.noor.fi\\\/wp-content\\\/uploads\\\/2024\\\/02\\\/7391482069788.jpg\",\"width\":2560,\"height\":2059},{\"@type\":\"BreadcrumbList\",\"@id\":\"https:\\\/\\\/shop.noor.fi\\\/produkt\\\/shiny-warmwhite-valosarja-1200-led-24m\\\/#breadcrumb\",\"itemListElement\":[{\"@type\":\"ListItem\",\"position\":1,\"name\":\"Etusivu\",\"item\":\"https:\\\/\\\/shop.noor.fi\\\/sv\\\/\"},{\"@type\":\"ListItem\",\"position\":2,\"name\":\"Butik\",\"item\":\"https:\\\/\\\/shopnoorfi-wp31835.test.cchosting.fi\\\/sv\\\/butik\\\/\"},{\"@type\":\"ListItem\",\"position\":3,\"name\":\"Shiny WarmWhite ljusslinga 1200 LED 24m\"}]},{\"@type\":\"WebSite\",\"@id\":\"https:\\\/\\\/shopnoorfi-wp31835.test.cchosting.fi\\\/#website\",\"url\":\"https:\\\/\\\/shopnoorfi-wp31835.test.cchosting.fi\\\/\",\"name\":\"Oy Noortrade Ab\",\"description\":\"Finnish family owned company with over 30 years of professional experience in lighting &amp; interior products import and sales - reliably.\",\"publisher\":{\"@id\":\"https:\\\/\\\/shopnoorfi-wp31835.test.cchosting.fi\\\/#organization\"},\"potentialAction\":[{\"@type\":\"SearchAction\",\"target\":{\"@type\":\"EntryPoint\",\"urlTemplate\":\"https:\\\/\\\/shopnoorfi-wp31835.test.cchosting.fi\\\/?s={search_term_string}\"},\"query-input\":{\"@type\":\"PropertyValueSpecification\",\"valueRequired\":true,\"valueName\":\"search_term_string\"}}],\"inLanguage\":\"sv-SE\"},{\"@type\":\"Organization\",\"@id\":\"https:\\\/\\\/shopnoorfi-wp31835.test.cchosting.fi\\\/#organization\",\"name\":\"Oy Noortrade Ab\",\"url\":\"https:\\\/\\\/shopnoorfi-wp31835.test.cchosting.fi\\\/\",\"logo\":{\"@type\":\"ImageObject\",\"inLanguage\":\"sv-SE\",\"@id\":\"https:\\\/\\\/shopnoorfi-wp31835.test.cchosting.fi\\\/#\\\/schema\\\/logo\\\/image\\\/\",\"url\":\"https:\\\/\\\/shop.noor.fi\\\/wp-content\\\/uploads\\\/2024\\\/01\\\/Oy-Noortrade-Ab-Corbel-VERSAL-bold-BLACK.png\",\"contentUrl\":\"https:\\\/\\\/shop.noor.fi\\\/wp-content\\\/uploads\\\/2024\\\/01\\\/Oy-Noortrade-Ab-Corbel-VERSAL-bold-BLACK.png\",\"width\":721,\"height\":177,\"caption\":\"Oy Noortrade Ab\"},\"image\":{\"@id\":\"https:\\\/\\\/shopnoorfi-wp31835.test.cchosting.fi\\\/#\\\/schema\\\/logo\\\/image\\\/\"}}]}<\/script>\n<!-- \/ Yoast SEO plugin. -->","yoast_head_json":{"title":"Shiny WarmWhite ljusslinga 1200 LED 24m - Oy Noortrade Ab","robots":{"index":"index","follow":"follow","max-snippet":"max-snippet:-1","max-image-preview":"max-image-preview:large","max-video-preview":"max-video-preview:-1"},"canonical":"https:\/\/shop.noor.fi\/produkt\/shiny-warmwhite-valosarja-1200-led-24m\/","og_locale":"sv_SE","og_type":"article","og_title":"Shiny WarmWhite ljusslinga 1200 LED 24m - Oy Noortrade Ab","og_description":"Ljusslinga med 1200 LED lampor med vackert varmvitt ljussken. Slingan \u00e4r ca 24 meter l\u00e5ng med ett avst\u00e5nd p\u00e5 2cm mellan lamporna. Perfekt f\u00f6r din tr\u00e4dg\u00e5rd. Sladdl\u00e4ngd 500 cm. Integrerad LED, lamporna \u00e4r ej utbytbara.","og_url":"https:\/\/shop.noor.fi\/produkt\/shiny-warmwhite-valosarja-1200-led-24m\/","og_site_name":"Oy Noortrade Ab","article_modified_time":"2026-03-09T09:53:17+00:00","og_image":[{"width":2560,"height":2059,"url":"https:\/\/shop.noor.fi\/wp-content\/uploads\/2024\/02\/7391482069788.jpg","type":"image\/jpeg"}],"twitter_card":"summary_large_image","schema":{"@context":"https:\/\/schema.org","@graph":[{"@type":"WebPage","@id":"https:\/\/shop.noor.fi\/produkt\/shiny-warmwhite-valosarja-1200-led-24m\/","url":"https:\/\/shop.noor.fi\/produkt\/shiny-warmwhite-valosarja-1200-led-24m\/","name":"Shiny WarmWhite ljusslinga 1200 LED 24m - Oy Noortrade Ab","isPartOf":{"@id":"https:\/\/shopnoorfi-wp31835.test.cchosting.fi\/#website"},"primaryImageOfPage":{"@id":"https:\/\/shop.noor.fi\/produkt\/shiny-warmwhite-valosarja-1200-led-24m\/#primaryimage"},"image":{"@id":"https:\/\/shop.noor.fi\/produkt\/shiny-warmwhite-valosarja-1200-led-24m\/#primaryimage"},"thumbnailUrl":"https:\/\/shop.noor.fi\/wp-content\/uploads\/2024\/02\/7391482069788.jpg","datePublished":"2024-02-08T13:12:36+00:00","dateModified":"2026-03-09T09:53:17+00:00","breadcrumb":{"@id":"https:\/\/shop.noor.fi\/produkt\/shiny-warmwhite-valosarja-1200-led-24m\/#breadcrumb"},"inLanguage":"sv-SE","potentialAction":[{"@type":"ReadAction","target":["https:\/\/shop.noor.fi\/produkt\/shiny-warmwhite-valosarja-1200-led-24m\/"]}]},{"@type":"ImageObject","inLanguage":"sv-SE","@id":"https:\/\/shop.noor.fi\/produkt\/shiny-warmwhite-valosarja-1200-led-24m\/#primaryimage","url":"https:\/\/shop.noor.fi\/wp-content\/uploads\/2024\/02\/7391482069788.jpg","contentUrl":"https:\/\/shop.noor.fi\/wp-content\/uploads\/2024\/02\/7391482069788.jpg","width":2560,"height":2059},{"@type":"BreadcrumbList","@id":"https:\/\/shop.noor.fi\/produkt\/shiny-warmwhite-valosarja-1200-led-24m\/#breadcrumb","itemListElement":[{"@type":"ListItem","position":1,"name":"Etusivu","item":"https:\/\/shop.noor.fi\/sv\/"},{"@type":"ListItem","position":2,"name":"Butik","item":"https:\/\/shopnoorfi-wp31835.test.cchosting.fi\/sv\/butik\/"},{"@type":"ListItem","position":3,"name":"Shiny WarmWhite ljusslinga 1200 LED 24m"}]},{"@type":"WebSite","@id":"https:\/\/shopnoorfi-wp31835.test.cchosting.fi\/#website","url":"https:\/\/shopnoorfi-wp31835.test.cchosting.fi\/","name":"Oy Noortrade Ab","description":"Finnish family owned company with over 30 years of professional experience in lighting &amp; interior products import and sales - reliably.","publisher":{"@id":"https:\/\/shopnoorfi-wp31835.test.cchosting.fi\/#organization"},"potentialAction":[{"@type":"SearchAction","target":{"@type":"EntryPoint","urlTemplate":"https:\/\/shopnoorfi-wp31835.test.cchosting.fi\/?s={search_term_string}"},"query-input":{"@type":"PropertyValueSpecification","valueRequired":true,"valueName":"search_term_string"}}],"inLanguage":"sv-SE"},{"@type":"Organization","@id":"https:\/\/shopnoorfi-wp31835.test.cchosting.fi\/#organization","name":"Oy Noortrade Ab","url":"https:\/\/shopnoorfi-wp31835.test.cchosting.fi\/","logo":{"@type":"ImageObject","inLanguage":"sv-SE","@id":"https:\/\/shopnoorfi-wp31835.test.cchosting.fi\/#\/schema\/logo\/image\/","url":"https:\/\/shop.noor.fi\/wp-content\/uploads\/2024\/01\/Oy-Noortrade-Ab-Corbel-VERSAL-bold-BLACK.png","contentUrl":"https:\/\/shop.noor.fi\/wp-content\/uploads\/2024\/01\/Oy-Noortrade-Ab-Corbel-VERSAL-bold-BLACK.png","width":721,"height":177,"caption":"Oy Noortrade Ab"},"image":{"@id":"https:\/\/shopnoorfi-wp31835.test.cchosting.fi\/#\/schema\/logo\/image\/"}}]}},"brands":[{"id":28728,"name":"Star Trading","slug":"star-trading"}],"_links":{"self":[{"href":"https:\/\/shop.noor.fi\/sv\/wp-json\/wp\/v2\/product\/108022","targetHints":{"allow":["GET"]}}],"collection":[{"href":"https:\/\/shop.noor.fi\/sv\/wp-json\/wp\/v2\/product"}],"about":[{"href":"https:\/\/shop.noor.fi\/sv\/wp-json\/wp\/v2\/types\/product"}],"replies":[{"embeddable":true,"href":"https:\/\/shop.noor.fi\/sv\/wp-json\/wp\/v2\/comments?post=108022"}],"wp:featuredmedia":[{"embeddable":true,"href":"https:\/\/shop.noor.fi\/sv\/wp-json\/wp\/v2\/media\/84830"}],"wp:attachment":[{"href":"https:\/\/shop.noor.fi\/sv\/wp-json\/wp\/v2\/media?parent=108022"}],"wp:term":[{"taxonomy":"pwb-brand","embeddable":true,"href":"https:\/\/shop.noor.fi\/sv\/wp-json\/wp\/v2\/pwb-brand?post=108022"},{"taxonomy":"product_brand","embeddable":true,"href":"https:\/\/shop.noor.fi\/sv\/wp-json\/wp\/v2\/product_brand?post=108022"},{"taxonomy":"product_cat","embeddable":true,"href":"https:\/\/shop.noor.fi\/sv\/wp-json\/wp\/v2\/product_cat?post=108022"},{"taxonomy":"product_tag","embeddable":true,"href":"https:\/\/shop.noor.fi\/sv\/wp-json\/wp\/v2\/product_tag?post=108022"}],"curies":[{"name":"wp","href":"https:\/\/api.w.org\/{rel}","templated":true}]}}