{"id":107792,"date":"2024-03-08T14:50:14","date_gmt":"2024-03-08T12:50:14","guid":{"rendered":"https:\/\/shop.noor.fi\/product\/startkabel-system-decor\/"},"modified":"2026-04-07T15:03:30","modified_gmt":"2026-04-07T12:03:30","slug":"startkabel-system-decor","status":"publish","type":"product","link":"https:\/\/shop.noor.fi\/sv\/produkt\/startkabel-system-decor\/","title":{"rendered":"System Decor startkabel 5m transparent"},"content":{"rendered":"<p>System Decor \u00e4r en l\u00e4ttanv\u00e4nt utbyggbar ljusslinga som kan anv\u00e4ndas f\u00f6r dekorationsbelysning b\u00e5de inomhus och utomhus. System Decor produkterna har en tunn PVC kabel som \u00e4r l\u00e4tt att d\u00f6lja.<\/p>\n<p>Startkabel, l\u00e4ngd 5 meter. System Decor startkabeln kan kopplas till max 1000 LED.<\/p>\n","protected":false},"excerpt":{"rendered":"<p>System Decor \u00e4r en l\u00e4ttanv\u00e4nt utbyggbar ljusslinga som kan anv\u00e4ndas f\u00f6r dekorationsbelysning b\u00e5de inomhus och utomhus. System Decor produkterna har en tunn PVC kabel som \u00e4r l\u00e4tt att d\u00f6lja. Startkabel, l\u00e4ngd 5 meter. System Decor startkabeln kan kopplas till max 1000 LED.<\/p>\n","protected":false},"featured_media":1145,"comment_status":"open","ping_status":"closed","template":"","meta":{"_acf_changed":false,"_relevanssi_hide_post":"","_relevanssi_hide_content":"","_relevanssi_pin_for_all":"","_relevanssi_pin_keywords":"","_relevanssi_unpin_keywords":"","_relevanssi_related_keywords":"","_relevanssi_related_include_ids":"","_relevanssi_related_exclude_ids":"","_relevanssi_related_no_append":"","_relevanssi_related_not_related":"","_relevanssi_related_posts":"","_relevanssi_noindex_reason":""},"pwb-brand":[28728],"product_brand":[],"product_cat":[32138],"product_tag":[],"class_list":{"0":"post-107792","1":"product","2":"type-product","3":"status-publish","4":"has-post-thumbnail","6":"pwb-brand-star-trading","7":"product_cat-system-decor-sv","9":"first","10":"instock","11":"taxable","12":"shipping-taxable","13":"purchasable","14":"product-type-simple"},"acf":[],"yoast_head":"<!-- This site is optimized with the Yoast SEO plugin v27.5 - https:\/\/yoast.com\/product\/yoast-seo-wordpress\/ -->\n<title>System Decor startkabel 5m transparent - Oy Noortrade Ab<\/title>\n<meta name=\"robots\" content=\"index, follow, max-snippet:-1, max-image-preview:large, max-video-preview:-1\" \/>\n<link rel=\"canonical\" href=\"https:\/\/shop.noor.fi\/produkt\/start-cable-system-decor\/\" \/>\n<meta property=\"og:locale\" content=\"sv_SE\" \/>\n<meta property=\"og:type\" content=\"article\" \/>\n<meta property=\"og:title\" content=\"System Decor startkabel 5m transparent - Oy Noortrade Ab\" \/>\n<meta property=\"og:description\" content=\"System Decor \u00e4r en l\u00e4ttanv\u00e4nt utbyggbar ljusslinga som kan anv\u00e4ndas f\u00f6r dekorationsbelysning b\u00e5de inomhus och utomhus. System Decor produkterna har en tunn PVC kabel som \u00e4r l\u00e4tt att d\u00f6lja. Startkabel, l\u00e4ngd 5 meter. System Decor startkabeln kan kopplas till max 1000 LED.\" \/>\n<meta property=\"og:url\" content=\"https:\/\/shop.noor.fi\/produkt\/start-cable-system-decor\/\" \/>\n<meta property=\"og:site_name\" content=\"Oy Noortrade Ab\" \/>\n<meta property=\"article:modified_time\" content=\"2026-04-07T12:03:30+00:00\" \/>\n<meta property=\"og:image\" content=\"https:\/\/shop.noor.fi\/wp-content\/uploads\/2023\/10\/7391482018182.jpg\" \/>\n\t<meta property=\"og:image:width\" content=\"1681\" \/>\n\t<meta property=\"og:image:height\" content=\"688\" \/>\n\t<meta property=\"og:image:type\" content=\"image\/jpeg\" \/>\n<meta name=\"twitter:card\" content=\"summary_large_image\" \/>\n<script type=\"application\/ld+json\" class=\"yoast-schema-graph\">{\"@context\":\"https:\\\/\\\/schema.org\",\"@graph\":[{\"@type\":\"WebPage\",\"@id\":\"https:\\\/\\\/shop.noor.fi\\\/produkt\\\/start-cable-system-decor\\\/\",\"url\":\"https:\\\/\\\/shop.noor.fi\\\/produkt\\\/start-cable-system-decor\\\/\",\"name\":\"System Decor startkabel 5m transparent - Oy Noortrade Ab\",\"isPartOf\":{\"@id\":\"https:\\\/\\\/shopnoorfi-wp31835.test.cchosting.fi\\\/#website\"},\"primaryImageOfPage\":{\"@id\":\"https:\\\/\\\/shop.noor.fi\\\/produkt\\\/start-cable-system-decor\\\/#primaryimage\"},\"image\":{\"@id\":\"https:\\\/\\\/shop.noor.fi\\\/produkt\\\/start-cable-system-decor\\\/#primaryimage\"},\"thumbnailUrl\":\"https:\\\/\\\/shop.noor.fi\\\/wp-content\\\/uploads\\\/2023\\\/10\\\/7391482018182.jpg\",\"datePublished\":\"2024-03-08T12:50:14+00:00\",\"dateModified\":\"2026-04-07T12:03:30+00:00\",\"breadcrumb\":{\"@id\":\"https:\\\/\\\/shop.noor.fi\\\/produkt\\\/start-cable-system-decor\\\/#breadcrumb\"},\"inLanguage\":\"sv-SE\",\"potentialAction\":[{\"@type\":\"ReadAction\",\"target\":[\"https:\\\/\\\/shop.noor.fi\\\/produkt\\\/start-cable-system-decor\\\/\"]}]},{\"@type\":\"ImageObject\",\"inLanguage\":\"sv-SE\",\"@id\":\"https:\\\/\\\/shop.noor.fi\\\/produkt\\\/start-cable-system-decor\\\/#primaryimage\",\"url\":\"https:\\\/\\\/shop.noor.fi\\\/wp-content\\\/uploads\\\/2023\\\/10\\\/7391482018182.jpg\",\"contentUrl\":\"https:\\\/\\\/shop.noor.fi\\\/wp-content\\\/uploads\\\/2023\\\/10\\\/7391482018182.jpg\",\"width\":1681,\"height\":688},{\"@type\":\"BreadcrumbList\",\"@id\":\"https:\\\/\\\/shop.noor.fi\\\/produkt\\\/start-cable-system-decor\\\/#breadcrumb\",\"itemListElement\":[{\"@type\":\"ListItem\",\"position\":1,\"name\":\"Etusivu\",\"item\":\"https:\\\/\\\/shop.noor.fi\\\/sv\\\/\"},{\"@type\":\"ListItem\",\"position\":2,\"name\":\"Butik\",\"item\":\"https:\\\/\\\/shopnoorfi-wp31835.test.cchosting.fi\\\/sv\\\/butik\\\/\"},{\"@type\":\"ListItem\",\"position\":3,\"name\":\"System Decor startkabel 5m transparent\"}]},{\"@type\":\"WebSite\",\"@id\":\"https:\\\/\\\/shopnoorfi-wp31835.test.cchosting.fi\\\/#website\",\"url\":\"https:\\\/\\\/shopnoorfi-wp31835.test.cchosting.fi\\\/\",\"name\":\"Oy Noortrade Ab\",\"description\":\"Finnish family owned company with over 30 years of professional experience in lighting &amp; interior products import and sales - reliably.\",\"publisher\":{\"@id\":\"https:\\\/\\\/shopnoorfi-wp31835.test.cchosting.fi\\\/#organization\"},\"potentialAction\":[{\"@type\":\"SearchAction\",\"target\":{\"@type\":\"EntryPoint\",\"urlTemplate\":\"https:\\\/\\\/shopnoorfi-wp31835.test.cchosting.fi\\\/?s={search_term_string}\"},\"query-input\":{\"@type\":\"PropertyValueSpecification\",\"valueRequired\":true,\"valueName\":\"search_term_string\"}}],\"inLanguage\":\"sv-SE\"},{\"@type\":\"Organization\",\"@id\":\"https:\\\/\\\/shopnoorfi-wp31835.test.cchosting.fi\\\/#organization\",\"name\":\"Oy Noortrade Ab\",\"url\":\"https:\\\/\\\/shopnoorfi-wp31835.test.cchosting.fi\\\/\",\"logo\":{\"@type\":\"ImageObject\",\"inLanguage\":\"sv-SE\",\"@id\":\"https:\\\/\\\/shopnoorfi-wp31835.test.cchosting.fi\\\/#\\\/schema\\\/logo\\\/image\\\/\",\"url\":\"https:\\\/\\\/shop.noor.fi\\\/wp-content\\\/uploads\\\/2024\\\/01\\\/Oy-Noortrade-Ab-Corbel-VERSAL-bold-BLACK.png\",\"contentUrl\":\"https:\\\/\\\/shop.noor.fi\\\/wp-content\\\/uploads\\\/2024\\\/01\\\/Oy-Noortrade-Ab-Corbel-VERSAL-bold-BLACK.png\",\"width\":721,\"height\":177,\"caption\":\"Oy Noortrade Ab\"},\"image\":{\"@id\":\"https:\\\/\\\/shopnoorfi-wp31835.test.cchosting.fi\\\/#\\\/schema\\\/logo\\\/image\\\/\"}}]}<\/script>\n<!-- \/ Yoast SEO plugin. -->","yoast_head_json":{"title":"System Decor startkabel 5m transparent - Oy Noortrade Ab","robots":{"index":"index","follow":"follow","max-snippet":"max-snippet:-1","max-image-preview":"max-image-preview:large","max-video-preview":"max-video-preview:-1"},"canonical":"https:\/\/shop.noor.fi\/produkt\/start-cable-system-decor\/","og_locale":"sv_SE","og_type":"article","og_title":"System Decor startkabel 5m transparent - Oy Noortrade Ab","og_description":"System Decor \u00e4r en l\u00e4ttanv\u00e4nt utbyggbar ljusslinga som kan anv\u00e4ndas f\u00f6r dekorationsbelysning b\u00e5de inomhus och utomhus. System Decor produkterna har en tunn PVC kabel som \u00e4r l\u00e4tt att d\u00f6lja. Startkabel, l\u00e4ngd 5 meter. System Decor startkabeln kan kopplas till max 1000 LED.","og_url":"https:\/\/shop.noor.fi\/produkt\/start-cable-system-decor\/","og_site_name":"Oy Noortrade Ab","article_modified_time":"2026-04-07T12:03:30+00:00","og_image":[{"width":1681,"height":688,"url":"https:\/\/shop.noor.fi\/wp-content\/uploads\/2023\/10\/7391482018182.jpg","type":"image\/jpeg"}],"twitter_card":"summary_large_image","schema":{"@context":"https:\/\/schema.org","@graph":[{"@type":"WebPage","@id":"https:\/\/shop.noor.fi\/produkt\/start-cable-system-decor\/","url":"https:\/\/shop.noor.fi\/produkt\/start-cable-system-decor\/","name":"System Decor startkabel 5m transparent - Oy Noortrade Ab","isPartOf":{"@id":"https:\/\/shopnoorfi-wp31835.test.cchosting.fi\/#website"},"primaryImageOfPage":{"@id":"https:\/\/shop.noor.fi\/produkt\/start-cable-system-decor\/#primaryimage"},"image":{"@id":"https:\/\/shop.noor.fi\/produkt\/start-cable-system-decor\/#primaryimage"},"thumbnailUrl":"https:\/\/shop.noor.fi\/wp-content\/uploads\/2023\/10\/7391482018182.jpg","datePublished":"2024-03-08T12:50:14+00:00","dateModified":"2026-04-07T12:03:30+00:00","breadcrumb":{"@id":"https:\/\/shop.noor.fi\/produkt\/start-cable-system-decor\/#breadcrumb"},"inLanguage":"sv-SE","potentialAction":[{"@type":"ReadAction","target":["https:\/\/shop.noor.fi\/produkt\/start-cable-system-decor\/"]}]},{"@type":"ImageObject","inLanguage":"sv-SE","@id":"https:\/\/shop.noor.fi\/produkt\/start-cable-system-decor\/#primaryimage","url":"https:\/\/shop.noor.fi\/wp-content\/uploads\/2023\/10\/7391482018182.jpg","contentUrl":"https:\/\/shop.noor.fi\/wp-content\/uploads\/2023\/10\/7391482018182.jpg","width":1681,"height":688},{"@type":"BreadcrumbList","@id":"https:\/\/shop.noor.fi\/produkt\/start-cable-system-decor\/#breadcrumb","itemListElement":[{"@type":"ListItem","position":1,"name":"Etusivu","item":"https:\/\/shop.noor.fi\/sv\/"},{"@type":"ListItem","position":2,"name":"Butik","item":"https:\/\/shopnoorfi-wp31835.test.cchosting.fi\/sv\/butik\/"},{"@type":"ListItem","position":3,"name":"System Decor startkabel 5m transparent"}]},{"@type":"WebSite","@id":"https:\/\/shopnoorfi-wp31835.test.cchosting.fi\/#website","url":"https:\/\/shopnoorfi-wp31835.test.cchosting.fi\/","name":"Oy Noortrade Ab","description":"Finnish family owned company with over 30 years of professional experience in lighting &amp; interior products import and sales - reliably.","publisher":{"@id":"https:\/\/shopnoorfi-wp31835.test.cchosting.fi\/#organization"},"potentialAction":[{"@type":"SearchAction","target":{"@type":"EntryPoint","urlTemplate":"https:\/\/shopnoorfi-wp31835.test.cchosting.fi\/?s={search_term_string}"},"query-input":{"@type":"PropertyValueSpecification","valueRequired":true,"valueName":"search_term_string"}}],"inLanguage":"sv-SE"},{"@type":"Organization","@id":"https:\/\/shopnoorfi-wp31835.test.cchosting.fi\/#organization","name":"Oy Noortrade Ab","url":"https:\/\/shopnoorfi-wp31835.test.cchosting.fi\/","logo":{"@type":"ImageObject","inLanguage":"sv-SE","@id":"https:\/\/shopnoorfi-wp31835.test.cchosting.fi\/#\/schema\/logo\/image\/","url":"https:\/\/shop.noor.fi\/wp-content\/uploads\/2024\/01\/Oy-Noortrade-Ab-Corbel-VERSAL-bold-BLACK.png","contentUrl":"https:\/\/shop.noor.fi\/wp-content\/uploads\/2024\/01\/Oy-Noortrade-Ab-Corbel-VERSAL-bold-BLACK.png","width":721,"height":177,"caption":"Oy Noortrade Ab"},"image":{"@id":"https:\/\/shopnoorfi-wp31835.test.cchosting.fi\/#\/schema\/logo\/image\/"}}]}},"brands":[{"id":28728,"name":"Star Trading","slug":"star-trading"}],"_links":{"self":[{"href":"https:\/\/shop.noor.fi\/sv\/wp-json\/wp\/v2\/product\/107792","targetHints":{"allow":["GET"]}}],"collection":[{"href":"https:\/\/shop.noor.fi\/sv\/wp-json\/wp\/v2\/product"}],"about":[{"href":"https:\/\/shop.noor.fi\/sv\/wp-json\/wp\/v2\/types\/product"}],"replies":[{"embeddable":true,"href":"https:\/\/shop.noor.fi\/sv\/wp-json\/wp\/v2\/comments?post=107792"}],"wp:featuredmedia":[{"embeddable":true,"href":"https:\/\/shop.noor.fi\/sv\/wp-json\/wp\/v2\/media\/1145"}],"wp:attachment":[{"href":"https:\/\/shop.noor.fi\/sv\/wp-json\/wp\/v2\/media?parent=107792"}],"wp:term":[{"taxonomy":"pwb-brand","embeddable":true,"href":"https:\/\/shop.noor.fi\/sv\/wp-json\/wp\/v2\/pwb-brand?post=107792"},{"taxonomy":"product_brand","embeddable":true,"href":"https:\/\/shop.noor.fi\/sv\/wp-json\/wp\/v2\/product_brand?post=107792"},{"taxonomy":"product_cat","embeddable":true,"href":"https:\/\/shop.noor.fi\/sv\/wp-json\/wp\/v2\/product_cat?post=107792"},{"taxonomy":"product_tag","embeddable":true,"href":"https:\/\/shop.noor.fi\/sv\/wp-json\/wp\/v2\/product_tag?post=107792"}],"curies":[{"name":"wp","href":"https:\/\/api.w.org\/{rel}","templated":true}]}}