{"id":107721,"date":"2023-11-03T13:46:16","date_gmt":"2023-11-03T11:46:16","guid":{"rendered":"https:\/\/shop.noor.fi\/product\/wally-frost-solcellsvagglykta-6-x-14-cm\/"},"modified":"2026-03-06T11:05:20","modified_gmt":"2026-03-06T09:05:20","slug":"wally-frost-solcellsvagglykta-6-x-14-cm","status":"publish","type":"product","link":"https:\/\/shop.noor.fi\/sv\/produkt\/wally-frost-solcellsvagglykta-6-x-14-cm\/","title":{"rendered":"Wally Frost solcellsv\u00e4gglykta 6 x 14 cm"},"content":{"rendered":"<p>En v\u00e4ggbelysning som drivs med solcell. Det finns tv\u00e5 val p\u00e5 typ av ljus man vill att den ska lysa med, ON1 lyser med daylight sken, ON2 med ett varmvitt sken. Den \u00e4r fin att placera p\u00e5 en v\u00e4gg vid uteplatsen eller som staketbelysning.<br \/>\nDen frostade ytan g\u00f6r skenet behagligt.<br \/>\nPlacera belysningen s\u00e5 att solen kan n\u00e5 panelen under dagen.<br \/>\nBrinntid med fullt batteri ca 6 timmar.<br \/>\nIntegrerad LED, lampan \u00e4r ej utbytbar.<\/p>\n<p>Bredd 6 cm<br \/>\nH\u00f6jd 14 cm<br \/>\nDjup 3 cm<\/p>\n<p>Obs!<br \/>\nSolcellspanelen beh\u00f6ver riktas mot solen f\u00f6r optimal laddning av batteri<br \/>\nProdukten har en skymningsrel\u00e4 och lyser d\u00e4rf\u00f6r endast under de m\u00f6rka timmarna<\/p>\n<p>Mer information om solcellsprodukter finns i Solar-guiden under fliken Nedladdningar.<\/p>\n","protected":false},"excerpt":{"rendered":"<p>En v\u00e4ggbelysning som drivs med solcell. Det finns tv\u00e5 val p\u00e5 typ av ljus man vill att den ska lysa med, ON1 lyser med daylight sken, ON2 med ett varmvitt sken. Den \u00e4r fin att placera p\u00e5 en v\u00e4gg vid uteplatsen eller som staketbelysning. Den frostade ytan g\u00f6r skenet behagligt. Placera belysningen s\u00e5 att solen [&hellip;]<\/p>\n","protected":false},"featured_media":23867,"comment_status":"open","ping_status":"closed","template":"","meta":{"_acf_changed":false,"_relevanssi_hide_post":"","_relevanssi_hide_content":"","_relevanssi_pin_for_all":"","_relevanssi_pin_keywords":"","_relevanssi_unpin_keywords":"","_relevanssi_related_keywords":"","_relevanssi_related_include_ids":"","_relevanssi_related_exclude_ids":"","_relevanssi_related_no_append":"","_relevanssi_related_not_related":"","_relevanssi_related_posts":"","_relevanssi_noindex_reason":""},"pwb-brand":[28728],"product_brand":[],"product_cat":[32121],"product_tag":[],"class_list":{"0":"post-107721","1":"product","2":"type-product","3":"status-publish","4":"has-post-thumbnail","6":"pwb-brand-star-trading","7":"product_cat-vagglampor-sv","9":"first","10":"onbackorder","11":"taxable","12":"shipping-taxable","13":"purchasable","14":"product-type-simple"},"acf":[],"yoast_head":"<!-- This site is optimized with the Yoast SEO plugin v27.5 - https:\/\/yoast.com\/product\/yoast-seo-wordpress\/ -->\n<title>Wally Frost solcellsv\u00e4gglykta 6 x 14 cm - Oy Noortrade Ab<\/title>\n<meta name=\"robots\" content=\"index, follow, max-snippet:-1, max-image-preview:large, max-video-preview:-1\" \/>\n<link rel=\"canonical\" href=\"https:\/\/shop.noor.fi\/produkt\/wally-frost-solar-seinaval-6x14cm-kevat-2024\/\" \/>\n<meta property=\"og:locale\" content=\"sv_SE\" \/>\n<meta property=\"og:type\" content=\"article\" \/>\n<meta property=\"og:title\" content=\"Wally Frost solcellsv\u00e4gglykta 6 x 14 cm - Oy Noortrade Ab\" \/>\n<meta property=\"og:description\" content=\"En v\u00e4ggbelysning som drivs med solcell. Det finns tv\u00e5 val p\u00e5 typ av ljus man vill att den ska lysa med, ON1 lyser med daylight sken, ON2 med ett varmvitt sken. Den \u00e4r fin att placera p\u00e5 en v\u00e4gg vid uteplatsen eller som staketbelysning. Den frostade ytan g\u00f6r skenet behagligt. Placera belysningen s\u00e5 att solen [&hellip;]\" \/>\n<meta property=\"og:url\" content=\"https:\/\/shop.noor.fi\/produkt\/wally-frost-solar-seinaval-6x14cm-kevat-2024\/\" \/>\n<meta property=\"og:site_name\" content=\"Oy Noortrade Ab\" \/>\n<meta property=\"article:modified_time\" content=\"2026-03-06T09:05:20+00:00\" \/>\n<meta property=\"og:image\" content=\"https:\/\/shop.noor.fi\/wp-content\/uploads\/2023\/11\/7391482069306.jpg\" \/>\n\t<meta property=\"og:image:width\" content=\"466\" \/>\n\t<meta property=\"og:image:height\" content=\"1080\" \/>\n\t<meta property=\"og:image:type\" content=\"image\/jpeg\" \/>\n<meta name=\"twitter:card\" content=\"summary_large_image\" \/>\n<meta name=\"twitter:label1\" content=\"Ber\u00e4knad l\u00e4stid\" \/>\n\t<meta name=\"twitter:data1\" content=\"1 minut\" \/>\n<script type=\"application\/ld+json\" class=\"yoast-schema-graph\">{\"@context\":\"https:\\\/\\\/schema.org\",\"@graph\":[{\"@type\":\"WebPage\",\"@id\":\"https:\\\/\\\/shop.noor.fi\\\/produkt\\\/wally-frost-solar-seinaval-6x14cm-kevat-2024\\\/\",\"url\":\"https:\\\/\\\/shop.noor.fi\\\/produkt\\\/wally-frost-solar-seinaval-6x14cm-kevat-2024\\\/\",\"name\":\"Wally Frost solcellsv\u00e4gglykta 6 x 14 cm - Oy Noortrade Ab\",\"isPartOf\":{\"@id\":\"https:\\\/\\\/shopnoorfi-wp31835.test.cchosting.fi\\\/#website\"},\"primaryImageOfPage\":{\"@id\":\"https:\\\/\\\/shop.noor.fi\\\/produkt\\\/wally-frost-solar-seinaval-6x14cm-kevat-2024\\\/#primaryimage\"},\"image\":{\"@id\":\"https:\\\/\\\/shop.noor.fi\\\/produkt\\\/wally-frost-solar-seinaval-6x14cm-kevat-2024\\\/#primaryimage\"},\"thumbnailUrl\":\"https:\\\/\\\/shop.noor.fi\\\/wp-content\\\/uploads\\\/2023\\\/11\\\/7391482069306.jpg\",\"datePublished\":\"2023-11-03T11:46:16+00:00\",\"dateModified\":\"2026-03-06T09:05:20+00:00\",\"breadcrumb\":{\"@id\":\"https:\\\/\\\/shop.noor.fi\\\/produkt\\\/wally-frost-solar-seinaval-6x14cm-kevat-2024\\\/#breadcrumb\"},\"inLanguage\":\"sv-SE\",\"potentialAction\":[{\"@type\":\"ReadAction\",\"target\":[\"https:\\\/\\\/shop.noor.fi\\\/produkt\\\/wally-frost-solar-seinaval-6x14cm-kevat-2024\\\/\"]}]},{\"@type\":\"ImageObject\",\"inLanguage\":\"sv-SE\",\"@id\":\"https:\\\/\\\/shop.noor.fi\\\/produkt\\\/wally-frost-solar-seinaval-6x14cm-kevat-2024\\\/#primaryimage\",\"url\":\"https:\\\/\\\/shop.noor.fi\\\/wp-content\\\/uploads\\\/2023\\\/11\\\/7391482069306.jpg\",\"contentUrl\":\"https:\\\/\\\/shop.noor.fi\\\/wp-content\\\/uploads\\\/2023\\\/11\\\/7391482069306.jpg\",\"width\":466,\"height\":1080},{\"@type\":\"BreadcrumbList\",\"@id\":\"https:\\\/\\\/shop.noor.fi\\\/produkt\\\/wally-frost-solar-seinaval-6x14cm-kevat-2024\\\/#breadcrumb\",\"itemListElement\":[{\"@type\":\"ListItem\",\"position\":1,\"name\":\"Etusivu\",\"item\":\"https:\\\/\\\/shop.noor.fi\\\/sv\\\/\"},{\"@type\":\"ListItem\",\"position\":2,\"name\":\"Butik\",\"item\":\"https:\\\/\\\/shopnoorfi-wp31835.test.cchosting.fi\\\/sv\\\/butik\\\/\"},{\"@type\":\"ListItem\",\"position\":3,\"name\":\"Wally Frost solcellsv\u00e4gglykta 6 x 14 cm\"}]},{\"@type\":\"WebSite\",\"@id\":\"https:\\\/\\\/shopnoorfi-wp31835.test.cchosting.fi\\\/#website\",\"url\":\"https:\\\/\\\/shopnoorfi-wp31835.test.cchosting.fi\\\/\",\"name\":\"Oy Noortrade Ab\",\"description\":\"Finnish family owned company with over 30 years of professional experience in lighting &amp; interior products import and sales - reliably.\",\"publisher\":{\"@id\":\"https:\\\/\\\/shopnoorfi-wp31835.test.cchosting.fi\\\/#organization\"},\"potentialAction\":[{\"@type\":\"SearchAction\",\"target\":{\"@type\":\"EntryPoint\",\"urlTemplate\":\"https:\\\/\\\/shopnoorfi-wp31835.test.cchosting.fi\\\/?s={search_term_string}\"},\"query-input\":{\"@type\":\"PropertyValueSpecification\",\"valueRequired\":true,\"valueName\":\"search_term_string\"}}],\"inLanguage\":\"sv-SE\"},{\"@type\":\"Organization\",\"@id\":\"https:\\\/\\\/shopnoorfi-wp31835.test.cchosting.fi\\\/#organization\",\"name\":\"Oy Noortrade Ab\",\"url\":\"https:\\\/\\\/shopnoorfi-wp31835.test.cchosting.fi\\\/\",\"logo\":{\"@type\":\"ImageObject\",\"inLanguage\":\"sv-SE\",\"@id\":\"https:\\\/\\\/shopnoorfi-wp31835.test.cchosting.fi\\\/#\\\/schema\\\/logo\\\/image\\\/\",\"url\":\"https:\\\/\\\/shop.noor.fi\\\/wp-content\\\/uploads\\\/2024\\\/01\\\/Oy-Noortrade-Ab-Corbel-VERSAL-bold-BLACK.png\",\"contentUrl\":\"https:\\\/\\\/shop.noor.fi\\\/wp-content\\\/uploads\\\/2024\\\/01\\\/Oy-Noortrade-Ab-Corbel-VERSAL-bold-BLACK.png\",\"width\":721,\"height\":177,\"caption\":\"Oy Noortrade Ab\"},\"image\":{\"@id\":\"https:\\\/\\\/shopnoorfi-wp31835.test.cchosting.fi\\\/#\\\/schema\\\/logo\\\/image\\\/\"}}]}<\/script>\n<!-- \/ Yoast SEO plugin. -->","yoast_head_json":{"title":"Wally Frost solcellsv\u00e4gglykta 6 x 14 cm - Oy Noortrade Ab","robots":{"index":"index","follow":"follow","max-snippet":"max-snippet:-1","max-image-preview":"max-image-preview:large","max-video-preview":"max-video-preview:-1"},"canonical":"https:\/\/shop.noor.fi\/produkt\/wally-frost-solar-seinaval-6x14cm-kevat-2024\/","og_locale":"sv_SE","og_type":"article","og_title":"Wally Frost solcellsv\u00e4gglykta 6 x 14 cm - Oy Noortrade Ab","og_description":"En v\u00e4ggbelysning som drivs med solcell. Det finns tv\u00e5 val p\u00e5 typ av ljus man vill att den ska lysa med, ON1 lyser med daylight sken, ON2 med ett varmvitt sken. Den \u00e4r fin att placera p\u00e5 en v\u00e4gg vid uteplatsen eller som staketbelysning. Den frostade ytan g\u00f6r skenet behagligt. Placera belysningen s\u00e5 att solen [&hellip;]","og_url":"https:\/\/shop.noor.fi\/produkt\/wally-frost-solar-seinaval-6x14cm-kevat-2024\/","og_site_name":"Oy Noortrade Ab","article_modified_time":"2026-03-06T09:05:20+00:00","og_image":[{"width":466,"height":1080,"url":"https:\/\/shop.noor.fi\/wp-content\/uploads\/2023\/11\/7391482069306.jpg","type":"image\/jpeg"}],"twitter_card":"summary_large_image","twitter_misc":{"Ber\u00e4knad l\u00e4stid":"1 minut"},"schema":{"@context":"https:\/\/schema.org","@graph":[{"@type":"WebPage","@id":"https:\/\/shop.noor.fi\/produkt\/wally-frost-solar-seinaval-6x14cm-kevat-2024\/","url":"https:\/\/shop.noor.fi\/produkt\/wally-frost-solar-seinaval-6x14cm-kevat-2024\/","name":"Wally Frost solcellsv\u00e4gglykta 6 x 14 cm - Oy Noortrade Ab","isPartOf":{"@id":"https:\/\/shopnoorfi-wp31835.test.cchosting.fi\/#website"},"primaryImageOfPage":{"@id":"https:\/\/shop.noor.fi\/produkt\/wally-frost-solar-seinaval-6x14cm-kevat-2024\/#primaryimage"},"image":{"@id":"https:\/\/shop.noor.fi\/produkt\/wally-frost-solar-seinaval-6x14cm-kevat-2024\/#primaryimage"},"thumbnailUrl":"https:\/\/shop.noor.fi\/wp-content\/uploads\/2023\/11\/7391482069306.jpg","datePublished":"2023-11-03T11:46:16+00:00","dateModified":"2026-03-06T09:05:20+00:00","breadcrumb":{"@id":"https:\/\/shop.noor.fi\/produkt\/wally-frost-solar-seinaval-6x14cm-kevat-2024\/#breadcrumb"},"inLanguage":"sv-SE","potentialAction":[{"@type":"ReadAction","target":["https:\/\/shop.noor.fi\/produkt\/wally-frost-solar-seinaval-6x14cm-kevat-2024\/"]}]},{"@type":"ImageObject","inLanguage":"sv-SE","@id":"https:\/\/shop.noor.fi\/produkt\/wally-frost-solar-seinaval-6x14cm-kevat-2024\/#primaryimage","url":"https:\/\/shop.noor.fi\/wp-content\/uploads\/2023\/11\/7391482069306.jpg","contentUrl":"https:\/\/shop.noor.fi\/wp-content\/uploads\/2023\/11\/7391482069306.jpg","width":466,"height":1080},{"@type":"BreadcrumbList","@id":"https:\/\/shop.noor.fi\/produkt\/wally-frost-solar-seinaval-6x14cm-kevat-2024\/#breadcrumb","itemListElement":[{"@type":"ListItem","position":1,"name":"Etusivu","item":"https:\/\/shop.noor.fi\/sv\/"},{"@type":"ListItem","position":2,"name":"Butik","item":"https:\/\/shopnoorfi-wp31835.test.cchosting.fi\/sv\/butik\/"},{"@type":"ListItem","position":3,"name":"Wally Frost solcellsv\u00e4gglykta 6 x 14 cm"}]},{"@type":"WebSite","@id":"https:\/\/shopnoorfi-wp31835.test.cchosting.fi\/#website","url":"https:\/\/shopnoorfi-wp31835.test.cchosting.fi\/","name":"Oy Noortrade Ab","description":"Finnish family owned company with over 30 years of professional experience in lighting &amp; interior products import and sales - reliably.","publisher":{"@id":"https:\/\/shopnoorfi-wp31835.test.cchosting.fi\/#organization"},"potentialAction":[{"@type":"SearchAction","target":{"@type":"EntryPoint","urlTemplate":"https:\/\/shopnoorfi-wp31835.test.cchosting.fi\/?s={search_term_string}"},"query-input":{"@type":"PropertyValueSpecification","valueRequired":true,"valueName":"search_term_string"}}],"inLanguage":"sv-SE"},{"@type":"Organization","@id":"https:\/\/shopnoorfi-wp31835.test.cchosting.fi\/#organization","name":"Oy Noortrade Ab","url":"https:\/\/shopnoorfi-wp31835.test.cchosting.fi\/","logo":{"@type":"ImageObject","inLanguage":"sv-SE","@id":"https:\/\/shopnoorfi-wp31835.test.cchosting.fi\/#\/schema\/logo\/image\/","url":"https:\/\/shop.noor.fi\/wp-content\/uploads\/2024\/01\/Oy-Noortrade-Ab-Corbel-VERSAL-bold-BLACK.png","contentUrl":"https:\/\/shop.noor.fi\/wp-content\/uploads\/2024\/01\/Oy-Noortrade-Ab-Corbel-VERSAL-bold-BLACK.png","width":721,"height":177,"caption":"Oy Noortrade Ab"},"image":{"@id":"https:\/\/shopnoorfi-wp31835.test.cchosting.fi\/#\/schema\/logo\/image\/"}}]}},"brands":[{"id":28728,"name":"Star Trading","slug":"star-trading"}],"_links":{"self":[{"href":"https:\/\/shop.noor.fi\/sv\/wp-json\/wp\/v2\/product\/107721","targetHints":{"allow":["GET"]}}],"collection":[{"href":"https:\/\/shop.noor.fi\/sv\/wp-json\/wp\/v2\/product"}],"about":[{"href":"https:\/\/shop.noor.fi\/sv\/wp-json\/wp\/v2\/types\/product"}],"replies":[{"embeddable":true,"href":"https:\/\/shop.noor.fi\/sv\/wp-json\/wp\/v2\/comments?post=107721"}],"wp:featuredmedia":[{"embeddable":true,"href":"https:\/\/shop.noor.fi\/sv\/wp-json\/wp\/v2\/media\/23867"}],"wp:attachment":[{"href":"https:\/\/shop.noor.fi\/sv\/wp-json\/wp\/v2\/media?parent=107721"}],"wp:term":[{"taxonomy":"pwb-brand","embeddable":true,"href":"https:\/\/shop.noor.fi\/sv\/wp-json\/wp\/v2\/pwb-brand?post=107721"},{"taxonomy":"product_brand","embeddable":true,"href":"https:\/\/shop.noor.fi\/sv\/wp-json\/wp\/v2\/product_brand?post=107721"},{"taxonomy":"product_cat","embeddable":true,"href":"https:\/\/shop.noor.fi\/sv\/wp-json\/wp\/v2\/product_cat?post=107721"},{"taxonomy":"product_tag","embeddable":true,"href":"https:\/\/shop.noor.fi\/sv\/wp-json\/wp\/v2\/product_tag?post=107721"}],"curies":[{"name":"wp","href":"https:\/\/api.w.org\/{rel}","templated":true}]}}