{"id":107625,"date":"2023-11-01T18:43:30","date_gmt":"2023-11-01T16:43:30","guid":{"rendered":"https:\/\/shop.noor.fi\/product\/globy-solar-decoration\/"},"modified":"2026-03-31T16:04:33","modified_gmt":"2026-03-31T13:04:33","slug":"globy-solar-decoration","status":"publish","type":"product","link":"https:\/\/shop.noor.fi\/sv\/produkt\/globy-solar-decoration\/","title":{"rendered":"Globy solcellsdekoration 25 cm vit"},"content":{"rendered":"<p>Solcellsdriven dekorationsboll som \u00e4r fin att s\u00e4tta vid uteplatsen eller p\u00e5 balkongen. Lyser med varmvitt sken n\u00e4r m\u00f6rkret faller.<br \/>\nPlacera dekorationen s\u00e5 att solen kan n\u00e5 solpanelen under dagen.<br \/>\nBrinntid med fullt batteri ca 5 timmar.<br \/>\nIntegrerad LED, lampan \u00e4r ej utbytbar.<\/p>\n<p>Diameter 25 cm<br \/>\nH\u00f6jd 23 cm<\/p>\n<p>Obs!<br \/>\nSolcellspanelen beh\u00f6ver riktas mot solen f\u00f6r optimal laddning av batteri<br \/>\nProdukten har en skymningsrel\u00e4 och lyser d\u00e4rf\u00f6r endast under de m\u00f6rka timmarna<\/p>\n<p>Mer information om solcellsprodukter finns i Solar-guiden under fliken Nedladdningar.<\/p>\n","protected":false},"excerpt":{"rendered":"<p>Solcellsdriven dekorationsboll som \u00e4r fin att s\u00e4tta vid uteplatsen eller p\u00e5 balkongen. Lyser med varmvitt sken n\u00e4r m\u00f6rkret faller. Placera dekorationen s\u00e5 att solen kan n\u00e5 solpanelen under dagen. Brinntid med fullt batteri ca 5 timmar. Integrerad LED, lampan \u00e4r ej utbytbar. Diameter 25 cm H\u00f6jd 23 cm Obs! Solcellspanelen beh\u00f6ver riktas mot solen f\u00f6r [&hellip;]<\/p>\n","protected":false},"featured_media":9060,"comment_status":"open","ping_status":"closed","template":"","meta":{"_acf_changed":false,"_relevanssi_hide_post":"","_relevanssi_hide_content":"","_relevanssi_pin_for_all":"","_relevanssi_pin_keywords":"","_relevanssi_unpin_keywords":"","_relevanssi_related_keywords":"","_relevanssi_related_include_ids":"","_relevanssi_related_exclude_ids":"","_relevanssi_related_no_append":"","_relevanssi_related_not_related":"","_relevanssi_related_posts":"","_relevanssi_noindex_reason":""},"pwb-brand":[28728],"product_brand":[],"product_cat":[32037],"product_tag":[],"class_list":{"0":"post-107625","1":"product","2":"type-product","3":"status-publish","4":"has-post-thumbnail","6":"pwb-brand-star-trading","7":"product_cat-dekoration-ovrigt","9":"first","10":"instock","11":"taxable","12":"shipping-taxable","13":"purchasable","14":"product-type-simple"},"acf":[],"yoast_head":"<!-- This site is optimized with the Yoast SEO plugin v27.5 - https:\/\/yoast.com\/product\/yoast-seo-wordpress\/ -->\n<title>Globy solcellsdekoration 25 cm vit - Oy Noortrade Ab<\/title>\n<meta name=\"robots\" content=\"index, follow, max-snippet:-1, max-image-preview:large, max-video-preview:-1\" \/>\n<link rel=\"canonical\" href=\"https:\/\/shop.noor.fi\/sv\/produkt\/globy-solar-decoration\/\" \/>\n<meta property=\"og:locale\" content=\"sv_SE\" \/>\n<meta property=\"og:type\" content=\"article\" \/>\n<meta property=\"og:title\" content=\"Globy solcellsdekoration 25 cm vit - Oy Noortrade Ab\" \/>\n<meta property=\"og:description\" content=\"Solcellsdriven dekorationsboll som \u00e4r fin att s\u00e4tta vid uteplatsen eller p\u00e5 balkongen. Lyser med varmvitt sken n\u00e4r m\u00f6rkret faller. Placera dekorationen s\u00e5 att solen kan n\u00e5 solpanelen under dagen. Brinntid med fullt batteri ca 5 timmar. Integrerad LED, lampan \u00e4r ej utbytbar. Diameter 25 cm H\u00f6jd 23 cm Obs! Solcellspanelen beh\u00f6ver riktas mot solen f\u00f6r [&hellip;]\" \/>\n<meta property=\"og:url\" content=\"https:\/\/shop.noor.fi\/sv\/produkt\/globy-solar-decoration\/\" \/>\n<meta property=\"og:site_name\" content=\"Oy Noortrade Ab\" \/>\n<meta property=\"article:modified_time\" content=\"2026-03-31T13:04:33+00:00\" \/>\n<meta property=\"og:image\" content=\"https:\/\/shop.noor.fi\/wp-content\/uploads\/2023\/10\/7391482041975.jpg\" \/>\n\t<meta property=\"og:image:width\" content=\"836\" \/>\n\t<meta property=\"og:image:height\" content=\"1080\" \/>\n\t<meta property=\"og:image:type\" content=\"image\/jpeg\" \/>\n<meta name=\"twitter:card\" content=\"summary_large_image\" \/>\n<script type=\"application\/ld+json\" class=\"yoast-schema-graph\">{\"@context\":\"https:\\\/\\\/schema.org\",\"@graph\":[{\"@type\":\"WebPage\",\"@id\":\"https:\\\/\\\/shop.noor.fi\\\/sv\\\/produkt\\\/globy-solar-decoration\\\/\",\"url\":\"https:\\\/\\\/shop.noor.fi\\\/sv\\\/produkt\\\/globy-solar-decoration\\\/\",\"name\":\"Globy solcellsdekoration 25 cm vit - Oy Noortrade Ab\",\"isPartOf\":{\"@id\":\"https:\\\/\\\/shopnoorfi-wp31835.test.cchosting.fi\\\/#website\"},\"primaryImageOfPage\":{\"@id\":\"https:\\\/\\\/shop.noor.fi\\\/sv\\\/produkt\\\/globy-solar-decoration\\\/#primaryimage\"},\"image\":{\"@id\":\"https:\\\/\\\/shop.noor.fi\\\/sv\\\/produkt\\\/globy-solar-decoration\\\/#primaryimage\"},\"thumbnailUrl\":\"https:\\\/\\\/shop.noor.fi\\\/wp-content\\\/uploads\\\/2023\\\/10\\\/7391482041975.jpg\",\"datePublished\":\"2023-11-01T16:43:30+00:00\",\"dateModified\":\"2026-03-31T13:04:33+00:00\",\"breadcrumb\":{\"@id\":\"https:\\\/\\\/shop.noor.fi\\\/sv\\\/produkt\\\/globy-solar-decoration\\\/#breadcrumb\"},\"inLanguage\":\"sv-SE\",\"potentialAction\":[{\"@type\":\"ReadAction\",\"target\":[\"https:\\\/\\\/shop.noor.fi\\\/sv\\\/produkt\\\/globy-solar-decoration\\\/\"]}]},{\"@type\":\"ImageObject\",\"inLanguage\":\"sv-SE\",\"@id\":\"https:\\\/\\\/shop.noor.fi\\\/sv\\\/produkt\\\/globy-solar-decoration\\\/#primaryimage\",\"url\":\"https:\\\/\\\/shop.noor.fi\\\/wp-content\\\/uploads\\\/2023\\\/10\\\/7391482041975.jpg\",\"contentUrl\":\"https:\\\/\\\/shop.noor.fi\\\/wp-content\\\/uploads\\\/2023\\\/10\\\/7391482041975.jpg\",\"width\":836,\"height\":1080},{\"@type\":\"BreadcrumbList\",\"@id\":\"https:\\\/\\\/shop.noor.fi\\\/sv\\\/produkt\\\/globy-solar-decoration\\\/#breadcrumb\",\"itemListElement\":[{\"@type\":\"ListItem\",\"position\":1,\"name\":\"Etusivu\",\"item\":\"https:\\\/\\\/shop.noor.fi\\\/sv\\\/\"},{\"@type\":\"ListItem\",\"position\":2,\"name\":\"Butik\",\"item\":\"https:\\\/\\\/shopnoorfi-wp31835.test.cchosting.fi\\\/sv\\\/butik\\\/\"},{\"@type\":\"ListItem\",\"position\":3,\"name\":\"Globy solcellsdekoration 25 cm vit\"}]},{\"@type\":\"WebSite\",\"@id\":\"https:\\\/\\\/shopnoorfi-wp31835.test.cchosting.fi\\\/#website\",\"url\":\"https:\\\/\\\/shopnoorfi-wp31835.test.cchosting.fi\\\/\",\"name\":\"Oy Noortrade Ab\",\"description\":\"Finnish family owned company with over 30 years of professional experience in lighting &amp; interior products import and sales - reliably.\",\"publisher\":{\"@id\":\"https:\\\/\\\/shopnoorfi-wp31835.test.cchosting.fi\\\/#organization\"},\"potentialAction\":[{\"@type\":\"SearchAction\",\"target\":{\"@type\":\"EntryPoint\",\"urlTemplate\":\"https:\\\/\\\/shopnoorfi-wp31835.test.cchosting.fi\\\/?s={search_term_string}\"},\"query-input\":{\"@type\":\"PropertyValueSpecification\",\"valueRequired\":true,\"valueName\":\"search_term_string\"}}],\"inLanguage\":\"sv-SE\"},{\"@type\":\"Organization\",\"@id\":\"https:\\\/\\\/shopnoorfi-wp31835.test.cchosting.fi\\\/#organization\",\"name\":\"Oy Noortrade Ab\",\"url\":\"https:\\\/\\\/shopnoorfi-wp31835.test.cchosting.fi\\\/\",\"logo\":{\"@type\":\"ImageObject\",\"inLanguage\":\"sv-SE\",\"@id\":\"https:\\\/\\\/shopnoorfi-wp31835.test.cchosting.fi\\\/#\\\/schema\\\/logo\\\/image\\\/\",\"url\":\"https:\\\/\\\/shop.noor.fi\\\/wp-content\\\/uploads\\\/2024\\\/01\\\/Oy-Noortrade-Ab-Corbel-VERSAL-bold-BLACK.png\",\"contentUrl\":\"https:\\\/\\\/shop.noor.fi\\\/wp-content\\\/uploads\\\/2024\\\/01\\\/Oy-Noortrade-Ab-Corbel-VERSAL-bold-BLACK.png\",\"width\":721,\"height\":177,\"caption\":\"Oy Noortrade Ab\"},\"image\":{\"@id\":\"https:\\\/\\\/shopnoorfi-wp31835.test.cchosting.fi\\\/#\\\/schema\\\/logo\\\/image\\\/\"}}]}<\/script>\n<!-- \/ Yoast SEO plugin. -->","yoast_head_json":{"title":"Globy solcellsdekoration 25 cm vit - Oy Noortrade Ab","robots":{"index":"index","follow":"follow","max-snippet":"max-snippet:-1","max-image-preview":"max-image-preview:large","max-video-preview":"max-video-preview:-1"},"canonical":"https:\/\/shop.noor.fi\/sv\/produkt\/globy-solar-decoration\/","og_locale":"sv_SE","og_type":"article","og_title":"Globy solcellsdekoration 25 cm vit - Oy Noortrade Ab","og_description":"Solcellsdriven dekorationsboll som \u00e4r fin att s\u00e4tta vid uteplatsen eller p\u00e5 balkongen. Lyser med varmvitt sken n\u00e4r m\u00f6rkret faller. Placera dekorationen s\u00e5 att solen kan n\u00e5 solpanelen under dagen. Brinntid med fullt batteri ca 5 timmar. Integrerad LED, lampan \u00e4r ej utbytbar. Diameter 25 cm H\u00f6jd 23 cm Obs! Solcellspanelen beh\u00f6ver riktas mot solen f\u00f6r [&hellip;]","og_url":"https:\/\/shop.noor.fi\/sv\/produkt\/globy-solar-decoration\/","og_site_name":"Oy Noortrade Ab","article_modified_time":"2026-03-31T13:04:33+00:00","og_image":[{"width":836,"height":1080,"url":"https:\/\/shop.noor.fi\/wp-content\/uploads\/2023\/10\/7391482041975.jpg","type":"image\/jpeg"}],"twitter_card":"summary_large_image","schema":{"@context":"https:\/\/schema.org","@graph":[{"@type":"WebPage","@id":"https:\/\/shop.noor.fi\/sv\/produkt\/globy-solar-decoration\/","url":"https:\/\/shop.noor.fi\/sv\/produkt\/globy-solar-decoration\/","name":"Globy solcellsdekoration 25 cm vit - Oy Noortrade Ab","isPartOf":{"@id":"https:\/\/shopnoorfi-wp31835.test.cchosting.fi\/#website"},"primaryImageOfPage":{"@id":"https:\/\/shop.noor.fi\/sv\/produkt\/globy-solar-decoration\/#primaryimage"},"image":{"@id":"https:\/\/shop.noor.fi\/sv\/produkt\/globy-solar-decoration\/#primaryimage"},"thumbnailUrl":"https:\/\/shop.noor.fi\/wp-content\/uploads\/2023\/10\/7391482041975.jpg","datePublished":"2023-11-01T16:43:30+00:00","dateModified":"2026-03-31T13:04:33+00:00","breadcrumb":{"@id":"https:\/\/shop.noor.fi\/sv\/produkt\/globy-solar-decoration\/#breadcrumb"},"inLanguage":"sv-SE","potentialAction":[{"@type":"ReadAction","target":["https:\/\/shop.noor.fi\/sv\/produkt\/globy-solar-decoration\/"]}]},{"@type":"ImageObject","inLanguage":"sv-SE","@id":"https:\/\/shop.noor.fi\/sv\/produkt\/globy-solar-decoration\/#primaryimage","url":"https:\/\/shop.noor.fi\/wp-content\/uploads\/2023\/10\/7391482041975.jpg","contentUrl":"https:\/\/shop.noor.fi\/wp-content\/uploads\/2023\/10\/7391482041975.jpg","width":836,"height":1080},{"@type":"BreadcrumbList","@id":"https:\/\/shop.noor.fi\/sv\/produkt\/globy-solar-decoration\/#breadcrumb","itemListElement":[{"@type":"ListItem","position":1,"name":"Etusivu","item":"https:\/\/shop.noor.fi\/sv\/"},{"@type":"ListItem","position":2,"name":"Butik","item":"https:\/\/shopnoorfi-wp31835.test.cchosting.fi\/sv\/butik\/"},{"@type":"ListItem","position":3,"name":"Globy solcellsdekoration 25 cm vit"}]},{"@type":"WebSite","@id":"https:\/\/shopnoorfi-wp31835.test.cchosting.fi\/#website","url":"https:\/\/shopnoorfi-wp31835.test.cchosting.fi\/","name":"Oy Noortrade Ab","description":"Finnish family owned company with over 30 years of professional experience in lighting &amp; interior products import and sales - reliably.","publisher":{"@id":"https:\/\/shopnoorfi-wp31835.test.cchosting.fi\/#organization"},"potentialAction":[{"@type":"SearchAction","target":{"@type":"EntryPoint","urlTemplate":"https:\/\/shopnoorfi-wp31835.test.cchosting.fi\/?s={search_term_string}"},"query-input":{"@type":"PropertyValueSpecification","valueRequired":true,"valueName":"search_term_string"}}],"inLanguage":"sv-SE"},{"@type":"Organization","@id":"https:\/\/shopnoorfi-wp31835.test.cchosting.fi\/#organization","name":"Oy Noortrade Ab","url":"https:\/\/shopnoorfi-wp31835.test.cchosting.fi\/","logo":{"@type":"ImageObject","inLanguage":"sv-SE","@id":"https:\/\/shopnoorfi-wp31835.test.cchosting.fi\/#\/schema\/logo\/image\/","url":"https:\/\/shop.noor.fi\/wp-content\/uploads\/2024\/01\/Oy-Noortrade-Ab-Corbel-VERSAL-bold-BLACK.png","contentUrl":"https:\/\/shop.noor.fi\/wp-content\/uploads\/2024\/01\/Oy-Noortrade-Ab-Corbel-VERSAL-bold-BLACK.png","width":721,"height":177,"caption":"Oy Noortrade Ab"},"image":{"@id":"https:\/\/shopnoorfi-wp31835.test.cchosting.fi\/#\/schema\/logo\/image\/"}}]}},"brands":[{"id":28728,"name":"Star Trading","slug":"star-trading"}],"_links":{"self":[{"href":"https:\/\/shop.noor.fi\/sv\/wp-json\/wp\/v2\/product\/107625","targetHints":{"allow":["GET"]}}],"collection":[{"href":"https:\/\/shop.noor.fi\/sv\/wp-json\/wp\/v2\/product"}],"about":[{"href":"https:\/\/shop.noor.fi\/sv\/wp-json\/wp\/v2\/types\/product"}],"replies":[{"embeddable":true,"href":"https:\/\/shop.noor.fi\/sv\/wp-json\/wp\/v2\/comments?post=107625"}],"wp:featuredmedia":[{"embeddable":true,"href":"https:\/\/shop.noor.fi\/sv\/wp-json\/wp\/v2\/media\/9060"}],"wp:attachment":[{"href":"https:\/\/shop.noor.fi\/sv\/wp-json\/wp\/v2\/media?parent=107625"}],"wp:term":[{"taxonomy":"pwb-brand","embeddable":true,"href":"https:\/\/shop.noor.fi\/sv\/wp-json\/wp\/v2\/pwb-brand?post=107625"},{"taxonomy":"product_brand","embeddable":true,"href":"https:\/\/shop.noor.fi\/sv\/wp-json\/wp\/v2\/product_brand?post=107625"},{"taxonomy":"product_cat","embeddable":true,"href":"https:\/\/shop.noor.fi\/sv\/wp-json\/wp\/v2\/product_cat?post=107625"},{"taxonomy":"product_tag","embeddable":true,"href":"https:\/\/shop.noor.fi\/sv\/wp-json\/wp\/v2\/product_tag?post=107625"}],"curies":[{"name":"wp","href":"https:\/\/api.w.org\/{rel}","templated":true}]}}