{"id":107579,"date":"2024-03-08T14:44:58","date_gmt":"2024-03-08T12:44:58","guid":{"rendered":"https:\/\/shop.noor.fi\/product\/valta-solar-vagglykta\/"},"modified":"2026-04-02T15:31:16","modified_gmt":"2026-04-02T12:31:16","slug":"valta-solar-vagglykta","status":"publish","type":"product","link":"https:\/\/shop.noor.fi\/sv\/produkt\/valta-solar-vagglykta\/","title":{"rendered":"Valta solcellsv\u00e4gglampa grafit"},"content":{"rendered":"<p>Solcellsdriven v\u00e4ggbelysning med r\u00f6relsesensor och en varmvit LED-ljusk\u00e4lla. V\u00e4ggbelysningen lyser med 15 lumen n\u00e4r m\u00f6rkret faller. N\u00e4r r\u00f6relsesensorn detekterar r\u00f6relse \u00f6kar ljusfl\u00f6det till 400 lumen, och efter 30 sekunder g\u00e5r ner till 15 lumen igen.<br \/>\nPlacera belysningen s\u00e5 att solen kan n\u00e5 panelen under dagen.<br \/>\nBrinntid med fullt batteri ca 5 timmar.<br \/>\nIntegrerad LED, lampan \u00e4r ej utbytbar.<\/p>\n<p>Bredd 16 cm<br \/>\nDjup 20 cm<br \/>\nH\u00f6jd 16 cm<\/p>\n<p>Obs!<br \/>\nSolcellspanelen beh\u00f6ver riktas mot solen f\u00f6r optimal laddning av batteri<br \/>\nProdukten har en skymningsrel\u00e4 och lyser d\u00e4rf\u00f6r endast under de m\u00f6rka timmarna<\/p>\n<p>Mer information om solcellsprodukter finns i Solar-guiden under fliken Nedladdningar.<\/p>\n","protected":false},"excerpt":{"rendered":"<p>Solcellsdriven v\u00e4ggbelysning med r\u00f6relsesensor och en varmvit LED-ljusk\u00e4lla. V\u00e4ggbelysningen lyser med 15 lumen n\u00e4r m\u00f6rkret faller. N\u00e4r r\u00f6relsesensorn detekterar r\u00f6relse \u00f6kar ljusfl\u00f6det till 400 lumen, och efter 30 sekunder g\u00e5r ner till 15 lumen igen. Placera belysningen s\u00e5 att solen kan n\u00e5 panelen under dagen. Brinntid med fullt batteri ca 5 timmar. Integrerad LED, lampan [&hellip;]<\/p>\n","protected":false},"featured_media":7318,"comment_status":"open","ping_status":"closed","template":"","meta":{"_acf_changed":false,"_relevanssi_hide_post":"","_relevanssi_hide_content":"","_relevanssi_pin_for_all":"","_relevanssi_pin_keywords":"","_relevanssi_unpin_keywords":"","_relevanssi_related_keywords":"","_relevanssi_related_include_ids":"","_relevanssi_related_exclude_ids":"","_relevanssi_related_no_append":"","_relevanssi_related_not_related":"","_relevanssi_related_posts":"","_relevanssi_noindex_reason":""},"pwb-brand":[28728],"product_brand":[],"product_cat":[32121],"product_tag":[],"class_list":{"0":"post-107579","1":"product","2":"type-product","3":"status-publish","4":"has-post-thumbnail","6":"pwb-brand-star-trading","7":"product_cat-vagglampor-sv","9":"first","10":"instock","11":"taxable","12":"shipping-taxable","13":"purchasable","14":"product-type-simple"},"acf":[],"yoast_head":"<!-- This site is optimized with the Yoast SEO plugin v27.5 - https:\/\/yoast.com\/product\/yoast-seo-wordpress\/ -->\n<title>Valta solcellsv\u00e4gglampa grafit - Oy Noortrade Ab<\/title>\n<meta name=\"robots\" content=\"index, follow, max-snippet:-1, max-image-preview:large, max-video-preview:-1\" \/>\n<link rel=\"canonical\" href=\"https:\/\/shop.noor.fi\/sv\/produkt\/valta-solar-vagglykta\/\" \/>\n<meta property=\"og:locale\" content=\"sv_SE\" \/>\n<meta property=\"og:type\" content=\"article\" \/>\n<meta property=\"og:title\" content=\"Valta solcellsv\u00e4gglampa grafit - Oy Noortrade Ab\" \/>\n<meta property=\"og:description\" content=\"Solcellsdriven v\u00e4ggbelysning med r\u00f6relsesensor och en varmvit LED-ljusk\u00e4lla. V\u00e4ggbelysningen lyser med 15 lumen n\u00e4r m\u00f6rkret faller. N\u00e4r r\u00f6relsesensorn detekterar r\u00f6relse \u00f6kar ljusfl\u00f6det till 400 lumen, och efter 30 sekunder g\u00e5r ner till 15 lumen igen. Placera belysningen s\u00e5 att solen kan n\u00e5 panelen under dagen. Brinntid med fullt batteri ca 5 timmar. Integrerad LED, lampan [&hellip;]\" \/>\n<meta property=\"og:url\" content=\"https:\/\/shop.noor.fi\/sv\/produkt\/valta-solar-vagglykta\/\" \/>\n<meta property=\"og:site_name\" content=\"Oy Noortrade Ab\" \/>\n<meta property=\"article:modified_time\" content=\"2026-04-02T12:31:16+00:00\" \/>\n<meta property=\"og:image\" content=\"https:\/\/shop.noor.fi\/wp-content\/uploads\/2023\/10\/7391482047373.jpg\" \/>\n\t<meta property=\"og:image:width\" content=\"1037\" \/>\n\t<meta property=\"og:image:height\" content=\"1080\" \/>\n\t<meta property=\"og:image:type\" content=\"image\/jpeg\" \/>\n<meta name=\"twitter:card\" content=\"summary_large_image\" \/>\n<meta name=\"twitter:label1\" content=\"Ber\u00e4knad l\u00e4stid\" \/>\n\t<meta name=\"twitter:data1\" content=\"1 minut\" \/>\n<script type=\"application\/ld+json\" class=\"yoast-schema-graph\">{\"@context\":\"https:\\\/\\\/schema.org\",\"@graph\":[{\"@type\":\"WebPage\",\"@id\":\"https:\\\/\\\/shop.noor.fi\\\/sv\\\/produkt\\\/valta-solar-vagglykta\\\/\",\"url\":\"https:\\\/\\\/shop.noor.fi\\\/sv\\\/produkt\\\/valta-solar-vagglykta\\\/\",\"name\":\"Valta solcellsv\u00e4gglampa grafit - Oy Noortrade Ab\",\"isPartOf\":{\"@id\":\"https:\\\/\\\/shopnoorfi-wp31835.test.cchosting.fi\\\/#website\"},\"primaryImageOfPage\":{\"@id\":\"https:\\\/\\\/shop.noor.fi\\\/sv\\\/produkt\\\/valta-solar-vagglykta\\\/#primaryimage\"},\"image\":{\"@id\":\"https:\\\/\\\/shop.noor.fi\\\/sv\\\/produkt\\\/valta-solar-vagglykta\\\/#primaryimage\"},\"thumbnailUrl\":\"https:\\\/\\\/shop.noor.fi\\\/wp-content\\\/uploads\\\/2023\\\/10\\\/7391482047373.jpg\",\"datePublished\":\"2024-03-08T12:44:58+00:00\",\"dateModified\":\"2026-04-02T12:31:16+00:00\",\"breadcrumb\":{\"@id\":\"https:\\\/\\\/shop.noor.fi\\\/sv\\\/produkt\\\/valta-solar-vagglykta\\\/#breadcrumb\"},\"inLanguage\":\"sv-SE\",\"potentialAction\":[{\"@type\":\"ReadAction\",\"target\":[\"https:\\\/\\\/shop.noor.fi\\\/sv\\\/produkt\\\/valta-solar-vagglykta\\\/\"]}]},{\"@type\":\"ImageObject\",\"inLanguage\":\"sv-SE\",\"@id\":\"https:\\\/\\\/shop.noor.fi\\\/sv\\\/produkt\\\/valta-solar-vagglykta\\\/#primaryimage\",\"url\":\"https:\\\/\\\/shop.noor.fi\\\/wp-content\\\/uploads\\\/2023\\\/10\\\/7391482047373.jpg\",\"contentUrl\":\"https:\\\/\\\/shop.noor.fi\\\/wp-content\\\/uploads\\\/2023\\\/10\\\/7391482047373.jpg\",\"width\":1037,\"height\":1080},{\"@type\":\"BreadcrumbList\",\"@id\":\"https:\\\/\\\/shop.noor.fi\\\/sv\\\/produkt\\\/valta-solar-vagglykta\\\/#breadcrumb\",\"itemListElement\":[{\"@type\":\"ListItem\",\"position\":1,\"name\":\"Etusivu\",\"item\":\"https:\\\/\\\/shop.noor.fi\\\/sv\\\/\"},{\"@type\":\"ListItem\",\"position\":2,\"name\":\"Butik\",\"item\":\"https:\\\/\\\/shopnoorfi-wp31835.test.cchosting.fi\\\/sv\\\/butik\\\/\"},{\"@type\":\"ListItem\",\"position\":3,\"name\":\"Valta solcellsv\u00e4gglampa grafit\"}]},{\"@type\":\"WebSite\",\"@id\":\"https:\\\/\\\/shopnoorfi-wp31835.test.cchosting.fi\\\/#website\",\"url\":\"https:\\\/\\\/shopnoorfi-wp31835.test.cchosting.fi\\\/\",\"name\":\"Oy Noortrade Ab\",\"description\":\"Finnish family owned company with over 30 years of professional experience in lighting &amp; interior products import and sales - reliably.\",\"publisher\":{\"@id\":\"https:\\\/\\\/shopnoorfi-wp31835.test.cchosting.fi\\\/#organization\"},\"potentialAction\":[{\"@type\":\"SearchAction\",\"target\":{\"@type\":\"EntryPoint\",\"urlTemplate\":\"https:\\\/\\\/shopnoorfi-wp31835.test.cchosting.fi\\\/?s={search_term_string}\"},\"query-input\":{\"@type\":\"PropertyValueSpecification\",\"valueRequired\":true,\"valueName\":\"search_term_string\"}}],\"inLanguage\":\"sv-SE\"},{\"@type\":\"Organization\",\"@id\":\"https:\\\/\\\/shopnoorfi-wp31835.test.cchosting.fi\\\/#organization\",\"name\":\"Oy Noortrade Ab\",\"url\":\"https:\\\/\\\/shopnoorfi-wp31835.test.cchosting.fi\\\/\",\"logo\":{\"@type\":\"ImageObject\",\"inLanguage\":\"sv-SE\",\"@id\":\"https:\\\/\\\/shopnoorfi-wp31835.test.cchosting.fi\\\/#\\\/schema\\\/logo\\\/image\\\/\",\"url\":\"https:\\\/\\\/shop.noor.fi\\\/wp-content\\\/uploads\\\/2024\\\/01\\\/Oy-Noortrade-Ab-Corbel-VERSAL-bold-BLACK.png\",\"contentUrl\":\"https:\\\/\\\/shop.noor.fi\\\/wp-content\\\/uploads\\\/2024\\\/01\\\/Oy-Noortrade-Ab-Corbel-VERSAL-bold-BLACK.png\",\"width\":721,\"height\":177,\"caption\":\"Oy Noortrade Ab\"},\"image\":{\"@id\":\"https:\\\/\\\/shopnoorfi-wp31835.test.cchosting.fi\\\/#\\\/schema\\\/logo\\\/image\\\/\"}}]}<\/script>\n<!-- \/ Yoast SEO plugin. -->","yoast_head_json":{"title":"Valta solcellsv\u00e4gglampa grafit - Oy Noortrade Ab","robots":{"index":"index","follow":"follow","max-snippet":"max-snippet:-1","max-image-preview":"max-image-preview:large","max-video-preview":"max-video-preview:-1"},"canonical":"https:\/\/shop.noor.fi\/sv\/produkt\/valta-solar-vagglykta\/","og_locale":"sv_SE","og_type":"article","og_title":"Valta solcellsv\u00e4gglampa grafit - Oy Noortrade Ab","og_description":"Solcellsdriven v\u00e4ggbelysning med r\u00f6relsesensor och en varmvit LED-ljusk\u00e4lla. V\u00e4ggbelysningen lyser med 15 lumen n\u00e4r m\u00f6rkret faller. N\u00e4r r\u00f6relsesensorn detekterar r\u00f6relse \u00f6kar ljusfl\u00f6det till 400 lumen, och efter 30 sekunder g\u00e5r ner till 15 lumen igen. Placera belysningen s\u00e5 att solen kan n\u00e5 panelen under dagen. Brinntid med fullt batteri ca 5 timmar. Integrerad LED, lampan [&hellip;]","og_url":"https:\/\/shop.noor.fi\/sv\/produkt\/valta-solar-vagglykta\/","og_site_name":"Oy Noortrade Ab","article_modified_time":"2026-04-02T12:31:16+00:00","og_image":[{"width":1037,"height":1080,"url":"https:\/\/shop.noor.fi\/wp-content\/uploads\/2023\/10\/7391482047373.jpg","type":"image\/jpeg"}],"twitter_card":"summary_large_image","twitter_misc":{"Ber\u00e4knad l\u00e4stid":"1 minut"},"schema":{"@context":"https:\/\/schema.org","@graph":[{"@type":"WebPage","@id":"https:\/\/shop.noor.fi\/sv\/produkt\/valta-solar-vagglykta\/","url":"https:\/\/shop.noor.fi\/sv\/produkt\/valta-solar-vagglykta\/","name":"Valta solcellsv\u00e4gglampa grafit - Oy Noortrade Ab","isPartOf":{"@id":"https:\/\/shopnoorfi-wp31835.test.cchosting.fi\/#website"},"primaryImageOfPage":{"@id":"https:\/\/shop.noor.fi\/sv\/produkt\/valta-solar-vagglykta\/#primaryimage"},"image":{"@id":"https:\/\/shop.noor.fi\/sv\/produkt\/valta-solar-vagglykta\/#primaryimage"},"thumbnailUrl":"https:\/\/shop.noor.fi\/wp-content\/uploads\/2023\/10\/7391482047373.jpg","datePublished":"2024-03-08T12:44:58+00:00","dateModified":"2026-04-02T12:31:16+00:00","breadcrumb":{"@id":"https:\/\/shop.noor.fi\/sv\/produkt\/valta-solar-vagglykta\/#breadcrumb"},"inLanguage":"sv-SE","potentialAction":[{"@type":"ReadAction","target":["https:\/\/shop.noor.fi\/sv\/produkt\/valta-solar-vagglykta\/"]}]},{"@type":"ImageObject","inLanguage":"sv-SE","@id":"https:\/\/shop.noor.fi\/sv\/produkt\/valta-solar-vagglykta\/#primaryimage","url":"https:\/\/shop.noor.fi\/wp-content\/uploads\/2023\/10\/7391482047373.jpg","contentUrl":"https:\/\/shop.noor.fi\/wp-content\/uploads\/2023\/10\/7391482047373.jpg","width":1037,"height":1080},{"@type":"BreadcrumbList","@id":"https:\/\/shop.noor.fi\/sv\/produkt\/valta-solar-vagglykta\/#breadcrumb","itemListElement":[{"@type":"ListItem","position":1,"name":"Etusivu","item":"https:\/\/shop.noor.fi\/sv\/"},{"@type":"ListItem","position":2,"name":"Butik","item":"https:\/\/shopnoorfi-wp31835.test.cchosting.fi\/sv\/butik\/"},{"@type":"ListItem","position":3,"name":"Valta solcellsv\u00e4gglampa grafit"}]},{"@type":"WebSite","@id":"https:\/\/shopnoorfi-wp31835.test.cchosting.fi\/#website","url":"https:\/\/shopnoorfi-wp31835.test.cchosting.fi\/","name":"Oy Noortrade Ab","description":"Finnish family owned company with over 30 years of professional experience in lighting &amp; interior products import and sales - reliably.","publisher":{"@id":"https:\/\/shopnoorfi-wp31835.test.cchosting.fi\/#organization"},"potentialAction":[{"@type":"SearchAction","target":{"@type":"EntryPoint","urlTemplate":"https:\/\/shopnoorfi-wp31835.test.cchosting.fi\/?s={search_term_string}"},"query-input":{"@type":"PropertyValueSpecification","valueRequired":true,"valueName":"search_term_string"}}],"inLanguage":"sv-SE"},{"@type":"Organization","@id":"https:\/\/shopnoorfi-wp31835.test.cchosting.fi\/#organization","name":"Oy Noortrade Ab","url":"https:\/\/shopnoorfi-wp31835.test.cchosting.fi\/","logo":{"@type":"ImageObject","inLanguage":"sv-SE","@id":"https:\/\/shopnoorfi-wp31835.test.cchosting.fi\/#\/schema\/logo\/image\/","url":"https:\/\/shop.noor.fi\/wp-content\/uploads\/2024\/01\/Oy-Noortrade-Ab-Corbel-VERSAL-bold-BLACK.png","contentUrl":"https:\/\/shop.noor.fi\/wp-content\/uploads\/2024\/01\/Oy-Noortrade-Ab-Corbel-VERSAL-bold-BLACK.png","width":721,"height":177,"caption":"Oy Noortrade Ab"},"image":{"@id":"https:\/\/shopnoorfi-wp31835.test.cchosting.fi\/#\/schema\/logo\/image\/"}}]}},"brands":[{"id":28728,"name":"Star Trading","slug":"star-trading"}],"_links":{"self":[{"href":"https:\/\/shop.noor.fi\/sv\/wp-json\/wp\/v2\/product\/107579","targetHints":{"allow":["GET"]}}],"collection":[{"href":"https:\/\/shop.noor.fi\/sv\/wp-json\/wp\/v2\/product"}],"about":[{"href":"https:\/\/shop.noor.fi\/sv\/wp-json\/wp\/v2\/types\/product"}],"replies":[{"embeddable":true,"href":"https:\/\/shop.noor.fi\/sv\/wp-json\/wp\/v2\/comments?post=107579"}],"wp:featuredmedia":[{"embeddable":true,"href":"https:\/\/shop.noor.fi\/sv\/wp-json\/wp\/v2\/media\/7318"}],"wp:attachment":[{"href":"https:\/\/shop.noor.fi\/sv\/wp-json\/wp\/v2\/media?parent=107579"}],"wp:term":[{"taxonomy":"pwb-brand","embeddable":true,"href":"https:\/\/shop.noor.fi\/sv\/wp-json\/wp\/v2\/pwb-brand?post=107579"},{"taxonomy":"product_brand","embeddable":true,"href":"https:\/\/shop.noor.fi\/sv\/wp-json\/wp\/v2\/product_brand?post=107579"},{"taxonomy":"product_cat","embeddable":true,"href":"https:\/\/shop.noor.fi\/sv\/wp-json\/wp\/v2\/product_cat?post=107579"},{"taxonomy":"product_tag","embeddable":true,"href":"https:\/\/shop.noor.fi\/sv\/wp-json\/wp\/v2\/product_tag?post=107579"}],"curies":[{"name":"wp","href":"https:\/\/api.w.org\/{rel}","templated":true}]}}