{"id":107423,"date":"2023-11-01T18:33:36","date_gmt":"2023-11-01T16:33:36","guid":{"rendered":"https:\/\/shop.noor.fi\/product\/glow-ljusslinga-10l-gra\/"},"modified":"2026-04-08T19:11:00","modified_gmt":"2026-04-08T16:11:00","slug":"glow-ljusslinga-10l-gra","status":"publish","type":"product","link":"https:\/\/shop.noor.fi\/sv\/produkt\/glow-ljusslinga-10l-gra\/","title":{"rendered":"Glow ljusslinga 10-delad 360 cm gr\u00e5"},"content":{"rendered":"<p>Partyljusslinga med r\u00f6kf\u00e4rgade glash\u00f6ljen och 10 LED-ljusk\u00e4llor. Trivs ocks\u00e5 utomhus men under tak. Perfekt att dekorera med till vardags och fest f\u00f6r att f\u00e5 en st\u00e4mningsfull inredning.<br \/>\nF\u00e4rgtemperaturen \u00e4r 2800K.<br \/>\nSladdl\u00e4ngd 500 cm.<br \/>\nAvst\u00e5nd mellan lampor 40 cm.<br \/>\nIntegrerad LED, lamporna \u00e4r ej utbytbara.<\/p>\n<p>L\u00e4ngd 360 cm<\/p>\n","protected":false},"excerpt":{"rendered":"<p>Partyljusslinga med r\u00f6kf\u00e4rgade glash\u00f6ljen och 10 LED-ljusk\u00e4llor. Trivs ocks\u00e5 utomhus men under tak. Perfekt att dekorera med till vardags och fest f\u00f6r att f\u00e5 en st\u00e4mningsfull inredning. F\u00e4rgtemperaturen \u00e4r 2800K. Sladdl\u00e4ngd 500 cm. Avst\u00e5nd mellan lampor 40 cm. Integrerad LED, lamporna \u00e4r ej utbytbara. L\u00e4ngd 360 cm<\/p>\n","protected":false},"featured_media":6826,"comment_status":"open","ping_status":"closed","template":"","meta":{"_acf_changed":false,"_relevanssi_hide_post":"","_relevanssi_hide_content":"","_relevanssi_pin_for_all":"","_relevanssi_pin_keywords":"","_relevanssi_unpin_keywords":"","_relevanssi_related_keywords":"","_relevanssi_related_include_ids":"","_relevanssi_related_exclude_ids":"","_relevanssi_related_no_append":"","_relevanssi_related_not_related":"","_relevanssi_related_posts":"","_relevanssi_noindex_reason":""},"pwb-brand":[28728],"product_brand":[],"product_cat":[32090],"product_tag":[],"class_list":{"0":"post-107423","1":"product","2":"type-product","3":"status-publish","4":"has-post-thumbnail","6":"pwb-brand-star-trading","7":"product_cat-partyslingor","9":"first","10":"onbackorder","11":"taxable","12":"shipping-taxable","13":"purchasable","14":"product-type-simple"},"acf":[],"yoast_head":"<!-- This site is optimized with the Yoast SEO plugin v27.5 - https:\/\/yoast.com\/product\/yoast-seo-wordpress\/ -->\n<title>Glow ljusslinga 10-delad 360 cm gr\u00e5 - Oy Noortrade Ab<\/title>\n<meta name=\"robots\" content=\"index, follow, max-snippet:-1, max-image-preview:large, max-video-preview:-1\" \/>\n<link rel=\"canonical\" href=\"https:\/\/shop.noor.fi\/tuote\/glow-valosarja-10l-harmaa\/\" \/>\n<meta property=\"og:locale\" content=\"sv_SE\" \/>\n<meta property=\"og:type\" content=\"article\" \/>\n<meta property=\"og:title\" content=\"Glow ljusslinga 10-delad 360 cm gr\u00e5 - Oy Noortrade Ab\" \/>\n<meta property=\"og:description\" content=\"Partyljusslinga med r\u00f6kf\u00e4rgade glash\u00f6ljen och 10 LED-ljusk\u00e4llor. Trivs ocks\u00e5 utomhus men under tak. Perfekt att dekorera med till vardags och fest f\u00f6r att f\u00e5 en st\u00e4mningsfull inredning. F\u00e4rgtemperaturen \u00e4r 2800K. Sladdl\u00e4ngd 500 cm. Avst\u00e5nd mellan lampor 40 cm. Integrerad LED, lamporna \u00e4r ej utbytbara. L\u00e4ngd 360 cm\" \/>\n<meta property=\"og:url\" content=\"https:\/\/shop.noor.fi\/tuote\/glow-valosarja-10l-harmaa\/\" \/>\n<meta property=\"og:site_name\" content=\"Oy Noortrade Ab\" \/>\n<meta property=\"article:modified_time\" content=\"2026-04-08T16:11:00+00:00\" \/>\n<meta property=\"og:image\" content=\"https:\/\/shop.noor.fi\/wp-content\/uploads\/2023\/10\/7391482048462.jpg\" \/>\n\t<meta property=\"og:image:width\" content=\"1920\" \/>\n\t<meta property=\"og:image:height\" content=\"424\" \/>\n\t<meta property=\"og:image:type\" content=\"image\/jpeg\" \/>\n<meta name=\"twitter:card\" content=\"summary_large_image\" \/>\n<script type=\"application\/ld+json\" class=\"yoast-schema-graph\">{\"@context\":\"https:\\\/\\\/schema.org\",\"@graph\":[{\"@type\":\"WebPage\",\"@id\":\"https:\\\/\\\/shop.noor.fi\\\/tuote\\\/glow-valosarja-10l-harmaa\\\/\",\"url\":\"https:\\\/\\\/shop.noor.fi\\\/tuote\\\/glow-valosarja-10l-harmaa\\\/\",\"name\":\"Glow ljusslinga 10-delad 360 cm gr\u00e5 - Oy Noortrade Ab\",\"isPartOf\":{\"@id\":\"https:\\\/\\\/shopnoorfi-wp31835.test.cchosting.fi\\\/#website\"},\"primaryImageOfPage\":{\"@id\":\"https:\\\/\\\/shop.noor.fi\\\/tuote\\\/glow-valosarja-10l-harmaa\\\/#primaryimage\"},\"image\":{\"@id\":\"https:\\\/\\\/shop.noor.fi\\\/tuote\\\/glow-valosarja-10l-harmaa\\\/#primaryimage\"},\"thumbnailUrl\":\"https:\\\/\\\/shop.noor.fi\\\/wp-content\\\/uploads\\\/2023\\\/10\\\/7391482048462.jpg\",\"datePublished\":\"2023-11-01T16:33:36+00:00\",\"dateModified\":\"2026-04-08T16:11:00+00:00\",\"breadcrumb\":{\"@id\":\"https:\\\/\\\/shop.noor.fi\\\/tuote\\\/glow-valosarja-10l-harmaa\\\/#breadcrumb\"},\"inLanguage\":\"sv-SE\",\"potentialAction\":[{\"@type\":\"ReadAction\",\"target\":[\"https:\\\/\\\/shop.noor.fi\\\/tuote\\\/glow-valosarja-10l-harmaa\\\/\"]}]},{\"@type\":\"ImageObject\",\"inLanguage\":\"sv-SE\",\"@id\":\"https:\\\/\\\/shop.noor.fi\\\/tuote\\\/glow-valosarja-10l-harmaa\\\/#primaryimage\",\"url\":\"https:\\\/\\\/shop.noor.fi\\\/wp-content\\\/uploads\\\/2023\\\/10\\\/7391482048462.jpg\",\"contentUrl\":\"https:\\\/\\\/shop.noor.fi\\\/wp-content\\\/uploads\\\/2023\\\/10\\\/7391482048462.jpg\",\"width\":1920,\"height\":424},{\"@type\":\"BreadcrumbList\",\"@id\":\"https:\\\/\\\/shop.noor.fi\\\/tuote\\\/glow-valosarja-10l-harmaa\\\/#breadcrumb\",\"itemListElement\":[{\"@type\":\"ListItem\",\"position\":1,\"name\":\"Etusivu\",\"item\":\"https:\\\/\\\/shop.noor.fi\\\/sv\\\/\"},{\"@type\":\"ListItem\",\"position\":2,\"name\":\"Butik\",\"item\":\"https:\\\/\\\/shopnoorfi-wp31835.test.cchosting.fi\\\/sv\\\/butik\\\/\"},{\"@type\":\"ListItem\",\"position\":3,\"name\":\"Glow ljusslinga 10-delad 360 cm gr\u00e5\"}]},{\"@type\":\"WebSite\",\"@id\":\"https:\\\/\\\/shopnoorfi-wp31835.test.cchosting.fi\\\/#website\",\"url\":\"https:\\\/\\\/shopnoorfi-wp31835.test.cchosting.fi\\\/\",\"name\":\"Oy Noortrade Ab\",\"description\":\"Finnish family owned company with over 30 years of professional experience in lighting &amp; interior products import and sales - reliably.\",\"publisher\":{\"@id\":\"https:\\\/\\\/shopnoorfi-wp31835.test.cchosting.fi\\\/#organization\"},\"potentialAction\":[{\"@type\":\"SearchAction\",\"target\":{\"@type\":\"EntryPoint\",\"urlTemplate\":\"https:\\\/\\\/shopnoorfi-wp31835.test.cchosting.fi\\\/?s={search_term_string}\"},\"query-input\":{\"@type\":\"PropertyValueSpecification\",\"valueRequired\":true,\"valueName\":\"search_term_string\"}}],\"inLanguage\":\"sv-SE\"},{\"@type\":\"Organization\",\"@id\":\"https:\\\/\\\/shopnoorfi-wp31835.test.cchosting.fi\\\/#organization\",\"name\":\"Oy Noortrade Ab\",\"url\":\"https:\\\/\\\/shopnoorfi-wp31835.test.cchosting.fi\\\/\",\"logo\":{\"@type\":\"ImageObject\",\"inLanguage\":\"sv-SE\",\"@id\":\"https:\\\/\\\/shopnoorfi-wp31835.test.cchosting.fi\\\/#\\\/schema\\\/logo\\\/image\\\/\",\"url\":\"https:\\\/\\\/shop.noor.fi\\\/wp-content\\\/uploads\\\/2024\\\/01\\\/Oy-Noortrade-Ab-Corbel-VERSAL-bold-BLACK.png\",\"contentUrl\":\"https:\\\/\\\/shop.noor.fi\\\/wp-content\\\/uploads\\\/2024\\\/01\\\/Oy-Noortrade-Ab-Corbel-VERSAL-bold-BLACK.png\",\"width\":721,\"height\":177,\"caption\":\"Oy Noortrade Ab\"},\"image\":{\"@id\":\"https:\\\/\\\/shopnoorfi-wp31835.test.cchosting.fi\\\/#\\\/schema\\\/logo\\\/image\\\/\"}}]}<\/script>\n<!-- \/ Yoast SEO plugin. -->","yoast_head_json":{"title":"Glow ljusslinga 10-delad 360 cm gr\u00e5 - Oy Noortrade Ab","robots":{"index":"index","follow":"follow","max-snippet":"max-snippet:-1","max-image-preview":"max-image-preview:large","max-video-preview":"max-video-preview:-1"},"canonical":"https:\/\/shop.noor.fi\/tuote\/glow-valosarja-10l-harmaa\/","og_locale":"sv_SE","og_type":"article","og_title":"Glow ljusslinga 10-delad 360 cm gr\u00e5 - Oy Noortrade Ab","og_description":"Partyljusslinga med r\u00f6kf\u00e4rgade glash\u00f6ljen och 10 LED-ljusk\u00e4llor. Trivs ocks\u00e5 utomhus men under tak. Perfekt att dekorera med till vardags och fest f\u00f6r att f\u00e5 en st\u00e4mningsfull inredning. F\u00e4rgtemperaturen \u00e4r 2800K. Sladdl\u00e4ngd 500 cm. Avst\u00e5nd mellan lampor 40 cm. Integrerad LED, lamporna \u00e4r ej utbytbara. L\u00e4ngd 360 cm","og_url":"https:\/\/shop.noor.fi\/tuote\/glow-valosarja-10l-harmaa\/","og_site_name":"Oy Noortrade Ab","article_modified_time":"2026-04-08T16:11:00+00:00","og_image":[{"width":1920,"height":424,"url":"https:\/\/shop.noor.fi\/wp-content\/uploads\/2023\/10\/7391482048462.jpg","type":"image\/jpeg"}],"twitter_card":"summary_large_image","schema":{"@context":"https:\/\/schema.org","@graph":[{"@type":"WebPage","@id":"https:\/\/shop.noor.fi\/tuote\/glow-valosarja-10l-harmaa\/","url":"https:\/\/shop.noor.fi\/tuote\/glow-valosarja-10l-harmaa\/","name":"Glow ljusslinga 10-delad 360 cm gr\u00e5 - Oy Noortrade Ab","isPartOf":{"@id":"https:\/\/shopnoorfi-wp31835.test.cchosting.fi\/#website"},"primaryImageOfPage":{"@id":"https:\/\/shop.noor.fi\/tuote\/glow-valosarja-10l-harmaa\/#primaryimage"},"image":{"@id":"https:\/\/shop.noor.fi\/tuote\/glow-valosarja-10l-harmaa\/#primaryimage"},"thumbnailUrl":"https:\/\/shop.noor.fi\/wp-content\/uploads\/2023\/10\/7391482048462.jpg","datePublished":"2023-11-01T16:33:36+00:00","dateModified":"2026-04-08T16:11:00+00:00","breadcrumb":{"@id":"https:\/\/shop.noor.fi\/tuote\/glow-valosarja-10l-harmaa\/#breadcrumb"},"inLanguage":"sv-SE","potentialAction":[{"@type":"ReadAction","target":["https:\/\/shop.noor.fi\/tuote\/glow-valosarja-10l-harmaa\/"]}]},{"@type":"ImageObject","inLanguage":"sv-SE","@id":"https:\/\/shop.noor.fi\/tuote\/glow-valosarja-10l-harmaa\/#primaryimage","url":"https:\/\/shop.noor.fi\/wp-content\/uploads\/2023\/10\/7391482048462.jpg","contentUrl":"https:\/\/shop.noor.fi\/wp-content\/uploads\/2023\/10\/7391482048462.jpg","width":1920,"height":424},{"@type":"BreadcrumbList","@id":"https:\/\/shop.noor.fi\/tuote\/glow-valosarja-10l-harmaa\/#breadcrumb","itemListElement":[{"@type":"ListItem","position":1,"name":"Etusivu","item":"https:\/\/shop.noor.fi\/sv\/"},{"@type":"ListItem","position":2,"name":"Butik","item":"https:\/\/shopnoorfi-wp31835.test.cchosting.fi\/sv\/butik\/"},{"@type":"ListItem","position":3,"name":"Glow ljusslinga 10-delad 360 cm gr\u00e5"}]},{"@type":"WebSite","@id":"https:\/\/shopnoorfi-wp31835.test.cchosting.fi\/#website","url":"https:\/\/shopnoorfi-wp31835.test.cchosting.fi\/","name":"Oy Noortrade Ab","description":"Finnish family owned company with over 30 years of professional experience in lighting &amp; interior products import and sales - reliably.","publisher":{"@id":"https:\/\/shopnoorfi-wp31835.test.cchosting.fi\/#organization"},"potentialAction":[{"@type":"SearchAction","target":{"@type":"EntryPoint","urlTemplate":"https:\/\/shopnoorfi-wp31835.test.cchosting.fi\/?s={search_term_string}"},"query-input":{"@type":"PropertyValueSpecification","valueRequired":true,"valueName":"search_term_string"}}],"inLanguage":"sv-SE"},{"@type":"Organization","@id":"https:\/\/shopnoorfi-wp31835.test.cchosting.fi\/#organization","name":"Oy Noortrade Ab","url":"https:\/\/shopnoorfi-wp31835.test.cchosting.fi\/","logo":{"@type":"ImageObject","inLanguage":"sv-SE","@id":"https:\/\/shopnoorfi-wp31835.test.cchosting.fi\/#\/schema\/logo\/image\/","url":"https:\/\/shop.noor.fi\/wp-content\/uploads\/2024\/01\/Oy-Noortrade-Ab-Corbel-VERSAL-bold-BLACK.png","contentUrl":"https:\/\/shop.noor.fi\/wp-content\/uploads\/2024\/01\/Oy-Noortrade-Ab-Corbel-VERSAL-bold-BLACK.png","width":721,"height":177,"caption":"Oy Noortrade Ab"},"image":{"@id":"https:\/\/shopnoorfi-wp31835.test.cchosting.fi\/#\/schema\/logo\/image\/"}}]}},"brands":[{"id":28728,"name":"Star Trading","slug":"star-trading"}],"_links":{"self":[{"href":"https:\/\/shop.noor.fi\/sv\/wp-json\/wp\/v2\/product\/107423","targetHints":{"allow":["GET"]}}],"collection":[{"href":"https:\/\/shop.noor.fi\/sv\/wp-json\/wp\/v2\/product"}],"about":[{"href":"https:\/\/shop.noor.fi\/sv\/wp-json\/wp\/v2\/types\/product"}],"replies":[{"embeddable":true,"href":"https:\/\/shop.noor.fi\/sv\/wp-json\/wp\/v2\/comments?post=107423"}],"wp:featuredmedia":[{"embeddable":true,"href":"https:\/\/shop.noor.fi\/sv\/wp-json\/wp\/v2\/media\/6826"}],"wp:attachment":[{"href":"https:\/\/shop.noor.fi\/sv\/wp-json\/wp\/v2\/media?parent=107423"}],"wp:term":[{"taxonomy":"pwb-brand","embeddable":true,"href":"https:\/\/shop.noor.fi\/sv\/wp-json\/wp\/v2\/pwb-brand?post=107423"},{"taxonomy":"product_brand","embeddable":true,"href":"https:\/\/shop.noor.fi\/sv\/wp-json\/wp\/v2\/product_brand?post=107423"},{"taxonomy":"product_cat","embeddable":true,"href":"https:\/\/shop.noor.fi\/sv\/wp-json\/wp\/v2\/product_cat?post=107423"},{"taxonomy":"product_tag","embeddable":true,"href":"https:\/\/shop.noor.fi\/sv\/wp-json\/wp\/v2\/product_tag?post=107423"}],"curies":[{"name":"wp","href":"https:\/\/api.w.org\/{rel}","templated":true}]}}