{"id":107402,"date":"2023-11-01T18:32:30","date_gmt":"2023-11-01T16:32:30","guid":{"rendered":"https:\/\/shop.noor.fi\/product\/spiky-stjarna-140l\/"},"modified":"2026-05-09T00:57:09","modified_gmt":"2026-05-08T21:57:09","slug":"spiky-stjarna-140l","status":"publish","type":"product","link":"https:\/\/shop.noor.fi\/sv\/produkt\/spiky-stjarna-140l\/","title":{"rendered":"Spiky stj\u00e4rna LED-dekoration svart 140 LED 73 cm"},"content":{"rendered":"<p>Utomhusdekoration med avtagbara markspett, placeras i tr\u00e4dg\u00e5rden f\u00f6r ett h\u00e4rligt ljussken. Dekorationen har 140 varmvita LED.<br \/>\nVid anv\u00e4ndning som h\u00e4ngande dekoration, anv\u00e4nd en vajer f\u00f6r upph\u00e4ng (ing\u00e5r ej).<br \/>\nIP44 transformator med timerfunktion.<br \/>\nSladdl\u00e4ngd 300 cm.<br \/>\nAvst\u00e5nd mellan lampor 2 cm.<br \/>\nIntegrerad LED, lamporna \u00e4r ej utbytbara.<\/p>\n<p>Bredd 60 cm<br \/>\nDjup 2 cm<br \/>\nH\u00f6jd 73 cm<\/p>\n","protected":false},"excerpt":{"rendered":"<p>Utomhusdekoration med avtagbara markspett, placeras i tr\u00e4dg\u00e5rden f\u00f6r ett h\u00e4rligt ljussken. Dekorationen har 140 varmvita LED. Vid anv\u00e4ndning som h\u00e4ngande dekoration, anv\u00e4nd en vajer f\u00f6r upph\u00e4ng (ing\u00e5r ej). IP44 transformator med timerfunktion. Sladdl\u00e4ngd 300 cm. Avst\u00e5nd mellan lampor 2 cm. Integrerad LED, lamporna \u00e4r ej utbytbara. Bredd 60 cm Djup 2 cm H\u00f6jd 73 cm<\/p>\n","protected":false},"featured_media":32456,"comment_status":"open","ping_status":"closed","template":"","meta":{"_acf_changed":false,"_relevanssi_hide_post":"","_relevanssi_hide_content":"","_relevanssi_pin_for_all":"","_relevanssi_pin_keywords":"","_relevanssi_unpin_keywords":"","_relevanssi_related_keywords":"","_relevanssi_related_include_ids":"","_relevanssi_related_exclude_ids":"","_relevanssi_related_no_append":"","_relevanssi_related_not_related":"","_relevanssi_related_posts":"","_relevanssi_noindex_reason":""},"pwb-brand":[28728],"product_brand":[],"product_cat":[31921,32126,31923,32011],"product_tag":[],"class_list":{"0":"post-107402","1":"product","2":"type-product","3":"status-publish","4":"has-post-thumbnail","6":"pwb-brand-star-trading","7":"product_cat-jouluaiheiset-ulkokoristeet","8":"product_cat-siluetter-figurer","9":"product_cat-siluetit-ja-figuurit","10":"product_cat-utomhusdekorationer-jul","12":"first","13":"instock","14":"taxable","15":"shipping-taxable","16":"purchasable","17":"product-type-simple"},"acf":[],"yoast_head":"<!-- This site is optimized with the Yoast SEO plugin v27.5 - https:\/\/yoast.com\/product\/yoast-seo-wordpress\/ -->\n<title>Spiky stj\u00e4rna LED-dekoration svart 140 LED 73 cm - Oy Noortrade Ab<\/title>\n<meta name=\"robots\" content=\"index, follow, max-snippet:-1, max-image-preview:large, max-video-preview:-1\" \/>\n<link rel=\"canonical\" href=\"https:\/\/shop.noor.fi\/tuote\/spiky-tahti-140l\/\" \/>\n<meta property=\"og:locale\" content=\"sv_SE\" \/>\n<meta property=\"og:type\" content=\"article\" \/>\n<meta property=\"og:title\" content=\"Spiky stj\u00e4rna LED-dekoration svart 140 LED 73 cm - Oy Noortrade Ab\" \/>\n<meta property=\"og:description\" content=\"Utomhusdekoration med avtagbara markspett, placeras i tr\u00e4dg\u00e5rden f\u00f6r ett h\u00e4rligt ljussken. Dekorationen har 140 varmvita LED. Vid anv\u00e4ndning som h\u00e4ngande dekoration, anv\u00e4nd en vajer f\u00f6r upph\u00e4ng (ing\u00e5r ej). IP44 transformator med timerfunktion. Sladdl\u00e4ngd 300 cm. Avst\u00e5nd mellan lampor 2 cm. Integrerad LED, lamporna \u00e4r ej utbytbara. Bredd 60 cm Djup 2 cm H\u00f6jd 73 cm\" \/>\n<meta property=\"og:url\" content=\"https:\/\/shop.noor.fi\/tuote\/spiky-tahti-140l\/\" \/>\n<meta property=\"og:site_name\" content=\"Oy Noortrade Ab\" \/>\n<meta property=\"article:modified_time\" content=\"2026-05-08T21:57:09+00:00\" \/>\n<meta property=\"og:image\" content=\"https:\/\/shop.noor.fi\/wp-content\/uploads\/2023\/11\/7391482051523.jpg\" \/>\n\t<meta property=\"og:image:width\" content=\"902\" \/>\n\t<meta property=\"og:image:height\" content=\"1080\" \/>\n\t<meta property=\"og:image:type\" content=\"image\/jpeg\" \/>\n<meta name=\"twitter:card\" content=\"summary_large_image\" \/>\n<script type=\"application\/ld+json\" class=\"yoast-schema-graph\">{\"@context\":\"https:\\\/\\\/schema.org\",\"@graph\":[{\"@type\":\"WebPage\",\"@id\":\"https:\\\/\\\/shop.noor.fi\\\/tuote\\\/spiky-tahti-140l\\\/\",\"url\":\"https:\\\/\\\/shop.noor.fi\\\/tuote\\\/spiky-tahti-140l\\\/\",\"name\":\"Spiky stj\u00e4rna LED-dekoration svart 140 LED 73 cm - Oy Noortrade Ab\",\"isPartOf\":{\"@id\":\"https:\\\/\\\/shopnoorfi-wp31835.test.cchosting.fi\\\/#website\"},\"primaryImageOfPage\":{\"@id\":\"https:\\\/\\\/shop.noor.fi\\\/tuote\\\/spiky-tahti-140l\\\/#primaryimage\"},\"image\":{\"@id\":\"https:\\\/\\\/shop.noor.fi\\\/tuote\\\/spiky-tahti-140l\\\/#primaryimage\"},\"thumbnailUrl\":\"https:\\\/\\\/shop.noor.fi\\\/wp-content\\\/uploads\\\/2023\\\/11\\\/7391482051523.jpg\",\"datePublished\":\"2023-11-01T16:32:30+00:00\",\"dateModified\":\"2026-05-08T21:57:09+00:00\",\"breadcrumb\":{\"@id\":\"https:\\\/\\\/shop.noor.fi\\\/tuote\\\/spiky-tahti-140l\\\/#breadcrumb\"},\"inLanguage\":\"sv-SE\",\"potentialAction\":[{\"@type\":\"ReadAction\",\"target\":[\"https:\\\/\\\/shop.noor.fi\\\/tuote\\\/spiky-tahti-140l\\\/\"]}]},{\"@type\":\"ImageObject\",\"inLanguage\":\"sv-SE\",\"@id\":\"https:\\\/\\\/shop.noor.fi\\\/tuote\\\/spiky-tahti-140l\\\/#primaryimage\",\"url\":\"https:\\\/\\\/shop.noor.fi\\\/wp-content\\\/uploads\\\/2023\\\/11\\\/7391482051523.jpg\",\"contentUrl\":\"https:\\\/\\\/shop.noor.fi\\\/wp-content\\\/uploads\\\/2023\\\/11\\\/7391482051523.jpg\",\"width\":902,\"height\":1080},{\"@type\":\"BreadcrumbList\",\"@id\":\"https:\\\/\\\/shop.noor.fi\\\/tuote\\\/spiky-tahti-140l\\\/#breadcrumb\",\"itemListElement\":[{\"@type\":\"ListItem\",\"position\":1,\"name\":\"Etusivu\",\"item\":\"https:\\\/\\\/shop.noor.fi\\\/sv\\\/\"},{\"@type\":\"ListItem\",\"position\":2,\"name\":\"Butik\",\"item\":\"https:\\\/\\\/shopnoorfi-wp31835.test.cchosting.fi\\\/sv\\\/butik\\\/\"},{\"@type\":\"ListItem\",\"position\":3,\"name\":\"Spiky stj\u00e4rna LED-dekoration svart 140 LED 73 cm\"}]},{\"@type\":\"WebSite\",\"@id\":\"https:\\\/\\\/shopnoorfi-wp31835.test.cchosting.fi\\\/#website\",\"url\":\"https:\\\/\\\/shopnoorfi-wp31835.test.cchosting.fi\\\/\",\"name\":\"Oy Noortrade Ab\",\"description\":\"Finnish family owned company with over 30 years of professional experience in lighting &amp; interior products import and sales - reliably.\",\"publisher\":{\"@id\":\"https:\\\/\\\/shopnoorfi-wp31835.test.cchosting.fi\\\/#organization\"},\"potentialAction\":[{\"@type\":\"SearchAction\",\"target\":{\"@type\":\"EntryPoint\",\"urlTemplate\":\"https:\\\/\\\/shopnoorfi-wp31835.test.cchosting.fi\\\/?s={search_term_string}\"},\"query-input\":{\"@type\":\"PropertyValueSpecification\",\"valueRequired\":true,\"valueName\":\"search_term_string\"}}],\"inLanguage\":\"sv-SE\"},{\"@type\":\"Organization\",\"@id\":\"https:\\\/\\\/shopnoorfi-wp31835.test.cchosting.fi\\\/#organization\",\"name\":\"Oy Noortrade Ab\",\"url\":\"https:\\\/\\\/shopnoorfi-wp31835.test.cchosting.fi\\\/\",\"logo\":{\"@type\":\"ImageObject\",\"inLanguage\":\"sv-SE\",\"@id\":\"https:\\\/\\\/shopnoorfi-wp31835.test.cchosting.fi\\\/#\\\/schema\\\/logo\\\/image\\\/\",\"url\":\"https:\\\/\\\/shop.noor.fi\\\/wp-content\\\/uploads\\\/2024\\\/01\\\/Oy-Noortrade-Ab-Corbel-VERSAL-bold-BLACK.png\",\"contentUrl\":\"https:\\\/\\\/shop.noor.fi\\\/wp-content\\\/uploads\\\/2024\\\/01\\\/Oy-Noortrade-Ab-Corbel-VERSAL-bold-BLACK.png\",\"width\":721,\"height\":177,\"caption\":\"Oy Noortrade Ab\"},\"image\":{\"@id\":\"https:\\\/\\\/shopnoorfi-wp31835.test.cchosting.fi\\\/#\\\/schema\\\/logo\\\/image\\\/\"}}]}<\/script>\n<!-- \/ Yoast SEO plugin. -->","yoast_head_json":{"title":"Spiky stj\u00e4rna LED-dekoration svart 140 LED 73 cm - Oy Noortrade Ab","robots":{"index":"index","follow":"follow","max-snippet":"max-snippet:-1","max-image-preview":"max-image-preview:large","max-video-preview":"max-video-preview:-1"},"canonical":"https:\/\/shop.noor.fi\/tuote\/spiky-tahti-140l\/","og_locale":"sv_SE","og_type":"article","og_title":"Spiky stj\u00e4rna LED-dekoration svart 140 LED 73 cm - Oy Noortrade Ab","og_description":"Utomhusdekoration med avtagbara markspett, placeras i tr\u00e4dg\u00e5rden f\u00f6r ett h\u00e4rligt ljussken. Dekorationen har 140 varmvita LED. Vid anv\u00e4ndning som h\u00e4ngande dekoration, anv\u00e4nd en vajer f\u00f6r upph\u00e4ng (ing\u00e5r ej). IP44 transformator med timerfunktion. Sladdl\u00e4ngd 300 cm. Avst\u00e5nd mellan lampor 2 cm. Integrerad LED, lamporna \u00e4r ej utbytbara. Bredd 60 cm Djup 2 cm H\u00f6jd 73 cm","og_url":"https:\/\/shop.noor.fi\/tuote\/spiky-tahti-140l\/","og_site_name":"Oy Noortrade Ab","article_modified_time":"2026-05-08T21:57:09+00:00","og_image":[{"width":902,"height":1080,"url":"https:\/\/shop.noor.fi\/wp-content\/uploads\/2023\/11\/7391482051523.jpg","type":"image\/jpeg"}],"twitter_card":"summary_large_image","schema":{"@context":"https:\/\/schema.org","@graph":[{"@type":"WebPage","@id":"https:\/\/shop.noor.fi\/tuote\/spiky-tahti-140l\/","url":"https:\/\/shop.noor.fi\/tuote\/spiky-tahti-140l\/","name":"Spiky stj\u00e4rna LED-dekoration svart 140 LED 73 cm - Oy Noortrade Ab","isPartOf":{"@id":"https:\/\/shopnoorfi-wp31835.test.cchosting.fi\/#website"},"primaryImageOfPage":{"@id":"https:\/\/shop.noor.fi\/tuote\/spiky-tahti-140l\/#primaryimage"},"image":{"@id":"https:\/\/shop.noor.fi\/tuote\/spiky-tahti-140l\/#primaryimage"},"thumbnailUrl":"https:\/\/shop.noor.fi\/wp-content\/uploads\/2023\/11\/7391482051523.jpg","datePublished":"2023-11-01T16:32:30+00:00","dateModified":"2026-05-08T21:57:09+00:00","breadcrumb":{"@id":"https:\/\/shop.noor.fi\/tuote\/spiky-tahti-140l\/#breadcrumb"},"inLanguage":"sv-SE","potentialAction":[{"@type":"ReadAction","target":["https:\/\/shop.noor.fi\/tuote\/spiky-tahti-140l\/"]}]},{"@type":"ImageObject","inLanguage":"sv-SE","@id":"https:\/\/shop.noor.fi\/tuote\/spiky-tahti-140l\/#primaryimage","url":"https:\/\/shop.noor.fi\/wp-content\/uploads\/2023\/11\/7391482051523.jpg","contentUrl":"https:\/\/shop.noor.fi\/wp-content\/uploads\/2023\/11\/7391482051523.jpg","width":902,"height":1080},{"@type":"BreadcrumbList","@id":"https:\/\/shop.noor.fi\/tuote\/spiky-tahti-140l\/#breadcrumb","itemListElement":[{"@type":"ListItem","position":1,"name":"Etusivu","item":"https:\/\/shop.noor.fi\/sv\/"},{"@type":"ListItem","position":2,"name":"Butik","item":"https:\/\/shopnoorfi-wp31835.test.cchosting.fi\/sv\/butik\/"},{"@type":"ListItem","position":3,"name":"Spiky stj\u00e4rna LED-dekoration svart 140 LED 73 cm"}]},{"@type":"WebSite","@id":"https:\/\/shopnoorfi-wp31835.test.cchosting.fi\/#website","url":"https:\/\/shopnoorfi-wp31835.test.cchosting.fi\/","name":"Oy Noortrade Ab","description":"Finnish family owned company with over 30 years of professional experience in lighting &amp; interior products import and sales - reliably.","publisher":{"@id":"https:\/\/shopnoorfi-wp31835.test.cchosting.fi\/#organization"},"potentialAction":[{"@type":"SearchAction","target":{"@type":"EntryPoint","urlTemplate":"https:\/\/shopnoorfi-wp31835.test.cchosting.fi\/?s={search_term_string}"},"query-input":{"@type":"PropertyValueSpecification","valueRequired":true,"valueName":"search_term_string"}}],"inLanguage":"sv-SE"},{"@type":"Organization","@id":"https:\/\/shopnoorfi-wp31835.test.cchosting.fi\/#organization","name":"Oy Noortrade Ab","url":"https:\/\/shopnoorfi-wp31835.test.cchosting.fi\/","logo":{"@type":"ImageObject","inLanguage":"sv-SE","@id":"https:\/\/shopnoorfi-wp31835.test.cchosting.fi\/#\/schema\/logo\/image\/","url":"https:\/\/shop.noor.fi\/wp-content\/uploads\/2024\/01\/Oy-Noortrade-Ab-Corbel-VERSAL-bold-BLACK.png","contentUrl":"https:\/\/shop.noor.fi\/wp-content\/uploads\/2024\/01\/Oy-Noortrade-Ab-Corbel-VERSAL-bold-BLACK.png","width":721,"height":177,"caption":"Oy Noortrade Ab"},"image":{"@id":"https:\/\/shopnoorfi-wp31835.test.cchosting.fi\/#\/schema\/logo\/image\/"}}]}},"brands":[{"id":28728,"name":"Star Trading","slug":"star-trading"}],"_links":{"self":[{"href":"https:\/\/shop.noor.fi\/sv\/wp-json\/wp\/v2\/product\/107402","targetHints":{"allow":["GET"]}}],"collection":[{"href":"https:\/\/shop.noor.fi\/sv\/wp-json\/wp\/v2\/product"}],"about":[{"href":"https:\/\/shop.noor.fi\/sv\/wp-json\/wp\/v2\/types\/product"}],"replies":[{"embeddable":true,"href":"https:\/\/shop.noor.fi\/sv\/wp-json\/wp\/v2\/comments?post=107402"}],"wp:featuredmedia":[{"embeddable":true,"href":"https:\/\/shop.noor.fi\/sv\/wp-json\/wp\/v2\/media\/32456"}],"wp:attachment":[{"href":"https:\/\/shop.noor.fi\/sv\/wp-json\/wp\/v2\/media?parent=107402"}],"wp:term":[{"taxonomy":"pwb-brand","embeddable":true,"href":"https:\/\/shop.noor.fi\/sv\/wp-json\/wp\/v2\/pwb-brand?post=107402"},{"taxonomy":"product_brand","embeddable":true,"href":"https:\/\/shop.noor.fi\/sv\/wp-json\/wp\/v2\/product_brand?post=107402"},{"taxonomy":"product_cat","embeddable":true,"href":"https:\/\/shop.noor.fi\/sv\/wp-json\/wp\/v2\/product_cat?post=107402"},{"taxonomy":"product_tag","embeddable":true,"href":"https:\/\/shop.noor.fi\/sv\/wp-json\/wp\/v2\/product_tag?post=107402"}],"curies":[{"name":"wp","href":"https:\/\/api.w.org\/{rel}","templated":true}]}}