{"id":107382,"date":"2023-11-01T18:31:22","date_gmt":"2023-11-01T16:31:22","guid":{"rendered":"https:\/\/shop.noor.fi\/product\/berry-mini-ljusslinga-300l-varmvit\/"},"modified":"2026-04-10T15:44:18","modified_gmt":"2026-04-10T12:44:18","slug":"berry-mini-ljusslinga-300l-varmvit","status":"publish","type":"product","link":"https:\/\/shop.noor.fi\/sv\/produkt\/berry-mini-ljusslinga-300l-varmvit\/","title":{"rendered":"Berry Mini ljusslinga opal 300 LED 6m"},"content":{"rendered":"<p>6 meter l\u00e5ng ljusslinga f\u00f6r utomhusbruk med 300 sm\u00e5 runda vita h\u00f6ljen som lyser med varmvitt sken. Dekorera din tr\u00e4dg\u00e5rd, altan eller uteplats med denna h\u00e4rliga ljusslinga.<br \/>\nTransformatorn har inbyggd timer och 8 funktioner kontrollbox. V\u00e4lj mellan fast sken eller 7 olika blinkfunktioner. Minnesfunktion.<br \/>\nTryck p\u00e5 knappen i transformatorn i ca tre sekunder f\u00f6r att starta timerl\u00e4get, knappen lyser gr\u00f6nt n\u00e4r timern \u00e4r p\u00e5. Timerfunktionen g\u00f6r det m\u00f6jligt att s\u00e4tta ljusslingan att lysa i 6 timmar och vara sl\u00e4ckt i 18 timmar f\u00f6r att sedan t\u00e4ndas igen n\u00e4sta dag.<br \/>\nSlingan levereras i en plastl\u00e5da med handtag, perfekt f\u00f6r f\u00f6rvaring n\u00e4r ljusslingan inte anv\u00e4nds.<br \/>\nIntegrerad LED, lamporna \u00e4r ej utbytbara.<\/p>\n<p>L\u00e4ngd 6000 cm<\/p>\n","protected":false},"excerpt":{"rendered":"<p>6 meter l\u00e5ng ljusslinga f\u00f6r utomhusbruk med 300 sm\u00e5 runda vita h\u00f6ljen som lyser med varmvitt sken. Dekorera din tr\u00e4dg\u00e5rd, altan eller uteplats med denna h\u00e4rliga ljusslinga. Transformatorn har inbyggd timer och 8 funktioner kontrollbox. V\u00e4lj mellan fast sken eller 7 olika blinkfunktioner. Minnesfunktion. Tryck p\u00e5 knappen i transformatorn i ca tre sekunder f\u00f6r att [&hellip;]<\/p>\n","protected":false},"featured_media":32404,"comment_status":"open","ping_status":"closed","template":"","meta":{"_acf_changed":false,"_relevanssi_hide_post":"","_relevanssi_hide_content":"","_relevanssi_pin_for_all":"","_relevanssi_pin_keywords":"","_relevanssi_unpin_keywords":"","_relevanssi_related_keywords":"","_relevanssi_related_include_ids":"","_relevanssi_related_exclude_ids":"","_relevanssi_related_no_append":"","_relevanssi_related_not_related":"","_relevanssi_related_posts":"","_relevanssi_noindex_reason":""},"pwb-brand":[28728,37491],"product_brand":[],"product_cat":[32038,32090,31908,31909],"product_tag":[],"class_list":{"0":"post-107382","1":"product","2":"type-product","3":"status-publish","4":"has-post-thumbnail","6":"pwb-brand-star-trading","7":"pwb-brand-star-trading-sv","8":"product_cat-dekorationsslingor","9":"product_cat-partyslingor","10":"product_cat-koristevalosarjat","11":"product_cat-party-valosarjat","13":"first","14":"instock","15":"taxable","16":"shipping-taxable","17":"purchasable","18":"product-type-simple"},"acf":[],"yoast_head":"<!-- This site is optimized with the Yoast SEO plugin v27.5 - https:\/\/yoast.com\/product\/yoast-seo-wordpress\/ -->\n<title>Berry Mini ljusslinga opal 300 LED 6m - Oy Noortrade Ab<\/title>\n<meta name=\"robots\" content=\"index, follow, max-snippet:-1, max-image-preview:large, max-video-preview:-1\" \/>\n<link rel=\"canonical\" href=\"https:\/\/shop.noor.fi\/tuote\/berry-mini-valosarja-300l-lammin-valk\/\" \/>\n<meta property=\"og:locale\" content=\"sv_SE\" \/>\n<meta property=\"og:type\" content=\"article\" \/>\n<meta property=\"og:title\" content=\"Berry Mini ljusslinga opal 300 LED 6m - Oy Noortrade Ab\" \/>\n<meta property=\"og:description\" content=\"6 meter l\u00e5ng ljusslinga f\u00f6r utomhusbruk med 300 sm\u00e5 runda vita h\u00f6ljen som lyser med varmvitt sken. Dekorera din tr\u00e4dg\u00e5rd, altan eller uteplats med denna h\u00e4rliga ljusslinga. Transformatorn har inbyggd timer och 8 funktioner kontrollbox. V\u00e4lj mellan fast sken eller 7 olika blinkfunktioner. Minnesfunktion. Tryck p\u00e5 knappen i transformatorn i ca tre sekunder f\u00f6r att [&hellip;]\" \/>\n<meta property=\"og:url\" content=\"https:\/\/shop.noor.fi\/tuote\/berry-mini-valosarja-300l-lammin-valk\/\" \/>\n<meta property=\"og:site_name\" content=\"Oy Noortrade Ab\" \/>\n<meta property=\"article:modified_time\" content=\"2026-04-10T12:44:18+00:00\" \/>\n<meta property=\"og:image\" content=\"https:\/\/shop.noor.fi\/wp-content\/uploads\/2023\/11\/7391482051585.jpg\" \/>\n\t<meta property=\"og:image:width\" content=\"1643\" \/>\n\t<meta property=\"og:image:height\" content=\"1080\" \/>\n\t<meta property=\"og:image:type\" content=\"image\/jpeg\" \/>\n<meta name=\"twitter:card\" content=\"summary_large_image\" \/>\n<meta name=\"twitter:label1\" content=\"Ber\u00e4knad l\u00e4stid\" \/>\n\t<meta name=\"twitter:data1\" content=\"1 minut\" \/>\n<script type=\"application\/ld+json\" class=\"yoast-schema-graph\">{\"@context\":\"https:\\\/\\\/schema.org\",\"@graph\":[{\"@type\":\"WebPage\",\"@id\":\"https:\\\/\\\/shop.noor.fi\\\/tuote\\\/berry-mini-valosarja-300l-lammin-valk\\\/\",\"url\":\"https:\\\/\\\/shop.noor.fi\\\/tuote\\\/berry-mini-valosarja-300l-lammin-valk\\\/\",\"name\":\"Berry Mini ljusslinga opal 300 LED 6m - Oy Noortrade Ab\",\"isPartOf\":{\"@id\":\"https:\\\/\\\/shopnoorfi-wp31835.test.cchosting.fi\\\/#website\"},\"primaryImageOfPage\":{\"@id\":\"https:\\\/\\\/shop.noor.fi\\\/tuote\\\/berry-mini-valosarja-300l-lammin-valk\\\/#primaryimage\"},\"image\":{\"@id\":\"https:\\\/\\\/shop.noor.fi\\\/tuote\\\/berry-mini-valosarja-300l-lammin-valk\\\/#primaryimage\"},\"thumbnailUrl\":\"https:\\\/\\\/shop.noor.fi\\\/wp-content\\\/uploads\\\/2023\\\/11\\\/7391482051585.jpg\",\"datePublished\":\"2023-11-01T16:31:22+00:00\",\"dateModified\":\"2026-04-10T12:44:18+00:00\",\"breadcrumb\":{\"@id\":\"https:\\\/\\\/shop.noor.fi\\\/tuote\\\/berry-mini-valosarja-300l-lammin-valk\\\/#breadcrumb\"},\"inLanguage\":\"sv-SE\",\"potentialAction\":[{\"@type\":\"ReadAction\",\"target\":[\"https:\\\/\\\/shop.noor.fi\\\/tuote\\\/berry-mini-valosarja-300l-lammin-valk\\\/\"]}]},{\"@type\":\"ImageObject\",\"inLanguage\":\"sv-SE\",\"@id\":\"https:\\\/\\\/shop.noor.fi\\\/tuote\\\/berry-mini-valosarja-300l-lammin-valk\\\/#primaryimage\",\"url\":\"https:\\\/\\\/shop.noor.fi\\\/wp-content\\\/uploads\\\/2023\\\/11\\\/7391482051585.jpg\",\"contentUrl\":\"https:\\\/\\\/shop.noor.fi\\\/wp-content\\\/uploads\\\/2023\\\/11\\\/7391482051585.jpg\",\"width\":1643,\"height\":1080},{\"@type\":\"BreadcrumbList\",\"@id\":\"https:\\\/\\\/shop.noor.fi\\\/tuote\\\/berry-mini-valosarja-300l-lammin-valk\\\/#breadcrumb\",\"itemListElement\":[{\"@type\":\"ListItem\",\"position\":1,\"name\":\"Etusivu\",\"item\":\"https:\\\/\\\/shop.noor.fi\\\/sv\\\/\"},{\"@type\":\"ListItem\",\"position\":2,\"name\":\"Butik\",\"item\":\"https:\\\/\\\/shopnoorfi-wp31835.test.cchosting.fi\\\/sv\\\/butik\\\/\"},{\"@type\":\"ListItem\",\"position\":3,\"name\":\"Berry Mini ljusslinga opal 300 LED 6m\"}]},{\"@type\":\"WebSite\",\"@id\":\"https:\\\/\\\/shopnoorfi-wp31835.test.cchosting.fi\\\/#website\",\"url\":\"https:\\\/\\\/shopnoorfi-wp31835.test.cchosting.fi\\\/\",\"name\":\"Oy Noortrade Ab\",\"description\":\"Finnish family owned company with over 30 years of professional experience in lighting &amp; interior products import and sales - reliably.\",\"publisher\":{\"@id\":\"https:\\\/\\\/shopnoorfi-wp31835.test.cchosting.fi\\\/#organization\"},\"potentialAction\":[{\"@type\":\"SearchAction\",\"target\":{\"@type\":\"EntryPoint\",\"urlTemplate\":\"https:\\\/\\\/shopnoorfi-wp31835.test.cchosting.fi\\\/?s={search_term_string}\"},\"query-input\":{\"@type\":\"PropertyValueSpecification\",\"valueRequired\":true,\"valueName\":\"search_term_string\"}}],\"inLanguage\":\"sv-SE\"},{\"@type\":\"Organization\",\"@id\":\"https:\\\/\\\/shopnoorfi-wp31835.test.cchosting.fi\\\/#organization\",\"name\":\"Oy Noortrade Ab\",\"url\":\"https:\\\/\\\/shopnoorfi-wp31835.test.cchosting.fi\\\/\",\"logo\":{\"@type\":\"ImageObject\",\"inLanguage\":\"sv-SE\",\"@id\":\"https:\\\/\\\/shopnoorfi-wp31835.test.cchosting.fi\\\/#\\\/schema\\\/logo\\\/image\\\/\",\"url\":\"https:\\\/\\\/shop.noor.fi\\\/wp-content\\\/uploads\\\/2024\\\/01\\\/Oy-Noortrade-Ab-Corbel-VERSAL-bold-BLACK.png\",\"contentUrl\":\"https:\\\/\\\/shop.noor.fi\\\/wp-content\\\/uploads\\\/2024\\\/01\\\/Oy-Noortrade-Ab-Corbel-VERSAL-bold-BLACK.png\",\"width\":721,\"height\":177,\"caption\":\"Oy Noortrade Ab\"},\"image\":{\"@id\":\"https:\\\/\\\/shopnoorfi-wp31835.test.cchosting.fi\\\/#\\\/schema\\\/logo\\\/image\\\/\"}}]}<\/script>\n<!-- \/ Yoast SEO plugin. -->","yoast_head_json":{"title":"Berry Mini ljusslinga opal 300 LED 6m - Oy Noortrade Ab","robots":{"index":"index","follow":"follow","max-snippet":"max-snippet:-1","max-image-preview":"max-image-preview:large","max-video-preview":"max-video-preview:-1"},"canonical":"https:\/\/shop.noor.fi\/tuote\/berry-mini-valosarja-300l-lammin-valk\/","og_locale":"sv_SE","og_type":"article","og_title":"Berry Mini ljusslinga opal 300 LED 6m - Oy Noortrade Ab","og_description":"6 meter l\u00e5ng ljusslinga f\u00f6r utomhusbruk med 300 sm\u00e5 runda vita h\u00f6ljen som lyser med varmvitt sken. Dekorera din tr\u00e4dg\u00e5rd, altan eller uteplats med denna h\u00e4rliga ljusslinga. Transformatorn har inbyggd timer och 8 funktioner kontrollbox. V\u00e4lj mellan fast sken eller 7 olika blinkfunktioner. Minnesfunktion. Tryck p\u00e5 knappen i transformatorn i ca tre sekunder f\u00f6r att [&hellip;]","og_url":"https:\/\/shop.noor.fi\/tuote\/berry-mini-valosarja-300l-lammin-valk\/","og_site_name":"Oy Noortrade Ab","article_modified_time":"2026-04-10T12:44:18+00:00","og_image":[{"width":1643,"height":1080,"url":"https:\/\/shop.noor.fi\/wp-content\/uploads\/2023\/11\/7391482051585.jpg","type":"image\/jpeg"}],"twitter_card":"summary_large_image","twitter_misc":{"Ber\u00e4knad l\u00e4stid":"1 minut"},"schema":{"@context":"https:\/\/schema.org","@graph":[{"@type":"WebPage","@id":"https:\/\/shop.noor.fi\/tuote\/berry-mini-valosarja-300l-lammin-valk\/","url":"https:\/\/shop.noor.fi\/tuote\/berry-mini-valosarja-300l-lammin-valk\/","name":"Berry Mini ljusslinga opal 300 LED 6m - Oy Noortrade Ab","isPartOf":{"@id":"https:\/\/shopnoorfi-wp31835.test.cchosting.fi\/#website"},"primaryImageOfPage":{"@id":"https:\/\/shop.noor.fi\/tuote\/berry-mini-valosarja-300l-lammin-valk\/#primaryimage"},"image":{"@id":"https:\/\/shop.noor.fi\/tuote\/berry-mini-valosarja-300l-lammin-valk\/#primaryimage"},"thumbnailUrl":"https:\/\/shop.noor.fi\/wp-content\/uploads\/2023\/11\/7391482051585.jpg","datePublished":"2023-11-01T16:31:22+00:00","dateModified":"2026-04-10T12:44:18+00:00","breadcrumb":{"@id":"https:\/\/shop.noor.fi\/tuote\/berry-mini-valosarja-300l-lammin-valk\/#breadcrumb"},"inLanguage":"sv-SE","potentialAction":[{"@type":"ReadAction","target":["https:\/\/shop.noor.fi\/tuote\/berry-mini-valosarja-300l-lammin-valk\/"]}]},{"@type":"ImageObject","inLanguage":"sv-SE","@id":"https:\/\/shop.noor.fi\/tuote\/berry-mini-valosarja-300l-lammin-valk\/#primaryimage","url":"https:\/\/shop.noor.fi\/wp-content\/uploads\/2023\/11\/7391482051585.jpg","contentUrl":"https:\/\/shop.noor.fi\/wp-content\/uploads\/2023\/11\/7391482051585.jpg","width":1643,"height":1080},{"@type":"BreadcrumbList","@id":"https:\/\/shop.noor.fi\/tuote\/berry-mini-valosarja-300l-lammin-valk\/#breadcrumb","itemListElement":[{"@type":"ListItem","position":1,"name":"Etusivu","item":"https:\/\/shop.noor.fi\/sv\/"},{"@type":"ListItem","position":2,"name":"Butik","item":"https:\/\/shopnoorfi-wp31835.test.cchosting.fi\/sv\/butik\/"},{"@type":"ListItem","position":3,"name":"Berry Mini ljusslinga opal 300 LED 6m"}]},{"@type":"WebSite","@id":"https:\/\/shopnoorfi-wp31835.test.cchosting.fi\/#website","url":"https:\/\/shopnoorfi-wp31835.test.cchosting.fi\/","name":"Oy Noortrade Ab","description":"Finnish family owned company with over 30 years of professional experience in lighting &amp; interior products import and sales - reliably.","publisher":{"@id":"https:\/\/shopnoorfi-wp31835.test.cchosting.fi\/#organization"},"potentialAction":[{"@type":"SearchAction","target":{"@type":"EntryPoint","urlTemplate":"https:\/\/shopnoorfi-wp31835.test.cchosting.fi\/?s={search_term_string}"},"query-input":{"@type":"PropertyValueSpecification","valueRequired":true,"valueName":"search_term_string"}}],"inLanguage":"sv-SE"},{"@type":"Organization","@id":"https:\/\/shopnoorfi-wp31835.test.cchosting.fi\/#organization","name":"Oy Noortrade Ab","url":"https:\/\/shopnoorfi-wp31835.test.cchosting.fi\/","logo":{"@type":"ImageObject","inLanguage":"sv-SE","@id":"https:\/\/shopnoorfi-wp31835.test.cchosting.fi\/#\/schema\/logo\/image\/","url":"https:\/\/shop.noor.fi\/wp-content\/uploads\/2024\/01\/Oy-Noortrade-Ab-Corbel-VERSAL-bold-BLACK.png","contentUrl":"https:\/\/shop.noor.fi\/wp-content\/uploads\/2024\/01\/Oy-Noortrade-Ab-Corbel-VERSAL-bold-BLACK.png","width":721,"height":177,"caption":"Oy Noortrade Ab"},"image":{"@id":"https:\/\/shopnoorfi-wp31835.test.cchosting.fi\/#\/schema\/logo\/image\/"}}]}},"brands":[{"id":28728,"name":"Star Trading","slug":"star-trading"},{"id":37491,"name":"Star Trading","slug":"star-trading-sv"}],"_links":{"self":[{"href":"https:\/\/shop.noor.fi\/sv\/wp-json\/wp\/v2\/product\/107382","targetHints":{"allow":["GET"]}}],"collection":[{"href":"https:\/\/shop.noor.fi\/sv\/wp-json\/wp\/v2\/product"}],"about":[{"href":"https:\/\/shop.noor.fi\/sv\/wp-json\/wp\/v2\/types\/product"}],"replies":[{"embeddable":true,"href":"https:\/\/shop.noor.fi\/sv\/wp-json\/wp\/v2\/comments?post=107382"}],"wp:featuredmedia":[{"embeddable":true,"href":"https:\/\/shop.noor.fi\/sv\/wp-json\/wp\/v2\/media\/32404"}],"wp:attachment":[{"href":"https:\/\/shop.noor.fi\/sv\/wp-json\/wp\/v2\/media?parent=107382"}],"wp:term":[{"taxonomy":"pwb-brand","embeddable":true,"href":"https:\/\/shop.noor.fi\/sv\/wp-json\/wp\/v2\/pwb-brand?post=107382"},{"taxonomy":"product_brand","embeddable":true,"href":"https:\/\/shop.noor.fi\/sv\/wp-json\/wp\/v2\/product_brand?post=107382"},{"taxonomy":"product_cat","embeddable":true,"href":"https:\/\/shop.noor.fi\/sv\/wp-json\/wp\/v2\/product_cat?post=107382"},{"taxonomy":"product_tag","embeddable":true,"href":"https:\/\/shop.noor.fi\/sv\/wp-json\/wp\/v2\/product_tag?post=107382"}],"curies":[{"name":"wp","href":"https:\/\/api.w.org\/{rel}","templated":true}]}}