{"id":107350,"date":"2023-11-01T18:29:42","date_gmt":"2023-11-01T16:29:42","guid":{"rendered":"https:\/\/shop.noor.fi\/product\/system-led-extra-istappsslinga-svart-kallvit\/"},"modified":"2026-03-12T10:56:30","modified_gmt":"2026-03-12T08:56:30","slug":"system-led-extra-istappsslinga-svart-kallvit-2","status":"publish","type":"product","link":"https:\/\/shop.noor.fi\/sv\/produkt\/system-led-extra-istappsslinga-svart-kallvit-2\/","title":{"rendered":"System LED Extra istappsslinga 3m svart\/kallvit"},"content":{"rendered":"<p>System LED \u00e4r en h\u00f6gkvalitativ utbyggbar ljusslinga som l\u00e4mpar sig f\u00f6r dekorationsbelysning s\u00e5v\u00e4l f\u00f6r offentliga milj\u00f6er som f\u00f6r konsumenter. System LED produkterna har en l\u00e5ng livsl\u00e4ngd och ger ett mycket kraftigt ljussken.<br \/>\nSR-465-48-1 \u00e4r en 3 meter bred och 40 cm h\u00f6g istappsslinga med 50 kallvita LED-lampor. Kabeln \u00e4r svart.<br \/>\nAvst\u00e5nd mellan lampor \u00e4r 10 cm.<br \/>\nSystemmeter: 3<br \/>\nIntegrerad LED, lamporna \u00e4r ej utbytbara.<\/p>\n<p>Ljusslingan kr\u00e4ver en startkabel (SR-465-28), som ing\u00e5r ej i f\u00f6rpackningen.<br \/>\nStartkabeln kan kopplas till max 400W eller 100 systemmeter.<\/p>\n","protected":false},"excerpt":{"rendered":"<p>System LED \u00e4r en h\u00f6gkvalitativ utbyggbar ljusslinga som l\u00e4mpar sig f\u00f6r dekorationsbelysning s\u00e5v\u00e4l f\u00f6r offentliga milj\u00f6er som f\u00f6r konsumenter. System LED produkterna har en l\u00e5ng livsl\u00e4ngd och ger ett mycket kraftigt ljussken. SR-465-48-1 \u00e4r en 3 meter bred och 40 cm h\u00f6g istappsslinga med 50 kallvita LED-lampor. Kabeln \u00e4r svart. Avst\u00e5nd mellan lampor \u00e4r 10 [&hellip;]<\/p>\n","protected":false},"featured_media":29013,"comment_status":"open","ping_status":"closed","template":"","meta":{"_acf_changed":false,"_relevanssi_hide_post":"","_relevanssi_hide_content":"","_relevanssi_pin_for_all":"","_relevanssi_pin_keywords":"","_relevanssi_unpin_keywords":"","_relevanssi_related_keywords":"","_relevanssi_related_include_ids":"","_relevanssi_related_exclude_ids":"","_relevanssi_related_no_append":"","_relevanssi_related_not_related":"","_relevanssi_related_posts":"","_relevanssi_noindex_reason":""},"pwb-brand":[28728],"product_brand":[],"product_cat":[32140],"product_tag":[],"class_list":{"0":"post-107350","1":"product","2":"type-product","3":"status-publish","4":"has-post-thumbnail","6":"pwb-brand-star-trading","7":"product_cat-system-led-sv","9":"first","10":"instock","11":"taxable","12":"shipping-taxable","13":"purchasable","14":"product-type-simple"},"acf":[],"yoast_head":"<!-- This site is optimized with the Yoast SEO plugin v27.5 - https:\/\/yoast.com\/product\/yoast-seo-wordpress\/ -->\n<title>System LED Extra istappsslinga 3m svart\/kallvit - Oy Noortrade Ab<\/title>\n<meta name=\"robots\" content=\"index, follow, max-snippet:-1, max-image-preview:large, max-video-preview:-1\" \/>\n<link rel=\"canonical\" href=\"https:\/\/shop.noor.fi\/sv\/produkt\/system-led-extra-istappsslinga-svart-kallvit-2\/\" \/>\n<meta property=\"og:locale\" content=\"sv_SE\" \/>\n<meta property=\"og:type\" content=\"article\" \/>\n<meta property=\"og:title\" content=\"System LED Extra istappsslinga 3m svart\/kallvit - Oy Noortrade Ab\" \/>\n<meta property=\"og:description\" content=\"System LED \u00e4r en h\u00f6gkvalitativ utbyggbar ljusslinga som l\u00e4mpar sig f\u00f6r dekorationsbelysning s\u00e5v\u00e4l f\u00f6r offentliga milj\u00f6er som f\u00f6r konsumenter. System LED produkterna har en l\u00e5ng livsl\u00e4ngd och ger ett mycket kraftigt ljussken. SR-465-48-1 \u00e4r en 3 meter bred och 40 cm h\u00f6g istappsslinga med 50 kallvita LED-lampor. Kabeln \u00e4r svart. Avst\u00e5nd mellan lampor \u00e4r 10 [&hellip;]\" \/>\n<meta property=\"og:url\" content=\"https:\/\/shop.noor.fi\/sv\/produkt\/system-led-extra-istappsslinga-svart-kallvit-2\/\" \/>\n<meta property=\"og:site_name\" content=\"Oy Noortrade Ab\" \/>\n<meta property=\"article:modified_time\" content=\"2026-03-12T08:56:30+00:00\" \/>\n<meta property=\"og:image\" content=\"https:\/\/shop.noor.fi\/wp-content\/uploads\/2023\/11\/7391482058355.jpg\" \/>\n\t<meta property=\"og:image:width\" content=\"450\" \/>\n\t<meta property=\"og:image:height\" content=\"450\" \/>\n\t<meta property=\"og:image:type\" content=\"image\/jpeg\" \/>\n<meta name=\"twitter:card\" content=\"summary_large_image\" \/>\n<script type=\"application\/ld+json\" class=\"yoast-schema-graph\">{\"@context\":\"https:\\\/\\\/schema.org\",\"@graph\":[{\"@type\":\"WebPage\",\"@id\":\"https:\\\/\\\/shop.noor.fi\\\/sv\\\/produkt\\\/system-led-extra-istappsslinga-svart-kallvit-2\\\/\",\"url\":\"https:\\\/\\\/shop.noor.fi\\\/sv\\\/produkt\\\/system-led-extra-istappsslinga-svart-kallvit-2\\\/\",\"name\":\"System LED Extra istappsslinga 3m svart\\\/kallvit - Oy Noortrade Ab\",\"isPartOf\":{\"@id\":\"https:\\\/\\\/shopnoorfi-wp31835.test.cchosting.fi\\\/#website\"},\"primaryImageOfPage\":{\"@id\":\"https:\\\/\\\/shop.noor.fi\\\/sv\\\/produkt\\\/system-led-extra-istappsslinga-svart-kallvit-2\\\/#primaryimage\"},\"image\":{\"@id\":\"https:\\\/\\\/shop.noor.fi\\\/sv\\\/produkt\\\/system-led-extra-istappsslinga-svart-kallvit-2\\\/#primaryimage\"},\"thumbnailUrl\":\"https:\\\/\\\/shop.noor.fi\\\/wp-content\\\/uploads\\\/2023\\\/11\\\/7391482058355.jpg\",\"datePublished\":\"2023-11-01T16:29:42+00:00\",\"dateModified\":\"2026-03-12T08:56:30+00:00\",\"breadcrumb\":{\"@id\":\"https:\\\/\\\/shop.noor.fi\\\/sv\\\/produkt\\\/system-led-extra-istappsslinga-svart-kallvit-2\\\/#breadcrumb\"},\"inLanguage\":\"sv-SE\",\"potentialAction\":[{\"@type\":\"ReadAction\",\"target\":[\"https:\\\/\\\/shop.noor.fi\\\/sv\\\/produkt\\\/system-led-extra-istappsslinga-svart-kallvit-2\\\/\"]}]},{\"@type\":\"ImageObject\",\"inLanguage\":\"sv-SE\",\"@id\":\"https:\\\/\\\/shop.noor.fi\\\/sv\\\/produkt\\\/system-led-extra-istappsslinga-svart-kallvit-2\\\/#primaryimage\",\"url\":\"https:\\\/\\\/shop.noor.fi\\\/wp-content\\\/uploads\\\/2023\\\/11\\\/7391482058355.jpg\",\"contentUrl\":\"https:\\\/\\\/shop.noor.fi\\\/wp-content\\\/uploads\\\/2023\\\/11\\\/7391482058355.jpg\",\"width\":450,\"height\":450},{\"@type\":\"BreadcrumbList\",\"@id\":\"https:\\\/\\\/shop.noor.fi\\\/sv\\\/produkt\\\/system-led-extra-istappsslinga-svart-kallvit-2\\\/#breadcrumb\",\"itemListElement\":[{\"@type\":\"ListItem\",\"position\":1,\"name\":\"Etusivu\",\"item\":\"https:\\\/\\\/shop.noor.fi\\\/sv\\\/\"},{\"@type\":\"ListItem\",\"position\":2,\"name\":\"Butik\",\"item\":\"https:\\\/\\\/shopnoorfi-wp31835.test.cchosting.fi\\\/sv\\\/butik\\\/\"},{\"@type\":\"ListItem\",\"position\":3,\"name\":\"System LED Extra istappsslinga 3m svart\\\/kallvit\"}]},{\"@type\":\"WebSite\",\"@id\":\"https:\\\/\\\/shopnoorfi-wp31835.test.cchosting.fi\\\/#website\",\"url\":\"https:\\\/\\\/shopnoorfi-wp31835.test.cchosting.fi\\\/\",\"name\":\"Oy Noortrade Ab\",\"description\":\"Finnish family owned company with over 30 years of professional experience in lighting &amp; interior products import and sales - reliably.\",\"publisher\":{\"@id\":\"https:\\\/\\\/shopnoorfi-wp31835.test.cchosting.fi\\\/#organization\"},\"potentialAction\":[{\"@type\":\"SearchAction\",\"target\":{\"@type\":\"EntryPoint\",\"urlTemplate\":\"https:\\\/\\\/shopnoorfi-wp31835.test.cchosting.fi\\\/?s={search_term_string}\"},\"query-input\":{\"@type\":\"PropertyValueSpecification\",\"valueRequired\":true,\"valueName\":\"search_term_string\"}}],\"inLanguage\":\"sv-SE\"},{\"@type\":\"Organization\",\"@id\":\"https:\\\/\\\/shopnoorfi-wp31835.test.cchosting.fi\\\/#organization\",\"name\":\"Oy Noortrade Ab\",\"url\":\"https:\\\/\\\/shopnoorfi-wp31835.test.cchosting.fi\\\/\",\"logo\":{\"@type\":\"ImageObject\",\"inLanguage\":\"sv-SE\",\"@id\":\"https:\\\/\\\/shopnoorfi-wp31835.test.cchosting.fi\\\/#\\\/schema\\\/logo\\\/image\\\/\",\"url\":\"https:\\\/\\\/shop.noor.fi\\\/wp-content\\\/uploads\\\/2024\\\/01\\\/Oy-Noortrade-Ab-Corbel-VERSAL-bold-BLACK.png\",\"contentUrl\":\"https:\\\/\\\/shop.noor.fi\\\/wp-content\\\/uploads\\\/2024\\\/01\\\/Oy-Noortrade-Ab-Corbel-VERSAL-bold-BLACK.png\",\"width\":721,\"height\":177,\"caption\":\"Oy Noortrade Ab\"},\"image\":{\"@id\":\"https:\\\/\\\/shopnoorfi-wp31835.test.cchosting.fi\\\/#\\\/schema\\\/logo\\\/image\\\/\"}}]}<\/script>\n<!-- \/ Yoast SEO plugin. -->","yoast_head_json":{"title":"System LED Extra istappsslinga 3m svart\/kallvit - Oy Noortrade Ab","robots":{"index":"index","follow":"follow","max-snippet":"max-snippet:-1","max-image-preview":"max-image-preview:large","max-video-preview":"max-video-preview:-1"},"canonical":"https:\/\/shop.noor.fi\/sv\/produkt\/system-led-extra-istappsslinga-svart-kallvit-2\/","og_locale":"sv_SE","og_type":"article","og_title":"System LED Extra istappsslinga 3m svart\/kallvit - Oy Noortrade Ab","og_description":"System LED \u00e4r en h\u00f6gkvalitativ utbyggbar ljusslinga som l\u00e4mpar sig f\u00f6r dekorationsbelysning s\u00e5v\u00e4l f\u00f6r offentliga milj\u00f6er som f\u00f6r konsumenter. System LED produkterna har en l\u00e5ng livsl\u00e4ngd och ger ett mycket kraftigt ljussken. SR-465-48-1 \u00e4r en 3 meter bred och 40 cm h\u00f6g istappsslinga med 50 kallvita LED-lampor. Kabeln \u00e4r svart. Avst\u00e5nd mellan lampor \u00e4r 10 [&hellip;]","og_url":"https:\/\/shop.noor.fi\/sv\/produkt\/system-led-extra-istappsslinga-svart-kallvit-2\/","og_site_name":"Oy Noortrade Ab","article_modified_time":"2026-03-12T08:56:30+00:00","og_image":[{"width":450,"height":450,"url":"https:\/\/shop.noor.fi\/wp-content\/uploads\/2023\/11\/7391482058355.jpg","type":"image\/jpeg"}],"twitter_card":"summary_large_image","schema":{"@context":"https:\/\/schema.org","@graph":[{"@type":"WebPage","@id":"https:\/\/shop.noor.fi\/sv\/produkt\/system-led-extra-istappsslinga-svart-kallvit-2\/","url":"https:\/\/shop.noor.fi\/sv\/produkt\/system-led-extra-istappsslinga-svart-kallvit-2\/","name":"System LED Extra istappsslinga 3m svart\/kallvit - Oy Noortrade Ab","isPartOf":{"@id":"https:\/\/shopnoorfi-wp31835.test.cchosting.fi\/#website"},"primaryImageOfPage":{"@id":"https:\/\/shop.noor.fi\/sv\/produkt\/system-led-extra-istappsslinga-svart-kallvit-2\/#primaryimage"},"image":{"@id":"https:\/\/shop.noor.fi\/sv\/produkt\/system-led-extra-istappsslinga-svart-kallvit-2\/#primaryimage"},"thumbnailUrl":"https:\/\/shop.noor.fi\/wp-content\/uploads\/2023\/11\/7391482058355.jpg","datePublished":"2023-11-01T16:29:42+00:00","dateModified":"2026-03-12T08:56:30+00:00","breadcrumb":{"@id":"https:\/\/shop.noor.fi\/sv\/produkt\/system-led-extra-istappsslinga-svart-kallvit-2\/#breadcrumb"},"inLanguage":"sv-SE","potentialAction":[{"@type":"ReadAction","target":["https:\/\/shop.noor.fi\/sv\/produkt\/system-led-extra-istappsslinga-svart-kallvit-2\/"]}]},{"@type":"ImageObject","inLanguage":"sv-SE","@id":"https:\/\/shop.noor.fi\/sv\/produkt\/system-led-extra-istappsslinga-svart-kallvit-2\/#primaryimage","url":"https:\/\/shop.noor.fi\/wp-content\/uploads\/2023\/11\/7391482058355.jpg","contentUrl":"https:\/\/shop.noor.fi\/wp-content\/uploads\/2023\/11\/7391482058355.jpg","width":450,"height":450},{"@type":"BreadcrumbList","@id":"https:\/\/shop.noor.fi\/sv\/produkt\/system-led-extra-istappsslinga-svart-kallvit-2\/#breadcrumb","itemListElement":[{"@type":"ListItem","position":1,"name":"Etusivu","item":"https:\/\/shop.noor.fi\/sv\/"},{"@type":"ListItem","position":2,"name":"Butik","item":"https:\/\/shopnoorfi-wp31835.test.cchosting.fi\/sv\/butik\/"},{"@type":"ListItem","position":3,"name":"System LED Extra istappsslinga 3m svart\/kallvit"}]},{"@type":"WebSite","@id":"https:\/\/shopnoorfi-wp31835.test.cchosting.fi\/#website","url":"https:\/\/shopnoorfi-wp31835.test.cchosting.fi\/","name":"Oy Noortrade Ab","description":"Finnish family owned company with over 30 years of professional experience in lighting &amp; interior products import and sales - reliably.","publisher":{"@id":"https:\/\/shopnoorfi-wp31835.test.cchosting.fi\/#organization"},"potentialAction":[{"@type":"SearchAction","target":{"@type":"EntryPoint","urlTemplate":"https:\/\/shopnoorfi-wp31835.test.cchosting.fi\/?s={search_term_string}"},"query-input":{"@type":"PropertyValueSpecification","valueRequired":true,"valueName":"search_term_string"}}],"inLanguage":"sv-SE"},{"@type":"Organization","@id":"https:\/\/shopnoorfi-wp31835.test.cchosting.fi\/#organization","name":"Oy Noortrade Ab","url":"https:\/\/shopnoorfi-wp31835.test.cchosting.fi\/","logo":{"@type":"ImageObject","inLanguage":"sv-SE","@id":"https:\/\/shopnoorfi-wp31835.test.cchosting.fi\/#\/schema\/logo\/image\/","url":"https:\/\/shop.noor.fi\/wp-content\/uploads\/2024\/01\/Oy-Noortrade-Ab-Corbel-VERSAL-bold-BLACK.png","contentUrl":"https:\/\/shop.noor.fi\/wp-content\/uploads\/2024\/01\/Oy-Noortrade-Ab-Corbel-VERSAL-bold-BLACK.png","width":721,"height":177,"caption":"Oy Noortrade Ab"},"image":{"@id":"https:\/\/shopnoorfi-wp31835.test.cchosting.fi\/#\/schema\/logo\/image\/"}}]}},"brands":[{"id":28728,"name":"Star Trading","slug":"star-trading"}],"_links":{"self":[{"href":"https:\/\/shop.noor.fi\/sv\/wp-json\/wp\/v2\/product\/107350","targetHints":{"allow":["GET"]}}],"collection":[{"href":"https:\/\/shop.noor.fi\/sv\/wp-json\/wp\/v2\/product"}],"about":[{"href":"https:\/\/shop.noor.fi\/sv\/wp-json\/wp\/v2\/types\/product"}],"replies":[{"embeddable":true,"href":"https:\/\/shop.noor.fi\/sv\/wp-json\/wp\/v2\/comments?post=107350"}],"wp:featuredmedia":[{"embeddable":true,"href":"https:\/\/shop.noor.fi\/sv\/wp-json\/wp\/v2\/media\/29013"}],"wp:attachment":[{"href":"https:\/\/shop.noor.fi\/sv\/wp-json\/wp\/v2\/media?parent=107350"}],"wp:term":[{"taxonomy":"pwb-brand","embeddable":true,"href":"https:\/\/shop.noor.fi\/sv\/wp-json\/wp\/v2\/pwb-brand?post=107350"},{"taxonomy":"product_brand","embeddable":true,"href":"https:\/\/shop.noor.fi\/sv\/wp-json\/wp\/v2\/product_brand?post=107350"},{"taxonomy":"product_cat","embeddable":true,"href":"https:\/\/shop.noor.fi\/sv\/wp-json\/wp\/v2\/product_cat?post=107350"},{"taxonomy":"product_tag","embeddable":true,"href":"https:\/\/shop.noor.fi\/sv\/wp-json\/wp\/v2\/product_tag?post=107350"}],"curies":[{"name":"wp","href":"https:\/\/api.w.org\/{rel}","templated":true}]}}