{"id":107283,"date":"2023-11-01T18:26:10","date_gmt":"2023-11-01T16:26:10","guid":{"rendered":"https:\/\/shop.noor.fi\/product\/dew-drop-ljusslinga-100-l-rgb\/"},"modified":"2026-03-18T15:22:31","modified_gmt":"2026-03-18T13:22:31","slug":"dew-drop-ljusslinga-100-l-rgb-2","status":"publish","type":"product","link":"https:\/\/shop.noor.fi\/sv\/produkt\/dew-drop-ljusslinga-100-l-rgb-2\/","title":{"rendered":"Dew Drop ljusslinga 100 L RGB"},"content":{"rendered":"<p>10 m l\u00e5ng Dew Drop ljusslinga med 100 sm\u00e5 LED-ljuspunkter. Ljusslingan har 11 olika funktioner och du kan v\u00e4lja mellan varmvitt och flerf\u00e4rgat ljus. Kan anv\u00e4ndas vid diverse dekorationer till vardags och fest. Kabeln \u00e4r silverf\u00e4rgad.<br \/>\nSladdl\u00e4ngd 300 cm.<br \/>\nAvst\u00e5nd mellan lampor 10 cm.<br \/>\nIntegrerad LED, lamporna \u00e4r ej utbytbara.<\/p>\n","protected":false},"excerpt":{"rendered":"<p>10 m l\u00e5ng Dew Drop ljusslinga med 100 sm\u00e5 LED-ljuspunkter. Ljusslingan har 11 olika funktioner och du kan v\u00e4lja mellan varmvitt och flerf\u00e4rgat ljus. Kan anv\u00e4ndas vid diverse dekorationer till vardags och fest. Kabeln \u00e4r silverf\u00e4rgad. Sladdl\u00e4ngd 300 cm. Avst\u00e5nd mellan lampor 10 cm. Integrerad LED, lamporna \u00e4r ej utbytbara.<\/p>\n","protected":false},"featured_media":26081,"comment_status":"open","ping_status":"closed","template":"","meta":{"_acf_changed":false,"_relevanssi_hide_post":"","_relevanssi_hide_content":"","_relevanssi_pin_for_all":"","_relevanssi_pin_keywords":"","_relevanssi_unpin_keywords":"","_relevanssi_related_keywords":"","_relevanssi_related_include_ids":"","_relevanssi_related_exclude_ids":"","_relevanssi_related_no_append":"","_relevanssi_related_not_related":"","_relevanssi_related_posts":"","_relevanssi_noindex_reason":""},"pwb-brand":[28728],"product_brand":[],"product_cat":[31998],"product_tag":[],"class_list":{"0":"post-107283","1":"product","2":"type-product","3":"status-publish","4":"has-post-thumbnail","6":"pwb-brand-star-trading","7":"product_cat-dew-drop-slingor","9":"first","10":"instock","11":"taxable","12":"shipping-taxable","13":"purchasable","14":"product-type-simple"},"acf":[],"yoast_head":"<!-- This site is optimized with the Yoast SEO plugin v27.5 - https:\/\/yoast.com\/product\/yoast-seo-wordpress\/ -->\n<title>Dew Drop ljusslinga 100 L RGB - Oy Noortrade Ab<\/title>\n<meta name=\"robots\" content=\"index, follow, max-snippet:-1, max-image-preview:large, max-video-preview:-1\" \/>\n<link rel=\"canonical\" href=\"https:\/\/shop.noor.fi\/sv\/produkt\/dew-drop-ljusslinga-100-l-rgb-2\/\" \/>\n<meta property=\"og:locale\" content=\"sv_SE\" \/>\n<meta property=\"og:type\" content=\"article\" \/>\n<meta property=\"og:title\" content=\"Dew Drop ljusslinga 100 L RGB - Oy Noortrade Ab\" \/>\n<meta property=\"og:description\" content=\"10 m l\u00e5ng Dew Drop ljusslinga med 100 sm\u00e5 LED-ljuspunkter. Ljusslingan har 11 olika funktioner och du kan v\u00e4lja mellan varmvitt och flerf\u00e4rgat ljus. Kan anv\u00e4ndas vid diverse dekorationer till vardags och fest. Kabeln \u00e4r silverf\u00e4rgad. Sladdl\u00e4ngd 300 cm. Avst\u00e5nd mellan lampor 10 cm. Integrerad LED, lamporna \u00e4r ej utbytbara.\" \/>\n<meta property=\"og:url\" content=\"https:\/\/shop.noor.fi\/sv\/produkt\/dew-drop-ljusslinga-100-l-rgb-2\/\" \/>\n<meta property=\"og:site_name\" content=\"Oy Noortrade Ab\" \/>\n<meta property=\"article:modified_time\" content=\"2026-03-18T13:22:31+00:00\" \/>\n<meta property=\"og:image\" content=\"https:\/\/shop.noor.fi\/wp-content\/uploads\/2023\/11\/7391482063397.jpg\" \/>\n\t<meta property=\"og:image:width\" content=\"1920\" \/>\n\t<meta property=\"og:image:height\" content=\"523\" \/>\n\t<meta property=\"og:image:type\" content=\"image\/jpeg\" \/>\n<meta name=\"twitter:card\" content=\"summary_large_image\" \/>\n<script type=\"application\/ld+json\" class=\"yoast-schema-graph\">{\"@context\":\"https:\\\/\\\/schema.org\",\"@graph\":[{\"@type\":\"WebPage\",\"@id\":\"https:\\\/\\\/shop.noor.fi\\\/sv\\\/produkt\\\/dew-drop-ljusslinga-100-l-rgb-2\\\/\",\"url\":\"https:\\\/\\\/shop.noor.fi\\\/sv\\\/produkt\\\/dew-drop-ljusslinga-100-l-rgb-2\\\/\",\"name\":\"Dew Drop ljusslinga 100 L RGB - Oy Noortrade Ab\",\"isPartOf\":{\"@id\":\"https:\\\/\\\/shopnoorfi-wp31835.test.cchosting.fi\\\/#website\"},\"primaryImageOfPage\":{\"@id\":\"https:\\\/\\\/shop.noor.fi\\\/sv\\\/produkt\\\/dew-drop-ljusslinga-100-l-rgb-2\\\/#primaryimage\"},\"image\":{\"@id\":\"https:\\\/\\\/shop.noor.fi\\\/sv\\\/produkt\\\/dew-drop-ljusslinga-100-l-rgb-2\\\/#primaryimage\"},\"thumbnailUrl\":\"https:\\\/\\\/shop.noor.fi\\\/wp-content\\\/uploads\\\/2023\\\/11\\\/7391482063397.jpg\",\"datePublished\":\"2023-11-01T16:26:10+00:00\",\"dateModified\":\"2026-03-18T13:22:31+00:00\",\"breadcrumb\":{\"@id\":\"https:\\\/\\\/shop.noor.fi\\\/sv\\\/produkt\\\/dew-drop-ljusslinga-100-l-rgb-2\\\/#breadcrumb\"},\"inLanguage\":\"sv-SE\",\"potentialAction\":[{\"@type\":\"ReadAction\",\"target\":[\"https:\\\/\\\/shop.noor.fi\\\/sv\\\/produkt\\\/dew-drop-ljusslinga-100-l-rgb-2\\\/\"]}]},{\"@type\":\"ImageObject\",\"inLanguage\":\"sv-SE\",\"@id\":\"https:\\\/\\\/shop.noor.fi\\\/sv\\\/produkt\\\/dew-drop-ljusslinga-100-l-rgb-2\\\/#primaryimage\",\"url\":\"https:\\\/\\\/shop.noor.fi\\\/wp-content\\\/uploads\\\/2023\\\/11\\\/7391482063397.jpg\",\"contentUrl\":\"https:\\\/\\\/shop.noor.fi\\\/wp-content\\\/uploads\\\/2023\\\/11\\\/7391482063397.jpg\",\"width\":1920,\"height\":523},{\"@type\":\"BreadcrumbList\",\"@id\":\"https:\\\/\\\/shop.noor.fi\\\/sv\\\/produkt\\\/dew-drop-ljusslinga-100-l-rgb-2\\\/#breadcrumb\",\"itemListElement\":[{\"@type\":\"ListItem\",\"position\":1,\"name\":\"Etusivu\",\"item\":\"https:\\\/\\\/shop.noor.fi\\\/sv\\\/\"},{\"@type\":\"ListItem\",\"position\":2,\"name\":\"Butik\",\"item\":\"https:\\\/\\\/shopnoorfi-wp31835.test.cchosting.fi\\\/sv\\\/butik\\\/\"},{\"@type\":\"ListItem\",\"position\":3,\"name\":\"Dew Drop ljusslinga 100 L RGB\"}]},{\"@type\":\"WebSite\",\"@id\":\"https:\\\/\\\/shopnoorfi-wp31835.test.cchosting.fi\\\/#website\",\"url\":\"https:\\\/\\\/shopnoorfi-wp31835.test.cchosting.fi\\\/\",\"name\":\"Oy Noortrade Ab\",\"description\":\"Finnish family owned company with over 30 years of professional experience in lighting &amp; interior products import and sales - reliably.\",\"publisher\":{\"@id\":\"https:\\\/\\\/shopnoorfi-wp31835.test.cchosting.fi\\\/#organization\"},\"potentialAction\":[{\"@type\":\"SearchAction\",\"target\":{\"@type\":\"EntryPoint\",\"urlTemplate\":\"https:\\\/\\\/shopnoorfi-wp31835.test.cchosting.fi\\\/?s={search_term_string}\"},\"query-input\":{\"@type\":\"PropertyValueSpecification\",\"valueRequired\":true,\"valueName\":\"search_term_string\"}}],\"inLanguage\":\"sv-SE\"},{\"@type\":\"Organization\",\"@id\":\"https:\\\/\\\/shopnoorfi-wp31835.test.cchosting.fi\\\/#organization\",\"name\":\"Oy Noortrade Ab\",\"url\":\"https:\\\/\\\/shopnoorfi-wp31835.test.cchosting.fi\\\/\",\"logo\":{\"@type\":\"ImageObject\",\"inLanguage\":\"sv-SE\",\"@id\":\"https:\\\/\\\/shopnoorfi-wp31835.test.cchosting.fi\\\/#\\\/schema\\\/logo\\\/image\\\/\",\"url\":\"https:\\\/\\\/shop.noor.fi\\\/wp-content\\\/uploads\\\/2024\\\/01\\\/Oy-Noortrade-Ab-Corbel-VERSAL-bold-BLACK.png\",\"contentUrl\":\"https:\\\/\\\/shop.noor.fi\\\/wp-content\\\/uploads\\\/2024\\\/01\\\/Oy-Noortrade-Ab-Corbel-VERSAL-bold-BLACK.png\",\"width\":721,\"height\":177,\"caption\":\"Oy Noortrade Ab\"},\"image\":{\"@id\":\"https:\\\/\\\/shopnoorfi-wp31835.test.cchosting.fi\\\/#\\\/schema\\\/logo\\\/image\\\/\"}}]}<\/script>\n<!-- \/ Yoast SEO plugin. -->","yoast_head_json":{"title":"Dew Drop ljusslinga 100 L RGB - Oy Noortrade Ab","robots":{"index":"index","follow":"follow","max-snippet":"max-snippet:-1","max-image-preview":"max-image-preview:large","max-video-preview":"max-video-preview:-1"},"canonical":"https:\/\/shop.noor.fi\/sv\/produkt\/dew-drop-ljusslinga-100-l-rgb-2\/","og_locale":"sv_SE","og_type":"article","og_title":"Dew Drop ljusslinga 100 L RGB - Oy Noortrade Ab","og_description":"10 m l\u00e5ng Dew Drop ljusslinga med 100 sm\u00e5 LED-ljuspunkter. Ljusslingan har 11 olika funktioner och du kan v\u00e4lja mellan varmvitt och flerf\u00e4rgat ljus. Kan anv\u00e4ndas vid diverse dekorationer till vardags och fest. Kabeln \u00e4r silverf\u00e4rgad. Sladdl\u00e4ngd 300 cm. Avst\u00e5nd mellan lampor 10 cm. Integrerad LED, lamporna \u00e4r ej utbytbara.","og_url":"https:\/\/shop.noor.fi\/sv\/produkt\/dew-drop-ljusslinga-100-l-rgb-2\/","og_site_name":"Oy Noortrade Ab","article_modified_time":"2026-03-18T13:22:31+00:00","og_image":[{"width":1920,"height":523,"url":"https:\/\/shop.noor.fi\/wp-content\/uploads\/2023\/11\/7391482063397.jpg","type":"image\/jpeg"}],"twitter_card":"summary_large_image","schema":{"@context":"https:\/\/schema.org","@graph":[{"@type":"WebPage","@id":"https:\/\/shop.noor.fi\/sv\/produkt\/dew-drop-ljusslinga-100-l-rgb-2\/","url":"https:\/\/shop.noor.fi\/sv\/produkt\/dew-drop-ljusslinga-100-l-rgb-2\/","name":"Dew Drop ljusslinga 100 L RGB - Oy Noortrade Ab","isPartOf":{"@id":"https:\/\/shopnoorfi-wp31835.test.cchosting.fi\/#website"},"primaryImageOfPage":{"@id":"https:\/\/shop.noor.fi\/sv\/produkt\/dew-drop-ljusslinga-100-l-rgb-2\/#primaryimage"},"image":{"@id":"https:\/\/shop.noor.fi\/sv\/produkt\/dew-drop-ljusslinga-100-l-rgb-2\/#primaryimage"},"thumbnailUrl":"https:\/\/shop.noor.fi\/wp-content\/uploads\/2023\/11\/7391482063397.jpg","datePublished":"2023-11-01T16:26:10+00:00","dateModified":"2026-03-18T13:22:31+00:00","breadcrumb":{"@id":"https:\/\/shop.noor.fi\/sv\/produkt\/dew-drop-ljusslinga-100-l-rgb-2\/#breadcrumb"},"inLanguage":"sv-SE","potentialAction":[{"@type":"ReadAction","target":["https:\/\/shop.noor.fi\/sv\/produkt\/dew-drop-ljusslinga-100-l-rgb-2\/"]}]},{"@type":"ImageObject","inLanguage":"sv-SE","@id":"https:\/\/shop.noor.fi\/sv\/produkt\/dew-drop-ljusslinga-100-l-rgb-2\/#primaryimage","url":"https:\/\/shop.noor.fi\/wp-content\/uploads\/2023\/11\/7391482063397.jpg","contentUrl":"https:\/\/shop.noor.fi\/wp-content\/uploads\/2023\/11\/7391482063397.jpg","width":1920,"height":523},{"@type":"BreadcrumbList","@id":"https:\/\/shop.noor.fi\/sv\/produkt\/dew-drop-ljusslinga-100-l-rgb-2\/#breadcrumb","itemListElement":[{"@type":"ListItem","position":1,"name":"Etusivu","item":"https:\/\/shop.noor.fi\/sv\/"},{"@type":"ListItem","position":2,"name":"Butik","item":"https:\/\/shopnoorfi-wp31835.test.cchosting.fi\/sv\/butik\/"},{"@type":"ListItem","position":3,"name":"Dew Drop ljusslinga 100 L RGB"}]},{"@type":"WebSite","@id":"https:\/\/shopnoorfi-wp31835.test.cchosting.fi\/#website","url":"https:\/\/shopnoorfi-wp31835.test.cchosting.fi\/","name":"Oy Noortrade Ab","description":"Finnish family owned company with over 30 years of professional experience in lighting &amp; interior products import and sales - reliably.","publisher":{"@id":"https:\/\/shopnoorfi-wp31835.test.cchosting.fi\/#organization"},"potentialAction":[{"@type":"SearchAction","target":{"@type":"EntryPoint","urlTemplate":"https:\/\/shopnoorfi-wp31835.test.cchosting.fi\/?s={search_term_string}"},"query-input":{"@type":"PropertyValueSpecification","valueRequired":true,"valueName":"search_term_string"}}],"inLanguage":"sv-SE"},{"@type":"Organization","@id":"https:\/\/shopnoorfi-wp31835.test.cchosting.fi\/#organization","name":"Oy Noortrade Ab","url":"https:\/\/shopnoorfi-wp31835.test.cchosting.fi\/","logo":{"@type":"ImageObject","inLanguage":"sv-SE","@id":"https:\/\/shopnoorfi-wp31835.test.cchosting.fi\/#\/schema\/logo\/image\/","url":"https:\/\/shop.noor.fi\/wp-content\/uploads\/2024\/01\/Oy-Noortrade-Ab-Corbel-VERSAL-bold-BLACK.png","contentUrl":"https:\/\/shop.noor.fi\/wp-content\/uploads\/2024\/01\/Oy-Noortrade-Ab-Corbel-VERSAL-bold-BLACK.png","width":721,"height":177,"caption":"Oy Noortrade Ab"},"image":{"@id":"https:\/\/shopnoorfi-wp31835.test.cchosting.fi\/#\/schema\/logo\/image\/"}}]}},"brands":[{"id":28728,"name":"Star Trading","slug":"star-trading"}],"_links":{"self":[{"href":"https:\/\/shop.noor.fi\/sv\/wp-json\/wp\/v2\/product\/107283","targetHints":{"allow":["GET"]}}],"collection":[{"href":"https:\/\/shop.noor.fi\/sv\/wp-json\/wp\/v2\/product"}],"about":[{"href":"https:\/\/shop.noor.fi\/sv\/wp-json\/wp\/v2\/types\/product"}],"replies":[{"embeddable":true,"href":"https:\/\/shop.noor.fi\/sv\/wp-json\/wp\/v2\/comments?post=107283"}],"wp:featuredmedia":[{"embeddable":true,"href":"https:\/\/shop.noor.fi\/sv\/wp-json\/wp\/v2\/media\/26081"}],"wp:attachment":[{"href":"https:\/\/shop.noor.fi\/sv\/wp-json\/wp\/v2\/media?parent=107283"}],"wp:term":[{"taxonomy":"pwb-brand","embeddable":true,"href":"https:\/\/shop.noor.fi\/sv\/wp-json\/wp\/v2\/pwb-brand?post=107283"},{"taxonomy":"product_brand","embeddable":true,"href":"https:\/\/shop.noor.fi\/sv\/wp-json\/wp\/v2\/product_brand?post=107283"},{"taxonomy":"product_cat","embeddable":true,"href":"https:\/\/shop.noor.fi\/sv\/wp-json\/wp\/v2\/product_cat?post=107283"},{"taxonomy":"product_tag","embeddable":true,"href":"https:\/\/shop.noor.fi\/sv\/wp-json\/wp\/v2\/product_tag?post=107283"}],"curies":[{"name":"wp","href":"https:\/\/api.w.org\/{rel}","templated":true}]}}