{"id":107233,"date":"2023-11-01T18:23:39","date_gmt":"2023-11-01T16:23:39","guid":{"rendered":"https:\/\/shop.noor.fi\/product\/julgransljus-16-led-klar\/"},"modified":"2026-03-18T14:10:37","modified_gmt":"2026-03-18T12:10:37","slug":"julgransljus-16-led-klar","status":"publish","type":"product","link":"https:\/\/shop.noor.fi\/sv\/produkt\/julgransljus-16-led-klar\/","title":{"rendered":"Olov 16-del. LED julgransbelysning f\u00f6r utomhusbruk"},"content":{"rendered":"<p>Julgransbelysning med 16 utbytbara LED-ljusk\u00e4llor f\u00f6r b\u00e5de inom- och utomhusbruk. Ljusen ser verklighetstrogna ut och ger ett klart ljus. Dekorera granen med dessa ljus f\u00f6r att skapa en mysig julk\u00e4nsla i hemmet.<br \/>\nDenna julgransbelysning \u00e4r dubbelledad, vilket inneb\u00e4r att lamporna sitter monterade p\u00e5 en rad. Den f\u00f6rsta lampan sitten n\u00e4rmst v\u00e4ggkontakten och den sista i slutet av slingan.<br \/>\nL\u00e4ngd 7,5 m, sladdl\u00e4ngd 1,5 m.<br \/>\nAvst\u00e5nd mellan lampor: 70 cm.<\/p>\n<p>L\u00e4ngd 1050 cm<br \/>\nDjup 5 cm<br \/>\nH\u00f6jd 11,5 cm<\/p>\n<p>Reservlampa: SR-300-95.<\/p>\n","protected":false},"excerpt":{"rendered":"<p>Julgransbelysning med 16 utbytbara LED-ljusk\u00e4llor f\u00f6r b\u00e5de inom- och utomhusbruk. Ljusen ser verklighetstrogna ut och ger ett klart ljus. Dekorera granen med dessa ljus f\u00f6r att skapa en mysig julk\u00e4nsla i hemmet. Denna julgransbelysning \u00e4r dubbelledad, vilket inneb\u00e4r att lamporna sitter monterade p\u00e5 en rad. Den f\u00f6rsta lampan sitten n\u00e4rmst v\u00e4ggkontakten och den sista i [&hellip;]<\/p>\n","protected":false},"featured_media":21880,"comment_status":"open","ping_status":"closed","template":"","meta":{"_acf_changed":false,"_relevanssi_hide_post":"","_relevanssi_hide_content":"","_relevanssi_pin_for_all":"","_relevanssi_pin_keywords":"","_relevanssi_unpin_keywords":"","_relevanssi_related_keywords":"","_relevanssi_related_include_ids":"","_relevanssi_related_exclude_ids":"","_relevanssi_related_no_append":"","_relevanssi_related_not_related":"","_relevanssi_related_posts":"","_relevanssi_noindex_reason":""},"pwb-brand":[28728],"product_brand":[],"product_cat":[32014,32177],"product_tag":[],"class_list":{"0":"post-107233","1":"product","2":"type-product","3":"status-publish","4":"has-post-thumbnail","6":"pwb-brand-star-trading","7":"product_cat-tillbehor-granar","8":"product_cat-julgransbelysning","10":"first","11":"onbackorder","12":"taxable","13":"shipping-taxable","14":"purchasable","15":"product-type-simple"},"acf":[],"yoast_head":"<!-- This site is optimized with the Yoast SEO plugin v27.5 - https:\/\/yoast.com\/product\/yoast-seo-wordpress\/ -->\n<title>Olov 16-del. LED julgransbelysning f\u00f6r utomhusbruk - Oy Noortrade Ab<\/title>\n<meta name=\"robots\" content=\"index, follow, max-snippet:-1, max-image-preview:large, max-video-preview:-1\" \/>\n<link rel=\"canonical\" href=\"https:\/\/shop.noor.fi\/produkt\/kuusenkynttilat-16-led-kirkas-2\/\" \/>\n<meta property=\"og:locale\" content=\"sv_SE\" \/>\n<meta property=\"og:type\" content=\"article\" \/>\n<meta property=\"og:title\" content=\"Olov 16-del. LED julgransbelysning f\u00f6r utomhusbruk - Oy Noortrade Ab\" \/>\n<meta property=\"og:description\" content=\"Julgransbelysning med 16 utbytbara LED-ljusk\u00e4llor f\u00f6r b\u00e5de inom- och utomhusbruk. Ljusen ser verklighetstrogna ut och ger ett klart ljus. Dekorera granen med dessa ljus f\u00f6r att skapa en mysig julk\u00e4nsla i hemmet. Denna julgransbelysning \u00e4r dubbelledad, vilket inneb\u00e4r att lamporna sitter monterade p\u00e5 en rad. Den f\u00f6rsta lampan sitten n\u00e4rmst v\u00e4ggkontakten och den sista i [&hellip;]\" \/>\n<meta property=\"og:url\" content=\"https:\/\/shop.noor.fi\/produkt\/kuusenkynttilat-16-led-kirkas-2\/\" \/>\n<meta property=\"og:site_name\" content=\"Oy Noortrade Ab\" \/>\n<meta property=\"article:modified_time\" content=\"2026-03-18T12:10:37+00:00\" \/>\n<meta property=\"og:image\" content=\"https:\/\/shop.noor.fi\/wp-content\/uploads\/2023\/11\/7391482410955.jpg\" \/>\n\t<meta property=\"og:image:width\" content=\"627\" \/>\n\t<meta property=\"og:image:height\" content=\"1080\" \/>\n\t<meta property=\"og:image:type\" content=\"image\/jpeg\" \/>\n<meta name=\"twitter:card\" content=\"summary_large_image\" \/>\n<script type=\"application\/ld+json\" class=\"yoast-schema-graph\">{\"@context\":\"https:\\\/\\\/schema.org\",\"@graph\":[{\"@type\":\"WebPage\",\"@id\":\"https:\\\/\\\/shop.noor.fi\\\/produkt\\\/kuusenkynttilat-16-led-kirkas-2\\\/\",\"url\":\"https:\\\/\\\/shop.noor.fi\\\/produkt\\\/kuusenkynttilat-16-led-kirkas-2\\\/\",\"name\":\"Olov 16-del. LED julgransbelysning f\u00f6r utomhusbruk - Oy Noortrade Ab\",\"isPartOf\":{\"@id\":\"https:\\\/\\\/shopnoorfi-wp31835.test.cchosting.fi\\\/#website\"},\"primaryImageOfPage\":{\"@id\":\"https:\\\/\\\/shop.noor.fi\\\/produkt\\\/kuusenkynttilat-16-led-kirkas-2\\\/#primaryimage\"},\"image\":{\"@id\":\"https:\\\/\\\/shop.noor.fi\\\/produkt\\\/kuusenkynttilat-16-led-kirkas-2\\\/#primaryimage\"},\"thumbnailUrl\":\"https:\\\/\\\/shop.noor.fi\\\/wp-content\\\/uploads\\\/2023\\\/11\\\/7391482410955.jpg\",\"datePublished\":\"2023-11-01T16:23:39+00:00\",\"dateModified\":\"2026-03-18T12:10:37+00:00\",\"breadcrumb\":{\"@id\":\"https:\\\/\\\/shop.noor.fi\\\/produkt\\\/kuusenkynttilat-16-led-kirkas-2\\\/#breadcrumb\"},\"inLanguage\":\"sv-SE\",\"potentialAction\":[{\"@type\":\"ReadAction\",\"target\":[\"https:\\\/\\\/shop.noor.fi\\\/produkt\\\/kuusenkynttilat-16-led-kirkas-2\\\/\"]}]},{\"@type\":\"ImageObject\",\"inLanguage\":\"sv-SE\",\"@id\":\"https:\\\/\\\/shop.noor.fi\\\/produkt\\\/kuusenkynttilat-16-led-kirkas-2\\\/#primaryimage\",\"url\":\"https:\\\/\\\/shop.noor.fi\\\/wp-content\\\/uploads\\\/2023\\\/11\\\/7391482410955.jpg\",\"contentUrl\":\"https:\\\/\\\/shop.noor.fi\\\/wp-content\\\/uploads\\\/2023\\\/11\\\/7391482410955.jpg\",\"width\":627,\"height\":1080},{\"@type\":\"BreadcrumbList\",\"@id\":\"https:\\\/\\\/shop.noor.fi\\\/produkt\\\/kuusenkynttilat-16-led-kirkas-2\\\/#breadcrumb\",\"itemListElement\":[{\"@type\":\"ListItem\",\"position\":1,\"name\":\"Etusivu\",\"item\":\"https:\\\/\\\/shop.noor.fi\\\/sv\\\/\"},{\"@type\":\"ListItem\",\"position\":2,\"name\":\"Butik\",\"item\":\"https:\\\/\\\/shopnoorfi-wp31835.test.cchosting.fi\\\/sv\\\/butik\\\/\"},{\"@type\":\"ListItem\",\"position\":3,\"name\":\"Olov 16-del. LED julgransbelysning f\u00f6r utomhusbruk\"}]},{\"@type\":\"WebSite\",\"@id\":\"https:\\\/\\\/shopnoorfi-wp31835.test.cchosting.fi\\\/#website\",\"url\":\"https:\\\/\\\/shopnoorfi-wp31835.test.cchosting.fi\\\/\",\"name\":\"Oy Noortrade Ab\",\"description\":\"Finnish family owned company with over 30 years of professional experience in lighting &amp; interior products import and sales - reliably.\",\"publisher\":{\"@id\":\"https:\\\/\\\/shopnoorfi-wp31835.test.cchosting.fi\\\/#organization\"},\"potentialAction\":[{\"@type\":\"SearchAction\",\"target\":{\"@type\":\"EntryPoint\",\"urlTemplate\":\"https:\\\/\\\/shopnoorfi-wp31835.test.cchosting.fi\\\/?s={search_term_string}\"},\"query-input\":{\"@type\":\"PropertyValueSpecification\",\"valueRequired\":true,\"valueName\":\"search_term_string\"}}],\"inLanguage\":\"sv-SE\"},{\"@type\":\"Organization\",\"@id\":\"https:\\\/\\\/shopnoorfi-wp31835.test.cchosting.fi\\\/#organization\",\"name\":\"Oy Noortrade Ab\",\"url\":\"https:\\\/\\\/shopnoorfi-wp31835.test.cchosting.fi\\\/\",\"logo\":{\"@type\":\"ImageObject\",\"inLanguage\":\"sv-SE\",\"@id\":\"https:\\\/\\\/shopnoorfi-wp31835.test.cchosting.fi\\\/#\\\/schema\\\/logo\\\/image\\\/\",\"url\":\"https:\\\/\\\/shop.noor.fi\\\/wp-content\\\/uploads\\\/2024\\\/01\\\/Oy-Noortrade-Ab-Corbel-VERSAL-bold-BLACK.png\",\"contentUrl\":\"https:\\\/\\\/shop.noor.fi\\\/wp-content\\\/uploads\\\/2024\\\/01\\\/Oy-Noortrade-Ab-Corbel-VERSAL-bold-BLACK.png\",\"width\":721,\"height\":177,\"caption\":\"Oy Noortrade Ab\"},\"image\":{\"@id\":\"https:\\\/\\\/shopnoorfi-wp31835.test.cchosting.fi\\\/#\\\/schema\\\/logo\\\/image\\\/\"}}]}<\/script>\n<!-- \/ Yoast SEO plugin. -->","yoast_head_json":{"title":"Olov 16-del. LED julgransbelysning f\u00f6r utomhusbruk - Oy Noortrade Ab","robots":{"index":"index","follow":"follow","max-snippet":"max-snippet:-1","max-image-preview":"max-image-preview:large","max-video-preview":"max-video-preview:-1"},"canonical":"https:\/\/shop.noor.fi\/produkt\/kuusenkynttilat-16-led-kirkas-2\/","og_locale":"sv_SE","og_type":"article","og_title":"Olov 16-del. LED julgransbelysning f\u00f6r utomhusbruk - Oy Noortrade Ab","og_description":"Julgransbelysning med 16 utbytbara LED-ljusk\u00e4llor f\u00f6r b\u00e5de inom- och utomhusbruk. Ljusen ser verklighetstrogna ut och ger ett klart ljus. Dekorera granen med dessa ljus f\u00f6r att skapa en mysig julk\u00e4nsla i hemmet. Denna julgransbelysning \u00e4r dubbelledad, vilket inneb\u00e4r att lamporna sitter monterade p\u00e5 en rad. Den f\u00f6rsta lampan sitten n\u00e4rmst v\u00e4ggkontakten och den sista i [&hellip;]","og_url":"https:\/\/shop.noor.fi\/produkt\/kuusenkynttilat-16-led-kirkas-2\/","og_site_name":"Oy Noortrade Ab","article_modified_time":"2026-03-18T12:10:37+00:00","og_image":[{"width":627,"height":1080,"url":"https:\/\/shop.noor.fi\/wp-content\/uploads\/2023\/11\/7391482410955.jpg","type":"image\/jpeg"}],"twitter_card":"summary_large_image","schema":{"@context":"https:\/\/schema.org","@graph":[{"@type":"WebPage","@id":"https:\/\/shop.noor.fi\/produkt\/kuusenkynttilat-16-led-kirkas-2\/","url":"https:\/\/shop.noor.fi\/produkt\/kuusenkynttilat-16-led-kirkas-2\/","name":"Olov 16-del. LED julgransbelysning f\u00f6r utomhusbruk - Oy Noortrade Ab","isPartOf":{"@id":"https:\/\/shopnoorfi-wp31835.test.cchosting.fi\/#website"},"primaryImageOfPage":{"@id":"https:\/\/shop.noor.fi\/produkt\/kuusenkynttilat-16-led-kirkas-2\/#primaryimage"},"image":{"@id":"https:\/\/shop.noor.fi\/produkt\/kuusenkynttilat-16-led-kirkas-2\/#primaryimage"},"thumbnailUrl":"https:\/\/shop.noor.fi\/wp-content\/uploads\/2023\/11\/7391482410955.jpg","datePublished":"2023-11-01T16:23:39+00:00","dateModified":"2026-03-18T12:10:37+00:00","breadcrumb":{"@id":"https:\/\/shop.noor.fi\/produkt\/kuusenkynttilat-16-led-kirkas-2\/#breadcrumb"},"inLanguage":"sv-SE","potentialAction":[{"@type":"ReadAction","target":["https:\/\/shop.noor.fi\/produkt\/kuusenkynttilat-16-led-kirkas-2\/"]}]},{"@type":"ImageObject","inLanguage":"sv-SE","@id":"https:\/\/shop.noor.fi\/produkt\/kuusenkynttilat-16-led-kirkas-2\/#primaryimage","url":"https:\/\/shop.noor.fi\/wp-content\/uploads\/2023\/11\/7391482410955.jpg","contentUrl":"https:\/\/shop.noor.fi\/wp-content\/uploads\/2023\/11\/7391482410955.jpg","width":627,"height":1080},{"@type":"BreadcrumbList","@id":"https:\/\/shop.noor.fi\/produkt\/kuusenkynttilat-16-led-kirkas-2\/#breadcrumb","itemListElement":[{"@type":"ListItem","position":1,"name":"Etusivu","item":"https:\/\/shop.noor.fi\/sv\/"},{"@type":"ListItem","position":2,"name":"Butik","item":"https:\/\/shopnoorfi-wp31835.test.cchosting.fi\/sv\/butik\/"},{"@type":"ListItem","position":3,"name":"Olov 16-del. LED julgransbelysning f\u00f6r utomhusbruk"}]},{"@type":"WebSite","@id":"https:\/\/shopnoorfi-wp31835.test.cchosting.fi\/#website","url":"https:\/\/shopnoorfi-wp31835.test.cchosting.fi\/","name":"Oy Noortrade Ab","description":"Finnish family owned company with over 30 years of professional experience in lighting &amp; interior products import and sales - reliably.","publisher":{"@id":"https:\/\/shopnoorfi-wp31835.test.cchosting.fi\/#organization"},"potentialAction":[{"@type":"SearchAction","target":{"@type":"EntryPoint","urlTemplate":"https:\/\/shopnoorfi-wp31835.test.cchosting.fi\/?s={search_term_string}"},"query-input":{"@type":"PropertyValueSpecification","valueRequired":true,"valueName":"search_term_string"}}],"inLanguage":"sv-SE"},{"@type":"Organization","@id":"https:\/\/shopnoorfi-wp31835.test.cchosting.fi\/#organization","name":"Oy Noortrade Ab","url":"https:\/\/shopnoorfi-wp31835.test.cchosting.fi\/","logo":{"@type":"ImageObject","inLanguage":"sv-SE","@id":"https:\/\/shopnoorfi-wp31835.test.cchosting.fi\/#\/schema\/logo\/image\/","url":"https:\/\/shop.noor.fi\/wp-content\/uploads\/2024\/01\/Oy-Noortrade-Ab-Corbel-VERSAL-bold-BLACK.png","contentUrl":"https:\/\/shop.noor.fi\/wp-content\/uploads\/2024\/01\/Oy-Noortrade-Ab-Corbel-VERSAL-bold-BLACK.png","width":721,"height":177,"caption":"Oy Noortrade Ab"},"image":{"@id":"https:\/\/shopnoorfi-wp31835.test.cchosting.fi\/#\/schema\/logo\/image\/"}}]}},"brands":[{"id":28728,"name":"Star Trading","slug":"star-trading"}],"_links":{"self":[{"href":"https:\/\/shop.noor.fi\/sv\/wp-json\/wp\/v2\/product\/107233","targetHints":{"allow":["GET"]}}],"collection":[{"href":"https:\/\/shop.noor.fi\/sv\/wp-json\/wp\/v2\/product"}],"about":[{"href":"https:\/\/shop.noor.fi\/sv\/wp-json\/wp\/v2\/types\/product"}],"replies":[{"embeddable":true,"href":"https:\/\/shop.noor.fi\/sv\/wp-json\/wp\/v2\/comments?post=107233"}],"wp:featuredmedia":[{"embeddable":true,"href":"https:\/\/shop.noor.fi\/sv\/wp-json\/wp\/v2\/media\/21880"}],"wp:attachment":[{"href":"https:\/\/shop.noor.fi\/sv\/wp-json\/wp\/v2\/media?parent=107233"}],"wp:term":[{"taxonomy":"pwb-brand","embeddable":true,"href":"https:\/\/shop.noor.fi\/sv\/wp-json\/wp\/v2\/pwb-brand?post=107233"},{"taxonomy":"product_brand","embeddable":true,"href":"https:\/\/shop.noor.fi\/sv\/wp-json\/wp\/v2\/product_brand?post=107233"},{"taxonomy":"product_cat","embeddable":true,"href":"https:\/\/shop.noor.fi\/sv\/wp-json\/wp\/v2\/product_cat?post=107233"},{"taxonomy":"product_tag","embeddable":true,"href":"https:\/\/shop.noor.fi\/sv\/wp-json\/wp\/v2\/product_tag?post=107233"}],"curies":[{"name":"wp","href":"https:\/\/api.w.org\/{rel}","templated":true}]}}