{"id":107231,"date":"2023-11-01T18:23:34","date_gmt":"2023-11-01T16:23:34","guid":{"rendered":"https:\/\/shop.noor.fi\/product\/julgransljus-16-klar\/"},"modified":"2026-03-18T14:10:30","modified_gmt":"2026-03-18T12:10:30","slug":"julgransljus-16-klar-3","status":"publish","type":"product","link":"https:\/\/shop.noor.fi\/sv\/produkt\/julgransljus-16-klar-3\/","title":{"rendered":"Erik 16-delad julgransbelysning f\u00f6r utomhusbruk"},"content":{"rendered":"<p>Jjulgransbelysning med 16 utbytbara ljusk\u00e4llor, f\u00f6r inom- och utomhusbruk. Ljusen ser verklighetstrogna ut och ger ett klart ljus.<br \/>\nDekorera granen med dessa ljus f\u00f6r att skapa en mysig julk\u00e4nsla i hemmet.<br \/>\nDenna julgransbelysning \u00e4r enkelledad, vilket inneb\u00e4r att lamporna \u00e4r monterad i en ring, d\u00e4r f\u00f6rsta och sista lampan sitter n\u00e4rmst v\u00e4ggkontakten. F\u00f6r enklast montering, b\u00f6rja med mittersta ljuset l\u00e4ngst upp i granen, placera sedan \u00f6vriga ljus j\u00e4mt f\u00f6rdelat i granen.<br \/>\nL\u00e4ngd 7,5 m, sladdl\u00e4ngd 1,5 m.<br \/>\nAvst\u00e5nd mellan lampor 50 cm.<\/p>\n<p>L\u00e4ngd 750 cm<br \/>\nDjup 5 cm<br \/>\nH\u00f6jd 11 cm<\/p>\n<p>Reservlampa: SR-306-55 eller SR-300-95 (LED).<\/p>\n","protected":false},"excerpt":{"rendered":"<p>Jjulgransbelysning med 16 utbytbara ljusk\u00e4llor, f\u00f6r inom- och utomhusbruk. Ljusen ser verklighetstrogna ut och ger ett klart ljus. Dekorera granen med dessa ljus f\u00f6r att skapa en mysig julk\u00e4nsla i hemmet. Denna julgransbelysning \u00e4r enkelledad, vilket inneb\u00e4r att lamporna \u00e4r monterad i en ring, d\u00e4r f\u00f6rsta och sista lampan sitter n\u00e4rmst v\u00e4ggkontakten. F\u00f6r enklast montering, [&hellip;]<\/p>\n","protected":false},"featured_media":21912,"comment_status":"open","ping_status":"closed","template":"","meta":{"_acf_changed":false,"_relevanssi_hide_post":"","_relevanssi_hide_content":"","_relevanssi_pin_for_all":"","_relevanssi_pin_keywords":"","_relevanssi_unpin_keywords":"","_relevanssi_related_keywords":"","_relevanssi_related_include_ids":"","_relevanssi_related_exclude_ids":"","_relevanssi_related_no_append":"","_relevanssi_related_not_related":"","_relevanssi_related_posts":"","_relevanssi_noindex_reason":""},"pwb-brand":[28728],"product_brand":[],"product_cat":[32014,32177],"product_tag":[],"class_list":{"0":"post-107231","1":"product","2":"type-product","3":"status-publish","4":"has-post-thumbnail","6":"pwb-brand-star-trading","7":"product_cat-tillbehor-granar","8":"product_cat-julgransbelysning","10":"first","11":"onbackorder","12":"taxable","13":"shipping-taxable","14":"purchasable","15":"product-type-simple"},"acf":[],"yoast_head":"<!-- This site is optimized with the Yoast SEO plugin v27.5 - https:\/\/yoast.com\/product\/yoast-seo-wordpress\/ -->\n<title>Erik 16-delad julgransbelysning f\u00f6r utomhusbruk - Oy Noortrade Ab<\/title>\n<meta name=\"robots\" content=\"index, follow, max-snippet:-1, max-image-preview:large, max-video-preview:-1\" \/>\n<link rel=\"canonical\" href=\"https:\/\/shop.noor.fi\/produkt\/kuusenkynttilat-16-kirkas-3\/\" \/>\n<meta property=\"og:locale\" content=\"sv_SE\" \/>\n<meta property=\"og:type\" content=\"article\" \/>\n<meta property=\"og:title\" content=\"Erik 16-delad julgransbelysning f\u00f6r utomhusbruk - Oy Noortrade Ab\" \/>\n<meta property=\"og:description\" content=\"Jjulgransbelysning med 16 utbytbara ljusk\u00e4llor, f\u00f6r inom- och utomhusbruk. Ljusen ser verklighetstrogna ut och ger ett klart ljus. Dekorera granen med dessa ljus f\u00f6r att skapa en mysig julk\u00e4nsla i hemmet. Denna julgransbelysning \u00e4r enkelledad, vilket inneb\u00e4r att lamporna \u00e4r monterad i en ring, d\u00e4r f\u00f6rsta och sista lampan sitter n\u00e4rmst v\u00e4ggkontakten. F\u00f6r enklast montering, [&hellip;]\" \/>\n<meta property=\"og:url\" content=\"https:\/\/shop.noor.fi\/produkt\/kuusenkynttilat-16-kirkas-3\/\" \/>\n<meta property=\"og:site_name\" content=\"Oy Noortrade Ab\" \/>\n<meta property=\"article:modified_time\" content=\"2026-03-18T12:10:30+00:00\" \/>\n<meta property=\"og:image\" content=\"https:\/\/shop.noor.fi\/wp-content\/uploads\/2023\/11\/7391482410559.jpg\" \/>\n\t<meta property=\"og:image:width\" content=\"531\" \/>\n\t<meta property=\"og:image:height\" content=\"1080\" \/>\n\t<meta property=\"og:image:type\" content=\"image\/jpeg\" \/>\n<meta name=\"twitter:card\" content=\"summary_large_image\" \/>\n<meta name=\"twitter:label1\" content=\"Ber\u00e4knad l\u00e4stid\" \/>\n\t<meta name=\"twitter:data1\" content=\"1 minut\" \/>\n<script type=\"application\/ld+json\" class=\"yoast-schema-graph\">{\"@context\":\"https:\\\/\\\/schema.org\",\"@graph\":[{\"@type\":\"WebPage\",\"@id\":\"https:\\\/\\\/shop.noor.fi\\\/produkt\\\/kuusenkynttilat-16-kirkas-3\\\/\",\"url\":\"https:\\\/\\\/shop.noor.fi\\\/produkt\\\/kuusenkynttilat-16-kirkas-3\\\/\",\"name\":\"Erik 16-delad julgransbelysning f\u00f6r utomhusbruk - Oy Noortrade Ab\",\"isPartOf\":{\"@id\":\"https:\\\/\\\/shopnoorfi-wp31835.test.cchosting.fi\\\/#website\"},\"primaryImageOfPage\":{\"@id\":\"https:\\\/\\\/shop.noor.fi\\\/produkt\\\/kuusenkynttilat-16-kirkas-3\\\/#primaryimage\"},\"image\":{\"@id\":\"https:\\\/\\\/shop.noor.fi\\\/produkt\\\/kuusenkynttilat-16-kirkas-3\\\/#primaryimage\"},\"thumbnailUrl\":\"https:\\\/\\\/shop.noor.fi\\\/wp-content\\\/uploads\\\/2023\\\/11\\\/7391482410559.jpg\",\"datePublished\":\"2023-11-01T16:23:34+00:00\",\"dateModified\":\"2026-03-18T12:10:30+00:00\",\"breadcrumb\":{\"@id\":\"https:\\\/\\\/shop.noor.fi\\\/produkt\\\/kuusenkynttilat-16-kirkas-3\\\/#breadcrumb\"},\"inLanguage\":\"sv-SE\",\"potentialAction\":[{\"@type\":\"ReadAction\",\"target\":[\"https:\\\/\\\/shop.noor.fi\\\/produkt\\\/kuusenkynttilat-16-kirkas-3\\\/\"]}]},{\"@type\":\"ImageObject\",\"inLanguage\":\"sv-SE\",\"@id\":\"https:\\\/\\\/shop.noor.fi\\\/produkt\\\/kuusenkynttilat-16-kirkas-3\\\/#primaryimage\",\"url\":\"https:\\\/\\\/shop.noor.fi\\\/wp-content\\\/uploads\\\/2023\\\/11\\\/7391482410559.jpg\",\"contentUrl\":\"https:\\\/\\\/shop.noor.fi\\\/wp-content\\\/uploads\\\/2023\\\/11\\\/7391482410559.jpg\",\"width\":531,\"height\":1080},{\"@type\":\"BreadcrumbList\",\"@id\":\"https:\\\/\\\/shop.noor.fi\\\/produkt\\\/kuusenkynttilat-16-kirkas-3\\\/#breadcrumb\",\"itemListElement\":[{\"@type\":\"ListItem\",\"position\":1,\"name\":\"Etusivu\",\"item\":\"https:\\\/\\\/shop.noor.fi\\\/sv\\\/\"},{\"@type\":\"ListItem\",\"position\":2,\"name\":\"Butik\",\"item\":\"https:\\\/\\\/shopnoorfi-wp31835.test.cchosting.fi\\\/sv\\\/butik\\\/\"},{\"@type\":\"ListItem\",\"position\":3,\"name\":\"Erik 16-delad julgransbelysning f\u00f6r utomhusbruk\"}]},{\"@type\":\"WebSite\",\"@id\":\"https:\\\/\\\/shopnoorfi-wp31835.test.cchosting.fi\\\/#website\",\"url\":\"https:\\\/\\\/shopnoorfi-wp31835.test.cchosting.fi\\\/\",\"name\":\"Oy Noortrade Ab\",\"description\":\"Finnish family owned company with over 30 years of professional experience in lighting &amp; interior products import and sales - reliably.\",\"publisher\":{\"@id\":\"https:\\\/\\\/shopnoorfi-wp31835.test.cchosting.fi\\\/#organization\"},\"potentialAction\":[{\"@type\":\"SearchAction\",\"target\":{\"@type\":\"EntryPoint\",\"urlTemplate\":\"https:\\\/\\\/shopnoorfi-wp31835.test.cchosting.fi\\\/?s={search_term_string}\"},\"query-input\":{\"@type\":\"PropertyValueSpecification\",\"valueRequired\":true,\"valueName\":\"search_term_string\"}}],\"inLanguage\":\"sv-SE\"},{\"@type\":\"Organization\",\"@id\":\"https:\\\/\\\/shopnoorfi-wp31835.test.cchosting.fi\\\/#organization\",\"name\":\"Oy Noortrade Ab\",\"url\":\"https:\\\/\\\/shopnoorfi-wp31835.test.cchosting.fi\\\/\",\"logo\":{\"@type\":\"ImageObject\",\"inLanguage\":\"sv-SE\",\"@id\":\"https:\\\/\\\/shopnoorfi-wp31835.test.cchosting.fi\\\/#\\\/schema\\\/logo\\\/image\\\/\",\"url\":\"https:\\\/\\\/shop.noor.fi\\\/wp-content\\\/uploads\\\/2024\\\/01\\\/Oy-Noortrade-Ab-Corbel-VERSAL-bold-BLACK.png\",\"contentUrl\":\"https:\\\/\\\/shop.noor.fi\\\/wp-content\\\/uploads\\\/2024\\\/01\\\/Oy-Noortrade-Ab-Corbel-VERSAL-bold-BLACK.png\",\"width\":721,\"height\":177,\"caption\":\"Oy Noortrade Ab\"},\"image\":{\"@id\":\"https:\\\/\\\/shopnoorfi-wp31835.test.cchosting.fi\\\/#\\\/schema\\\/logo\\\/image\\\/\"}}]}<\/script>\n<!-- \/ Yoast SEO plugin. -->","yoast_head_json":{"title":"Erik 16-delad julgransbelysning f\u00f6r utomhusbruk - Oy Noortrade Ab","robots":{"index":"index","follow":"follow","max-snippet":"max-snippet:-1","max-image-preview":"max-image-preview:large","max-video-preview":"max-video-preview:-1"},"canonical":"https:\/\/shop.noor.fi\/produkt\/kuusenkynttilat-16-kirkas-3\/","og_locale":"sv_SE","og_type":"article","og_title":"Erik 16-delad julgransbelysning f\u00f6r utomhusbruk - Oy Noortrade Ab","og_description":"Jjulgransbelysning med 16 utbytbara ljusk\u00e4llor, f\u00f6r inom- och utomhusbruk. Ljusen ser verklighetstrogna ut och ger ett klart ljus. Dekorera granen med dessa ljus f\u00f6r att skapa en mysig julk\u00e4nsla i hemmet. Denna julgransbelysning \u00e4r enkelledad, vilket inneb\u00e4r att lamporna \u00e4r monterad i en ring, d\u00e4r f\u00f6rsta och sista lampan sitter n\u00e4rmst v\u00e4ggkontakten. F\u00f6r enklast montering, [&hellip;]","og_url":"https:\/\/shop.noor.fi\/produkt\/kuusenkynttilat-16-kirkas-3\/","og_site_name":"Oy Noortrade Ab","article_modified_time":"2026-03-18T12:10:30+00:00","og_image":[{"width":531,"height":1080,"url":"https:\/\/shop.noor.fi\/wp-content\/uploads\/2023\/11\/7391482410559.jpg","type":"image\/jpeg"}],"twitter_card":"summary_large_image","twitter_misc":{"Ber\u00e4knad l\u00e4stid":"1 minut"},"schema":{"@context":"https:\/\/schema.org","@graph":[{"@type":"WebPage","@id":"https:\/\/shop.noor.fi\/produkt\/kuusenkynttilat-16-kirkas-3\/","url":"https:\/\/shop.noor.fi\/produkt\/kuusenkynttilat-16-kirkas-3\/","name":"Erik 16-delad julgransbelysning f\u00f6r utomhusbruk - Oy Noortrade Ab","isPartOf":{"@id":"https:\/\/shopnoorfi-wp31835.test.cchosting.fi\/#website"},"primaryImageOfPage":{"@id":"https:\/\/shop.noor.fi\/produkt\/kuusenkynttilat-16-kirkas-3\/#primaryimage"},"image":{"@id":"https:\/\/shop.noor.fi\/produkt\/kuusenkynttilat-16-kirkas-3\/#primaryimage"},"thumbnailUrl":"https:\/\/shop.noor.fi\/wp-content\/uploads\/2023\/11\/7391482410559.jpg","datePublished":"2023-11-01T16:23:34+00:00","dateModified":"2026-03-18T12:10:30+00:00","breadcrumb":{"@id":"https:\/\/shop.noor.fi\/produkt\/kuusenkynttilat-16-kirkas-3\/#breadcrumb"},"inLanguage":"sv-SE","potentialAction":[{"@type":"ReadAction","target":["https:\/\/shop.noor.fi\/produkt\/kuusenkynttilat-16-kirkas-3\/"]}]},{"@type":"ImageObject","inLanguage":"sv-SE","@id":"https:\/\/shop.noor.fi\/produkt\/kuusenkynttilat-16-kirkas-3\/#primaryimage","url":"https:\/\/shop.noor.fi\/wp-content\/uploads\/2023\/11\/7391482410559.jpg","contentUrl":"https:\/\/shop.noor.fi\/wp-content\/uploads\/2023\/11\/7391482410559.jpg","width":531,"height":1080},{"@type":"BreadcrumbList","@id":"https:\/\/shop.noor.fi\/produkt\/kuusenkynttilat-16-kirkas-3\/#breadcrumb","itemListElement":[{"@type":"ListItem","position":1,"name":"Etusivu","item":"https:\/\/shop.noor.fi\/sv\/"},{"@type":"ListItem","position":2,"name":"Butik","item":"https:\/\/shopnoorfi-wp31835.test.cchosting.fi\/sv\/butik\/"},{"@type":"ListItem","position":3,"name":"Erik 16-delad julgransbelysning f\u00f6r utomhusbruk"}]},{"@type":"WebSite","@id":"https:\/\/shopnoorfi-wp31835.test.cchosting.fi\/#website","url":"https:\/\/shopnoorfi-wp31835.test.cchosting.fi\/","name":"Oy Noortrade Ab","description":"Finnish family owned company with over 30 years of professional experience in lighting &amp; interior products import and sales - reliably.","publisher":{"@id":"https:\/\/shopnoorfi-wp31835.test.cchosting.fi\/#organization"},"potentialAction":[{"@type":"SearchAction","target":{"@type":"EntryPoint","urlTemplate":"https:\/\/shopnoorfi-wp31835.test.cchosting.fi\/?s={search_term_string}"},"query-input":{"@type":"PropertyValueSpecification","valueRequired":true,"valueName":"search_term_string"}}],"inLanguage":"sv-SE"},{"@type":"Organization","@id":"https:\/\/shopnoorfi-wp31835.test.cchosting.fi\/#organization","name":"Oy Noortrade Ab","url":"https:\/\/shopnoorfi-wp31835.test.cchosting.fi\/","logo":{"@type":"ImageObject","inLanguage":"sv-SE","@id":"https:\/\/shopnoorfi-wp31835.test.cchosting.fi\/#\/schema\/logo\/image\/","url":"https:\/\/shop.noor.fi\/wp-content\/uploads\/2024\/01\/Oy-Noortrade-Ab-Corbel-VERSAL-bold-BLACK.png","contentUrl":"https:\/\/shop.noor.fi\/wp-content\/uploads\/2024\/01\/Oy-Noortrade-Ab-Corbel-VERSAL-bold-BLACK.png","width":721,"height":177,"caption":"Oy Noortrade Ab"},"image":{"@id":"https:\/\/shopnoorfi-wp31835.test.cchosting.fi\/#\/schema\/logo\/image\/"}}]}},"brands":[{"id":28728,"name":"Star Trading","slug":"star-trading"}],"_links":{"self":[{"href":"https:\/\/shop.noor.fi\/sv\/wp-json\/wp\/v2\/product\/107231","targetHints":{"allow":["GET"]}}],"collection":[{"href":"https:\/\/shop.noor.fi\/sv\/wp-json\/wp\/v2\/product"}],"about":[{"href":"https:\/\/shop.noor.fi\/sv\/wp-json\/wp\/v2\/types\/product"}],"replies":[{"embeddable":true,"href":"https:\/\/shop.noor.fi\/sv\/wp-json\/wp\/v2\/comments?post=107231"}],"wp:featuredmedia":[{"embeddable":true,"href":"https:\/\/shop.noor.fi\/sv\/wp-json\/wp\/v2\/media\/21912"}],"wp:attachment":[{"href":"https:\/\/shop.noor.fi\/sv\/wp-json\/wp\/v2\/media?parent=107231"}],"wp:term":[{"taxonomy":"pwb-brand","embeddable":true,"href":"https:\/\/shop.noor.fi\/sv\/wp-json\/wp\/v2\/pwb-brand?post=107231"},{"taxonomy":"product_brand","embeddable":true,"href":"https:\/\/shop.noor.fi\/sv\/wp-json\/wp\/v2\/product_brand?post=107231"},{"taxonomy":"product_cat","embeddable":true,"href":"https:\/\/shop.noor.fi\/sv\/wp-json\/wp\/v2\/product_cat?post=107231"},{"taxonomy":"product_tag","embeddable":true,"href":"https:\/\/shop.noor.fi\/sv\/wp-json\/wp\/v2\/product_tag?post=107231"}],"curies":[{"name":"wp","href":"https:\/\/api.w.org\/{rel}","templated":true}]}}