{"id":107200,"date":"2023-11-01T18:22:02","date_gmt":"2023-11-01T16:22:02","guid":{"rendered":"https:\/\/shop.noor.fi\/product\/integra-ceiling-light-led\/"},"modified":"2026-03-20T11:15:36","modified_gmt":"2026-03-20T09:15:36","slug":"integra-ceiling-light-led","status":"publish","type":"product","link":"https:\/\/shop.noor.fi\/sv\/produkt\/integra-ceiling-light-led\/","title":{"rendered":"Integra Ceiling light LED"},"content":{"rendered":"<p>LED Plafond med 3-stegs klick funktion och minnesfunktion.<\/p>\n<p>F\u00e4rg: Vit<br \/>\nLjusf\u00e4rg: Varmvit<br \/>\nBredd\/l\u00e4ngd (cm): 33<br \/>\nH\u00f6jd (cm): 6,5<br \/>\nDjup (cm): 33<br \/>\nAnv\u00e4ndningsomr\u00e5de: Inomhus<br \/>\nAntal lampor: 1<br \/>\nAntal LED per lampa: 18<br \/>\nTyp av ljusk\u00e4lla: LED<br \/>\nSensor: 3-stegsdimmer<br \/>\nF\u00e4rgtemperatur (K): 3000<br \/>\nLjusfl\u00f6de (lm): 1200<br \/>\nF\u00e4rg\u00e5tergivning (CRI\/Ra): 80<br \/>\nSpridningsvinkel: 130\u00b0<br \/>\nF\u00e4rgavvikelser (SDCM): 6<br \/>\nMedellivsl\u00e4ngd (h): 20000<br \/>\nT\u00e4ndcykler: 10000<br \/>\nT\u00e4ndtid: <1 s\nH\u00f6gsta\/l\u00e4gsta omgivningstemperatur: -20\u00b0 - +40\u00b0\nEffektfaktor: 0.500000\nLampans str\u00f6mstyrka (mA): 127\nLampans Effekt (W): 15\nLampans Sp\u00e4nning (V): 220-240VAC\nVolt: 220-240V AC\nEnergiklass: LED (A++ - A)\nIP-klass: IP20\n<\/p>\n","protected":false},"excerpt":{"rendered":"<p>LED Plafond med 3-stegs klick funktion och minnesfunktion. F\u00e4rg: Vit Ljusf\u00e4rg: Varmvit Bredd\/l\u00e4ngd (cm): 33 H\u00f6jd (cm): 6,5 Djup (cm): 33 Anv\u00e4ndningsomr\u00e5de: Inomhus Antal lampor: 1 Antal LED per lampa: 18 Typ av ljusk\u00e4lla: LED Sensor: 3-stegsdimmer F\u00e4rgtemperatur (K): 3000 Ljusfl\u00f6de (lm): 1200 F\u00e4rg\u00e5tergivning (CRI\/Ra): 80 Spridningsvinkel: 130\u00b0 F\u00e4rgavvikelser (SDCM): 6 Medellivsl\u00e4ngd (h): 20000 T\u00e4ndcykler: [&hellip;]<\/p>\n","protected":false},"featured_media":8469,"comment_status":"open","ping_status":"closed","template":"","meta":{"_acf_changed":false,"_relevanssi_hide_post":"","_relevanssi_hide_content":"","_relevanssi_pin_for_all":"","_relevanssi_pin_keywords":"","_relevanssi_unpin_keywords":"","_relevanssi_related_keywords":"","_relevanssi_related_include_ids":"","_relevanssi_related_exclude_ids":"","_relevanssi_related_no_append":"","_relevanssi_related_not_related":"","_relevanssi_related_posts":"","_relevanssi_noindex_reason":""},"pwb-brand":[28728],"product_brand":[],"product_cat":[32096],"product_tag":[],"class_list":{"0":"post-107200","1":"product","2":"type-product","3":"status-publish","4":"has-post-thumbnail","6":"pwb-brand-star-trading","7":"product_cat-plafonder-och-takarmaturer","9":"first","10":"instock","11":"taxable","12":"shipping-taxable","13":"purchasable","14":"product-type-simple"},"acf":[],"yoast_head":"<!-- This site is optimized with the Yoast SEO plugin v27.5 - https:\/\/yoast.com\/product\/yoast-seo-wordpress\/ -->\n<title>Integra Ceiling light LED - Oy Noortrade Ab<\/title>\n<meta name=\"robots\" content=\"index, follow, max-snippet:-1, max-image-preview:large, max-video-preview:-1\" \/>\n<link rel=\"canonical\" href=\"https:\/\/shop.noor.fi\/sv\/produkt\/integra-ceiling-light-led\/\" \/>\n<meta property=\"og:locale\" content=\"sv_SE\" \/>\n<meta property=\"og:type\" content=\"article\" \/>\n<meta property=\"og:title\" content=\"Integra Ceiling light LED - Oy Noortrade Ab\" \/>\n<meta property=\"og:description\" content=\"LED Plafond med 3-stegs klick funktion och minnesfunktion. F\u00e4rg: Vit Ljusf\u00e4rg: Varmvit Bredd\/l\u00e4ngd (cm): 33 H\u00f6jd (cm): 6,5 Djup (cm): 33 Anv\u00e4ndningsomr\u00e5de: Inomhus Antal lampor: 1 Antal LED per lampa: 18 Typ av ljusk\u00e4lla: LED Sensor: 3-stegsdimmer F\u00e4rgtemperatur (K): 3000 Ljusfl\u00f6de (lm): 1200 F\u00e4rg\u00e5tergivning (CRI\/Ra): 80 Spridningsvinkel: 130\u00b0 F\u00e4rgavvikelser (SDCM): 6 Medellivsl\u00e4ngd (h): 20000 T\u00e4ndcykler: [&hellip;]\" \/>\n<meta property=\"og:url\" content=\"https:\/\/shop.noor.fi\/sv\/produkt\/integra-ceiling-light-led\/\" \/>\n<meta property=\"og:site_name\" content=\"Oy Noortrade Ab\" \/>\n<meta property=\"article:modified_time\" content=\"2026-03-20T09:15:36+00:00\" \/>\n<meta property=\"og:image\" content=\"https:\/\/shop.noor.fi\/wp-content\/uploads\/2023\/10\/7391482043603.jpg\" \/>\n\t<meta property=\"og:image:width\" content=\"1920\" \/>\n\t<meta property=\"og:image:height\" content=\"1029\" \/>\n\t<meta property=\"og:image:type\" content=\"image\/jpeg\" \/>\n<meta name=\"twitter:card\" content=\"summary_large_image\" \/>\n<script type=\"application\/ld+json\" class=\"yoast-schema-graph\">{\"@context\":\"https:\\\/\\\/schema.org\",\"@graph\":[{\"@type\":\"WebPage\",\"@id\":\"https:\\\/\\\/shop.noor.fi\\\/sv\\\/produkt\\\/integra-ceiling-light-led\\\/\",\"url\":\"https:\\\/\\\/shop.noor.fi\\\/sv\\\/produkt\\\/integra-ceiling-light-led\\\/\",\"name\":\"Integra Ceiling light LED - Oy Noortrade Ab\",\"isPartOf\":{\"@id\":\"https:\\\/\\\/shopnoorfi-wp31835.test.cchosting.fi\\\/#website\"},\"primaryImageOfPage\":{\"@id\":\"https:\\\/\\\/shop.noor.fi\\\/sv\\\/produkt\\\/integra-ceiling-light-led\\\/#primaryimage\"},\"image\":{\"@id\":\"https:\\\/\\\/shop.noor.fi\\\/sv\\\/produkt\\\/integra-ceiling-light-led\\\/#primaryimage\"},\"thumbnailUrl\":\"https:\\\/\\\/shop.noor.fi\\\/wp-content\\\/uploads\\\/2023\\\/10\\\/7391482043603.jpg\",\"datePublished\":\"2023-11-01T16:22:02+00:00\",\"dateModified\":\"2026-03-20T09:15:36+00:00\",\"breadcrumb\":{\"@id\":\"https:\\\/\\\/shop.noor.fi\\\/sv\\\/produkt\\\/integra-ceiling-light-led\\\/#breadcrumb\"},\"inLanguage\":\"sv-SE\",\"potentialAction\":[{\"@type\":\"ReadAction\",\"target\":[\"https:\\\/\\\/shop.noor.fi\\\/sv\\\/produkt\\\/integra-ceiling-light-led\\\/\"]}]},{\"@type\":\"ImageObject\",\"inLanguage\":\"sv-SE\",\"@id\":\"https:\\\/\\\/shop.noor.fi\\\/sv\\\/produkt\\\/integra-ceiling-light-led\\\/#primaryimage\",\"url\":\"https:\\\/\\\/shop.noor.fi\\\/wp-content\\\/uploads\\\/2023\\\/10\\\/7391482043603.jpg\",\"contentUrl\":\"https:\\\/\\\/shop.noor.fi\\\/wp-content\\\/uploads\\\/2023\\\/10\\\/7391482043603.jpg\",\"width\":1920,\"height\":1029},{\"@type\":\"BreadcrumbList\",\"@id\":\"https:\\\/\\\/shop.noor.fi\\\/sv\\\/produkt\\\/integra-ceiling-light-led\\\/#breadcrumb\",\"itemListElement\":[{\"@type\":\"ListItem\",\"position\":1,\"name\":\"Etusivu\",\"item\":\"https:\\\/\\\/shop.noor.fi\\\/sv\\\/\"},{\"@type\":\"ListItem\",\"position\":2,\"name\":\"Butik\",\"item\":\"https:\\\/\\\/shopnoorfi-wp31835.test.cchosting.fi\\\/sv\\\/butik\\\/\"},{\"@type\":\"ListItem\",\"position\":3,\"name\":\"Integra Ceiling light LED\"}]},{\"@type\":\"WebSite\",\"@id\":\"https:\\\/\\\/shopnoorfi-wp31835.test.cchosting.fi\\\/#website\",\"url\":\"https:\\\/\\\/shopnoorfi-wp31835.test.cchosting.fi\\\/\",\"name\":\"Oy Noortrade Ab\",\"description\":\"Finnish family owned company with over 30 years of professional experience in lighting &amp; interior products import and sales - reliably.\",\"publisher\":{\"@id\":\"https:\\\/\\\/shopnoorfi-wp31835.test.cchosting.fi\\\/#organization\"},\"potentialAction\":[{\"@type\":\"SearchAction\",\"target\":{\"@type\":\"EntryPoint\",\"urlTemplate\":\"https:\\\/\\\/shopnoorfi-wp31835.test.cchosting.fi\\\/?s={search_term_string}\"},\"query-input\":{\"@type\":\"PropertyValueSpecification\",\"valueRequired\":true,\"valueName\":\"search_term_string\"}}],\"inLanguage\":\"sv-SE\"},{\"@type\":\"Organization\",\"@id\":\"https:\\\/\\\/shopnoorfi-wp31835.test.cchosting.fi\\\/#organization\",\"name\":\"Oy Noortrade Ab\",\"url\":\"https:\\\/\\\/shopnoorfi-wp31835.test.cchosting.fi\\\/\",\"logo\":{\"@type\":\"ImageObject\",\"inLanguage\":\"sv-SE\",\"@id\":\"https:\\\/\\\/shopnoorfi-wp31835.test.cchosting.fi\\\/#\\\/schema\\\/logo\\\/image\\\/\",\"url\":\"https:\\\/\\\/shop.noor.fi\\\/wp-content\\\/uploads\\\/2024\\\/01\\\/Oy-Noortrade-Ab-Corbel-VERSAL-bold-BLACK.png\",\"contentUrl\":\"https:\\\/\\\/shop.noor.fi\\\/wp-content\\\/uploads\\\/2024\\\/01\\\/Oy-Noortrade-Ab-Corbel-VERSAL-bold-BLACK.png\",\"width\":721,\"height\":177,\"caption\":\"Oy Noortrade Ab\"},\"image\":{\"@id\":\"https:\\\/\\\/shopnoorfi-wp31835.test.cchosting.fi\\\/#\\\/schema\\\/logo\\\/image\\\/\"}}]}<\/script>\n<!-- \/ Yoast SEO plugin. -->","yoast_head_json":{"title":"Integra Ceiling light LED - Oy Noortrade Ab","robots":{"index":"index","follow":"follow","max-snippet":"max-snippet:-1","max-image-preview":"max-image-preview:large","max-video-preview":"max-video-preview:-1"},"canonical":"https:\/\/shop.noor.fi\/sv\/produkt\/integra-ceiling-light-led\/","og_locale":"sv_SE","og_type":"article","og_title":"Integra Ceiling light LED - Oy Noortrade Ab","og_description":"LED Plafond med 3-stegs klick funktion och minnesfunktion. F\u00e4rg: Vit Ljusf\u00e4rg: Varmvit Bredd\/l\u00e4ngd (cm): 33 H\u00f6jd (cm): 6,5 Djup (cm): 33 Anv\u00e4ndningsomr\u00e5de: Inomhus Antal lampor: 1 Antal LED per lampa: 18 Typ av ljusk\u00e4lla: LED Sensor: 3-stegsdimmer F\u00e4rgtemperatur (K): 3000 Ljusfl\u00f6de (lm): 1200 F\u00e4rg\u00e5tergivning (CRI\/Ra): 80 Spridningsvinkel: 130\u00b0 F\u00e4rgavvikelser (SDCM): 6 Medellivsl\u00e4ngd (h): 20000 T\u00e4ndcykler: [&hellip;]","og_url":"https:\/\/shop.noor.fi\/sv\/produkt\/integra-ceiling-light-led\/","og_site_name":"Oy Noortrade Ab","article_modified_time":"2026-03-20T09:15:36+00:00","og_image":[{"width":1920,"height":1029,"url":"https:\/\/shop.noor.fi\/wp-content\/uploads\/2023\/10\/7391482043603.jpg","type":"image\/jpeg"}],"twitter_card":"summary_large_image","schema":{"@context":"https:\/\/schema.org","@graph":[{"@type":"WebPage","@id":"https:\/\/shop.noor.fi\/sv\/produkt\/integra-ceiling-light-led\/","url":"https:\/\/shop.noor.fi\/sv\/produkt\/integra-ceiling-light-led\/","name":"Integra Ceiling light LED - Oy Noortrade Ab","isPartOf":{"@id":"https:\/\/shopnoorfi-wp31835.test.cchosting.fi\/#website"},"primaryImageOfPage":{"@id":"https:\/\/shop.noor.fi\/sv\/produkt\/integra-ceiling-light-led\/#primaryimage"},"image":{"@id":"https:\/\/shop.noor.fi\/sv\/produkt\/integra-ceiling-light-led\/#primaryimage"},"thumbnailUrl":"https:\/\/shop.noor.fi\/wp-content\/uploads\/2023\/10\/7391482043603.jpg","datePublished":"2023-11-01T16:22:02+00:00","dateModified":"2026-03-20T09:15:36+00:00","breadcrumb":{"@id":"https:\/\/shop.noor.fi\/sv\/produkt\/integra-ceiling-light-led\/#breadcrumb"},"inLanguage":"sv-SE","potentialAction":[{"@type":"ReadAction","target":["https:\/\/shop.noor.fi\/sv\/produkt\/integra-ceiling-light-led\/"]}]},{"@type":"ImageObject","inLanguage":"sv-SE","@id":"https:\/\/shop.noor.fi\/sv\/produkt\/integra-ceiling-light-led\/#primaryimage","url":"https:\/\/shop.noor.fi\/wp-content\/uploads\/2023\/10\/7391482043603.jpg","contentUrl":"https:\/\/shop.noor.fi\/wp-content\/uploads\/2023\/10\/7391482043603.jpg","width":1920,"height":1029},{"@type":"BreadcrumbList","@id":"https:\/\/shop.noor.fi\/sv\/produkt\/integra-ceiling-light-led\/#breadcrumb","itemListElement":[{"@type":"ListItem","position":1,"name":"Etusivu","item":"https:\/\/shop.noor.fi\/sv\/"},{"@type":"ListItem","position":2,"name":"Butik","item":"https:\/\/shopnoorfi-wp31835.test.cchosting.fi\/sv\/butik\/"},{"@type":"ListItem","position":3,"name":"Integra Ceiling light LED"}]},{"@type":"WebSite","@id":"https:\/\/shopnoorfi-wp31835.test.cchosting.fi\/#website","url":"https:\/\/shopnoorfi-wp31835.test.cchosting.fi\/","name":"Oy Noortrade Ab","description":"Finnish family owned company with over 30 years of professional experience in lighting &amp; interior products import and sales - reliably.","publisher":{"@id":"https:\/\/shopnoorfi-wp31835.test.cchosting.fi\/#organization"},"potentialAction":[{"@type":"SearchAction","target":{"@type":"EntryPoint","urlTemplate":"https:\/\/shopnoorfi-wp31835.test.cchosting.fi\/?s={search_term_string}"},"query-input":{"@type":"PropertyValueSpecification","valueRequired":true,"valueName":"search_term_string"}}],"inLanguage":"sv-SE"},{"@type":"Organization","@id":"https:\/\/shopnoorfi-wp31835.test.cchosting.fi\/#organization","name":"Oy Noortrade Ab","url":"https:\/\/shopnoorfi-wp31835.test.cchosting.fi\/","logo":{"@type":"ImageObject","inLanguage":"sv-SE","@id":"https:\/\/shopnoorfi-wp31835.test.cchosting.fi\/#\/schema\/logo\/image\/","url":"https:\/\/shop.noor.fi\/wp-content\/uploads\/2024\/01\/Oy-Noortrade-Ab-Corbel-VERSAL-bold-BLACK.png","contentUrl":"https:\/\/shop.noor.fi\/wp-content\/uploads\/2024\/01\/Oy-Noortrade-Ab-Corbel-VERSAL-bold-BLACK.png","width":721,"height":177,"caption":"Oy Noortrade Ab"},"image":{"@id":"https:\/\/shopnoorfi-wp31835.test.cchosting.fi\/#\/schema\/logo\/image\/"}}]}},"brands":[{"id":28728,"name":"Star Trading","slug":"star-trading"}],"_links":{"self":[{"href":"https:\/\/shop.noor.fi\/sv\/wp-json\/wp\/v2\/product\/107200","targetHints":{"allow":["GET"]}}],"collection":[{"href":"https:\/\/shop.noor.fi\/sv\/wp-json\/wp\/v2\/product"}],"about":[{"href":"https:\/\/shop.noor.fi\/sv\/wp-json\/wp\/v2\/types\/product"}],"replies":[{"embeddable":true,"href":"https:\/\/shop.noor.fi\/sv\/wp-json\/wp\/v2\/comments?post=107200"}],"wp:featuredmedia":[{"embeddable":true,"href":"https:\/\/shop.noor.fi\/sv\/wp-json\/wp\/v2\/media\/8469"}],"wp:attachment":[{"href":"https:\/\/shop.noor.fi\/sv\/wp-json\/wp\/v2\/media?parent=107200"}],"wp:term":[{"taxonomy":"pwb-brand","embeddable":true,"href":"https:\/\/shop.noor.fi\/sv\/wp-json\/wp\/v2\/pwb-brand?post=107200"},{"taxonomy":"product_brand","embeddable":true,"href":"https:\/\/shop.noor.fi\/sv\/wp-json\/wp\/v2\/product_brand?post=107200"},{"taxonomy":"product_cat","embeddable":true,"href":"https:\/\/shop.noor.fi\/sv\/wp-json\/wp\/v2\/product_cat?post=107200"},{"taxonomy":"product_tag","embeddable":true,"href":"https:\/\/shop.noor.fi\/sv\/wp-json\/wp\/v2\/product_tag?post=107200"}],"curies":[{"name":"wp","href":"https:\/\/api.w.org\/{rel}","templated":true}]}}