{"id":107190,"date":"2023-11-01T18:21:35","date_gmt":"2023-11-01T16:21:35","guid":{"rendered":"https:\/\/shop.noor.fi\/product\/led-lampa-e14-g45-opaque-filament-ra90-3-step-350\/"},"modified":"2026-03-20T11:26:08","modified_gmt":"2026-03-20T09:26:08","slug":"led-lampa-e14-g45-opaque-filament-ra90-3-step-350","status":"publish","type":"product","link":"https:\/\/shop.noor.fi\/sv\/produkt\/led-lampa-e14-g45-opaque-filament-ra90-3-step-350\/","title":{"rendered":"LED-lampa E14 G45 Opaque Filament RA90 3-step"},"content":{"rendered":"<p>LED-lampa med opalt glas.  Motsvarar 32W gl\u00f6dlampa. Lampan har en 3-stegs klickdimring med minnesfunktion, 35-75-350lm. Startas p\u00e5 senast anv\u00e4nda ljusstyrkan.<br \/>\nE27-sockel, varmvit f\u00e4rg 2700K. Effekt 4W.<br \/>\nMotsvarar 32W gl\u00f6dlampa.<\/p>\n<p>Diameter 4,5 cm<br \/>\nH\u00f6jd 7,8 cm<\/p>\n<p>Opaque Filament lamporna \u00e4r vita och rundstr\u00e5lande. De ger ett j\u00e4mnt och diffust ljus som passar perfekt under sk\u00e4rm men \u00e4r lika snygga i armaturer d\u00e4r ljusk\u00e4llan syns. Med ett mjukt sken passar de i m\u00e5nga olika milj\u00f6er.<\/p>\n","protected":false},"excerpt":{"rendered":"<p>LED-lampa med opalt glas. Motsvarar 32W gl\u00f6dlampa. Lampan har en 3-stegs klickdimring med minnesfunktion, 35-75-350lm. Startas p\u00e5 senast anv\u00e4nda ljusstyrkan. E27-sockel, varmvit f\u00e4rg 2700K. Effekt 4W. Motsvarar 32W gl\u00f6dlampa. Diameter 4,5 cm H\u00f6jd 7,8 cm Opaque Filament lamporna \u00e4r vita och rundstr\u00e5lande. De ger ett j\u00e4mnt och diffust ljus som passar perfekt under sk\u00e4rm men [&hellip;]<\/p>\n","protected":false},"featured_media":31574,"comment_status":"open","ping_status":"closed","template":"","meta":{"_acf_changed":false,"_relevanssi_hide_post":"","_relevanssi_hide_content":"","_relevanssi_pin_for_all":"","_relevanssi_pin_keywords":"","_relevanssi_unpin_keywords":"","_relevanssi_related_keywords":"","_relevanssi_related_include_ids":"","_relevanssi_related_exclude_ids":"","_relevanssi_related_no_append":"","_relevanssi_related_not_related":"","_relevanssi_related_posts":"","_relevanssi_noindex_reason":""},"pwb-brand":[28728],"product_brand":[],"product_cat":[31815,32162],"product_tag":[],"class_list":{"0":"post-107190","1":"product","2":"type-product","3":"status-publish","4":"has-post-thumbnail","6":"pwb-brand-star-trading","7":"product_cat-vakiolamput","8":"product_cat-baslampor","10":"first","11":"instock","12":"taxable","13":"shipping-taxable","14":"purchasable","15":"product-type-simple"},"acf":[],"yoast_head":"<!-- This site is optimized with the Yoast SEO plugin v27.5 - https:\/\/yoast.com\/product\/yoast-seo-wordpress\/ -->\n<title>LED-lampa E14 G45 Opaque Filament RA90 3-step - Oy Noortrade Ab<\/title>\n<meta name=\"robots\" content=\"index, follow, max-snippet:-1, max-image-preview:large, max-video-preview:-1\" \/>\n<link rel=\"canonical\" href=\"https:\/\/shop.noor.fi\/produkt\/led-lamppu-e27-g45-opaque-filament-ra90-3-step-350\/\" \/>\n<meta property=\"og:locale\" content=\"sv_SE\" \/>\n<meta property=\"og:type\" content=\"article\" \/>\n<meta property=\"og:title\" content=\"LED-lampa E14 G45 Opaque Filament RA90 3-step - Oy Noortrade Ab\" \/>\n<meta property=\"og:description\" content=\"LED-lampa med opalt glas. Motsvarar 32W gl\u00f6dlampa. Lampan har en 3-stegs klickdimring med minnesfunktion, 35-75-350lm. Startas p\u00e5 senast anv\u00e4nda ljusstyrkan. E27-sockel, varmvit f\u00e4rg 2700K. Effekt 4W. Motsvarar 32W gl\u00f6dlampa. Diameter 4,5 cm H\u00f6jd 7,8 cm Opaque Filament lamporna \u00e4r vita och rundstr\u00e5lande. De ger ett j\u00e4mnt och diffust ljus som passar perfekt under sk\u00e4rm men [&hellip;]\" \/>\n<meta property=\"og:url\" content=\"https:\/\/shop.noor.fi\/produkt\/led-lamppu-e27-g45-opaque-filament-ra90-3-step-350\/\" \/>\n<meta property=\"og:site_name\" content=\"Oy Noortrade Ab\" \/>\n<meta property=\"article:modified_time\" content=\"2026-03-20T09:26:08+00:00\" \/>\n<meta property=\"og:image\" content=\"https:\/\/shop.noor.fi\/wp-content\/uploads\/2023\/11\/7391482054180.jpg\" \/>\n\t<meta property=\"og:image:width\" content=\"1597\" \/>\n\t<meta property=\"og:image:height\" content=\"900\" \/>\n\t<meta property=\"og:image:type\" content=\"image\/jpeg\" \/>\n<meta name=\"twitter:card\" content=\"summary_large_image\" \/>\n<script type=\"application\/ld+json\" class=\"yoast-schema-graph\">{\"@context\":\"https:\\\/\\\/schema.org\",\"@graph\":[{\"@type\":\"WebPage\",\"@id\":\"https:\\\/\\\/shop.noor.fi\\\/produkt\\\/led-lamppu-e27-g45-opaque-filament-ra90-3-step-350\\\/\",\"url\":\"https:\\\/\\\/shop.noor.fi\\\/produkt\\\/led-lamppu-e27-g45-opaque-filament-ra90-3-step-350\\\/\",\"name\":\"LED-lampa E14 G45 Opaque Filament RA90 3-step - Oy Noortrade Ab\",\"isPartOf\":{\"@id\":\"https:\\\/\\\/shopnoorfi-wp31835.test.cchosting.fi\\\/#website\"},\"primaryImageOfPage\":{\"@id\":\"https:\\\/\\\/shop.noor.fi\\\/produkt\\\/led-lamppu-e27-g45-opaque-filament-ra90-3-step-350\\\/#primaryimage\"},\"image\":{\"@id\":\"https:\\\/\\\/shop.noor.fi\\\/produkt\\\/led-lamppu-e27-g45-opaque-filament-ra90-3-step-350\\\/#primaryimage\"},\"thumbnailUrl\":\"https:\\\/\\\/shop.noor.fi\\\/wp-content\\\/uploads\\\/2023\\\/11\\\/7391482054180.jpg\",\"datePublished\":\"2023-11-01T16:21:35+00:00\",\"dateModified\":\"2026-03-20T09:26:08+00:00\",\"breadcrumb\":{\"@id\":\"https:\\\/\\\/shop.noor.fi\\\/produkt\\\/led-lamppu-e27-g45-opaque-filament-ra90-3-step-350\\\/#breadcrumb\"},\"inLanguage\":\"sv-SE\",\"potentialAction\":[{\"@type\":\"ReadAction\",\"target\":[\"https:\\\/\\\/shop.noor.fi\\\/produkt\\\/led-lamppu-e27-g45-opaque-filament-ra90-3-step-350\\\/\"]}]},{\"@type\":\"ImageObject\",\"inLanguage\":\"sv-SE\",\"@id\":\"https:\\\/\\\/shop.noor.fi\\\/produkt\\\/led-lamppu-e27-g45-opaque-filament-ra90-3-step-350\\\/#primaryimage\",\"url\":\"https:\\\/\\\/shop.noor.fi\\\/wp-content\\\/uploads\\\/2023\\\/11\\\/7391482054180.jpg\",\"contentUrl\":\"https:\\\/\\\/shop.noor.fi\\\/wp-content\\\/uploads\\\/2023\\\/11\\\/7391482054180.jpg\",\"width\":1597,\"height\":900},{\"@type\":\"BreadcrumbList\",\"@id\":\"https:\\\/\\\/shop.noor.fi\\\/produkt\\\/led-lamppu-e27-g45-opaque-filament-ra90-3-step-350\\\/#breadcrumb\",\"itemListElement\":[{\"@type\":\"ListItem\",\"position\":1,\"name\":\"Etusivu\",\"item\":\"https:\\\/\\\/shop.noor.fi\\\/sv\\\/\"},{\"@type\":\"ListItem\",\"position\":2,\"name\":\"Butik\",\"item\":\"https:\\\/\\\/shopnoorfi-wp31835.test.cchosting.fi\\\/sv\\\/butik\\\/\"},{\"@type\":\"ListItem\",\"position\":3,\"name\":\"LED-lampa E14 G45 Opaque Filament RA90 3-step\"}]},{\"@type\":\"WebSite\",\"@id\":\"https:\\\/\\\/shopnoorfi-wp31835.test.cchosting.fi\\\/#website\",\"url\":\"https:\\\/\\\/shopnoorfi-wp31835.test.cchosting.fi\\\/\",\"name\":\"Oy Noortrade Ab\",\"description\":\"Finnish family owned company with over 30 years of professional experience in lighting &amp; interior products import and sales - reliably.\",\"publisher\":{\"@id\":\"https:\\\/\\\/shopnoorfi-wp31835.test.cchosting.fi\\\/#organization\"},\"potentialAction\":[{\"@type\":\"SearchAction\",\"target\":{\"@type\":\"EntryPoint\",\"urlTemplate\":\"https:\\\/\\\/shopnoorfi-wp31835.test.cchosting.fi\\\/?s={search_term_string}\"},\"query-input\":{\"@type\":\"PropertyValueSpecification\",\"valueRequired\":true,\"valueName\":\"search_term_string\"}}],\"inLanguage\":\"sv-SE\"},{\"@type\":\"Organization\",\"@id\":\"https:\\\/\\\/shopnoorfi-wp31835.test.cchosting.fi\\\/#organization\",\"name\":\"Oy Noortrade Ab\",\"url\":\"https:\\\/\\\/shopnoorfi-wp31835.test.cchosting.fi\\\/\",\"logo\":{\"@type\":\"ImageObject\",\"inLanguage\":\"sv-SE\",\"@id\":\"https:\\\/\\\/shopnoorfi-wp31835.test.cchosting.fi\\\/#\\\/schema\\\/logo\\\/image\\\/\",\"url\":\"https:\\\/\\\/shop.noor.fi\\\/wp-content\\\/uploads\\\/2024\\\/01\\\/Oy-Noortrade-Ab-Corbel-VERSAL-bold-BLACK.png\",\"contentUrl\":\"https:\\\/\\\/shop.noor.fi\\\/wp-content\\\/uploads\\\/2024\\\/01\\\/Oy-Noortrade-Ab-Corbel-VERSAL-bold-BLACK.png\",\"width\":721,\"height\":177,\"caption\":\"Oy Noortrade Ab\"},\"image\":{\"@id\":\"https:\\\/\\\/shopnoorfi-wp31835.test.cchosting.fi\\\/#\\\/schema\\\/logo\\\/image\\\/\"}}]}<\/script>\n<!-- \/ Yoast SEO plugin. -->","yoast_head_json":{"title":"LED-lampa E14 G45 Opaque Filament RA90 3-step - Oy Noortrade Ab","robots":{"index":"index","follow":"follow","max-snippet":"max-snippet:-1","max-image-preview":"max-image-preview:large","max-video-preview":"max-video-preview:-1"},"canonical":"https:\/\/shop.noor.fi\/produkt\/led-lamppu-e27-g45-opaque-filament-ra90-3-step-350\/","og_locale":"sv_SE","og_type":"article","og_title":"LED-lampa E14 G45 Opaque Filament RA90 3-step - Oy Noortrade Ab","og_description":"LED-lampa med opalt glas. Motsvarar 32W gl\u00f6dlampa. Lampan har en 3-stegs klickdimring med minnesfunktion, 35-75-350lm. Startas p\u00e5 senast anv\u00e4nda ljusstyrkan. E27-sockel, varmvit f\u00e4rg 2700K. Effekt 4W. Motsvarar 32W gl\u00f6dlampa. Diameter 4,5 cm H\u00f6jd 7,8 cm Opaque Filament lamporna \u00e4r vita och rundstr\u00e5lande. De ger ett j\u00e4mnt och diffust ljus som passar perfekt under sk\u00e4rm men [&hellip;]","og_url":"https:\/\/shop.noor.fi\/produkt\/led-lamppu-e27-g45-opaque-filament-ra90-3-step-350\/","og_site_name":"Oy Noortrade Ab","article_modified_time":"2026-03-20T09:26:08+00:00","og_image":[{"width":1597,"height":900,"url":"https:\/\/shop.noor.fi\/wp-content\/uploads\/2023\/11\/7391482054180.jpg","type":"image\/jpeg"}],"twitter_card":"summary_large_image","schema":{"@context":"https:\/\/schema.org","@graph":[{"@type":"WebPage","@id":"https:\/\/shop.noor.fi\/produkt\/led-lamppu-e27-g45-opaque-filament-ra90-3-step-350\/","url":"https:\/\/shop.noor.fi\/produkt\/led-lamppu-e27-g45-opaque-filament-ra90-3-step-350\/","name":"LED-lampa E14 G45 Opaque Filament RA90 3-step - Oy Noortrade Ab","isPartOf":{"@id":"https:\/\/shopnoorfi-wp31835.test.cchosting.fi\/#website"},"primaryImageOfPage":{"@id":"https:\/\/shop.noor.fi\/produkt\/led-lamppu-e27-g45-opaque-filament-ra90-3-step-350\/#primaryimage"},"image":{"@id":"https:\/\/shop.noor.fi\/produkt\/led-lamppu-e27-g45-opaque-filament-ra90-3-step-350\/#primaryimage"},"thumbnailUrl":"https:\/\/shop.noor.fi\/wp-content\/uploads\/2023\/11\/7391482054180.jpg","datePublished":"2023-11-01T16:21:35+00:00","dateModified":"2026-03-20T09:26:08+00:00","breadcrumb":{"@id":"https:\/\/shop.noor.fi\/produkt\/led-lamppu-e27-g45-opaque-filament-ra90-3-step-350\/#breadcrumb"},"inLanguage":"sv-SE","potentialAction":[{"@type":"ReadAction","target":["https:\/\/shop.noor.fi\/produkt\/led-lamppu-e27-g45-opaque-filament-ra90-3-step-350\/"]}]},{"@type":"ImageObject","inLanguage":"sv-SE","@id":"https:\/\/shop.noor.fi\/produkt\/led-lamppu-e27-g45-opaque-filament-ra90-3-step-350\/#primaryimage","url":"https:\/\/shop.noor.fi\/wp-content\/uploads\/2023\/11\/7391482054180.jpg","contentUrl":"https:\/\/shop.noor.fi\/wp-content\/uploads\/2023\/11\/7391482054180.jpg","width":1597,"height":900},{"@type":"BreadcrumbList","@id":"https:\/\/shop.noor.fi\/produkt\/led-lamppu-e27-g45-opaque-filament-ra90-3-step-350\/#breadcrumb","itemListElement":[{"@type":"ListItem","position":1,"name":"Etusivu","item":"https:\/\/shop.noor.fi\/sv\/"},{"@type":"ListItem","position":2,"name":"Butik","item":"https:\/\/shopnoorfi-wp31835.test.cchosting.fi\/sv\/butik\/"},{"@type":"ListItem","position":3,"name":"LED-lampa E14 G45 Opaque Filament RA90 3-step"}]},{"@type":"WebSite","@id":"https:\/\/shopnoorfi-wp31835.test.cchosting.fi\/#website","url":"https:\/\/shopnoorfi-wp31835.test.cchosting.fi\/","name":"Oy Noortrade Ab","description":"Finnish family owned company with over 30 years of professional experience in lighting &amp; interior products import and sales - reliably.","publisher":{"@id":"https:\/\/shopnoorfi-wp31835.test.cchosting.fi\/#organization"},"potentialAction":[{"@type":"SearchAction","target":{"@type":"EntryPoint","urlTemplate":"https:\/\/shopnoorfi-wp31835.test.cchosting.fi\/?s={search_term_string}"},"query-input":{"@type":"PropertyValueSpecification","valueRequired":true,"valueName":"search_term_string"}}],"inLanguage":"sv-SE"},{"@type":"Organization","@id":"https:\/\/shopnoorfi-wp31835.test.cchosting.fi\/#organization","name":"Oy Noortrade Ab","url":"https:\/\/shopnoorfi-wp31835.test.cchosting.fi\/","logo":{"@type":"ImageObject","inLanguage":"sv-SE","@id":"https:\/\/shopnoorfi-wp31835.test.cchosting.fi\/#\/schema\/logo\/image\/","url":"https:\/\/shop.noor.fi\/wp-content\/uploads\/2024\/01\/Oy-Noortrade-Ab-Corbel-VERSAL-bold-BLACK.png","contentUrl":"https:\/\/shop.noor.fi\/wp-content\/uploads\/2024\/01\/Oy-Noortrade-Ab-Corbel-VERSAL-bold-BLACK.png","width":721,"height":177,"caption":"Oy Noortrade Ab"},"image":{"@id":"https:\/\/shopnoorfi-wp31835.test.cchosting.fi\/#\/schema\/logo\/image\/"}}]}},"brands":[{"id":28728,"name":"Star Trading","slug":"star-trading"}],"_links":{"self":[{"href":"https:\/\/shop.noor.fi\/sv\/wp-json\/wp\/v2\/product\/107190","targetHints":{"allow":["GET"]}}],"collection":[{"href":"https:\/\/shop.noor.fi\/sv\/wp-json\/wp\/v2\/product"}],"about":[{"href":"https:\/\/shop.noor.fi\/sv\/wp-json\/wp\/v2\/types\/product"}],"replies":[{"embeddable":true,"href":"https:\/\/shop.noor.fi\/sv\/wp-json\/wp\/v2\/comments?post=107190"}],"wp:featuredmedia":[{"embeddable":true,"href":"https:\/\/shop.noor.fi\/sv\/wp-json\/wp\/v2\/media\/31574"}],"wp:attachment":[{"href":"https:\/\/shop.noor.fi\/sv\/wp-json\/wp\/v2\/media?parent=107190"}],"wp:term":[{"taxonomy":"pwb-brand","embeddable":true,"href":"https:\/\/shop.noor.fi\/sv\/wp-json\/wp\/v2\/pwb-brand?post=107190"},{"taxonomy":"product_brand","embeddable":true,"href":"https:\/\/shop.noor.fi\/sv\/wp-json\/wp\/v2\/product_brand?post=107190"},{"taxonomy":"product_cat","embeddable":true,"href":"https:\/\/shop.noor.fi\/sv\/wp-json\/wp\/v2\/product_cat?post=107190"},{"taxonomy":"product_tag","embeddable":true,"href":"https:\/\/shop.noor.fi\/sv\/wp-json\/wp\/v2\/product_tag?post=107190"}],"curies":[{"name":"wp","href":"https:\/\/api.w.org\/{rel}","templated":true}]}}