{"id":107169,"date":"2023-11-01T18:20:42","date_gmt":"2023-11-01T16:20:42","guid":{"rendered":"https:\/\/shop.noor.fi\/product\/led-lampa-e27-g45-opaque-filament-ra90-3000k-470lm\/"},"modified":"2026-03-17T08:35:53","modified_gmt":"2026-03-17T06:35:53","slug":"led-lampa-e27-g45-opaque-filament-ra90-3000k-470lm","status":"publish","type":"product","link":"https:\/\/shop.noor.fi\/sv\/produkt\/led-lampa-e27-g45-opaque-filament-ra90-3000k-470lm\/","title":{"rendered":"LED lampa E27 G45 Opaque filament RA90 3000K 470lm"},"content":{"rendered":"<p>Helt opal klotlampa med h\u00f6g f\u00e4rg\u00e5tergivning, RA90. Lampan \u00e4r dimmerkompatibel.<br \/>\nE27-sockel, den har vit f\u00e4rg 3000K och ljusfl\u00f6den \u00e4r 470 lm. Effekt 5W.<br \/>\nMotsvarar 40W gl\u00f6dlampa.<\/p>\n<p>Diameter 4,5 cm<br \/>\nH\u00f6jd 7,8 cm<\/p>\n<p>Opaque Filament lamporna \u00e4r vita och rundstr\u00e5lande. De ger ett j\u00e4mnt och diffust ljus som passar perfekt under sk\u00e4rm men \u00e4r lika snygga i armaturer d\u00e4r ljusk\u00e4llan syns. Med ett mjukt sken passar de i m\u00e5nga olika milj\u00f6er.<\/p>\n","protected":false},"excerpt":{"rendered":"<p>Helt opal klotlampa med h\u00f6g f\u00e4rg\u00e5tergivning, RA90. Lampan \u00e4r dimmerkompatibel. E27-sockel, den har vit f\u00e4rg 3000K och ljusfl\u00f6den \u00e4r 470 lm. Effekt 5W. Motsvarar 40W gl\u00f6dlampa. Diameter 4,5 cm H\u00f6jd 7,8 cm Opaque Filament lamporna \u00e4r vita och rundstr\u00e5lande. De ger ett j\u00e4mnt och diffust ljus som passar perfekt under sk\u00e4rm men \u00e4r lika snygga [&hellip;]<\/p>\n","protected":false},"featured_media":7526,"comment_status":"open","ping_status":"closed","template":"","meta":{"_acf_changed":false,"_relevanssi_hide_post":"","_relevanssi_hide_content":"","_relevanssi_pin_for_all":"","_relevanssi_pin_keywords":"","_relevanssi_unpin_keywords":"","_relevanssi_related_keywords":"","_relevanssi_related_include_ids":"","_relevanssi_related_exclude_ids":"","_relevanssi_related_no_append":"","_relevanssi_related_not_related":"","_relevanssi_related_posts":"","_relevanssi_noindex_reason":""},"pwb-brand":[37491,28728],"product_brand":[],"product_cat":[32162],"product_tag":[],"class_list":{"0":"post-107169","1":"product","2":"type-product","3":"status-publish","4":"has-post-thumbnail","6":"pwb-brand-star-trading-sv","7":"pwb-brand-star-trading","8":"product_cat-baslampor","10":"first","11":"instock","12":"taxable","13":"shipping-taxable","14":"purchasable","15":"product-type-simple"},"acf":[],"yoast_head":"<!-- This site is optimized with the Yoast SEO plugin v27.5 - https:\/\/yoast.com\/product\/yoast-seo-wordpress\/ -->\n<title>LED lampa E27 G45 Opaque filament RA90 3000K 470lm - Oy Noortrade Ab<\/title>\n<meta name=\"robots\" content=\"index, follow, max-snippet:-1, max-image-preview:large, max-video-preview:-1\" \/>\n<link rel=\"canonical\" href=\"https:\/\/shop.noor.fi\/sv\/produkt\/led-lampa-e27-g45-opaque-filament-ra90-3000k-470lm\/\" \/>\n<meta property=\"og:locale\" content=\"sv_SE\" \/>\n<meta property=\"og:type\" content=\"article\" \/>\n<meta property=\"og:title\" content=\"LED lampa E27 G45 Opaque filament RA90 3000K 470lm - Oy Noortrade Ab\" \/>\n<meta property=\"og:description\" content=\"Helt opal klotlampa med h\u00f6g f\u00e4rg\u00e5tergivning, RA90. Lampan \u00e4r dimmerkompatibel. E27-sockel, den har vit f\u00e4rg 3000K och ljusfl\u00f6den \u00e4r 470 lm. Effekt 5W. Motsvarar 40W gl\u00f6dlampa. Diameter 4,5 cm H\u00f6jd 7,8 cm Opaque Filament lamporna \u00e4r vita och rundstr\u00e5lande. De ger ett j\u00e4mnt och diffust ljus som passar perfekt under sk\u00e4rm men \u00e4r lika snygga [&hellip;]\" \/>\n<meta property=\"og:url\" content=\"https:\/\/shop.noor.fi\/sv\/produkt\/led-lampa-e27-g45-opaque-filament-ra90-3000k-470lm\/\" \/>\n<meta property=\"og:site_name\" content=\"Oy Noortrade Ab\" \/>\n<meta property=\"article:modified_time\" content=\"2026-03-17T06:35:53+00:00\" \/>\n<meta property=\"og:image\" content=\"https:\/\/shop.noor.fi\/wp-content\/uploads\/2023\/10\/7391482046628.jpg\" \/>\n\t<meta property=\"og:image:width\" content=\"847\" \/>\n\t<meta property=\"og:image:height\" content=\"1027\" \/>\n\t<meta property=\"og:image:type\" content=\"image\/jpeg\" \/>\n<meta name=\"twitter:card\" content=\"summary_large_image\" \/>\n<script type=\"application\/ld+json\" class=\"yoast-schema-graph\">{\"@context\":\"https:\\\/\\\/schema.org\",\"@graph\":[{\"@type\":\"WebPage\",\"@id\":\"https:\\\/\\\/shop.noor.fi\\\/sv\\\/produkt\\\/led-lampa-e27-g45-opaque-filament-ra90-3000k-470lm\\\/\",\"url\":\"https:\\\/\\\/shop.noor.fi\\\/sv\\\/produkt\\\/led-lampa-e27-g45-opaque-filament-ra90-3000k-470lm\\\/\",\"name\":\"LED lampa E27 G45 Opaque filament RA90 3000K 470lm - Oy Noortrade Ab\",\"isPartOf\":{\"@id\":\"https:\\\/\\\/shopnoorfi-wp31835.test.cchosting.fi\\\/#website\"},\"primaryImageOfPage\":{\"@id\":\"https:\\\/\\\/shop.noor.fi\\\/sv\\\/produkt\\\/led-lampa-e27-g45-opaque-filament-ra90-3000k-470lm\\\/#primaryimage\"},\"image\":{\"@id\":\"https:\\\/\\\/shop.noor.fi\\\/sv\\\/produkt\\\/led-lampa-e27-g45-opaque-filament-ra90-3000k-470lm\\\/#primaryimage\"},\"thumbnailUrl\":\"https:\\\/\\\/shop.noor.fi\\\/wp-content\\\/uploads\\\/2023\\\/10\\\/7391482046628.jpg\",\"datePublished\":\"2023-11-01T16:20:42+00:00\",\"dateModified\":\"2026-03-17T06:35:53+00:00\",\"breadcrumb\":{\"@id\":\"https:\\\/\\\/shop.noor.fi\\\/sv\\\/produkt\\\/led-lampa-e27-g45-opaque-filament-ra90-3000k-470lm\\\/#breadcrumb\"},\"inLanguage\":\"sv-SE\",\"potentialAction\":[{\"@type\":\"ReadAction\",\"target\":[\"https:\\\/\\\/shop.noor.fi\\\/sv\\\/produkt\\\/led-lampa-e27-g45-opaque-filament-ra90-3000k-470lm\\\/\"]}]},{\"@type\":\"ImageObject\",\"inLanguage\":\"sv-SE\",\"@id\":\"https:\\\/\\\/shop.noor.fi\\\/sv\\\/produkt\\\/led-lampa-e27-g45-opaque-filament-ra90-3000k-470lm\\\/#primaryimage\",\"url\":\"https:\\\/\\\/shop.noor.fi\\\/wp-content\\\/uploads\\\/2023\\\/10\\\/7391482046628.jpg\",\"contentUrl\":\"https:\\\/\\\/shop.noor.fi\\\/wp-content\\\/uploads\\\/2023\\\/10\\\/7391482046628.jpg\",\"width\":847,\"height\":1027},{\"@type\":\"BreadcrumbList\",\"@id\":\"https:\\\/\\\/shop.noor.fi\\\/sv\\\/produkt\\\/led-lampa-e27-g45-opaque-filament-ra90-3000k-470lm\\\/#breadcrumb\",\"itemListElement\":[{\"@type\":\"ListItem\",\"position\":1,\"name\":\"Etusivu\",\"item\":\"https:\\\/\\\/shop.noor.fi\\\/sv\\\/\"},{\"@type\":\"ListItem\",\"position\":2,\"name\":\"Butik\",\"item\":\"https:\\\/\\\/shopnoorfi-wp31835.test.cchosting.fi\\\/sv\\\/butik\\\/\"},{\"@type\":\"ListItem\",\"position\":3,\"name\":\"LED lampa E27 G45 Opaque filament RA90 3000K 470lm\"}]},{\"@type\":\"WebSite\",\"@id\":\"https:\\\/\\\/shopnoorfi-wp31835.test.cchosting.fi\\\/#website\",\"url\":\"https:\\\/\\\/shopnoorfi-wp31835.test.cchosting.fi\\\/\",\"name\":\"Oy Noortrade Ab\",\"description\":\"Finnish family owned company with over 30 years of professional experience in lighting &amp; interior products import and sales - reliably.\",\"publisher\":{\"@id\":\"https:\\\/\\\/shopnoorfi-wp31835.test.cchosting.fi\\\/#organization\"},\"potentialAction\":[{\"@type\":\"SearchAction\",\"target\":{\"@type\":\"EntryPoint\",\"urlTemplate\":\"https:\\\/\\\/shopnoorfi-wp31835.test.cchosting.fi\\\/?s={search_term_string}\"},\"query-input\":{\"@type\":\"PropertyValueSpecification\",\"valueRequired\":true,\"valueName\":\"search_term_string\"}}],\"inLanguage\":\"sv-SE\"},{\"@type\":\"Organization\",\"@id\":\"https:\\\/\\\/shopnoorfi-wp31835.test.cchosting.fi\\\/#organization\",\"name\":\"Oy Noortrade Ab\",\"url\":\"https:\\\/\\\/shopnoorfi-wp31835.test.cchosting.fi\\\/\",\"logo\":{\"@type\":\"ImageObject\",\"inLanguage\":\"sv-SE\",\"@id\":\"https:\\\/\\\/shopnoorfi-wp31835.test.cchosting.fi\\\/#\\\/schema\\\/logo\\\/image\\\/\",\"url\":\"https:\\\/\\\/shop.noor.fi\\\/wp-content\\\/uploads\\\/2024\\\/01\\\/Oy-Noortrade-Ab-Corbel-VERSAL-bold-BLACK.png\",\"contentUrl\":\"https:\\\/\\\/shop.noor.fi\\\/wp-content\\\/uploads\\\/2024\\\/01\\\/Oy-Noortrade-Ab-Corbel-VERSAL-bold-BLACK.png\",\"width\":721,\"height\":177,\"caption\":\"Oy Noortrade Ab\"},\"image\":{\"@id\":\"https:\\\/\\\/shopnoorfi-wp31835.test.cchosting.fi\\\/#\\\/schema\\\/logo\\\/image\\\/\"}}]}<\/script>\n<!-- \/ Yoast SEO plugin. -->","yoast_head_json":{"title":"LED lampa E27 G45 Opaque filament RA90 3000K 470lm - Oy Noortrade Ab","robots":{"index":"index","follow":"follow","max-snippet":"max-snippet:-1","max-image-preview":"max-image-preview:large","max-video-preview":"max-video-preview:-1"},"canonical":"https:\/\/shop.noor.fi\/sv\/produkt\/led-lampa-e27-g45-opaque-filament-ra90-3000k-470lm\/","og_locale":"sv_SE","og_type":"article","og_title":"LED lampa E27 G45 Opaque filament RA90 3000K 470lm - Oy Noortrade Ab","og_description":"Helt opal klotlampa med h\u00f6g f\u00e4rg\u00e5tergivning, RA90. Lampan \u00e4r dimmerkompatibel. E27-sockel, den har vit f\u00e4rg 3000K och ljusfl\u00f6den \u00e4r 470 lm. Effekt 5W. Motsvarar 40W gl\u00f6dlampa. Diameter 4,5 cm H\u00f6jd 7,8 cm Opaque Filament lamporna \u00e4r vita och rundstr\u00e5lande. De ger ett j\u00e4mnt och diffust ljus som passar perfekt under sk\u00e4rm men \u00e4r lika snygga [&hellip;]","og_url":"https:\/\/shop.noor.fi\/sv\/produkt\/led-lampa-e27-g45-opaque-filament-ra90-3000k-470lm\/","og_site_name":"Oy Noortrade Ab","article_modified_time":"2026-03-17T06:35:53+00:00","og_image":[{"width":847,"height":1027,"url":"https:\/\/shop.noor.fi\/wp-content\/uploads\/2023\/10\/7391482046628.jpg","type":"image\/jpeg"}],"twitter_card":"summary_large_image","schema":{"@context":"https:\/\/schema.org","@graph":[{"@type":"WebPage","@id":"https:\/\/shop.noor.fi\/sv\/produkt\/led-lampa-e27-g45-opaque-filament-ra90-3000k-470lm\/","url":"https:\/\/shop.noor.fi\/sv\/produkt\/led-lampa-e27-g45-opaque-filament-ra90-3000k-470lm\/","name":"LED lampa E27 G45 Opaque filament RA90 3000K 470lm - Oy Noortrade Ab","isPartOf":{"@id":"https:\/\/shopnoorfi-wp31835.test.cchosting.fi\/#website"},"primaryImageOfPage":{"@id":"https:\/\/shop.noor.fi\/sv\/produkt\/led-lampa-e27-g45-opaque-filament-ra90-3000k-470lm\/#primaryimage"},"image":{"@id":"https:\/\/shop.noor.fi\/sv\/produkt\/led-lampa-e27-g45-opaque-filament-ra90-3000k-470lm\/#primaryimage"},"thumbnailUrl":"https:\/\/shop.noor.fi\/wp-content\/uploads\/2023\/10\/7391482046628.jpg","datePublished":"2023-11-01T16:20:42+00:00","dateModified":"2026-03-17T06:35:53+00:00","breadcrumb":{"@id":"https:\/\/shop.noor.fi\/sv\/produkt\/led-lampa-e27-g45-opaque-filament-ra90-3000k-470lm\/#breadcrumb"},"inLanguage":"sv-SE","potentialAction":[{"@type":"ReadAction","target":["https:\/\/shop.noor.fi\/sv\/produkt\/led-lampa-e27-g45-opaque-filament-ra90-3000k-470lm\/"]}]},{"@type":"ImageObject","inLanguage":"sv-SE","@id":"https:\/\/shop.noor.fi\/sv\/produkt\/led-lampa-e27-g45-opaque-filament-ra90-3000k-470lm\/#primaryimage","url":"https:\/\/shop.noor.fi\/wp-content\/uploads\/2023\/10\/7391482046628.jpg","contentUrl":"https:\/\/shop.noor.fi\/wp-content\/uploads\/2023\/10\/7391482046628.jpg","width":847,"height":1027},{"@type":"BreadcrumbList","@id":"https:\/\/shop.noor.fi\/sv\/produkt\/led-lampa-e27-g45-opaque-filament-ra90-3000k-470lm\/#breadcrumb","itemListElement":[{"@type":"ListItem","position":1,"name":"Etusivu","item":"https:\/\/shop.noor.fi\/sv\/"},{"@type":"ListItem","position":2,"name":"Butik","item":"https:\/\/shopnoorfi-wp31835.test.cchosting.fi\/sv\/butik\/"},{"@type":"ListItem","position":3,"name":"LED lampa E27 G45 Opaque filament RA90 3000K 470lm"}]},{"@type":"WebSite","@id":"https:\/\/shopnoorfi-wp31835.test.cchosting.fi\/#website","url":"https:\/\/shopnoorfi-wp31835.test.cchosting.fi\/","name":"Oy Noortrade Ab","description":"Finnish family owned company with over 30 years of professional experience in lighting &amp; interior products import and sales - reliably.","publisher":{"@id":"https:\/\/shopnoorfi-wp31835.test.cchosting.fi\/#organization"},"potentialAction":[{"@type":"SearchAction","target":{"@type":"EntryPoint","urlTemplate":"https:\/\/shopnoorfi-wp31835.test.cchosting.fi\/?s={search_term_string}"},"query-input":{"@type":"PropertyValueSpecification","valueRequired":true,"valueName":"search_term_string"}}],"inLanguage":"sv-SE"},{"@type":"Organization","@id":"https:\/\/shopnoorfi-wp31835.test.cchosting.fi\/#organization","name":"Oy Noortrade Ab","url":"https:\/\/shopnoorfi-wp31835.test.cchosting.fi\/","logo":{"@type":"ImageObject","inLanguage":"sv-SE","@id":"https:\/\/shopnoorfi-wp31835.test.cchosting.fi\/#\/schema\/logo\/image\/","url":"https:\/\/shop.noor.fi\/wp-content\/uploads\/2024\/01\/Oy-Noortrade-Ab-Corbel-VERSAL-bold-BLACK.png","contentUrl":"https:\/\/shop.noor.fi\/wp-content\/uploads\/2024\/01\/Oy-Noortrade-Ab-Corbel-VERSAL-bold-BLACK.png","width":721,"height":177,"caption":"Oy Noortrade Ab"},"image":{"@id":"https:\/\/shopnoorfi-wp31835.test.cchosting.fi\/#\/schema\/logo\/image\/"}}]}},"brands":[{"id":37491,"name":"Star Trading","slug":"star-trading-sv"},{"id":28728,"name":"Star Trading","slug":"star-trading"}],"_links":{"self":[{"href":"https:\/\/shop.noor.fi\/sv\/wp-json\/wp\/v2\/product\/107169","targetHints":{"allow":["GET"]}}],"collection":[{"href":"https:\/\/shop.noor.fi\/sv\/wp-json\/wp\/v2\/product"}],"about":[{"href":"https:\/\/shop.noor.fi\/sv\/wp-json\/wp\/v2\/types\/product"}],"replies":[{"embeddable":true,"href":"https:\/\/shop.noor.fi\/sv\/wp-json\/wp\/v2\/comments?post=107169"}],"wp:featuredmedia":[{"embeddable":true,"href":"https:\/\/shop.noor.fi\/sv\/wp-json\/wp\/v2\/media\/7526"}],"wp:attachment":[{"href":"https:\/\/shop.noor.fi\/sv\/wp-json\/wp\/v2\/media?parent=107169"}],"wp:term":[{"taxonomy":"pwb-brand","embeddable":true,"href":"https:\/\/shop.noor.fi\/sv\/wp-json\/wp\/v2\/pwb-brand?post=107169"},{"taxonomy":"product_brand","embeddable":true,"href":"https:\/\/shop.noor.fi\/sv\/wp-json\/wp\/v2\/product_brand?post=107169"},{"taxonomy":"product_cat","embeddable":true,"href":"https:\/\/shop.noor.fi\/sv\/wp-json\/wp\/v2\/product_cat?post=107169"},{"taxonomy":"product_tag","embeddable":true,"href":"https:\/\/shop.noor.fi\/sv\/wp-json\/wp\/v2\/product_tag?post=107169"}],"curies":[{"name":"wp","href":"https:\/\/api.w.org\/{rel}","templated":true}]}}