{"id":107135,"date":"2023-11-01T18:19:03","date_gmt":"2023-11-01T16:19:03","guid":{"rendered":"https:\/\/shop.noor.fi\/product\/smart-light-strip-ljusslinga-rgb\/"},"modified":"2026-04-10T22:10:22","modified_gmt":"2026-04-10T19:10:22","slug":"smart-light-strip-ljusslinga-rgb","status":"publish","type":"product","link":"https:\/\/shop.noor.fi\/sv\/produkt\/smart-light-strip-ljusslinga-rgb\/","title":{"rendered":"Smart Light Strip ljusslinga RGB 300 cm"},"content":{"rendered":"<p>Ljusslinga med smarta funktioner. Ljusf\u00e4rgen kan varieras i o\u00e4ndliga f\u00e4rger, och slingan kan anv\u00e4ndas till alltifr\u00e5n julbelysning till dekorationsbelysning. Det \u00e4r enkelt att \u00e4ndra ljusf\u00e4rgen, t\u00e4nda och sl\u00e4cka slingan med hj\u00e4lp av appen Smart Life, p\u00e5 kontrollboxen eller med hj\u00e4lp av fj\u00e4rrkontrollen. I appen kan du \u00e4ven l\u00e4gga in scheman f\u00f6r n\u00e4r du vill att slingan skall vara t\u00e4nd. Den smarta slingan kan \u00e4ven integreras med produkter fr\u00e5n Google Home eller Amazon Alexa.<br \/>\nKom ig\u00e5ng genom att ladda hem appen, logga in eller skapa ett konto och anslut din slinga.<br \/>\nUSB-kabel, l\u00e4ngd 93 cm.<br \/>\nAvst\u00e5nd mellan lampor 10 cm.<br \/>\nFj\u00e4rrkontrollen fungerar med CR2025 batteri som ing\u00e5r.<br \/>\nIntegrerad LED, lamporna \u00e4r ej utbytbara.<\/p>\n<p>L\u00e4ngd 300 cm<br \/>\nDjup 0,5 cm<br \/>\nH\u00f6jd 0,6 cm<\/p>\n","protected":false},"excerpt":{"rendered":"<p>Ljusslinga med smarta funktioner. Ljusf\u00e4rgen kan varieras i o\u00e4ndliga f\u00e4rger, och slingan kan anv\u00e4ndas till alltifr\u00e5n julbelysning till dekorationsbelysning. Det \u00e4r enkelt att \u00e4ndra ljusf\u00e4rgen, t\u00e4nda och sl\u00e4cka slingan med hj\u00e4lp av appen Smart Life, p\u00e5 kontrollboxen eller med hj\u00e4lp av fj\u00e4rrkontrollen. I appen kan du \u00e4ven l\u00e4gga in scheman f\u00f6r n\u00e4r du vill att [&hellip;]<\/p>\n","protected":false},"featured_media":28898,"comment_status":"open","ping_status":"closed","template":"","meta":{"_acf_changed":false,"_relevanssi_hide_post":"","_relevanssi_hide_content":"","_relevanssi_pin_for_all":"","_relevanssi_pin_keywords":"","_relevanssi_unpin_keywords":"","_relevanssi_related_keywords":"","_relevanssi_related_include_ids":"","_relevanssi_related_exclude_ids":"","_relevanssi_related_no_append":"","_relevanssi_related_not_related":"","_relevanssi_related_posts":"","_relevanssi_noindex_reason":""},"pwb-brand":[28728],"product_brand":[],"product_cat":[32090],"product_tag":[],"class_list":{"0":"post-107135","1":"product","2":"type-product","3":"status-publish","4":"has-post-thumbnail","6":"pwb-brand-star-trading","7":"product_cat-partyslingor","9":"first","10":"instock","11":"taxable","12":"shipping-taxable","13":"purchasable","14":"product-type-simple"},"acf":[],"yoast_head":"<!-- This site is optimized with the Yoast SEO plugin v27.5 - https:\/\/yoast.com\/product\/yoast-seo-wordpress\/ -->\n<title>Smart Light Strip ljusslinga RGB 300 cm - Oy Noortrade Ab<\/title>\n<meta name=\"robots\" content=\"index, follow, max-snippet:-1, max-image-preview:large, max-video-preview:-1\" \/>\n<link rel=\"canonical\" href=\"https:\/\/shop.noor.fi\/tuote\/smart-light-strip-valosarja-rgb\/\" \/>\n<meta property=\"og:locale\" content=\"sv_SE\" \/>\n<meta property=\"og:type\" content=\"article\" \/>\n<meta property=\"og:title\" content=\"Smart Light Strip ljusslinga RGB 300 cm - Oy Noortrade Ab\" \/>\n<meta property=\"og:description\" content=\"Ljusslinga med smarta funktioner. Ljusf\u00e4rgen kan varieras i o\u00e4ndliga f\u00e4rger, och slingan kan anv\u00e4ndas till alltifr\u00e5n julbelysning till dekorationsbelysning. Det \u00e4r enkelt att \u00e4ndra ljusf\u00e4rgen, t\u00e4nda och sl\u00e4cka slingan med hj\u00e4lp av appen Smart Life, p\u00e5 kontrollboxen eller med hj\u00e4lp av fj\u00e4rrkontrollen. I appen kan du \u00e4ven l\u00e4gga in scheman f\u00f6r n\u00e4r du vill att [&hellip;]\" \/>\n<meta property=\"og:url\" content=\"https:\/\/shop.noor.fi\/tuote\/smart-light-strip-valosarja-rgb\/\" \/>\n<meta property=\"og:site_name\" content=\"Oy Noortrade Ab\" \/>\n<meta property=\"article:modified_time\" content=\"2026-04-10T19:10:22+00:00\" \/>\n<meta property=\"og:image\" content=\"https:\/\/shop.noor.fi\/wp-content\/uploads\/2023\/11\/7391482058652.jpg\" \/>\n\t<meta property=\"og:image:width\" content=\"864\" \/>\n\t<meta property=\"og:image:height\" content=\"1080\" \/>\n\t<meta property=\"og:image:type\" content=\"image\/jpeg\" \/>\n<meta name=\"twitter:card\" content=\"summary_large_image\" \/>\n<meta name=\"twitter:label1\" content=\"Ber\u00e4knad l\u00e4stid\" \/>\n\t<meta name=\"twitter:data1\" content=\"1 minut\" \/>\n<script type=\"application\/ld+json\" class=\"yoast-schema-graph\">{\"@context\":\"https:\\\/\\\/schema.org\",\"@graph\":[{\"@type\":\"WebPage\",\"@id\":\"https:\\\/\\\/shop.noor.fi\\\/tuote\\\/smart-light-strip-valosarja-rgb\\\/\",\"url\":\"https:\\\/\\\/shop.noor.fi\\\/tuote\\\/smart-light-strip-valosarja-rgb\\\/\",\"name\":\"Smart Light Strip ljusslinga RGB 300 cm - Oy Noortrade Ab\",\"isPartOf\":{\"@id\":\"https:\\\/\\\/shopnoorfi-wp31835.test.cchosting.fi\\\/#website\"},\"primaryImageOfPage\":{\"@id\":\"https:\\\/\\\/shop.noor.fi\\\/tuote\\\/smart-light-strip-valosarja-rgb\\\/#primaryimage\"},\"image\":{\"@id\":\"https:\\\/\\\/shop.noor.fi\\\/tuote\\\/smart-light-strip-valosarja-rgb\\\/#primaryimage\"},\"thumbnailUrl\":\"https:\\\/\\\/shop.noor.fi\\\/wp-content\\\/uploads\\\/2023\\\/11\\\/7391482058652.jpg\",\"datePublished\":\"2023-11-01T16:19:03+00:00\",\"dateModified\":\"2026-04-10T19:10:22+00:00\",\"breadcrumb\":{\"@id\":\"https:\\\/\\\/shop.noor.fi\\\/tuote\\\/smart-light-strip-valosarja-rgb\\\/#breadcrumb\"},\"inLanguage\":\"sv-SE\",\"potentialAction\":[{\"@type\":\"ReadAction\",\"target\":[\"https:\\\/\\\/shop.noor.fi\\\/tuote\\\/smart-light-strip-valosarja-rgb\\\/\"]}]},{\"@type\":\"ImageObject\",\"inLanguage\":\"sv-SE\",\"@id\":\"https:\\\/\\\/shop.noor.fi\\\/tuote\\\/smart-light-strip-valosarja-rgb\\\/#primaryimage\",\"url\":\"https:\\\/\\\/shop.noor.fi\\\/wp-content\\\/uploads\\\/2023\\\/11\\\/7391482058652.jpg\",\"contentUrl\":\"https:\\\/\\\/shop.noor.fi\\\/wp-content\\\/uploads\\\/2023\\\/11\\\/7391482058652.jpg\",\"width\":864,\"height\":1080},{\"@type\":\"BreadcrumbList\",\"@id\":\"https:\\\/\\\/shop.noor.fi\\\/tuote\\\/smart-light-strip-valosarja-rgb\\\/#breadcrumb\",\"itemListElement\":[{\"@type\":\"ListItem\",\"position\":1,\"name\":\"Etusivu\",\"item\":\"https:\\\/\\\/shop.noor.fi\\\/sv\\\/\"},{\"@type\":\"ListItem\",\"position\":2,\"name\":\"Butik\",\"item\":\"https:\\\/\\\/shopnoorfi-wp31835.test.cchosting.fi\\\/sv\\\/butik\\\/\"},{\"@type\":\"ListItem\",\"position\":3,\"name\":\"Smart Light Strip ljusslinga RGB 300 cm\"}]},{\"@type\":\"WebSite\",\"@id\":\"https:\\\/\\\/shopnoorfi-wp31835.test.cchosting.fi\\\/#website\",\"url\":\"https:\\\/\\\/shopnoorfi-wp31835.test.cchosting.fi\\\/\",\"name\":\"Oy Noortrade Ab\",\"description\":\"Finnish family owned company with over 30 years of professional experience in lighting &amp; interior products import and sales - reliably.\",\"publisher\":{\"@id\":\"https:\\\/\\\/shopnoorfi-wp31835.test.cchosting.fi\\\/#organization\"},\"potentialAction\":[{\"@type\":\"SearchAction\",\"target\":{\"@type\":\"EntryPoint\",\"urlTemplate\":\"https:\\\/\\\/shopnoorfi-wp31835.test.cchosting.fi\\\/?s={search_term_string}\"},\"query-input\":{\"@type\":\"PropertyValueSpecification\",\"valueRequired\":true,\"valueName\":\"search_term_string\"}}],\"inLanguage\":\"sv-SE\"},{\"@type\":\"Organization\",\"@id\":\"https:\\\/\\\/shopnoorfi-wp31835.test.cchosting.fi\\\/#organization\",\"name\":\"Oy Noortrade Ab\",\"url\":\"https:\\\/\\\/shopnoorfi-wp31835.test.cchosting.fi\\\/\",\"logo\":{\"@type\":\"ImageObject\",\"inLanguage\":\"sv-SE\",\"@id\":\"https:\\\/\\\/shopnoorfi-wp31835.test.cchosting.fi\\\/#\\\/schema\\\/logo\\\/image\\\/\",\"url\":\"https:\\\/\\\/shop.noor.fi\\\/wp-content\\\/uploads\\\/2024\\\/01\\\/Oy-Noortrade-Ab-Corbel-VERSAL-bold-BLACK.png\",\"contentUrl\":\"https:\\\/\\\/shop.noor.fi\\\/wp-content\\\/uploads\\\/2024\\\/01\\\/Oy-Noortrade-Ab-Corbel-VERSAL-bold-BLACK.png\",\"width\":721,\"height\":177,\"caption\":\"Oy Noortrade Ab\"},\"image\":{\"@id\":\"https:\\\/\\\/shopnoorfi-wp31835.test.cchosting.fi\\\/#\\\/schema\\\/logo\\\/image\\\/\"}}]}<\/script>\n<!-- \/ Yoast SEO plugin. -->","yoast_head_json":{"title":"Smart Light Strip ljusslinga RGB 300 cm - Oy Noortrade Ab","robots":{"index":"index","follow":"follow","max-snippet":"max-snippet:-1","max-image-preview":"max-image-preview:large","max-video-preview":"max-video-preview:-1"},"canonical":"https:\/\/shop.noor.fi\/tuote\/smart-light-strip-valosarja-rgb\/","og_locale":"sv_SE","og_type":"article","og_title":"Smart Light Strip ljusslinga RGB 300 cm - Oy Noortrade Ab","og_description":"Ljusslinga med smarta funktioner. Ljusf\u00e4rgen kan varieras i o\u00e4ndliga f\u00e4rger, och slingan kan anv\u00e4ndas till alltifr\u00e5n julbelysning till dekorationsbelysning. Det \u00e4r enkelt att \u00e4ndra ljusf\u00e4rgen, t\u00e4nda och sl\u00e4cka slingan med hj\u00e4lp av appen Smart Life, p\u00e5 kontrollboxen eller med hj\u00e4lp av fj\u00e4rrkontrollen. I appen kan du \u00e4ven l\u00e4gga in scheman f\u00f6r n\u00e4r du vill att [&hellip;]","og_url":"https:\/\/shop.noor.fi\/tuote\/smart-light-strip-valosarja-rgb\/","og_site_name":"Oy Noortrade Ab","article_modified_time":"2026-04-10T19:10:22+00:00","og_image":[{"width":864,"height":1080,"url":"https:\/\/shop.noor.fi\/wp-content\/uploads\/2023\/11\/7391482058652.jpg","type":"image\/jpeg"}],"twitter_card":"summary_large_image","twitter_misc":{"Ber\u00e4knad l\u00e4stid":"1 minut"},"schema":{"@context":"https:\/\/schema.org","@graph":[{"@type":"WebPage","@id":"https:\/\/shop.noor.fi\/tuote\/smart-light-strip-valosarja-rgb\/","url":"https:\/\/shop.noor.fi\/tuote\/smart-light-strip-valosarja-rgb\/","name":"Smart Light Strip ljusslinga RGB 300 cm - Oy Noortrade Ab","isPartOf":{"@id":"https:\/\/shopnoorfi-wp31835.test.cchosting.fi\/#website"},"primaryImageOfPage":{"@id":"https:\/\/shop.noor.fi\/tuote\/smart-light-strip-valosarja-rgb\/#primaryimage"},"image":{"@id":"https:\/\/shop.noor.fi\/tuote\/smart-light-strip-valosarja-rgb\/#primaryimage"},"thumbnailUrl":"https:\/\/shop.noor.fi\/wp-content\/uploads\/2023\/11\/7391482058652.jpg","datePublished":"2023-11-01T16:19:03+00:00","dateModified":"2026-04-10T19:10:22+00:00","breadcrumb":{"@id":"https:\/\/shop.noor.fi\/tuote\/smart-light-strip-valosarja-rgb\/#breadcrumb"},"inLanguage":"sv-SE","potentialAction":[{"@type":"ReadAction","target":["https:\/\/shop.noor.fi\/tuote\/smart-light-strip-valosarja-rgb\/"]}]},{"@type":"ImageObject","inLanguage":"sv-SE","@id":"https:\/\/shop.noor.fi\/tuote\/smart-light-strip-valosarja-rgb\/#primaryimage","url":"https:\/\/shop.noor.fi\/wp-content\/uploads\/2023\/11\/7391482058652.jpg","contentUrl":"https:\/\/shop.noor.fi\/wp-content\/uploads\/2023\/11\/7391482058652.jpg","width":864,"height":1080},{"@type":"BreadcrumbList","@id":"https:\/\/shop.noor.fi\/tuote\/smart-light-strip-valosarja-rgb\/#breadcrumb","itemListElement":[{"@type":"ListItem","position":1,"name":"Etusivu","item":"https:\/\/shop.noor.fi\/sv\/"},{"@type":"ListItem","position":2,"name":"Butik","item":"https:\/\/shopnoorfi-wp31835.test.cchosting.fi\/sv\/butik\/"},{"@type":"ListItem","position":3,"name":"Smart Light Strip ljusslinga RGB 300 cm"}]},{"@type":"WebSite","@id":"https:\/\/shopnoorfi-wp31835.test.cchosting.fi\/#website","url":"https:\/\/shopnoorfi-wp31835.test.cchosting.fi\/","name":"Oy Noortrade Ab","description":"Finnish family owned company with over 30 years of professional experience in lighting &amp; interior products import and sales - reliably.","publisher":{"@id":"https:\/\/shopnoorfi-wp31835.test.cchosting.fi\/#organization"},"potentialAction":[{"@type":"SearchAction","target":{"@type":"EntryPoint","urlTemplate":"https:\/\/shopnoorfi-wp31835.test.cchosting.fi\/?s={search_term_string}"},"query-input":{"@type":"PropertyValueSpecification","valueRequired":true,"valueName":"search_term_string"}}],"inLanguage":"sv-SE"},{"@type":"Organization","@id":"https:\/\/shopnoorfi-wp31835.test.cchosting.fi\/#organization","name":"Oy Noortrade Ab","url":"https:\/\/shopnoorfi-wp31835.test.cchosting.fi\/","logo":{"@type":"ImageObject","inLanguage":"sv-SE","@id":"https:\/\/shopnoorfi-wp31835.test.cchosting.fi\/#\/schema\/logo\/image\/","url":"https:\/\/shop.noor.fi\/wp-content\/uploads\/2024\/01\/Oy-Noortrade-Ab-Corbel-VERSAL-bold-BLACK.png","contentUrl":"https:\/\/shop.noor.fi\/wp-content\/uploads\/2024\/01\/Oy-Noortrade-Ab-Corbel-VERSAL-bold-BLACK.png","width":721,"height":177,"caption":"Oy Noortrade Ab"},"image":{"@id":"https:\/\/shopnoorfi-wp31835.test.cchosting.fi\/#\/schema\/logo\/image\/"}}]}},"brands":[{"id":28728,"name":"Star Trading","slug":"star-trading"}],"_links":{"self":[{"href":"https:\/\/shop.noor.fi\/sv\/wp-json\/wp\/v2\/product\/107135","targetHints":{"allow":["GET"]}}],"collection":[{"href":"https:\/\/shop.noor.fi\/sv\/wp-json\/wp\/v2\/product"}],"about":[{"href":"https:\/\/shop.noor.fi\/sv\/wp-json\/wp\/v2\/types\/product"}],"replies":[{"embeddable":true,"href":"https:\/\/shop.noor.fi\/sv\/wp-json\/wp\/v2\/comments?post=107135"}],"wp:featuredmedia":[{"embeddable":true,"href":"https:\/\/shop.noor.fi\/sv\/wp-json\/wp\/v2\/media\/28898"}],"wp:attachment":[{"href":"https:\/\/shop.noor.fi\/sv\/wp-json\/wp\/v2\/media?parent=107135"}],"wp:term":[{"taxonomy":"pwb-brand","embeddable":true,"href":"https:\/\/shop.noor.fi\/sv\/wp-json\/wp\/v2\/pwb-brand?post=107135"},{"taxonomy":"product_brand","embeddable":true,"href":"https:\/\/shop.noor.fi\/sv\/wp-json\/wp\/v2\/product_brand?post=107135"},{"taxonomy":"product_cat","embeddable":true,"href":"https:\/\/shop.noor.fi\/sv\/wp-json\/wp\/v2\/product_cat?post=107135"},{"taxonomy":"product_tag","embeddable":true,"href":"https:\/\/shop.noor.fi\/sv\/wp-json\/wp\/v2\/product_tag?post=107135"}],"curies":[{"name":"wp","href":"https:\/\/api.w.org\/{rel}","templated":true}]}}