{"id":107123,"date":"2023-11-01T18:18:26","date_gmt":"2023-11-01T16:18:26","guid":{"rendered":"https:\/\/shop.noor.fi\/product\/flat-panel-light-3010cm-4000k-start\/"},"modified":"2026-03-17T08:22:11","modified_gmt":"2026-03-17T06:22:11","slug":"flat-panel-light-3010cm-4000k-start","status":"publish","type":"product","link":"https:\/\/shop.noor.fi\/sv\/produkt\/flat-panel-light-3010cm-4000k-start\/","title":{"rendered":"Flat panel light 30*10cm 4000K Start"},"content":{"rendered":"<p>Ihopkopplingsbar slim LED-panel. P\u00e5\/Av samt dimmerfunktion genom att anv\u00e4nda handen. L\u00e4tt att montera med 3M tejp, magneter eller skruvar. Lyser med vitt sken, och passar utm\u00e4rkt som arbetsbelysning.<\/p>\n<p>F\u00e4rg: Vit<br \/>\nAnslutningskabelns f\u00e4rg: Vit<br \/>\nLjusf\u00e4rg: Natural white<br \/>\nBredd\/l\u00e4ngd (cm): 30,00<br \/>\nH\u00f6jd (cm): 10,00<br \/>\nDjup (cm): 0,76<br \/>\nAnv\u00e4ndningsomr\u00e5de: Inomhus<br \/>\nAntal lampor: 1<br \/>\nAntal LED per lampa: 51<br \/>\nSockel: Ej utbytbar<br \/>\nSensor: Sweep<br \/>\nF\u00e4rgtemperatur (K): 4000<br \/>\nLjusfl\u00f6de (lm): 270<br \/>\nF\u00e4rg\u00e5tergivning (CRI\/Ra): 80<br \/>\nSpridningsvinkel: 110\u00b0<br \/>\nF\u00e4rgavvikelser (SDCM): <6\nMedellivsl\u00e4ngd (h): 25000\nT\u00e4ndcykler: 12500\nT\u00e4ndtid: 0 s\nH\u00f6gsta\/l\u00e4gsta omgivningstemperatur: -20\u00b0 - +40\u00b0\nTransformator: 12V DC 24W IP20 Euro-kontakt\nEffektfaktor: 0.500000\nLampans str\u00f6mstyrka (mA): 45\nLampans Effekt (W): 5\nLampans Sp\u00e4nning (V): 12VDC\nVolt: 220-240V AC\nEnergiklass: LED (A++ - A)\nAnslutningskabelns l\u00e4ngd (cm): 150\nAnslutningskabel-specifikation: E328945\nIP-klass: IP20\n<\/p>\n","protected":false},"excerpt":{"rendered":"<p>Ihopkopplingsbar slim LED-panel. P\u00e5\/Av samt dimmerfunktion genom att anv\u00e4nda handen. L\u00e4tt att montera med 3M tejp, magneter eller skruvar. Lyser med vitt sken, och passar utm\u00e4rkt som arbetsbelysning. F\u00e4rg: Vit Anslutningskabelns f\u00e4rg: Vit Ljusf\u00e4rg: Natural white Bredd\/l\u00e4ngd (cm): 30,00 H\u00f6jd (cm): 10,00 Djup (cm): 0,76 Anv\u00e4ndningsomr\u00e5de: Inomhus Antal lampor: 1 Antal LED per lampa: 51 [&hellip;]<\/p>\n","protected":false},"featured_media":11066,"comment_status":"open","ping_status":"closed","template":"","meta":{"_acf_changed":false,"_relevanssi_hide_post":"","_relevanssi_hide_content":"","_relevanssi_pin_for_all":"","_relevanssi_pin_keywords":"","_relevanssi_unpin_keywords":"","_relevanssi_related_keywords":"","_relevanssi_related_include_ids":"","_relevanssi_related_exclude_ids":"","_relevanssi_related_no_append":"","_relevanssi_related_not_related":"","_relevanssi_related_posts":"","_relevanssi_noindex_reason":""},"pwb-brand":[28728],"product_brand":[],"product_cat":[32170],"product_tag":[],"class_list":{"0":"post-107123","1":"product","2":"type-product","3":"status-publish","4":"has-post-thumbnail","6":"pwb-brand-star-trading","7":"product_cat-bankbelysning","9":"first","10":"instock","11":"taxable","12":"shipping-taxable","13":"purchasable","14":"product-type-simple"},"acf":[],"yoast_head":"<!-- This site is optimized with the Yoast SEO plugin v27.5 - https:\/\/yoast.com\/product\/yoast-seo-wordpress\/ -->\n<title>Flat panel light 30*10cm 4000K Start - Oy Noortrade Ab<\/title>\n<meta name=\"robots\" content=\"index, follow, max-snippet:-1, max-image-preview:large, max-video-preview:-1\" \/>\n<link rel=\"canonical\" href=\"https:\/\/shop.noor.fi\/produkt\/flat-panel-light-3010cm-4000k-start-2\/\" \/>\n<meta property=\"og:locale\" content=\"sv_SE\" \/>\n<meta property=\"og:type\" content=\"article\" \/>\n<meta property=\"og:title\" content=\"Flat panel light 30*10cm 4000K Start - Oy Noortrade Ab\" \/>\n<meta property=\"og:description\" content=\"Ihopkopplingsbar slim LED-panel. P\u00e5\/Av samt dimmerfunktion genom att anv\u00e4nda handen. L\u00e4tt att montera med 3M tejp, magneter eller skruvar. Lyser med vitt sken, och passar utm\u00e4rkt som arbetsbelysning. F\u00e4rg: Vit Anslutningskabelns f\u00e4rg: Vit Ljusf\u00e4rg: Natural white Bredd\/l\u00e4ngd (cm): 30,00 H\u00f6jd (cm): 10,00 Djup (cm): 0,76 Anv\u00e4ndningsomr\u00e5de: Inomhus Antal lampor: 1 Antal LED per lampa: 51 [&hellip;]\" \/>\n<meta property=\"og:url\" content=\"https:\/\/shop.noor.fi\/produkt\/flat-panel-light-3010cm-4000k-start-2\/\" \/>\n<meta property=\"og:site_name\" content=\"Oy Noortrade Ab\" \/>\n<meta property=\"article:modified_time\" content=\"2026-03-17T06:22:11+00:00\" \/>\n<meta property=\"og:image\" content=\"https:\/\/shop.noor.fi\/wp-content\/uploads\/2023\/10\/7391482036445.jpg\" \/>\n\t<meta property=\"og:image:width\" content=\"1920\" \/>\n\t<meta property=\"og:image:height\" content=\"920\" \/>\n\t<meta property=\"og:image:type\" content=\"image\/jpeg\" \/>\n<meta name=\"twitter:card\" content=\"summary_large_image\" \/>\n<script type=\"application\/ld+json\" class=\"yoast-schema-graph\">{\"@context\":\"https:\\\/\\\/schema.org\",\"@graph\":[{\"@type\":\"WebPage\",\"@id\":\"https:\\\/\\\/shop.noor.fi\\\/produkt\\\/flat-panel-light-3010cm-4000k-start-2\\\/\",\"url\":\"https:\\\/\\\/shop.noor.fi\\\/produkt\\\/flat-panel-light-3010cm-4000k-start-2\\\/\",\"name\":\"Flat panel light 30*10cm 4000K Start - Oy Noortrade Ab\",\"isPartOf\":{\"@id\":\"https:\\\/\\\/shopnoorfi-wp31835.test.cchosting.fi\\\/#website\"},\"primaryImageOfPage\":{\"@id\":\"https:\\\/\\\/shop.noor.fi\\\/produkt\\\/flat-panel-light-3010cm-4000k-start-2\\\/#primaryimage\"},\"image\":{\"@id\":\"https:\\\/\\\/shop.noor.fi\\\/produkt\\\/flat-panel-light-3010cm-4000k-start-2\\\/#primaryimage\"},\"thumbnailUrl\":\"https:\\\/\\\/shop.noor.fi\\\/wp-content\\\/uploads\\\/2023\\\/10\\\/7391482036445.jpg\",\"datePublished\":\"2023-11-01T16:18:26+00:00\",\"dateModified\":\"2026-03-17T06:22:11+00:00\",\"breadcrumb\":{\"@id\":\"https:\\\/\\\/shop.noor.fi\\\/produkt\\\/flat-panel-light-3010cm-4000k-start-2\\\/#breadcrumb\"},\"inLanguage\":\"sv-SE\",\"potentialAction\":[{\"@type\":\"ReadAction\",\"target\":[\"https:\\\/\\\/shop.noor.fi\\\/produkt\\\/flat-panel-light-3010cm-4000k-start-2\\\/\"]}]},{\"@type\":\"ImageObject\",\"inLanguage\":\"sv-SE\",\"@id\":\"https:\\\/\\\/shop.noor.fi\\\/produkt\\\/flat-panel-light-3010cm-4000k-start-2\\\/#primaryimage\",\"url\":\"https:\\\/\\\/shop.noor.fi\\\/wp-content\\\/uploads\\\/2023\\\/10\\\/7391482036445.jpg\",\"contentUrl\":\"https:\\\/\\\/shop.noor.fi\\\/wp-content\\\/uploads\\\/2023\\\/10\\\/7391482036445.jpg\",\"width\":1920,\"height\":920},{\"@type\":\"BreadcrumbList\",\"@id\":\"https:\\\/\\\/shop.noor.fi\\\/produkt\\\/flat-panel-light-3010cm-4000k-start-2\\\/#breadcrumb\",\"itemListElement\":[{\"@type\":\"ListItem\",\"position\":1,\"name\":\"Etusivu\",\"item\":\"https:\\\/\\\/shop.noor.fi\\\/sv\\\/\"},{\"@type\":\"ListItem\",\"position\":2,\"name\":\"Butik\",\"item\":\"https:\\\/\\\/shopnoorfi-wp31835.test.cchosting.fi\\\/sv\\\/butik\\\/\"},{\"@type\":\"ListItem\",\"position\":3,\"name\":\"Flat panel light 30*10cm 4000K Start\"}]},{\"@type\":\"WebSite\",\"@id\":\"https:\\\/\\\/shopnoorfi-wp31835.test.cchosting.fi\\\/#website\",\"url\":\"https:\\\/\\\/shopnoorfi-wp31835.test.cchosting.fi\\\/\",\"name\":\"Oy Noortrade Ab\",\"description\":\"Finnish family owned company with over 30 years of professional experience in lighting &amp; interior products import and sales - reliably.\",\"publisher\":{\"@id\":\"https:\\\/\\\/shopnoorfi-wp31835.test.cchosting.fi\\\/#organization\"},\"potentialAction\":[{\"@type\":\"SearchAction\",\"target\":{\"@type\":\"EntryPoint\",\"urlTemplate\":\"https:\\\/\\\/shopnoorfi-wp31835.test.cchosting.fi\\\/?s={search_term_string}\"},\"query-input\":{\"@type\":\"PropertyValueSpecification\",\"valueRequired\":true,\"valueName\":\"search_term_string\"}}],\"inLanguage\":\"sv-SE\"},{\"@type\":\"Organization\",\"@id\":\"https:\\\/\\\/shopnoorfi-wp31835.test.cchosting.fi\\\/#organization\",\"name\":\"Oy Noortrade Ab\",\"url\":\"https:\\\/\\\/shopnoorfi-wp31835.test.cchosting.fi\\\/\",\"logo\":{\"@type\":\"ImageObject\",\"inLanguage\":\"sv-SE\",\"@id\":\"https:\\\/\\\/shopnoorfi-wp31835.test.cchosting.fi\\\/#\\\/schema\\\/logo\\\/image\\\/\",\"url\":\"https:\\\/\\\/shop.noor.fi\\\/wp-content\\\/uploads\\\/2024\\\/01\\\/Oy-Noortrade-Ab-Corbel-VERSAL-bold-BLACK.png\",\"contentUrl\":\"https:\\\/\\\/shop.noor.fi\\\/wp-content\\\/uploads\\\/2024\\\/01\\\/Oy-Noortrade-Ab-Corbel-VERSAL-bold-BLACK.png\",\"width\":721,\"height\":177,\"caption\":\"Oy Noortrade Ab\"},\"image\":{\"@id\":\"https:\\\/\\\/shopnoorfi-wp31835.test.cchosting.fi\\\/#\\\/schema\\\/logo\\\/image\\\/\"}}]}<\/script>\n<!-- \/ Yoast SEO plugin. -->","yoast_head_json":{"title":"Flat panel light 30*10cm 4000K Start - Oy Noortrade Ab","robots":{"index":"index","follow":"follow","max-snippet":"max-snippet:-1","max-image-preview":"max-image-preview:large","max-video-preview":"max-video-preview:-1"},"canonical":"https:\/\/shop.noor.fi\/produkt\/flat-panel-light-3010cm-4000k-start-2\/","og_locale":"sv_SE","og_type":"article","og_title":"Flat panel light 30*10cm 4000K Start - Oy Noortrade Ab","og_description":"Ihopkopplingsbar slim LED-panel. P\u00e5\/Av samt dimmerfunktion genom att anv\u00e4nda handen. L\u00e4tt att montera med 3M tejp, magneter eller skruvar. Lyser med vitt sken, och passar utm\u00e4rkt som arbetsbelysning. F\u00e4rg: Vit Anslutningskabelns f\u00e4rg: Vit Ljusf\u00e4rg: Natural white Bredd\/l\u00e4ngd (cm): 30,00 H\u00f6jd (cm): 10,00 Djup (cm): 0,76 Anv\u00e4ndningsomr\u00e5de: Inomhus Antal lampor: 1 Antal LED per lampa: 51 [&hellip;]","og_url":"https:\/\/shop.noor.fi\/produkt\/flat-panel-light-3010cm-4000k-start-2\/","og_site_name":"Oy Noortrade Ab","article_modified_time":"2026-03-17T06:22:11+00:00","og_image":[{"width":1920,"height":920,"url":"https:\/\/shop.noor.fi\/wp-content\/uploads\/2023\/10\/7391482036445.jpg","type":"image\/jpeg"}],"twitter_card":"summary_large_image","schema":{"@context":"https:\/\/schema.org","@graph":[{"@type":"WebPage","@id":"https:\/\/shop.noor.fi\/produkt\/flat-panel-light-3010cm-4000k-start-2\/","url":"https:\/\/shop.noor.fi\/produkt\/flat-panel-light-3010cm-4000k-start-2\/","name":"Flat panel light 30*10cm 4000K Start - Oy Noortrade Ab","isPartOf":{"@id":"https:\/\/shopnoorfi-wp31835.test.cchosting.fi\/#website"},"primaryImageOfPage":{"@id":"https:\/\/shop.noor.fi\/produkt\/flat-panel-light-3010cm-4000k-start-2\/#primaryimage"},"image":{"@id":"https:\/\/shop.noor.fi\/produkt\/flat-panel-light-3010cm-4000k-start-2\/#primaryimage"},"thumbnailUrl":"https:\/\/shop.noor.fi\/wp-content\/uploads\/2023\/10\/7391482036445.jpg","datePublished":"2023-11-01T16:18:26+00:00","dateModified":"2026-03-17T06:22:11+00:00","breadcrumb":{"@id":"https:\/\/shop.noor.fi\/produkt\/flat-panel-light-3010cm-4000k-start-2\/#breadcrumb"},"inLanguage":"sv-SE","potentialAction":[{"@type":"ReadAction","target":["https:\/\/shop.noor.fi\/produkt\/flat-panel-light-3010cm-4000k-start-2\/"]}]},{"@type":"ImageObject","inLanguage":"sv-SE","@id":"https:\/\/shop.noor.fi\/produkt\/flat-panel-light-3010cm-4000k-start-2\/#primaryimage","url":"https:\/\/shop.noor.fi\/wp-content\/uploads\/2023\/10\/7391482036445.jpg","contentUrl":"https:\/\/shop.noor.fi\/wp-content\/uploads\/2023\/10\/7391482036445.jpg","width":1920,"height":920},{"@type":"BreadcrumbList","@id":"https:\/\/shop.noor.fi\/produkt\/flat-panel-light-3010cm-4000k-start-2\/#breadcrumb","itemListElement":[{"@type":"ListItem","position":1,"name":"Etusivu","item":"https:\/\/shop.noor.fi\/sv\/"},{"@type":"ListItem","position":2,"name":"Butik","item":"https:\/\/shopnoorfi-wp31835.test.cchosting.fi\/sv\/butik\/"},{"@type":"ListItem","position":3,"name":"Flat panel light 30*10cm 4000K Start"}]},{"@type":"WebSite","@id":"https:\/\/shopnoorfi-wp31835.test.cchosting.fi\/#website","url":"https:\/\/shopnoorfi-wp31835.test.cchosting.fi\/","name":"Oy Noortrade Ab","description":"Finnish family owned company with over 30 years of professional experience in lighting &amp; interior products import and sales - reliably.","publisher":{"@id":"https:\/\/shopnoorfi-wp31835.test.cchosting.fi\/#organization"},"potentialAction":[{"@type":"SearchAction","target":{"@type":"EntryPoint","urlTemplate":"https:\/\/shopnoorfi-wp31835.test.cchosting.fi\/?s={search_term_string}"},"query-input":{"@type":"PropertyValueSpecification","valueRequired":true,"valueName":"search_term_string"}}],"inLanguage":"sv-SE"},{"@type":"Organization","@id":"https:\/\/shopnoorfi-wp31835.test.cchosting.fi\/#organization","name":"Oy Noortrade Ab","url":"https:\/\/shopnoorfi-wp31835.test.cchosting.fi\/","logo":{"@type":"ImageObject","inLanguage":"sv-SE","@id":"https:\/\/shopnoorfi-wp31835.test.cchosting.fi\/#\/schema\/logo\/image\/","url":"https:\/\/shop.noor.fi\/wp-content\/uploads\/2024\/01\/Oy-Noortrade-Ab-Corbel-VERSAL-bold-BLACK.png","contentUrl":"https:\/\/shop.noor.fi\/wp-content\/uploads\/2024\/01\/Oy-Noortrade-Ab-Corbel-VERSAL-bold-BLACK.png","width":721,"height":177,"caption":"Oy Noortrade Ab"},"image":{"@id":"https:\/\/shopnoorfi-wp31835.test.cchosting.fi\/#\/schema\/logo\/image\/"}}]}},"brands":[{"id":28728,"name":"Star Trading","slug":"star-trading"}],"_links":{"self":[{"href":"https:\/\/shop.noor.fi\/sv\/wp-json\/wp\/v2\/product\/107123","targetHints":{"allow":["GET"]}}],"collection":[{"href":"https:\/\/shop.noor.fi\/sv\/wp-json\/wp\/v2\/product"}],"about":[{"href":"https:\/\/shop.noor.fi\/sv\/wp-json\/wp\/v2\/types\/product"}],"replies":[{"embeddable":true,"href":"https:\/\/shop.noor.fi\/sv\/wp-json\/wp\/v2\/comments?post=107123"}],"wp:featuredmedia":[{"embeddable":true,"href":"https:\/\/shop.noor.fi\/sv\/wp-json\/wp\/v2\/media\/11066"}],"wp:attachment":[{"href":"https:\/\/shop.noor.fi\/sv\/wp-json\/wp\/v2\/media?parent=107123"}],"wp:term":[{"taxonomy":"pwb-brand","embeddable":true,"href":"https:\/\/shop.noor.fi\/sv\/wp-json\/wp\/v2\/pwb-brand?post=107123"},{"taxonomy":"product_brand","embeddable":true,"href":"https:\/\/shop.noor.fi\/sv\/wp-json\/wp\/v2\/product_brand?post=107123"},{"taxonomy":"product_cat","embeddable":true,"href":"https:\/\/shop.noor.fi\/sv\/wp-json\/wp\/v2\/product_cat?post=107123"},{"taxonomy":"product_tag","embeddable":true,"href":"https:\/\/shop.noor.fi\/sv\/wp-json\/wp\/v2\/product_tag?post=107123"}],"curies":[{"name":"wp","href":"https:\/\/api.w.org\/{rel}","templated":true}]}}