{"id":107099,"date":"2023-11-01T18:16:48","date_gmt":"2023-11-01T16:16:48","guid":{"rendered":"https:\/\/shop.noor.fi\/product\/led-lampa-e27-high-lumen-3000k-1300lm\/"},"modified":"2026-03-13T22:36:15","modified_gmt":"2026-03-13T20:36:15","slug":"led-lampa-e27-high-lumen-3000k-1300lm-3","status":"publish","type":"product","link":"https:\/\/shop.noor.fi\/sv\/produkt\/led-lampa-e27-high-lumen-3000k-1300lm-3\/","title":{"rendered":"LED lampa E27 High Lumen 3000K 1300lm"},"content":{"rendered":"<p>LED-lampa i plast. Anv\u00e4nd ihop med ett upph\u00e4ng f\u00f6r att skapa en komplett armatur. Lyser upp \u00f6ver arbetsplatsen, k\u00f6ksb\u00e4nken eller bordet. Lampan \u00e4r dimmerkompatibel.<br \/>\nE27, f\u00e4rgtemperatur vit 3000K. Ljusfl\u00f6de 1300 lumen. Effekt 20W.<br \/>\nMotsvarar 88W gl\u00f6dlampa.<\/p>\n<p>Diameter 16 cm<br \/>\nH\u00f6jd 10 cm<\/p>\n","protected":false},"excerpt":{"rendered":"<p>LED-lampa i plast. Anv\u00e4nd ihop med ett upph\u00e4ng f\u00f6r att skapa en komplett armatur. Lyser upp \u00f6ver arbetsplatsen, k\u00f6ksb\u00e4nken eller bordet. Lampan \u00e4r dimmerkompatibel. E27, f\u00e4rgtemperatur vit 3000K. Ljusfl\u00f6de 1300 lumen. Effekt 20W. Motsvarar 88W gl\u00f6dlampa. Diameter 16 cm H\u00f6jd 10 cm<\/p>\n","protected":false},"featured_media":2646,"comment_status":"open","ping_status":"closed","template":"","meta":{"_acf_changed":false,"_relevanssi_hide_post":"","_relevanssi_hide_content":"","_relevanssi_pin_for_all":"","_relevanssi_pin_keywords":"","_relevanssi_unpin_keywords":"","_relevanssi_related_keywords":"","_relevanssi_related_include_ids":"","_relevanssi_related_exclude_ids":"","_relevanssi_related_no_append":"","_relevanssi_related_not_related":"","_relevanssi_related_posts":"","_relevanssi_noindex_reason":""},"pwb-brand":[28728],"product_brand":[],"product_cat":[32162],"product_tag":[],"class_list":{"0":"post-107099","1":"product","2":"type-product","3":"status-publish","4":"has-post-thumbnail","6":"pwb-brand-star-trading","7":"product_cat-baslampor","9":"first","10":"instock","11":"taxable","12":"shipping-taxable","13":"purchasable","14":"product-type-simple"},"acf":[],"yoast_head":"<!-- This site is optimized with the Yoast SEO plugin v27.5 - https:\/\/yoast.com\/product\/yoast-seo-wordpress\/ -->\n<title>LED lampa E27 High Lumen 3000K 1300lm - Oy Noortrade Ab<\/title>\n<meta name=\"robots\" content=\"index, follow, max-snippet:-1, max-image-preview:large, max-video-preview:-1\" \/>\n<link rel=\"canonical\" href=\"https:\/\/shop.noor.fi\/produkt\/led-lamppu-e27-high-lumen-3000k-1300lm-3\/\" \/>\n<meta property=\"og:locale\" content=\"sv_SE\" \/>\n<meta property=\"og:type\" content=\"article\" \/>\n<meta property=\"og:title\" content=\"LED lampa E27 High Lumen 3000K 1300lm - Oy Noortrade Ab\" \/>\n<meta property=\"og:description\" content=\"LED-lampa i plast. Anv\u00e4nd ihop med ett upph\u00e4ng f\u00f6r att skapa en komplett armatur. Lyser upp \u00f6ver arbetsplatsen, k\u00f6ksb\u00e4nken eller bordet. Lampan \u00e4r dimmerkompatibel. E27, f\u00e4rgtemperatur vit 3000K. Ljusfl\u00f6de 1300 lumen. Effekt 20W. Motsvarar 88W gl\u00f6dlampa. Diameter 16 cm H\u00f6jd 10 cm\" \/>\n<meta property=\"og:url\" content=\"https:\/\/shop.noor.fi\/produkt\/led-lamppu-e27-high-lumen-3000k-1300lm-3\/\" \/>\n<meta property=\"og:site_name\" content=\"Oy Noortrade Ab\" \/>\n<meta property=\"article:modified_time\" content=\"2026-03-13T20:36:15+00:00\" \/>\n<meta property=\"og:image\" content=\"https:\/\/shop.noor.fi\/wp-content\/uploads\/2023\/10\/7391482036001.jpg\" \/>\n\t<meta property=\"og:image:width\" content=\"1736\" \/>\n\t<meta property=\"og:image:height\" content=\"1080\" \/>\n\t<meta property=\"og:image:type\" content=\"image\/jpeg\" \/>\n<meta name=\"twitter:card\" content=\"summary_large_image\" \/>\n<meta name=\"twitter:label1\" content=\"Ber\u00e4knad l\u00e4stid\" \/>\n\t<meta name=\"twitter:data1\" content=\"1 minut\" \/>\n<script type=\"application\/ld+json\" class=\"yoast-schema-graph\">{\"@context\":\"https:\\\/\\\/schema.org\",\"@graph\":[{\"@type\":\"WebPage\",\"@id\":\"https:\\\/\\\/shop.noor.fi\\\/produkt\\\/led-lamppu-e27-high-lumen-3000k-1300lm-3\\\/\",\"url\":\"https:\\\/\\\/shop.noor.fi\\\/produkt\\\/led-lamppu-e27-high-lumen-3000k-1300lm-3\\\/\",\"name\":\"LED lampa E27 High Lumen 3000K 1300lm - Oy Noortrade Ab\",\"isPartOf\":{\"@id\":\"https:\\\/\\\/shopnoorfi-wp31835.test.cchosting.fi\\\/#website\"},\"primaryImageOfPage\":{\"@id\":\"https:\\\/\\\/shop.noor.fi\\\/produkt\\\/led-lamppu-e27-high-lumen-3000k-1300lm-3\\\/#primaryimage\"},\"image\":{\"@id\":\"https:\\\/\\\/shop.noor.fi\\\/produkt\\\/led-lamppu-e27-high-lumen-3000k-1300lm-3\\\/#primaryimage\"},\"thumbnailUrl\":\"https:\\\/\\\/shop.noor.fi\\\/wp-content\\\/uploads\\\/2023\\\/10\\\/7391482036001.jpg\",\"datePublished\":\"2023-11-01T16:16:48+00:00\",\"dateModified\":\"2026-03-13T20:36:15+00:00\",\"breadcrumb\":{\"@id\":\"https:\\\/\\\/shop.noor.fi\\\/produkt\\\/led-lamppu-e27-high-lumen-3000k-1300lm-3\\\/#breadcrumb\"},\"inLanguage\":\"sv-SE\",\"potentialAction\":[{\"@type\":\"ReadAction\",\"target\":[\"https:\\\/\\\/shop.noor.fi\\\/produkt\\\/led-lamppu-e27-high-lumen-3000k-1300lm-3\\\/\"]}]},{\"@type\":\"ImageObject\",\"inLanguage\":\"sv-SE\",\"@id\":\"https:\\\/\\\/shop.noor.fi\\\/produkt\\\/led-lamppu-e27-high-lumen-3000k-1300lm-3\\\/#primaryimage\",\"url\":\"https:\\\/\\\/shop.noor.fi\\\/wp-content\\\/uploads\\\/2023\\\/10\\\/7391482036001.jpg\",\"contentUrl\":\"https:\\\/\\\/shop.noor.fi\\\/wp-content\\\/uploads\\\/2023\\\/10\\\/7391482036001.jpg\",\"width\":1736,\"height\":1080},{\"@type\":\"BreadcrumbList\",\"@id\":\"https:\\\/\\\/shop.noor.fi\\\/produkt\\\/led-lamppu-e27-high-lumen-3000k-1300lm-3\\\/#breadcrumb\",\"itemListElement\":[{\"@type\":\"ListItem\",\"position\":1,\"name\":\"Etusivu\",\"item\":\"https:\\\/\\\/shop.noor.fi\\\/sv\\\/\"},{\"@type\":\"ListItem\",\"position\":2,\"name\":\"Butik\",\"item\":\"https:\\\/\\\/shopnoorfi-wp31835.test.cchosting.fi\\\/sv\\\/butik\\\/\"},{\"@type\":\"ListItem\",\"position\":3,\"name\":\"LED lampa E27 High Lumen 3000K 1300lm\"}]},{\"@type\":\"WebSite\",\"@id\":\"https:\\\/\\\/shopnoorfi-wp31835.test.cchosting.fi\\\/#website\",\"url\":\"https:\\\/\\\/shopnoorfi-wp31835.test.cchosting.fi\\\/\",\"name\":\"Oy Noortrade Ab\",\"description\":\"Finnish family owned company with over 30 years of professional experience in lighting &amp; interior products import and sales - reliably.\",\"publisher\":{\"@id\":\"https:\\\/\\\/shopnoorfi-wp31835.test.cchosting.fi\\\/#organization\"},\"potentialAction\":[{\"@type\":\"SearchAction\",\"target\":{\"@type\":\"EntryPoint\",\"urlTemplate\":\"https:\\\/\\\/shopnoorfi-wp31835.test.cchosting.fi\\\/?s={search_term_string}\"},\"query-input\":{\"@type\":\"PropertyValueSpecification\",\"valueRequired\":true,\"valueName\":\"search_term_string\"}}],\"inLanguage\":\"sv-SE\"},{\"@type\":\"Organization\",\"@id\":\"https:\\\/\\\/shopnoorfi-wp31835.test.cchosting.fi\\\/#organization\",\"name\":\"Oy Noortrade Ab\",\"url\":\"https:\\\/\\\/shopnoorfi-wp31835.test.cchosting.fi\\\/\",\"logo\":{\"@type\":\"ImageObject\",\"inLanguage\":\"sv-SE\",\"@id\":\"https:\\\/\\\/shopnoorfi-wp31835.test.cchosting.fi\\\/#\\\/schema\\\/logo\\\/image\\\/\",\"url\":\"https:\\\/\\\/shop.noor.fi\\\/wp-content\\\/uploads\\\/2024\\\/01\\\/Oy-Noortrade-Ab-Corbel-VERSAL-bold-BLACK.png\",\"contentUrl\":\"https:\\\/\\\/shop.noor.fi\\\/wp-content\\\/uploads\\\/2024\\\/01\\\/Oy-Noortrade-Ab-Corbel-VERSAL-bold-BLACK.png\",\"width\":721,\"height\":177,\"caption\":\"Oy Noortrade Ab\"},\"image\":{\"@id\":\"https:\\\/\\\/shopnoorfi-wp31835.test.cchosting.fi\\\/#\\\/schema\\\/logo\\\/image\\\/\"}}]}<\/script>\n<!-- \/ Yoast SEO plugin. -->","yoast_head_json":{"title":"LED lampa E27 High Lumen 3000K 1300lm - Oy Noortrade Ab","robots":{"index":"index","follow":"follow","max-snippet":"max-snippet:-1","max-image-preview":"max-image-preview:large","max-video-preview":"max-video-preview:-1"},"canonical":"https:\/\/shop.noor.fi\/produkt\/led-lamppu-e27-high-lumen-3000k-1300lm-3\/","og_locale":"sv_SE","og_type":"article","og_title":"LED lampa E27 High Lumen 3000K 1300lm - Oy Noortrade Ab","og_description":"LED-lampa i plast. Anv\u00e4nd ihop med ett upph\u00e4ng f\u00f6r att skapa en komplett armatur. Lyser upp \u00f6ver arbetsplatsen, k\u00f6ksb\u00e4nken eller bordet. Lampan \u00e4r dimmerkompatibel. E27, f\u00e4rgtemperatur vit 3000K. Ljusfl\u00f6de 1300 lumen. Effekt 20W. Motsvarar 88W gl\u00f6dlampa. Diameter 16 cm H\u00f6jd 10 cm","og_url":"https:\/\/shop.noor.fi\/produkt\/led-lamppu-e27-high-lumen-3000k-1300lm-3\/","og_site_name":"Oy Noortrade Ab","article_modified_time":"2026-03-13T20:36:15+00:00","og_image":[{"width":1736,"height":1080,"url":"https:\/\/shop.noor.fi\/wp-content\/uploads\/2023\/10\/7391482036001.jpg","type":"image\/jpeg"}],"twitter_card":"summary_large_image","twitter_misc":{"Ber\u00e4knad l\u00e4stid":"1 minut"},"schema":{"@context":"https:\/\/schema.org","@graph":[{"@type":"WebPage","@id":"https:\/\/shop.noor.fi\/produkt\/led-lamppu-e27-high-lumen-3000k-1300lm-3\/","url":"https:\/\/shop.noor.fi\/produkt\/led-lamppu-e27-high-lumen-3000k-1300lm-3\/","name":"LED lampa E27 High Lumen 3000K 1300lm - Oy Noortrade Ab","isPartOf":{"@id":"https:\/\/shopnoorfi-wp31835.test.cchosting.fi\/#website"},"primaryImageOfPage":{"@id":"https:\/\/shop.noor.fi\/produkt\/led-lamppu-e27-high-lumen-3000k-1300lm-3\/#primaryimage"},"image":{"@id":"https:\/\/shop.noor.fi\/produkt\/led-lamppu-e27-high-lumen-3000k-1300lm-3\/#primaryimage"},"thumbnailUrl":"https:\/\/shop.noor.fi\/wp-content\/uploads\/2023\/10\/7391482036001.jpg","datePublished":"2023-11-01T16:16:48+00:00","dateModified":"2026-03-13T20:36:15+00:00","breadcrumb":{"@id":"https:\/\/shop.noor.fi\/produkt\/led-lamppu-e27-high-lumen-3000k-1300lm-3\/#breadcrumb"},"inLanguage":"sv-SE","potentialAction":[{"@type":"ReadAction","target":["https:\/\/shop.noor.fi\/produkt\/led-lamppu-e27-high-lumen-3000k-1300lm-3\/"]}]},{"@type":"ImageObject","inLanguage":"sv-SE","@id":"https:\/\/shop.noor.fi\/produkt\/led-lamppu-e27-high-lumen-3000k-1300lm-3\/#primaryimage","url":"https:\/\/shop.noor.fi\/wp-content\/uploads\/2023\/10\/7391482036001.jpg","contentUrl":"https:\/\/shop.noor.fi\/wp-content\/uploads\/2023\/10\/7391482036001.jpg","width":1736,"height":1080},{"@type":"BreadcrumbList","@id":"https:\/\/shop.noor.fi\/produkt\/led-lamppu-e27-high-lumen-3000k-1300lm-3\/#breadcrumb","itemListElement":[{"@type":"ListItem","position":1,"name":"Etusivu","item":"https:\/\/shop.noor.fi\/sv\/"},{"@type":"ListItem","position":2,"name":"Butik","item":"https:\/\/shopnoorfi-wp31835.test.cchosting.fi\/sv\/butik\/"},{"@type":"ListItem","position":3,"name":"LED lampa E27 High Lumen 3000K 1300lm"}]},{"@type":"WebSite","@id":"https:\/\/shopnoorfi-wp31835.test.cchosting.fi\/#website","url":"https:\/\/shopnoorfi-wp31835.test.cchosting.fi\/","name":"Oy Noortrade Ab","description":"Finnish family owned company with over 30 years of professional experience in lighting &amp; interior products import and sales - reliably.","publisher":{"@id":"https:\/\/shopnoorfi-wp31835.test.cchosting.fi\/#organization"},"potentialAction":[{"@type":"SearchAction","target":{"@type":"EntryPoint","urlTemplate":"https:\/\/shopnoorfi-wp31835.test.cchosting.fi\/?s={search_term_string}"},"query-input":{"@type":"PropertyValueSpecification","valueRequired":true,"valueName":"search_term_string"}}],"inLanguage":"sv-SE"},{"@type":"Organization","@id":"https:\/\/shopnoorfi-wp31835.test.cchosting.fi\/#organization","name":"Oy Noortrade Ab","url":"https:\/\/shopnoorfi-wp31835.test.cchosting.fi\/","logo":{"@type":"ImageObject","inLanguage":"sv-SE","@id":"https:\/\/shopnoorfi-wp31835.test.cchosting.fi\/#\/schema\/logo\/image\/","url":"https:\/\/shop.noor.fi\/wp-content\/uploads\/2024\/01\/Oy-Noortrade-Ab-Corbel-VERSAL-bold-BLACK.png","contentUrl":"https:\/\/shop.noor.fi\/wp-content\/uploads\/2024\/01\/Oy-Noortrade-Ab-Corbel-VERSAL-bold-BLACK.png","width":721,"height":177,"caption":"Oy Noortrade Ab"},"image":{"@id":"https:\/\/shopnoorfi-wp31835.test.cchosting.fi\/#\/schema\/logo\/image\/"}}]}},"brands":[{"id":28728,"name":"Star Trading","slug":"star-trading"}],"_links":{"self":[{"href":"https:\/\/shop.noor.fi\/sv\/wp-json\/wp\/v2\/product\/107099","targetHints":{"allow":["GET"]}}],"collection":[{"href":"https:\/\/shop.noor.fi\/sv\/wp-json\/wp\/v2\/product"}],"about":[{"href":"https:\/\/shop.noor.fi\/sv\/wp-json\/wp\/v2\/types\/product"}],"replies":[{"embeddable":true,"href":"https:\/\/shop.noor.fi\/sv\/wp-json\/wp\/v2\/comments?post=107099"}],"wp:featuredmedia":[{"embeddable":true,"href":"https:\/\/shop.noor.fi\/sv\/wp-json\/wp\/v2\/media\/2646"}],"wp:attachment":[{"href":"https:\/\/shop.noor.fi\/sv\/wp-json\/wp\/v2\/media?parent=107099"}],"wp:term":[{"taxonomy":"pwb-brand","embeddable":true,"href":"https:\/\/shop.noor.fi\/sv\/wp-json\/wp\/v2\/pwb-brand?post=107099"},{"taxonomy":"product_brand","embeddable":true,"href":"https:\/\/shop.noor.fi\/sv\/wp-json\/wp\/v2\/product_brand?post=107099"},{"taxonomy":"product_cat","embeddable":true,"href":"https:\/\/shop.noor.fi\/sv\/wp-json\/wp\/v2\/product_cat?post=107099"},{"taxonomy":"product_tag","embeddable":true,"href":"https:\/\/shop.noor.fi\/sv\/wp-json\/wp\/v2\/product_tag?post=107099"}],"curies":[{"name":"wp","href":"https:\/\/api.w.org\/{rel}","templated":true}]}}