{"id":107027,"date":"2023-11-01T18:12:38","date_gmt":"2023-11-01T16:12:38","guid":{"rendered":"https:\/\/shop.noor.fi\/product\/led-lamp-e27-a80-high-lumen-4000k-2200lm\/"},"modified":"2026-03-13T09:15:55","modified_gmt":"2026-03-13T07:15:55","slug":"led-lamp-e27-a80-high-lumen-4000k-2200lm","status":"publish","type":"product","link":"https:\/\/shop.noor.fi\/sv\/produkt\/led-lamp-e27-a80-high-lumen-4000k-2200lm\/","title":{"rendered":"LED-lampa E27 A80 High Lumen 4000K 2200lm"},"content":{"rendered":"<p>LED-lampa med h\u00f6g lumen som ger bra m\u00f6jligheter att ljuss\u00e4tta st\u00f6rre rum eller ytor. Lampan \u00e4r dimmerkompatibel.<br \/>\nE27, f\u00e4rgtemperatur kallvit 4000K vilket \u00e4r bra som belysning vid arbete eller l\u00e4sning. Ljusfl\u00f6de 2200 lumen. Effekt 19W.<br \/>\nMotsvarar 136W gl\u00f6dlampa.<\/p>\n<p>Diameter 8 cm<br \/>\nH\u00f6jd 15,5 cm<\/p>\n<p>NOTERA! V\u00e4rmen som ackumuleras n\u00e4r sockeln ligger i en sluten omgivning kan \u00f6verstiga gr\u00e4nsv\u00e4rdet p\u00e5 + 40\u00b0 vilket kan resultera i funktionsst\u00f6rningar och f\u00f6rkortade drifttider.<\/p>\n","protected":false},"excerpt":{"rendered":"<p>LED-lampa med h\u00f6g lumen som ger bra m\u00f6jligheter att ljuss\u00e4tta st\u00f6rre rum eller ytor. Lampan \u00e4r dimmerkompatibel. E27, f\u00e4rgtemperatur kallvit 4000K vilket \u00e4r bra som belysning vid arbete eller l\u00e4sning. Ljusfl\u00f6de 2200 lumen. Effekt 19W. Motsvarar 136W gl\u00f6dlampa. Diameter 8 cm H\u00f6jd 15,5 cm NOTERA! V\u00e4rmen som ackumuleras n\u00e4r sockeln ligger i en sluten omgivning [&hellip;]<\/p>\n","protected":false},"featured_media":10626,"comment_status":"open","ping_status":"closed","template":"","meta":{"_acf_changed":false,"_relevanssi_hide_post":"","_relevanssi_hide_content":"","_relevanssi_pin_for_all":"","_relevanssi_pin_keywords":"","_relevanssi_unpin_keywords":"","_relevanssi_related_keywords":"","_relevanssi_related_include_ids":"","_relevanssi_related_exclude_ids":"","_relevanssi_related_no_append":"","_relevanssi_related_not_related":"","_relevanssi_related_posts":"","_relevanssi_noindex_reason":""},"pwb-brand":[28728],"product_brand":[],"product_cat":[32162],"product_tag":[],"class_list":{"0":"post-107027","1":"product","2":"type-product","3":"status-publish","4":"has-post-thumbnail","6":"pwb-brand-star-trading","7":"product_cat-baslampor","9":"first","10":"instock","11":"taxable","12":"shipping-taxable","13":"purchasable","14":"product-type-simple"},"acf":[],"yoast_head":"<!-- This site is optimized with the Yoast SEO plugin v27.5 - https:\/\/yoast.com\/product\/yoast-seo-wordpress\/ -->\n<title>LED-lampa E27 A80 High Lumen 4000K 2200lm - Oy Noortrade Ab<\/title>\n<meta name=\"robots\" content=\"index, follow, max-snippet:-1, max-image-preview:large, max-video-preview:-1\" \/>\n<link rel=\"canonical\" href=\"https:\/\/shop.noor.fi\/produkt\/led-lamp-e27-a80-high-lumen-4000k-2200lm-2\/\" \/>\n<meta property=\"og:locale\" content=\"sv_SE\" \/>\n<meta property=\"og:type\" content=\"article\" \/>\n<meta property=\"og:title\" content=\"LED-lampa E27 A80 High Lumen 4000K 2200lm - Oy Noortrade Ab\" \/>\n<meta property=\"og:description\" content=\"LED-lampa med h\u00f6g lumen som ger bra m\u00f6jligheter att ljuss\u00e4tta st\u00f6rre rum eller ytor. Lampan \u00e4r dimmerkompatibel. E27, f\u00e4rgtemperatur kallvit 4000K vilket \u00e4r bra som belysning vid arbete eller l\u00e4sning. Ljusfl\u00f6de 2200 lumen. Effekt 19W. Motsvarar 136W gl\u00f6dlampa. Diameter 8 cm H\u00f6jd 15,5 cm NOTERA! V\u00e4rmen som ackumuleras n\u00e4r sockeln ligger i en sluten omgivning [&hellip;]\" \/>\n<meta property=\"og:url\" content=\"https:\/\/shop.noor.fi\/produkt\/led-lamp-e27-a80-high-lumen-4000k-2200lm-2\/\" \/>\n<meta property=\"og:site_name\" content=\"Oy Noortrade Ab\" \/>\n<meta property=\"article:modified_time\" content=\"2026-03-13T07:15:55+00:00\" \/>\n<meta property=\"og:image\" content=\"https:\/\/shop.noor.fi\/wp-content\/uploads\/2023\/10\/7391482037534.jpg\" \/>\n\t<meta property=\"og:image:width\" content=\"569\" \/>\n\t<meta property=\"og:image:height\" content=\"1080\" \/>\n\t<meta property=\"og:image:type\" content=\"image\/jpeg\" \/>\n<meta name=\"twitter:card\" content=\"summary_large_image\" \/>\n<script type=\"application\/ld+json\" class=\"yoast-schema-graph\">{\"@context\":\"https:\\\/\\\/schema.org\",\"@graph\":[{\"@type\":\"WebPage\",\"@id\":\"https:\\\/\\\/shop.noor.fi\\\/produkt\\\/led-lamp-e27-a80-high-lumen-4000k-2200lm-2\\\/\",\"url\":\"https:\\\/\\\/shop.noor.fi\\\/produkt\\\/led-lamp-e27-a80-high-lumen-4000k-2200lm-2\\\/\",\"name\":\"LED-lampa E27 A80 High Lumen 4000K 2200lm - Oy Noortrade Ab\",\"isPartOf\":{\"@id\":\"https:\\\/\\\/shopnoorfi-wp31835.test.cchosting.fi\\\/#website\"},\"primaryImageOfPage\":{\"@id\":\"https:\\\/\\\/shop.noor.fi\\\/produkt\\\/led-lamp-e27-a80-high-lumen-4000k-2200lm-2\\\/#primaryimage\"},\"image\":{\"@id\":\"https:\\\/\\\/shop.noor.fi\\\/produkt\\\/led-lamp-e27-a80-high-lumen-4000k-2200lm-2\\\/#primaryimage\"},\"thumbnailUrl\":\"https:\\\/\\\/shop.noor.fi\\\/wp-content\\\/uploads\\\/2023\\\/10\\\/7391482037534.jpg\",\"datePublished\":\"2023-11-01T16:12:38+00:00\",\"dateModified\":\"2026-03-13T07:15:55+00:00\",\"breadcrumb\":{\"@id\":\"https:\\\/\\\/shop.noor.fi\\\/produkt\\\/led-lamp-e27-a80-high-lumen-4000k-2200lm-2\\\/#breadcrumb\"},\"inLanguage\":\"sv-SE\",\"potentialAction\":[{\"@type\":\"ReadAction\",\"target\":[\"https:\\\/\\\/shop.noor.fi\\\/produkt\\\/led-lamp-e27-a80-high-lumen-4000k-2200lm-2\\\/\"]}]},{\"@type\":\"ImageObject\",\"inLanguage\":\"sv-SE\",\"@id\":\"https:\\\/\\\/shop.noor.fi\\\/produkt\\\/led-lamp-e27-a80-high-lumen-4000k-2200lm-2\\\/#primaryimage\",\"url\":\"https:\\\/\\\/shop.noor.fi\\\/wp-content\\\/uploads\\\/2023\\\/10\\\/7391482037534.jpg\",\"contentUrl\":\"https:\\\/\\\/shop.noor.fi\\\/wp-content\\\/uploads\\\/2023\\\/10\\\/7391482037534.jpg\",\"width\":569,\"height\":1080},{\"@type\":\"BreadcrumbList\",\"@id\":\"https:\\\/\\\/shop.noor.fi\\\/produkt\\\/led-lamp-e27-a80-high-lumen-4000k-2200lm-2\\\/#breadcrumb\",\"itemListElement\":[{\"@type\":\"ListItem\",\"position\":1,\"name\":\"Etusivu\",\"item\":\"https:\\\/\\\/shop.noor.fi\\\/sv\\\/\"},{\"@type\":\"ListItem\",\"position\":2,\"name\":\"Butik\",\"item\":\"https:\\\/\\\/shopnoorfi-wp31835.test.cchosting.fi\\\/sv\\\/butik\\\/\"},{\"@type\":\"ListItem\",\"position\":3,\"name\":\"LED-lampa E27 A80 High Lumen 4000K 2200lm\"}]},{\"@type\":\"WebSite\",\"@id\":\"https:\\\/\\\/shopnoorfi-wp31835.test.cchosting.fi\\\/#website\",\"url\":\"https:\\\/\\\/shopnoorfi-wp31835.test.cchosting.fi\\\/\",\"name\":\"Oy Noortrade Ab\",\"description\":\"Finnish family owned company with over 30 years of professional experience in lighting &amp; interior products import and sales - reliably.\",\"publisher\":{\"@id\":\"https:\\\/\\\/shopnoorfi-wp31835.test.cchosting.fi\\\/#organization\"},\"potentialAction\":[{\"@type\":\"SearchAction\",\"target\":{\"@type\":\"EntryPoint\",\"urlTemplate\":\"https:\\\/\\\/shopnoorfi-wp31835.test.cchosting.fi\\\/?s={search_term_string}\"},\"query-input\":{\"@type\":\"PropertyValueSpecification\",\"valueRequired\":true,\"valueName\":\"search_term_string\"}}],\"inLanguage\":\"sv-SE\"},{\"@type\":\"Organization\",\"@id\":\"https:\\\/\\\/shopnoorfi-wp31835.test.cchosting.fi\\\/#organization\",\"name\":\"Oy Noortrade Ab\",\"url\":\"https:\\\/\\\/shopnoorfi-wp31835.test.cchosting.fi\\\/\",\"logo\":{\"@type\":\"ImageObject\",\"inLanguage\":\"sv-SE\",\"@id\":\"https:\\\/\\\/shopnoorfi-wp31835.test.cchosting.fi\\\/#\\\/schema\\\/logo\\\/image\\\/\",\"url\":\"https:\\\/\\\/shop.noor.fi\\\/wp-content\\\/uploads\\\/2024\\\/01\\\/Oy-Noortrade-Ab-Corbel-VERSAL-bold-BLACK.png\",\"contentUrl\":\"https:\\\/\\\/shop.noor.fi\\\/wp-content\\\/uploads\\\/2024\\\/01\\\/Oy-Noortrade-Ab-Corbel-VERSAL-bold-BLACK.png\",\"width\":721,\"height\":177,\"caption\":\"Oy Noortrade Ab\"},\"image\":{\"@id\":\"https:\\\/\\\/shopnoorfi-wp31835.test.cchosting.fi\\\/#\\\/schema\\\/logo\\\/image\\\/\"}}]}<\/script>\n<!-- \/ Yoast SEO plugin. -->","yoast_head_json":{"title":"LED-lampa E27 A80 High Lumen 4000K 2200lm - Oy Noortrade Ab","robots":{"index":"index","follow":"follow","max-snippet":"max-snippet:-1","max-image-preview":"max-image-preview:large","max-video-preview":"max-video-preview:-1"},"canonical":"https:\/\/shop.noor.fi\/produkt\/led-lamp-e27-a80-high-lumen-4000k-2200lm-2\/","og_locale":"sv_SE","og_type":"article","og_title":"LED-lampa E27 A80 High Lumen 4000K 2200lm - Oy Noortrade Ab","og_description":"LED-lampa med h\u00f6g lumen som ger bra m\u00f6jligheter att ljuss\u00e4tta st\u00f6rre rum eller ytor. Lampan \u00e4r dimmerkompatibel. E27, f\u00e4rgtemperatur kallvit 4000K vilket \u00e4r bra som belysning vid arbete eller l\u00e4sning. Ljusfl\u00f6de 2200 lumen. Effekt 19W. Motsvarar 136W gl\u00f6dlampa. Diameter 8 cm H\u00f6jd 15,5 cm NOTERA! V\u00e4rmen som ackumuleras n\u00e4r sockeln ligger i en sluten omgivning [&hellip;]","og_url":"https:\/\/shop.noor.fi\/produkt\/led-lamp-e27-a80-high-lumen-4000k-2200lm-2\/","og_site_name":"Oy Noortrade Ab","article_modified_time":"2026-03-13T07:15:55+00:00","og_image":[{"width":569,"height":1080,"url":"https:\/\/shop.noor.fi\/wp-content\/uploads\/2023\/10\/7391482037534.jpg","type":"image\/jpeg"}],"twitter_card":"summary_large_image","schema":{"@context":"https:\/\/schema.org","@graph":[{"@type":"WebPage","@id":"https:\/\/shop.noor.fi\/produkt\/led-lamp-e27-a80-high-lumen-4000k-2200lm-2\/","url":"https:\/\/shop.noor.fi\/produkt\/led-lamp-e27-a80-high-lumen-4000k-2200lm-2\/","name":"LED-lampa E27 A80 High Lumen 4000K 2200lm - Oy Noortrade Ab","isPartOf":{"@id":"https:\/\/shopnoorfi-wp31835.test.cchosting.fi\/#website"},"primaryImageOfPage":{"@id":"https:\/\/shop.noor.fi\/produkt\/led-lamp-e27-a80-high-lumen-4000k-2200lm-2\/#primaryimage"},"image":{"@id":"https:\/\/shop.noor.fi\/produkt\/led-lamp-e27-a80-high-lumen-4000k-2200lm-2\/#primaryimage"},"thumbnailUrl":"https:\/\/shop.noor.fi\/wp-content\/uploads\/2023\/10\/7391482037534.jpg","datePublished":"2023-11-01T16:12:38+00:00","dateModified":"2026-03-13T07:15:55+00:00","breadcrumb":{"@id":"https:\/\/shop.noor.fi\/produkt\/led-lamp-e27-a80-high-lumen-4000k-2200lm-2\/#breadcrumb"},"inLanguage":"sv-SE","potentialAction":[{"@type":"ReadAction","target":["https:\/\/shop.noor.fi\/produkt\/led-lamp-e27-a80-high-lumen-4000k-2200lm-2\/"]}]},{"@type":"ImageObject","inLanguage":"sv-SE","@id":"https:\/\/shop.noor.fi\/produkt\/led-lamp-e27-a80-high-lumen-4000k-2200lm-2\/#primaryimage","url":"https:\/\/shop.noor.fi\/wp-content\/uploads\/2023\/10\/7391482037534.jpg","contentUrl":"https:\/\/shop.noor.fi\/wp-content\/uploads\/2023\/10\/7391482037534.jpg","width":569,"height":1080},{"@type":"BreadcrumbList","@id":"https:\/\/shop.noor.fi\/produkt\/led-lamp-e27-a80-high-lumen-4000k-2200lm-2\/#breadcrumb","itemListElement":[{"@type":"ListItem","position":1,"name":"Etusivu","item":"https:\/\/shop.noor.fi\/sv\/"},{"@type":"ListItem","position":2,"name":"Butik","item":"https:\/\/shopnoorfi-wp31835.test.cchosting.fi\/sv\/butik\/"},{"@type":"ListItem","position":3,"name":"LED-lampa E27 A80 High Lumen 4000K 2200lm"}]},{"@type":"WebSite","@id":"https:\/\/shopnoorfi-wp31835.test.cchosting.fi\/#website","url":"https:\/\/shopnoorfi-wp31835.test.cchosting.fi\/","name":"Oy Noortrade Ab","description":"Finnish family owned company with over 30 years of professional experience in lighting &amp; interior products import and sales - reliably.","publisher":{"@id":"https:\/\/shopnoorfi-wp31835.test.cchosting.fi\/#organization"},"potentialAction":[{"@type":"SearchAction","target":{"@type":"EntryPoint","urlTemplate":"https:\/\/shopnoorfi-wp31835.test.cchosting.fi\/?s={search_term_string}"},"query-input":{"@type":"PropertyValueSpecification","valueRequired":true,"valueName":"search_term_string"}}],"inLanguage":"sv-SE"},{"@type":"Organization","@id":"https:\/\/shopnoorfi-wp31835.test.cchosting.fi\/#organization","name":"Oy Noortrade Ab","url":"https:\/\/shopnoorfi-wp31835.test.cchosting.fi\/","logo":{"@type":"ImageObject","inLanguage":"sv-SE","@id":"https:\/\/shopnoorfi-wp31835.test.cchosting.fi\/#\/schema\/logo\/image\/","url":"https:\/\/shop.noor.fi\/wp-content\/uploads\/2024\/01\/Oy-Noortrade-Ab-Corbel-VERSAL-bold-BLACK.png","contentUrl":"https:\/\/shop.noor.fi\/wp-content\/uploads\/2024\/01\/Oy-Noortrade-Ab-Corbel-VERSAL-bold-BLACK.png","width":721,"height":177,"caption":"Oy Noortrade Ab"},"image":{"@id":"https:\/\/shopnoorfi-wp31835.test.cchosting.fi\/#\/schema\/logo\/image\/"}}]}},"brands":[{"id":28728,"name":"Star Trading","slug":"star-trading"}],"_links":{"self":[{"href":"https:\/\/shop.noor.fi\/sv\/wp-json\/wp\/v2\/product\/107027","targetHints":{"allow":["GET"]}}],"collection":[{"href":"https:\/\/shop.noor.fi\/sv\/wp-json\/wp\/v2\/product"}],"about":[{"href":"https:\/\/shop.noor.fi\/sv\/wp-json\/wp\/v2\/types\/product"}],"replies":[{"embeddable":true,"href":"https:\/\/shop.noor.fi\/sv\/wp-json\/wp\/v2\/comments?post=107027"}],"wp:featuredmedia":[{"embeddable":true,"href":"https:\/\/shop.noor.fi\/sv\/wp-json\/wp\/v2\/media\/10626"}],"wp:attachment":[{"href":"https:\/\/shop.noor.fi\/sv\/wp-json\/wp\/v2\/media?parent=107027"}],"wp:term":[{"taxonomy":"pwb-brand","embeddable":true,"href":"https:\/\/shop.noor.fi\/sv\/wp-json\/wp\/v2\/pwb-brand?post=107027"},{"taxonomy":"product_brand","embeddable":true,"href":"https:\/\/shop.noor.fi\/sv\/wp-json\/wp\/v2\/product_brand?post=107027"},{"taxonomy":"product_cat","embeddable":true,"href":"https:\/\/shop.noor.fi\/sv\/wp-json\/wp\/v2\/product_cat?post=107027"},{"taxonomy":"product_tag","embeddable":true,"href":"https:\/\/shop.noor.fi\/sv\/wp-json\/wp\/v2\/product_tag?post=107027"}],"curies":[{"name":"wp","href":"https:\/\/api.w.org\/{rel}","templated":true}]}}