{"id":107010,"date":"2023-11-01T18:11:33","date_gmt":"2023-11-01T16:11:33","guid":{"rendered":"https:\/\/shop.noor.fi\/product\/puck-nattlampa-med-fjarrkontroll-3-p-vit\/"},"modified":"2026-03-13T09:22:25","modified_gmt":"2026-03-13T07:22:25","slug":"puck-nattlampa-med-fjarrkontroll-3-p-vit","status":"publish","type":"product","link":"https:\/\/shop.noor.fi\/sv\/produkt\/puck-nattlampa-med-fjarrkontroll-3-p-vit\/","title":{"rendered":"Puck nattlampa med fj\u00e4rrkontroll 3-p vit"},"content":{"rendered":"<p>3-pack LED-puck med fj\u00e4rrkontroll och timer. Perfekt f\u00f6r garderober, f\u00f6rr\u00e5d och andra m\u00f6rka vr\u00e5r d\u00e4r man beh\u00f6ver en liten extra ljuspunkt.<br \/>\nMed fj\u00e4rrkontrollen kan nattlamporna sl\u00e5s p\u00e5 och av, dimras och s\u00e4ttas i timer-l\u00e4ge. F\u00e4sts med hj\u00e4lp av den sj\u00e4lvh\u00e4ftande tejpen p\u00e5 baksidan. <\/p>\n<p>Fungerar med tre AAA-batterier som ing\u00e5r ej. CR2032 batteri f\u00f6r fj\u00e4rrkontrollen ing\u00e5r.<\/p>\n<p>Sockel: Integrerad LED<br \/>\nEffekt: 0,55W<br \/>\nF\u00e4rgtemperatur: 3000K<br \/>\nLjusfl\u00f6de: 40 lm<br \/>\nF\u00e4rg\u00e5tergivning: Ra 80<br \/>\nF\u00e4rgavvikelser: <6 SDCM\nMedellivsl\u00e4ngd: 15000 h\nT\u00e4ndcykler: 12500\nT\u00e4ndtid: 0 s\nOmgivningstemperatur: +5\u00b0 - +35\u00b0C\nSp\u00e4nning: 4,5V DC\nIP20\n\nDiameter: 6,9 cm\nH\u00f6jd: 2,6 cm\n<\/p>\n","protected":false},"excerpt":{"rendered":"<p>3-pack LED-puck med fj\u00e4rrkontroll och timer. Perfekt f\u00f6r garderober, f\u00f6rr\u00e5d och andra m\u00f6rka vr\u00e5r d\u00e4r man beh\u00f6ver en liten extra ljuspunkt. Med fj\u00e4rrkontrollen kan nattlamporna sl\u00e5s p\u00e5 och av, dimras och s\u00e4ttas i timer-l\u00e4ge. F\u00e4sts med hj\u00e4lp av den sj\u00e4lvh\u00e4ftande tejpen p\u00e5 baksidan. Fungerar med tre AAA-batterier som ing\u00e5r ej. CR2032 batteri f\u00f6r fj\u00e4rrkontrollen ing\u00e5r. [&hellip;]<\/p>\n","protected":false},"featured_media":24144,"comment_status":"open","ping_status":"closed","template":"","meta":{"_acf_changed":false,"_relevanssi_hide_post":"","_relevanssi_hide_content":"","_relevanssi_pin_for_all":"","_relevanssi_pin_keywords":"","_relevanssi_unpin_keywords":"","_relevanssi_related_keywords":"","_relevanssi_related_include_ids":"","_relevanssi_related_exclude_ids":"","_relevanssi_related_no_append":"","_relevanssi_related_not_related":"","_relevanssi_related_posts":"","_relevanssi_noindex_reason":""},"pwb-brand":[28728],"product_brand":[],"product_cat":[32188,31807],"product_tag":[],"class_list":{"0":"post-107010","1":"product","2":"type-product","3":"status-publish","4":"has-post-thumbnail","6":"pwb-brand-star-trading","7":"product_cat-nattlampor","8":"product_cat-yovalot","10":"first","11":"instock","12":"taxable","13":"shipping-taxable","14":"purchasable","15":"product-type-simple"},"acf":[],"yoast_head":"<!-- This site is optimized with the Yoast SEO plugin v27.5 - https:\/\/yoast.com\/product\/yoast-seo-wordpress\/ -->\n<title>Puck nattlampa med fj\u00e4rrkontroll 3-p vit - Oy Noortrade Ab<\/title>\n<meta name=\"robots\" content=\"index, follow, max-snippet:-1, max-image-preview:large, max-video-preview:-1\" \/>\n<link rel=\"canonical\" href=\"https:\/\/shop.noor.fi\/produkt\/puck-yovalo-kaukosaatimella-3-p-valkoinen\/\" \/>\n<meta property=\"og:locale\" content=\"sv_SE\" \/>\n<meta property=\"og:type\" content=\"article\" \/>\n<meta property=\"og:title\" content=\"Puck nattlampa med fj\u00e4rrkontroll 3-p vit - Oy Noortrade Ab\" \/>\n<meta property=\"og:description\" content=\"3-pack LED-puck med fj\u00e4rrkontroll och timer. Perfekt f\u00f6r garderober, f\u00f6rr\u00e5d och andra m\u00f6rka vr\u00e5r d\u00e4r man beh\u00f6ver en liten extra ljuspunkt. Med fj\u00e4rrkontrollen kan nattlamporna sl\u00e5s p\u00e5 och av, dimras och s\u00e4ttas i timer-l\u00e4ge. F\u00e4sts med hj\u00e4lp av den sj\u00e4lvh\u00e4ftande tejpen p\u00e5 baksidan. Fungerar med tre AAA-batterier som ing\u00e5r ej. CR2032 batteri f\u00f6r fj\u00e4rrkontrollen ing\u00e5r. [&hellip;]\" \/>\n<meta property=\"og:url\" content=\"https:\/\/shop.noor.fi\/produkt\/puck-yovalo-kaukosaatimella-3-p-valkoinen\/\" \/>\n<meta property=\"og:site_name\" content=\"Oy Noortrade Ab\" \/>\n<meta property=\"article:modified_time\" content=\"2026-03-13T07:22:25+00:00\" \/>\n<meta property=\"og:image\" content=\"https:\/\/shop.noor.fi\/wp-content\/uploads\/2023\/11\/7391482069023.jpg\" \/>\n\t<meta property=\"og:image:width\" content=\"1273\" \/>\n\t<meta property=\"og:image:height\" content=\"1080\" \/>\n\t<meta property=\"og:image:type\" content=\"image\/jpeg\" \/>\n<meta name=\"twitter:card\" content=\"summary_large_image\" \/>\n<meta name=\"twitter:label1\" content=\"Ber\u00e4knad l\u00e4stid\" \/>\n\t<meta name=\"twitter:data1\" content=\"1 minut\" \/>\n<script type=\"application\/ld+json\" class=\"yoast-schema-graph\">{\"@context\":\"https:\\\/\\\/schema.org\",\"@graph\":[{\"@type\":\"WebPage\",\"@id\":\"https:\\\/\\\/shop.noor.fi\\\/produkt\\\/puck-yovalo-kaukosaatimella-3-p-valkoinen\\\/\",\"url\":\"https:\\\/\\\/shop.noor.fi\\\/produkt\\\/puck-yovalo-kaukosaatimella-3-p-valkoinen\\\/\",\"name\":\"Puck nattlampa med fj\u00e4rrkontroll 3-p vit - Oy Noortrade Ab\",\"isPartOf\":{\"@id\":\"https:\\\/\\\/shopnoorfi-wp31835.test.cchosting.fi\\\/#website\"},\"primaryImageOfPage\":{\"@id\":\"https:\\\/\\\/shop.noor.fi\\\/produkt\\\/puck-yovalo-kaukosaatimella-3-p-valkoinen\\\/#primaryimage\"},\"image\":{\"@id\":\"https:\\\/\\\/shop.noor.fi\\\/produkt\\\/puck-yovalo-kaukosaatimella-3-p-valkoinen\\\/#primaryimage\"},\"thumbnailUrl\":\"https:\\\/\\\/shop.noor.fi\\\/wp-content\\\/uploads\\\/2023\\\/11\\\/7391482069023.jpg\",\"datePublished\":\"2023-11-01T16:11:33+00:00\",\"dateModified\":\"2026-03-13T07:22:25+00:00\",\"breadcrumb\":{\"@id\":\"https:\\\/\\\/shop.noor.fi\\\/produkt\\\/puck-yovalo-kaukosaatimella-3-p-valkoinen\\\/#breadcrumb\"},\"inLanguage\":\"sv-SE\",\"potentialAction\":[{\"@type\":\"ReadAction\",\"target\":[\"https:\\\/\\\/shop.noor.fi\\\/produkt\\\/puck-yovalo-kaukosaatimella-3-p-valkoinen\\\/\"]}]},{\"@type\":\"ImageObject\",\"inLanguage\":\"sv-SE\",\"@id\":\"https:\\\/\\\/shop.noor.fi\\\/produkt\\\/puck-yovalo-kaukosaatimella-3-p-valkoinen\\\/#primaryimage\",\"url\":\"https:\\\/\\\/shop.noor.fi\\\/wp-content\\\/uploads\\\/2023\\\/11\\\/7391482069023.jpg\",\"contentUrl\":\"https:\\\/\\\/shop.noor.fi\\\/wp-content\\\/uploads\\\/2023\\\/11\\\/7391482069023.jpg\",\"width\":1273,\"height\":1080},{\"@type\":\"BreadcrumbList\",\"@id\":\"https:\\\/\\\/shop.noor.fi\\\/produkt\\\/puck-yovalo-kaukosaatimella-3-p-valkoinen\\\/#breadcrumb\",\"itemListElement\":[{\"@type\":\"ListItem\",\"position\":1,\"name\":\"Etusivu\",\"item\":\"https:\\\/\\\/shop.noor.fi\\\/sv\\\/\"},{\"@type\":\"ListItem\",\"position\":2,\"name\":\"Butik\",\"item\":\"https:\\\/\\\/shopnoorfi-wp31835.test.cchosting.fi\\\/sv\\\/butik\\\/\"},{\"@type\":\"ListItem\",\"position\":3,\"name\":\"Puck nattlampa med fj\u00e4rrkontroll 3-p vit\"}]},{\"@type\":\"WebSite\",\"@id\":\"https:\\\/\\\/shopnoorfi-wp31835.test.cchosting.fi\\\/#website\",\"url\":\"https:\\\/\\\/shopnoorfi-wp31835.test.cchosting.fi\\\/\",\"name\":\"Oy Noortrade Ab\",\"description\":\"Finnish family owned company with over 30 years of professional experience in lighting &amp; interior products import and sales - reliably.\",\"publisher\":{\"@id\":\"https:\\\/\\\/shopnoorfi-wp31835.test.cchosting.fi\\\/#organization\"},\"potentialAction\":[{\"@type\":\"SearchAction\",\"target\":{\"@type\":\"EntryPoint\",\"urlTemplate\":\"https:\\\/\\\/shopnoorfi-wp31835.test.cchosting.fi\\\/?s={search_term_string}\"},\"query-input\":{\"@type\":\"PropertyValueSpecification\",\"valueRequired\":true,\"valueName\":\"search_term_string\"}}],\"inLanguage\":\"sv-SE\"},{\"@type\":\"Organization\",\"@id\":\"https:\\\/\\\/shopnoorfi-wp31835.test.cchosting.fi\\\/#organization\",\"name\":\"Oy Noortrade Ab\",\"url\":\"https:\\\/\\\/shopnoorfi-wp31835.test.cchosting.fi\\\/\",\"logo\":{\"@type\":\"ImageObject\",\"inLanguage\":\"sv-SE\",\"@id\":\"https:\\\/\\\/shopnoorfi-wp31835.test.cchosting.fi\\\/#\\\/schema\\\/logo\\\/image\\\/\",\"url\":\"https:\\\/\\\/shop.noor.fi\\\/wp-content\\\/uploads\\\/2024\\\/01\\\/Oy-Noortrade-Ab-Corbel-VERSAL-bold-BLACK.png\",\"contentUrl\":\"https:\\\/\\\/shop.noor.fi\\\/wp-content\\\/uploads\\\/2024\\\/01\\\/Oy-Noortrade-Ab-Corbel-VERSAL-bold-BLACK.png\",\"width\":721,\"height\":177,\"caption\":\"Oy Noortrade Ab\"},\"image\":{\"@id\":\"https:\\\/\\\/shopnoorfi-wp31835.test.cchosting.fi\\\/#\\\/schema\\\/logo\\\/image\\\/\"}}]}<\/script>\n<!-- \/ Yoast SEO plugin. -->","yoast_head_json":{"title":"Puck nattlampa med fj\u00e4rrkontroll 3-p vit - Oy Noortrade Ab","robots":{"index":"index","follow":"follow","max-snippet":"max-snippet:-1","max-image-preview":"max-image-preview:large","max-video-preview":"max-video-preview:-1"},"canonical":"https:\/\/shop.noor.fi\/produkt\/puck-yovalo-kaukosaatimella-3-p-valkoinen\/","og_locale":"sv_SE","og_type":"article","og_title":"Puck nattlampa med fj\u00e4rrkontroll 3-p vit - Oy Noortrade Ab","og_description":"3-pack LED-puck med fj\u00e4rrkontroll och timer. Perfekt f\u00f6r garderober, f\u00f6rr\u00e5d och andra m\u00f6rka vr\u00e5r d\u00e4r man beh\u00f6ver en liten extra ljuspunkt. Med fj\u00e4rrkontrollen kan nattlamporna sl\u00e5s p\u00e5 och av, dimras och s\u00e4ttas i timer-l\u00e4ge. F\u00e4sts med hj\u00e4lp av den sj\u00e4lvh\u00e4ftande tejpen p\u00e5 baksidan. Fungerar med tre AAA-batterier som ing\u00e5r ej. CR2032 batteri f\u00f6r fj\u00e4rrkontrollen ing\u00e5r. [&hellip;]","og_url":"https:\/\/shop.noor.fi\/produkt\/puck-yovalo-kaukosaatimella-3-p-valkoinen\/","og_site_name":"Oy Noortrade Ab","article_modified_time":"2026-03-13T07:22:25+00:00","og_image":[{"width":1273,"height":1080,"url":"https:\/\/shop.noor.fi\/wp-content\/uploads\/2023\/11\/7391482069023.jpg","type":"image\/jpeg"}],"twitter_card":"summary_large_image","twitter_misc":{"Ber\u00e4knad l\u00e4stid":"1 minut"},"schema":{"@context":"https:\/\/schema.org","@graph":[{"@type":"WebPage","@id":"https:\/\/shop.noor.fi\/produkt\/puck-yovalo-kaukosaatimella-3-p-valkoinen\/","url":"https:\/\/shop.noor.fi\/produkt\/puck-yovalo-kaukosaatimella-3-p-valkoinen\/","name":"Puck nattlampa med fj\u00e4rrkontroll 3-p vit - Oy Noortrade Ab","isPartOf":{"@id":"https:\/\/shopnoorfi-wp31835.test.cchosting.fi\/#website"},"primaryImageOfPage":{"@id":"https:\/\/shop.noor.fi\/produkt\/puck-yovalo-kaukosaatimella-3-p-valkoinen\/#primaryimage"},"image":{"@id":"https:\/\/shop.noor.fi\/produkt\/puck-yovalo-kaukosaatimella-3-p-valkoinen\/#primaryimage"},"thumbnailUrl":"https:\/\/shop.noor.fi\/wp-content\/uploads\/2023\/11\/7391482069023.jpg","datePublished":"2023-11-01T16:11:33+00:00","dateModified":"2026-03-13T07:22:25+00:00","breadcrumb":{"@id":"https:\/\/shop.noor.fi\/produkt\/puck-yovalo-kaukosaatimella-3-p-valkoinen\/#breadcrumb"},"inLanguage":"sv-SE","potentialAction":[{"@type":"ReadAction","target":["https:\/\/shop.noor.fi\/produkt\/puck-yovalo-kaukosaatimella-3-p-valkoinen\/"]}]},{"@type":"ImageObject","inLanguage":"sv-SE","@id":"https:\/\/shop.noor.fi\/produkt\/puck-yovalo-kaukosaatimella-3-p-valkoinen\/#primaryimage","url":"https:\/\/shop.noor.fi\/wp-content\/uploads\/2023\/11\/7391482069023.jpg","contentUrl":"https:\/\/shop.noor.fi\/wp-content\/uploads\/2023\/11\/7391482069023.jpg","width":1273,"height":1080},{"@type":"BreadcrumbList","@id":"https:\/\/shop.noor.fi\/produkt\/puck-yovalo-kaukosaatimella-3-p-valkoinen\/#breadcrumb","itemListElement":[{"@type":"ListItem","position":1,"name":"Etusivu","item":"https:\/\/shop.noor.fi\/sv\/"},{"@type":"ListItem","position":2,"name":"Butik","item":"https:\/\/shopnoorfi-wp31835.test.cchosting.fi\/sv\/butik\/"},{"@type":"ListItem","position":3,"name":"Puck nattlampa med fj\u00e4rrkontroll 3-p vit"}]},{"@type":"WebSite","@id":"https:\/\/shopnoorfi-wp31835.test.cchosting.fi\/#website","url":"https:\/\/shopnoorfi-wp31835.test.cchosting.fi\/","name":"Oy Noortrade Ab","description":"Finnish family owned company with over 30 years of professional experience in lighting &amp; interior products import and sales - reliably.","publisher":{"@id":"https:\/\/shopnoorfi-wp31835.test.cchosting.fi\/#organization"},"potentialAction":[{"@type":"SearchAction","target":{"@type":"EntryPoint","urlTemplate":"https:\/\/shopnoorfi-wp31835.test.cchosting.fi\/?s={search_term_string}"},"query-input":{"@type":"PropertyValueSpecification","valueRequired":true,"valueName":"search_term_string"}}],"inLanguage":"sv-SE"},{"@type":"Organization","@id":"https:\/\/shopnoorfi-wp31835.test.cchosting.fi\/#organization","name":"Oy Noortrade Ab","url":"https:\/\/shopnoorfi-wp31835.test.cchosting.fi\/","logo":{"@type":"ImageObject","inLanguage":"sv-SE","@id":"https:\/\/shopnoorfi-wp31835.test.cchosting.fi\/#\/schema\/logo\/image\/","url":"https:\/\/shop.noor.fi\/wp-content\/uploads\/2024\/01\/Oy-Noortrade-Ab-Corbel-VERSAL-bold-BLACK.png","contentUrl":"https:\/\/shop.noor.fi\/wp-content\/uploads\/2024\/01\/Oy-Noortrade-Ab-Corbel-VERSAL-bold-BLACK.png","width":721,"height":177,"caption":"Oy Noortrade Ab"},"image":{"@id":"https:\/\/shopnoorfi-wp31835.test.cchosting.fi\/#\/schema\/logo\/image\/"}}]}},"brands":[{"id":28728,"name":"Star Trading","slug":"star-trading"}],"_links":{"self":[{"href":"https:\/\/shop.noor.fi\/sv\/wp-json\/wp\/v2\/product\/107010","targetHints":{"allow":["GET"]}}],"collection":[{"href":"https:\/\/shop.noor.fi\/sv\/wp-json\/wp\/v2\/product"}],"about":[{"href":"https:\/\/shop.noor.fi\/sv\/wp-json\/wp\/v2\/types\/product"}],"replies":[{"embeddable":true,"href":"https:\/\/shop.noor.fi\/sv\/wp-json\/wp\/v2\/comments?post=107010"}],"wp:featuredmedia":[{"embeddable":true,"href":"https:\/\/shop.noor.fi\/sv\/wp-json\/wp\/v2\/media\/24144"}],"wp:attachment":[{"href":"https:\/\/shop.noor.fi\/sv\/wp-json\/wp\/v2\/media?parent=107010"}],"wp:term":[{"taxonomy":"pwb-brand","embeddable":true,"href":"https:\/\/shop.noor.fi\/sv\/wp-json\/wp\/v2\/pwb-brand?post=107010"},{"taxonomy":"product_brand","embeddable":true,"href":"https:\/\/shop.noor.fi\/sv\/wp-json\/wp\/v2\/product_brand?post=107010"},{"taxonomy":"product_cat","embeddable":true,"href":"https:\/\/shop.noor.fi\/sv\/wp-json\/wp\/v2\/product_cat?post=107010"},{"taxonomy":"product_tag","embeddable":true,"href":"https:\/\/shop.noor.fi\/sv\/wp-json\/wp\/v2\/product_tag?post=107010"}],"curies":[{"name":"wp","href":"https:\/\/api.w.org\/{rel}","templated":true}]}}