{"id":106995,"date":"2023-11-01T18:10:45","date_gmt":"2023-11-01T16:10:45","guid":{"rendered":"https:\/\/shop.noor.fi\/product\/led-nightlight-functional-3000k-36lm\/"},"modified":"2026-03-13T09:13:11","modified_gmt":"2026-03-13T07:13:11","slug":"led-nightlight-functional-3000k-36lm","status":"publish","type":"product","link":"https:\/\/shop.noor.fi\/sv\/produkt\/led-nightlight-functional-3000k-36lm\/","title":{"rendered":"LED Nightlight Functional 3000K 36lm"},"content":{"rendered":"<p>Rund LED-puck, perfekt f\u00f6r garderober, f\u00f6rr\u00e5d och andra m\u00f6rka vr\u00e5r d\u00e4r man beh\u00f6ver en liten extra ljuspunkt. Inbyggd push-funktion, f\u00f6r att t\u00e4nda lampan trycker man bara mitt p\u00e5 den. Lampan f\u00e4st med hj\u00e4lp av den sj\u00e4lvh\u00e4ftande tejpen p\u00e5 baksidan.<\/p>\n<p>F\u00e4rg: Vit<br \/>\nLjusf\u00e4rg: Varmvit<br \/>\nBredd\/l\u00e4ngd (cm): 6,9<br \/>\nH\u00f6jd (cm): 2,5<br \/>\nDjup (cm): 6,9<br \/>\nAnv\u00e4ndningsomr\u00e5de: Inomhus<br \/>\nAntal lampor: 1<br \/>\nTyp av ljusk\u00e4lla: LED<br \/>\nBatteriinformation: 3 batterier AAA ing\u00e5r ej. Livstid ca 25h.<br \/>\nF\u00e4rgtemperatur (K): 3000<br \/>\nLjusfl\u00f6de (lm): 36<br \/>\nF\u00e4rg\u00e5tergivning (CRI\/Ra): 80<br \/>\nF\u00e4rgavvikelser (SDCM): <6\nT\u00e4ndcykler: 15000\nT\u00e4ndtid: <2s\nH\u00f6gsta\/l\u00e4gsta omgivningstemperatur: -20\u00b0 - +40\u00b0\nTotal effekt (W): 0,23\nLampans str\u00f6mstyrka (mA): 125\nLampans Effekt (W): 0.57\nLampans Sp\u00e4nning (V): 4.5VDC\nVolt: 4,5V DC\nIP-klass: IP20\n<\/p>\n","protected":false},"excerpt":{"rendered":"<p>Rund LED-puck, perfekt f\u00f6r garderober, f\u00f6rr\u00e5d och andra m\u00f6rka vr\u00e5r d\u00e4r man beh\u00f6ver en liten extra ljuspunkt. Inbyggd push-funktion, f\u00f6r att t\u00e4nda lampan trycker man bara mitt p\u00e5 den. Lampan f\u00e4st med hj\u00e4lp av den sj\u00e4lvh\u00e4ftande tejpen p\u00e5 baksidan. F\u00e4rg: Vit Ljusf\u00e4rg: Varmvit Bredd\/l\u00e4ngd (cm): 6,9 H\u00f6jd (cm): 2,5 Djup (cm): 6,9 Anv\u00e4ndningsomr\u00e5de: Inomhus Antal [&hellip;]<\/p>\n","protected":false},"featured_media":10026,"comment_status":"open","ping_status":"closed","template":"","meta":{"_acf_changed":false,"_relevanssi_hide_post":"","_relevanssi_hide_content":"","_relevanssi_pin_for_all":"","_relevanssi_pin_keywords":"","_relevanssi_unpin_keywords":"","_relevanssi_related_keywords":"","_relevanssi_related_include_ids":"","_relevanssi_related_exclude_ids":"","_relevanssi_related_no_append":"","_relevanssi_related_not_related":"","_relevanssi_related_posts":"","_relevanssi_noindex_reason":""},"pwb-brand":[28728],"product_brand":[],"product_cat":[32188],"product_tag":[],"class_list":{"0":"post-106995","1":"product","2":"type-product","3":"status-publish","4":"has-post-thumbnail","6":"pwb-brand-star-trading","7":"product_cat-nattlampor","9":"first","10":"instock","11":"taxable","12":"shipping-taxable","13":"purchasable","14":"product-type-simple"},"acf":[],"yoast_head":"<!-- This site is optimized with the Yoast SEO plugin v27.5 - https:\/\/yoast.com\/product\/yoast-seo-wordpress\/ -->\n<title>LED Nightlight Functional 3000K 36lm - Oy Noortrade Ab<\/title>\n<meta name=\"robots\" content=\"index, follow, max-snippet:-1, max-image-preview:large, max-video-preview:-1\" \/>\n<link rel=\"canonical\" href=\"https:\/\/shop.noor.fi\/sv\/produkt\/led-nightlight-functional-3000k-36lm\/\" \/>\n<meta property=\"og:locale\" content=\"sv_SE\" \/>\n<meta property=\"og:type\" content=\"article\" \/>\n<meta property=\"og:title\" content=\"LED Nightlight Functional 3000K 36lm - Oy Noortrade Ab\" \/>\n<meta property=\"og:description\" content=\"Rund LED-puck, perfekt f\u00f6r garderober, f\u00f6rr\u00e5d och andra m\u00f6rka vr\u00e5r d\u00e4r man beh\u00f6ver en liten extra ljuspunkt. Inbyggd push-funktion, f\u00f6r att t\u00e4nda lampan trycker man bara mitt p\u00e5 den. Lampan f\u00e4st med hj\u00e4lp av den sj\u00e4lvh\u00e4ftande tejpen p\u00e5 baksidan. F\u00e4rg: Vit Ljusf\u00e4rg: Varmvit Bredd\/l\u00e4ngd (cm): 6,9 H\u00f6jd (cm): 2,5 Djup (cm): 6,9 Anv\u00e4ndningsomr\u00e5de: Inomhus Antal [&hellip;]\" \/>\n<meta property=\"og:url\" content=\"https:\/\/shop.noor.fi\/sv\/produkt\/led-nightlight-functional-3000k-36lm\/\" \/>\n<meta property=\"og:site_name\" content=\"Oy Noortrade Ab\" \/>\n<meta property=\"article:modified_time\" content=\"2026-03-13T07:13:11+00:00\" \/>\n<meta property=\"og:image\" content=\"https:\/\/shop.noor.fi\/wp-content\/uploads\/2023\/10\/7391482039217.jpg\" \/>\n\t<meta property=\"og:image:width\" content=\"1137\" \/>\n\t<meta property=\"og:image:height\" content=\"741\" \/>\n\t<meta property=\"og:image:type\" content=\"image\/jpeg\" \/>\n<meta name=\"twitter:card\" content=\"summary_large_image\" \/>\n<meta name=\"twitter:label1\" content=\"Ber\u00e4knad l\u00e4stid\" \/>\n\t<meta name=\"twitter:data1\" content=\"1 minut\" \/>\n<script type=\"application\/ld+json\" class=\"yoast-schema-graph\">{\"@context\":\"https:\\\/\\\/schema.org\",\"@graph\":[{\"@type\":\"WebPage\",\"@id\":\"https:\\\/\\\/shop.noor.fi\\\/sv\\\/produkt\\\/led-nightlight-functional-3000k-36lm\\\/\",\"url\":\"https:\\\/\\\/shop.noor.fi\\\/sv\\\/produkt\\\/led-nightlight-functional-3000k-36lm\\\/\",\"name\":\"LED Nightlight Functional 3000K 36lm - Oy Noortrade Ab\",\"isPartOf\":{\"@id\":\"https:\\\/\\\/shopnoorfi-wp31835.test.cchosting.fi\\\/#website\"},\"primaryImageOfPage\":{\"@id\":\"https:\\\/\\\/shop.noor.fi\\\/sv\\\/produkt\\\/led-nightlight-functional-3000k-36lm\\\/#primaryimage\"},\"image\":{\"@id\":\"https:\\\/\\\/shop.noor.fi\\\/sv\\\/produkt\\\/led-nightlight-functional-3000k-36lm\\\/#primaryimage\"},\"thumbnailUrl\":\"https:\\\/\\\/shop.noor.fi\\\/wp-content\\\/uploads\\\/2023\\\/10\\\/7391482039217.jpg\",\"datePublished\":\"2023-11-01T16:10:45+00:00\",\"dateModified\":\"2026-03-13T07:13:11+00:00\",\"breadcrumb\":{\"@id\":\"https:\\\/\\\/shop.noor.fi\\\/sv\\\/produkt\\\/led-nightlight-functional-3000k-36lm\\\/#breadcrumb\"},\"inLanguage\":\"sv-SE\",\"potentialAction\":[{\"@type\":\"ReadAction\",\"target\":[\"https:\\\/\\\/shop.noor.fi\\\/sv\\\/produkt\\\/led-nightlight-functional-3000k-36lm\\\/\"]}]},{\"@type\":\"ImageObject\",\"inLanguage\":\"sv-SE\",\"@id\":\"https:\\\/\\\/shop.noor.fi\\\/sv\\\/produkt\\\/led-nightlight-functional-3000k-36lm\\\/#primaryimage\",\"url\":\"https:\\\/\\\/shop.noor.fi\\\/wp-content\\\/uploads\\\/2023\\\/10\\\/7391482039217.jpg\",\"contentUrl\":\"https:\\\/\\\/shop.noor.fi\\\/wp-content\\\/uploads\\\/2023\\\/10\\\/7391482039217.jpg\",\"width\":1137,\"height\":741},{\"@type\":\"BreadcrumbList\",\"@id\":\"https:\\\/\\\/shop.noor.fi\\\/sv\\\/produkt\\\/led-nightlight-functional-3000k-36lm\\\/#breadcrumb\",\"itemListElement\":[{\"@type\":\"ListItem\",\"position\":1,\"name\":\"Etusivu\",\"item\":\"https:\\\/\\\/shop.noor.fi\\\/sv\\\/\"},{\"@type\":\"ListItem\",\"position\":2,\"name\":\"Butik\",\"item\":\"https:\\\/\\\/shopnoorfi-wp31835.test.cchosting.fi\\\/sv\\\/butik\\\/\"},{\"@type\":\"ListItem\",\"position\":3,\"name\":\"LED Nightlight Functional 3000K 36lm\"}]},{\"@type\":\"WebSite\",\"@id\":\"https:\\\/\\\/shopnoorfi-wp31835.test.cchosting.fi\\\/#website\",\"url\":\"https:\\\/\\\/shopnoorfi-wp31835.test.cchosting.fi\\\/\",\"name\":\"Oy Noortrade Ab\",\"description\":\"Finnish family owned company with over 30 years of professional experience in lighting &amp; interior products import and sales - reliably.\",\"publisher\":{\"@id\":\"https:\\\/\\\/shopnoorfi-wp31835.test.cchosting.fi\\\/#organization\"},\"potentialAction\":[{\"@type\":\"SearchAction\",\"target\":{\"@type\":\"EntryPoint\",\"urlTemplate\":\"https:\\\/\\\/shopnoorfi-wp31835.test.cchosting.fi\\\/?s={search_term_string}\"},\"query-input\":{\"@type\":\"PropertyValueSpecification\",\"valueRequired\":true,\"valueName\":\"search_term_string\"}}],\"inLanguage\":\"sv-SE\"},{\"@type\":\"Organization\",\"@id\":\"https:\\\/\\\/shopnoorfi-wp31835.test.cchosting.fi\\\/#organization\",\"name\":\"Oy Noortrade Ab\",\"url\":\"https:\\\/\\\/shopnoorfi-wp31835.test.cchosting.fi\\\/\",\"logo\":{\"@type\":\"ImageObject\",\"inLanguage\":\"sv-SE\",\"@id\":\"https:\\\/\\\/shopnoorfi-wp31835.test.cchosting.fi\\\/#\\\/schema\\\/logo\\\/image\\\/\",\"url\":\"https:\\\/\\\/shop.noor.fi\\\/wp-content\\\/uploads\\\/2024\\\/01\\\/Oy-Noortrade-Ab-Corbel-VERSAL-bold-BLACK.png\",\"contentUrl\":\"https:\\\/\\\/shop.noor.fi\\\/wp-content\\\/uploads\\\/2024\\\/01\\\/Oy-Noortrade-Ab-Corbel-VERSAL-bold-BLACK.png\",\"width\":721,\"height\":177,\"caption\":\"Oy Noortrade Ab\"},\"image\":{\"@id\":\"https:\\\/\\\/shopnoorfi-wp31835.test.cchosting.fi\\\/#\\\/schema\\\/logo\\\/image\\\/\"}}]}<\/script>\n<!-- \/ Yoast SEO plugin. -->","yoast_head_json":{"title":"LED Nightlight Functional 3000K 36lm - Oy Noortrade Ab","robots":{"index":"index","follow":"follow","max-snippet":"max-snippet:-1","max-image-preview":"max-image-preview:large","max-video-preview":"max-video-preview:-1"},"canonical":"https:\/\/shop.noor.fi\/sv\/produkt\/led-nightlight-functional-3000k-36lm\/","og_locale":"sv_SE","og_type":"article","og_title":"LED Nightlight Functional 3000K 36lm - Oy Noortrade Ab","og_description":"Rund LED-puck, perfekt f\u00f6r garderober, f\u00f6rr\u00e5d och andra m\u00f6rka vr\u00e5r d\u00e4r man beh\u00f6ver en liten extra ljuspunkt. Inbyggd push-funktion, f\u00f6r att t\u00e4nda lampan trycker man bara mitt p\u00e5 den. Lampan f\u00e4st med hj\u00e4lp av den sj\u00e4lvh\u00e4ftande tejpen p\u00e5 baksidan. F\u00e4rg: Vit Ljusf\u00e4rg: Varmvit Bredd\/l\u00e4ngd (cm): 6,9 H\u00f6jd (cm): 2,5 Djup (cm): 6,9 Anv\u00e4ndningsomr\u00e5de: Inomhus Antal [&hellip;]","og_url":"https:\/\/shop.noor.fi\/sv\/produkt\/led-nightlight-functional-3000k-36lm\/","og_site_name":"Oy Noortrade Ab","article_modified_time":"2026-03-13T07:13:11+00:00","og_image":[{"width":1137,"height":741,"url":"https:\/\/shop.noor.fi\/wp-content\/uploads\/2023\/10\/7391482039217.jpg","type":"image\/jpeg"}],"twitter_card":"summary_large_image","twitter_misc":{"Ber\u00e4knad l\u00e4stid":"1 minut"},"schema":{"@context":"https:\/\/schema.org","@graph":[{"@type":"WebPage","@id":"https:\/\/shop.noor.fi\/sv\/produkt\/led-nightlight-functional-3000k-36lm\/","url":"https:\/\/shop.noor.fi\/sv\/produkt\/led-nightlight-functional-3000k-36lm\/","name":"LED Nightlight Functional 3000K 36lm - Oy Noortrade Ab","isPartOf":{"@id":"https:\/\/shopnoorfi-wp31835.test.cchosting.fi\/#website"},"primaryImageOfPage":{"@id":"https:\/\/shop.noor.fi\/sv\/produkt\/led-nightlight-functional-3000k-36lm\/#primaryimage"},"image":{"@id":"https:\/\/shop.noor.fi\/sv\/produkt\/led-nightlight-functional-3000k-36lm\/#primaryimage"},"thumbnailUrl":"https:\/\/shop.noor.fi\/wp-content\/uploads\/2023\/10\/7391482039217.jpg","datePublished":"2023-11-01T16:10:45+00:00","dateModified":"2026-03-13T07:13:11+00:00","breadcrumb":{"@id":"https:\/\/shop.noor.fi\/sv\/produkt\/led-nightlight-functional-3000k-36lm\/#breadcrumb"},"inLanguage":"sv-SE","potentialAction":[{"@type":"ReadAction","target":["https:\/\/shop.noor.fi\/sv\/produkt\/led-nightlight-functional-3000k-36lm\/"]}]},{"@type":"ImageObject","inLanguage":"sv-SE","@id":"https:\/\/shop.noor.fi\/sv\/produkt\/led-nightlight-functional-3000k-36lm\/#primaryimage","url":"https:\/\/shop.noor.fi\/wp-content\/uploads\/2023\/10\/7391482039217.jpg","contentUrl":"https:\/\/shop.noor.fi\/wp-content\/uploads\/2023\/10\/7391482039217.jpg","width":1137,"height":741},{"@type":"BreadcrumbList","@id":"https:\/\/shop.noor.fi\/sv\/produkt\/led-nightlight-functional-3000k-36lm\/#breadcrumb","itemListElement":[{"@type":"ListItem","position":1,"name":"Etusivu","item":"https:\/\/shop.noor.fi\/sv\/"},{"@type":"ListItem","position":2,"name":"Butik","item":"https:\/\/shopnoorfi-wp31835.test.cchosting.fi\/sv\/butik\/"},{"@type":"ListItem","position":3,"name":"LED Nightlight Functional 3000K 36lm"}]},{"@type":"WebSite","@id":"https:\/\/shopnoorfi-wp31835.test.cchosting.fi\/#website","url":"https:\/\/shopnoorfi-wp31835.test.cchosting.fi\/","name":"Oy Noortrade Ab","description":"Finnish family owned company with over 30 years of professional experience in lighting &amp; interior products import and sales - reliably.","publisher":{"@id":"https:\/\/shopnoorfi-wp31835.test.cchosting.fi\/#organization"},"potentialAction":[{"@type":"SearchAction","target":{"@type":"EntryPoint","urlTemplate":"https:\/\/shopnoorfi-wp31835.test.cchosting.fi\/?s={search_term_string}"},"query-input":{"@type":"PropertyValueSpecification","valueRequired":true,"valueName":"search_term_string"}}],"inLanguage":"sv-SE"},{"@type":"Organization","@id":"https:\/\/shopnoorfi-wp31835.test.cchosting.fi\/#organization","name":"Oy Noortrade Ab","url":"https:\/\/shopnoorfi-wp31835.test.cchosting.fi\/","logo":{"@type":"ImageObject","inLanguage":"sv-SE","@id":"https:\/\/shopnoorfi-wp31835.test.cchosting.fi\/#\/schema\/logo\/image\/","url":"https:\/\/shop.noor.fi\/wp-content\/uploads\/2024\/01\/Oy-Noortrade-Ab-Corbel-VERSAL-bold-BLACK.png","contentUrl":"https:\/\/shop.noor.fi\/wp-content\/uploads\/2024\/01\/Oy-Noortrade-Ab-Corbel-VERSAL-bold-BLACK.png","width":721,"height":177,"caption":"Oy Noortrade Ab"},"image":{"@id":"https:\/\/shopnoorfi-wp31835.test.cchosting.fi\/#\/schema\/logo\/image\/"}}]}},"brands":[{"id":28728,"name":"Star Trading","slug":"star-trading"}],"_links":{"self":[{"href":"https:\/\/shop.noor.fi\/sv\/wp-json\/wp\/v2\/product\/106995","targetHints":{"allow":["GET"]}}],"collection":[{"href":"https:\/\/shop.noor.fi\/sv\/wp-json\/wp\/v2\/product"}],"about":[{"href":"https:\/\/shop.noor.fi\/sv\/wp-json\/wp\/v2\/types\/product"}],"replies":[{"embeddable":true,"href":"https:\/\/shop.noor.fi\/sv\/wp-json\/wp\/v2\/comments?post=106995"}],"wp:featuredmedia":[{"embeddable":true,"href":"https:\/\/shop.noor.fi\/sv\/wp-json\/wp\/v2\/media\/10026"}],"wp:attachment":[{"href":"https:\/\/shop.noor.fi\/sv\/wp-json\/wp\/v2\/media?parent=106995"}],"wp:term":[{"taxonomy":"pwb-brand","embeddable":true,"href":"https:\/\/shop.noor.fi\/sv\/wp-json\/wp\/v2\/pwb-brand?post=106995"},{"taxonomy":"product_brand","embeddable":true,"href":"https:\/\/shop.noor.fi\/sv\/wp-json\/wp\/v2\/product_brand?post=106995"},{"taxonomy":"product_cat","embeddable":true,"href":"https:\/\/shop.noor.fi\/sv\/wp-json\/wp\/v2\/product_cat?post=106995"},{"taxonomy":"product_tag","embeddable":true,"href":"https:\/\/shop.noor.fi\/sv\/wp-json\/wp\/v2\/product_tag?post=106995"}],"curies":[{"name":"wp","href":"https:\/\/api.w.org\/{rel}","templated":true}]}}