{"id":105933,"date":"2023-11-01T10:28:31","date_gmt":"2023-11-01T08:28:31","guid":{"rendered":"https:\/\/shop.noor.fi\/product\/may-led-ljus-3-st-vit\/"},"modified":"2026-03-11T13:16:48","modified_gmt":"2026-03-11T11:16:48","slug":"may-led-ljus-3-st-vit","status":"publish","type":"product","link":"https:\/\/shop.noor.fi\/sv\/produkt\/may-led-ljus-3-st-vit\/","title":{"rendered":"May LED ljus 3 st vit"},"content":{"rendered":"<p>3-pack vaxljus med en marmorerad vit yta och varmvitt sken. Ljusena \u00e4r 10 cm, 12,5 cm och 15 cm h\u00f6ga, och passar f\u00f6r inomhusbruk.<br \/>\nMed fj\u00e4rrkontrollen kan du v\u00e4lja konstant eller flickrande sken, justera ljusstyrkan i 5 niv\u00e5er, s\u00e4tta timer f\u00f6r 4 eller 8 timmar samt t\u00e4nda och sl\u00e4cka ljusen.<br \/>\nLjusena fungerar med totalt 9 AAA-batterier som ing\u00e5r ej. Fj\u00e4rrkontrollens CR2032-batteri ing\u00e5r.<br \/>\nIntegrerad LED, lamporna \u00e4r ej utbytbara.<\/p>\n<p>Diameter 7,5 cm<br \/>\nH\u00f6jd 10\/12,5\/15 cm<\/p>\n<p>Obs! Undvik att st\u00e4lla ljusen i direkt solljus d\u00e5 de kan sm\u00e4lta och missf\u00e4rgas av v\u00e4rmen.<\/p>\n","protected":false},"excerpt":{"rendered":"<p>3-pack vaxljus med en marmorerad vit yta och varmvitt sken. Ljusena \u00e4r 10 cm, 12,5 cm och 15 cm h\u00f6ga, och passar f\u00f6r inomhusbruk. Med fj\u00e4rrkontrollen kan du v\u00e4lja konstant eller flickrande sken, justera ljusstyrkan i 5 niv\u00e5er, s\u00e4tta timer f\u00f6r 4 eller 8 timmar samt t\u00e4nda och sl\u00e4cka ljusen. Ljusena fungerar med totalt 9 [&hellip;]<\/p>\n","protected":false},"featured_media":7440,"comment_status":"open","ping_status":"closed","template":"","meta":{"_acf_changed":false,"_relevanssi_hide_post":"","_relevanssi_hide_content":"","_relevanssi_pin_for_all":"","_relevanssi_pin_keywords":"","_relevanssi_unpin_keywords":"","_relevanssi_related_keywords":"","_relevanssi_related_include_ids":"","_relevanssi_related_exclude_ids":"","_relevanssi_related_no_append":"","_relevanssi_related_not_related":"","_relevanssi_related_posts":"","_relevanssi_noindex_reason":""},"pwb-brand":[28728],"product_brand":[],"product_cat":[32102],"product_tag":[],"class_list":{"0":"post-105933","1":"product","2":"type-product","3":"status-publish","4":"has-post-thumbnail","6":"pwb-brand-star-trading","7":"product_cat-blockljus","9":"first","10":"instock","11":"taxable","12":"shipping-taxable","13":"purchasable","14":"product-type-simple"},"acf":[],"yoast_head":"<!-- This site is optimized with the Yoast SEO plugin v27.5 - https:\/\/yoast.com\/product\/yoast-seo-wordpress\/ -->\n<title>May LED ljus 3 st vit - Oy Noortrade Ab<\/title>\n<meta name=\"robots\" content=\"index, follow, max-snippet:-1, max-image-preview:large, max-video-preview:-1\" \/>\n<link rel=\"canonical\" href=\"https:\/\/shop.noor.fi\/produkt\/may-led-kynttilat-3-kpl-valkoinen\/\" \/>\n<meta property=\"og:locale\" content=\"sv_SE\" \/>\n<meta property=\"og:type\" content=\"article\" \/>\n<meta property=\"og:title\" content=\"May LED ljus 3 st vit - Oy Noortrade Ab\" \/>\n<meta property=\"og:description\" content=\"3-pack vaxljus med en marmorerad vit yta och varmvitt sken. Ljusena \u00e4r 10 cm, 12,5 cm och 15 cm h\u00f6ga, och passar f\u00f6r inomhusbruk. Med fj\u00e4rrkontrollen kan du v\u00e4lja konstant eller flickrande sken, justera ljusstyrkan i 5 niv\u00e5er, s\u00e4tta timer f\u00f6r 4 eller 8 timmar samt t\u00e4nda och sl\u00e4cka ljusen. Ljusena fungerar med totalt 9 [&hellip;]\" \/>\n<meta property=\"og:url\" content=\"https:\/\/shop.noor.fi\/produkt\/may-led-kynttilat-3-kpl-valkoinen\/\" \/>\n<meta property=\"og:site_name\" content=\"Oy Noortrade Ab\" \/>\n<meta property=\"article:modified_time\" content=\"2026-03-11T11:16:48+00:00\" \/>\n<meta property=\"og:image\" content=\"https:\/\/shop.noor.fi\/wp-content\/uploads\/2023\/10\/7391482047243.jpg\" \/>\n\t<meta property=\"og:image:width\" content=\"1920\" \/>\n\t<meta property=\"og:image:height\" content=\"1079\" \/>\n\t<meta property=\"og:image:type\" content=\"image\/jpeg\" \/>\n<meta name=\"twitter:card\" content=\"summary_large_image\" \/>\n<script type=\"application\/ld+json\" class=\"yoast-schema-graph\">{\"@context\":\"https:\\\/\\\/schema.org\",\"@graph\":[{\"@type\":\"WebPage\",\"@id\":\"https:\\\/\\\/shop.noor.fi\\\/produkt\\\/may-led-kynttilat-3-kpl-valkoinen\\\/\",\"url\":\"https:\\\/\\\/shop.noor.fi\\\/produkt\\\/may-led-kynttilat-3-kpl-valkoinen\\\/\",\"name\":\"May LED ljus 3 st vit - Oy Noortrade Ab\",\"isPartOf\":{\"@id\":\"https:\\\/\\\/shopnoorfi-wp31835.test.cchosting.fi\\\/#website\"},\"primaryImageOfPage\":{\"@id\":\"https:\\\/\\\/shop.noor.fi\\\/produkt\\\/may-led-kynttilat-3-kpl-valkoinen\\\/#primaryimage\"},\"image\":{\"@id\":\"https:\\\/\\\/shop.noor.fi\\\/produkt\\\/may-led-kynttilat-3-kpl-valkoinen\\\/#primaryimage\"},\"thumbnailUrl\":\"https:\\\/\\\/shop.noor.fi\\\/wp-content\\\/uploads\\\/2023\\\/10\\\/7391482047243.jpg\",\"datePublished\":\"2023-11-01T08:28:31+00:00\",\"dateModified\":\"2026-03-11T11:16:48+00:00\",\"breadcrumb\":{\"@id\":\"https:\\\/\\\/shop.noor.fi\\\/produkt\\\/may-led-kynttilat-3-kpl-valkoinen\\\/#breadcrumb\"},\"inLanguage\":\"sv-SE\",\"potentialAction\":[{\"@type\":\"ReadAction\",\"target\":[\"https:\\\/\\\/shop.noor.fi\\\/produkt\\\/may-led-kynttilat-3-kpl-valkoinen\\\/\"]}]},{\"@type\":\"ImageObject\",\"inLanguage\":\"sv-SE\",\"@id\":\"https:\\\/\\\/shop.noor.fi\\\/produkt\\\/may-led-kynttilat-3-kpl-valkoinen\\\/#primaryimage\",\"url\":\"https:\\\/\\\/shop.noor.fi\\\/wp-content\\\/uploads\\\/2023\\\/10\\\/7391482047243.jpg\",\"contentUrl\":\"https:\\\/\\\/shop.noor.fi\\\/wp-content\\\/uploads\\\/2023\\\/10\\\/7391482047243.jpg\",\"width\":1920,\"height\":1079},{\"@type\":\"BreadcrumbList\",\"@id\":\"https:\\\/\\\/shop.noor.fi\\\/produkt\\\/may-led-kynttilat-3-kpl-valkoinen\\\/#breadcrumb\",\"itemListElement\":[{\"@type\":\"ListItem\",\"position\":1,\"name\":\"Etusivu\",\"item\":\"https:\\\/\\\/shop.noor.fi\\\/sv\\\/\"},{\"@type\":\"ListItem\",\"position\":2,\"name\":\"Butik\",\"item\":\"https:\\\/\\\/shopnoorfi-wp31835.test.cchosting.fi\\\/sv\\\/butik\\\/\"},{\"@type\":\"ListItem\",\"position\":3,\"name\":\"May LED ljus 3 st vit\"}]},{\"@type\":\"WebSite\",\"@id\":\"https:\\\/\\\/shopnoorfi-wp31835.test.cchosting.fi\\\/#website\",\"url\":\"https:\\\/\\\/shopnoorfi-wp31835.test.cchosting.fi\\\/\",\"name\":\"Oy Noortrade Ab\",\"description\":\"Finnish family owned company with over 30 years of professional experience in lighting &amp; interior products import and sales - reliably.\",\"publisher\":{\"@id\":\"https:\\\/\\\/shopnoorfi-wp31835.test.cchosting.fi\\\/#organization\"},\"potentialAction\":[{\"@type\":\"SearchAction\",\"target\":{\"@type\":\"EntryPoint\",\"urlTemplate\":\"https:\\\/\\\/shopnoorfi-wp31835.test.cchosting.fi\\\/?s={search_term_string}\"},\"query-input\":{\"@type\":\"PropertyValueSpecification\",\"valueRequired\":true,\"valueName\":\"search_term_string\"}}],\"inLanguage\":\"sv-SE\"},{\"@type\":\"Organization\",\"@id\":\"https:\\\/\\\/shopnoorfi-wp31835.test.cchosting.fi\\\/#organization\",\"name\":\"Oy Noortrade Ab\",\"url\":\"https:\\\/\\\/shopnoorfi-wp31835.test.cchosting.fi\\\/\",\"logo\":{\"@type\":\"ImageObject\",\"inLanguage\":\"sv-SE\",\"@id\":\"https:\\\/\\\/shopnoorfi-wp31835.test.cchosting.fi\\\/#\\\/schema\\\/logo\\\/image\\\/\",\"url\":\"https:\\\/\\\/shop.noor.fi\\\/wp-content\\\/uploads\\\/2024\\\/01\\\/Oy-Noortrade-Ab-Corbel-VERSAL-bold-BLACK.png\",\"contentUrl\":\"https:\\\/\\\/shop.noor.fi\\\/wp-content\\\/uploads\\\/2024\\\/01\\\/Oy-Noortrade-Ab-Corbel-VERSAL-bold-BLACK.png\",\"width\":721,\"height\":177,\"caption\":\"Oy Noortrade Ab\"},\"image\":{\"@id\":\"https:\\\/\\\/shopnoorfi-wp31835.test.cchosting.fi\\\/#\\\/schema\\\/logo\\\/image\\\/\"}}]}<\/script>\n<!-- \/ Yoast SEO plugin. -->","yoast_head_json":{"title":"May LED ljus 3 st vit - Oy Noortrade Ab","robots":{"index":"index","follow":"follow","max-snippet":"max-snippet:-1","max-image-preview":"max-image-preview:large","max-video-preview":"max-video-preview:-1"},"canonical":"https:\/\/shop.noor.fi\/produkt\/may-led-kynttilat-3-kpl-valkoinen\/","og_locale":"sv_SE","og_type":"article","og_title":"May LED ljus 3 st vit - Oy Noortrade Ab","og_description":"3-pack vaxljus med en marmorerad vit yta och varmvitt sken. Ljusena \u00e4r 10 cm, 12,5 cm och 15 cm h\u00f6ga, och passar f\u00f6r inomhusbruk. Med fj\u00e4rrkontrollen kan du v\u00e4lja konstant eller flickrande sken, justera ljusstyrkan i 5 niv\u00e5er, s\u00e4tta timer f\u00f6r 4 eller 8 timmar samt t\u00e4nda och sl\u00e4cka ljusen. Ljusena fungerar med totalt 9 [&hellip;]","og_url":"https:\/\/shop.noor.fi\/produkt\/may-led-kynttilat-3-kpl-valkoinen\/","og_site_name":"Oy Noortrade Ab","article_modified_time":"2026-03-11T11:16:48+00:00","og_image":[{"width":1920,"height":1079,"url":"https:\/\/shop.noor.fi\/wp-content\/uploads\/2023\/10\/7391482047243.jpg","type":"image\/jpeg"}],"twitter_card":"summary_large_image","schema":{"@context":"https:\/\/schema.org","@graph":[{"@type":"WebPage","@id":"https:\/\/shop.noor.fi\/produkt\/may-led-kynttilat-3-kpl-valkoinen\/","url":"https:\/\/shop.noor.fi\/produkt\/may-led-kynttilat-3-kpl-valkoinen\/","name":"May LED ljus 3 st vit - Oy Noortrade Ab","isPartOf":{"@id":"https:\/\/shopnoorfi-wp31835.test.cchosting.fi\/#website"},"primaryImageOfPage":{"@id":"https:\/\/shop.noor.fi\/produkt\/may-led-kynttilat-3-kpl-valkoinen\/#primaryimage"},"image":{"@id":"https:\/\/shop.noor.fi\/produkt\/may-led-kynttilat-3-kpl-valkoinen\/#primaryimage"},"thumbnailUrl":"https:\/\/shop.noor.fi\/wp-content\/uploads\/2023\/10\/7391482047243.jpg","datePublished":"2023-11-01T08:28:31+00:00","dateModified":"2026-03-11T11:16:48+00:00","breadcrumb":{"@id":"https:\/\/shop.noor.fi\/produkt\/may-led-kynttilat-3-kpl-valkoinen\/#breadcrumb"},"inLanguage":"sv-SE","potentialAction":[{"@type":"ReadAction","target":["https:\/\/shop.noor.fi\/produkt\/may-led-kynttilat-3-kpl-valkoinen\/"]}]},{"@type":"ImageObject","inLanguage":"sv-SE","@id":"https:\/\/shop.noor.fi\/produkt\/may-led-kynttilat-3-kpl-valkoinen\/#primaryimage","url":"https:\/\/shop.noor.fi\/wp-content\/uploads\/2023\/10\/7391482047243.jpg","contentUrl":"https:\/\/shop.noor.fi\/wp-content\/uploads\/2023\/10\/7391482047243.jpg","width":1920,"height":1079},{"@type":"BreadcrumbList","@id":"https:\/\/shop.noor.fi\/produkt\/may-led-kynttilat-3-kpl-valkoinen\/#breadcrumb","itemListElement":[{"@type":"ListItem","position":1,"name":"Etusivu","item":"https:\/\/shop.noor.fi\/sv\/"},{"@type":"ListItem","position":2,"name":"Butik","item":"https:\/\/shopnoorfi-wp31835.test.cchosting.fi\/sv\/butik\/"},{"@type":"ListItem","position":3,"name":"May LED ljus 3 st vit"}]},{"@type":"WebSite","@id":"https:\/\/shopnoorfi-wp31835.test.cchosting.fi\/#website","url":"https:\/\/shopnoorfi-wp31835.test.cchosting.fi\/","name":"Oy Noortrade Ab","description":"Finnish family owned company with over 30 years of professional experience in lighting &amp; interior products import and sales - reliably.","publisher":{"@id":"https:\/\/shopnoorfi-wp31835.test.cchosting.fi\/#organization"},"potentialAction":[{"@type":"SearchAction","target":{"@type":"EntryPoint","urlTemplate":"https:\/\/shopnoorfi-wp31835.test.cchosting.fi\/?s={search_term_string}"},"query-input":{"@type":"PropertyValueSpecification","valueRequired":true,"valueName":"search_term_string"}}],"inLanguage":"sv-SE"},{"@type":"Organization","@id":"https:\/\/shopnoorfi-wp31835.test.cchosting.fi\/#organization","name":"Oy Noortrade Ab","url":"https:\/\/shopnoorfi-wp31835.test.cchosting.fi\/","logo":{"@type":"ImageObject","inLanguage":"sv-SE","@id":"https:\/\/shopnoorfi-wp31835.test.cchosting.fi\/#\/schema\/logo\/image\/","url":"https:\/\/shop.noor.fi\/wp-content\/uploads\/2024\/01\/Oy-Noortrade-Ab-Corbel-VERSAL-bold-BLACK.png","contentUrl":"https:\/\/shop.noor.fi\/wp-content\/uploads\/2024\/01\/Oy-Noortrade-Ab-Corbel-VERSAL-bold-BLACK.png","width":721,"height":177,"caption":"Oy Noortrade Ab"},"image":{"@id":"https:\/\/shopnoorfi-wp31835.test.cchosting.fi\/#\/schema\/logo\/image\/"}}]}},"brands":[{"id":28728,"name":"Star Trading","slug":"star-trading"}],"_links":{"self":[{"href":"https:\/\/shop.noor.fi\/sv\/wp-json\/wp\/v2\/product\/105933","targetHints":{"allow":["GET"]}}],"collection":[{"href":"https:\/\/shop.noor.fi\/sv\/wp-json\/wp\/v2\/product"}],"about":[{"href":"https:\/\/shop.noor.fi\/sv\/wp-json\/wp\/v2\/types\/product"}],"replies":[{"embeddable":true,"href":"https:\/\/shop.noor.fi\/sv\/wp-json\/wp\/v2\/comments?post=105933"}],"wp:featuredmedia":[{"embeddable":true,"href":"https:\/\/shop.noor.fi\/sv\/wp-json\/wp\/v2\/media\/7440"}],"wp:attachment":[{"href":"https:\/\/shop.noor.fi\/sv\/wp-json\/wp\/v2\/media?parent=105933"}],"wp:term":[{"taxonomy":"pwb-brand","embeddable":true,"href":"https:\/\/shop.noor.fi\/sv\/wp-json\/wp\/v2\/pwb-brand?post=105933"},{"taxonomy":"product_brand","embeddable":true,"href":"https:\/\/shop.noor.fi\/sv\/wp-json\/wp\/v2\/product_brand?post=105933"},{"taxonomy":"product_cat","embeddable":true,"href":"https:\/\/shop.noor.fi\/sv\/wp-json\/wp\/v2\/product_cat?post=105933"},{"taxonomy":"product_tag","embeddable":true,"href":"https:\/\/shop.noor.fi\/sv\/wp-json\/wp\/v2\/product_tag?post=105933"}],"curies":[{"name":"wp","href":"https:\/\/api.w.org\/{rel}","templated":true}]}}