{"id":105750,"date":"2023-11-01T10:20:18","date_gmt":"2023-11-01T08:20:18","guid":{"rendered":"https:\/\/shop.noor.fi\/product\/flamme-rak-led-ljus-275-cm-vit\/"},"modified":"2026-03-06T10:58:53","modified_gmt":"2026-03-06T08:58:53","slug":"flamme-rak-led-ljus-275-cm-vit","status":"publish","type":"product","link":"https:\/\/shop.noor.fi\/sv\/produkt\/flamme-rak-led-ljus-275-cm-vit\/","title":{"rendered":"Flamme Rak LED ljus 27,5 cm vit"},"content":{"rendered":"<p>Ett vitt ljus i plast, passar f\u00f6r utomhusbruk. Ljuset g\u00e5r att anv\u00e4nda b\u00e5de med ljussensor och med timer. \u00d6nskar man sensor s\u00e5 s\u00e4tts brytaren p\u00e5 ON l\u00e4get, ljuset lyser d\u00e5 upp n\u00e4r m\u00f6rkret faller. S\u00e4tter man brytaren p\u00e5 timer i st\u00e4llet s\u00e5 lyser ljuset i 6 timmar, sedan slocknar den i 18 timmar och lyser upp n\u00e4stkommande dag igen.<br \/>\nLjuset \u00e4r 25 cm h\u00f6jd och l\u00e5gan \u00e4r ca 2,5 cm. Ljuset lyser med varmvitt sken.<br \/>\nFungerar med tre AA-batterier som ing\u00e5r ej.<br \/>\nIntegrerad LED, lampan \u00e4r ej utbytbar.<\/p>\n<p>Diameter 10 cm<br \/>\nH\u00f6jd 27,5 cm<\/p>\n","protected":false},"excerpt":{"rendered":"<p>Ett vitt ljus i plast, passar f\u00f6r utomhusbruk. Ljuset g\u00e5r att anv\u00e4nda b\u00e5de med ljussensor och med timer. \u00d6nskar man sensor s\u00e5 s\u00e4tts brytaren p\u00e5 ON l\u00e4get, ljuset lyser d\u00e5 upp n\u00e4r m\u00f6rkret faller. S\u00e4tter man brytaren p\u00e5 timer i st\u00e4llet s\u00e5 lyser ljuset i 6 timmar, sedan slocknar den i 18 timmar och lyser [&hellip;]<\/p>\n","protected":false},"featured_media":15407,"comment_status":"open","ping_status":"closed","template":"","meta":{"_acf_changed":false,"_relevanssi_hide_post":"","_relevanssi_hide_content":"","_relevanssi_pin_for_all":"","_relevanssi_pin_keywords":"","_relevanssi_unpin_keywords":"","_relevanssi_related_keywords":"","_relevanssi_related_include_ids":"","_relevanssi_related_exclude_ids":"","_relevanssi_related_no_append":"","_relevanssi_related_not_related":"","_relevanssi_related_posts":"","_relevanssi_noindex_reason":""},"pwb-brand":[28728,37491],"product_brand":[],"product_cat":[32050],"product_tag":[],"class_list":{"0":"post-105750","1":"product","2":"type-product","3":"status-publish","4":"has-post-thumbnail","6":"pwb-brand-star-trading","7":"pwb-brand-star-trading-sv","8":"product_cat-utomhusljus","10":"first","11":"onbackorder","12":"taxable","13":"shipping-taxable","14":"purchasable","15":"product-type-simple"},"acf":[],"yoast_head":"<!-- This site is optimized with the Yoast SEO plugin v27.5 - https:\/\/yoast.com\/product\/yoast-seo-wordpress\/ -->\n<title>Flamme Rak LED ljus 27,5 cm vit - Oy Noortrade Ab<\/title>\n<meta name=\"robots\" content=\"index, follow, max-snippet:-1, max-image-preview:large, max-video-preview:-1\" \/>\n<link rel=\"canonical\" href=\"https:\/\/shop.noor.fi\/sv\/produkt\/flamme-rak-led-ljus-275-cm-vit\/\" \/>\n<meta property=\"og:locale\" content=\"sv_SE\" \/>\n<meta property=\"og:type\" content=\"article\" \/>\n<meta property=\"og:title\" content=\"Flamme Rak LED ljus 27,5 cm vit - Oy Noortrade Ab\" \/>\n<meta property=\"og:description\" content=\"Ett vitt ljus i plast, passar f\u00f6r utomhusbruk. Ljuset g\u00e5r att anv\u00e4nda b\u00e5de med ljussensor och med timer. \u00d6nskar man sensor s\u00e5 s\u00e4tts brytaren p\u00e5 ON l\u00e4get, ljuset lyser d\u00e5 upp n\u00e4r m\u00f6rkret faller. S\u00e4tter man brytaren p\u00e5 timer i st\u00e4llet s\u00e5 lyser ljuset i 6 timmar, sedan slocknar den i 18 timmar och lyser [&hellip;]\" \/>\n<meta property=\"og:url\" content=\"https:\/\/shop.noor.fi\/sv\/produkt\/flamme-rak-led-ljus-275-cm-vit\/\" \/>\n<meta property=\"og:site_name\" content=\"Oy Noortrade Ab\" \/>\n<meta property=\"article:modified_time\" content=\"2026-03-06T08:58:53+00:00\" \/>\n<meta property=\"og:image\" content=\"https:\/\/shop.noor.fi\/wp-content\/uploads\/2023\/11\/7391482064240.jpg\" \/>\n\t<meta property=\"og:image:width\" content=\"381\" \/>\n\t<meta property=\"og:image:height\" content=\"1080\" \/>\n\t<meta property=\"og:image:type\" content=\"image\/jpeg\" \/>\n<meta name=\"twitter:card\" content=\"summary_large_image\" \/>\n<meta name=\"twitter:label1\" content=\"Ber\u00e4knad l\u00e4stid\" \/>\n\t<meta name=\"twitter:data1\" content=\"1 minut\" \/>\n<script type=\"application\/ld+json\" class=\"yoast-schema-graph\">{\"@context\":\"https:\\\/\\\/schema.org\",\"@graph\":[{\"@type\":\"WebPage\",\"@id\":\"https:\\\/\\\/shop.noor.fi\\\/sv\\\/produkt\\\/flamme-rak-led-ljus-275-cm-vit\\\/\",\"url\":\"https:\\\/\\\/shop.noor.fi\\\/sv\\\/produkt\\\/flamme-rak-led-ljus-275-cm-vit\\\/\",\"name\":\"Flamme Rak LED ljus 27,5 cm vit - Oy Noortrade Ab\",\"isPartOf\":{\"@id\":\"https:\\\/\\\/shopnoorfi-wp31835.test.cchosting.fi\\\/#website\"},\"primaryImageOfPage\":{\"@id\":\"https:\\\/\\\/shop.noor.fi\\\/sv\\\/produkt\\\/flamme-rak-led-ljus-275-cm-vit\\\/#primaryimage\"},\"image\":{\"@id\":\"https:\\\/\\\/shop.noor.fi\\\/sv\\\/produkt\\\/flamme-rak-led-ljus-275-cm-vit\\\/#primaryimage\"},\"thumbnailUrl\":\"https:\\\/\\\/shop.noor.fi\\\/wp-content\\\/uploads\\\/2023\\\/11\\\/7391482064240.jpg\",\"datePublished\":\"2023-11-01T08:20:18+00:00\",\"dateModified\":\"2026-03-06T08:58:53+00:00\",\"breadcrumb\":{\"@id\":\"https:\\\/\\\/shop.noor.fi\\\/sv\\\/produkt\\\/flamme-rak-led-ljus-275-cm-vit\\\/#breadcrumb\"},\"inLanguage\":\"sv-SE\",\"potentialAction\":[{\"@type\":\"ReadAction\",\"target\":[\"https:\\\/\\\/shop.noor.fi\\\/sv\\\/produkt\\\/flamme-rak-led-ljus-275-cm-vit\\\/\"]}]},{\"@type\":\"ImageObject\",\"inLanguage\":\"sv-SE\",\"@id\":\"https:\\\/\\\/shop.noor.fi\\\/sv\\\/produkt\\\/flamme-rak-led-ljus-275-cm-vit\\\/#primaryimage\",\"url\":\"https:\\\/\\\/shop.noor.fi\\\/wp-content\\\/uploads\\\/2023\\\/11\\\/7391482064240.jpg\",\"contentUrl\":\"https:\\\/\\\/shop.noor.fi\\\/wp-content\\\/uploads\\\/2023\\\/11\\\/7391482064240.jpg\",\"width\":381,\"height\":1080},{\"@type\":\"BreadcrumbList\",\"@id\":\"https:\\\/\\\/shop.noor.fi\\\/sv\\\/produkt\\\/flamme-rak-led-ljus-275-cm-vit\\\/#breadcrumb\",\"itemListElement\":[{\"@type\":\"ListItem\",\"position\":1,\"name\":\"Etusivu\",\"item\":\"https:\\\/\\\/shop.noor.fi\\\/sv\\\/\"},{\"@type\":\"ListItem\",\"position\":2,\"name\":\"Butik\",\"item\":\"https:\\\/\\\/shopnoorfi-wp31835.test.cchosting.fi\\\/sv\\\/butik\\\/\"},{\"@type\":\"ListItem\",\"position\":3,\"name\":\"Flamme Rak LED ljus 27,5 cm vit\"}]},{\"@type\":\"WebSite\",\"@id\":\"https:\\\/\\\/shopnoorfi-wp31835.test.cchosting.fi\\\/#website\",\"url\":\"https:\\\/\\\/shopnoorfi-wp31835.test.cchosting.fi\\\/\",\"name\":\"Oy Noortrade Ab\",\"description\":\"Finnish family owned company with over 30 years of professional experience in lighting &amp; interior products import and sales - reliably.\",\"publisher\":{\"@id\":\"https:\\\/\\\/shopnoorfi-wp31835.test.cchosting.fi\\\/#organization\"},\"potentialAction\":[{\"@type\":\"SearchAction\",\"target\":{\"@type\":\"EntryPoint\",\"urlTemplate\":\"https:\\\/\\\/shopnoorfi-wp31835.test.cchosting.fi\\\/?s={search_term_string}\"},\"query-input\":{\"@type\":\"PropertyValueSpecification\",\"valueRequired\":true,\"valueName\":\"search_term_string\"}}],\"inLanguage\":\"sv-SE\"},{\"@type\":\"Organization\",\"@id\":\"https:\\\/\\\/shopnoorfi-wp31835.test.cchosting.fi\\\/#organization\",\"name\":\"Oy Noortrade Ab\",\"url\":\"https:\\\/\\\/shopnoorfi-wp31835.test.cchosting.fi\\\/\",\"logo\":{\"@type\":\"ImageObject\",\"inLanguage\":\"sv-SE\",\"@id\":\"https:\\\/\\\/shopnoorfi-wp31835.test.cchosting.fi\\\/#\\\/schema\\\/logo\\\/image\\\/\",\"url\":\"https:\\\/\\\/shop.noor.fi\\\/wp-content\\\/uploads\\\/2024\\\/01\\\/Oy-Noortrade-Ab-Corbel-VERSAL-bold-BLACK.png\",\"contentUrl\":\"https:\\\/\\\/shop.noor.fi\\\/wp-content\\\/uploads\\\/2024\\\/01\\\/Oy-Noortrade-Ab-Corbel-VERSAL-bold-BLACK.png\",\"width\":721,\"height\":177,\"caption\":\"Oy Noortrade Ab\"},\"image\":{\"@id\":\"https:\\\/\\\/shopnoorfi-wp31835.test.cchosting.fi\\\/#\\\/schema\\\/logo\\\/image\\\/\"}}]}<\/script>\n<!-- \/ Yoast SEO plugin. -->","yoast_head_json":{"title":"Flamme Rak LED ljus 27,5 cm vit - Oy Noortrade Ab","robots":{"index":"index","follow":"follow","max-snippet":"max-snippet:-1","max-image-preview":"max-image-preview:large","max-video-preview":"max-video-preview:-1"},"canonical":"https:\/\/shop.noor.fi\/sv\/produkt\/flamme-rak-led-ljus-275-cm-vit\/","og_locale":"sv_SE","og_type":"article","og_title":"Flamme Rak LED ljus 27,5 cm vit - Oy Noortrade Ab","og_description":"Ett vitt ljus i plast, passar f\u00f6r utomhusbruk. Ljuset g\u00e5r att anv\u00e4nda b\u00e5de med ljussensor och med timer. \u00d6nskar man sensor s\u00e5 s\u00e4tts brytaren p\u00e5 ON l\u00e4get, ljuset lyser d\u00e5 upp n\u00e4r m\u00f6rkret faller. S\u00e4tter man brytaren p\u00e5 timer i st\u00e4llet s\u00e5 lyser ljuset i 6 timmar, sedan slocknar den i 18 timmar och lyser [&hellip;]","og_url":"https:\/\/shop.noor.fi\/sv\/produkt\/flamme-rak-led-ljus-275-cm-vit\/","og_site_name":"Oy Noortrade Ab","article_modified_time":"2026-03-06T08:58:53+00:00","og_image":[{"width":381,"height":1080,"url":"https:\/\/shop.noor.fi\/wp-content\/uploads\/2023\/11\/7391482064240.jpg","type":"image\/jpeg"}],"twitter_card":"summary_large_image","twitter_misc":{"Ber\u00e4knad l\u00e4stid":"1 minut"},"schema":{"@context":"https:\/\/schema.org","@graph":[{"@type":"WebPage","@id":"https:\/\/shop.noor.fi\/sv\/produkt\/flamme-rak-led-ljus-275-cm-vit\/","url":"https:\/\/shop.noor.fi\/sv\/produkt\/flamme-rak-led-ljus-275-cm-vit\/","name":"Flamme Rak LED ljus 27,5 cm vit - Oy Noortrade Ab","isPartOf":{"@id":"https:\/\/shopnoorfi-wp31835.test.cchosting.fi\/#website"},"primaryImageOfPage":{"@id":"https:\/\/shop.noor.fi\/sv\/produkt\/flamme-rak-led-ljus-275-cm-vit\/#primaryimage"},"image":{"@id":"https:\/\/shop.noor.fi\/sv\/produkt\/flamme-rak-led-ljus-275-cm-vit\/#primaryimage"},"thumbnailUrl":"https:\/\/shop.noor.fi\/wp-content\/uploads\/2023\/11\/7391482064240.jpg","datePublished":"2023-11-01T08:20:18+00:00","dateModified":"2026-03-06T08:58:53+00:00","breadcrumb":{"@id":"https:\/\/shop.noor.fi\/sv\/produkt\/flamme-rak-led-ljus-275-cm-vit\/#breadcrumb"},"inLanguage":"sv-SE","potentialAction":[{"@type":"ReadAction","target":["https:\/\/shop.noor.fi\/sv\/produkt\/flamme-rak-led-ljus-275-cm-vit\/"]}]},{"@type":"ImageObject","inLanguage":"sv-SE","@id":"https:\/\/shop.noor.fi\/sv\/produkt\/flamme-rak-led-ljus-275-cm-vit\/#primaryimage","url":"https:\/\/shop.noor.fi\/wp-content\/uploads\/2023\/11\/7391482064240.jpg","contentUrl":"https:\/\/shop.noor.fi\/wp-content\/uploads\/2023\/11\/7391482064240.jpg","width":381,"height":1080},{"@type":"BreadcrumbList","@id":"https:\/\/shop.noor.fi\/sv\/produkt\/flamme-rak-led-ljus-275-cm-vit\/#breadcrumb","itemListElement":[{"@type":"ListItem","position":1,"name":"Etusivu","item":"https:\/\/shop.noor.fi\/sv\/"},{"@type":"ListItem","position":2,"name":"Butik","item":"https:\/\/shopnoorfi-wp31835.test.cchosting.fi\/sv\/butik\/"},{"@type":"ListItem","position":3,"name":"Flamme Rak LED ljus 27,5 cm vit"}]},{"@type":"WebSite","@id":"https:\/\/shopnoorfi-wp31835.test.cchosting.fi\/#website","url":"https:\/\/shopnoorfi-wp31835.test.cchosting.fi\/","name":"Oy Noortrade Ab","description":"Finnish family owned company with over 30 years of professional experience in lighting &amp; interior products import and sales - reliably.","publisher":{"@id":"https:\/\/shopnoorfi-wp31835.test.cchosting.fi\/#organization"},"potentialAction":[{"@type":"SearchAction","target":{"@type":"EntryPoint","urlTemplate":"https:\/\/shopnoorfi-wp31835.test.cchosting.fi\/?s={search_term_string}"},"query-input":{"@type":"PropertyValueSpecification","valueRequired":true,"valueName":"search_term_string"}}],"inLanguage":"sv-SE"},{"@type":"Organization","@id":"https:\/\/shopnoorfi-wp31835.test.cchosting.fi\/#organization","name":"Oy Noortrade Ab","url":"https:\/\/shopnoorfi-wp31835.test.cchosting.fi\/","logo":{"@type":"ImageObject","inLanguage":"sv-SE","@id":"https:\/\/shopnoorfi-wp31835.test.cchosting.fi\/#\/schema\/logo\/image\/","url":"https:\/\/shop.noor.fi\/wp-content\/uploads\/2024\/01\/Oy-Noortrade-Ab-Corbel-VERSAL-bold-BLACK.png","contentUrl":"https:\/\/shop.noor.fi\/wp-content\/uploads\/2024\/01\/Oy-Noortrade-Ab-Corbel-VERSAL-bold-BLACK.png","width":721,"height":177,"caption":"Oy Noortrade Ab"},"image":{"@id":"https:\/\/shopnoorfi-wp31835.test.cchosting.fi\/#\/schema\/logo\/image\/"}}]}},"brands":[{"id":28728,"name":"Star Trading","slug":"star-trading"},{"id":37491,"name":"Star Trading","slug":"star-trading-sv"}],"_links":{"self":[{"href":"https:\/\/shop.noor.fi\/sv\/wp-json\/wp\/v2\/product\/105750","targetHints":{"allow":["GET"]}}],"collection":[{"href":"https:\/\/shop.noor.fi\/sv\/wp-json\/wp\/v2\/product"}],"about":[{"href":"https:\/\/shop.noor.fi\/sv\/wp-json\/wp\/v2\/types\/product"}],"replies":[{"embeddable":true,"href":"https:\/\/shop.noor.fi\/sv\/wp-json\/wp\/v2\/comments?post=105750"}],"wp:featuredmedia":[{"embeddable":true,"href":"https:\/\/shop.noor.fi\/sv\/wp-json\/wp\/v2\/media\/15407"}],"wp:attachment":[{"href":"https:\/\/shop.noor.fi\/sv\/wp-json\/wp\/v2\/media?parent=105750"}],"wp:term":[{"taxonomy":"pwb-brand","embeddable":true,"href":"https:\/\/shop.noor.fi\/sv\/wp-json\/wp\/v2\/pwb-brand?post=105750"},{"taxonomy":"product_brand","embeddable":true,"href":"https:\/\/shop.noor.fi\/sv\/wp-json\/wp\/v2\/product_brand?post=105750"},{"taxonomy":"product_cat","embeddable":true,"href":"https:\/\/shop.noor.fi\/sv\/wp-json\/wp\/v2\/product_cat?post=105750"},{"taxonomy":"product_tag","embeddable":true,"href":"https:\/\/shop.noor.fi\/sv\/wp-json\/wp\/v2\/product_tag?post=105750"}],"curies":[{"name":"wp","href":"https:\/\/api.w.org\/{rel}","templated":true}]}}