{"id":105707,"date":"2023-11-01T13:15:00","date_gmt":"2023-11-01T11:15:00","guid":{"rendered":"https:\/\/shop.noor.fi\/product\/morphoso-bords-golvflakt-vit\/"},"modified":"2026-01-09T16:04:49","modified_gmt":"2026-01-09T14:04:49","slug":"morphoso-bords-golvflakt-vit","status":"publish","type":"product","link":"https:\/\/shop.noor.fi\/sv\/produkt\/morphoso-bords-golvflakt-vit\/","title":{"rendered":"Morphoso bords-\/golvfl\u00e4kt vit"},"content":{"rendered":"<p>Laddbar bords-\/golvfl\u00e4kt. Kompakt storlek, bara 10 x 20 cm ihopf\u00e4llt.<br \/>\nTeleskoparmen g\u00f6r att fl\u00e4kten \u00e4r justerbar i h\u00f6jd: 38 cm &#8211; 100 cm.<br \/>\nJusterbar vinkel 180\u00b0.<br \/>\n3 fl\u00e4kthastigheter fr\u00e5n l\u00e5g till h\u00f6g.<br \/>\nAnv\u00e4ndningstid fulladdat i upp till 20 timmar beroende p\u00e5 fl\u00e4kthastighet.<br \/>\nLaddas med den medf\u00f6ljande USB-C -kabeln.<br \/>\nIR fj\u00e4rrkontroll och flex USB LED-lampa ing\u00e5r.<br \/>\n7200 mAh akku.<br \/>\nSp\u00e4nning: 5V DC.<br \/>\nEffekt: 4,8W.<br \/>\nIP20.<br \/>\n2 \u00e5rs garanti.<\/p>\n<p>Varum\u00e4rke: Aiolos.<\/p>\n","protected":false},"excerpt":{"rendered":"<p>Laddbar bords-\/golvfl\u00e4kt. Kompakt storlek, bara 10 x 20 cm ihopf\u00e4llt. Teleskoparmen g\u00f6r att fl\u00e4kten \u00e4r justerbar i h\u00f6jd: 38 cm &#8211; 100 cm. Justerbar vinkel 180\u00b0. 3 fl\u00e4kthastigheter fr\u00e5n l\u00e5g till h\u00f6g. Anv\u00e4ndningstid fulladdat i upp till 20 timmar beroende p\u00e5 fl\u00e4kthastighet. Laddas med den medf\u00f6ljande USB-C -kabeln. IR fj\u00e4rrkontroll och flex USB LED-lampa ing\u00e5r. [&hellip;]<\/p>\n","protected":false},"featured_media":76404,"comment_status":"open","ping_status":"closed","template":"","meta":{"_acf_changed":false,"_relevanssi_hide_post":"","_relevanssi_hide_content":"","_relevanssi_pin_for_all":"","_relevanssi_pin_keywords":"","_relevanssi_unpin_keywords":"","_relevanssi_related_keywords":"","_relevanssi_related_include_ids":"","_relevanssi_related_exclude_ids":"","_relevanssi_related_no_append":"","_relevanssi_related_not_related":"","_relevanssi_related_posts":"","_relevanssi_noindex_reason":""},"pwb-brand":[28739],"product_brand":[],"product_cat":[32151],"product_tag":[],"class_list":{"0":"post-105707","1":"product","2":"type-product","3":"status-publish","4":"has-post-thumbnail","6":"pwb-brand-aiolos","7":"product_cat-flaktar","9":"first","10":"instock","11":"taxable","12":"shipping-taxable","13":"purchasable","14":"product-type-simple"},"acf":[],"yoast_head":"<!-- This site is optimized with the Yoast SEO plugin v27.3 - https:\/\/yoast.com\/product\/yoast-seo-wordpress\/ -->\n<title>Morphoso bords-\/golvfl\u00e4kt vit - Oy Noortrade Ab<\/title>\n<meta name=\"robots\" content=\"index, follow, max-snippet:-1, max-image-preview:large, max-video-preview:-1\" \/>\n<link rel=\"canonical\" href=\"https:\/\/shop.noor.fi\/sv\/produkt\/morphoso-bords-golvflakt-vit\/\" \/>\n<meta property=\"og:locale\" content=\"sv_SE\" \/>\n<meta property=\"og:type\" content=\"article\" \/>\n<meta property=\"og:title\" content=\"Morphoso bords-\/golvfl\u00e4kt vit - Oy Noortrade Ab\" \/>\n<meta property=\"og:description\" content=\"Laddbar bords-\/golvfl\u00e4kt. Kompakt storlek, bara 10 x 20 cm ihopf\u00e4llt. Teleskoparmen g\u00f6r att fl\u00e4kten \u00e4r justerbar i h\u00f6jd: 38 cm &#8211; 100 cm. Justerbar vinkel 180\u00b0. 3 fl\u00e4kthastigheter fr\u00e5n l\u00e5g till h\u00f6g. Anv\u00e4ndningstid fulladdat i upp till 20 timmar beroende p\u00e5 fl\u00e4kthastighet. Laddas med den medf\u00f6ljande USB-C -kabeln. IR fj\u00e4rrkontroll och flex USB LED-lampa ing\u00e5r. [&hellip;]\" \/>\n<meta property=\"og:url\" content=\"https:\/\/shop.noor.fi\/sv\/produkt\/morphoso-bords-golvflakt-vit\/\" \/>\n<meta property=\"og:site_name\" content=\"Oy Noortrade Ab\" \/>\n<meta property=\"article:modified_time\" content=\"2026-01-09T14:04:49+00:00\" \/>\n<meta property=\"og:image\" content=\"https:\/\/shop.noor.fi\/wp-content\/uploads\/2023\/11\/7611453777000.jpg\" \/>\n\t<meta property=\"og:image:width\" content=\"800\" \/>\n\t<meta property=\"og:image:height\" content=\"800\" \/>\n\t<meta property=\"og:image:type\" content=\"image\/jpeg\" \/>\n<meta name=\"twitter:card\" content=\"summary_large_image\" \/>\n<script type=\"application\/ld+json\" class=\"yoast-schema-graph\">{\"@context\":\"https:\\\/\\\/schema.org\",\"@graph\":[{\"@type\":\"WebPage\",\"@id\":\"https:\\\/\\\/shop.noor.fi\\\/sv\\\/produkt\\\/morphoso-bords-golvflakt-vit\\\/\",\"url\":\"https:\\\/\\\/shop.noor.fi\\\/sv\\\/produkt\\\/morphoso-bords-golvflakt-vit\\\/\",\"name\":\"Morphoso bords-\\\/golvfl\u00e4kt vit - Oy Noortrade Ab\",\"isPartOf\":{\"@id\":\"https:\\\/\\\/shopnoorfi-wp31835.test.cchosting.fi\\\/#website\"},\"primaryImageOfPage\":{\"@id\":\"https:\\\/\\\/shop.noor.fi\\\/sv\\\/produkt\\\/morphoso-bords-golvflakt-vit\\\/#primaryimage\"},\"image\":{\"@id\":\"https:\\\/\\\/shop.noor.fi\\\/sv\\\/produkt\\\/morphoso-bords-golvflakt-vit\\\/#primaryimage\"},\"thumbnailUrl\":\"https:\\\/\\\/shop.noor.fi\\\/wp-content\\\/uploads\\\/2023\\\/11\\\/7611453777000.jpg\",\"datePublished\":\"2023-11-01T11:15:00+00:00\",\"dateModified\":\"2026-01-09T14:04:49+00:00\",\"breadcrumb\":{\"@id\":\"https:\\\/\\\/shop.noor.fi\\\/sv\\\/produkt\\\/morphoso-bords-golvflakt-vit\\\/#breadcrumb\"},\"inLanguage\":\"sv-SE\",\"potentialAction\":[{\"@type\":\"ReadAction\",\"target\":[\"https:\\\/\\\/shop.noor.fi\\\/sv\\\/produkt\\\/morphoso-bords-golvflakt-vit\\\/\"]}]},{\"@type\":\"ImageObject\",\"inLanguage\":\"sv-SE\",\"@id\":\"https:\\\/\\\/shop.noor.fi\\\/sv\\\/produkt\\\/morphoso-bords-golvflakt-vit\\\/#primaryimage\",\"url\":\"https:\\\/\\\/shop.noor.fi\\\/wp-content\\\/uploads\\\/2023\\\/11\\\/7611453777000.jpg\",\"contentUrl\":\"https:\\\/\\\/shop.noor.fi\\\/wp-content\\\/uploads\\\/2023\\\/11\\\/7611453777000.jpg\",\"width\":800,\"height\":800},{\"@type\":\"BreadcrumbList\",\"@id\":\"https:\\\/\\\/shop.noor.fi\\\/sv\\\/produkt\\\/morphoso-bords-golvflakt-vit\\\/#breadcrumb\",\"itemListElement\":[{\"@type\":\"ListItem\",\"position\":1,\"name\":\"Etusivu\",\"item\":\"https:\\\/\\\/shop.noor.fi\\\/sv\\\/\"},{\"@type\":\"ListItem\",\"position\":2,\"name\":\"Butik\",\"item\":\"https:\\\/\\\/shopnoorfi-wp31835.test.cchosting.fi\\\/sv\\\/butik\\\/\"},{\"@type\":\"ListItem\",\"position\":3,\"name\":\"Morphoso bords-\\\/golvfl\u00e4kt vit\"}]},{\"@type\":\"WebSite\",\"@id\":\"https:\\\/\\\/shopnoorfi-wp31835.test.cchosting.fi\\\/#website\",\"url\":\"https:\\\/\\\/shopnoorfi-wp31835.test.cchosting.fi\\\/\",\"name\":\"Oy Noortrade Ab\",\"description\":\"Finnish family owned company with over 30 years of professional experience in lighting &amp; interior products import and sales - reliably.\",\"publisher\":{\"@id\":\"https:\\\/\\\/shopnoorfi-wp31835.test.cchosting.fi\\\/#organization\"},\"potentialAction\":[{\"@type\":\"SearchAction\",\"target\":{\"@type\":\"EntryPoint\",\"urlTemplate\":\"https:\\\/\\\/shopnoorfi-wp31835.test.cchosting.fi\\\/?s={search_term_string}\"},\"query-input\":{\"@type\":\"PropertyValueSpecification\",\"valueRequired\":true,\"valueName\":\"search_term_string\"}}],\"inLanguage\":\"sv-SE\"},{\"@type\":\"Organization\",\"@id\":\"https:\\\/\\\/shopnoorfi-wp31835.test.cchosting.fi\\\/#organization\",\"name\":\"Oy Noortrade Ab\",\"url\":\"https:\\\/\\\/shopnoorfi-wp31835.test.cchosting.fi\\\/\",\"logo\":{\"@type\":\"ImageObject\",\"inLanguage\":\"sv-SE\",\"@id\":\"https:\\\/\\\/shopnoorfi-wp31835.test.cchosting.fi\\\/#\\\/schema\\\/logo\\\/image\\\/\",\"url\":\"https:\\\/\\\/shop.noor.fi\\\/wp-content\\\/uploads\\\/2024\\\/01\\\/Oy-Noortrade-Ab-Corbel-VERSAL-bold-BLACK.png\",\"contentUrl\":\"https:\\\/\\\/shop.noor.fi\\\/wp-content\\\/uploads\\\/2024\\\/01\\\/Oy-Noortrade-Ab-Corbel-VERSAL-bold-BLACK.png\",\"width\":721,\"height\":177,\"caption\":\"Oy Noortrade Ab\"},\"image\":{\"@id\":\"https:\\\/\\\/shopnoorfi-wp31835.test.cchosting.fi\\\/#\\\/schema\\\/logo\\\/image\\\/\"}}]}<\/script>\n<!-- \/ Yoast SEO plugin. -->","yoast_head_json":{"title":"Morphoso bords-\/golvfl\u00e4kt vit - Oy Noortrade Ab","robots":{"index":"index","follow":"follow","max-snippet":"max-snippet:-1","max-image-preview":"max-image-preview:large","max-video-preview":"max-video-preview:-1"},"canonical":"https:\/\/shop.noor.fi\/sv\/produkt\/morphoso-bords-golvflakt-vit\/","og_locale":"sv_SE","og_type":"article","og_title":"Morphoso bords-\/golvfl\u00e4kt vit - Oy Noortrade Ab","og_description":"Laddbar bords-\/golvfl\u00e4kt. Kompakt storlek, bara 10 x 20 cm ihopf\u00e4llt. Teleskoparmen g\u00f6r att fl\u00e4kten \u00e4r justerbar i h\u00f6jd: 38 cm &#8211; 100 cm. Justerbar vinkel 180\u00b0. 3 fl\u00e4kthastigheter fr\u00e5n l\u00e5g till h\u00f6g. Anv\u00e4ndningstid fulladdat i upp till 20 timmar beroende p\u00e5 fl\u00e4kthastighet. Laddas med den medf\u00f6ljande USB-C -kabeln. IR fj\u00e4rrkontroll och flex USB LED-lampa ing\u00e5r. [&hellip;]","og_url":"https:\/\/shop.noor.fi\/sv\/produkt\/morphoso-bords-golvflakt-vit\/","og_site_name":"Oy Noortrade Ab","article_modified_time":"2026-01-09T14:04:49+00:00","og_image":[{"width":800,"height":800,"url":"https:\/\/shop.noor.fi\/wp-content\/uploads\/2023\/11\/7611453777000.jpg","type":"image\/jpeg"}],"twitter_card":"summary_large_image","schema":{"@context":"https:\/\/schema.org","@graph":[{"@type":"WebPage","@id":"https:\/\/shop.noor.fi\/sv\/produkt\/morphoso-bords-golvflakt-vit\/","url":"https:\/\/shop.noor.fi\/sv\/produkt\/morphoso-bords-golvflakt-vit\/","name":"Morphoso bords-\/golvfl\u00e4kt vit - Oy Noortrade Ab","isPartOf":{"@id":"https:\/\/shopnoorfi-wp31835.test.cchosting.fi\/#website"},"primaryImageOfPage":{"@id":"https:\/\/shop.noor.fi\/sv\/produkt\/morphoso-bords-golvflakt-vit\/#primaryimage"},"image":{"@id":"https:\/\/shop.noor.fi\/sv\/produkt\/morphoso-bords-golvflakt-vit\/#primaryimage"},"thumbnailUrl":"https:\/\/shop.noor.fi\/wp-content\/uploads\/2023\/11\/7611453777000.jpg","datePublished":"2023-11-01T11:15:00+00:00","dateModified":"2026-01-09T14:04:49+00:00","breadcrumb":{"@id":"https:\/\/shop.noor.fi\/sv\/produkt\/morphoso-bords-golvflakt-vit\/#breadcrumb"},"inLanguage":"sv-SE","potentialAction":[{"@type":"ReadAction","target":["https:\/\/shop.noor.fi\/sv\/produkt\/morphoso-bords-golvflakt-vit\/"]}]},{"@type":"ImageObject","inLanguage":"sv-SE","@id":"https:\/\/shop.noor.fi\/sv\/produkt\/morphoso-bords-golvflakt-vit\/#primaryimage","url":"https:\/\/shop.noor.fi\/wp-content\/uploads\/2023\/11\/7611453777000.jpg","contentUrl":"https:\/\/shop.noor.fi\/wp-content\/uploads\/2023\/11\/7611453777000.jpg","width":800,"height":800},{"@type":"BreadcrumbList","@id":"https:\/\/shop.noor.fi\/sv\/produkt\/morphoso-bords-golvflakt-vit\/#breadcrumb","itemListElement":[{"@type":"ListItem","position":1,"name":"Etusivu","item":"https:\/\/shop.noor.fi\/sv\/"},{"@type":"ListItem","position":2,"name":"Butik","item":"https:\/\/shopnoorfi-wp31835.test.cchosting.fi\/sv\/butik\/"},{"@type":"ListItem","position":3,"name":"Morphoso bords-\/golvfl\u00e4kt vit"}]},{"@type":"WebSite","@id":"https:\/\/shopnoorfi-wp31835.test.cchosting.fi\/#website","url":"https:\/\/shopnoorfi-wp31835.test.cchosting.fi\/","name":"Oy Noortrade Ab","description":"Finnish family owned company with over 30 years of professional experience in lighting &amp; interior products import and sales - reliably.","publisher":{"@id":"https:\/\/shopnoorfi-wp31835.test.cchosting.fi\/#organization"},"potentialAction":[{"@type":"SearchAction","target":{"@type":"EntryPoint","urlTemplate":"https:\/\/shopnoorfi-wp31835.test.cchosting.fi\/?s={search_term_string}"},"query-input":{"@type":"PropertyValueSpecification","valueRequired":true,"valueName":"search_term_string"}}],"inLanguage":"sv-SE"},{"@type":"Organization","@id":"https:\/\/shopnoorfi-wp31835.test.cchosting.fi\/#organization","name":"Oy Noortrade Ab","url":"https:\/\/shopnoorfi-wp31835.test.cchosting.fi\/","logo":{"@type":"ImageObject","inLanguage":"sv-SE","@id":"https:\/\/shopnoorfi-wp31835.test.cchosting.fi\/#\/schema\/logo\/image\/","url":"https:\/\/shop.noor.fi\/wp-content\/uploads\/2024\/01\/Oy-Noortrade-Ab-Corbel-VERSAL-bold-BLACK.png","contentUrl":"https:\/\/shop.noor.fi\/wp-content\/uploads\/2024\/01\/Oy-Noortrade-Ab-Corbel-VERSAL-bold-BLACK.png","width":721,"height":177,"caption":"Oy Noortrade Ab"},"image":{"@id":"https:\/\/shopnoorfi-wp31835.test.cchosting.fi\/#\/schema\/logo\/image\/"}}]}},"brands":[{"id":28739,"name":"Aiolos","slug":"aiolos"}],"_links":{"self":[{"href":"https:\/\/shop.noor.fi\/sv\/wp-json\/wp\/v2\/product\/105707","targetHints":{"allow":["GET"]}}],"collection":[{"href":"https:\/\/shop.noor.fi\/sv\/wp-json\/wp\/v2\/product"}],"about":[{"href":"https:\/\/shop.noor.fi\/sv\/wp-json\/wp\/v2\/types\/product"}],"replies":[{"embeddable":true,"href":"https:\/\/shop.noor.fi\/sv\/wp-json\/wp\/v2\/comments?post=105707"}],"wp:featuredmedia":[{"embeddable":true,"href":"https:\/\/shop.noor.fi\/sv\/wp-json\/wp\/v2\/media\/76404"}],"wp:attachment":[{"href":"https:\/\/shop.noor.fi\/sv\/wp-json\/wp\/v2\/media?parent=105707"}],"wp:term":[{"taxonomy":"pwb-brand","embeddable":true,"href":"https:\/\/shop.noor.fi\/sv\/wp-json\/wp\/v2\/pwb-brand?post=105707"},{"taxonomy":"product_brand","embeddable":true,"href":"https:\/\/shop.noor.fi\/sv\/wp-json\/wp\/v2\/product_brand?post=105707"},{"taxonomy":"product_cat","embeddable":true,"href":"https:\/\/shop.noor.fi\/sv\/wp-json\/wp\/v2\/product_cat?post=105707"},{"taxonomy":"product_tag","embeddable":true,"href":"https:\/\/shop.noor.fi\/sv\/wp-json\/wp\/v2\/product_tag?post=105707"}],"curies":[{"name":"wp","href":"https:\/\/api.w.org\/{rel}","templated":true}]}}