{"id":105680,"date":"2023-11-01T13:13:49","date_gmt":"2023-11-01T11:13:49","guid":{"rendered":"https:\/\/shop.noor.fi\/product\/polarbox-20l-aqua-classic\/"},"modified":"2026-04-22T23:45:14","modified_gmt":"2026-04-22T20:45:14","slug":"polarbox-20l-aqua-classic","status":"publish","type":"product","link":"https:\/\/shop.noor.fi\/sv\/produkt\/polarbox-20l-aqua-classic\/","title":{"rendered":"Polarbox 20L Aqua Classic"},"content":{"rendered":"<p>Tillg\u00e4nglig i april 2026. <\/p>\n<p>Polarbox \u00e4r en stilren och h\u00f6gklassig retro-vintage kylbox i h\u00e5rd plast med 20 liter kapacitet. Finns i l\u00e4ckra pastellf\u00e4rger. Polarbox h\u00e5ller mat och dryck i 5 &#8211; 15 grader i 24 timmar. Beh\u00e4ndig att ta med t.ex. till sommarstugan eller bilresor.<br \/>\nTillverkad av polypropylen, isolerad med Airpop-polystyren.<br \/>\nLocket kan tas bort och anv\u00e4ndas som en bricka. Kylboxen har ett stiligt handtag i l\u00e4der.<\/p>\n<p>M\u00e5tt: 47x302x289mm, vikt 1,3 kg.<\/p>\n<p>Tillverkad i Europa, i Spanien.<br \/>\nGaranti 24 kk.<\/p>\n<p>ISO 9001, ISO14001, BRC.<\/p>\n<p>Obs! En kylklamp beh\u00f6vs f\u00f6r att h\u00e5lla kylan.<\/p>\n","protected":false},"excerpt":{"rendered":"<p>Tillg\u00e4nglig i april 2026. Polarbox \u00e4r en stilren och h\u00f6gklassig retro-vintage kylbox i h\u00e5rd plast med 20 liter kapacitet. Finns i l\u00e4ckra pastellf\u00e4rger. Polarbox h\u00e5ller mat och dryck i 5 &#8211; 15 grader i 24 timmar. Beh\u00e4ndig att ta med t.ex. till sommarstugan eller bilresor. Tillverkad av polypropylen, isolerad med Airpop-polystyren. Locket kan tas bort [&hellip;]<\/p>\n","protected":false},"featured_media":76723,"comment_status":"open","ping_status":"closed","template":"","meta":{"_acf_changed":false,"_relevanssi_hide_post":"","_relevanssi_hide_content":"","_relevanssi_pin_for_all":"","_relevanssi_pin_keywords":"","_relevanssi_unpin_keywords":"","_relevanssi_related_keywords":"","_relevanssi_related_include_ids":"","_relevanssi_related_exclude_ids":"","_relevanssi_related_no_append":"","_relevanssi_related_not_related":"","_relevanssi_related_posts":"","_relevanssi_noindex_reason":""},"pwb-brand":[37490],"product_brand":[],"product_cat":[36168],"product_tag":[],"class_list":{"0":"post-105680","1":"product","2":"type-product","3":"status-publish","4":"has-post-thumbnail","6":"pwb-brand-polarbox-sv","7":"product_cat-polarbox-20l-sv","9":"first","10":"instock","11":"taxable","12":"shipping-taxable","13":"purchasable","14":"product-type-simple"},"acf":[],"yoast_head":"<!-- This site is optimized with the Yoast SEO plugin v27.5 - https:\/\/yoast.com\/product\/yoast-seo-wordpress\/ -->\n<title>Polarbox 20L Aqua Classic - Oy Noortrade Ab<\/title>\n<meta name=\"robots\" content=\"index, follow, max-snippet:-1, max-image-preview:large, max-video-preview:-1\" \/>\n<link rel=\"canonical\" href=\"https:\/\/shop.noor.fi\/produkt\/polarbox-20l-aqua-classic-2\/\" \/>\n<meta property=\"og:locale\" content=\"sv_SE\" \/>\n<meta property=\"og:type\" content=\"article\" \/>\n<meta property=\"og:title\" content=\"Polarbox 20L Aqua Classic - Oy Noortrade Ab\" \/>\n<meta property=\"og:description\" content=\"Tillg\u00e4nglig i april 2026. Polarbox \u00e4r en stilren och h\u00f6gklassig retro-vintage kylbox i h\u00e5rd plast med 20 liter kapacitet. Finns i l\u00e4ckra pastellf\u00e4rger. Polarbox h\u00e5ller mat och dryck i 5 &#8211; 15 grader i 24 timmar. Beh\u00e4ndig att ta med t.ex. till sommarstugan eller bilresor. Tillverkad av polypropylen, isolerad med Airpop-polystyren. Locket kan tas bort [&hellip;]\" \/>\n<meta property=\"og:url\" content=\"https:\/\/shop.noor.fi\/produkt\/polarbox-20l-aqua-classic-2\/\" \/>\n<meta property=\"og:site_name\" content=\"Oy Noortrade Ab\" \/>\n<meta property=\"article:modified_time\" content=\"2026-04-22T20:45:14+00:00\" \/>\n<meta property=\"og:image\" content=\"https:\/\/shop.noor.fi\/wp-content\/uploads\/2023\/11\/8436582992105.jpg\" \/>\n\t<meta property=\"og:image:width\" content=\"1440\" \/>\n\t<meta property=\"og:image:height\" content=\"1080\" \/>\n\t<meta property=\"og:image:type\" content=\"image\/jpeg\" \/>\n<meta name=\"twitter:card\" content=\"summary_large_image\" \/>\n<meta name=\"twitter:label1\" content=\"Ber\u00e4knad l\u00e4stid\" \/>\n\t<meta name=\"twitter:data1\" content=\"1 minut\" \/>\n<script type=\"application\/ld+json\" class=\"yoast-schema-graph\">{\"@context\":\"https:\\\/\\\/schema.org\",\"@graph\":[{\"@type\":\"WebPage\",\"@id\":\"https:\\\/\\\/shop.noor.fi\\\/produkt\\\/polarbox-20l-aqua-classic-2\\\/\",\"url\":\"https:\\\/\\\/shop.noor.fi\\\/produkt\\\/polarbox-20l-aqua-classic-2\\\/\",\"name\":\"Polarbox 20L Aqua Classic - Oy Noortrade Ab\",\"isPartOf\":{\"@id\":\"https:\\\/\\\/shopnoorfi-wp31835.test.cchosting.fi\\\/#website\"},\"primaryImageOfPage\":{\"@id\":\"https:\\\/\\\/shop.noor.fi\\\/produkt\\\/polarbox-20l-aqua-classic-2\\\/#primaryimage\"},\"image\":{\"@id\":\"https:\\\/\\\/shop.noor.fi\\\/produkt\\\/polarbox-20l-aqua-classic-2\\\/#primaryimage\"},\"thumbnailUrl\":\"https:\\\/\\\/shop.noor.fi\\\/wp-content\\\/uploads\\\/2023\\\/11\\\/8436582992105.jpg\",\"datePublished\":\"2023-11-01T11:13:49+00:00\",\"dateModified\":\"2026-04-22T20:45:14+00:00\",\"breadcrumb\":{\"@id\":\"https:\\\/\\\/shop.noor.fi\\\/produkt\\\/polarbox-20l-aqua-classic-2\\\/#breadcrumb\"},\"inLanguage\":\"sv-SE\",\"potentialAction\":[{\"@type\":\"ReadAction\",\"target\":[\"https:\\\/\\\/shop.noor.fi\\\/produkt\\\/polarbox-20l-aqua-classic-2\\\/\"]}]},{\"@type\":\"ImageObject\",\"inLanguage\":\"sv-SE\",\"@id\":\"https:\\\/\\\/shop.noor.fi\\\/produkt\\\/polarbox-20l-aqua-classic-2\\\/#primaryimage\",\"url\":\"https:\\\/\\\/shop.noor.fi\\\/wp-content\\\/uploads\\\/2023\\\/11\\\/8436582992105.jpg\",\"contentUrl\":\"https:\\\/\\\/shop.noor.fi\\\/wp-content\\\/uploads\\\/2023\\\/11\\\/8436582992105.jpg\",\"width\":1440,\"height\":1080},{\"@type\":\"BreadcrumbList\",\"@id\":\"https:\\\/\\\/shop.noor.fi\\\/produkt\\\/polarbox-20l-aqua-classic-2\\\/#breadcrumb\",\"itemListElement\":[{\"@type\":\"ListItem\",\"position\":1,\"name\":\"Etusivu\",\"item\":\"https:\\\/\\\/shop.noor.fi\\\/sv\\\/\"},{\"@type\":\"ListItem\",\"position\":2,\"name\":\"Butik\",\"item\":\"https:\\\/\\\/shopnoorfi-wp31835.test.cchosting.fi\\\/sv\\\/butik\\\/\"},{\"@type\":\"ListItem\",\"position\":3,\"name\":\"Polarbox 20L Aqua Classic\"}]},{\"@type\":\"WebSite\",\"@id\":\"https:\\\/\\\/shopnoorfi-wp31835.test.cchosting.fi\\\/#website\",\"url\":\"https:\\\/\\\/shopnoorfi-wp31835.test.cchosting.fi\\\/\",\"name\":\"Oy Noortrade Ab\",\"description\":\"Finnish family owned company with over 30 years of professional experience in lighting &amp; interior products import and sales - reliably.\",\"publisher\":{\"@id\":\"https:\\\/\\\/shopnoorfi-wp31835.test.cchosting.fi\\\/#organization\"},\"potentialAction\":[{\"@type\":\"SearchAction\",\"target\":{\"@type\":\"EntryPoint\",\"urlTemplate\":\"https:\\\/\\\/shopnoorfi-wp31835.test.cchosting.fi\\\/?s={search_term_string}\"},\"query-input\":{\"@type\":\"PropertyValueSpecification\",\"valueRequired\":true,\"valueName\":\"search_term_string\"}}],\"inLanguage\":\"sv-SE\"},{\"@type\":\"Organization\",\"@id\":\"https:\\\/\\\/shopnoorfi-wp31835.test.cchosting.fi\\\/#organization\",\"name\":\"Oy Noortrade Ab\",\"url\":\"https:\\\/\\\/shopnoorfi-wp31835.test.cchosting.fi\\\/\",\"logo\":{\"@type\":\"ImageObject\",\"inLanguage\":\"sv-SE\",\"@id\":\"https:\\\/\\\/shopnoorfi-wp31835.test.cchosting.fi\\\/#\\\/schema\\\/logo\\\/image\\\/\",\"url\":\"https:\\\/\\\/shop.noor.fi\\\/wp-content\\\/uploads\\\/2024\\\/01\\\/Oy-Noortrade-Ab-Corbel-VERSAL-bold-BLACK.png\",\"contentUrl\":\"https:\\\/\\\/shop.noor.fi\\\/wp-content\\\/uploads\\\/2024\\\/01\\\/Oy-Noortrade-Ab-Corbel-VERSAL-bold-BLACK.png\",\"width\":721,\"height\":177,\"caption\":\"Oy Noortrade Ab\"},\"image\":{\"@id\":\"https:\\\/\\\/shopnoorfi-wp31835.test.cchosting.fi\\\/#\\\/schema\\\/logo\\\/image\\\/\"}}]}<\/script>\n<!-- \/ Yoast SEO plugin. -->","yoast_head_json":{"title":"Polarbox 20L Aqua Classic - Oy Noortrade Ab","robots":{"index":"index","follow":"follow","max-snippet":"max-snippet:-1","max-image-preview":"max-image-preview:large","max-video-preview":"max-video-preview:-1"},"canonical":"https:\/\/shop.noor.fi\/produkt\/polarbox-20l-aqua-classic-2\/","og_locale":"sv_SE","og_type":"article","og_title":"Polarbox 20L Aqua Classic - Oy Noortrade Ab","og_description":"Tillg\u00e4nglig i april 2026. Polarbox \u00e4r en stilren och h\u00f6gklassig retro-vintage kylbox i h\u00e5rd plast med 20 liter kapacitet. Finns i l\u00e4ckra pastellf\u00e4rger. Polarbox h\u00e5ller mat och dryck i 5 &#8211; 15 grader i 24 timmar. Beh\u00e4ndig att ta med t.ex. till sommarstugan eller bilresor. Tillverkad av polypropylen, isolerad med Airpop-polystyren. Locket kan tas bort [&hellip;]","og_url":"https:\/\/shop.noor.fi\/produkt\/polarbox-20l-aqua-classic-2\/","og_site_name":"Oy Noortrade Ab","article_modified_time":"2026-04-22T20:45:14+00:00","og_image":[{"width":1440,"height":1080,"url":"https:\/\/shop.noor.fi\/wp-content\/uploads\/2023\/11\/8436582992105.jpg","type":"image\/jpeg"}],"twitter_card":"summary_large_image","twitter_misc":{"Ber\u00e4knad l\u00e4stid":"1 minut"},"schema":{"@context":"https:\/\/schema.org","@graph":[{"@type":"WebPage","@id":"https:\/\/shop.noor.fi\/produkt\/polarbox-20l-aqua-classic-2\/","url":"https:\/\/shop.noor.fi\/produkt\/polarbox-20l-aqua-classic-2\/","name":"Polarbox 20L Aqua Classic - Oy Noortrade Ab","isPartOf":{"@id":"https:\/\/shopnoorfi-wp31835.test.cchosting.fi\/#website"},"primaryImageOfPage":{"@id":"https:\/\/shop.noor.fi\/produkt\/polarbox-20l-aqua-classic-2\/#primaryimage"},"image":{"@id":"https:\/\/shop.noor.fi\/produkt\/polarbox-20l-aqua-classic-2\/#primaryimage"},"thumbnailUrl":"https:\/\/shop.noor.fi\/wp-content\/uploads\/2023\/11\/8436582992105.jpg","datePublished":"2023-11-01T11:13:49+00:00","dateModified":"2026-04-22T20:45:14+00:00","breadcrumb":{"@id":"https:\/\/shop.noor.fi\/produkt\/polarbox-20l-aqua-classic-2\/#breadcrumb"},"inLanguage":"sv-SE","potentialAction":[{"@type":"ReadAction","target":["https:\/\/shop.noor.fi\/produkt\/polarbox-20l-aqua-classic-2\/"]}]},{"@type":"ImageObject","inLanguage":"sv-SE","@id":"https:\/\/shop.noor.fi\/produkt\/polarbox-20l-aqua-classic-2\/#primaryimage","url":"https:\/\/shop.noor.fi\/wp-content\/uploads\/2023\/11\/8436582992105.jpg","contentUrl":"https:\/\/shop.noor.fi\/wp-content\/uploads\/2023\/11\/8436582992105.jpg","width":1440,"height":1080},{"@type":"BreadcrumbList","@id":"https:\/\/shop.noor.fi\/produkt\/polarbox-20l-aqua-classic-2\/#breadcrumb","itemListElement":[{"@type":"ListItem","position":1,"name":"Etusivu","item":"https:\/\/shop.noor.fi\/sv\/"},{"@type":"ListItem","position":2,"name":"Butik","item":"https:\/\/shopnoorfi-wp31835.test.cchosting.fi\/sv\/butik\/"},{"@type":"ListItem","position":3,"name":"Polarbox 20L Aqua Classic"}]},{"@type":"WebSite","@id":"https:\/\/shopnoorfi-wp31835.test.cchosting.fi\/#website","url":"https:\/\/shopnoorfi-wp31835.test.cchosting.fi\/","name":"Oy Noortrade Ab","description":"Finnish family owned company with over 30 years of professional experience in lighting &amp; interior products import and sales - reliably.","publisher":{"@id":"https:\/\/shopnoorfi-wp31835.test.cchosting.fi\/#organization"},"potentialAction":[{"@type":"SearchAction","target":{"@type":"EntryPoint","urlTemplate":"https:\/\/shopnoorfi-wp31835.test.cchosting.fi\/?s={search_term_string}"},"query-input":{"@type":"PropertyValueSpecification","valueRequired":true,"valueName":"search_term_string"}}],"inLanguage":"sv-SE"},{"@type":"Organization","@id":"https:\/\/shopnoorfi-wp31835.test.cchosting.fi\/#organization","name":"Oy Noortrade Ab","url":"https:\/\/shopnoorfi-wp31835.test.cchosting.fi\/","logo":{"@type":"ImageObject","inLanguage":"sv-SE","@id":"https:\/\/shopnoorfi-wp31835.test.cchosting.fi\/#\/schema\/logo\/image\/","url":"https:\/\/shop.noor.fi\/wp-content\/uploads\/2024\/01\/Oy-Noortrade-Ab-Corbel-VERSAL-bold-BLACK.png","contentUrl":"https:\/\/shop.noor.fi\/wp-content\/uploads\/2024\/01\/Oy-Noortrade-Ab-Corbel-VERSAL-bold-BLACK.png","width":721,"height":177,"caption":"Oy Noortrade Ab"},"image":{"@id":"https:\/\/shopnoorfi-wp31835.test.cchosting.fi\/#\/schema\/logo\/image\/"}}]}},"brands":[{"id":37490,"name":"Polarbox","slug":"polarbox-sv"}],"_links":{"self":[{"href":"https:\/\/shop.noor.fi\/sv\/wp-json\/wp\/v2\/product\/105680","targetHints":{"allow":["GET"]}}],"collection":[{"href":"https:\/\/shop.noor.fi\/sv\/wp-json\/wp\/v2\/product"}],"about":[{"href":"https:\/\/shop.noor.fi\/sv\/wp-json\/wp\/v2\/types\/product"}],"replies":[{"embeddable":true,"href":"https:\/\/shop.noor.fi\/sv\/wp-json\/wp\/v2\/comments?post=105680"}],"wp:featuredmedia":[{"embeddable":true,"href":"https:\/\/shop.noor.fi\/sv\/wp-json\/wp\/v2\/media\/76723"}],"wp:attachment":[{"href":"https:\/\/shop.noor.fi\/sv\/wp-json\/wp\/v2\/media?parent=105680"}],"wp:term":[{"taxonomy":"pwb-brand","embeddable":true,"href":"https:\/\/shop.noor.fi\/sv\/wp-json\/wp\/v2\/pwb-brand?post=105680"},{"taxonomy":"product_brand","embeddable":true,"href":"https:\/\/shop.noor.fi\/sv\/wp-json\/wp\/v2\/product_brand?post=105680"},{"taxonomy":"product_cat","embeddable":true,"href":"https:\/\/shop.noor.fi\/sv\/wp-json\/wp\/v2\/product_cat?post=105680"},{"taxonomy":"product_tag","embeddable":true,"href":"https:\/\/shop.noor.fi\/sv\/wp-json\/wp\/v2\/product_tag?post=105680"}],"curies":[{"name":"wp","href":"https:\/\/api.w.org\/{rel}","templated":true}]}}