{"id":104554,"date":"2023-12-29T11:45:19","date_gmt":"2023-12-29T09:45:19","guid":{"rendered":"https:\/\/shop.noor.fi\/product\/bright-kopplingsbar-ljusslinga-72-m-start\/"},"modified":"2026-01-20T18:01:58","modified_gmt":"2026-01-20T16:01:58","slug":"bright-kopplingsbar-ljusslinga-72-m-start","status":"publish","type":"product","link":"https:\/\/shop.noor.fi\/sv\/produkt\/bright-kopplingsbar-ljusslinga-72-m-start\/","title":{"rendered":"Bright kopplingsbar ljusslinga 7,2 m Start"},"content":{"rendered":"<p>7,2 meter l\u00e5ng kopplingsbar ljusslinga med 10 st E27 lamph\u00e5llare. Slingan har en stickkontakt p\u00e5 ena sida och en honakontakt p\u00e5 andra sida f\u00f6r vidarekoppling. Avst\u00e5nd mellan lamporna \u00e4r 50 cm och 250 cm fr\u00e5n stickkontakt till f\u00f6rsta lamph\u00e5llaren.<br \/>\nMan kan koppla ihop som max med ytterligare 9 ljusslingor (PR-2397299), allts\u00e5 totalt maximalt 100 lamph\u00e5llare.<br \/>\nE27, max 10 x 15W. Ljusk\u00e4llor ing\u00e5r ej.<\/p>\n","protected":false},"excerpt":{"rendered":"<p>7,2 meter l\u00e5ng kopplingsbar ljusslinga med 10 st E27 lamph\u00e5llare. Slingan har en stickkontakt p\u00e5 ena sida och en honakontakt p\u00e5 andra sida f\u00f6r vidarekoppling. Avst\u00e5nd mellan lamporna \u00e4r 50 cm och 250 cm fr\u00e5n stickkontakt till f\u00f6rsta lamph\u00e5llaren. Man kan koppla ihop som max med ytterligare 9 ljusslingor (PR-2397299), allts\u00e5 totalt maximalt 100 lamph\u00e5llare. [&hellip;]<\/p>\n","protected":false},"featured_media":79593,"comment_status":"open","ping_status":"closed","template":"","meta":{"_acf_changed":false,"_relevanssi_hide_post":"","_relevanssi_hide_content":"","_relevanssi_pin_for_all":"","_relevanssi_pin_keywords":"","_relevanssi_unpin_keywords":"","_relevanssi_related_keywords":"","_relevanssi_related_include_ids":"","_relevanssi_related_exclude_ids":"","_relevanssi_related_no_append":"","_relevanssi_related_not_related":"","_relevanssi_related_posts":"","_relevanssi_noindex_reason":""},"pwb-brand":[28732],"product_brand":[],"product_cat":[32090],"product_tag":[],"class_list":{"0":"post-104554","1":"product","2":"type-product","3":"status-publish","4":"has-post-thumbnail","6":"pwb-brand-pr-home","7":"product_cat-partyslingor","9":"first","10":"onbackorder","11":"taxable","12":"shipping-taxable","13":"purchasable","14":"product-type-simple"},"acf":[],"yoast_head":"<!-- This site is optimized with the Yoast SEO plugin v27.5 - https:\/\/yoast.com\/product\/yoast-seo-wordpress\/ -->\n<title>Bright kopplingsbar ljusslinga 7,2 m Start - Oy Noortrade Ab<\/title>\n<meta name=\"robots\" content=\"index, follow, max-snippet:-1, max-image-preview:large, max-video-preview:-1\" \/>\n<link rel=\"canonical\" href=\"https:\/\/shop.noor.fi\/sv\/produkt\/bright-kopplingsbar-ljusslinga-72-m-start\/\" \/>\n<meta property=\"og:locale\" content=\"sv_SE\" \/>\n<meta property=\"og:type\" content=\"article\" \/>\n<meta property=\"og:title\" content=\"Bright kopplingsbar ljusslinga 7,2 m Start - Oy Noortrade Ab\" \/>\n<meta property=\"og:description\" content=\"7,2 meter l\u00e5ng kopplingsbar ljusslinga med 10 st E27 lamph\u00e5llare. Slingan har en stickkontakt p\u00e5 ena sida och en honakontakt p\u00e5 andra sida f\u00f6r vidarekoppling. Avst\u00e5nd mellan lamporna \u00e4r 50 cm och 250 cm fr\u00e5n stickkontakt till f\u00f6rsta lamph\u00e5llaren. Man kan koppla ihop som max med ytterligare 9 ljusslingor (PR-2397299), allts\u00e5 totalt maximalt 100 lamph\u00e5llare. [&hellip;]\" \/>\n<meta property=\"og:url\" content=\"https:\/\/shop.noor.fi\/sv\/produkt\/bright-kopplingsbar-ljusslinga-72-m-start\/\" \/>\n<meta property=\"og:site_name\" content=\"Oy Noortrade Ab\" \/>\n<meta property=\"article:modified_time\" content=\"2026-01-20T16:01:58+00:00\" \/>\n<meta property=\"og:image\" content=\"https:\/\/shop.noor.fi\/wp-content\/uploads\/2024\/01\/7330976139620-scaled.jpg\" \/>\n\t<meta property=\"og:image:width\" content=\"1920\" \/>\n\t<meta property=\"og:image:height\" content=\"2560\" \/>\n\t<meta property=\"og:image:type\" content=\"image\/jpeg\" \/>\n<meta name=\"twitter:card\" content=\"summary_large_image\" \/>\n<script type=\"application\/ld+json\" class=\"yoast-schema-graph\">{\"@context\":\"https:\\\/\\\/schema.org\",\"@graph\":[{\"@type\":\"WebPage\",\"@id\":\"https:\\\/\\\/shop.noor.fi\\\/sv\\\/produkt\\\/bright-kopplingsbar-ljusslinga-72-m-start\\\/\",\"url\":\"https:\\\/\\\/shop.noor.fi\\\/sv\\\/produkt\\\/bright-kopplingsbar-ljusslinga-72-m-start\\\/\",\"name\":\"Bright kopplingsbar ljusslinga 7,2 m Start - Oy Noortrade Ab\",\"isPartOf\":{\"@id\":\"https:\\\/\\\/shopnoorfi-wp31835.test.cchosting.fi\\\/#website\"},\"primaryImageOfPage\":{\"@id\":\"https:\\\/\\\/shop.noor.fi\\\/sv\\\/produkt\\\/bright-kopplingsbar-ljusslinga-72-m-start\\\/#primaryimage\"},\"image\":{\"@id\":\"https:\\\/\\\/shop.noor.fi\\\/sv\\\/produkt\\\/bright-kopplingsbar-ljusslinga-72-m-start\\\/#primaryimage\"},\"thumbnailUrl\":\"https:\\\/\\\/shop.noor.fi\\\/wp-content\\\/uploads\\\/2024\\\/01\\\/7330976139620-scaled.jpg\",\"datePublished\":\"2023-12-29T09:45:19+00:00\",\"dateModified\":\"2026-01-20T16:01:58+00:00\",\"breadcrumb\":{\"@id\":\"https:\\\/\\\/shop.noor.fi\\\/sv\\\/produkt\\\/bright-kopplingsbar-ljusslinga-72-m-start\\\/#breadcrumb\"},\"inLanguage\":\"sv-SE\",\"potentialAction\":[{\"@type\":\"ReadAction\",\"target\":[\"https:\\\/\\\/shop.noor.fi\\\/sv\\\/produkt\\\/bright-kopplingsbar-ljusslinga-72-m-start\\\/\"]}]},{\"@type\":\"ImageObject\",\"inLanguage\":\"sv-SE\",\"@id\":\"https:\\\/\\\/shop.noor.fi\\\/sv\\\/produkt\\\/bright-kopplingsbar-ljusslinga-72-m-start\\\/#primaryimage\",\"url\":\"https:\\\/\\\/shop.noor.fi\\\/wp-content\\\/uploads\\\/2024\\\/01\\\/7330976139620-scaled.jpg\",\"contentUrl\":\"https:\\\/\\\/shop.noor.fi\\\/wp-content\\\/uploads\\\/2024\\\/01\\\/7330976139620-scaled.jpg\",\"width\":1920,\"height\":2560},{\"@type\":\"BreadcrumbList\",\"@id\":\"https:\\\/\\\/shop.noor.fi\\\/sv\\\/produkt\\\/bright-kopplingsbar-ljusslinga-72-m-start\\\/#breadcrumb\",\"itemListElement\":[{\"@type\":\"ListItem\",\"position\":1,\"name\":\"Etusivu\",\"item\":\"https:\\\/\\\/shop.noor.fi\\\/sv\\\/\"},{\"@type\":\"ListItem\",\"position\":2,\"name\":\"Butik\",\"item\":\"https:\\\/\\\/shopnoorfi-wp31835.test.cchosting.fi\\\/sv\\\/butik\\\/\"},{\"@type\":\"ListItem\",\"position\":3,\"name\":\"Bright kopplingsbar ljusslinga 7,2 m Start\"}]},{\"@type\":\"WebSite\",\"@id\":\"https:\\\/\\\/shopnoorfi-wp31835.test.cchosting.fi\\\/#website\",\"url\":\"https:\\\/\\\/shopnoorfi-wp31835.test.cchosting.fi\\\/\",\"name\":\"Oy Noortrade Ab\",\"description\":\"Finnish family owned company with over 30 years of professional experience in lighting &amp; interior products import and sales - reliably.\",\"publisher\":{\"@id\":\"https:\\\/\\\/shopnoorfi-wp31835.test.cchosting.fi\\\/#organization\"},\"potentialAction\":[{\"@type\":\"SearchAction\",\"target\":{\"@type\":\"EntryPoint\",\"urlTemplate\":\"https:\\\/\\\/shopnoorfi-wp31835.test.cchosting.fi\\\/?s={search_term_string}\"},\"query-input\":{\"@type\":\"PropertyValueSpecification\",\"valueRequired\":true,\"valueName\":\"search_term_string\"}}],\"inLanguage\":\"sv-SE\"},{\"@type\":\"Organization\",\"@id\":\"https:\\\/\\\/shopnoorfi-wp31835.test.cchosting.fi\\\/#organization\",\"name\":\"Oy Noortrade Ab\",\"url\":\"https:\\\/\\\/shopnoorfi-wp31835.test.cchosting.fi\\\/\",\"logo\":{\"@type\":\"ImageObject\",\"inLanguage\":\"sv-SE\",\"@id\":\"https:\\\/\\\/shopnoorfi-wp31835.test.cchosting.fi\\\/#\\\/schema\\\/logo\\\/image\\\/\",\"url\":\"https:\\\/\\\/shop.noor.fi\\\/wp-content\\\/uploads\\\/2024\\\/01\\\/Oy-Noortrade-Ab-Corbel-VERSAL-bold-BLACK.png\",\"contentUrl\":\"https:\\\/\\\/shop.noor.fi\\\/wp-content\\\/uploads\\\/2024\\\/01\\\/Oy-Noortrade-Ab-Corbel-VERSAL-bold-BLACK.png\",\"width\":721,\"height\":177,\"caption\":\"Oy Noortrade Ab\"},\"image\":{\"@id\":\"https:\\\/\\\/shopnoorfi-wp31835.test.cchosting.fi\\\/#\\\/schema\\\/logo\\\/image\\\/\"}}]}<\/script>\n<!-- \/ Yoast SEO plugin. -->","yoast_head_json":{"title":"Bright kopplingsbar ljusslinga 7,2 m Start - Oy Noortrade Ab","robots":{"index":"index","follow":"follow","max-snippet":"max-snippet:-1","max-image-preview":"max-image-preview:large","max-video-preview":"max-video-preview:-1"},"canonical":"https:\/\/shop.noor.fi\/sv\/produkt\/bright-kopplingsbar-ljusslinga-72-m-start\/","og_locale":"sv_SE","og_type":"article","og_title":"Bright kopplingsbar ljusslinga 7,2 m Start - Oy Noortrade Ab","og_description":"7,2 meter l\u00e5ng kopplingsbar ljusslinga med 10 st E27 lamph\u00e5llare. Slingan har en stickkontakt p\u00e5 ena sida och en honakontakt p\u00e5 andra sida f\u00f6r vidarekoppling. Avst\u00e5nd mellan lamporna \u00e4r 50 cm och 250 cm fr\u00e5n stickkontakt till f\u00f6rsta lamph\u00e5llaren. Man kan koppla ihop som max med ytterligare 9 ljusslingor (PR-2397299), allts\u00e5 totalt maximalt 100 lamph\u00e5llare. [&hellip;]","og_url":"https:\/\/shop.noor.fi\/sv\/produkt\/bright-kopplingsbar-ljusslinga-72-m-start\/","og_site_name":"Oy Noortrade Ab","article_modified_time":"2026-01-20T16:01:58+00:00","og_image":[{"width":1920,"height":2560,"url":"https:\/\/shop.noor.fi\/wp-content\/uploads\/2024\/01\/7330976139620-scaled.jpg","type":"image\/jpeg"}],"twitter_card":"summary_large_image","schema":{"@context":"https:\/\/schema.org","@graph":[{"@type":"WebPage","@id":"https:\/\/shop.noor.fi\/sv\/produkt\/bright-kopplingsbar-ljusslinga-72-m-start\/","url":"https:\/\/shop.noor.fi\/sv\/produkt\/bright-kopplingsbar-ljusslinga-72-m-start\/","name":"Bright kopplingsbar ljusslinga 7,2 m Start - Oy Noortrade Ab","isPartOf":{"@id":"https:\/\/shopnoorfi-wp31835.test.cchosting.fi\/#website"},"primaryImageOfPage":{"@id":"https:\/\/shop.noor.fi\/sv\/produkt\/bright-kopplingsbar-ljusslinga-72-m-start\/#primaryimage"},"image":{"@id":"https:\/\/shop.noor.fi\/sv\/produkt\/bright-kopplingsbar-ljusslinga-72-m-start\/#primaryimage"},"thumbnailUrl":"https:\/\/shop.noor.fi\/wp-content\/uploads\/2024\/01\/7330976139620-scaled.jpg","datePublished":"2023-12-29T09:45:19+00:00","dateModified":"2026-01-20T16:01:58+00:00","breadcrumb":{"@id":"https:\/\/shop.noor.fi\/sv\/produkt\/bright-kopplingsbar-ljusslinga-72-m-start\/#breadcrumb"},"inLanguage":"sv-SE","potentialAction":[{"@type":"ReadAction","target":["https:\/\/shop.noor.fi\/sv\/produkt\/bright-kopplingsbar-ljusslinga-72-m-start\/"]}]},{"@type":"ImageObject","inLanguage":"sv-SE","@id":"https:\/\/shop.noor.fi\/sv\/produkt\/bright-kopplingsbar-ljusslinga-72-m-start\/#primaryimage","url":"https:\/\/shop.noor.fi\/wp-content\/uploads\/2024\/01\/7330976139620-scaled.jpg","contentUrl":"https:\/\/shop.noor.fi\/wp-content\/uploads\/2024\/01\/7330976139620-scaled.jpg","width":1920,"height":2560},{"@type":"BreadcrumbList","@id":"https:\/\/shop.noor.fi\/sv\/produkt\/bright-kopplingsbar-ljusslinga-72-m-start\/#breadcrumb","itemListElement":[{"@type":"ListItem","position":1,"name":"Etusivu","item":"https:\/\/shop.noor.fi\/sv\/"},{"@type":"ListItem","position":2,"name":"Butik","item":"https:\/\/shopnoorfi-wp31835.test.cchosting.fi\/sv\/butik\/"},{"@type":"ListItem","position":3,"name":"Bright kopplingsbar ljusslinga 7,2 m Start"}]},{"@type":"WebSite","@id":"https:\/\/shopnoorfi-wp31835.test.cchosting.fi\/#website","url":"https:\/\/shopnoorfi-wp31835.test.cchosting.fi\/","name":"Oy Noortrade Ab","description":"Finnish family owned company with over 30 years of professional experience in lighting &amp; interior products import and sales - reliably.","publisher":{"@id":"https:\/\/shopnoorfi-wp31835.test.cchosting.fi\/#organization"},"potentialAction":[{"@type":"SearchAction","target":{"@type":"EntryPoint","urlTemplate":"https:\/\/shopnoorfi-wp31835.test.cchosting.fi\/?s={search_term_string}"},"query-input":{"@type":"PropertyValueSpecification","valueRequired":true,"valueName":"search_term_string"}}],"inLanguage":"sv-SE"},{"@type":"Organization","@id":"https:\/\/shopnoorfi-wp31835.test.cchosting.fi\/#organization","name":"Oy Noortrade Ab","url":"https:\/\/shopnoorfi-wp31835.test.cchosting.fi\/","logo":{"@type":"ImageObject","inLanguage":"sv-SE","@id":"https:\/\/shopnoorfi-wp31835.test.cchosting.fi\/#\/schema\/logo\/image\/","url":"https:\/\/shop.noor.fi\/wp-content\/uploads\/2024\/01\/Oy-Noortrade-Ab-Corbel-VERSAL-bold-BLACK.png","contentUrl":"https:\/\/shop.noor.fi\/wp-content\/uploads\/2024\/01\/Oy-Noortrade-Ab-Corbel-VERSAL-bold-BLACK.png","width":721,"height":177,"caption":"Oy Noortrade Ab"},"image":{"@id":"https:\/\/shopnoorfi-wp31835.test.cchosting.fi\/#\/schema\/logo\/image\/"}}]}},"brands":[{"id":28732,"name":"PR Home","slug":"pr-home"}],"_links":{"self":[{"href":"https:\/\/shop.noor.fi\/sv\/wp-json\/wp\/v2\/product\/104554","targetHints":{"allow":["GET"]}}],"collection":[{"href":"https:\/\/shop.noor.fi\/sv\/wp-json\/wp\/v2\/product"}],"about":[{"href":"https:\/\/shop.noor.fi\/sv\/wp-json\/wp\/v2\/types\/product"}],"replies":[{"embeddable":true,"href":"https:\/\/shop.noor.fi\/sv\/wp-json\/wp\/v2\/comments?post=104554"}],"wp:featuredmedia":[{"embeddable":true,"href":"https:\/\/shop.noor.fi\/sv\/wp-json\/wp\/v2\/media\/79593"}],"wp:attachment":[{"href":"https:\/\/shop.noor.fi\/sv\/wp-json\/wp\/v2\/media?parent=104554"}],"wp:term":[{"taxonomy":"pwb-brand","embeddable":true,"href":"https:\/\/shop.noor.fi\/sv\/wp-json\/wp\/v2\/pwb-brand?post=104554"},{"taxonomy":"product_brand","embeddable":true,"href":"https:\/\/shop.noor.fi\/sv\/wp-json\/wp\/v2\/product_brand?post=104554"},{"taxonomy":"product_cat","embeddable":true,"href":"https:\/\/shop.noor.fi\/sv\/wp-json\/wp\/v2\/product_cat?post=104554"},{"taxonomy":"product_tag","embeddable":true,"href":"https:\/\/shop.noor.fi\/sv\/wp-json\/wp\/v2\/product_tag?post=104554"}],"curies":[{"name":"wp","href":"https:\/\/api.w.org\/{rel}","templated":true}]}}