{"id":104128,"date":"2023-12-29T09:30:15","date_gmt":"2023-12-29T07:30:15","guid":{"rendered":"https:\/\/shop.noor.fi\/product\/flex-out-ljusslinga-65-m-5-x-lisen-skarm\/"},"modified":"2026-01-20T18:01:30","modified_gmt":"2026-01-20T16:01:30","slug":"flex-out-ljusslinga-65-m-5-x-lisen-skarm","status":"publish","type":"product","link":"https:\/\/shop.noor.fi\/sv\/produkt\/flex-out-ljusslinga-65-m-5-x-lisen-skarm\/","title":{"rendered":"Flex Out ljusslinga 6,5 m + 5 x Lisen-sk\u00e4rm"},"content":{"rendered":"<p>6,5 meter l\u00e5ng ljusslinga f\u00f6r utomhusbruk med fem Lisen utomhussk\u00e4rmar. Sk\u00e4rmarna har en klassisk korgfl\u00e4tning d\u00e4r har blandats de konstgjorda plastmaterialen rotting och vattenhyacint. De konstgjorda materialen \u00e4r av \u00e5tervunnan plast, som klarar v\u00e4der och vind. Den fl\u00e4tade strukturen skapar ett vackert ljusspel.<br \/>\nAvst\u00e5nd mellan lampor \u00e4r 80 cm och det \u00e4r 15 cm fr\u00e5n T-koppling ner till sk\u00e4rmring.<br \/>\nE27, max 5 x 15W. Ljusk\u00e4llor ing\u00e5r ej.<br \/>\nSladdl\u00e4ngd 200 cm.<\/p>\n","protected":false},"excerpt":{"rendered":"<p>6,5 meter l\u00e5ng ljusslinga f\u00f6r utomhusbruk med fem Lisen utomhussk\u00e4rmar. Sk\u00e4rmarna har en klassisk korgfl\u00e4tning d\u00e4r har blandats de konstgjorda plastmaterialen rotting och vattenhyacint. De konstgjorda materialen \u00e4r av \u00e5tervunnan plast, som klarar v\u00e4der och vind. Den fl\u00e4tade strukturen skapar ett vackert ljusspel. Avst\u00e5nd mellan lampor \u00e4r 80 cm och det \u00e4r 15 cm fr\u00e5n [&hellip;]<\/p>\n","protected":false},"featured_media":79282,"comment_status":"open","ping_status":"closed","template":"","meta":{"_acf_changed":false,"_relevanssi_hide_post":"","_relevanssi_hide_content":"","_relevanssi_pin_for_all":"","_relevanssi_pin_keywords":"","_relevanssi_unpin_keywords":"","_relevanssi_related_keywords":"","_relevanssi_related_include_ids":"","_relevanssi_related_exclude_ids":"","_relevanssi_related_no_append":"","_relevanssi_related_not_related":"","_relevanssi_related_posts":"","_relevanssi_noindex_reason":""},"pwb-brand":[28732],"product_brand":[],"product_cat":[32090],"product_tag":[],"class_list":{"0":"post-104128","1":"product","2":"type-product","3":"status-publish","4":"has-post-thumbnail","6":"pwb-brand-pr-home","7":"product_cat-partyslingor","9":"first","10":"onbackorder","11":"taxable","12":"shipping-taxable","13":"purchasable","14":"product-type-simple"},"acf":[],"yoast_head":"<!-- This site is optimized with the Yoast SEO plugin v27.5 - https:\/\/yoast.com\/product\/yoast-seo-wordpress\/ -->\n<title>Flex Out ljusslinga 6,5 m + 5 x Lisen-sk\u00e4rm - Oy Noortrade Ab<\/title>\n<meta name=\"robots\" content=\"index, follow, max-snippet:-1, max-image-preview:large, max-video-preview:-1\" \/>\n<link rel=\"canonical\" href=\"https:\/\/shop.noor.fi\/sv\/produkt\/flex-out-ljusslinga-65-m-5-x-lisen-skarm\/\" \/>\n<meta property=\"og:locale\" content=\"sv_SE\" \/>\n<meta property=\"og:type\" content=\"article\" \/>\n<meta property=\"og:title\" content=\"Flex Out ljusslinga 6,5 m + 5 x Lisen-sk\u00e4rm - Oy Noortrade Ab\" \/>\n<meta property=\"og:description\" content=\"6,5 meter l\u00e5ng ljusslinga f\u00f6r utomhusbruk med fem Lisen utomhussk\u00e4rmar. Sk\u00e4rmarna har en klassisk korgfl\u00e4tning d\u00e4r har blandats de konstgjorda plastmaterialen rotting och vattenhyacint. De konstgjorda materialen \u00e4r av \u00e5tervunnan plast, som klarar v\u00e4der och vind. Den fl\u00e4tade strukturen skapar ett vackert ljusspel. Avst\u00e5nd mellan lampor \u00e4r 80 cm och det \u00e4r 15 cm fr\u00e5n [&hellip;]\" \/>\n<meta property=\"og:url\" content=\"https:\/\/shop.noor.fi\/sv\/produkt\/flex-out-ljusslinga-65-m-5-x-lisen-skarm\/\" \/>\n<meta property=\"og:site_name\" content=\"Oy Noortrade Ab\" \/>\n<meta property=\"article:modified_time\" content=\"2026-01-20T16:01:30+00:00\" \/>\n<meta property=\"og:image\" content=\"https:\/\/shop.noor.fi\/wp-content\/uploads\/2024\/01\/7330976138319-scaled.jpg\" \/>\n\t<meta property=\"og:image:width\" content=\"1920\" \/>\n\t<meta property=\"og:image:height\" content=\"2560\" \/>\n\t<meta property=\"og:image:type\" content=\"image\/jpeg\" \/>\n<meta name=\"twitter:card\" content=\"summary_large_image\" \/>\n<script type=\"application\/ld+json\" class=\"yoast-schema-graph\">{\"@context\":\"https:\\\/\\\/schema.org\",\"@graph\":[{\"@type\":\"WebPage\",\"@id\":\"https:\\\/\\\/shop.noor.fi\\\/sv\\\/produkt\\\/flex-out-ljusslinga-65-m-5-x-lisen-skarm\\\/\",\"url\":\"https:\\\/\\\/shop.noor.fi\\\/sv\\\/produkt\\\/flex-out-ljusslinga-65-m-5-x-lisen-skarm\\\/\",\"name\":\"Flex Out ljusslinga 6,5 m + 5 x Lisen-sk\u00e4rm - Oy Noortrade Ab\",\"isPartOf\":{\"@id\":\"https:\\\/\\\/shopnoorfi-wp31835.test.cchosting.fi\\\/#website\"},\"primaryImageOfPage\":{\"@id\":\"https:\\\/\\\/shop.noor.fi\\\/sv\\\/produkt\\\/flex-out-ljusslinga-65-m-5-x-lisen-skarm\\\/#primaryimage\"},\"image\":{\"@id\":\"https:\\\/\\\/shop.noor.fi\\\/sv\\\/produkt\\\/flex-out-ljusslinga-65-m-5-x-lisen-skarm\\\/#primaryimage\"},\"thumbnailUrl\":\"https:\\\/\\\/shop.noor.fi\\\/wp-content\\\/uploads\\\/2024\\\/01\\\/7330976138319-scaled.jpg\",\"datePublished\":\"2023-12-29T07:30:15+00:00\",\"dateModified\":\"2026-01-20T16:01:30+00:00\",\"breadcrumb\":{\"@id\":\"https:\\\/\\\/shop.noor.fi\\\/sv\\\/produkt\\\/flex-out-ljusslinga-65-m-5-x-lisen-skarm\\\/#breadcrumb\"},\"inLanguage\":\"sv-SE\",\"potentialAction\":[{\"@type\":\"ReadAction\",\"target\":[\"https:\\\/\\\/shop.noor.fi\\\/sv\\\/produkt\\\/flex-out-ljusslinga-65-m-5-x-lisen-skarm\\\/\"]}]},{\"@type\":\"ImageObject\",\"inLanguage\":\"sv-SE\",\"@id\":\"https:\\\/\\\/shop.noor.fi\\\/sv\\\/produkt\\\/flex-out-ljusslinga-65-m-5-x-lisen-skarm\\\/#primaryimage\",\"url\":\"https:\\\/\\\/shop.noor.fi\\\/wp-content\\\/uploads\\\/2024\\\/01\\\/7330976138319-scaled.jpg\",\"contentUrl\":\"https:\\\/\\\/shop.noor.fi\\\/wp-content\\\/uploads\\\/2024\\\/01\\\/7330976138319-scaled.jpg\",\"width\":1920,\"height\":2560},{\"@type\":\"BreadcrumbList\",\"@id\":\"https:\\\/\\\/shop.noor.fi\\\/sv\\\/produkt\\\/flex-out-ljusslinga-65-m-5-x-lisen-skarm\\\/#breadcrumb\",\"itemListElement\":[{\"@type\":\"ListItem\",\"position\":1,\"name\":\"Etusivu\",\"item\":\"https:\\\/\\\/shop.noor.fi\\\/sv\\\/\"},{\"@type\":\"ListItem\",\"position\":2,\"name\":\"Butik\",\"item\":\"https:\\\/\\\/shopnoorfi-wp31835.test.cchosting.fi\\\/sv\\\/butik\\\/\"},{\"@type\":\"ListItem\",\"position\":3,\"name\":\"Flex Out ljusslinga 6,5 m + 5 x Lisen-sk\u00e4rm\"}]},{\"@type\":\"WebSite\",\"@id\":\"https:\\\/\\\/shopnoorfi-wp31835.test.cchosting.fi\\\/#website\",\"url\":\"https:\\\/\\\/shopnoorfi-wp31835.test.cchosting.fi\\\/\",\"name\":\"Oy Noortrade Ab\",\"description\":\"Finnish family owned company with over 30 years of professional experience in lighting &amp; interior products import and sales - reliably.\",\"publisher\":{\"@id\":\"https:\\\/\\\/shopnoorfi-wp31835.test.cchosting.fi\\\/#organization\"},\"potentialAction\":[{\"@type\":\"SearchAction\",\"target\":{\"@type\":\"EntryPoint\",\"urlTemplate\":\"https:\\\/\\\/shopnoorfi-wp31835.test.cchosting.fi\\\/?s={search_term_string}\"},\"query-input\":{\"@type\":\"PropertyValueSpecification\",\"valueRequired\":true,\"valueName\":\"search_term_string\"}}],\"inLanguage\":\"sv-SE\"},{\"@type\":\"Organization\",\"@id\":\"https:\\\/\\\/shopnoorfi-wp31835.test.cchosting.fi\\\/#organization\",\"name\":\"Oy Noortrade Ab\",\"url\":\"https:\\\/\\\/shopnoorfi-wp31835.test.cchosting.fi\\\/\",\"logo\":{\"@type\":\"ImageObject\",\"inLanguage\":\"sv-SE\",\"@id\":\"https:\\\/\\\/shopnoorfi-wp31835.test.cchosting.fi\\\/#\\\/schema\\\/logo\\\/image\\\/\",\"url\":\"https:\\\/\\\/shop.noor.fi\\\/wp-content\\\/uploads\\\/2024\\\/01\\\/Oy-Noortrade-Ab-Corbel-VERSAL-bold-BLACK.png\",\"contentUrl\":\"https:\\\/\\\/shop.noor.fi\\\/wp-content\\\/uploads\\\/2024\\\/01\\\/Oy-Noortrade-Ab-Corbel-VERSAL-bold-BLACK.png\",\"width\":721,\"height\":177,\"caption\":\"Oy Noortrade Ab\"},\"image\":{\"@id\":\"https:\\\/\\\/shopnoorfi-wp31835.test.cchosting.fi\\\/#\\\/schema\\\/logo\\\/image\\\/\"}}]}<\/script>\n<!-- \/ Yoast SEO plugin. -->","yoast_head_json":{"title":"Flex Out ljusslinga 6,5 m + 5 x Lisen-sk\u00e4rm - Oy Noortrade Ab","robots":{"index":"index","follow":"follow","max-snippet":"max-snippet:-1","max-image-preview":"max-image-preview:large","max-video-preview":"max-video-preview:-1"},"canonical":"https:\/\/shop.noor.fi\/sv\/produkt\/flex-out-ljusslinga-65-m-5-x-lisen-skarm\/","og_locale":"sv_SE","og_type":"article","og_title":"Flex Out ljusslinga 6,5 m + 5 x Lisen-sk\u00e4rm - Oy Noortrade Ab","og_description":"6,5 meter l\u00e5ng ljusslinga f\u00f6r utomhusbruk med fem Lisen utomhussk\u00e4rmar. Sk\u00e4rmarna har en klassisk korgfl\u00e4tning d\u00e4r har blandats de konstgjorda plastmaterialen rotting och vattenhyacint. De konstgjorda materialen \u00e4r av \u00e5tervunnan plast, som klarar v\u00e4der och vind. Den fl\u00e4tade strukturen skapar ett vackert ljusspel. Avst\u00e5nd mellan lampor \u00e4r 80 cm och det \u00e4r 15 cm fr\u00e5n [&hellip;]","og_url":"https:\/\/shop.noor.fi\/sv\/produkt\/flex-out-ljusslinga-65-m-5-x-lisen-skarm\/","og_site_name":"Oy Noortrade Ab","article_modified_time":"2026-01-20T16:01:30+00:00","og_image":[{"width":1920,"height":2560,"url":"https:\/\/shop.noor.fi\/wp-content\/uploads\/2024\/01\/7330976138319-scaled.jpg","type":"image\/jpeg"}],"twitter_card":"summary_large_image","schema":{"@context":"https:\/\/schema.org","@graph":[{"@type":"WebPage","@id":"https:\/\/shop.noor.fi\/sv\/produkt\/flex-out-ljusslinga-65-m-5-x-lisen-skarm\/","url":"https:\/\/shop.noor.fi\/sv\/produkt\/flex-out-ljusslinga-65-m-5-x-lisen-skarm\/","name":"Flex Out ljusslinga 6,5 m + 5 x Lisen-sk\u00e4rm - Oy Noortrade Ab","isPartOf":{"@id":"https:\/\/shopnoorfi-wp31835.test.cchosting.fi\/#website"},"primaryImageOfPage":{"@id":"https:\/\/shop.noor.fi\/sv\/produkt\/flex-out-ljusslinga-65-m-5-x-lisen-skarm\/#primaryimage"},"image":{"@id":"https:\/\/shop.noor.fi\/sv\/produkt\/flex-out-ljusslinga-65-m-5-x-lisen-skarm\/#primaryimage"},"thumbnailUrl":"https:\/\/shop.noor.fi\/wp-content\/uploads\/2024\/01\/7330976138319-scaled.jpg","datePublished":"2023-12-29T07:30:15+00:00","dateModified":"2026-01-20T16:01:30+00:00","breadcrumb":{"@id":"https:\/\/shop.noor.fi\/sv\/produkt\/flex-out-ljusslinga-65-m-5-x-lisen-skarm\/#breadcrumb"},"inLanguage":"sv-SE","potentialAction":[{"@type":"ReadAction","target":["https:\/\/shop.noor.fi\/sv\/produkt\/flex-out-ljusslinga-65-m-5-x-lisen-skarm\/"]}]},{"@type":"ImageObject","inLanguage":"sv-SE","@id":"https:\/\/shop.noor.fi\/sv\/produkt\/flex-out-ljusslinga-65-m-5-x-lisen-skarm\/#primaryimage","url":"https:\/\/shop.noor.fi\/wp-content\/uploads\/2024\/01\/7330976138319-scaled.jpg","contentUrl":"https:\/\/shop.noor.fi\/wp-content\/uploads\/2024\/01\/7330976138319-scaled.jpg","width":1920,"height":2560},{"@type":"BreadcrumbList","@id":"https:\/\/shop.noor.fi\/sv\/produkt\/flex-out-ljusslinga-65-m-5-x-lisen-skarm\/#breadcrumb","itemListElement":[{"@type":"ListItem","position":1,"name":"Etusivu","item":"https:\/\/shop.noor.fi\/sv\/"},{"@type":"ListItem","position":2,"name":"Butik","item":"https:\/\/shopnoorfi-wp31835.test.cchosting.fi\/sv\/butik\/"},{"@type":"ListItem","position":3,"name":"Flex Out ljusslinga 6,5 m + 5 x Lisen-sk\u00e4rm"}]},{"@type":"WebSite","@id":"https:\/\/shopnoorfi-wp31835.test.cchosting.fi\/#website","url":"https:\/\/shopnoorfi-wp31835.test.cchosting.fi\/","name":"Oy Noortrade Ab","description":"Finnish family owned company with over 30 years of professional experience in lighting &amp; interior products import and sales - reliably.","publisher":{"@id":"https:\/\/shopnoorfi-wp31835.test.cchosting.fi\/#organization"},"potentialAction":[{"@type":"SearchAction","target":{"@type":"EntryPoint","urlTemplate":"https:\/\/shopnoorfi-wp31835.test.cchosting.fi\/?s={search_term_string}"},"query-input":{"@type":"PropertyValueSpecification","valueRequired":true,"valueName":"search_term_string"}}],"inLanguage":"sv-SE"},{"@type":"Organization","@id":"https:\/\/shopnoorfi-wp31835.test.cchosting.fi\/#organization","name":"Oy Noortrade Ab","url":"https:\/\/shopnoorfi-wp31835.test.cchosting.fi\/","logo":{"@type":"ImageObject","inLanguage":"sv-SE","@id":"https:\/\/shopnoorfi-wp31835.test.cchosting.fi\/#\/schema\/logo\/image\/","url":"https:\/\/shop.noor.fi\/wp-content\/uploads\/2024\/01\/Oy-Noortrade-Ab-Corbel-VERSAL-bold-BLACK.png","contentUrl":"https:\/\/shop.noor.fi\/wp-content\/uploads\/2024\/01\/Oy-Noortrade-Ab-Corbel-VERSAL-bold-BLACK.png","width":721,"height":177,"caption":"Oy Noortrade Ab"},"image":{"@id":"https:\/\/shopnoorfi-wp31835.test.cchosting.fi\/#\/schema\/logo\/image\/"}}]}},"brands":[{"id":28732,"name":"PR Home","slug":"pr-home"}],"_links":{"self":[{"href":"https:\/\/shop.noor.fi\/sv\/wp-json\/wp\/v2\/product\/104128","targetHints":{"allow":["GET"]}}],"collection":[{"href":"https:\/\/shop.noor.fi\/sv\/wp-json\/wp\/v2\/product"}],"about":[{"href":"https:\/\/shop.noor.fi\/sv\/wp-json\/wp\/v2\/types\/product"}],"replies":[{"embeddable":true,"href":"https:\/\/shop.noor.fi\/sv\/wp-json\/wp\/v2\/comments?post=104128"}],"wp:featuredmedia":[{"embeddable":true,"href":"https:\/\/shop.noor.fi\/sv\/wp-json\/wp\/v2\/media\/79282"}],"wp:attachment":[{"href":"https:\/\/shop.noor.fi\/sv\/wp-json\/wp\/v2\/media?parent=104128"}],"wp:term":[{"taxonomy":"pwb-brand","embeddable":true,"href":"https:\/\/shop.noor.fi\/sv\/wp-json\/wp\/v2\/pwb-brand?post=104128"},{"taxonomy":"product_brand","embeddable":true,"href":"https:\/\/shop.noor.fi\/sv\/wp-json\/wp\/v2\/product_brand?post=104128"},{"taxonomy":"product_cat","embeddable":true,"href":"https:\/\/shop.noor.fi\/sv\/wp-json\/wp\/v2\/product_cat?post=104128"},{"taxonomy":"product_tag","embeddable":true,"href":"https:\/\/shop.noor.fi\/sv\/wp-json\/wp\/v2\/product_tag?post=104128"}],"curies":[{"name":"wp","href":"https:\/\/api.w.org\/{rel}","templated":true}]}}