{"id":103808,"date":"2023-11-01T12:59:09","date_gmt":"2023-11-01T10:59:09","guid":{"rendered":"https:\/\/shop.noor.fi\/product\/milano-1-del-lyktstolpe-vit\/"},"modified":"2026-04-21T16:35:50","modified_gmt":"2026-04-21T13:35:50","slug":"milano-1-del-lyktstolpe-vit","status":"publish","type":"product","link":"https:\/\/shop.noor.fi\/sv\/produkt\/milano-1-del-lyktstolpe-vit\/","title":{"rendered":"Milano 1-delad lyktstolpe vit"},"content":{"rendered":"<p>Klassisk 160 cm h\u00f6g stolparmatur f\u00f6r utomhusbruk. Glasen \u00e4r klara och stommen \u00e4r gjord av gjuten l\u00e4ttmetall med tre lagers lackering. Kedjal\u00e4ngd 65 cm.<br \/>\nE27, max 100W. Ljusk\u00e4lla ing\u00e5r ej.<br \/>\nEn h\u00f6gkvalitativ utomhusarmatur tillverkad i Italien, med 10 \u00e5rs garanti mot korrosion.<\/p>\n<p>Diameter 26,5 cm<br \/>\nH\u00f6jd 160 cm<\/p>\n<p>Monteringstriangel PL-ACC TP06-07 MILAN kan best\u00e4llas separat<\/p>\n","protected":false},"excerpt":{"rendered":"<p>Klassisk 160 cm h\u00f6g stolparmatur f\u00f6r utomhusbruk. Glasen \u00e4r klara och stommen \u00e4r gjord av gjuten l\u00e4ttmetall med tre lagers lackering. Kedjal\u00e4ngd 65 cm. E27, max 100W. Ljusk\u00e4lla ing\u00e5r ej. En h\u00f6gkvalitativ utomhusarmatur tillverkad i Italien, med 10 \u00e5rs garanti mot korrosion. Diameter 26,5 cm H\u00f6jd 160 cm Monteringstriangel PL-ACC TP06-07 MILAN kan best\u00e4llas separat<\/p>\n","protected":false},"featured_media":76482,"comment_status":"open","ping_status":"closed","template":"","meta":{"_acf_changed":false,"_relevanssi_hide_post":"","_relevanssi_hide_content":"","_relevanssi_pin_for_all":"","_relevanssi_pin_keywords":"","_relevanssi_unpin_keywords":"","_relevanssi_related_keywords":"","_relevanssi_related_include_ids":"","_relevanssi_related_exclude_ids":"","_relevanssi_related_no_append":"","_relevanssi_related_not_related":"","_relevanssi_related_posts":"","_relevanssi_noindex_reason":""},"pwb-brand":[28731],"product_brand":[],"product_cat":[32108],"product_tag":[],"class_list":{"0":"post-103808","1":"product","2":"type-product","3":"status-publish","4":"has-post-thumbnail","6":"pwb-brand-noor","7":"product_cat-parklampor","9":"first","10":"instock","11":"taxable","12":"shipping-taxable","13":"purchasable","14":"product-type-simple"},"acf":[],"yoast_head":"<!-- This site is optimized with the Yoast SEO plugin v27.5 - https:\/\/yoast.com\/product\/yoast-seo-wordpress\/ -->\n<title>Milano 1-delad lyktstolpe vit - Oy Noortrade Ab<\/title>\n<meta name=\"robots\" content=\"index, follow, max-snippet:-1, max-image-preview:large, max-video-preview:-1\" \/>\n<link rel=\"canonical\" href=\"https:\/\/shop.noor.fi\/produkt\/milano-1-os-lyhtypylvas-valkoinen\/\" \/>\n<meta property=\"og:locale\" content=\"sv_SE\" \/>\n<meta property=\"og:type\" content=\"article\" \/>\n<meta property=\"og:title\" content=\"Milano 1-delad lyktstolpe vit - Oy Noortrade Ab\" \/>\n<meta property=\"og:description\" content=\"Klassisk 160 cm h\u00f6g stolparmatur f\u00f6r utomhusbruk. Glasen \u00e4r klara och stommen \u00e4r gjord av gjuten l\u00e4ttmetall med tre lagers lackering. Kedjal\u00e4ngd 65 cm. E27, max 100W. Ljusk\u00e4lla ing\u00e5r ej. En h\u00f6gkvalitativ utomhusarmatur tillverkad i Italien, med 10 \u00e5rs garanti mot korrosion. Diameter 26,5 cm H\u00f6jd 160 cm Monteringstriangel PL-ACC TP06-07 MILAN kan best\u00e4llas separat\" \/>\n<meta property=\"og:url\" content=\"https:\/\/shop.noor.fi\/produkt\/milano-1-os-lyhtypylvas-valkoinen\/\" \/>\n<meta property=\"og:site_name\" content=\"Oy Noortrade Ab\" \/>\n<meta property=\"article:modified_time\" content=\"2026-04-21T13:35:50+00:00\" \/>\n<meta property=\"og:image\" content=\"https:\/\/shop.noor.fi\/wp-content\/uploads\/2023\/11\/8019093121051.jpg\" \/>\n\t<meta property=\"og:image:width\" content=\"720\" \/>\n\t<meta property=\"og:image:height\" content=\"1080\" \/>\n\t<meta property=\"og:image:type\" content=\"image\/jpeg\" \/>\n<meta name=\"twitter:card\" content=\"summary_large_image\" \/>\n<script type=\"application\/ld+json\" class=\"yoast-schema-graph\">{\"@context\":\"https:\\\/\\\/schema.org\",\"@graph\":[{\"@type\":\"WebPage\",\"@id\":\"https:\\\/\\\/shop.noor.fi\\\/produkt\\\/milano-1-os-lyhtypylvas-valkoinen\\\/\",\"url\":\"https:\\\/\\\/shop.noor.fi\\\/produkt\\\/milano-1-os-lyhtypylvas-valkoinen\\\/\",\"name\":\"Milano 1-delad lyktstolpe vit - Oy Noortrade Ab\",\"isPartOf\":{\"@id\":\"https:\\\/\\\/shopnoorfi-wp31835.test.cchosting.fi\\\/#website\"},\"primaryImageOfPage\":{\"@id\":\"https:\\\/\\\/shop.noor.fi\\\/produkt\\\/milano-1-os-lyhtypylvas-valkoinen\\\/#primaryimage\"},\"image\":{\"@id\":\"https:\\\/\\\/shop.noor.fi\\\/produkt\\\/milano-1-os-lyhtypylvas-valkoinen\\\/#primaryimage\"},\"thumbnailUrl\":\"https:\\\/\\\/shop.noor.fi\\\/wp-content\\\/uploads\\\/2023\\\/11\\\/8019093121051.jpg\",\"datePublished\":\"2023-11-01T10:59:09+00:00\",\"dateModified\":\"2026-04-21T13:35:50+00:00\",\"breadcrumb\":{\"@id\":\"https:\\\/\\\/shop.noor.fi\\\/produkt\\\/milano-1-os-lyhtypylvas-valkoinen\\\/#breadcrumb\"},\"inLanguage\":\"sv-SE\",\"potentialAction\":[{\"@type\":\"ReadAction\",\"target\":[\"https:\\\/\\\/shop.noor.fi\\\/produkt\\\/milano-1-os-lyhtypylvas-valkoinen\\\/\"]}]},{\"@type\":\"ImageObject\",\"inLanguage\":\"sv-SE\",\"@id\":\"https:\\\/\\\/shop.noor.fi\\\/produkt\\\/milano-1-os-lyhtypylvas-valkoinen\\\/#primaryimage\",\"url\":\"https:\\\/\\\/shop.noor.fi\\\/wp-content\\\/uploads\\\/2023\\\/11\\\/8019093121051.jpg\",\"contentUrl\":\"https:\\\/\\\/shop.noor.fi\\\/wp-content\\\/uploads\\\/2023\\\/11\\\/8019093121051.jpg\",\"width\":720,\"height\":1080},{\"@type\":\"BreadcrumbList\",\"@id\":\"https:\\\/\\\/shop.noor.fi\\\/produkt\\\/milano-1-os-lyhtypylvas-valkoinen\\\/#breadcrumb\",\"itemListElement\":[{\"@type\":\"ListItem\",\"position\":1,\"name\":\"Etusivu\",\"item\":\"https:\\\/\\\/shop.noor.fi\\\/sv\\\/\"},{\"@type\":\"ListItem\",\"position\":2,\"name\":\"Butik\",\"item\":\"https:\\\/\\\/shopnoorfi-wp31835.test.cchosting.fi\\\/sv\\\/butik\\\/\"},{\"@type\":\"ListItem\",\"position\":3,\"name\":\"Milano 1-delad lyktstolpe vit\"}]},{\"@type\":\"WebSite\",\"@id\":\"https:\\\/\\\/shopnoorfi-wp31835.test.cchosting.fi\\\/#website\",\"url\":\"https:\\\/\\\/shopnoorfi-wp31835.test.cchosting.fi\\\/\",\"name\":\"Oy Noortrade Ab\",\"description\":\"Finnish family owned company with over 30 years of professional experience in lighting &amp; interior products import and sales - reliably.\",\"publisher\":{\"@id\":\"https:\\\/\\\/shopnoorfi-wp31835.test.cchosting.fi\\\/#organization\"},\"potentialAction\":[{\"@type\":\"SearchAction\",\"target\":{\"@type\":\"EntryPoint\",\"urlTemplate\":\"https:\\\/\\\/shopnoorfi-wp31835.test.cchosting.fi\\\/?s={search_term_string}\"},\"query-input\":{\"@type\":\"PropertyValueSpecification\",\"valueRequired\":true,\"valueName\":\"search_term_string\"}}],\"inLanguage\":\"sv-SE\"},{\"@type\":\"Organization\",\"@id\":\"https:\\\/\\\/shopnoorfi-wp31835.test.cchosting.fi\\\/#organization\",\"name\":\"Oy Noortrade Ab\",\"url\":\"https:\\\/\\\/shopnoorfi-wp31835.test.cchosting.fi\\\/\",\"logo\":{\"@type\":\"ImageObject\",\"inLanguage\":\"sv-SE\",\"@id\":\"https:\\\/\\\/shopnoorfi-wp31835.test.cchosting.fi\\\/#\\\/schema\\\/logo\\\/image\\\/\",\"url\":\"https:\\\/\\\/shop.noor.fi\\\/wp-content\\\/uploads\\\/2024\\\/01\\\/Oy-Noortrade-Ab-Corbel-VERSAL-bold-BLACK.png\",\"contentUrl\":\"https:\\\/\\\/shop.noor.fi\\\/wp-content\\\/uploads\\\/2024\\\/01\\\/Oy-Noortrade-Ab-Corbel-VERSAL-bold-BLACK.png\",\"width\":721,\"height\":177,\"caption\":\"Oy Noortrade Ab\"},\"image\":{\"@id\":\"https:\\\/\\\/shopnoorfi-wp31835.test.cchosting.fi\\\/#\\\/schema\\\/logo\\\/image\\\/\"}}]}<\/script>\n<!-- \/ Yoast SEO plugin. -->","yoast_head_json":{"title":"Milano 1-delad lyktstolpe vit - Oy Noortrade Ab","robots":{"index":"index","follow":"follow","max-snippet":"max-snippet:-1","max-image-preview":"max-image-preview:large","max-video-preview":"max-video-preview:-1"},"canonical":"https:\/\/shop.noor.fi\/produkt\/milano-1-os-lyhtypylvas-valkoinen\/","og_locale":"sv_SE","og_type":"article","og_title":"Milano 1-delad lyktstolpe vit - Oy Noortrade Ab","og_description":"Klassisk 160 cm h\u00f6g stolparmatur f\u00f6r utomhusbruk. Glasen \u00e4r klara och stommen \u00e4r gjord av gjuten l\u00e4ttmetall med tre lagers lackering. Kedjal\u00e4ngd 65 cm. E27, max 100W. Ljusk\u00e4lla ing\u00e5r ej. En h\u00f6gkvalitativ utomhusarmatur tillverkad i Italien, med 10 \u00e5rs garanti mot korrosion. Diameter 26,5 cm H\u00f6jd 160 cm Monteringstriangel PL-ACC TP06-07 MILAN kan best\u00e4llas separat","og_url":"https:\/\/shop.noor.fi\/produkt\/milano-1-os-lyhtypylvas-valkoinen\/","og_site_name":"Oy Noortrade Ab","article_modified_time":"2026-04-21T13:35:50+00:00","og_image":[{"width":720,"height":1080,"url":"https:\/\/shop.noor.fi\/wp-content\/uploads\/2023\/11\/8019093121051.jpg","type":"image\/jpeg"}],"twitter_card":"summary_large_image","schema":{"@context":"https:\/\/schema.org","@graph":[{"@type":"WebPage","@id":"https:\/\/shop.noor.fi\/produkt\/milano-1-os-lyhtypylvas-valkoinen\/","url":"https:\/\/shop.noor.fi\/produkt\/milano-1-os-lyhtypylvas-valkoinen\/","name":"Milano 1-delad lyktstolpe vit - Oy Noortrade Ab","isPartOf":{"@id":"https:\/\/shopnoorfi-wp31835.test.cchosting.fi\/#website"},"primaryImageOfPage":{"@id":"https:\/\/shop.noor.fi\/produkt\/milano-1-os-lyhtypylvas-valkoinen\/#primaryimage"},"image":{"@id":"https:\/\/shop.noor.fi\/produkt\/milano-1-os-lyhtypylvas-valkoinen\/#primaryimage"},"thumbnailUrl":"https:\/\/shop.noor.fi\/wp-content\/uploads\/2023\/11\/8019093121051.jpg","datePublished":"2023-11-01T10:59:09+00:00","dateModified":"2026-04-21T13:35:50+00:00","breadcrumb":{"@id":"https:\/\/shop.noor.fi\/produkt\/milano-1-os-lyhtypylvas-valkoinen\/#breadcrumb"},"inLanguage":"sv-SE","potentialAction":[{"@type":"ReadAction","target":["https:\/\/shop.noor.fi\/produkt\/milano-1-os-lyhtypylvas-valkoinen\/"]}]},{"@type":"ImageObject","inLanguage":"sv-SE","@id":"https:\/\/shop.noor.fi\/produkt\/milano-1-os-lyhtypylvas-valkoinen\/#primaryimage","url":"https:\/\/shop.noor.fi\/wp-content\/uploads\/2023\/11\/8019093121051.jpg","contentUrl":"https:\/\/shop.noor.fi\/wp-content\/uploads\/2023\/11\/8019093121051.jpg","width":720,"height":1080},{"@type":"BreadcrumbList","@id":"https:\/\/shop.noor.fi\/produkt\/milano-1-os-lyhtypylvas-valkoinen\/#breadcrumb","itemListElement":[{"@type":"ListItem","position":1,"name":"Etusivu","item":"https:\/\/shop.noor.fi\/sv\/"},{"@type":"ListItem","position":2,"name":"Butik","item":"https:\/\/shopnoorfi-wp31835.test.cchosting.fi\/sv\/butik\/"},{"@type":"ListItem","position":3,"name":"Milano 1-delad lyktstolpe vit"}]},{"@type":"WebSite","@id":"https:\/\/shopnoorfi-wp31835.test.cchosting.fi\/#website","url":"https:\/\/shopnoorfi-wp31835.test.cchosting.fi\/","name":"Oy Noortrade Ab","description":"Finnish family owned company with over 30 years of professional experience in lighting &amp; interior products import and sales - reliably.","publisher":{"@id":"https:\/\/shopnoorfi-wp31835.test.cchosting.fi\/#organization"},"potentialAction":[{"@type":"SearchAction","target":{"@type":"EntryPoint","urlTemplate":"https:\/\/shopnoorfi-wp31835.test.cchosting.fi\/?s={search_term_string}"},"query-input":{"@type":"PropertyValueSpecification","valueRequired":true,"valueName":"search_term_string"}}],"inLanguage":"sv-SE"},{"@type":"Organization","@id":"https:\/\/shopnoorfi-wp31835.test.cchosting.fi\/#organization","name":"Oy Noortrade Ab","url":"https:\/\/shopnoorfi-wp31835.test.cchosting.fi\/","logo":{"@type":"ImageObject","inLanguage":"sv-SE","@id":"https:\/\/shopnoorfi-wp31835.test.cchosting.fi\/#\/schema\/logo\/image\/","url":"https:\/\/shop.noor.fi\/wp-content\/uploads\/2024\/01\/Oy-Noortrade-Ab-Corbel-VERSAL-bold-BLACK.png","contentUrl":"https:\/\/shop.noor.fi\/wp-content\/uploads\/2024\/01\/Oy-Noortrade-Ab-Corbel-VERSAL-bold-BLACK.png","width":721,"height":177,"caption":"Oy Noortrade Ab"},"image":{"@id":"https:\/\/shopnoorfi-wp31835.test.cchosting.fi\/#\/schema\/logo\/image\/"}}]}},"brands":[{"id":28731,"name":"Noor","slug":"noor"}],"_links":{"self":[{"href":"https:\/\/shop.noor.fi\/sv\/wp-json\/wp\/v2\/product\/103808","targetHints":{"allow":["GET"]}}],"collection":[{"href":"https:\/\/shop.noor.fi\/sv\/wp-json\/wp\/v2\/product"}],"about":[{"href":"https:\/\/shop.noor.fi\/sv\/wp-json\/wp\/v2\/types\/product"}],"replies":[{"embeddable":true,"href":"https:\/\/shop.noor.fi\/sv\/wp-json\/wp\/v2\/comments?post=103808"}],"wp:featuredmedia":[{"embeddable":true,"href":"https:\/\/shop.noor.fi\/sv\/wp-json\/wp\/v2\/media\/76482"}],"wp:attachment":[{"href":"https:\/\/shop.noor.fi\/sv\/wp-json\/wp\/v2\/media?parent=103808"}],"wp:term":[{"taxonomy":"pwb-brand","embeddable":true,"href":"https:\/\/shop.noor.fi\/sv\/wp-json\/wp\/v2\/pwb-brand?post=103808"},{"taxonomy":"product_brand","embeddable":true,"href":"https:\/\/shop.noor.fi\/sv\/wp-json\/wp\/v2\/product_brand?post=103808"},{"taxonomy":"product_cat","embeddable":true,"href":"https:\/\/shop.noor.fi\/sv\/wp-json\/wp\/v2\/product_cat?post=103808"},{"taxonomy":"product_tag","embeddable":true,"href":"https:\/\/shop.noor.fi\/sv\/wp-json\/wp\/v2\/product_tag?post=103808"}],"curies":[{"name":"wp","href":"https:\/\/api.w.org\/{rel}","templated":true}]}}